{"id":13436,"date":"2025-07-23T12:23:15","date_gmt":"2025-07-23T15:23:15","guid":{"rendered":"https:\/\/rosemvd.com\/?post_type=product&#038;p=13436"},"modified":"2026-04-28T10:54:45","modified_gmt":"2026-04-28T13:54:45","slug":"mascarillas-hidratantes-labiales-x5","status":"publish","type":"product","link":"https:\/\/rosemvd.com\/index.php\/producto\/mascarillas-hidratantes-labiales-x5\/","title":{"rendered":"Mascarillas Hidratantes Labiales x5"},"content":{"rendered":"<p data-start=\"87\" data-end=\"158\"><strong data-start=\"87\" data-end=\"158\">Mascarilla Labial de Col\u00e1geno \u2013 Hidratante y Nutritiva (5 unidades)<\/strong><\/p>\n<p data-start=\"160\" data-end=\"413\">Mascarillas en gel con f\u00f3rmula a base de agua y col\u00e1geno, dise\u00f1adas para hidratar, nutrir y regenerar profundamente los labios. Ayudan a combatir la sequedad, mejorar la textura y aportar firmeza, dejando los labios visiblemente m\u00e1s suaves y saludables.<\/p>\n<p data-start=\"415\" data-end=\"432\"><strong data-start=\"415\" data-end=\"430\">Beneficios:<\/strong><\/p>\n<ul data-start=\"433\" data-end=\"605\">\n<li data-start=\"433\" data-end=\"476\">\n<p data-start=\"435\" data-end=\"476\">Hidrataci\u00f3n profunda y efecto nutritivo<\/p>\n<\/li>\n<li data-start=\"477\" data-end=\"512\">\n<p data-start=\"479\" data-end=\"512\">Mejora la elasticidad y firmeza<\/p>\n<\/li>\n<li data-start=\"513\" data-end=\"566\">\n<p data-start=\"515\" data-end=\"566\">Suaviza l\u00edneas finas y previene el envejecimiento<\/p>\n<\/li>\n<li data-start=\"567\" data-end=\"605\">\n<p data-start=\"569\" data-end=\"605\">Ideal para labios secos o agrietados<\/p>\n<\/li>\n<\/ul>\n<p data-start=\"607\" data-end=\"726\"><strong data-start=\"607\" data-end=\"631\">F\u00f3rmula enriquecida:<\/strong><br data-start=\"631\" data-end=\"634\" \/>Contiene col\u00e1geno y activos naturales con propiedades antiedad, sin dejar sensaci\u00f3n grasosa.<\/p>\n<p data-start=\"728\" data-end=\"746\"><strong data-start=\"728\" data-end=\"744\">Modo de uso:<\/strong><\/p>\n<ol data-start=\"747\" data-end=\"926\">\n<li data-start=\"747\" data-end=\"786\">\n<p data-start=\"750\" data-end=\"786\">Limpia bien la zona de los labios.<\/p>\n<\/li>\n<li data-start=\"787\" data-end=\"843\">\n<p data-start=\"790\" data-end=\"843\">Aplica la mascarilla directamente sobre los labios.<\/p>\n<\/li>\n<li data-start=\"844\" data-end=\"885\">\n<p data-start=\"847\" data-end=\"885\">D\u00e9jala actuar entre 15 y 30 minutos.<\/p>\n<\/li>\n<li data-start=\"886\" data-end=\"926\">\n<p data-start=\"889\" data-end=\"926\">Ret\u00edrala y desecha despu\u00e9s del uso.<\/p>\n<\/li>\n<\/ol>\n<p data-start=\"928\" data-end=\"1067\" data-is-last-node=\"\" data-is-only-node=\"\"><strong data-start=\"928\" data-end=\"946\">Recomendaci\u00f3n:<\/strong><br data-start=\"946\" data-end=\"949\" \/>Utilizar de 2 a 3 veces por semana para obtener mejores resultados. Ideal para incluir en tu rutina de cuidado facial.<\/p>\n","protected":false},"excerpt":{"rendered":"<p>Mascarilla Labial de Col\u00e1geno \u2013 Hidratante y Nutritiva (5 unidades) Mascarillas en gel con f\u00f3rmula a base de agua y col\u00e1geno, dise\u00f1adas para hidratar, nutrir y regenerar profundamente los labios. Ayudan a combatir la sequedad, mejorar la textura y aportar firmeza, dejando los labios visiblemente m\u00e1s suaves y saludables. Beneficios: Hidrataci\u00f3n profunda y efecto nutritivo [&hellip;]<\/p>\n","protected":false},"featured_media":13441,"template":"","meta":{"site-sidebar-layout":"default","site-content-layout":"","ast-site-content-layout":"default","site-content-style":"default","site-sidebar-style":"default","ast-global-header-display":"","ast-banner-title-visibility":"","ast-main-header-display":"","ast-hfb-above-header-display":"","ast-hfb-below-header-display":"","ast-hfb-mobile-header-display":"","site-post-title":"","ast-breadcrumbs-content":"","ast-featured-img":"","footer-sml-layout":"","ast-disable-related-posts":"","theme-transparent-header-meta":"default","adv-header-id-meta":"","stick-header-meta":"","header-above-stick-meta":"","header-main-stick-meta":"","header-below-stick-meta":"","astra-migrate-meta-layouts":"set","ast-page-background-enabled":"default","ast-page-background-meta":{"desktop":{"background-color":"var(--ast-global-color-4)","background-image":"","background-repeat":"repeat","background-position":"center center","background-size":"auto","background-attachment":"scroll","background-type":"","background-media":"","overlay-type":"","overlay-color":"","overlay-opacity":"","overlay-gradient":""},"tablet":{"background-color":"","background-image":"","background-repeat":"repeat","background-position":"center center","background-size":"auto","background-attachment":"scroll","background-type":"","background-media":"","overlay-type":"","overlay-color":"","overlay-opacity":"","overlay-gradient":""},"mobile":{"background-color":"","background-image":"","background-repeat":"repeat","background-position":"center center","background-size":"auto","background-attachment":"scroll","background-type":"","background-media":"","overlay-type":"","overlay-color":"","overlay-opacity":"","overlay-gradient":""}},"ast-content-background-meta":{"desktop":{"background-color":"var(--ast-global-color-5)","background-image":"","background-repeat":"repeat","background-position":"center center","background-size":"auto","background-attachment":"scroll","background-type":"","background-media":"","overlay-type":"","overlay-color":"","overlay-opacity":"","overlay-gradient":""},"tablet":{"background-color":"var(--ast-global-color-5)","background-image":"","background-repeat":"repeat","background-position":"center center","background-size":"auto","background-attachment":"scroll","background-type":"","background-media":"","overlay-type":"","overlay-color":"","overlay-opacity":"","overlay-gradient":""},"mobile":{"background-color":"var(--ast-global-color-5)","background-image":"","background-repeat":"repeat","background-position":"center center","background-size":"auto","background-attachment":"scroll","background-type":"","background-media":"","overlay-type":"","overlay-color":"","overlay-opacity":"","overlay-gradient":""}}},"product_brand":[],"product_cat":[17,464],"product_tag":[],"class_list":{"0":"post-13436","1":"product","2":"type-product","3":"status-publish","4":"has-post-thumbnail","6":"product_cat-belleza","7":"product_cat-cuidado-rostro","8":"desktop-align-left","9":"tablet-align-left","10":"mobile-align-left","12":"first","13":"instock","14":"shipping-taxable","15":"purchasable","16":"product-type-simple"},"yoast_head":"<!-- This site is optimized with the Yoast SEO plugin v27.3 - https:\/\/yoast.com\/product\/yoast-seo-wordpress\/ -->\n<title>Mascarillas Hidratantes Labiales x5 - ROSE MVD<\/title>\n<meta name=\"description\" content=\"Mascarillas en gel con f\u00f3rmula a base de agua y col\u00e1geno, dise\u00f1adas para hidratar, nutrir y regenerar profundamente los labios.\" \/>\n<meta name=\"robots\" content=\"index, follow, max-snippet:-1, max-image-preview:large, max-video-preview:-1\" \/>\n<link rel=\"canonical\" href=\"https:\/\/rosemvd.com\/index.php\/producto\/mascarillas-hidratantes-labiales-x5\/\" \/>\n<meta property=\"og:locale\" content=\"es_ES\" \/>\n<meta property=\"og:type\" content=\"article\" \/>\n<meta property=\"og:title\" content=\"Mascarillas Hidratantes Labiales x5 - ROSE MVD\" \/>\n<meta property=\"og:description\" content=\"Mascarillas en gel con f\u00f3rmula a base de agua y col\u00e1geno, dise\u00f1adas para hidratar, nutrir y regenerar profundamente los labios.\" \/>\n<meta property=\"og:url\" content=\"https:\/\/rosemvd.com\/index.php\/producto\/mascarillas-hidratantes-labiales-x5\/\" \/>\n<meta property=\"og:site_name\" content=\"ROSE MVD\" \/>\n<meta property=\"article:publisher\" content=\"https:\/\/www.facebook.com\/TiendaRoseMvd\" \/>\n<meta property=\"article:modified_time\" content=\"2026-04-28T13:54:45+00:00\" \/>\n<meta property=\"og:image\" content=\"https:\/\/rosemvd.com\/wp-content\/uploads\/2025\/07\/D_NQ_NP_2X_954810-MLU70308428534_072023-F.webp\" \/>\n\t<meta property=\"og:image:width\" content=\"970\" \/>\n\t<meta property=\"og:image:height\" content=\"968\" \/>\n\t<meta property=\"og:image:type\" content=\"image\/webp\" \/>\n<meta name=\"twitter:card\" content=\"summary_large_image\" \/>\n<meta name=\"twitter:label1\" content=\"Tiempo de lectura\" \/>\n\t<meta name=\"twitter:data1\" content=\"1 minuto\" \/>\n<script type=\"application\/ld+json\" class=\"yoast-schema-graph\">{\"@context\":\"https:\\\/\\\/schema.org\",\"@graph\":[{\"@type\":\"WebPage\",\"@id\":\"https:\\\/\\\/rosemvd.com\\\/index.php\\\/producto\\\/mascarillas-hidratantes-labiales-x5\\\/\",\"url\":\"https:\\\/\\\/rosemvd.com\\\/index.php\\\/producto\\\/mascarillas-hidratantes-labiales-x5\\\/\",\"name\":\"Mascarillas Hidratantes Labiales x5 - ROSE MVD\",\"isPartOf\":{\"@id\":\"https:\\\/\\\/rosemvd.com\\\/#website\"},\"primaryImageOfPage\":{\"@id\":\"https:\\\/\\\/rosemvd.com\\\/index.php\\\/producto\\\/mascarillas-hidratantes-labiales-x5\\\/#primaryimage\"},\"image\":{\"@id\":\"https:\\\/\\\/rosemvd.com\\\/index.php\\\/producto\\\/mascarillas-hidratantes-labiales-x5\\\/#primaryimage\"},\"thumbnailUrl\":\"https:\\\/\\\/rosemvd.com\\\/wp-content\\\/uploads\\\/2025\\\/07\\\/D_NQ_NP_2X_954810-MLU70308428534_072023-F.webp\",\"datePublished\":\"2025-07-23T15:23:15+00:00\",\"dateModified\":\"2026-04-28T13:54:45+00:00\",\"description\":\"Mascarillas en gel con f\u00f3rmula a base de agua y col\u00e1geno, dise\u00f1adas para hidratar, nutrir y regenerar profundamente los labios.\",\"breadcrumb\":{\"@id\":\"https:\\\/\\\/rosemvd.com\\\/index.php\\\/producto\\\/mascarillas-hidratantes-labiales-x5\\\/#breadcrumb\"},\"inLanguage\":\"es\",\"potentialAction\":[{\"@type\":\"ReadAction\",\"target\":[\"https:\\\/\\\/rosemvd.com\\\/index.php\\\/producto\\\/mascarillas-hidratantes-labiales-x5\\\/\"]}]},{\"@type\":\"ImageObject\",\"inLanguage\":\"es\",\"@id\":\"https:\\\/\\\/rosemvd.com\\\/index.php\\\/producto\\\/mascarillas-hidratantes-labiales-x5\\\/#primaryimage\",\"url\":\"https:\\\/\\\/rosemvd.com\\\/wp-content\\\/uploads\\\/2025\\\/07\\\/D_NQ_NP_2X_954810-MLU70308428534_072023-F.webp\",\"contentUrl\":\"https:\\\/\\\/rosemvd.com\\\/wp-content\\\/uploads\\\/2025\\\/07\\\/D_NQ_NP_2X_954810-MLU70308428534_072023-F.webp\",\"width\":970,\"height\":968},{\"@type\":\"BreadcrumbList\",\"@id\":\"https:\\\/\\\/rosemvd.com\\\/index.php\\\/producto\\\/mascarillas-hidratantes-labiales-x5\\\/#breadcrumb\",\"itemListElement\":[{\"@type\":\"ListItem\",\"position\":1,\"name\":\"Portada\",\"item\":\"https:\\\/\\\/rosemvd.com\\\/\"},{\"@type\":\"ListItem\",\"position\":2,\"name\":\"Tienda\",\"item\":\"https:\\\/\\\/rosemvd.com\\\/index.php\\\/tienda\\\/\"},{\"@type\":\"ListItem\",\"position\":3,\"name\":\"Mascarillas Hidratantes Labiales x5\"}]},{\"@type\":\"WebSite\",\"@id\":\"https:\\\/\\\/rosemvd.com\\\/#website\",\"url\":\"https:\\\/\\\/rosemvd.com\\\/\",\"name\":\"ROSE MVD\",\"description\":\"Todo lo que no sab\u00edas que necesitabas, lo \u00faltimo en tendencia, utilidad e innovaci\u00f3n\",\"publisher\":{\"@id\":\"https:\\\/\\\/rosemvd.com\\\/#organization\"},\"potentialAction\":[{\"@type\":\"SearchAction\",\"target\":{\"@type\":\"EntryPoint\",\"urlTemplate\":\"https:\\\/\\\/rosemvd.com\\\/?s={search_term_string}\"},\"query-input\":{\"@type\":\"PropertyValueSpecification\",\"valueRequired\":true,\"valueName\":\"search_term_string\"}}],\"inLanguage\":\"es\"},{\"@type\":\"Organization\",\"@id\":\"https:\\\/\\\/rosemvd.com\\\/#organization\",\"name\":\"ROSE MVD\",\"alternateName\":\"ROSE MVD\",\"url\":\"https:\\\/\\\/rosemvd.com\\\/\",\"logo\":{\"@type\":\"ImageObject\",\"inLanguage\":\"es\",\"@id\":\"https:\\\/\\\/rosemvd.com\\\/#\\\/schema\\\/logo\\\/image\\\/\",\"url\":\"https:\\\/\\\/rosemvd.com\\\/wp-content\\\/uploads\\\/2023\\\/03\\\/Sin-titulo-2_Mesa-de-trabajo-1.png\",\"contentUrl\":\"https:\\\/\\\/rosemvd.com\\\/wp-content\\\/uploads\\\/2023\\\/03\\\/Sin-titulo-2_Mesa-de-trabajo-1.png\",\"width\":2084,\"height\":2084,\"caption\":\"ROSE MVD\"},\"image\":{\"@id\":\"https:\\\/\\\/rosemvd.com\\\/#\\\/schema\\\/logo\\\/image\\\/\"},\"sameAs\":[\"https:\\\/\\\/www.facebook.com\\\/TiendaRoseMvd\",\"https:\\\/\\\/www.instagram.com\\\/rose.mvd\"]}]}<\/script>\n<!-- \/ Yoast SEO plugin. -->","yoast_head_json":{"title":"Mascarillas Hidratantes Labiales x5 - ROSE MVD","description":"Mascarillas en gel con f\u00f3rmula a base de agua y col\u00e1geno, dise\u00f1adas para hidratar, nutrir y regenerar profundamente los labios.","robots":{"index":"index","follow":"follow","max-snippet":"max-snippet:-1","max-image-preview":"max-image-preview:large","max-video-preview":"max-video-preview:-1"},"canonical":"https:\/\/rosemvd.com\/index.php\/producto\/mascarillas-hidratantes-labiales-x5\/","og_locale":"es_ES","og_type":"article","og_title":"Mascarillas Hidratantes Labiales x5 - ROSE MVD","og_description":"Mascarillas en gel con f\u00f3rmula a base de agua y col\u00e1geno, dise\u00f1adas para hidratar, nutrir y regenerar profundamente los labios.","og_url":"https:\/\/rosemvd.com\/index.php\/producto\/mascarillas-hidratantes-labiales-x5\/","og_site_name":"ROSE MVD","article_publisher":"https:\/\/www.facebook.com\/TiendaRoseMvd","article_modified_time":"2026-04-28T13:54:45+00:00","og_image":[{"width":970,"height":968,"url":"https:\/\/rosemvd.com\/wp-content\/uploads\/2025\/07\/D_NQ_NP_2X_954810-MLU70308428534_072023-F.webp","type":"image\/webp"}],"twitter_card":"summary_large_image","twitter_misc":{"Tiempo de lectura":"1 minuto"},"schema":{"@context":"https:\/\/schema.org","@graph":[{"@type":"WebPage","@id":"https:\/\/rosemvd.com\/index.php\/producto\/mascarillas-hidratantes-labiales-x5\/","url":"https:\/\/rosemvd.com\/index.php\/producto\/mascarillas-hidratantes-labiales-x5\/","name":"Mascarillas Hidratantes Labiales x5 - ROSE MVD","isPartOf":{"@id":"https:\/\/rosemvd.com\/#website"},"primaryImageOfPage":{"@id":"https:\/\/rosemvd.com\/index.php\/producto\/mascarillas-hidratantes-labiales-x5\/#primaryimage"},"image":{"@id":"https:\/\/rosemvd.com\/index.php\/producto\/mascarillas-hidratantes-labiales-x5\/#primaryimage"},"thumbnailUrl":"https:\/\/rosemvd.com\/wp-content\/uploads\/2025\/07\/D_NQ_NP_2X_954810-MLU70308428534_072023-F.webp","datePublished":"2025-07-23T15:23:15+00:00","dateModified":"2026-04-28T13:54:45+00:00","description":"Mascarillas en gel con f\u00f3rmula a base de agua y col\u00e1geno, dise\u00f1adas para hidratar, nutrir y regenerar profundamente los labios.","breadcrumb":{"@id":"https:\/\/rosemvd.com\/index.php\/producto\/mascarillas-hidratantes-labiales-x5\/#breadcrumb"},"inLanguage":"es","potentialAction":[{"@type":"ReadAction","target":["https:\/\/rosemvd.com\/index.php\/producto\/mascarillas-hidratantes-labiales-x5\/"]}]},{"@type":"ImageObject","inLanguage":"es","@id":"https:\/\/rosemvd.com\/index.php\/producto\/mascarillas-hidratantes-labiales-x5\/#primaryimage","url":"https:\/\/rosemvd.com\/wp-content\/uploads\/2025\/07\/D_NQ_NP_2X_954810-MLU70308428534_072023-F.webp","contentUrl":"https:\/\/rosemvd.com\/wp-content\/uploads\/2025\/07\/D_NQ_NP_2X_954810-MLU70308428534_072023-F.webp","width":970,"height":968},{"@type":"BreadcrumbList","@id":"https:\/\/rosemvd.com\/index.php\/producto\/mascarillas-hidratantes-labiales-x5\/#breadcrumb","itemListElement":[{"@type":"ListItem","position":1,"name":"Portada","item":"https:\/\/rosemvd.com\/"},{"@type":"ListItem","position":2,"name":"Tienda","item":"https:\/\/rosemvd.com\/index.php\/tienda\/"},{"@type":"ListItem","position":3,"name":"Mascarillas Hidratantes Labiales x5"}]},{"@type":"WebSite","@id":"https:\/\/rosemvd.com\/#website","url":"https:\/\/rosemvd.com\/","name":"ROSE MVD","description":"Todo lo que no sab\u00edas que necesitabas, lo \u00faltimo en tendencia, utilidad e innovaci\u00f3n","publisher":{"@id":"https:\/\/rosemvd.com\/#organization"},"potentialAction":[{"@type":"SearchAction","target":{"@type":"EntryPoint","urlTemplate":"https:\/\/rosemvd.com\/?s={search_term_string}"},"query-input":{"@type":"PropertyValueSpecification","valueRequired":true,"valueName":"search_term_string"}}],"inLanguage":"es"},{"@type":"Organization","@id":"https:\/\/rosemvd.com\/#organization","name":"ROSE MVD","alternateName":"ROSE MVD","url":"https:\/\/rosemvd.com\/","logo":{"@type":"ImageObject","inLanguage":"es","@id":"https:\/\/rosemvd.com\/#\/schema\/logo\/image\/","url":"https:\/\/rosemvd.com\/wp-content\/uploads\/2023\/03\/Sin-titulo-2_Mesa-de-trabajo-1.png","contentUrl":"https:\/\/rosemvd.com\/wp-content\/uploads\/2023\/03\/Sin-titulo-2_Mesa-de-trabajo-1.png","width":2084,"height":2084,"caption":"ROSE MVD"},"image":{"@id":"https:\/\/rosemvd.com\/#\/schema\/logo\/image\/"},"sameAs":["https:\/\/www.facebook.com\/TiendaRoseMvd","https:\/\/www.instagram.com\/rose.mvd"]}]}},"_links":{"self":[{"href":"https:\/\/rosemvd.com\/index.php\/wp-json\/wp\/v2\/product\/13436","targetHints":{"allow":["GET"]}}],"collection":[{"href":"https:\/\/rosemvd.com\/index.php\/wp-json\/wp\/v2\/product"}],"about":[{"href":"https:\/\/rosemvd.com\/index.php\/wp-json\/wp\/v2\/types\/product"}],"wp:featuredmedia":[{"embeddable":true,"href":"https:\/\/rosemvd.com\/index.php\/wp-json\/wp\/v2\/media\/13441"}],"wp:attachment":[{"href":"https:\/\/rosemvd.com\/index.php\/wp-json\/wp\/v2\/media?parent=13436"}],"wp:term":[{"taxonomy":"product_brand","embeddable":true,"href":"https:\/\/rosemvd.com\/index.php\/wp-json\/wp\/v2\/product_brand?post=13436"},{"taxonomy":"product_cat","embeddable":true,"href":"https:\/\/rosemvd.com\/index.php\/wp-json\/wp\/v2\/product_cat?post=13436"},{"taxonomy":"product_tag","embeddable":true,"href":"https:\/\/rosemvd.com\/index.php\/wp-json\/wp\/v2\/product_tag?post=13436"}],"curies":[{"name":"wp","href":"https:\/\/api.w.org\/{rel}","templated":true}]}}