{"id":13410,"date":"2025-07-19T11:41:20","date_gmt":"2025-07-19T14:41:20","guid":{"rendered":"https:\/\/rosemvd.com\/?post_type=product&#038;p=13410"},"modified":"2026-04-21T21:53:32","modified_gmt":"2026-04-22T00:53:32","slug":"stick-nasal-mejora-respiracion-4pcs","status":"publish","type":"product","link":"https:\/\/rosemvd.com\/index.php\/producto\/stick-nasal-mejora-respiracion-4pcs\/","title":{"rendered":"Stick Nasal Mejora Respiraci\u00f3n 4pcs"},"content":{"rendered":"<p data-start=\"69\" data-end=\"121\"><strong data-start=\"69\" data-end=\"121\">Stick Nasal Boom Boom \u2013 Pack x4 Aromas Naturales<\/strong><\/p>\n<p data-start=\"123\" data-end=\"264\">Inhalador nasal compacto con mezcla de aceites esenciales, ideal para mejorar la respiraci\u00f3n y brindar una sensaci\u00f3n refrescante al instante.<\/p>\n<p data-start=\"266\" data-end=\"360\"><strong data-start=\"266\" data-end=\"289\">Contenido del pack:<\/strong><br data-start=\"289\" data-end=\"292\" \/>4 unidades con aromas: menta, menta de invierno, tropical y lavanda.<\/p>\n<p data-start=\"362\" data-end=\"379\"><strong data-start=\"362\" data-end=\"377\">Beneficios:<\/strong><\/p>\n<ul data-start=\"380\" data-end=\"558\">\n<li data-start=\"380\" data-end=\"423\">\n<p data-start=\"382\" data-end=\"423\">Ayuda a despejar las v\u00edas respiratorias<\/p>\n<\/li>\n<li data-start=\"424\" data-end=\"467\">\n<p data-start=\"426\" data-end=\"467\">Proporciona frescura y alivio inmediato<\/p>\n<\/li>\n<li data-start=\"468\" data-end=\"508\">\n<p data-start=\"470\" data-end=\"508\">Mejora el enfoque y la concentraci\u00f3n<\/p>\n<\/li>\n<li data-start=\"509\" data-end=\"558\">\n<p data-start=\"511\" data-end=\"558\">Ideal para uso diario, entrenamientos o estudio<\/p>\n<\/li>\n<\/ul>\n<p data-start=\"560\" data-end=\"676\"><strong data-start=\"560\" data-end=\"587\">Ingredientes naturales:<\/strong><br data-start=\"587\" data-end=\"590\" \/>Con mentol, aceite esencial de menta, eucalipto y extractos arom\u00e1ticos 100% naturales.<\/p>\n<p data-start=\"678\" data-end=\"812\" data-is-last-node=\"\" data-is-only-node=\"\"><strong data-start=\"678\" data-end=\"710\">F\u00e1cil de usar y transportar:<\/strong><br data-start=\"710\" data-end=\"713\" \/>Formato de bolsillo, pr\u00e1ctico para llevar a todos lados. Refresca, relaja y revitaliza al instante.<\/p>\n","protected":false},"excerpt":{"rendered":"<p>Stick Nasal Boom Boom \u2013 Pack x4 Aromas Naturales Inhalador nasal compacto con mezcla de aceites esenciales, ideal para mejorar la respiraci\u00f3n y brindar una sensaci\u00f3n refrescante al instante. Contenido del pack:4 unidades con aromas: menta, menta de invierno, tropical y lavanda. Beneficios: Ayuda a despejar las v\u00edas respiratorias Proporciona frescura y alivio inmediato Mejora [&hellip;]<\/p>\n","protected":false},"featured_media":13414,"template":"","meta":{"site-sidebar-layout":"default","site-content-layout":"","ast-site-content-layout":"default","site-content-style":"default","site-sidebar-style":"default","ast-global-header-display":"","ast-banner-title-visibility":"","ast-main-header-display":"","ast-hfb-above-header-display":"","ast-hfb-below-header-display":"","ast-hfb-mobile-header-display":"","site-post-title":"","ast-breadcrumbs-content":"","ast-featured-img":"","footer-sml-layout":"","ast-disable-related-posts":"","theme-transparent-header-meta":"default","adv-header-id-meta":"","stick-header-meta":"","header-above-stick-meta":"","header-main-stick-meta":"","header-below-stick-meta":"","astra-migrate-meta-layouts":"set","ast-page-background-enabled":"default","ast-page-background-meta":{"desktop":{"background-color":"var(--ast-global-color-4)","background-image":"","background-repeat":"repeat","background-position":"center center","background-size":"auto","background-attachment":"scroll","background-type":"","background-media":"","overlay-type":"","overlay-color":"","overlay-opacity":"","overlay-gradient":""},"tablet":{"background-color":"","background-image":"","background-repeat":"repeat","background-position":"center center","background-size":"auto","background-attachment":"scroll","background-type":"","background-media":"","overlay-type":"","overlay-color":"","overlay-opacity":"","overlay-gradient":""},"mobile":{"background-color":"","background-image":"","background-repeat":"repeat","background-position":"center center","background-size":"auto","background-attachment":"scroll","background-type":"","background-media":"","overlay-type":"","overlay-color":"","overlay-opacity":"","overlay-gradient":""}},"ast-content-background-meta":{"desktop":{"background-color":"var(--ast-global-color-5)","background-image":"","background-repeat":"repeat","background-position":"center center","background-size":"auto","background-attachment":"scroll","background-type":"","background-media":"","overlay-type":"","overlay-color":"","overlay-opacity":"","overlay-gradient":""},"tablet":{"background-color":"var(--ast-global-color-5)","background-image":"","background-repeat":"repeat","background-position":"center center","background-size":"auto","background-attachment":"scroll","background-type":"","background-media":"","overlay-type":"","overlay-color":"","overlay-opacity":"","overlay-gradient":""},"mobile":{"background-color":"var(--ast-global-color-5)","background-image":"","background-repeat":"repeat","background-position":"center center","background-size":"auto","background-attachment":"scroll","background-type":"","background-media":"","overlay-type":"","overlay-color":"","overlay-opacity":"","overlay-gradient":""}}},"product_brand":[],"product_cat":[447,457],"product_tag":[],"class_list":{"0":"post-13410","1":"product","2":"type-product","3":"status-publish","4":"has-post-thumbnail","6":"product_cat-bienestar","7":"product_cat-dispositivos-de-cuidado","8":"desktop-align-left","9":"tablet-align-left","10":"mobile-align-left","12":"first","13":"instock","14":"shipping-taxable","15":"purchasable","16":"product-type-simple"},"yoast_head":"<!-- This site is optimized with the Yoast SEO plugin v27.3 - https:\/\/yoast.com\/product\/yoast-seo-wordpress\/ -->\n<title>Stick Nasal Mejora Respiraci\u00f3n 4pcs - ROSE MVD<\/title>\n<meta name=\"description\" content=\"Inhalador nasal compacto con mezcla de aceites esenciales, ideal para mejorar la respiraci\u00f3n y brindar una sensaci\u00f3n refrescante al instante.\" \/>\n<meta name=\"robots\" content=\"index, follow, max-snippet:-1, max-image-preview:large, max-video-preview:-1\" \/>\n<link rel=\"canonical\" href=\"https:\/\/rosemvd.com\/index.php\/producto\/stick-nasal-mejora-respiracion-4pcs\/\" \/>\n<meta property=\"og:locale\" content=\"es_ES\" \/>\n<meta property=\"og:type\" content=\"article\" \/>\n<meta property=\"og:title\" content=\"Stick Nasal Mejora Respiraci\u00f3n 4pcs - ROSE MVD\" \/>\n<meta property=\"og:description\" content=\"Inhalador nasal compacto con mezcla de aceites esenciales, ideal para mejorar la respiraci\u00f3n y brindar una sensaci\u00f3n refrescante al instante.\" \/>\n<meta property=\"og:url\" content=\"https:\/\/rosemvd.com\/index.php\/producto\/stick-nasal-mejora-respiracion-4pcs\/\" \/>\n<meta property=\"og:site_name\" content=\"ROSE MVD\" \/>\n<meta property=\"article:publisher\" content=\"https:\/\/www.facebook.com\/TiendaRoseMvd\" \/>\n<meta property=\"article:modified_time\" content=\"2026-04-22T00:53:32+00:00\" \/>\n<meta property=\"og:image\" content=\"https:\/\/rosemvd.com\/wp-content\/uploads\/2025\/07\/81cssaJY7lL._AC_SL1500_.jpg\" \/>\n\t<meta property=\"og:image:width\" content=\"1500\" \/>\n\t<meta property=\"og:image:height\" content=\"1398\" \/>\n\t<meta property=\"og:image:type\" content=\"image\/jpeg\" \/>\n<meta name=\"twitter:card\" content=\"summary_large_image\" \/>\n<meta name=\"twitter:label1\" content=\"Tiempo de lectura\" \/>\n\t<meta name=\"twitter:data1\" content=\"1 minuto\" \/>\n<script type=\"application\/ld+json\" class=\"yoast-schema-graph\">{\"@context\":\"https:\\\/\\\/schema.org\",\"@graph\":[{\"@type\":\"WebPage\",\"@id\":\"https:\\\/\\\/rosemvd.com\\\/index.php\\\/producto\\\/stick-nasal-mejora-respiracion-4pcs\\\/\",\"url\":\"https:\\\/\\\/rosemvd.com\\\/index.php\\\/producto\\\/stick-nasal-mejora-respiracion-4pcs\\\/\",\"name\":\"Stick Nasal Mejora Respiraci\u00f3n 4pcs - ROSE MVD\",\"isPartOf\":{\"@id\":\"https:\\\/\\\/rosemvd.com\\\/#website\"},\"primaryImageOfPage\":{\"@id\":\"https:\\\/\\\/rosemvd.com\\\/index.php\\\/producto\\\/stick-nasal-mejora-respiracion-4pcs\\\/#primaryimage\"},\"image\":{\"@id\":\"https:\\\/\\\/rosemvd.com\\\/index.php\\\/producto\\\/stick-nasal-mejora-respiracion-4pcs\\\/#primaryimage\"},\"thumbnailUrl\":\"https:\\\/\\\/rosemvd.com\\\/wp-content\\\/uploads\\\/2025\\\/07\\\/81cssaJY7lL._AC_SL1500_.jpg\",\"datePublished\":\"2025-07-19T14:41:20+00:00\",\"dateModified\":\"2026-04-22T00:53:32+00:00\",\"description\":\"Inhalador nasal compacto con mezcla de aceites esenciales, ideal para mejorar la respiraci\u00f3n y brindar una sensaci\u00f3n refrescante al instante.\",\"breadcrumb\":{\"@id\":\"https:\\\/\\\/rosemvd.com\\\/index.php\\\/producto\\\/stick-nasal-mejora-respiracion-4pcs\\\/#breadcrumb\"},\"inLanguage\":\"es\",\"potentialAction\":[{\"@type\":\"ReadAction\",\"target\":[\"https:\\\/\\\/rosemvd.com\\\/index.php\\\/producto\\\/stick-nasal-mejora-respiracion-4pcs\\\/\"]}]},{\"@type\":\"ImageObject\",\"inLanguage\":\"es\",\"@id\":\"https:\\\/\\\/rosemvd.com\\\/index.php\\\/producto\\\/stick-nasal-mejora-respiracion-4pcs\\\/#primaryimage\",\"url\":\"https:\\\/\\\/rosemvd.com\\\/wp-content\\\/uploads\\\/2025\\\/07\\\/81cssaJY7lL._AC_SL1500_.jpg\",\"contentUrl\":\"https:\\\/\\\/rosemvd.com\\\/wp-content\\\/uploads\\\/2025\\\/07\\\/81cssaJY7lL._AC_SL1500_.jpg\",\"width\":1500,\"height\":1398},{\"@type\":\"BreadcrumbList\",\"@id\":\"https:\\\/\\\/rosemvd.com\\\/index.php\\\/producto\\\/stick-nasal-mejora-respiracion-4pcs\\\/#breadcrumb\",\"itemListElement\":[{\"@type\":\"ListItem\",\"position\":1,\"name\":\"Portada\",\"item\":\"https:\\\/\\\/rosemvd.com\\\/\"},{\"@type\":\"ListItem\",\"position\":2,\"name\":\"Tienda\",\"item\":\"https:\\\/\\\/rosemvd.com\\\/index.php\\\/tienda\\\/\"},{\"@type\":\"ListItem\",\"position\":3,\"name\":\"Stick Nasal Mejora Respiraci\u00f3n 4pcs\"}]},{\"@type\":\"WebSite\",\"@id\":\"https:\\\/\\\/rosemvd.com\\\/#website\",\"url\":\"https:\\\/\\\/rosemvd.com\\\/\",\"name\":\"ROSE MVD\",\"description\":\"Todo lo que no sab\u00edas que necesitabas, lo \u00faltimo en tendencia, utilidad e innovaci\u00f3n\",\"publisher\":{\"@id\":\"https:\\\/\\\/rosemvd.com\\\/#organization\"},\"potentialAction\":[{\"@type\":\"SearchAction\",\"target\":{\"@type\":\"EntryPoint\",\"urlTemplate\":\"https:\\\/\\\/rosemvd.com\\\/?s={search_term_string}\"},\"query-input\":{\"@type\":\"PropertyValueSpecification\",\"valueRequired\":true,\"valueName\":\"search_term_string\"}}],\"inLanguage\":\"es\"},{\"@type\":\"Organization\",\"@id\":\"https:\\\/\\\/rosemvd.com\\\/#organization\",\"name\":\"ROSE MVD\",\"alternateName\":\"ROSE MVD\",\"url\":\"https:\\\/\\\/rosemvd.com\\\/\",\"logo\":{\"@type\":\"ImageObject\",\"inLanguage\":\"es\",\"@id\":\"https:\\\/\\\/rosemvd.com\\\/#\\\/schema\\\/logo\\\/image\\\/\",\"url\":\"https:\\\/\\\/rosemvd.com\\\/wp-content\\\/uploads\\\/2023\\\/03\\\/Sin-titulo-2_Mesa-de-trabajo-1.png\",\"contentUrl\":\"https:\\\/\\\/rosemvd.com\\\/wp-content\\\/uploads\\\/2023\\\/03\\\/Sin-titulo-2_Mesa-de-trabajo-1.png\",\"width\":2084,\"height\":2084,\"caption\":\"ROSE MVD\"},\"image\":{\"@id\":\"https:\\\/\\\/rosemvd.com\\\/#\\\/schema\\\/logo\\\/image\\\/\"},\"sameAs\":[\"https:\\\/\\\/www.facebook.com\\\/TiendaRoseMvd\",\"https:\\\/\\\/www.instagram.com\\\/rose.mvd\"]}]}<\/script>\n<!-- \/ Yoast SEO plugin. -->","yoast_head_json":{"title":"Stick Nasal Mejora Respiraci\u00f3n 4pcs - ROSE MVD","description":"Inhalador nasal compacto con mezcla de aceites esenciales, ideal para mejorar la respiraci\u00f3n y brindar una sensaci\u00f3n refrescante al instante.","robots":{"index":"index","follow":"follow","max-snippet":"max-snippet:-1","max-image-preview":"max-image-preview:large","max-video-preview":"max-video-preview:-1"},"canonical":"https:\/\/rosemvd.com\/index.php\/producto\/stick-nasal-mejora-respiracion-4pcs\/","og_locale":"es_ES","og_type":"article","og_title":"Stick Nasal Mejora Respiraci\u00f3n 4pcs - ROSE MVD","og_description":"Inhalador nasal compacto con mezcla de aceites esenciales, ideal para mejorar la respiraci\u00f3n y brindar una sensaci\u00f3n refrescante al instante.","og_url":"https:\/\/rosemvd.com\/index.php\/producto\/stick-nasal-mejora-respiracion-4pcs\/","og_site_name":"ROSE MVD","article_publisher":"https:\/\/www.facebook.com\/TiendaRoseMvd","article_modified_time":"2026-04-22T00:53:32+00:00","og_image":[{"width":1500,"height":1398,"url":"https:\/\/rosemvd.com\/wp-content\/uploads\/2025\/07\/81cssaJY7lL._AC_SL1500_.jpg","type":"image\/jpeg"}],"twitter_card":"summary_large_image","twitter_misc":{"Tiempo de lectura":"1 minuto"},"schema":{"@context":"https:\/\/schema.org","@graph":[{"@type":"WebPage","@id":"https:\/\/rosemvd.com\/index.php\/producto\/stick-nasal-mejora-respiracion-4pcs\/","url":"https:\/\/rosemvd.com\/index.php\/producto\/stick-nasal-mejora-respiracion-4pcs\/","name":"Stick Nasal Mejora Respiraci\u00f3n 4pcs - ROSE MVD","isPartOf":{"@id":"https:\/\/rosemvd.com\/#website"},"primaryImageOfPage":{"@id":"https:\/\/rosemvd.com\/index.php\/producto\/stick-nasal-mejora-respiracion-4pcs\/#primaryimage"},"image":{"@id":"https:\/\/rosemvd.com\/index.php\/producto\/stick-nasal-mejora-respiracion-4pcs\/#primaryimage"},"thumbnailUrl":"https:\/\/rosemvd.com\/wp-content\/uploads\/2025\/07\/81cssaJY7lL._AC_SL1500_.jpg","datePublished":"2025-07-19T14:41:20+00:00","dateModified":"2026-04-22T00:53:32+00:00","description":"Inhalador nasal compacto con mezcla de aceites esenciales, ideal para mejorar la respiraci\u00f3n y brindar una sensaci\u00f3n refrescante al instante.","breadcrumb":{"@id":"https:\/\/rosemvd.com\/index.php\/producto\/stick-nasal-mejora-respiracion-4pcs\/#breadcrumb"},"inLanguage":"es","potentialAction":[{"@type":"ReadAction","target":["https:\/\/rosemvd.com\/index.php\/producto\/stick-nasal-mejora-respiracion-4pcs\/"]}]},{"@type":"ImageObject","inLanguage":"es","@id":"https:\/\/rosemvd.com\/index.php\/producto\/stick-nasal-mejora-respiracion-4pcs\/#primaryimage","url":"https:\/\/rosemvd.com\/wp-content\/uploads\/2025\/07\/81cssaJY7lL._AC_SL1500_.jpg","contentUrl":"https:\/\/rosemvd.com\/wp-content\/uploads\/2025\/07\/81cssaJY7lL._AC_SL1500_.jpg","width":1500,"height":1398},{"@type":"BreadcrumbList","@id":"https:\/\/rosemvd.com\/index.php\/producto\/stick-nasal-mejora-respiracion-4pcs\/#breadcrumb","itemListElement":[{"@type":"ListItem","position":1,"name":"Portada","item":"https:\/\/rosemvd.com\/"},{"@type":"ListItem","position":2,"name":"Tienda","item":"https:\/\/rosemvd.com\/index.php\/tienda\/"},{"@type":"ListItem","position":3,"name":"Stick Nasal Mejora Respiraci\u00f3n 4pcs"}]},{"@type":"WebSite","@id":"https:\/\/rosemvd.com\/#website","url":"https:\/\/rosemvd.com\/","name":"ROSE MVD","description":"Todo lo que no sab\u00edas que necesitabas, lo \u00faltimo en tendencia, utilidad e innovaci\u00f3n","publisher":{"@id":"https:\/\/rosemvd.com\/#organization"},"potentialAction":[{"@type":"SearchAction","target":{"@type":"EntryPoint","urlTemplate":"https:\/\/rosemvd.com\/?s={search_term_string}"},"query-input":{"@type":"PropertyValueSpecification","valueRequired":true,"valueName":"search_term_string"}}],"inLanguage":"es"},{"@type":"Organization","@id":"https:\/\/rosemvd.com\/#organization","name":"ROSE MVD","alternateName":"ROSE MVD","url":"https:\/\/rosemvd.com\/","logo":{"@type":"ImageObject","inLanguage":"es","@id":"https:\/\/rosemvd.com\/#\/schema\/logo\/image\/","url":"https:\/\/rosemvd.com\/wp-content\/uploads\/2023\/03\/Sin-titulo-2_Mesa-de-trabajo-1.png","contentUrl":"https:\/\/rosemvd.com\/wp-content\/uploads\/2023\/03\/Sin-titulo-2_Mesa-de-trabajo-1.png","width":2084,"height":2084,"caption":"ROSE MVD"},"image":{"@id":"https:\/\/rosemvd.com\/#\/schema\/logo\/image\/"},"sameAs":["https:\/\/www.facebook.com\/TiendaRoseMvd","https:\/\/www.instagram.com\/rose.mvd"]}]}},"_links":{"self":[{"href":"https:\/\/rosemvd.com\/index.php\/wp-json\/wp\/v2\/product\/13410","targetHints":{"allow":["GET"]}}],"collection":[{"href":"https:\/\/rosemvd.com\/index.php\/wp-json\/wp\/v2\/product"}],"about":[{"href":"https:\/\/rosemvd.com\/index.php\/wp-json\/wp\/v2\/types\/product"}],"wp:featuredmedia":[{"embeddable":true,"href":"https:\/\/rosemvd.com\/index.php\/wp-json\/wp\/v2\/media\/13414"}],"wp:attachment":[{"href":"https:\/\/rosemvd.com\/index.php\/wp-json\/wp\/v2\/media?parent=13410"}],"wp:term":[{"taxonomy":"product_brand","embeddable":true,"href":"https:\/\/rosemvd.com\/index.php\/wp-json\/wp\/v2\/product_brand?post=13410"},{"taxonomy":"product_cat","embeddable":true,"href":"https:\/\/rosemvd.com\/index.php\/wp-json\/wp\/v2\/product_cat?post=13410"},{"taxonomy":"product_tag","embeddable":true,"href":"https:\/\/rosemvd.com\/index.php\/wp-json\/wp\/v2\/product_tag?post=13410"}],"curies":[{"name":"wp","href":"https:\/\/api.w.org\/{rel}","templated":true}]}}