{"id":13319,"date":"2025-07-15T14:55:19","date_gmt":"2025-07-15T17:55:19","guid":{"rendered":"https:\/\/rosemvd.com\/?post_type=product&#038;p=13319"},"modified":"2026-04-20T10:46:31","modified_gmt":"2026-04-20T13:46:31","slug":"collar-rayo-dorado","status":"publish","type":"product","link":"https:\/\/rosemvd.com\/index.php\/producto\/collar-rayo-dorado\/","title":{"rendered":"Collar Rayo Dorado"},"content":{"rendered":"<article class=\"text-token-text-primary w-full\" dir=\"auto\" data-testid=\"conversation-turn-240\" data-scroll-anchor=\"true\">\n<div class=\"text-base my-auto mx-auto py-5 [--thread-content-margin:--spacing(4)] @[37rem]:[--thread-content-margin:--spacing(6)] @[72rem]:[--thread-content-margin:--spacing(16)] px-(--thread-content-margin)\">\n<div class=\"[--thread-content-max-width:32rem] @[34rem]:[--thread-content-max-width:40rem] @[64rem]:[--thread-content-max-width:48rem] mx-auto flex max-w-(--thread-content-max-width) flex-1 text-base gap-4 md:gap-5 lg:gap-6 group\/turn-messages focus-visible:outline-hidden\" tabindex=\"-1\">\n<div class=\"group\/conversation-turn relative flex w-full min-w-0 flex-col agent-turn\">\n<div class=\"relative flex-col gap-1 md:gap-3\">\n<div class=\"flex max-w-full flex-col grow\">\n<div class=\"min-h-8 text-message relative flex w-full flex-col items-end gap-2 text-start break-words whitespace-normal [.text-message+&amp;]:mt-5\" dir=\"auto\" data-message-author-role=\"assistant\" data-message-id=\"5fa772dd-6eb9-4de1-b970-d45e03dfed54\" data-message-model-slug=\"gpt-4o\">\n<div class=\"flex w-full flex-col gap-1 empty:hidden first:pt-[3px]\">\n<div class=\"markdown prose dark:prose-invert w-full break-words light\">\n<p data-start=\"117\" data-end=\"163\"><strong data-start=\"117\" data-end=\"163\">Collar Rayo con Cadena de Acero Quir\u00fargico<\/strong><\/p>\n<p data-start=\"165\" data-end=\"413\">Destaca tu estilo con este llamativo collar de <strong data-start=\"212\" data-end=\"242\">cadena de acero quir\u00fargico<\/strong>. Su dise\u00f1o incluye un dije en forma de <strong data-start=\"298\" data-end=\"336\">rayo con incrustaciones brillantes<\/strong> en tonos dorado y blanco, que lo convierten en una pieza moderna y original.<\/p>\n<ul data-start=\"415\" data-end=\"604\">\n<li data-start=\"415\" data-end=\"448\">\n<p data-start=\"417\" data-end=\"448\"><strong data-start=\"417\" data-end=\"440\">Largo de la cadena:<\/strong> 70 cm<\/p>\n<\/li>\n<li data-start=\"449\" data-end=\"486\">\n<p data-start=\"451\" data-end=\"486\"><strong data-start=\"451\" data-end=\"471\">Tama\u00f1o del dije:<\/strong> 4,8 x 1,5 cm<\/p>\n<\/li>\n<li data-start=\"487\" data-end=\"559\">\n<p data-start=\"489\" data-end=\"559\"><strong data-start=\"489\" data-end=\"502\">Material:<\/strong> acero quir\u00fargico<\/p>\n<\/li>\n<li data-start=\"560\" data-end=\"604\">\n<p data-start=\"562\" data-end=\"604\"><strong data-start=\"562\" data-end=\"573\">Dise\u00f1o:<\/strong> rayo con detalles brillantes<\/p>\n<\/li>\n<\/ul>\n<p data-start=\"606\" data-end=\"733\" data-is-last-node=\"\" data-is-only-node=\"\">Ideal para usar solo o combinar con otras cadenas. Perfecto para regalar o completar tu look con un toque de energ\u00eda y actitud.<\/p>\n<\/div>\n<\/div>\n<\/div>\n<\/div>\n<\/div>\n<\/div>\n<\/div>\n<\/div>\n<\/article>\n","protected":false},"excerpt":{"rendered":"<p>Collar Rayo con Cadena de Acero Quir\u00fargico Destaca tu estilo con este llamativo collar de cadena de acero quir\u00fargico. Su dise\u00f1o incluye un dije en forma de rayo con incrustaciones brillantes en tonos dorado y blanco, que lo convierten en una pieza moderna y original. Largo de la cadena: 70 cm Tama\u00f1o del dije: 4,8 [&hellip;]<\/p>\n","protected":false},"featured_media":13320,"template":"","meta":{"site-sidebar-layout":"default","site-content-layout":"","ast-site-content-layout":"default","site-content-style":"default","site-sidebar-style":"default","ast-global-header-display":"","ast-banner-title-visibility":"","ast-main-header-display":"","ast-hfb-above-header-display":"","ast-hfb-below-header-display":"","ast-hfb-mobile-header-display":"","site-post-title":"","ast-breadcrumbs-content":"","ast-featured-img":"","footer-sml-layout":"","ast-disable-related-posts":"","theme-transparent-header-meta":"default","adv-header-id-meta":"","stick-header-meta":"","header-above-stick-meta":"","header-main-stick-meta":"","header-below-stick-meta":"","astra-migrate-meta-layouts":"set","ast-page-background-enabled":"default","ast-page-background-meta":{"desktop":{"background-color":"var(--ast-global-color-4)","background-image":"","background-repeat":"repeat","background-position":"center center","background-size":"auto","background-attachment":"scroll","background-type":"","background-media":"","overlay-type":"","overlay-color":"","overlay-opacity":"","overlay-gradient":""},"tablet":{"background-color":"","background-image":"","background-repeat":"repeat","background-position":"center center","background-size":"auto","background-attachment":"scroll","background-type":"","background-media":"","overlay-type":"","overlay-color":"","overlay-opacity":"","overlay-gradient":""},"mobile":{"background-color":"","background-image":"","background-repeat":"repeat","background-position":"center center","background-size":"auto","background-attachment":"scroll","background-type":"","background-media":"","overlay-type":"","overlay-color":"","overlay-opacity":"","overlay-gradient":""}},"ast-content-background-meta":{"desktop":{"background-color":"var(--ast-global-color-5)","background-image":"","background-repeat":"repeat","background-position":"center center","background-size":"auto","background-attachment":"scroll","background-type":"","background-media":"","overlay-type":"","overlay-color":"","overlay-opacity":"","overlay-gradient":""},"tablet":{"background-color":"var(--ast-global-color-5)","background-image":"","background-repeat":"repeat","background-position":"center center","background-size":"auto","background-attachment":"scroll","background-type":"","background-media":"","overlay-type":"","overlay-color":"","overlay-opacity":"","overlay-gradient":""},"mobile":{"background-color":"var(--ast-global-color-5)","background-image":"","background-repeat":"repeat","background-position":"center center","background-size":"auto","background-attachment":"scroll","background-type":"","background-media":"","overlay-type":"","overlay-color":"","overlay-opacity":"","overlay-gradient":""}}},"product_brand":[],"product_cat":[184,188,366,445,364],"product_tag":[],"class_list":{"0":"post-13319","1":"product","2":"type-product","3":"status-publish","4":"has-post-thumbnail","6":"product_cat-collares","7":"product_cat-collares-acero","8":"product_cat-collares-para-el","9":"product_cat-joyeria","10":"product_cat-para-el","11":"desktop-align-left","12":"tablet-align-left","13":"mobile-align-left","15":"first","16":"instock","17":"shipping-taxable","18":"purchasable","19":"product-type-simple"},"yoast_head":"<!-- This site is optimized with the Yoast SEO plugin v27.3 - https:\/\/yoast.com\/product\/yoast-seo-wordpress\/ -->\n<title>Collar Rayo Dorado - ROSE MVD<\/title>\n<meta name=\"description\" content=\"Ideal para usar solo o combinar con otras cadenas. Perfecto para regalar o completar tu look con un toque de energ\u00eda y actitud.\" \/>\n<meta name=\"robots\" content=\"index, follow, max-snippet:-1, max-image-preview:large, max-video-preview:-1\" \/>\n<link rel=\"canonical\" href=\"https:\/\/rosemvd.com\/index.php\/producto\/collar-rayo-dorado\/\" \/>\n<meta property=\"og:locale\" content=\"es_ES\" \/>\n<meta property=\"og:type\" content=\"article\" \/>\n<meta property=\"og:title\" content=\"Collar Rayo Dorado - ROSE MVD\" \/>\n<meta property=\"og:description\" content=\"Ideal para usar solo o combinar con otras cadenas. Perfecto para regalar o completar tu look con un toque de energ\u00eda y actitud.\" \/>\n<meta property=\"og:url\" content=\"https:\/\/rosemvd.com\/index.php\/producto\/collar-rayo-dorado\/\" \/>\n<meta property=\"og:site_name\" content=\"ROSE MVD\" \/>\n<meta property=\"article:publisher\" content=\"https:\/\/www.facebook.com\/TiendaRoseMvd\" \/>\n<meta property=\"article:modified_time\" content=\"2026-04-20T13:46:31+00:00\" \/>\n<meta property=\"og:image\" content=\"https:\/\/rosemvd.com\/wp-content\/uploads\/2025\/07\/D_NQ_NP_2X_723441-MLM78582012018_082024-F-collar-de-colgante-de-rayo-de-circonita-completa-de-hip-hop.webp\" \/>\n\t<meta property=\"og:image:width\" content=\"800\" \/>\n\t<meta property=\"og:image:height\" content=\"800\" \/>\n\t<meta property=\"og:image:type\" content=\"image\/webp\" \/>\n<meta name=\"twitter:card\" content=\"summary_large_image\" \/>\n<meta name=\"twitter:label1\" content=\"Tiempo de lectura\" \/>\n\t<meta name=\"twitter:data1\" content=\"1 minuto\" \/>\n<script type=\"application\/ld+json\" class=\"yoast-schema-graph\">{\"@context\":\"https:\\\/\\\/schema.org\",\"@graph\":[{\"@type\":\"WebPage\",\"@id\":\"https:\\\/\\\/rosemvd.com\\\/index.php\\\/producto\\\/collar-rayo-dorado\\\/\",\"url\":\"https:\\\/\\\/rosemvd.com\\\/index.php\\\/producto\\\/collar-rayo-dorado\\\/\",\"name\":\"Collar Rayo Dorado - ROSE MVD\",\"isPartOf\":{\"@id\":\"https:\\\/\\\/rosemvd.com\\\/#website\"},\"primaryImageOfPage\":{\"@id\":\"https:\\\/\\\/rosemvd.com\\\/index.php\\\/producto\\\/collar-rayo-dorado\\\/#primaryimage\"},\"image\":{\"@id\":\"https:\\\/\\\/rosemvd.com\\\/index.php\\\/producto\\\/collar-rayo-dorado\\\/#primaryimage\"},\"thumbnailUrl\":\"https:\\\/\\\/rosemvd.com\\\/wp-content\\\/uploads\\\/2025\\\/07\\\/D_NQ_NP_2X_723441-MLM78582012018_082024-F-collar-de-colgante-de-rayo-de-circonita-completa-de-hip-hop.webp\",\"datePublished\":\"2025-07-15T17:55:19+00:00\",\"dateModified\":\"2026-04-20T13:46:31+00:00\",\"description\":\"Ideal para usar solo o combinar con otras cadenas. Perfecto para regalar o completar tu look con un toque de energ\u00eda y actitud.\",\"breadcrumb\":{\"@id\":\"https:\\\/\\\/rosemvd.com\\\/index.php\\\/producto\\\/collar-rayo-dorado\\\/#breadcrumb\"},\"inLanguage\":\"es\",\"potentialAction\":[{\"@type\":\"ReadAction\",\"target\":[\"https:\\\/\\\/rosemvd.com\\\/index.php\\\/producto\\\/collar-rayo-dorado\\\/\"]}]},{\"@type\":\"ImageObject\",\"inLanguage\":\"es\",\"@id\":\"https:\\\/\\\/rosemvd.com\\\/index.php\\\/producto\\\/collar-rayo-dorado\\\/#primaryimage\",\"url\":\"https:\\\/\\\/rosemvd.com\\\/wp-content\\\/uploads\\\/2025\\\/07\\\/D_NQ_NP_2X_723441-MLM78582012018_082024-F-collar-de-colgante-de-rayo-de-circonita-completa-de-hip-hop.webp\",\"contentUrl\":\"https:\\\/\\\/rosemvd.com\\\/wp-content\\\/uploads\\\/2025\\\/07\\\/D_NQ_NP_2X_723441-MLM78582012018_082024-F-collar-de-colgante-de-rayo-de-circonita-completa-de-hip-hop.webp\",\"width\":800,\"height\":800},{\"@type\":\"BreadcrumbList\",\"@id\":\"https:\\\/\\\/rosemvd.com\\\/index.php\\\/producto\\\/collar-rayo-dorado\\\/#breadcrumb\",\"itemListElement\":[{\"@type\":\"ListItem\",\"position\":1,\"name\":\"Portada\",\"item\":\"https:\\\/\\\/rosemvd.com\\\/\"},{\"@type\":\"ListItem\",\"position\":2,\"name\":\"Tienda\",\"item\":\"https:\\\/\\\/rosemvd.com\\\/index.php\\\/tienda\\\/\"},{\"@type\":\"ListItem\",\"position\":3,\"name\":\"Collar Rayo Dorado\"}]},{\"@type\":\"WebSite\",\"@id\":\"https:\\\/\\\/rosemvd.com\\\/#website\",\"url\":\"https:\\\/\\\/rosemvd.com\\\/\",\"name\":\"ROSE MVD\",\"description\":\"Todo lo que no sab\u00edas que necesitabas, lo \u00faltimo en tendencia, utilidad e innovaci\u00f3n\",\"publisher\":{\"@id\":\"https:\\\/\\\/rosemvd.com\\\/#organization\"},\"potentialAction\":[{\"@type\":\"SearchAction\",\"target\":{\"@type\":\"EntryPoint\",\"urlTemplate\":\"https:\\\/\\\/rosemvd.com\\\/?s={search_term_string}\"},\"query-input\":{\"@type\":\"PropertyValueSpecification\",\"valueRequired\":true,\"valueName\":\"search_term_string\"}}],\"inLanguage\":\"es\"},{\"@type\":\"Organization\",\"@id\":\"https:\\\/\\\/rosemvd.com\\\/#organization\",\"name\":\"ROSE MVD\",\"alternateName\":\"ROSE MVD\",\"url\":\"https:\\\/\\\/rosemvd.com\\\/\",\"logo\":{\"@type\":\"ImageObject\",\"inLanguage\":\"es\",\"@id\":\"https:\\\/\\\/rosemvd.com\\\/#\\\/schema\\\/logo\\\/image\\\/\",\"url\":\"https:\\\/\\\/rosemvd.com\\\/wp-content\\\/uploads\\\/2023\\\/03\\\/Sin-titulo-2_Mesa-de-trabajo-1.png\",\"contentUrl\":\"https:\\\/\\\/rosemvd.com\\\/wp-content\\\/uploads\\\/2023\\\/03\\\/Sin-titulo-2_Mesa-de-trabajo-1.png\",\"width\":2084,\"height\":2084,\"caption\":\"ROSE MVD\"},\"image\":{\"@id\":\"https:\\\/\\\/rosemvd.com\\\/#\\\/schema\\\/logo\\\/image\\\/\"},\"sameAs\":[\"https:\\\/\\\/www.facebook.com\\\/TiendaRoseMvd\",\"https:\\\/\\\/www.instagram.com\\\/rose.mvd\"]}]}<\/script>\n<!-- \/ Yoast SEO plugin. -->","yoast_head_json":{"title":"Collar Rayo Dorado - ROSE MVD","description":"Ideal para usar solo o combinar con otras cadenas. Perfecto para regalar o completar tu look con un toque de energ\u00eda y actitud.","robots":{"index":"index","follow":"follow","max-snippet":"max-snippet:-1","max-image-preview":"max-image-preview:large","max-video-preview":"max-video-preview:-1"},"canonical":"https:\/\/rosemvd.com\/index.php\/producto\/collar-rayo-dorado\/","og_locale":"es_ES","og_type":"article","og_title":"Collar Rayo Dorado - ROSE MVD","og_description":"Ideal para usar solo o combinar con otras cadenas. Perfecto para regalar o completar tu look con un toque de energ\u00eda y actitud.","og_url":"https:\/\/rosemvd.com\/index.php\/producto\/collar-rayo-dorado\/","og_site_name":"ROSE MVD","article_publisher":"https:\/\/www.facebook.com\/TiendaRoseMvd","article_modified_time":"2026-04-20T13:46:31+00:00","og_image":[{"width":800,"height":800,"url":"https:\/\/rosemvd.com\/wp-content\/uploads\/2025\/07\/D_NQ_NP_2X_723441-MLM78582012018_082024-F-collar-de-colgante-de-rayo-de-circonita-completa-de-hip-hop.webp","type":"image\/webp"}],"twitter_card":"summary_large_image","twitter_misc":{"Tiempo de lectura":"1 minuto"},"schema":{"@context":"https:\/\/schema.org","@graph":[{"@type":"WebPage","@id":"https:\/\/rosemvd.com\/index.php\/producto\/collar-rayo-dorado\/","url":"https:\/\/rosemvd.com\/index.php\/producto\/collar-rayo-dorado\/","name":"Collar Rayo Dorado - ROSE MVD","isPartOf":{"@id":"https:\/\/rosemvd.com\/#website"},"primaryImageOfPage":{"@id":"https:\/\/rosemvd.com\/index.php\/producto\/collar-rayo-dorado\/#primaryimage"},"image":{"@id":"https:\/\/rosemvd.com\/index.php\/producto\/collar-rayo-dorado\/#primaryimage"},"thumbnailUrl":"https:\/\/rosemvd.com\/wp-content\/uploads\/2025\/07\/D_NQ_NP_2X_723441-MLM78582012018_082024-F-collar-de-colgante-de-rayo-de-circonita-completa-de-hip-hop.webp","datePublished":"2025-07-15T17:55:19+00:00","dateModified":"2026-04-20T13:46:31+00:00","description":"Ideal para usar solo o combinar con otras cadenas. Perfecto para regalar o completar tu look con un toque de energ\u00eda y actitud.","breadcrumb":{"@id":"https:\/\/rosemvd.com\/index.php\/producto\/collar-rayo-dorado\/#breadcrumb"},"inLanguage":"es","potentialAction":[{"@type":"ReadAction","target":["https:\/\/rosemvd.com\/index.php\/producto\/collar-rayo-dorado\/"]}]},{"@type":"ImageObject","inLanguage":"es","@id":"https:\/\/rosemvd.com\/index.php\/producto\/collar-rayo-dorado\/#primaryimage","url":"https:\/\/rosemvd.com\/wp-content\/uploads\/2025\/07\/D_NQ_NP_2X_723441-MLM78582012018_082024-F-collar-de-colgante-de-rayo-de-circonita-completa-de-hip-hop.webp","contentUrl":"https:\/\/rosemvd.com\/wp-content\/uploads\/2025\/07\/D_NQ_NP_2X_723441-MLM78582012018_082024-F-collar-de-colgante-de-rayo-de-circonita-completa-de-hip-hop.webp","width":800,"height":800},{"@type":"BreadcrumbList","@id":"https:\/\/rosemvd.com\/index.php\/producto\/collar-rayo-dorado\/#breadcrumb","itemListElement":[{"@type":"ListItem","position":1,"name":"Portada","item":"https:\/\/rosemvd.com\/"},{"@type":"ListItem","position":2,"name":"Tienda","item":"https:\/\/rosemvd.com\/index.php\/tienda\/"},{"@type":"ListItem","position":3,"name":"Collar Rayo Dorado"}]},{"@type":"WebSite","@id":"https:\/\/rosemvd.com\/#website","url":"https:\/\/rosemvd.com\/","name":"ROSE MVD","description":"Todo lo que no sab\u00edas que necesitabas, lo \u00faltimo en tendencia, utilidad e innovaci\u00f3n","publisher":{"@id":"https:\/\/rosemvd.com\/#organization"},"potentialAction":[{"@type":"SearchAction","target":{"@type":"EntryPoint","urlTemplate":"https:\/\/rosemvd.com\/?s={search_term_string}"},"query-input":{"@type":"PropertyValueSpecification","valueRequired":true,"valueName":"search_term_string"}}],"inLanguage":"es"},{"@type":"Organization","@id":"https:\/\/rosemvd.com\/#organization","name":"ROSE MVD","alternateName":"ROSE MVD","url":"https:\/\/rosemvd.com\/","logo":{"@type":"ImageObject","inLanguage":"es","@id":"https:\/\/rosemvd.com\/#\/schema\/logo\/image\/","url":"https:\/\/rosemvd.com\/wp-content\/uploads\/2023\/03\/Sin-titulo-2_Mesa-de-trabajo-1.png","contentUrl":"https:\/\/rosemvd.com\/wp-content\/uploads\/2023\/03\/Sin-titulo-2_Mesa-de-trabajo-1.png","width":2084,"height":2084,"caption":"ROSE MVD"},"image":{"@id":"https:\/\/rosemvd.com\/#\/schema\/logo\/image\/"},"sameAs":["https:\/\/www.facebook.com\/TiendaRoseMvd","https:\/\/www.instagram.com\/rose.mvd"]}]}},"_links":{"self":[{"href":"https:\/\/rosemvd.com\/index.php\/wp-json\/wp\/v2\/product\/13319","targetHints":{"allow":["GET"]}}],"collection":[{"href":"https:\/\/rosemvd.com\/index.php\/wp-json\/wp\/v2\/product"}],"about":[{"href":"https:\/\/rosemvd.com\/index.php\/wp-json\/wp\/v2\/types\/product"}],"wp:featuredmedia":[{"embeddable":true,"href":"https:\/\/rosemvd.com\/index.php\/wp-json\/wp\/v2\/media\/13320"}],"wp:attachment":[{"href":"https:\/\/rosemvd.com\/index.php\/wp-json\/wp\/v2\/media?parent=13319"}],"wp:term":[{"taxonomy":"product_brand","embeddable":true,"href":"https:\/\/rosemvd.com\/index.php\/wp-json\/wp\/v2\/product_brand?post=13319"},{"taxonomy":"product_cat","embeddable":true,"href":"https:\/\/rosemvd.com\/index.php\/wp-json\/wp\/v2\/product_cat?post=13319"},{"taxonomy":"product_tag","embeddable":true,"href":"https:\/\/rosemvd.com\/index.php\/wp-json\/wp\/v2\/product_tag?post=13319"}],"curies":[{"name":"wp","href":"https:\/\/api.w.org\/{rel}","templated":true}]}}