{"id":13185,"date":"2025-06-29T11:20:57","date_gmt":"2025-06-29T14:20:57","guid":{"rendered":"https:\/\/rosemvd.com\/?post_type=product&#038;p=13185"},"modified":"2026-04-21T16:17:35","modified_gmt":"2026-04-21T19:17:35","slug":"lapiz-para-cejas-efecto-microblading","status":"publish","type":"product","link":"https:\/\/rosemvd.com\/index.php\/producto\/lapiz-para-cejas-efecto-microblading\/","title":{"rendered":"L\u00e1piz Para Cejas Efecto Microblading"},"content":{"rendered":"<article class=\"text-token-text-primary w-full\" dir=\"auto\" data-testid=\"conversation-turn-210\" data-scroll-anchor=\"true\">\n<div class=\"text-base my-auto mx-auto py-5 [--thread-content-margin:--spacing(4)] @[37rem]:[--thread-content-margin:--spacing(6)] @[72rem]:[--thread-content-margin:--spacing(16)] px-(--thread-content-margin)\">\n<div class=\"[--thread-content-max-width:32rem] @[34rem]:[--thread-content-max-width:40rem] @[64rem]:[--thread-content-max-width:48rem] mx-auto flex max-w-(--thread-content-max-width) flex-1 text-base gap-4 md:gap-5 lg:gap-6 group\/turn-messages focus-visible:outline-hidden\" tabindex=\"-1\">\n<div class=\"group\/conversation-turn relative flex w-full min-w-0 flex-col agent-turn\">\n<div class=\"relative flex-col gap-1 md:gap-3\">\n<div class=\"flex max-w-full flex-col grow\">\n<div class=\"min-h-8 text-message relative flex w-full flex-col items-end gap-2 text-start break-words whitespace-normal [.text-message+&amp;]:mt-5\" dir=\"auto\" data-message-author-role=\"assistant\" data-message-id=\"074678ce-7630-4e2d-9fc4-0974d528c0ba\" data-message-model-slug=\"gpt-4o\">\n<div class=\"flex w-full flex-col gap-1 empty:hidden first:pt-[3px]\">\n<div class=\"markdown prose dark:prose-invert w-full break-words light\">\n<p data-start=\"31\" data-end=\"76\">Delineador de Cejas R\u00daW de 2 Puntas \u2013 1.5 ml<\/p>\n<p data-start=\"78\" data-end=\"358\">Define, rellena y da forma a tus cejas con precisi\u00f3n y naturalidad gracias al delineador de cejas R\u00daW con punta tipo micro-fork de 2 puntas suaves tipo pincel. Su dise\u00f1o innovador permite trazar l\u00edneas finas que imitan el vello real, logrando un efecto de cejas m\u00e1s densas y definidas sin esfuerzo.<\/p>\n<p data-start=\"360\" data-end=\"380\"><strong data-start=\"360\" data-end=\"380\">Caracter\u00edsticas:<\/strong><\/p>\n<ul data-start=\"382\" data-end=\"901\">\n<li data-start=\"382\" data-end=\"477\">\n<p data-start=\"384\" data-end=\"477\"><strong data-start=\"384\" data-end=\"406\">Punta de 2 dientes<\/strong>: Ideal para crear trazos tipo microblading, imitando el vello natural.<\/p>\n<\/li>\n<li data-start=\"478\" data-end=\"584\">\n<p data-start=\"480\" data-end=\"584\"><strong data-start=\"480\" data-end=\"502\">Aplicaci\u00f3n precisa<\/strong>: Permite definir la forma de las cejas con facilidad, incluso para principiantes.<\/p>\n<\/li>\n<li data-start=\"585\" data-end=\"658\">\n<p data-start=\"587\" data-end=\"658\"><strong data-start=\"587\" data-end=\"599\">Duradero<\/strong>: F\u00f3rmula resistente al agua, al sudor y de larga duraci\u00f3n.<\/p>\n<\/li>\n<li data-start=\"659\" data-end=\"790\">\n<p data-start=\"661\" data-end=\"683\"><strong data-start=\"661\" data-end=\"682\">Tonos disponibles<\/strong>:<\/p>\n<ul data-start=\"686\" data-end=\"790\">\n<li data-start=\"686\" data-end=\"722\">\n<p data-start=\"688\" data-end=\"722\">#01 Honey Coffee Brown (Caf\u00e9 miel)<\/p>\n<\/li>\n<li data-start=\"725\" data-end=\"757\">\n<p data-start=\"727\" data-end=\"757\">#02 Grey Brown (Caf\u00e9 gris\u00e1ceo)<\/p>\n<\/li>\n<li data-start=\"760\" data-end=\"790\">\n<p data-start=\"762\" data-end=\"790\">#03 Ash Black (Negro cenizo)<\/p>\n<\/li>\n<\/ul>\n<\/li>\n<li data-start=\"791\" data-end=\"814\">\n<p data-start=\"793\" data-end=\"814\"><strong data-start=\"793\" data-end=\"806\">Contenido<\/strong>: 1.5 ml<\/p>\n<\/li>\n<li data-start=\"815\" data-end=\"901\">\n<p data-start=\"817\" data-end=\"901\"><strong data-start=\"817\" data-end=\"842\">Presentaci\u00f3n elegante<\/strong>: Estuche met\u00e1lico compacto, ideal para llevar en el bolso.<\/p>\n<\/li>\n<\/ul>\n<p data-start=\"903\" data-end=\"1005\" data-is-last-node=\"\" data-is-only-node=\"\">Perfecto para quienes desean unas cejas naturales, definidas y con un acabado profesional en segundos.<\/p>\n<\/div>\n<\/div>\n<\/div>\n<\/div>\n<\/div>\n<\/div>\n<\/div>\n<\/div>\n<\/article>\n","protected":false},"excerpt":{"rendered":"<p>Delineador de Cejas R\u00daW de 2 Puntas \u2013 1.5 ml Define, rellena y da forma a tus cejas con precisi\u00f3n y naturalidad gracias al delineador de cejas R\u00daW con punta tipo micro-fork de 2 puntas suaves tipo pincel. Su dise\u00f1o innovador permite trazar l\u00edneas finas que imitan el vello real, logrando un efecto de cejas [&hellip;]<\/p>\n","protected":false},"featured_media":13194,"template":"","meta":{"site-sidebar-layout":"default","site-content-layout":"","ast-site-content-layout":"default","site-content-style":"default","site-sidebar-style":"default","ast-global-header-display":"","ast-banner-title-visibility":"","ast-main-header-display":"","ast-hfb-above-header-display":"","ast-hfb-below-header-display":"","ast-hfb-mobile-header-display":"","site-post-title":"","ast-breadcrumbs-content":"","ast-featured-img":"","footer-sml-layout":"","ast-disable-related-posts":"","theme-transparent-header-meta":"default","adv-header-id-meta":"","stick-header-meta":"","header-above-stick-meta":"","header-main-stick-meta":"","header-below-stick-meta":"","astra-migrate-meta-layouts":"set","ast-page-background-enabled":"default","ast-page-background-meta":{"desktop":{"background-color":"var(--ast-global-color-4)","background-image":"","background-repeat":"repeat","background-position":"center center","background-size":"auto","background-attachment":"scroll","background-type":"","background-media":"","overlay-type":"","overlay-color":"","overlay-opacity":"","overlay-gradient":""},"tablet":{"background-color":"","background-image":"","background-repeat":"repeat","background-position":"center center","background-size":"auto","background-attachment":"scroll","background-type":"","background-media":"","overlay-type":"","overlay-color":"","overlay-opacity":"","overlay-gradient":""},"mobile":{"background-color":"","background-image":"","background-repeat":"repeat","background-position":"center center","background-size":"auto","background-attachment":"scroll","background-type":"","background-media":"","overlay-type":"","overlay-color":"","overlay-opacity":"","overlay-gradient":""}},"ast-content-background-meta":{"desktop":{"background-color":"var(--ast-global-color-5)","background-image":"","background-repeat":"repeat","background-position":"center center","background-size":"auto","background-attachment":"scroll","background-type":"","background-media":"","overlay-type":"","overlay-color":"","overlay-opacity":"","overlay-gradient":""},"tablet":{"background-color":"var(--ast-global-color-5)","background-image":"","background-repeat":"repeat","background-position":"center center","background-size":"auto","background-attachment":"scroll","background-type":"","background-media":"","overlay-type":"","overlay-color":"","overlay-opacity":"","overlay-gradient":""},"mobile":{"background-color":"var(--ast-global-color-5)","background-image":"","background-repeat":"repeat","background-position":"center center","background-size":"auto","background-attachment":"scroll","background-type":"","background-media":"","overlay-type":"","overlay-color":"","overlay-opacity":"","overlay-gradient":""}}},"product_brand":[],"product_cat":[17,467],"product_tag":[],"class_list":{"0":"post-13185","1":"product","2":"type-product","3":"status-publish","4":"has-post-thumbnail","6":"product_cat-belleza","7":"product_cat-maquillaje-belleza","8":"desktop-align-left","9":"tablet-align-left","10":"mobile-align-left","12":"first","13":"instock","14":"shipping-taxable","15":"purchasable","16":"product-type-variable"},"yoast_head":"<!-- This site is optimized with the Yoast SEO plugin v27.3 - https:\/\/yoast.com\/product\/yoast-seo-wordpress\/ -->\n<title>L\u00e1piz Para Cejas Efecto Microblading - ROSE MVD<\/title>\n<meta name=\"description\" content=\"Define, rellena y da forma a tus cejas con precisi\u00f3n y naturalidad, delineador de cejas con punta tipo micro-fork de 2 puntas suaves tipo pincel.\" \/>\n<meta name=\"robots\" content=\"index, follow, max-snippet:-1, max-image-preview:large, max-video-preview:-1\" \/>\n<link rel=\"canonical\" href=\"https:\/\/rosemvd.com\/index.php\/producto\/lapiz-para-cejas-efecto-microblading\/\" \/>\n<meta property=\"og:locale\" content=\"es_ES\" \/>\n<meta property=\"og:type\" content=\"article\" \/>\n<meta property=\"og:title\" content=\"L\u00e1piz Para Cejas Efecto Microblading - ROSE MVD\" \/>\n<meta property=\"og:description\" content=\"Define, rellena y da forma a tus cejas con precisi\u00f3n y naturalidad, delineador de cejas con punta tipo micro-fork de 2 puntas suaves tipo pincel.\" \/>\n<meta property=\"og:url\" content=\"https:\/\/rosemvd.com\/index.php\/producto\/lapiz-para-cejas-efecto-microblading\/\" \/>\n<meta property=\"og:site_name\" content=\"ROSE MVD\" \/>\n<meta property=\"article:publisher\" content=\"https:\/\/www.facebook.com\/TiendaRoseMvd\" \/>\n<meta property=\"article:modified_time\" content=\"2026-04-21T19:17:35+00:00\" \/>\n<meta property=\"og:image\" content=\"https:\/\/rosemvd.com\/wp-content\/uploads\/2025\/06\/1e2a892c42ac152ce801dc26f1b069edef095860_original.jpeg\" \/>\n\t<meta property=\"og:image:width\" content=\"800\" \/>\n\t<meta property=\"og:image:height\" content=\"800\" \/>\n\t<meta property=\"og:image:type\" content=\"image\/jpeg\" \/>\n<meta name=\"twitter:card\" content=\"summary_large_image\" \/>\n<meta name=\"twitter:label1\" content=\"Tiempo de lectura\" \/>\n\t<meta name=\"twitter:data1\" content=\"1 minuto\" \/>\n<script type=\"application\/ld+json\" class=\"yoast-schema-graph\">{\"@context\":\"https:\\\/\\\/schema.org\",\"@graph\":[{\"@type\":\"WebPage\",\"@id\":\"https:\\\/\\\/rosemvd.com\\\/index.php\\\/producto\\\/lapiz-para-cejas-efecto-microblading\\\/\",\"url\":\"https:\\\/\\\/rosemvd.com\\\/index.php\\\/producto\\\/lapiz-para-cejas-efecto-microblading\\\/\",\"name\":\"L\u00e1piz Para Cejas Efecto Microblading - ROSE MVD\",\"isPartOf\":{\"@id\":\"https:\\\/\\\/rosemvd.com\\\/#website\"},\"primaryImageOfPage\":{\"@id\":\"https:\\\/\\\/rosemvd.com\\\/index.php\\\/producto\\\/lapiz-para-cejas-efecto-microblading\\\/#primaryimage\"},\"image\":{\"@id\":\"https:\\\/\\\/rosemvd.com\\\/index.php\\\/producto\\\/lapiz-para-cejas-efecto-microblading\\\/#primaryimage\"},\"thumbnailUrl\":\"https:\\\/\\\/rosemvd.com\\\/wp-content\\\/uploads\\\/2025\\\/06\\\/1e2a892c42ac152ce801dc26f1b069edef095860_original.jpeg\",\"datePublished\":\"2025-06-29T14:20:57+00:00\",\"dateModified\":\"2026-04-21T19:17:35+00:00\",\"description\":\"Define, rellena y da forma a tus cejas con precisi\u00f3n y naturalidad, delineador de cejas con punta tipo micro-fork de 2 puntas suaves tipo pincel.\",\"breadcrumb\":{\"@id\":\"https:\\\/\\\/rosemvd.com\\\/index.php\\\/producto\\\/lapiz-para-cejas-efecto-microblading\\\/#breadcrumb\"},\"inLanguage\":\"es\",\"potentialAction\":[{\"@type\":\"ReadAction\",\"target\":[\"https:\\\/\\\/rosemvd.com\\\/index.php\\\/producto\\\/lapiz-para-cejas-efecto-microblading\\\/\"]}]},{\"@type\":\"ImageObject\",\"inLanguage\":\"es\",\"@id\":\"https:\\\/\\\/rosemvd.com\\\/index.php\\\/producto\\\/lapiz-para-cejas-efecto-microblading\\\/#primaryimage\",\"url\":\"https:\\\/\\\/rosemvd.com\\\/wp-content\\\/uploads\\\/2025\\\/06\\\/1e2a892c42ac152ce801dc26f1b069edef095860_original.jpeg\",\"contentUrl\":\"https:\\\/\\\/rosemvd.com\\\/wp-content\\\/uploads\\\/2025\\\/06\\\/1e2a892c42ac152ce801dc26f1b069edef095860_original.jpeg\",\"width\":800,\"height\":800},{\"@type\":\"BreadcrumbList\",\"@id\":\"https:\\\/\\\/rosemvd.com\\\/index.php\\\/producto\\\/lapiz-para-cejas-efecto-microblading\\\/#breadcrumb\",\"itemListElement\":[{\"@type\":\"ListItem\",\"position\":1,\"name\":\"Portada\",\"item\":\"https:\\\/\\\/rosemvd.com\\\/\"},{\"@type\":\"ListItem\",\"position\":2,\"name\":\"Tienda\",\"item\":\"https:\\\/\\\/rosemvd.com\\\/index.php\\\/tienda\\\/\"},{\"@type\":\"ListItem\",\"position\":3,\"name\":\"L\u00e1piz Para Cejas Efecto Microblading\"}]},{\"@type\":\"WebSite\",\"@id\":\"https:\\\/\\\/rosemvd.com\\\/#website\",\"url\":\"https:\\\/\\\/rosemvd.com\\\/\",\"name\":\"ROSE MVD\",\"description\":\"Todo lo que buscas lo pod\u00e9s encontrar en rose mvd, especializados en traer todas las cosas nuevas en tendencia y accesorios diferentes y \u00fanicos.\",\"publisher\":{\"@id\":\"https:\\\/\\\/rosemvd.com\\\/#organization\"},\"potentialAction\":[{\"@type\":\"SearchAction\",\"target\":{\"@type\":\"EntryPoint\",\"urlTemplate\":\"https:\\\/\\\/rosemvd.com\\\/?s={search_term_string}\"},\"query-input\":{\"@type\":\"PropertyValueSpecification\",\"valueRequired\":true,\"valueName\":\"search_term_string\"}}],\"inLanguage\":\"es\"},{\"@type\":\"Organization\",\"@id\":\"https:\\\/\\\/rosemvd.com\\\/#organization\",\"name\":\"ROSE MVD\",\"alternateName\":\"ROSE MVD\",\"url\":\"https:\\\/\\\/rosemvd.com\\\/\",\"logo\":{\"@type\":\"ImageObject\",\"inLanguage\":\"es\",\"@id\":\"https:\\\/\\\/rosemvd.com\\\/#\\\/schema\\\/logo\\\/image\\\/\",\"url\":\"https:\\\/\\\/rosemvd.com\\\/wp-content\\\/uploads\\\/2023\\\/03\\\/Sin-titulo-2_Mesa-de-trabajo-1.png\",\"contentUrl\":\"https:\\\/\\\/rosemvd.com\\\/wp-content\\\/uploads\\\/2023\\\/03\\\/Sin-titulo-2_Mesa-de-trabajo-1.png\",\"width\":2084,\"height\":2084,\"caption\":\"ROSE MVD\"},\"image\":{\"@id\":\"https:\\\/\\\/rosemvd.com\\\/#\\\/schema\\\/logo\\\/image\\\/\"},\"sameAs\":[\"https:\\\/\\\/www.facebook.com\\\/TiendaRoseMvd\",\"https:\\\/\\\/www.instagram.com\\\/rose.mvd\"]}]}<\/script>\n<!-- \/ Yoast SEO plugin. -->","yoast_head_json":{"title":"L\u00e1piz Para Cejas Efecto Microblading - ROSE MVD","description":"Define, rellena y da forma a tus cejas con precisi\u00f3n y naturalidad, delineador de cejas con punta tipo micro-fork de 2 puntas suaves tipo pincel.","robots":{"index":"index","follow":"follow","max-snippet":"max-snippet:-1","max-image-preview":"max-image-preview:large","max-video-preview":"max-video-preview:-1"},"canonical":"https:\/\/rosemvd.com\/index.php\/producto\/lapiz-para-cejas-efecto-microblading\/","og_locale":"es_ES","og_type":"article","og_title":"L\u00e1piz Para Cejas Efecto Microblading - ROSE MVD","og_description":"Define, rellena y da forma a tus cejas con precisi\u00f3n y naturalidad, delineador de cejas con punta tipo micro-fork de 2 puntas suaves tipo pincel.","og_url":"https:\/\/rosemvd.com\/index.php\/producto\/lapiz-para-cejas-efecto-microblading\/","og_site_name":"ROSE MVD","article_publisher":"https:\/\/www.facebook.com\/TiendaRoseMvd","article_modified_time":"2026-04-21T19:17:35+00:00","og_image":[{"width":800,"height":800,"url":"https:\/\/rosemvd.com\/wp-content\/uploads\/2025\/06\/1e2a892c42ac152ce801dc26f1b069edef095860_original.jpeg","type":"image\/jpeg"}],"twitter_card":"summary_large_image","twitter_misc":{"Tiempo de lectura":"1 minuto"},"schema":{"@context":"https:\/\/schema.org","@graph":[{"@type":"WebPage","@id":"https:\/\/rosemvd.com\/index.php\/producto\/lapiz-para-cejas-efecto-microblading\/","url":"https:\/\/rosemvd.com\/index.php\/producto\/lapiz-para-cejas-efecto-microblading\/","name":"L\u00e1piz Para Cejas Efecto Microblading - ROSE MVD","isPartOf":{"@id":"https:\/\/rosemvd.com\/#website"},"primaryImageOfPage":{"@id":"https:\/\/rosemvd.com\/index.php\/producto\/lapiz-para-cejas-efecto-microblading\/#primaryimage"},"image":{"@id":"https:\/\/rosemvd.com\/index.php\/producto\/lapiz-para-cejas-efecto-microblading\/#primaryimage"},"thumbnailUrl":"https:\/\/rosemvd.com\/wp-content\/uploads\/2025\/06\/1e2a892c42ac152ce801dc26f1b069edef095860_original.jpeg","datePublished":"2025-06-29T14:20:57+00:00","dateModified":"2026-04-21T19:17:35+00:00","description":"Define, rellena y da forma a tus cejas con precisi\u00f3n y naturalidad, delineador de cejas con punta tipo micro-fork de 2 puntas suaves tipo pincel.","breadcrumb":{"@id":"https:\/\/rosemvd.com\/index.php\/producto\/lapiz-para-cejas-efecto-microblading\/#breadcrumb"},"inLanguage":"es","potentialAction":[{"@type":"ReadAction","target":["https:\/\/rosemvd.com\/index.php\/producto\/lapiz-para-cejas-efecto-microblading\/"]}]},{"@type":"ImageObject","inLanguage":"es","@id":"https:\/\/rosemvd.com\/index.php\/producto\/lapiz-para-cejas-efecto-microblading\/#primaryimage","url":"https:\/\/rosemvd.com\/wp-content\/uploads\/2025\/06\/1e2a892c42ac152ce801dc26f1b069edef095860_original.jpeg","contentUrl":"https:\/\/rosemvd.com\/wp-content\/uploads\/2025\/06\/1e2a892c42ac152ce801dc26f1b069edef095860_original.jpeg","width":800,"height":800},{"@type":"BreadcrumbList","@id":"https:\/\/rosemvd.com\/index.php\/producto\/lapiz-para-cejas-efecto-microblading\/#breadcrumb","itemListElement":[{"@type":"ListItem","position":1,"name":"Portada","item":"https:\/\/rosemvd.com\/"},{"@type":"ListItem","position":2,"name":"Tienda","item":"https:\/\/rosemvd.com\/index.php\/tienda\/"},{"@type":"ListItem","position":3,"name":"L\u00e1piz Para Cejas Efecto Microblading"}]},{"@type":"WebSite","@id":"https:\/\/rosemvd.com\/#website","url":"https:\/\/rosemvd.com\/","name":"ROSE MVD","description":"Todo lo que buscas lo pod\u00e9s encontrar en rose mvd, especializados en traer todas las cosas nuevas en tendencia y accesorios diferentes y \u00fanicos.","publisher":{"@id":"https:\/\/rosemvd.com\/#organization"},"potentialAction":[{"@type":"SearchAction","target":{"@type":"EntryPoint","urlTemplate":"https:\/\/rosemvd.com\/?s={search_term_string}"},"query-input":{"@type":"PropertyValueSpecification","valueRequired":true,"valueName":"search_term_string"}}],"inLanguage":"es"},{"@type":"Organization","@id":"https:\/\/rosemvd.com\/#organization","name":"ROSE MVD","alternateName":"ROSE MVD","url":"https:\/\/rosemvd.com\/","logo":{"@type":"ImageObject","inLanguage":"es","@id":"https:\/\/rosemvd.com\/#\/schema\/logo\/image\/","url":"https:\/\/rosemvd.com\/wp-content\/uploads\/2023\/03\/Sin-titulo-2_Mesa-de-trabajo-1.png","contentUrl":"https:\/\/rosemvd.com\/wp-content\/uploads\/2023\/03\/Sin-titulo-2_Mesa-de-trabajo-1.png","width":2084,"height":2084,"caption":"ROSE MVD"},"image":{"@id":"https:\/\/rosemvd.com\/#\/schema\/logo\/image\/"},"sameAs":["https:\/\/www.facebook.com\/TiendaRoseMvd","https:\/\/www.instagram.com\/rose.mvd"]}]}},"_links":{"self":[{"href":"https:\/\/rosemvd.com\/index.php\/wp-json\/wp\/v2\/product\/13185","targetHints":{"allow":["GET"]}}],"collection":[{"href":"https:\/\/rosemvd.com\/index.php\/wp-json\/wp\/v2\/product"}],"about":[{"href":"https:\/\/rosemvd.com\/index.php\/wp-json\/wp\/v2\/types\/product"}],"wp:featuredmedia":[{"embeddable":true,"href":"https:\/\/rosemvd.com\/index.php\/wp-json\/wp\/v2\/media\/13194"}],"wp:attachment":[{"href":"https:\/\/rosemvd.com\/index.php\/wp-json\/wp\/v2\/media?parent=13185"}],"wp:term":[{"taxonomy":"product_brand","embeddable":true,"href":"https:\/\/rosemvd.com\/index.php\/wp-json\/wp\/v2\/product_brand?post=13185"},{"taxonomy":"product_cat","embeddable":true,"href":"https:\/\/rosemvd.com\/index.php\/wp-json\/wp\/v2\/product_cat?post=13185"},{"taxonomy":"product_tag","embeddable":true,"href":"https:\/\/rosemvd.com\/index.php\/wp-json\/wp\/v2\/product_tag?post=13185"}],"curies":[{"name":"wp","href":"https:\/\/api.w.org\/{rel}","templated":true}]}}