{"id":12989,"date":"2025-06-03T12:20:53","date_gmt":"2025-06-03T15:20:53","guid":{"rendered":"https:\/\/rosemvd.com\/?post_type=product&#038;p=12989"},"modified":"2026-04-21T21:59:35","modified_gmt":"2026-04-22T00:59:35","slug":"lapiz-blanqueador-dental-5ml","status":"publish","type":"product","link":"https:\/\/rosemvd.com\/index.php\/producto\/lapiz-blanqueador-dental-5ml\/","title":{"rendered":"Lapiz Blanqueador Dental 5ML"},"content":{"rendered":"<h3 data-start=\"150\" data-end=\"210\"><strong data-start=\"154\" data-end=\"210\">L\u00e1piz Blanqueador Dental 5 ml \u2013 Sonr\u00ede con Confianza<\/strong><\/h3>\n<p data-start=\"212\" data-end=\"558\">Recupera el brillo natural de tu sonrisa con nuestro <strong data-start=\"265\" data-end=\"301\">L\u00e1piz Blanqueador Dental de 5 ml<\/strong>, formulado para reducir visiblemente las manchas superficiales y neutralizar los tonos amarillos de forma r\u00e1pida y efectiva. Su pr\u00e1ctico formato permite una aplicaci\u00f3n precisa y segura, ideal para incorporar f\u00e1cilmente en tu rutina diaria de cuidado bucal.<\/p>\n<hr data-start=\"560\" data-end=\"563\" \/>\n<h3 data-start=\"565\" data-end=\"584\"><strong data-start=\"569\" data-end=\"584\">Beneficios:<\/strong><\/h3>\n<ul data-start=\"585\" data-end=\"1033\">\n<li data-start=\"585\" data-end=\"724\">\n<p data-start=\"587\" data-end=\"724\"><strong data-start=\"587\" data-end=\"614\">Blanqueamiento visible:<\/strong> Ayuda a corregir el color dental y eliminar manchas causadas por caf\u00e9, vino, tabaco u otros factores comunes.<\/p>\n<\/li>\n<li data-start=\"725\" data-end=\"856\">\n<p data-start=\"727\" data-end=\"856\"><strong data-start=\"727\" data-end=\"750\">Aplicaci\u00f3n precisa:<\/strong> Punta tipo pincel que permite aplicar el producto directamente sobre los dientes, sin afectar las enc\u00edas.<\/p>\n<\/li>\n<li data-start=\"857\" data-end=\"951\">\n<p data-start=\"859\" data-end=\"951\"><strong data-start=\"859\" data-end=\"886\">Resultados progresivos:<\/strong> Notar\u00e1s una sonrisa m\u00e1s blanca en pocas semanas con uso regular.<\/p>\n<\/li>\n<li data-start=\"952\" data-end=\"1033\">\n<p data-start=\"954\" data-end=\"1033\"><strong data-start=\"954\" data-end=\"986\">F\u00e1cil de usar y transportar:<\/strong> Ideal para retoques en casa o sobre la marcha.<\/p>\n<\/li>\n<\/ul>\n<hr data-start=\"1035\" data-end=\"1038\" \/>\n<h3 data-start=\"1040\" data-end=\"1060\"><strong data-start=\"1044\" data-end=\"1060\">Modo de uso:<\/strong><\/h3>\n<ol data-start=\"1061\" data-end=\"1398\">\n<li data-start=\"1061\" data-end=\"1123\">\n<p data-start=\"1064\" data-end=\"1123\">Cepilla tus dientes y s\u00e9calos ligeramente antes de aplicar.<\/p>\n<\/li>\n<li data-start=\"1124\" data-end=\"1170\">\n<p data-start=\"1127\" data-end=\"1170\">Gira la base del l\u00e1piz para liberar el gel.<\/p>\n<\/li>\n<li data-start=\"1171\" data-end=\"1253\">\n<p data-start=\"1174\" data-end=\"1253\">Aplica una capa delgada sobre los dientes, evitando el contacto con las enc\u00edas.<\/p>\n<\/li>\n<li data-start=\"1254\" data-end=\"1352\">\n<p data-start=\"1257\" data-end=\"1352\">Deja actuar el producto durante el tiempo recomendado (consultar instrucciones del fabricante).<\/p>\n<\/li>\n<li data-start=\"1353\" data-end=\"1398\">\n<p data-start=\"1356\" data-end=\"1398\">No enjuagar ni ingerir durante el proceso.<\/p>\n<\/li>\n<\/ol>\n<hr data-start=\"1400\" data-end=\"1403\" \/>\n<h3 data-start=\"1405\" data-end=\"1435\"><strong data-start=\"1409\" data-end=\"1435\">Informaci\u00f3n adicional:<\/strong><\/h3>\n<ul data-start=\"1436\" data-end=\"1707\">\n<li data-start=\"1436\" data-end=\"1457\">\n<p data-start=\"1438\" data-end=\"1457\"><strong data-start=\"1438\" data-end=\"1452\">Contenido:<\/strong> 5 ml<\/p>\n<\/li>\n<li data-start=\"1458\" data-end=\"1535\">\n<p data-start=\"1460\" data-end=\"1535\"><strong data-start=\"1460\" data-end=\"1485\">Ingredientes activos:<\/strong> Puede contener per\u00f3xido de hidr\u00f3geno o carbamida.<\/p>\n<\/li>\n<li data-start=\"1536\" data-end=\"1585\">\n<p data-start=\"1538\" data-end=\"1585\"><strong data-start=\"1538\" data-end=\"1565\">Frecuencia recomendada:<\/strong> 1 a 2 veces al d\u00eda.<\/p>\n<\/li>\n<li data-start=\"1586\" data-end=\"1707\">\n<p data-start=\"1588\" data-end=\"1707\"><strong data-start=\"1588\" data-end=\"1605\">Precauciones:<\/strong> No ingerir. Evitar el contacto con ojos y enc\u00edas. En caso de sensibilidad, consultar a un odont\u00f3logo.<\/p>\n<\/li>\n<\/ul>\n<hr data-start=\"1709\" data-end=\"1712\" \/>\n<p data-start=\"1714\" data-end=\"1945\"><strong data-start=\"1714\" data-end=\"1723\">Nota:<\/strong> Los resultados pueden variar seg\u00fan el tipo de mancha y el estado dental previo. No sustituye tratamientos profesionales, pero es una excelente opci\u00f3n de mantenimiento o para quienes buscan resultados graduales desde casa.<\/p>\n","protected":false},"excerpt":{"rendered":"<p>L\u00e1piz Blanqueador Dental 5 ml \u2013 Sonr\u00ede con Confianza Recupera el brillo natural de tu sonrisa con nuestro L\u00e1piz Blanqueador Dental de 5 ml, formulado para reducir visiblemente las manchas superficiales y neutralizar los tonos amarillos de forma r\u00e1pida y efectiva. Su pr\u00e1ctico formato permite una aplicaci\u00f3n precisa y segura, ideal para incorporar f\u00e1cilmente en [&hellip;]<\/p>\n","protected":false},"featured_media":12995,"template":"","meta":{"site-sidebar-layout":"default","site-content-layout":"","ast-site-content-layout":"default","site-content-style":"default","site-sidebar-style":"default","ast-global-header-display":"","ast-banner-title-visibility":"","ast-main-header-display":"","ast-hfb-above-header-display":"","ast-hfb-below-header-display":"","ast-hfb-mobile-header-display":"","site-post-title":"","ast-breadcrumbs-content":"","ast-featured-img":"","footer-sml-layout":"","ast-disable-related-posts":"","theme-transparent-header-meta":"default","adv-header-id-meta":"","stick-header-meta":"","header-above-stick-meta":"","header-main-stick-meta":"","header-below-stick-meta":"","astra-migrate-meta-layouts":"set","ast-page-background-enabled":"default","ast-page-background-meta":{"desktop":{"background-color":"var(--ast-global-color-4)","background-image":"","background-repeat":"repeat","background-position":"center center","background-size":"auto","background-attachment":"scroll","background-type":"","background-media":"","overlay-type":"","overlay-color":"","overlay-opacity":"","overlay-gradient":""},"tablet":{"background-color":"","background-image":"","background-repeat":"repeat","background-position":"center center","background-size":"auto","background-attachment":"scroll","background-type":"","background-media":"","overlay-type":"","overlay-color":"","overlay-opacity":"","overlay-gradient":""},"mobile":{"background-color":"","background-image":"","background-repeat":"repeat","background-position":"center center","background-size":"auto","background-attachment":"scroll","background-type":"","background-media":"","overlay-type":"","overlay-color":"","overlay-opacity":"","overlay-gradient":""}},"ast-content-background-meta":{"desktop":{"background-color":"var(--ast-global-color-5)","background-image":"","background-repeat":"repeat","background-position":"center center","background-size":"auto","background-attachment":"scroll","background-type":"","background-media":"","overlay-type":"","overlay-color":"","overlay-opacity":"","overlay-gradient":""},"tablet":{"background-color":"var(--ast-global-color-5)","background-image":"","background-repeat":"repeat","background-position":"center center","background-size":"auto","background-attachment":"scroll","background-type":"","background-media":"","overlay-type":"","overlay-color":"","overlay-opacity":"","overlay-gradient":""},"mobile":{"background-color":"var(--ast-global-color-5)","background-image":"","background-repeat":"repeat","background-position":"center center","background-size":"auto","background-attachment":"scroll","background-type":"","background-media":"","overlay-type":"","overlay-color":"","overlay-opacity":"","overlay-gradient":""}}},"product_brand":[],"product_cat":[447,455,368],"product_tag":[],"class_list":{"0":"post-12989","1":"product","2":"type-product","3":"status-publish","4":"has-post-thumbnail","6":"product_cat-bienestar","7":"product_cat-higiene","8":"product_cat-otros","9":"desktop-align-left","10":"tablet-align-left","11":"mobile-align-left","13":"first","14":"instock","15":"shipping-taxable","16":"purchasable","17":"product-type-simple"},"yoast_head":"<!-- This site is optimized with the Yoast SEO plugin v27.3 - https:\/\/yoast.com\/product\/yoast-seo-wordpress\/ -->\n<title>Lapiz Blanqueador Dental 5ML - ROSE MVD<\/title>\n<meta name=\"description\" content=\"Formulado para reducir visiblemente las manchas superficiales y neutralizar los tonos amarillos de forma r\u00e1pida y efectiva\" \/>\n<meta name=\"robots\" content=\"index, follow, max-snippet:-1, max-image-preview:large, max-video-preview:-1\" \/>\n<link rel=\"canonical\" href=\"https:\/\/rosemvd.com\/index.php\/producto\/lapiz-blanqueador-dental-5ml\/\" \/>\n<meta property=\"og:locale\" content=\"es_ES\" \/>\n<meta property=\"og:type\" content=\"article\" \/>\n<meta property=\"og:title\" content=\"Lapiz Blanqueador Dental 5ML - ROSE MVD\" \/>\n<meta property=\"og:description\" content=\"Formulado para reducir visiblemente las manchas superficiales y neutralizar los tonos amarillos de forma r\u00e1pida y efectiva\" \/>\n<meta property=\"og:url\" content=\"https:\/\/rosemvd.com\/index.php\/producto\/lapiz-blanqueador-dental-5ml\/\" \/>\n<meta property=\"og:site_name\" content=\"ROSE MVD\" \/>\n<meta property=\"article:publisher\" content=\"https:\/\/www.facebook.com\/TiendaRoseMvd\" \/>\n<meta property=\"article:modified_time\" content=\"2026-04-22T00:59:35+00:00\" \/>\n<meta property=\"og:image\" content=\"https:\/\/rosemvd.com\/wp-content\/uploads\/2025\/06\/D_NQ_NP_903627-MLU84707806629_052025-O.png\" \/>\n\t<meta property=\"og:image:width\" content=\"553\" \/>\n\t<meta property=\"og:image:height\" content=\"500\" \/>\n\t<meta property=\"og:image:type\" content=\"image\/png\" \/>\n<meta name=\"twitter:card\" content=\"summary_large_image\" \/>\n<meta name=\"twitter:label1\" content=\"Tiempo de lectura\" \/>\n\t<meta name=\"twitter:data1\" content=\"2 minutos\" \/>\n<script type=\"application\/ld+json\" class=\"yoast-schema-graph\">{\"@context\":\"https:\\\/\\\/schema.org\",\"@graph\":[{\"@type\":\"WebPage\",\"@id\":\"https:\\\/\\\/rosemvd.com\\\/index.php\\\/producto\\\/lapiz-blanqueador-dental-5ml\\\/\",\"url\":\"https:\\\/\\\/rosemvd.com\\\/index.php\\\/producto\\\/lapiz-blanqueador-dental-5ml\\\/\",\"name\":\"Lapiz Blanqueador Dental 5ML - ROSE MVD\",\"isPartOf\":{\"@id\":\"https:\\\/\\\/rosemvd.com\\\/#website\"},\"primaryImageOfPage\":{\"@id\":\"https:\\\/\\\/rosemvd.com\\\/index.php\\\/producto\\\/lapiz-blanqueador-dental-5ml\\\/#primaryimage\"},\"image\":{\"@id\":\"https:\\\/\\\/rosemvd.com\\\/index.php\\\/producto\\\/lapiz-blanqueador-dental-5ml\\\/#primaryimage\"},\"thumbnailUrl\":\"https:\\\/\\\/rosemvd.com\\\/wp-content\\\/uploads\\\/2025\\\/06\\\/D_NQ_NP_903627-MLU84707806629_052025-O.png\",\"datePublished\":\"2025-06-03T15:20:53+00:00\",\"dateModified\":\"2026-04-22T00:59:35+00:00\",\"description\":\"Formulado para reducir visiblemente las manchas superficiales y neutralizar los tonos amarillos de forma r\u00e1pida y efectiva\",\"breadcrumb\":{\"@id\":\"https:\\\/\\\/rosemvd.com\\\/index.php\\\/producto\\\/lapiz-blanqueador-dental-5ml\\\/#breadcrumb\"},\"inLanguage\":\"es\",\"potentialAction\":[{\"@type\":\"ReadAction\",\"target\":[\"https:\\\/\\\/rosemvd.com\\\/index.php\\\/producto\\\/lapiz-blanqueador-dental-5ml\\\/\"]}]},{\"@type\":\"ImageObject\",\"inLanguage\":\"es\",\"@id\":\"https:\\\/\\\/rosemvd.com\\\/index.php\\\/producto\\\/lapiz-blanqueador-dental-5ml\\\/#primaryimage\",\"url\":\"https:\\\/\\\/rosemvd.com\\\/wp-content\\\/uploads\\\/2025\\\/06\\\/D_NQ_NP_903627-MLU84707806629_052025-O.png\",\"contentUrl\":\"https:\\\/\\\/rosemvd.com\\\/wp-content\\\/uploads\\\/2025\\\/06\\\/D_NQ_NP_903627-MLU84707806629_052025-O.png\",\"width\":553,\"height\":500},{\"@type\":\"BreadcrumbList\",\"@id\":\"https:\\\/\\\/rosemvd.com\\\/index.php\\\/producto\\\/lapiz-blanqueador-dental-5ml\\\/#breadcrumb\",\"itemListElement\":[{\"@type\":\"ListItem\",\"position\":1,\"name\":\"Portada\",\"item\":\"https:\\\/\\\/rosemvd.com\\\/\"},{\"@type\":\"ListItem\",\"position\":2,\"name\":\"Tienda\",\"item\":\"https:\\\/\\\/rosemvd.com\\\/index.php\\\/tienda\\\/\"},{\"@type\":\"ListItem\",\"position\":3,\"name\":\"Lapiz Blanqueador Dental 5ML\"}]},{\"@type\":\"WebSite\",\"@id\":\"https:\\\/\\\/rosemvd.com\\\/#website\",\"url\":\"https:\\\/\\\/rosemvd.com\\\/\",\"name\":\"ROSE MVD\",\"description\":\"Todo lo que buscas lo pod\u00e9s encontrar en rose mvd, especializados en traer todas las cosas nuevas en tendencia y accesorios diferentes y \u00fanicos.\",\"publisher\":{\"@id\":\"https:\\\/\\\/rosemvd.com\\\/#organization\"},\"potentialAction\":[{\"@type\":\"SearchAction\",\"target\":{\"@type\":\"EntryPoint\",\"urlTemplate\":\"https:\\\/\\\/rosemvd.com\\\/?s={search_term_string}\"},\"query-input\":{\"@type\":\"PropertyValueSpecification\",\"valueRequired\":true,\"valueName\":\"search_term_string\"}}],\"inLanguage\":\"es\"},{\"@type\":\"Organization\",\"@id\":\"https:\\\/\\\/rosemvd.com\\\/#organization\",\"name\":\"ROSE MVD\",\"alternateName\":\"ROSE MVD\",\"url\":\"https:\\\/\\\/rosemvd.com\\\/\",\"logo\":{\"@type\":\"ImageObject\",\"inLanguage\":\"es\",\"@id\":\"https:\\\/\\\/rosemvd.com\\\/#\\\/schema\\\/logo\\\/image\\\/\",\"url\":\"https:\\\/\\\/rosemvd.com\\\/wp-content\\\/uploads\\\/2023\\\/03\\\/Sin-titulo-2_Mesa-de-trabajo-1.png\",\"contentUrl\":\"https:\\\/\\\/rosemvd.com\\\/wp-content\\\/uploads\\\/2023\\\/03\\\/Sin-titulo-2_Mesa-de-trabajo-1.png\",\"width\":2084,\"height\":2084,\"caption\":\"ROSE MVD\"},\"image\":{\"@id\":\"https:\\\/\\\/rosemvd.com\\\/#\\\/schema\\\/logo\\\/image\\\/\"},\"sameAs\":[\"https:\\\/\\\/www.facebook.com\\\/TiendaRoseMvd\",\"https:\\\/\\\/www.instagram.com\\\/rose.mvd\"]}]}<\/script>\n<!-- \/ Yoast SEO plugin. -->","yoast_head_json":{"title":"Lapiz Blanqueador Dental 5ML - ROSE MVD","description":"Formulado para reducir visiblemente las manchas superficiales y neutralizar los tonos amarillos de forma r\u00e1pida y efectiva","robots":{"index":"index","follow":"follow","max-snippet":"max-snippet:-1","max-image-preview":"max-image-preview:large","max-video-preview":"max-video-preview:-1"},"canonical":"https:\/\/rosemvd.com\/index.php\/producto\/lapiz-blanqueador-dental-5ml\/","og_locale":"es_ES","og_type":"article","og_title":"Lapiz Blanqueador Dental 5ML - ROSE MVD","og_description":"Formulado para reducir visiblemente las manchas superficiales y neutralizar los tonos amarillos de forma r\u00e1pida y efectiva","og_url":"https:\/\/rosemvd.com\/index.php\/producto\/lapiz-blanqueador-dental-5ml\/","og_site_name":"ROSE MVD","article_publisher":"https:\/\/www.facebook.com\/TiendaRoseMvd","article_modified_time":"2026-04-22T00:59:35+00:00","og_image":[{"width":553,"height":500,"url":"https:\/\/rosemvd.com\/wp-content\/uploads\/2025\/06\/D_NQ_NP_903627-MLU84707806629_052025-O.png","type":"image\/png"}],"twitter_card":"summary_large_image","twitter_misc":{"Tiempo de lectura":"2 minutos"},"schema":{"@context":"https:\/\/schema.org","@graph":[{"@type":"WebPage","@id":"https:\/\/rosemvd.com\/index.php\/producto\/lapiz-blanqueador-dental-5ml\/","url":"https:\/\/rosemvd.com\/index.php\/producto\/lapiz-blanqueador-dental-5ml\/","name":"Lapiz Blanqueador Dental 5ML - ROSE MVD","isPartOf":{"@id":"https:\/\/rosemvd.com\/#website"},"primaryImageOfPage":{"@id":"https:\/\/rosemvd.com\/index.php\/producto\/lapiz-blanqueador-dental-5ml\/#primaryimage"},"image":{"@id":"https:\/\/rosemvd.com\/index.php\/producto\/lapiz-blanqueador-dental-5ml\/#primaryimage"},"thumbnailUrl":"https:\/\/rosemvd.com\/wp-content\/uploads\/2025\/06\/D_NQ_NP_903627-MLU84707806629_052025-O.png","datePublished":"2025-06-03T15:20:53+00:00","dateModified":"2026-04-22T00:59:35+00:00","description":"Formulado para reducir visiblemente las manchas superficiales y neutralizar los tonos amarillos de forma r\u00e1pida y efectiva","breadcrumb":{"@id":"https:\/\/rosemvd.com\/index.php\/producto\/lapiz-blanqueador-dental-5ml\/#breadcrumb"},"inLanguage":"es","potentialAction":[{"@type":"ReadAction","target":["https:\/\/rosemvd.com\/index.php\/producto\/lapiz-blanqueador-dental-5ml\/"]}]},{"@type":"ImageObject","inLanguage":"es","@id":"https:\/\/rosemvd.com\/index.php\/producto\/lapiz-blanqueador-dental-5ml\/#primaryimage","url":"https:\/\/rosemvd.com\/wp-content\/uploads\/2025\/06\/D_NQ_NP_903627-MLU84707806629_052025-O.png","contentUrl":"https:\/\/rosemvd.com\/wp-content\/uploads\/2025\/06\/D_NQ_NP_903627-MLU84707806629_052025-O.png","width":553,"height":500},{"@type":"BreadcrumbList","@id":"https:\/\/rosemvd.com\/index.php\/producto\/lapiz-blanqueador-dental-5ml\/#breadcrumb","itemListElement":[{"@type":"ListItem","position":1,"name":"Portada","item":"https:\/\/rosemvd.com\/"},{"@type":"ListItem","position":2,"name":"Tienda","item":"https:\/\/rosemvd.com\/index.php\/tienda\/"},{"@type":"ListItem","position":3,"name":"Lapiz Blanqueador Dental 5ML"}]},{"@type":"WebSite","@id":"https:\/\/rosemvd.com\/#website","url":"https:\/\/rosemvd.com\/","name":"ROSE MVD","description":"Todo lo que buscas lo pod\u00e9s encontrar en rose mvd, especializados en traer todas las cosas nuevas en tendencia y accesorios diferentes y \u00fanicos.","publisher":{"@id":"https:\/\/rosemvd.com\/#organization"},"potentialAction":[{"@type":"SearchAction","target":{"@type":"EntryPoint","urlTemplate":"https:\/\/rosemvd.com\/?s={search_term_string}"},"query-input":{"@type":"PropertyValueSpecification","valueRequired":true,"valueName":"search_term_string"}}],"inLanguage":"es"},{"@type":"Organization","@id":"https:\/\/rosemvd.com\/#organization","name":"ROSE MVD","alternateName":"ROSE MVD","url":"https:\/\/rosemvd.com\/","logo":{"@type":"ImageObject","inLanguage":"es","@id":"https:\/\/rosemvd.com\/#\/schema\/logo\/image\/","url":"https:\/\/rosemvd.com\/wp-content\/uploads\/2023\/03\/Sin-titulo-2_Mesa-de-trabajo-1.png","contentUrl":"https:\/\/rosemvd.com\/wp-content\/uploads\/2023\/03\/Sin-titulo-2_Mesa-de-trabajo-1.png","width":2084,"height":2084,"caption":"ROSE MVD"},"image":{"@id":"https:\/\/rosemvd.com\/#\/schema\/logo\/image\/"},"sameAs":["https:\/\/www.facebook.com\/TiendaRoseMvd","https:\/\/www.instagram.com\/rose.mvd"]}]}},"_links":{"self":[{"href":"https:\/\/rosemvd.com\/index.php\/wp-json\/wp\/v2\/product\/12989","targetHints":{"allow":["GET"]}}],"collection":[{"href":"https:\/\/rosemvd.com\/index.php\/wp-json\/wp\/v2\/product"}],"about":[{"href":"https:\/\/rosemvd.com\/index.php\/wp-json\/wp\/v2\/types\/product"}],"wp:featuredmedia":[{"embeddable":true,"href":"https:\/\/rosemvd.com\/index.php\/wp-json\/wp\/v2\/media\/12995"}],"wp:attachment":[{"href":"https:\/\/rosemvd.com\/index.php\/wp-json\/wp\/v2\/media?parent=12989"}],"wp:term":[{"taxonomy":"product_brand","embeddable":true,"href":"https:\/\/rosemvd.com\/index.php\/wp-json\/wp\/v2\/product_brand?post=12989"},{"taxonomy":"product_cat","embeddable":true,"href":"https:\/\/rosemvd.com\/index.php\/wp-json\/wp\/v2\/product_cat?post=12989"},{"taxonomy":"product_tag","embeddable":true,"href":"https:\/\/rosemvd.com\/index.php\/wp-json\/wp\/v2\/product_tag?post=12989"}],"curies":[{"name":"wp","href":"https:\/\/api.w.org\/{rel}","templated":true}]}}