{"id":12773,"date":"2025-04-25T13:21:56","date_gmt":"2025-04-25T16:21:56","guid":{"rendered":"https:\/\/rosemvd.com\/?post_type=product&#038;p=12773"},"modified":"2025-04-25T13:31:39","modified_gmt":"2025-04-25T16:31:39","slug":"reloj-deportivo-3d-rin-giratorio","status":"publish","type":"product","link":"https:\/\/rosemvd.com\/index.php\/producto\/reloj-deportivo-3d-rin-giratorio\/","title":{"rendered":"Reloj Deportivo 3d Rin Giratorio"},"content":{"rendered":"<p class=\"\" data-start=\"77\" data-end=\"133\"><strong data-start=\"77\" data-end=\"133\">Reloj Deportivo con Rin Giratorio &#8211; Dise\u00f1o Exclusivo<\/strong><\/p>\n<p class=\"\" data-start=\"135\" data-end=\"318\">Este reloj combina un estilo moderno con un toque automotriz \u00fanico gracias a su rin giratorio 100% funcional, ideal para quienes buscan destacar con un accesorio original y llamativo.<\/p>\n<p class=\"\" data-start=\"320\" data-end=\"352\"><strong data-start=\"320\" data-end=\"352\">Caracter\u00edsticas principales:<\/strong><\/p>\n<ul data-start=\"354\" data-end=\"769\">\n<li class=\"\" data-start=\"354\" data-end=\"414\">\n<p class=\"\" data-start=\"356\" data-end=\"414\">Rin giratorio totalmente funcional integrado en la esfera.<\/p>\n<\/li>\n<li class=\"\" data-start=\"415\" data-end=\"523\">\n<p class=\"\" data-start=\"417\" data-end=\"523\">Disponible en dos colores: rojo o verde, con detalles en contraste en la car\u00e1tula y costuras de la correa.<\/p>\n<\/li>\n<li class=\"\" data-start=\"524\" data-end=\"585\">\n<p class=\"\" data-start=\"526\" data-end=\"585\">Tama\u00f1o de la esfera: 42 mm, con dise\u00f1o robusto y llamativo.<\/p>\n<\/li>\n<li class=\"\" data-start=\"586\" data-end=\"653\">\n<p class=\"\" data-start=\"588\" data-end=\"653\">Correa de cuero sint\u00e9tico con costuras del color correspondiente.<\/p>\n<\/li>\n<li class=\"\" data-start=\"654\" data-end=\"695\">\n<p class=\"\" data-start=\"656\" data-end=\"695\">Movimiento de cuarzo de alta precisi\u00f3n.<\/p>\n<\/li>\n<li class=\"\" data-start=\"696\" data-end=\"769\">\n<p class=\"\" data-start=\"698\" data-end=\"769\">Dise\u00f1o pensado para fan\u00e1ticos de los autos y personas con estilo \u00fanico.<\/p>\n<\/li>\n<\/ul>\n<p class=\"\" data-start=\"771\" data-end=\"881\">Un reloj diferente, perfecto para regalar o para quienes quieren llevar un accesorio que marque la diferencia.<\/p>\n","protected":false},"excerpt":{"rendered":"<p>Reloj Deportivo con Rin Giratorio &#8211; Dise\u00f1o Exclusivo Este reloj combina un estilo moderno con un toque automotriz \u00fanico gracias a su rin giratorio 100% funcional, ideal para quienes buscan destacar con un accesorio original y llamativo. Caracter\u00edsticas principales: Rin giratorio totalmente funcional integrado en la esfera. Disponible en dos colores: rojo o verde, con [&hellip;]<\/p>\n","protected":false},"featured_media":12778,"template":"","meta":{"site-sidebar-layout":"default","site-content-layout":"","ast-site-content-layout":"default","site-content-style":"default","site-sidebar-style":"default","ast-global-header-display":"","ast-banner-title-visibility":"","ast-main-header-display":"","ast-hfb-above-header-display":"","ast-hfb-below-header-display":"","ast-hfb-mobile-header-display":"","site-post-title":"","ast-breadcrumbs-content":"","ast-featured-img":"","footer-sml-layout":"","ast-disable-related-posts":"","theme-transparent-header-meta":"default","adv-header-id-meta":"","stick-header-meta":"","header-above-stick-meta":"","header-main-stick-meta":"","header-below-stick-meta":"","astra-migrate-meta-layouts":"set","ast-page-background-enabled":"default","ast-page-background-meta":{"desktop":{"background-color":"var(--ast-global-color-4)","background-image":"","background-repeat":"repeat","background-position":"center center","background-size":"auto","background-attachment":"scroll","background-type":"","background-media":"","overlay-type":"","overlay-color":"","overlay-opacity":"","overlay-gradient":""},"tablet":{"background-color":"","background-image":"","background-repeat":"repeat","background-position":"center center","background-size":"auto","background-attachment":"scroll","background-type":"","background-media":"","overlay-type":"","overlay-color":"","overlay-opacity":"","overlay-gradient":""},"mobile":{"background-color":"","background-image":"","background-repeat":"repeat","background-position":"center center","background-size":"auto","background-attachment":"scroll","background-type":"","background-media":"","overlay-type":"","overlay-color":"","overlay-opacity":"","overlay-gradient":""}},"ast-content-background-meta":{"desktop":{"background-color":"var(--ast-global-color-5)","background-image":"","background-repeat":"repeat","background-position":"center center","background-size":"auto","background-attachment":"scroll","background-type":"","background-media":"","overlay-type":"","overlay-color":"","overlay-opacity":"","overlay-gradient":""},"tablet":{"background-color":"var(--ast-global-color-5)","background-image":"","background-repeat":"repeat","background-position":"center center","background-size":"auto","background-attachment":"scroll","background-type":"","background-media":"","overlay-type":"","overlay-color":"","overlay-opacity":"","overlay-gradient":""},"mobile":{"background-color":"var(--ast-global-color-5)","background-image":"","background-repeat":"repeat","background-position":"center center","background-size":"auto","background-attachment":"scroll","background-type":"","background-media":"","overlay-type":"","overlay-color":"","overlay-opacity":"","overlay-gradient":""}}},"product_brand":[],"product_cat":[358,360],"product_tag":[],"class_list":{"0":"post-12773","1":"product","2":"type-product","3":"status-publish","4":"has-post-thumbnail","6":"product_cat-reloj","7":"product_cat-reloj-caballero","8":"desktop-align-left","9":"tablet-align-left","10":"mobile-align-left","12":"first","13":"instock","14":"shipping-taxable","15":"purchasable","16":"product-type-variable"},"yoast_head":"<!-- This site is optimized with the Yoast SEO plugin v27.3 - https:\/\/yoast.com\/product\/yoast-seo-wordpress\/ -->\n<title>Reloj Deportivo 3d Rin Giratorio - ROSE MVD<\/title>\n<meta name=\"description\" content=\"Combina un estilo moderno con un toque automotriz \u00fanico gracias a su rin giratorio 100% funcional, ideal para quienes buscan destacar\" \/>\n<meta name=\"robots\" content=\"index, follow, max-snippet:-1, max-image-preview:large, max-video-preview:-1\" \/>\n<link rel=\"canonical\" href=\"https:\/\/rosemvd.com\/index.php\/producto\/reloj-deportivo-3d-rin-giratorio\/\" \/>\n<meta property=\"og:locale\" content=\"es_ES\" \/>\n<meta property=\"og:type\" content=\"article\" \/>\n<meta property=\"og:title\" content=\"Reloj Deportivo 3d Rin Giratorio - ROSE MVD\" \/>\n<meta property=\"og:description\" content=\"Combina un estilo moderno con un toque automotriz \u00fanico gracias a su rin giratorio 100% funcional, ideal para quienes buscan destacar\" \/>\n<meta property=\"og:url\" content=\"https:\/\/rosemvd.com\/index.php\/producto\/reloj-deportivo-3d-rin-giratorio\/\" \/>\n<meta property=\"og:site_name\" content=\"ROSE MVD\" \/>\n<meta property=\"article:publisher\" content=\"https:\/\/www.facebook.com\/TiendaRoseMvd\" \/>\n<meta property=\"article:modified_time\" content=\"2025-04-25T16:31:39+00:00\" \/>\n<meta property=\"og:image\" content=\"https:\/\/rosemvd.com\/wp-content\/uploads\/2025\/04\/D_NQ_NP_959435-MLU83768522857_042025-O.webp\" \/>\n\t<meta property=\"og:image:width\" content=\"480\" \/>\n\t<meta property=\"og:image:height\" content=\"500\" \/>\n\t<meta property=\"og:image:type\" content=\"image\/webp\" \/>\n<meta name=\"twitter:card\" content=\"summary_large_image\" \/>\n<meta name=\"twitter:label1\" content=\"Tiempo de lectura\" \/>\n\t<meta name=\"twitter:data1\" content=\"1 minuto\" \/>\n<script type=\"application\/ld+json\" class=\"yoast-schema-graph\">{\"@context\":\"https:\\\/\\\/schema.org\",\"@graph\":[{\"@type\":\"WebPage\",\"@id\":\"https:\\\/\\\/rosemvd.com\\\/index.php\\\/producto\\\/reloj-deportivo-3d-rin-giratorio\\\/\",\"url\":\"https:\\\/\\\/rosemvd.com\\\/index.php\\\/producto\\\/reloj-deportivo-3d-rin-giratorio\\\/\",\"name\":\"Reloj Deportivo 3d Rin Giratorio - ROSE MVD\",\"isPartOf\":{\"@id\":\"https:\\\/\\\/rosemvd.com\\\/#website\"},\"primaryImageOfPage\":{\"@id\":\"https:\\\/\\\/rosemvd.com\\\/index.php\\\/producto\\\/reloj-deportivo-3d-rin-giratorio\\\/#primaryimage\"},\"image\":{\"@id\":\"https:\\\/\\\/rosemvd.com\\\/index.php\\\/producto\\\/reloj-deportivo-3d-rin-giratorio\\\/#primaryimage\"},\"thumbnailUrl\":\"https:\\\/\\\/rosemvd.com\\\/wp-content\\\/uploads\\\/2025\\\/04\\\/D_NQ_NP_959435-MLU83768522857_042025-O.webp\",\"datePublished\":\"2025-04-25T16:21:56+00:00\",\"dateModified\":\"2025-04-25T16:31:39+00:00\",\"description\":\"Combina un estilo moderno con un toque automotriz \u00fanico gracias a su rin giratorio 100% funcional, ideal para quienes buscan destacar\",\"breadcrumb\":{\"@id\":\"https:\\\/\\\/rosemvd.com\\\/index.php\\\/producto\\\/reloj-deportivo-3d-rin-giratorio\\\/#breadcrumb\"},\"inLanguage\":\"es\",\"potentialAction\":[{\"@type\":\"ReadAction\",\"target\":[\"https:\\\/\\\/rosemvd.com\\\/index.php\\\/producto\\\/reloj-deportivo-3d-rin-giratorio\\\/\"]}]},{\"@type\":\"ImageObject\",\"inLanguage\":\"es\",\"@id\":\"https:\\\/\\\/rosemvd.com\\\/index.php\\\/producto\\\/reloj-deportivo-3d-rin-giratorio\\\/#primaryimage\",\"url\":\"https:\\\/\\\/rosemvd.com\\\/wp-content\\\/uploads\\\/2025\\\/04\\\/D_NQ_NP_959435-MLU83768522857_042025-O.webp\",\"contentUrl\":\"https:\\\/\\\/rosemvd.com\\\/wp-content\\\/uploads\\\/2025\\\/04\\\/D_NQ_NP_959435-MLU83768522857_042025-O.webp\",\"width\":480,\"height\":500},{\"@type\":\"BreadcrumbList\",\"@id\":\"https:\\\/\\\/rosemvd.com\\\/index.php\\\/producto\\\/reloj-deportivo-3d-rin-giratorio\\\/#breadcrumb\",\"itemListElement\":[{\"@type\":\"ListItem\",\"position\":1,\"name\":\"Portada\",\"item\":\"https:\\\/\\\/rosemvd.com\\\/\"},{\"@type\":\"ListItem\",\"position\":2,\"name\":\"Tienda\",\"item\":\"https:\\\/\\\/rosemvd.com\\\/index.php\\\/tienda\\\/\"},{\"@type\":\"ListItem\",\"position\":3,\"name\":\"Reloj Deportivo 3d Rin Giratorio\"}]},{\"@type\":\"WebSite\",\"@id\":\"https:\\\/\\\/rosemvd.com\\\/#website\",\"url\":\"https:\\\/\\\/rosemvd.com\\\/\",\"name\":\"ROSE MVD\",\"description\":\"Todo lo que buscas lo pod\u00e9s encontrar en rose mvd, especializados en traer todas las cosas nuevas en tendencia y accesorios diferentes y \u00fanicos.\",\"publisher\":{\"@id\":\"https:\\\/\\\/rosemvd.com\\\/#organization\"},\"potentialAction\":[{\"@type\":\"SearchAction\",\"target\":{\"@type\":\"EntryPoint\",\"urlTemplate\":\"https:\\\/\\\/rosemvd.com\\\/?s={search_term_string}\"},\"query-input\":{\"@type\":\"PropertyValueSpecification\",\"valueRequired\":true,\"valueName\":\"search_term_string\"}}],\"inLanguage\":\"es\"},{\"@type\":\"Organization\",\"@id\":\"https:\\\/\\\/rosemvd.com\\\/#organization\",\"name\":\"ROSE MVD\",\"alternateName\":\"ROSE MVD\",\"url\":\"https:\\\/\\\/rosemvd.com\\\/\",\"logo\":{\"@type\":\"ImageObject\",\"inLanguage\":\"es\",\"@id\":\"https:\\\/\\\/rosemvd.com\\\/#\\\/schema\\\/logo\\\/image\\\/\",\"url\":\"https:\\\/\\\/rosemvd.com\\\/wp-content\\\/uploads\\\/2023\\\/03\\\/Sin-titulo-2_Mesa-de-trabajo-1.png\",\"contentUrl\":\"https:\\\/\\\/rosemvd.com\\\/wp-content\\\/uploads\\\/2023\\\/03\\\/Sin-titulo-2_Mesa-de-trabajo-1.png\",\"width\":2084,\"height\":2084,\"caption\":\"ROSE MVD\"},\"image\":{\"@id\":\"https:\\\/\\\/rosemvd.com\\\/#\\\/schema\\\/logo\\\/image\\\/\"},\"sameAs\":[\"https:\\\/\\\/www.facebook.com\\\/TiendaRoseMvd\",\"https:\\\/\\\/www.instagram.com\\\/rose.mvd\"]}]}<\/script>\n<!-- \/ Yoast SEO plugin. -->","yoast_head_json":{"title":"Reloj Deportivo 3d Rin Giratorio - ROSE MVD","description":"Combina un estilo moderno con un toque automotriz \u00fanico gracias a su rin giratorio 100% funcional, ideal para quienes buscan destacar","robots":{"index":"index","follow":"follow","max-snippet":"max-snippet:-1","max-image-preview":"max-image-preview:large","max-video-preview":"max-video-preview:-1"},"canonical":"https:\/\/rosemvd.com\/index.php\/producto\/reloj-deportivo-3d-rin-giratorio\/","og_locale":"es_ES","og_type":"article","og_title":"Reloj Deportivo 3d Rin Giratorio - ROSE MVD","og_description":"Combina un estilo moderno con un toque automotriz \u00fanico gracias a su rin giratorio 100% funcional, ideal para quienes buscan destacar","og_url":"https:\/\/rosemvd.com\/index.php\/producto\/reloj-deportivo-3d-rin-giratorio\/","og_site_name":"ROSE MVD","article_publisher":"https:\/\/www.facebook.com\/TiendaRoseMvd","article_modified_time":"2025-04-25T16:31:39+00:00","og_image":[{"width":480,"height":500,"url":"https:\/\/rosemvd.com\/wp-content\/uploads\/2025\/04\/D_NQ_NP_959435-MLU83768522857_042025-O.webp","type":"image\/webp"}],"twitter_card":"summary_large_image","twitter_misc":{"Tiempo de lectura":"1 minuto"},"schema":{"@context":"https:\/\/schema.org","@graph":[{"@type":"WebPage","@id":"https:\/\/rosemvd.com\/index.php\/producto\/reloj-deportivo-3d-rin-giratorio\/","url":"https:\/\/rosemvd.com\/index.php\/producto\/reloj-deportivo-3d-rin-giratorio\/","name":"Reloj Deportivo 3d Rin Giratorio - ROSE MVD","isPartOf":{"@id":"https:\/\/rosemvd.com\/#website"},"primaryImageOfPage":{"@id":"https:\/\/rosemvd.com\/index.php\/producto\/reloj-deportivo-3d-rin-giratorio\/#primaryimage"},"image":{"@id":"https:\/\/rosemvd.com\/index.php\/producto\/reloj-deportivo-3d-rin-giratorio\/#primaryimage"},"thumbnailUrl":"https:\/\/rosemvd.com\/wp-content\/uploads\/2025\/04\/D_NQ_NP_959435-MLU83768522857_042025-O.webp","datePublished":"2025-04-25T16:21:56+00:00","dateModified":"2025-04-25T16:31:39+00:00","description":"Combina un estilo moderno con un toque automotriz \u00fanico gracias a su rin giratorio 100% funcional, ideal para quienes buscan destacar","breadcrumb":{"@id":"https:\/\/rosemvd.com\/index.php\/producto\/reloj-deportivo-3d-rin-giratorio\/#breadcrumb"},"inLanguage":"es","potentialAction":[{"@type":"ReadAction","target":["https:\/\/rosemvd.com\/index.php\/producto\/reloj-deportivo-3d-rin-giratorio\/"]}]},{"@type":"ImageObject","inLanguage":"es","@id":"https:\/\/rosemvd.com\/index.php\/producto\/reloj-deportivo-3d-rin-giratorio\/#primaryimage","url":"https:\/\/rosemvd.com\/wp-content\/uploads\/2025\/04\/D_NQ_NP_959435-MLU83768522857_042025-O.webp","contentUrl":"https:\/\/rosemvd.com\/wp-content\/uploads\/2025\/04\/D_NQ_NP_959435-MLU83768522857_042025-O.webp","width":480,"height":500},{"@type":"BreadcrumbList","@id":"https:\/\/rosemvd.com\/index.php\/producto\/reloj-deportivo-3d-rin-giratorio\/#breadcrumb","itemListElement":[{"@type":"ListItem","position":1,"name":"Portada","item":"https:\/\/rosemvd.com\/"},{"@type":"ListItem","position":2,"name":"Tienda","item":"https:\/\/rosemvd.com\/index.php\/tienda\/"},{"@type":"ListItem","position":3,"name":"Reloj Deportivo 3d Rin Giratorio"}]},{"@type":"WebSite","@id":"https:\/\/rosemvd.com\/#website","url":"https:\/\/rosemvd.com\/","name":"ROSE MVD","description":"Todo lo que buscas lo pod\u00e9s encontrar en rose mvd, especializados en traer todas las cosas nuevas en tendencia y accesorios diferentes y \u00fanicos.","publisher":{"@id":"https:\/\/rosemvd.com\/#organization"},"potentialAction":[{"@type":"SearchAction","target":{"@type":"EntryPoint","urlTemplate":"https:\/\/rosemvd.com\/?s={search_term_string}"},"query-input":{"@type":"PropertyValueSpecification","valueRequired":true,"valueName":"search_term_string"}}],"inLanguage":"es"},{"@type":"Organization","@id":"https:\/\/rosemvd.com\/#organization","name":"ROSE MVD","alternateName":"ROSE MVD","url":"https:\/\/rosemvd.com\/","logo":{"@type":"ImageObject","inLanguage":"es","@id":"https:\/\/rosemvd.com\/#\/schema\/logo\/image\/","url":"https:\/\/rosemvd.com\/wp-content\/uploads\/2023\/03\/Sin-titulo-2_Mesa-de-trabajo-1.png","contentUrl":"https:\/\/rosemvd.com\/wp-content\/uploads\/2023\/03\/Sin-titulo-2_Mesa-de-trabajo-1.png","width":2084,"height":2084,"caption":"ROSE MVD"},"image":{"@id":"https:\/\/rosemvd.com\/#\/schema\/logo\/image\/"},"sameAs":["https:\/\/www.facebook.com\/TiendaRoseMvd","https:\/\/www.instagram.com\/rose.mvd"]}]}},"_links":{"self":[{"href":"https:\/\/rosemvd.com\/index.php\/wp-json\/wp\/v2\/product\/12773","targetHints":{"allow":["GET"]}}],"collection":[{"href":"https:\/\/rosemvd.com\/index.php\/wp-json\/wp\/v2\/product"}],"about":[{"href":"https:\/\/rosemvd.com\/index.php\/wp-json\/wp\/v2\/types\/product"}],"wp:featuredmedia":[{"embeddable":true,"href":"https:\/\/rosemvd.com\/index.php\/wp-json\/wp\/v2\/media\/12778"}],"wp:attachment":[{"href":"https:\/\/rosemvd.com\/index.php\/wp-json\/wp\/v2\/media?parent=12773"}],"wp:term":[{"taxonomy":"product_brand","embeddable":true,"href":"https:\/\/rosemvd.com\/index.php\/wp-json\/wp\/v2\/product_brand?post=12773"},{"taxonomy":"product_cat","embeddable":true,"href":"https:\/\/rosemvd.com\/index.php\/wp-json\/wp\/v2\/product_cat?post=12773"},{"taxonomy":"product_tag","embeddable":true,"href":"https:\/\/rosemvd.com\/index.php\/wp-json\/wp\/v2\/product_tag?post=12773"}],"curies":[{"name":"wp","href":"https:\/\/api.w.org\/{rel}","templated":true}]}}