{"id":12764,"date":"2025-04-25T13:01:33","date_gmt":"2025-04-25T16:01:33","guid":{"rendered":"https:\/\/rosemvd.com\/?post_type=product&#038;p=12764"},"modified":"2026-04-21T21:59:35","modified_gmt":"2026-04-22T00:59:35","slug":"cinturon-alivia-dolor-menstrual","status":"publish","type":"product","link":"https:\/\/rosemvd.com\/index.php\/producto\/cinturon-alivia-dolor-menstrual\/","title":{"rendered":"Cintur\u00f3n Alivia Dolor Menstrual"},"content":{"rendered":"<article class=\"text-token-text-primary w-full\" dir=\"auto\" data-testid=\"conversation-turn-146\" data-scroll-anchor=\"true\">\n<div class=\"text-base my-auto mx-auto py-5 [--thread-content-margin:--spacing(4)] @[37rem]:[--thread-content-margin:--spacing(6)] @[70rem]:[--thread-content-margin:--spacing(12)] px-(--thread-content-margin)\">\n<div class=\"[--thread-content-max-width:32rem] @[34rem]:[--thread-content-max-width:40rem] @[64rem]:[--thread-content-max-width:48rem] mx-auto flex max-w-(--thread-content-max-width) flex-1 text-base gap-4 md:gap-5 lg:gap-6 group\/turn-messages focus-visible:outline-hidden\" tabindex=\"-1\">\n<div class=\"group\/conversation-turn relative flex w-full min-w-0 flex-col agent-turn\">\n<div class=\"relative flex-col gap-1 md:gap-3\">\n<div class=\"flex max-w-full flex-col grow\">\n<div class=\"min-h-8 text-message relative flex w-full flex-col items-end gap-2 text-start break-words whitespace-normal [.text-message+&amp;]:mt-5\" dir=\"auto\" data-message-author-role=\"assistant\" data-message-id=\"e510b224-f20b-451f-9496-182336636700\" data-message-model-slug=\"gpt-4o\">\n<div class=\"flex w-full flex-col gap-1 empty:hidden first:pt-[3px]\">\n<div class=\"markdown prose dark:prose-invert w-full break-words light\">\n<p class=\"\" data-start=\"81\" data-end=\"159\"><strong data-start=\"81\" data-end=\"159\">Cintur\u00f3n Aliviador de Dolor Menstrual \u2013 T\u00e9rmico, Recargable y Multifunci\u00f3n<\/strong><\/p>\n<p class=\"\" data-start=\"161\" data-end=\"409\">Alivio eficaz y c\u00f3modo en cualquier momento del d\u00eda. Este cintur\u00f3n t\u00e9rmico recargable es ideal para combatir los c\u00f3licos menstruales y otras molestias relacionadas, gracias a su tecnolog\u00eda de calor y vibraci\u00f3n que act\u00faa de forma inmediata y segura.<\/p>\n<p class=\"\" data-start=\"411\" data-end=\"657\"><strong data-start=\"411\" data-end=\"434\">Alivio instant\u00e1neo:<\/strong><br data-start=\"434\" data-end=\"437\" \/>Equipado con un chip inteligente de calefacci\u00f3n por infrarrojo lejano, alcanza la temperatura deseada en solo 3 a 5 segundos. Ayuda a eliminar el fr\u00edo y alivia el dolor menstrual al calentar suavemente la zona abdominal.<\/p>\n<p class=\"\" data-start=\"659\" data-end=\"860\"><strong data-start=\"659\" data-end=\"676\">Uso vers\u00e1til:<\/strong><br data-start=\"676\" data-end=\"679\" \/>No solo es \u00fatil para calambres menstruales, sino tambi\u00e9n para dolores de espalda baja o molestias estomacales por fr\u00edo. Una soluci\u00f3n pr\u00e1ctica para diferentes tipos de incomodidades.<\/p>\n<p class=\"\" data-start=\"862\" data-end=\"903\"><strong data-start=\"862\" data-end=\"901\">Temperatura y vibraci\u00f3n ajustables:<\/strong><\/p>\n<ul data-start=\"904\" data-end=\"1015\">\n<li class=\"\" data-start=\"904\" data-end=\"951\">\n<p class=\"\" data-start=\"906\" data-end=\"951\">3 niveles de temperatura: 50\u00b0C, 55\u00b0C y 60\u00b0C<\/p>\n<\/li>\n<li class=\"\" data-start=\"952\" data-end=\"1015\">\n<p class=\"\" data-start=\"954\" data-end=\"1015\">4 modos de vibraci\u00f3n para un masaje relajante y personalizado<\/p>\n<\/li>\n<\/ul>\n<p class=\"\" data-start=\"1017\" data-end=\"1214\"><strong data-start=\"1017\" data-end=\"1051\">Dise\u00f1o ergon\u00f3mico y ajustable:<\/strong><br data-start=\"1051\" data-end=\"1054\" \/>Gracias a su correa flexible y cierre de broche, se adapta c\u00f3modamente a distintos tama\u00f1os de cintura, asegurando una sujeci\u00f3n firme sin comprometer el confort.<\/p>\n<p class=\"\" data-start=\"1216\" data-end=\"1247\"><strong data-start=\"1216\" data-end=\"1245\">Caracter\u00edsticas t\u00e9cnicas:<\/strong><\/p>\n<ul data-start=\"1248\" data-end=\"1372\">\n<li class=\"\" data-start=\"1248\" data-end=\"1296\">\n<p class=\"\" data-start=\"1250\" data-end=\"1296\">Temperaturas disponibles: 50\u00b0C \/ 55\u00b0C \/ 60\u00b0C<\/p>\n<\/li>\n<li class=\"\" data-start=\"1297\" data-end=\"1317\">\n<p class=\"\" data-start=\"1299\" data-end=\"1317\">Alimentaci\u00f3n: 5V<\/p>\n<\/li>\n<li class=\"\" data-start=\"1318\" data-end=\"1372\">\n<p class=\"\" data-start=\"1320\" data-end=\"1372\">Alimentaci\u00f3n mediante cable USB A a USB C (incluido)<\/p>\n<\/li>\n<\/ul>\n<p class=\"\" data-start=\"1374\" data-end=\"1388\"><strong data-start=\"1374\" data-end=\"1386\">Medidas:<\/strong><\/p>\n<ul data-start=\"1389\" data-end=\"1497\">\n<li class=\"\" data-start=\"1389\" data-end=\"1437\">\n<p class=\"\" data-start=\"1391\" data-end=\"1437\">Largo de cintura ajustable: de 58 cm a 99 cm<\/p>\n<\/li>\n<li class=\"\" data-start=\"1438\" data-end=\"1455\">\n<p class=\"\" data-start=\"1440\" data-end=\"1455\">Ancho: 2.5 cm<\/p>\n<\/li>\n<li class=\"\" data-start=\"1456\" data-end=\"1470\">\n<p class=\"\" data-start=\"1458\" data-end=\"1470\">Alto: 8 cm<\/p>\n<\/li>\n<li class=\"\" data-start=\"1471\" data-end=\"1497\">\n<p class=\"\" data-start=\"1473\" data-end=\"1497\">Largo del cable: 99 cm<\/p>\n<\/li>\n<\/ul>\n<p class=\"\" data-start=\"1499\" data-end=\"1644\">Disfrut\u00e1 del bienestar que necesit\u00e1s con un dispositivo pr\u00e1ctico, seguro y efectivo. Ideal para usar en casa, en el trabajo o donde lo necesites.<\/p>\n<\/div>\n<\/div>\n<\/div>\n<\/div>\n<\/div>\n<div class=\"absolute\">\n<div class=\"flex items-center justify-center\"><\/div>\n<\/div>\n<\/div>\n<\/div>\n<\/div>\n<\/article>\n<div class=\"pointer-events-none h-px w-px\" aria-hidden=\"true\" data-edge=\"true\"><\/div>\n","protected":false},"excerpt":{"rendered":"<p>Cintur\u00f3n Aliviador de Dolor Menstrual \u2013 T\u00e9rmico, Recargable y Multifunci\u00f3n Alivio eficaz y c\u00f3modo en cualquier momento del d\u00eda. Este cintur\u00f3n t\u00e9rmico recargable es ideal para combatir los c\u00f3licos menstruales y otras molestias relacionadas, gracias a su tecnolog\u00eda de calor y vibraci\u00f3n que act\u00faa de forma inmediata y segura. Alivio instant\u00e1neo:Equipado con un chip inteligente [&hellip;]<\/p>\n","protected":false},"featured_media":12766,"template":"","meta":{"site-sidebar-layout":"default","site-content-layout":"","ast-site-content-layout":"default","site-content-style":"default","site-sidebar-style":"default","ast-global-header-display":"","ast-banner-title-visibility":"","ast-main-header-display":"","ast-hfb-above-header-display":"","ast-hfb-below-header-display":"","ast-hfb-mobile-header-display":"","site-post-title":"","ast-breadcrumbs-content":"","ast-featured-img":"","footer-sml-layout":"","ast-disable-related-posts":"","theme-transparent-header-meta":"default","adv-header-id-meta":"","stick-header-meta":"","header-above-stick-meta":"","header-main-stick-meta":"","header-below-stick-meta":"","astra-migrate-meta-layouts":"set","ast-page-background-enabled":"default","ast-page-background-meta":{"desktop":{"background-color":"var(--ast-global-color-4)","background-image":"","background-repeat":"repeat","background-position":"center center","background-size":"auto","background-attachment":"scroll","background-type":"","background-media":"","overlay-type":"","overlay-color":"","overlay-opacity":"","overlay-gradient":""},"tablet":{"background-color":"","background-image":"","background-repeat":"repeat","background-position":"center center","background-size":"auto","background-attachment":"scroll","background-type":"","background-media":"","overlay-type":"","overlay-color":"","overlay-opacity":"","overlay-gradient":""},"mobile":{"background-color":"","background-image":"","background-repeat":"repeat","background-position":"center center","background-size":"auto","background-attachment":"scroll","background-type":"","background-media":"","overlay-type":"","overlay-color":"","overlay-opacity":"","overlay-gradient":""}},"ast-content-background-meta":{"desktop":{"background-color":"var(--ast-global-color-5)","background-image":"","background-repeat":"repeat","background-position":"center center","background-size":"auto","background-attachment":"scroll","background-type":"","background-media":"","overlay-type":"","overlay-color":"","overlay-opacity":"","overlay-gradient":""},"tablet":{"background-color":"var(--ast-global-color-5)","background-image":"","background-repeat":"repeat","background-position":"center center","background-size":"auto","background-attachment":"scroll","background-type":"","background-media":"","overlay-type":"","overlay-color":"","overlay-opacity":"","overlay-gradient":""},"mobile":{"background-color":"var(--ast-global-color-5)","background-image":"","background-repeat":"repeat","background-position":"center center","background-size":"auto","background-attachment":"scroll","background-type":"","background-media":"","overlay-type":"","overlay-color":"","overlay-opacity":"","overlay-gradient":""}}},"product_brand":[],"product_cat":[447,455,368],"product_tag":[],"class_list":{"0":"post-12764","1":"product","2":"type-product","3":"status-publish","4":"has-post-thumbnail","6":"product_cat-bienestar","7":"product_cat-higiene","8":"product_cat-otros","9":"desktop-align-left","10":"tablet-align-left","11":"mobile-align-left","13":"first","14":"instock","15":"shipping-taxable","16":"purchasable","17":"product-type-simple"},"yoast_head":"<!-- This site is optimized with the Yoast SEO plugin v27.3 - https:\/\/yoast.com\/product\/yoast-seo-wordpress\/ -->\n<title>Cintur\u00f3n Alivia Dolor Menstrual - ROSE MVD<\/title>\n<meta name=\"description\" content=\"Alivio eficaz y c\u00f3modo en cualquier momento del d\u00eda. Es ideal para combatir los c\u00f3licos menstruales y otras molestias relacionadas\" \/>\n<meta name=\"robots\" content=\"index, follow, max-snippet:-1, max-image-preview:large, max-video-preview:-1\" \/>\n<link rel=\"canonical\" href=\"https:\/\/rosemvd.com\/index.php\/producto\/cinturon-alivia-dolor-menstrual\/\" \/>\n<meta property=\"og:locale\" content=\"es_ES\" \/>\n<meta property=\"og:type\" content=\"article\" \/>\n<meta property=\"og:title\" content=\"Cintur\u00f3n Alivia Dolor Menstrual - ROSE MVD\" \/>\n<meta property=\"og:description\" content=\"Alivio eficaz y c\u00f3modo en cualquier momento del d\u00eda. Es ideal para combatir los c\u00f3licos menstruales y otras molestias relacionadas\" \/>\n<meta property=\"og:url\" content=\"https:\/\/rosemvd.com\/index.php\/producto\/cinturon-alivia-dolor-menstrual\/\" \/>\n<meta property=\"og:site_name\" content=\"ROSE MVD\" \/>\n<meta property=\"article:publisher\" content=\"https:\/\/www.facebook.com\/TiendaRoseMvd\" \/>\n<meta property=\"article:modified_time\" content=\"2026-04-22T00:59:35+00:00\" \/>\n<meta property=\"og:image\" content=\"https:\/\/rosemvd.com\/wp-content\/uploads\/2025\/04\/D_NQ_NP_2X_777589-MLU80595251075_112024-F.webp\" \/>\n\t<meta property=\"og:image:width\" content=\"1030\" \/>\n\t<meta property=\"og:image:height\" content=\"1030\" \/>\n\t<meta property=\"og:image:type\" content=\"image\/webp\" \/>\n<meta name=\"twitter:card\" content=\"summary_large_image\" \/>\n<meta name=\"twitter:label1\" content=\"Tiempo de lectura\" \/>\n\t<meta name=\"twitter:data1\" content=\"2 minutos\" \/>\n<script type=\"application\/ld+json\" class=\"yoast-schema-graph\">{\"@context\":\"https:\\\/\\\/schema.org\",\"@graph\":[{\"@type\":\"WebPage\",\"@id\":\"https:\\\/\\\/rosemvd.com\\\/index.php\\\/producto\\\/cinturon-alivia-dolor-menstrual\\\/\",\"url\":\"https:\\\/\\\/rosemvd.com\\\/index.php\\\/producto\\\/cinturon-alivia-dolor-menstrual\\\/\",\"name\":\"Cintur\u00f3n Alivia Dolor Menstrual - ROSE MVD\",\"isPartOf\":{\"@id\":\"https:\\\/\\\/rosemvd.com\\\/#website\"},\"primaryImageOfPage\":{\"@id\":\"https:\\\/\\\/rosemvd.com\\\/index.php\\\/producto\\\/cinturon-alivia-dolor-menstrual\\\/#primaryimage\"},\"image\":{\"@id\":\"https:\\\/\\\/rosemvd.com\\\/index.php\\\/producto\\\/cinturon-alivia-dolor-menstrual\\\/#primaryimage\"},\"thumbnailUrl\":\"https:\\\/\\\/rosemvd.com\\\/wp-content\\\/uploads\\\/2025\\\/04\\\/D_NQ_NP_2X_777589-MLU80595251075_112024-F.webp\",\"datePublished\":\"2025-04-25T16:01:33+00:00\",\"dateModified\":\"2026-04-22T00:59:35+00:00\",\"description\":\"Alivio eficaz y c\u00f3modo en cualquier momento del d\u00eda. Es ideal para combatir los c\u00f3licos menstruales y otras molestias relacionadas\",\"breadcrumb\":{\"@id\":\"https:\\\/\\\/rosemvd.com\\\/index.php\\\/producto\\\/cinturon-alivia-dolor-menstrual\\\/#breadcrumb\"},\"inLanguage\":\"es\",\"potentialAction\":[{\"@type\":\"ReadAction\",\"target\":[\"https:\\\/\\\/rosemvd.com\\\/index.php\\\/producto\\\/cinturon-alivia-dolor-menstrual\\\/\"]}]},{\"@type\":\"ImageObject\",\"inLanguage\":\"es\",\"@id\":\"https:\\\/\\\/rosemvd.com\\\/index.php\\\/producto\\\/cinturon-alivia-dolor-menstrual\\\/#primaryimage\",\"url\":\"https:\\\/\\\/rosemvd.com\\\/wp-content\\\/uploads\\\/2025\\\/04\\\/D_NQ_NP_2X_777589-MLU80595251075_112024-F.webp\",\"contentUrl\":\"https:\\\/\\\/rosemvd.com\\\/wp-content\\\/uploads\\\/2025\\\/04\\\/D_NQ_NP_2X_777589-MLU80595251075_112024-F.webp\",\"width\":1030,\"height\":1030},{\"@type\":\"BreadcrumbList\",\"@id\":\"https:\\\/\\\/rosemvd.com\\\/index.php\\\/producto\\\/cinturon-alivia-dolor-menstrual\\\/#breadcrumb\",\"itemListElement\":[{\"@type\":\"ListItem\",\"position\":1,\"name\":\"Portada\",\"item\":\"https:\\\/\\\/rosemvd.com\\\/\"},{\"@type\":\"ListItem\",\"position\":2,\"name\":\"Tienda\",\"item\":\"https:\\\/\\\/rosemvd.com\\\/index.php\\\/tienda\\\/\"},{\"@type\":\"ListItem\",\"position\":3,\"name\":\"Cintur\u00f3n Alivia Dolor Menstrual\"}]},{\"@type\":\"WebSite\",\"@id\":\"https:\\\/\\\/rosemvd.com\\\/#website\",\"url\":\"https:\\\/\\\/rosemvd.com\\\/\",\"name\":\"ROSE MVD\",\"description\":\"Todo lo que buscas lo pod\u00e9s encontrar en rose mvd, especializados en traer todas las cosas nuevas en tendencia y accesorios diferentes y \u00fanicos.\",\"publisher\":{\"@id\":\"https:\\\/\\\/rosemvd.com\\\/#organization\"},\"potentialAction\":[{\"@type\":\"SearchAction\",\"target\":{\"@type\":\"EntryPoint\",\"urlTemplate\":\"https:\\\/\\\/rosemvd.com\\\/?s={search_term_string}\"},\"query-input\":{\"@type\":\"PropertyValueSpecification\",\"valueRequired\":true,\"valueName\":\"search_term_string\"}}],\"inLanguage\":\"es\"},{\"@type\":\"Organization\",\"@id\":\"https:\\\/\\\/rosemvd.com\\\/#organization\",\"name\":\"ROSE MVD\",\"alternateName\":\"ROSE MVD\",\"url\":\"https:\\\/\\\/rosemvd.com\\\/\",\"logo\":{\"@type\":\"ImageObject\",\"inLanguage\":\"es\",\"@id\":\"https:\\\/\\\/rosemvd.com\\\/#\\\/schema\\\/logo\\\/image\\\/\",\"url\":\"https:\\\/\\\/rosemvd.com\\\/wp-content\\\/uploads\\\/2023\\\/03\\\/Sin-titulo-2_Mesa-de-trabajo-1.png\",\"contentUrl\":\"https:\\\/\\\/rosemvd.com\\\/wp-content\\\/uploads\\\/2023\\\/03\\\/Sin-titulo-2_Mesa-de-trabajo-1.png\",\"width\":2084,\"height\":2084,\"caption\":\"ROSE MVD\"},\"image\":{\"@id\":\"https:\\\/\\\/rosemvd.com\\\/#\\\/schema\\\/logo\\\/image\\\/\"},\"sameAs\":[\"https:\\\/\\\/www.facebook.com\\\/TiendaRoseMvd\",\"https:\\\/\\\/www.instagram.com\\\/rose.mvd\"]}]}<\/script>\n<!-- \/ Yoast SEO plugin. -->","yoast_head_json":{"title":"Cintur\u00f3n Alivia Dolor Menstrual - ROSE MVD","description":"Alivio eficaz y c\u00f3modo en cualquier momento del d\u00eda. Es ideal para combatir los c\u00f3licos menstruales y otras molestias relacionadas","robots":{"index":"index","follow":"follow","max-snippet":"max-snippet:-1","max-image-preview":"max-image-preview:large","max-video-preview":"max-video-preview:-1"},"canonical":"https:\/\/rosemvd.com\/index.php\/producto\/cinturon-alivia-dolor-menstrual\/","og_locale":"es_ES","og_type":"article","og_title":"Cintur\u00f3n Alivia Dolor Menstrual - ROSE MVD","og_description":"Alivio eficaz y c\u00f3modo en cualquier momento del d\u00eda. Es ideal para combatir los c\u00f3licos menstruales y otras molestias relacionadas","og_url":"https:\/\/rosemvd.com\/index.php\/producto\/cinturon-alivia-dolor-menstrual\/","og_site_name":"ROSE MVD","article_publisher":"https:\/\/www.facebook.com\/TiendaRoseMvd","article_modified_time":"2026-04-22T00:59:35+00:00","og_image":[{"width":1030,"height":1030,"url":"https:\/\/rosemvd.com\/wp-content\/uploads\/2025\/04\/D_NQ_NP_2X_777589-MLU80595251075_112024-F.webp","type":"image\/webp"}],"twitter_card":"summary_large_image","twitter_misc":{"Tiempo de lectura":"2 minutos"},"schema":{"@context":"https:\/\/schema.org","@graph":[{"@type":"WebPage","@id":"https:\/\/rosemvd.com\/index.php\/producto\/cinturon-alivia-dolor-menstrual\/","url":"https:\/\/rosemvd.com\/index.php\/producto\/cinturon-alivia-dolor-menstrual\/","name":"Cintur\u00f3n Alivia Dolor Menstrual - ROSE MVD","isPartOf":{"@id":"https:\/\/rosemvd.com\/#website"},"primaryImageOfPage":{"@id":"https:\/\/rosemvd.com\/index.php\/producto\/cinturon-alivia-dolor-menstrual\/#primaryimage"},"image":{"@id":"https:\/\/rosemvd.com\/index.php\/producto\/cinturon-alivia-dolor-menstrual\/#primaryimage"},"thumbnailUrl":"https:\/\/rosemvd.com\/wp-content\/uploads\/2025\/04\/D_NQ_NP_2X_777589-MLU80595251075_112024-F.webp","datePublished":"2025-04-25T16:01:33+00:00","dateModified":"2026-04-22T00:59:35+00:00","description":"Alivio eficaz y c\u00f3modo en cualquier momento del d\u00eda. Es ideal para combatir los c\u00f3licos menstruales y otras molestias relacionadas","breadcrumb":{"@id":"https:\/\/rosemvd.com\/index.php\/producto\/cinturon-alivia-dolor-menstrual\/#breadcrumb"},"inLanguage":"es","potentialAction":[{"@type":"ReadAction","target":["https:\/\/rosemvd.com\/index.php\/producto\/cinturon-alivia-dolor-menstrual\/"]}]},{"@type":"ImageObject","inLanguage":"es","@id":"https:\/\/rosemvd.com\/index.php\/producto\/cinturon-alivia-dolor-menstrual\/#primaryimage","url":"https:\/\/rosemvd.com\/wp-content\/uploads\/2025\/04\/D_NQ_NP_2X_777589-MLU80595251075_112024-F.webp","contentUrl":"https:\/\/rosemvd.com\/wp-content\/uploads\/2025\/04\/D_NQ_NP_2X_777589-MLU80595251075_112024-F.webp","width":1030,"height":1030},{"@type":"BreadcrumbList","@id":"https:\/\/rosemvd.com\/index.php\/producto\/cinturon-alivia-dolor-menstrual\/#breadcrumb","itemListElement":[{"@type":"ListItem","position":1,"name":"Portada","item":"https:\/\/rosemvd.com\/"},{"@type":"ListItem","position":2,"name":"Tienda","item":"https:\/\/rosemvd.com\/index.php\/tienda\/"},{"@type":"ListItem","position":3,"name":"Cintur\u00f3n Alivia Dolor Menstrual"}]},{"@type":"WebSite","@id":"https:\/\/rosemvd.com\/#website","url":"https:\/\/rosemvd.com\/","name":"ROSE MVD","description":"Todo lo que buscas lo pod\u00e9s encontrar en rose mvd, especializados en traer todas las cosas nuevas en tendencia y accesorios diferentes y \u00fanicos.","publisher":{"@id":"https:\/\/rosemvd.com\/#organization"},"potentialAction":[{"@type":"SearchAction","target":{"@type":"EntryPoint","urlTemplate":"https:\/\/rosemvd.com\/?s={search_term_string}"},"query-input":{"@type":"PropertyValueSpecification","valueRequired":true,"valueName":"search_term_string"}}],"inLanguage":"es"},{"@type":"Organization","@id":"https:\/\/rosemvd.com\/#organization","name":"ROSE MVD","alternateName":"ROSE MVD","url":"https:\/\/rosemvd.com\/","logo":{"@type":"ImageObject","inLanguage":"es","@id":"https:\/\/rosemvd.com\/#\/schema\/logo\/image\/","url":"https:\/\/rosemvd.com\/wp-content\/uploads\/2023\/03\/Sin-titulo-2_Mesa-de-trabajo-1.png","contentUrl":"https:\/\/rosemvd.com\/wp-content\/uploads\/2023\/03\/Sin-titulo-2_Mesa-de-trabajo-1.png","width":2084,"height":2084,"caption":"ROSE MVD"},"image":{"@id":"https:\/\/rosemvd.com\/#\/schema\/logo\/image\/"},"sameAs":["https:\/\/www.facebook.com\/TiendaRoseMvd","https:\/\/www.instagram.com\/rose.mvd"]}]}},"_links":{"self":[{"href":"https:\/\/rosemvd.com\/index.php\/wp-json\/wp\/v2\/product\/12764","targetHints":{"allow":["GET"]}}],"collection":[{"href":"https:\/\/rosemvd.com\/index.php\/wp-json\/wp\/v2\/product"}],"about":[{"href":"https:\/\/rosemvd.com\/index.php\/wp-json\/wp\/v2\/types\/product"}],"wp:featuredmedia":[{"embeddable":true,"href":"https:\/\/rosemvd.com\/index.php\/wp-json\/wp\/v2\/media\/12766"}],"wp:attachment":[{"href":"https:\/\/rosemvd.com\/index.php\/wp-json\/wp\/v2\/media?parent=12764"}],"wp:term":[{"taxonomy":"product_brand","embeddable":true,"href":"https:\/\/rosemvd.com\/index.php\/wp-json\/wp\/v2\/product_brand?post=12764"},{"taxonomy":"product_cat","embeddable":true,"href":"https:\/\/rosemvd.com\/index.php\/wp-json\/wp\/v2\/product_cat?post=12764"},{"taxonomy":"product_tag","embeddable":true,"href":"https:\/\/rosemvd.com\/index.php\/wp-json\/wp\/v2\/product_tag?post=12764"}],"curies":[{"name":"wp","href":"https:\/\/api.w.org\/{rel}","templated":true}]}}