{"id":12750,"date":"2025-04-25T12:42:43","date_gmt":"2025-04-25T15:42:43","guid":{"rendered":"https:\/\/rosemvd.com\/?post_type=product&#038;p=12750"},"modified":"2026-04-21T21:53:31","modified_gmt":"2026-04-22T00:53:31","slug":"entrenador-de-respiracion","status":"publish","type":"product","link":"https:\/\/rosemvd.com\/index.php\/producto\/entrenador-de-respiracion\/","title":{"rendered":"Entrenador De Respiraci\u00f3n"},"content":{"rendered":"<p class=\"\" data-start=\"88\" data-end=\"180\"><strong data-start=\"88\" data-end=\"180\">Ejercitador Pulmonar de Respiraci\u00f3n Profunda \u2013 Dispositivo de Entrenamiento Respiratorio<\/strong><\/p>\n<p class=\"\" data-start=\"182\" data-end=\"508\">Mejor\u00e1 tu capacidad respiratoria, aument\u00e1 tu resistencia y sentite con m\u00e1s energ\u00eda en tu d\u00eda a d\u00eda con este ejercitador pulmonar de respiraci\u00f3n profunda. Dise\u00f1ado para fortalecer los pulmones y trabajar los m\u00fasculos abdominales, este dispositivo es ideal para quienes buscan mejorar su salud respiratoria y rendimiento f\u00edsico.<\/p>\n<p class=\"\" data-start=\"510\" data-end=\"537\"><strong data-start=\"510\" data-end=\"537\">Beneficios principales:<\/strong><\/p>\n<ul data-start=\"539\" data-end=\"1090\">\n<li class=\"\" data-start=\"539\" data-end=\"693\">\n<p class=\"\" data-start=\"541\" data-end=\"693\"><strong data-start=\"541\" data-end=\"577\">Fortalece la capacidad pulmonar:<\/strong> Permite ejercitar los m\u00fasculos respiratorios profundos y el core abdominal, mejorando la eficiencia respiratoria.<\/p>\n<\/li>\n<li class=\"\" data-start=\"694\" data-end=\"807\">\n<p class=\"\" data-start=\"696\" data-end=\"807\"><strong data-start=\"696\" data-end=\"724\">Resistencias ajustables:<\/strong> Ofrece distintos niveles de dificultad para adaptarse a tu progreso y objetivos.<\/p>\n<\/li>\n<li class=\"\" data-start=\"808\" data-end=\"956\">\n<p class=\"\" data-start=\"810\" data-end=\"956\"><strong data-start=\"810\" data-end=\"844\">Mejora el rendimiento general:<\/strong> Ideal para deportistas, personas en recuperaci\u00f3n o cualquiera que desee respirar mejor y aumentar su energ\u00eda.<\/p>\n<\/li>\n<li class=\"\" data-start=\"957\" data-end=\"1090\">\n<p class=\"\" data-start=\"959\" data-end=\"1090\"><strong data-start=\"959\" data-end=\"998\">Favorece la eliminaci\u00f3n de toxinas:<\/strong> Estimula la circulaci\u00f3n del aire y ayuda a reducir la acumulaci\u00f3n de desechos en el cuerpo.<\/p>\n<\/li>\n<\/ul>\n<p class=\"\" data-start=\"1092\" data-end=\"1293\">Ligero, port\u00e1til y f\u00e1cil de usar, este dispositivo es un aliado eficaz para incorporar a tu rutina diaria de bienestar respiratorio. Ideal para usar en casa, en la oficina o durante tus entrenamientos.<\/p>\n","protected":false},"excerpt":{"rendered":"<p>Ejercitador Pulmonar de Respiraci\u00f3n Profunda \u2013 Dispositivo de Entrenamiento Respiratorio Mejor\u00e1 tu capacidad respiratoria, aument\u00e1 tu resistencia y sentite con m\u00e1s energ\u00eda en tu d\u00eda a d\u00eda con este ejercitador pulmonar de respiraci\u00f3n profunda. Dise\u00f1ado para fortalecer los pulmones y trabajar los m\u00fasculos abdominales, este dispositivo es ideal para quienes buscan mejorar su salud respiratoria [&hellip;]<\/p>\n","protected":false},"featured_media":12755,"template":"","meta":{"site-sidebar-layout":"default","site-content-layout":"","ast-site-content-layout":"default","site-content-style":"default","site-sidebar-style":"default","ast-global-header-display":"","ast-banner-title-visibility":"","ast-main-header-display":"","ast-hfb-above-header-display":"","ast-hfb-below-header-display":"","ast-hfb-mobile-header-display":"","site-post-title":"","ast-breadcrumbs-content":"","ast-featured-img":"","footer-sml-layout":"","ast-disable-related-posts":"","theme-transparent-header-meta":"default","adv-header-id-meta":"","stick-header-meta":"","header-above-stick-meta":"","header-main-stick-meta":"","header-below-stick-meta":"","astra-migrate-meta-layouts":"set","ast-page-background-enabled":"default","ast-page-background-meta":{"desktop":{"background-color":"var(--ast-global-color-4)","background-image":"","background-repeat":"repeat","background-position":"center center","background-size":"auto","background-attachment":"scroll","background-type":"","background-media":"","overlay-type":"","overlay-color":"","overlay-opacity":"","overlay-gradient":""},"tablet":{"background-color":"","background-image":"","background-repeat":"repeat","background-position":"center center","background-size":"auto","background-attachment":"scroll","background-type":"","background-media":"","overlay-type":"","overlay-color":"","overlay-opacity":"","overlay-gradient":""},"mobile":{"background-color":"","background-image":"","background-repeat":"repeat","background-position":"center center","background-size":"auto","background-attachment":"scroll","background-type":"","background-media":"","overlay-type":"","overlay-color":"","overlay-opacity":"","overlay-gradient":""}},"ast-content-background-meta":{"desktop":{"background-color":"var(--ast-global-color-5)","background-image":"","background-repeat":"repeat","background-position":"center center","background-size":"auto","background-attachment":"scroll","background-type":"","background-media":"","overlay-type":"","overlay-color":"","overlay-opacity":"","overlay-gradient":""},"tablet":{"background-color":"var(--ast-global-color-5)","background-image":"","background-repeat":"repeat","background-position":"center center","background-size":"auto","background-attachment":"scroll","background-type":"","background-media":"","overlay-type":"","overlay-color":"","overlay-opacity":"","overlay-gradient":""},"mobile":{"background-color":"var(--ast-global-color-5)","background-image":"","background-repeat":"repeat","background-position":"center center","background-size":"auto","background-attachment":"scroll","background-type":"","background-media":"","overlay-type":"","overlay-color":"","overlay-opacity":"","overlay-gradient":""}}},"product_brand":[],"product_cat":[447,457,368],"product_tag":[],"class_list":{"0":"post-12750","1":"product","2":"type-product","3":"status-publish","4":"has-post-thumbnail","6":"product_cat-bienestar","7":"product_cat-dispositivos-de-cuidado","8":"product_cat-otros","9":"desktop-align-left","10":"tablet-align-left","11":"mobile-align-left","13":"first","14":"instock","15":"shipping-taxable","16":"purchasable","17":"product-type-simple"},"yoast_head":"<!-- This site is optimized with the Yoast SEO plugin v27.3 - https:\/\/yoast.com\/product\/yoast-seo-wordpress\/ -->\n<title>Entrenador De Respiraci\u00f3n - ROSE MVD<\/title>\n<meta name=\"description\" content=\"Mejor\u00e1 tu capacidad respiratoria, aument\u00e1 tu resistencia y sentite con m\u00e1s energ\u00eda en tu d\u00eda a d\u00eda con este ejercitador pulmonar de respiraci\u00f3n profunda.\" \/>\n<meta name=\"robots\" content=\"index, follow, max-snippet:-1, max-image-preview:large, max-video-preview:-1\" \/>\n<link rel=\"canonical\" href=\"https:\/\/rosemvd.com\/index.php\/producto\/entrenador-de-respiracion\/\" \/>\n<meta property=\"og:locale\" content=\"es_ES\" \/>\n<meta property=\"og:type\" content=\"article\" \/>\n<meta property=\"og:title\" content=\"Entrenador De Respiraci\u00f3n - ROSE MVD\" \/>\n<meta property=\"og:description\" content=\"Mejor\u00e1 tu capacidad respiratoria, aument\u00e1 tu resistencia y sentite con m\u00e1s energ\u00eda en tu d\u00eda a d\u00eda con este ejercitador pulmonar de respiraci\u00f3n profunda.\" \/>\n<meta property=\"og:url\" content=\"https:\/\/rosemvd.com\/index.php\/producto\/entrenador-de-respiracion\/\" \/>\n<meta property=\"og:site_name\" content=\"ROSE MVD\" \/>\n<meta property=\"article:publisher\" content=\"https:\/\/www.facebook.com\/TiendaRoseMvd\" \/>\n<meta property=\"article:modified_time\" content=\"2026-04-22T00:53:31+00:00\" \/>\n<meta property=\"og:image\" content=\"https:\/\/rosemvd.com\/wp-content\/uploads\/2025\/04\/D_NQ_NP_837545-MLU83302874538_042025-O.webp\" \/>\n\t<meta property=\"og:image:width\" content=\"500\" \/>\n\t<meta property=\"og:image:height\" content=\"493\" \/>\n\t<meta property=\"og:image:type\" content=\"image\/webp\" \/>\n<meta name=\"twitter:card\" content=\"summary_large_image\" \/>\n<meta name=\"twitter:label1\" content=\"Tiempo de lectura\" \/>\n\t<meta name=\"twitter:data1\" content=\"1 minuto\" \/>\n<script type=\"application\/ld+json\" class=\"yoast-schema-graph\">{\"@context\":\"https:\\\/\\\/schema.org\",\"@graph\":[{\"@type\":\"WebPage\",\"@id\":\"https:\\\/\\\/rosemvd.com\\\/index.php\\\/producto\\\/entrenador-de-respiracion\\\/\",\"url\":\"https:\\\/\\\/rosemvd.com\\\/index.php\\\/producto\\\/entrenador-de-respiracion\\\/\",\"name\":\"Entrenador De Respiraci\u00f3n - ROSE MVD\",\"isPartOf\":{\"@id\":\"https:\\\/\\\/rosemvd.com\\\/#website\"},\"primaryImageOfPage\":{\"@id\":\"https:\\\/\\\/rosemvd.com\\\/index.php\\\/producto\\\/entrenador-de-respiracion\\\/#primaryimage\"},\"image\":{\"@id\":\"https:\\\/\\\/rosemvd.com\\\/index.php\\\/producto\\\/entrenador-de-respiracion\\\/#primaryimage\"},\"thumbnailUrl\":\"https:\\\/\\\/rosemvd.com\\\/wp-content\\\/uploads\\\/2025\\\/04\\\/D_NQ_NP_837545-MLU83302874538_042025-O.webp\",\"datePublished\":\"2025-04-25T15:42:43+00:00\",\"dateModified\":\"2026-04-22T00:53:31+00:00\",\"description\":\"Mejor\u00e1 tu capacidad respiratoria, aument\u00e1 tu resistencia y sentite con m\u00e1s energ\u00eda en tu d\u00eda a d\u00eda con este ejercitador pulmonar de respiraci\u00f3n profunda.\",\"breadcrumb\":{\"@id\":\"https:\\\/\\\/rosemvd.com\\\/index.php\\\/producto\\\/entrenador-de-respiracion\\\/#breadcrumb\"},\"inLanguage\":\"es\",\"potentialAction\":[{\"@type\":\"ReadAction\",\"target\":[\"https:\\\/\\\/rosemvd.com\\\/index.php\\\/producto\\\/entrenador-de-respiracion\\\/\"]}]},{\"@type\":\"ImageObject\",\"inLanguage\":\"es\",\"@id\":\"https:\\\/\\\/rosemvd.com\\\/index.php\\\/producto\\\/entrenador-de-respiracion\\\/#primaryimage\",\"url\":\"https:\\\/\\\/rosemvd.com\\\/wp-content\\\/uploads\\\/2025\\\/04\\\/D_NQ_NP_837545-MLU83302874538_042025-O.webp\",\"contentUrl\":\"https:\\\/\\\/rosemvd.com\\\/wp-content\\\/uploads\\\/2025\\\/04\\\/D_NQ_NP_837545-MLU83302874538_042025-O.webp\",\"width\":500,\"height\":493},{\"@type\":\"BreadcrumbList\",\"@id\":\"https:\\\/\\\/rosemvd.com\\\/index.php\\\/producto\\\/entrenador-de-respiracion\\\/#breadcrumb\",\"itemListElement\":[{\"@type\":\"ListItem\",\"position\":1,\"name\":\"Portada\",\"item\":\"https:\\\/\\\/rosemvd.com\\\/\"},{\"@type\":\"ListItem\",\"position\":2,\"name\":\"Tienda\",\"item\":\"https:\\\/\\\/rosemvd.com\\\/index.php\\\/tienda\\\/\"},{\"@type\":\"ListItem\",\"position\":3,\"name\":\"Entrenador De Respiraci\u00f3n\"}]},{\"@type\":\"WebSite\",\"@id\":\"https:\\\/\\\/rosemvd.com\\\/#website\",\"url\":\"https:\\\/\\\/rosemvd.com\\\/\",\"name\":\"ROSE MVD\",\"description\":\"Todo lo que buscas lo pod\u00e9s encontrar en rose mvd, especializados en traer todas las cosas nuevas en tendencia y accesorios diferentes y \u00fanicos.\",\"publisher\":{\"@id\":\"https:\\\/\\\/rosemvd.com\\\/#organization\"},\"potentialAction\":[{\"@type\":\"SearchAction\",\"target\":{\"@type\":\"EntryPoint\",\"urlTemplate\":\"https:\\\/\\\/rosemvd.com\\\/?s={search_term_string}\"},\"query-input\":{\"@type\":\"PropertyValueSpecification\",\"valueRequired\":true,\"valueName\":\"search_term_string\"}}],\"inLanguage\":\"es\"},{\"@type\":\"Organization\",\"@id\":\"https:\\\/\\\/rosemvd.com\\\/#organization\",\"name\":\"ROSE MVD\",\"alternateName\":\"ROSE MVD\",\"url\":\"https:\\\/\\\/rosemvd.com\\\/\",\"logo\":{\"@type\":\"ImageObject\",\"inLanguage\":\"es\",\"@id\":\"https:\\\/\\\/rosemvd.com\\\/#\\\/schema\\\/logo\\\/image\\\/\",\"url\":\"https:\\\/\\\/rosemvd.com\\\/wp-content\\\/uploads\\\/2023\\\/03\\\/Sin-titulo-2_Mesa-de-trabajo-1.png\",\"contentUrl\":\"https:\\\/\\\/rosemvd.com\\\/wp-content\\\/uploads\\\/2023\\\/03\\\/Sin-titulo-2_Mesa-de-trabajo-1.png\",\"width\":2084,\"height\":2084,\"caption\":\"ROSE MVD\"},\"image\":{\"@id\":\"https:\\\/\\\/rosemvd.com\\\/#\\\/schema\\\/logo\\\/image\\\/\"},\"sameAs\":[\"https:\\\/\\\/www.facebook.com\\\/TiendaRoseMvd\",\"https:\\\/\\\/www.instagram.com\\\/rose.mvd\"]}]}<\/script>\n<!-- \/ Yoast SEO plugin. -->","yoast_head_json":{"title":"Entrenador De Respiraci\u00f3n - ROSE MVD","description":"Mejor\u00e1 tu capacidad respiratoria, aument\u00e1 tu resistencia y sentite con m\u00e1s energ\u00eda en tu d\u00eda a d\u00eda con este ejercitador pulmonar de respiraci\u00f3n profunda.","robots":{"index":"index","follow":"follow","max-snippet":"max-snippet:-1","max-image-preview":"max-image-preview:large","max-video-preview":"max-video-preview:-1"},"canonical":"https:\/\/rosemvd.com\/index.php\/producto\/entrenador-de-respiracion\/","og_locale":"es_ES","og_type":"article","og_title":"Entrenador De Respiraci\u00f3n - ROSE MVD","og_description":"Mejor\u00e1 tu capacidad respiratoria, aument\u00e1 tu resistencia y sentite con m\u00e1s energ\u00eda en tu d\u00eda a d\u00eda con este ejercitador pulmonar de respiraci\u00f3n profunda.","og_url":"https:\/\/rosemvd.com\/index.php\/producto\/entrenador-de-respiracion\/","og_site_name":"ROSE MVD","article_publisher":"https:\/\/www.facebook.com\/TiendaRoseMvd","article_modified_time":"2026-04-22T00:53:31+00:00","og_image":[{"width":500,"height":493,"url":"https:\/\/rosemvd.com\/wp-content\/uploads\/2025\/04\/D_NQ_NP_837545-MLU83302874538_042025-O.webp","type":"image\/webp"}],"twitter_card":"summary_large_image","twitter_misc":{"Tiempo de lectura":"1 minuto"},"schema":{"@context":"https:\/\/schema.org","@graph":[{"@type":"WebPage","@id":"https:\/\/rosemvd.com\/index.php\/producto\/entrenador-de-respiracion\/","url":"https:\/\/rosemvd.com\/index.php\/producto\/entrenador-de-respiracion\/","name":"Entrenador De Respiraci\u00f3n - ROSE MVD","isPartOf":{"@id":"https:\/\/rosemvd.com\/#website"},"primaryImageOfPage":{"@id":"https:\/\/rosemvd.com\/index.php\/producto\/entrenador-de-respiracion\/#primaryimage"},"image":{"@id":"https:\/\/rosemvd.com\/index.php\/producto\/entrenador-de-respiracion\/#primaryimage"},"thumbnailUrl":"https:\/\/rosemvd.com\/wp-content\/uploads\/2025\/04\/D_NQ_NP_837545-MLU83302874538_042025-O.webp","datePublished":"2025-04-25T15:42:43+00:00","dateModified":"2026-04-22T00:53:31+00:00","description":"Mejor\u00e1 tu capacidad respiratoria, aument\u00e1 tu resistencia y sentite con m\u00e1s energ\u00eda en tu d\u00eda a d\u00eda con este ejercitador pulmonar de respiraci\u00f3n profunda.","breadcrumb":{"@id":"https:\/\/rosemvd.com\/index.php\/producto\/entrenador-de-respiracion\/#breadcrumb"},"inLanguage":"es","potentialAction":[{"@type":"ReadAction","target":["https:\/\/rosemvd.com\/index.php\/producto\/entrenador-de-respiracion\/"]}]},{"@type":"ImageObject","inLanguage":"es","@id":"https:\/\/rosemvd.com\/index.php\/producto\/entrenador-de-respiracion\/#primaryimage","url":"https:\/\/rosemvd.com\/wp-content\/uploads\/2025\/04\/D_NQ_NP_837545-MLU83302874538_042025-O.webp","contentUrl":"https:\/\/rosemvd.com\/wp-content\/uploads\/2025\/04\/D_NQ_NP_837545-MLU83302874538_042025-O.webp","width":500,"height":493},{"@type":"BreadcrumbList","@id":"https:\/\/rosemvd.com\/index.php\/producto\/entrenador-de-respiracion\/#breadcrumb","itemListElement":[{"@type":"ListItem","position":1,"name":"Portada","item":"https:\/\/rosemvd.com\/"},{"@type":"ListItem","position":2,"name":"Tienda","item":"https:\/\/rosemvd.com\/index.php\/tienda\/"},{"@type":"ListItem","position":3,"name":"Entrenador De Respiraci\u00f3n"}]},{"@type":"WebSite","@id":"https:\/\/rosemvd.com\/#website","url":"https:\/\/rosemvd.com\/","name":"ROSE MVD","description":"Todo lo que buscas lo pod\u00e9s encontrar en rose mvd, especializados en traer todas las cosas nuevas en tendencia y accesorios diferentes y \u00fanicos.","publisher":{"@id":"https:\/\/rosemvd.com\/#organization"},"potentialAction":[{"@type":"SearchAction","target":{"@type":"EntryPoint","urlTemplate":"https:\/\/rosemvd.com\/?s={search_term_string}"},"query-input":{"@type":"PropertyValueSpecification","valueRequired":true,"valueName":"search_term_string"}}],"inLanguage":"es"},{"@type":"Organization","@id":"https:\/\/rosemvd.com\/#organization","name":"ROSE MVD","alternateName":"ROSE MVD","url":"https:\/\/rosemvd.com\/","logo":{"@type":"ImageObject","inLanguage":"es","@id":"https:\/\/rosemvd.com\/#\/schema\/logo\/image\/","url":"https:\/\/rosemvd.com\/wp-content\/uploads\/2023\/03\/Sin-titulo-2_Mesa-de-trabajo-1.png","contentUrl":"https:\/\/rosemvd.com\/wp-content\/uploads\/2023\/03\/Sin-titulo-2_Mesa-de-trabajo-1.png","width":2084,"height":2084,"caption":"ROSE MVD"},"image":{"@id":"https:\/\/rosemvd.com\/#\/schema\/logo\/image\/"},"sameAs":["https:\/\/www.facebook.com\/TiendaRoseMvd","https:\/\/www.instagram.com\/rose.mvd"]}]}},"_links":{"self":[{"href":"https:\/\/rosemvd.com\/index.php\/wp-json\/wp\/v2\/product\/12750","targetHints":{"allow":["GET"]}}],"collection":[{"href":"https:\/\/rosemvd.com\/index.php\/wp-json\/wp\/v2\/product"}],"about":[{"href":"https:\/\/rosemvd.com\/index.php\/wp-json\/wp\/v2\/types\/product"}],"wp:featuredmedia":[{"embeddable":true,"href":"https:\/\/rosemvd.com\/index.php\/wp-json\/wp\/v2\/media\/12755"}],"wp:attachment":[{"href":"https:\/\/rosemvd.com\/index.php\/wp-json\/wp\/v2\/media?parent=12750"}],"wp:term":[{"taxonomy":"product_brand","embeddable":true,"href":"https:\/\/rosemvd.com\/index.php\/wp-json\/wp\/v2\/product_brand?post=12750"},{"taxonomy":"product_cat","embeddable":true,"href":"https:\/\/rosemvd.com\/index.php\/wp-json\/wp\/v2\/product_cat?post=12750"},{"taxonomy":"product_tag","embeddable":true,"href":"https:\/\/rosemvd.com\/index.php\/wp-json\/wp\/v2\/product_tag?post=12750"}],"curies":[{"name":"wp","href":"https:\/\/api.w.org\/{rel}","templated":true}]}}