{"id":12745,"date":"2025-04-25T12:13:22","date_gmt":"2025-04-25T15:13:22","guid":{"rendered":"https:\/\/rosemvd.com\/?post_type=product&#038;p=12745"},"modified":"2026-04-21T21:53:30","modified_gmt":"2026-04-22T00:53:30","slug":"dilatador-apnea-nariz-x2","status":"publish","type":"product","link":"https:\/\/rosemvd.com\/index.php\/producto\/dilatador-apnea-nariz-x2\/","title":{"rendered":"Dilatador Apnea Nariz x2"},"content":{"rendered":"<p class=\"\" data-start=\"86\" data-end=\"156\"><strong data-start=\"86\" data-end=\"156\">Pack x2 Dilatadores Nasales Anti Ronquido \u2013 Sleepease | Color Azul, Naranja o Transparente<\/strong><\/p>\n<p class=\"\" data-start=\"158\" data-end=\"436\">Mejor\u00e1 tu descanso y el de quienes te rodean con los dilatadores nasales anti ronquido de Sleepease. Este pack incluye <strong data-start=\"277\" data-end=\"305\">2 unidades reutilizables<\/strong>, fabricadas en <strong data-start=\"335\" data-end=\"369\">silicona suave de grado m\u00e9dico<\/strong>, que se adaptan c\u00f3modamente a distintos tama\u00f1os y formas de nariz.<\/p>\n<p class=\"\" data-start=\"438\" data-end=\"754\">Su dise\u00f1o ergon\u00f3mico permite una <strong data-start=\"471\" data-end=\"515\">mejor apertura de las v\u00edas respiratorias<\/strong>, facilitando la respiraci\u00f3n y reduciendo significativamente los ronquidos. Ideales para personas con <strong data-start=\"617\" data-end=\"690\">congesti\u00f3n nasal, apnea leve o dificultades para dormir profundamente<\/strong>, estos dilatadores te ayudar\u00e1n a lograr un sue\u00f1o m\u00e1s reparador.<\/p>\n<p class=\"\" data-start=\"756\" data-end=\"783\"><strong data-start=\"756\" data-end=\"783\">Beneficios principales:<\/strong><\/p>\n<ul data-start=\"785\" data-end=\"1082\">\n<li class=\"\" data-start=\"785\" data-end=\"838\">\n<p class=\"\" data-start=\"787\" data-end=\"838\">Alivio inmediato de ronquidos y congesti\u00f3n nasal.<\/p>\n<\/li>\n<li class=\"\" data-start=\"839\" data-end=\"899\">\n<p class=\"\" data-start=\"841\" data-end=\"899\">Dise\u00f1o anat\u00f3mico c\u00f3modo, flexible y de f\u00e1cil colocaci\u00f3n.<\/p>\n<\/li>\n<li class=\"\" data-start=\"900\" data-end=\"972\">\n<p class=\"\" data-start=\"902\" data-end=\"972\">Material reutilizable, higi\u00e9nico y respetuoso con el medio ambiente.<\/p>\n<\/li>\n<li class=\"\" data-start=\"973\" data-end=\"1037\">\n<p class=\"\" data-start=\"975\" data-end=\"1037\">Apto para uso prolongado sin causar molestias ni irritaci\u00f3n.<\/p>\n<\/li>\n<li class=\"\" data-start=\"1038\" data-end=\"1082\">\n<p class=\"\" data-start=\"1040\" data-end=\"1082\">Discreto, pr\u00e1ctico y f\u00e1cil de transportar.<\/p>\n<\/li>\n<\/ul>\n<p class=\"\" data-start=\"1084\" data-end=\"1190\">Dorm\u00ed mejor cada noche con Sleepease, el complemento perfecto para mejorar tu bienestar y calidad de vida.<\/p>\n","protected":false},"excerpt":{"rendered":"<p>Pack x2 Dilatadores Nasales Anti Ronquido \u2013 Sleepease | Color Azul, Naranja o Transparente Mejor\u00e1 tu descanso y el de quienes te rodean con los dilatadores nasales anti ronquido de Sleepease. Este pack incluye 2 unidades reutilizables, fabricadas en silicona suave de grado m\u00e9dico, que se adaptan c\u00f3modamente a distintos tama\u00f1os y formas de nariz. [&hellip;]<\/p>\n","protected":false},"featured_media":12749,"template":"","meta":{"site-sidebar-layout":"default","site-content-layout":"","ast-site-content-layout":"default","site-content-style":"default","site-sidebar-style":"default","ast-global-header-display":"","ast-banner-title-visibility":"","ast-main-header-display":"","ast-hfb-above-header-display":"","ast-hfb-below-header-display":"","ast-hfb-mobile-header-display":"","site-post-title":"","ast-breadcrumbs-content":"","ast-featured-img":"","footer-sml-layout":"","ast-disable-related-posts":"","theme-transparent-header-meta":"default","adv-header-id-meta":"","stick-header-meta":"","header-above-stick-meta":"","header-main-stick-meta":"","header-below-stick-meta":"","astra-migrate-meta-layouts":"set","ast-page-background-enabled":"default","ast-page-background-meta":{"desktop":{"background-color":"var(--ast-global-color-4)","background-image":"","background-repeat":"repeat","background-position":"center center","background-size":"auto","background-attachment":"scroll","background-type":"","background-media":"","overlay-type":"","overlay-color":"","overlay-opacity":"","overlay-gradient":""},"tablet":{"background-color":"","background-image":"","background-repeat":"repeat","background-position":"center center","background-size":"auto","background-attachment":"scroll","background-type":"","background-media":"","overlay-type":"","overlay-color":"","overlay-opacity":"","overlay-gradient":""},"mobile":{"background-color":"","background-image":"","background-repeat":"repeat","background-position":"center center","background-size":"auto","background-attachment":"scroll","background-type":"","background-media":"","overlay-type":"","overlay-color":"","overlay-opacity":"","overlay-gradient":""}},"ast-content-background-meta":{"desktop":{"background-color":"var(--ast-global-color-5)","background-image":"","background-repeat":"repeat","background-position":"center center","background-size":"auto","background-attachment":"scroll","background-type":"","background-media":"","overlay-type":"","overlay-color":"","overlay-opacity":"","overlay-gradient":""},"tablet":{"background-color":"var(--ast-global-color-5)","background-image":"","background-repeat":"repeat","background-position":"center center","background-size":"auto","background-attachment":"scroll","background-type":"","background-media":"","overlay-type":"","overlay-color":"","overlay-opacity":"","overlay-gradient":""},"mobile":{"background-color":"var(--ast-global-color-5)","background-image":"","background-repeat":"repeat","background-position":"center center","background-size":"auto","background-attachment":"scroll","background-type":"","background-media":"","overlay-type":"","overlay-color":"","overlay-opacity":"","overlay-gradient":""}}},"product_brand":[],"product_cat":[447,457,368],"product_tag":[],"class_list":{"0":"post-12745","1":"product","2":"type-product","3":"status-publish","4":"has-post-thumbnail","6":"product_cat-bienestar","7":"product_cat-dispositivos-de-cuidado","8":"product_cat-otros","9":"desktop-align-left","10":"tablet-align-left","11":"mobile-align-left","13":"first","14":"instock","15":"shipping-taxable","16":"purchasable","17":"product-type-variable"},"yoast_head":"<!-- This site is optimized with the Yoast SEO plugin v27.3 - https:\/\/yoast.com\/product\/yoast-seo-wordpress\/ -->\n<title>Dilatador Apnea Nariz x2 - ROSE MVD<\/title>\n<meta name=\"description\" content=\"Mejor\u00e1 tu descanso y el de quienes te rodean con los dilatadores nasales anti ronquido de Sleepease. fabricadas en silicona suave de grado m\u00e9dico\" \/>\n<meta name=\"robots\" content=\"index, follow, max-snippet:-1, max-image-preview:large, max-video-preview:-1\" \/>\n<link rel=\"canonical\" href=\"https:\/\/rosemvd.com\/index.php\/producto\/dilatador-apnea-nariz-x2\/\" \/>\n<meta property=\"og:locale\" content=\"es_ES\" \/>\n<meta property=\"og:type\" content=\"article\" \/>\n<meta property=\"og:title\" content=\"Dilatador Apnea Nariz x2 - ROSE MVD\" \/>\n<meta property=\"og:description\" content=\"Mejor\u00e1 tu descanso y el de quienes te rodean con los dilatadores nasales anti ronquido de Sleepease. fabricadas en silicona suave de grado m\u00e9dico\" \/>\n<meta property=\"og:url\" content=\"https:\/\/rosemvd.com\/index.php\/producto\/dilatador-apnea-nariz-x2\/\" \/>\n<meta property=\"og:site_name\" content=\"ROSE MVD\" \/>\n<meta property=\"article:publisher\" content=\"https:\/\/www.facebook.com\/TiendaRoseMvd\" \/>\n<meta property=\"article:modified_time\" content=\"2026-04-22T00:53:30+00:00\" \/>\n<meta property=\"og:image\" content=\"https:\/\/rosemvd.com\/wp-content\/uploads\/2025\/04\/D_NQ_NP_818862-MLU83303665858_042025-O.webp\" \/>\n\t<meta property=\"og:image:width\" content=\"500\" \/>\n\t<meta property=\"og:image:height\" content=\"427\" \/>\n\t<meta property=\"og:image:type\" content=\"image\/webp\" \/>\n<meta name=\"twitter:card\" content=\"summary_large_image\" \/>\n<meta name=\"twitter:label1\" content=\"Tiempo de lectura\" \/>\n\t<meta name=\"twitter:data1\" content=\"1 minuto\" \/>\n<script type=\"application\/ld+json\" class=\"yoast-schema-graph\">{\"@context\":\"https:\\\/\\\/schema.org\",\"@graph\":[{\"@type\":\"WebPage\",\"@id\":\"https:\\\/\\\/rosemvd.com\\\/index.php\\\/producto\\\/dilatador-apnea-nariz-x2\\\/\",\"url\":\"https:\\\/\\\/rosemvd.com\\\/index.php\\\/producto\\\/dilatador-apnea-nariz-x2\\\/\",\"name\":\"Dilatador Apnea Nariz x2 - ROSE MVD\",\"isPartOf\":{\"@id\":\"https:\\\/\\\/rosemvd.com\\\/#website\"},\"primaryImageOfPage\":{\"@id\":\"https:\\\/\\\/rosemvd.com\\\/index.php\\\/producto\\\/dilatador-apnea-nariz-x2\\\/#primaryimage\"},\"image\":{\"@id\":\"https:\\\/\\\/rosemvd.com\\\/index.php\\\/producto\\\/dilatador-apnea-nariz-x2\\\/#primaryimage\"},\"thumbnailUrl\":\"https:\\\/\\\/rosemvd.com\\\/wp-content\\\/uploads\\\/2025\\\/04\\\/D_NQ_NP_818862-MLU83303665858_042025-O.webp\",\"datePublished\":\"2025-04-25T15:13:22+00:00\",\"dateModified\":\"2026-04-22T00:53:30+00:00\",\"description\":\"Mejor\u00e1 tu descanso y el de quienes te rodean con los dilatadores nasales anti ronquido de Sleepease. fabricadas en silicona suave de grado m\u00e9dico\",\"breadcrumb\":{\"@id\":\"https:\\\/\\\/rosemvd.com\\\/index.php\\\/producto\\\/dilatador-apnea-nariz-x2\\\/#breadcrumb\"},\"inLanguage\":\"es\",\"potentialAction\":[{\"@type\":\"ReadAction\",\"target\":[\"https:\\\/\\\/rosemvd.com\\\/index.php\\\/producto\\\/dilatador-apnea-nariz-x2\\\/\"]}]},{\"@type\":\"ImageObject\",\"inLanguage\":\"es\",\"@id\":\"https:\\\/\\\/rosemvd.com\\\/index.php\\\/producto\\\/dilatador-apnea-nariz-x2\\\/#primaryimage\",\"url\":\"https:\\\/\\\/rosemvd.com\\\/wp-content\\\/uploads\\\/2025\\\/04\\\/D_NQ_NP_818862-MLU83303665858_042025-O.webp\",\"contentUrl\":\"https:\\\/\\\/rosemvd.com\\\/wp-content\\\/uploads\\\/2025\\\/04\\\/D_NQ_NP_818862-MLU83303665858_042025-O.webp\",\"width\":500,\"height\":427},{\"@type\":\"BreadcrumbList\",\"@id\":\"https:\\\/\\\/rosemvd.com\\\/index.php\\\/producto\\\/dilatador-apnea-nariz-x2\\\/#breadcrumb\",\"itemListElement\":[{\"@type\":\"ListItem\",\"position\":1,\"name\":\"Portada\",\"item\":\"https:\\\/\\\/rosemvd.com\\\/\"},{\"@type\":\"ListItem\",\"position\":2,\"name\":\"Tienda\",\"item\":\"https:\\\/\\\/rosemvd.com\\\/index.php\\\/tienda\\\/\"},{\"@type\":\"ListItem\",\"position\":3,\"name\":\"Dilatador Apnea Nariz x2\"}]},{\"@type\":\"WebSite\",\"@id\":\"https:\\\/\\\/rosemvd.com\\\/#website\",\"url\":\"https:\\\/\\\/rosemvd.com\\\/\",\"name\":\"ROSE MVD\",\"description\":\"Todo lo que buscas lo pod\u00e9s encontrar en rose mvd, especializados en traer todas las cosas nuevas en tendencia y accesorios diferentes y \u00fanicos.\",\"publisher\":{\"@id\":\"https:\\\/\\\/rosemvd.com\\\/#organization\"},\"potentialAction\":[{\"@type\":\"SearchAction\",\"target\":{\"@type\":\"EntryPoint\",\"urlTemplate\":\"https:\\\/\\\/rosemvd.com\\\/?s={search_term_string}\"},\"query-input\":{\"@type\":\"PropertyValueSpecification\",\"valueRequired\":true,\"valueName\":\"search_term_string\"}}],\"inLanguage\":\"es\"},{\"@type\":\"Organization\",\"@id\":\"https:\\\/\\\/rosemvd.com\\\/#organization\",\"name\":\"ROSE MVD\",\"alternateName\":\"ROSE MVD\",\"url\":\"https:\\\/\\\/rosemvd.com\\\/\",\"logo\":{\"@type\":\"ImageObject\",\"inLanguage\":\"es\",\"@id\":\"https:\\\/\\\/rosemvd.com\\\/#\\\/schema\\\/logo\\\/image\\\/\",\"url\":\"https:\\\/\\\/rosemvd.com\\\/wp-content\\\/uploads\\\/2023\\\/03\\\/Sin-titulo-2_Mesa-de-trabajo-1.png\",\"contentUrl\":\"https:\\\/\\\/rosemvd.com\\\/wp-content\\\/uploads\\\/2023\\\/03\\\/Sin-titulo-2_Mesa-de-trabajo-1.png\",\"width\":2084,\"height\":2084,\"caption\":\"ROSE MVD\"},\"image\":{\"@id\":\"https:\\\/\\\/rosemvd.com\\\/#\\\/schema\\\/logo\\\/image\\\/\"},\"sameAs\":[\"https:\\\/\\\/www.facebook.com\\\/TiendaRoseMvd\",\"https:\\\/\\\/www.instagram.com\\\/rose.mvd\"]}]}<\/script>\n<!-- \/ Yoast SEO plugin. -->","yoast_head_json":{"title":"Dilatador Apnea Nariz x2 - ROSE MVD","description":"Mejor\u00e1 tu descanso y el de quienes te rodean con los dilatadores nasales anti ronquido de Sleepease. fabricadas en silicona suave de grado m\u00e9dico","robots":{"index":"index","follow":"follow","max-snippet":"max-snippet:-1","max-image-preview":"max-image-preview:large","max-video-preview":"max-video-preview:-1"},"canonical":"https:\/\/rosemvd.com\/index.php\/producto\/dilatador-apnea-nariz-x2\/","og_locale":"es_ES","og_type":"article","og_title":"Dilatador Apnea Nariz x2 - ROSE MVD","og_description":"Mejor\u00e1 tu descanso y el de quienes te rodean con los dilatadores nasales anti ronquido de Sleepease. fabricadas en silicona suave de grado m\u00e9dico","og_url":"https:\/\/rosemvd.com\/index.php\/producto\/dilatador-apnea-nariz-x2\/","og_site_name":"ROSE MVD","article_publisher":"https:\/\/www.facebook.com\/TiendaRoseMvd","article_modified_time":"2026-04-22T00:53:30+00:00","og_image":[{"width":500,"height":427,"url":"https:\/\/rosemvd.com\/wp-content\/uploads\/2025\/04\/D_NQ_NP_818862-MLU83303665858_042025-O.webp","type":"image\/webp"}],"twitter_card":"summary_large_image","twitter_misc":{"Tiempo de lectura":"1 minuto"},"schema":{"@context":"https:\/\/schema.org","@graph":[{"@type":"WebPage","@id":"https:\/\/rosemvd.com\/index.php\/producto\/dilatador-apnea-nariz-x2\/","url":"https:\/\/rosemvd.com\/index.php\/producto\/dilatador-apnea-nariz-x2\/","name":"Dilatador Apnea Nariz x2 - ROSE MVD","isPartOf":{"@id":"https:\/\/rosemvd.com\/#website"},"primaryImageOfPage":{"@id":"https:\/\/rosemvd.com\/index.php\/producto\/dilatador-apnea-nariz-x2\/#primaryimage"},"image":{"@id":"https:\/\/rosemvd.com\/index.php\/producto\/dilatador-apnea-nariz-x2\/#primaryimage"},"thumbnailUrl":"https:\/\/rosemvd.com\/wp-content\/uploads\/2025\/04\/D_NQ_NP_818862-MLU83303665858_042025-O.webp","datePublished":"2025-04-25T15:13:22+00:00","dateModified":"2026-04-22T00:53:30+00:00","description":"Mejor\u00e1 tu descanso y el de quienes te rodean con los dilatadores nasales anti ronquido de Sleepease. fabricadas en silicona suave de grado m\u00e9dico","breadcrumb":{"@id":"https:\/\/rosemvd.com\/index.php\/producto\/dilatador-apnea-nariz-x2\/#breadcrumb"},"inLanguage":"es","potentialAction":[{"@type":"ReadAction","target":["https:\/\/rosemvd.com\/index.php\/producto\/dilatador-apnea-nariz-x2\/"]}]},{"@type":"ImageObject","inLanguage":"es","@id":"https:\/\/rosemvd.com\/index.php\/producto\/dilatador-apnea-nariz-x2\/#primaryimage","url":"https:\/\/rosemvd.com\/wp-content\/uploads\/2025\/04\/D_NQ_NP_818862-MLU83303665858_042025-O.webp","contentUrl":"https:\/\/rosemvd.com\/wp-content\/uploads\/2025\/04\/D_NQ_NP_818862-MLU83303665858_042025-O.webp","width":500,"height":427},{"@type":"BreadcrumbList","@id":"https:\/\/rosemvd.com\/index.php\/producto\/dilatador-apnea-nariz-x2\/#breadcrumb","itemListElement":[{"@type":"ListItem","position":1,"name":"Portada","item":"https:\/\/rosemvd.com\/"},{"@type":"ListItem","position":2,"name":"Tienda","item":"https:\/\/rosemvd.com\/index.php\/tienda\/"},{"@type":"ListItem","position":3,"name":"Dilatador Apnea Nariz x2"}]},{"@type":"WebSite","@id":"https:\/\/rosemvd.com\/#website","url":"https:\/\/rosemvd.com\/","name":"ROSE MVD","description":"Todo lo que buscas lo pod\u00e9s encontrar en rose mvd, especializados en traer todas las cosas nuevas en tendencia y accesorios diferentes y \u00fanicos.","publisher":{"@id":"https:\/\/rosemvd.com\/#organization"},"potentialAction":[{"@type":"SearchAction","target":{"@type":"EntryPoint","urlTemplate":"https:\/\/rosemvd.com\/?s={search_term_string}"},"query-input":{"@type":"PropertyValueSpecification","valueRequired":true,"valueName":"search_term_string"}}],"inLanguage":"es"},{"@type":"Organization","@id":"https:\/\/rosemvd.com\/#organization","name":"ROSE MVD","alternateName":"ROSE MVD","url":"https:\/\/rosemvd.com\/","logo":{"@type":"ImageObject","inLanguage":"es","@id":"https:\/\/rosemvd.com\/#\/schema\/logo\/image\/","url":"https:\/\/rosemvd.com\/wp-content\/uploads\/2023\/03\/Sin-titulo-2_Mesa-de-trabajo-1.png","contentUrl":"https:\/\/rosemvd.com\/wp-content\/uploads\/2023\/03\/Sin-titulo-2_Mesa-de-trabajo-1.png","width":2084,"height":2084,"caption":"ROSE MVD"},"image":{"@id":"https:\/\/rosemvd.com\/#\/schema\/logo\/image\/"},"sameAs":["https:\/\/www.facebook.com\/TiendaRoseMvd","https:\/\/www.instagram.com\/rose.mvd"]}]}},"_links":{"self":[{"href":"https:\/\/rosemvd.com\/index.php\/wp-json\/wp\/v2\/product\/12745","targetHints":{"allow":["GET"]}}],"collection":[{"href":"https:\/\/rosemvd.com\/index.php\/wp-json\/wp\/v2\/product"}],"about":[{"href":"https:\/\/rosemvd.com\/index.php\/wp-json\/wp\/v2\/types\/product"}],"wp:featuredmedia":[{"embeddable":true,"href":"https:\/\/rosemvd.com\/index.php\/wp-json\/wp\/v2\/media\/12749"}],"wp:attachment":[{"href":"https:\/\/rosemvd.com\/index.php\/wp-json\/wp\/v2\/media?parent=12745"}],"wp:term":[{"taxonomy":"product_brand","embeddable":true,"href":"https:\/\/rosemvd.com\/index.php\/wp-json\/wp\/v2\/product_brand?post=12745"},{"taxonomy":"product_cat","embeddable":true,"href":"https:\/\/rosemvd.com\/index.php\/wp-json\/wp\/v2\/product_cat?post=12745"},{"taxonomy":"product_tag","embeddable":true,"href":"https:\/\/rosemvd.com\/index.php\/wp-json\/wp\/v2\/product_tag?post=12745"}],"curies":[{"name":"wp","href":"https:\/\/api.w.org\/{rel}","templated":true}]}}