{"id":12712,"date":"2025-04-25T11:33:28","date_gmt":"2025-04-25T14:33:28","guid":{"rendered":"https:\/\/rosemvd.com\/?post_type=product&#038;p=12712"},"modified":"2025-12-19T19:31:23","modified_gmt":"2025-12-19T22:31:23","slug":"juguete-de-pajaro-para-gatos","status":"publish","type":"product","link":"https:\/\/rosemvd.com\/index.php\/producto\/juguete-de-pajaro-para-gatos\/","title":{"rendered":"Juguete de P\u00e1jaro para Gatos"},"content":{"rendered":"<p class=\"\" data-start=\"0\" data-end=\"86\"><strong data-start=\"0\" data-end=\"86\">Juguete Interactivo para Gatos con Sonido de P\u00e1jaro \u2013 Estimula el Instinto de Caza<\/strong><\/p>\n<p class=\"\" data-start=\"88\" data-end=\"334\">Este adorable y mejorado juguete en forma de p\u00e1jaro simula el canto real para despertar el instinto de caza natural de tu gato. Es uno de los favoritos entre los felinos de interior, brind\u00e1ndoles la emoci\u00f3n de atrapar una presa sin salir de casa.<\/p>\n<p class=\"\" data-start=\"336\" data-end=\"619\">Tu gato disfrutar\u00e1 llev\u00e1ndolo con orgullo en la boca o lanz\u00e1ndolo al aire mientras se divierte como si estuviera jugando con un p\u00e1jaro real. Gracias a su dise\u00f1o realista y sonido incorporado, este juguete se convierte en una fuente de entretenimiento constante y estimulaci\u00f3n mental.<\/p>\n<p class=\"\" data-start=\"621\" data-end=\"653\"><strong data-start=\"621\" data-end=\"653\">Caracter\u00edsticas principales:<\/strong><\/p>\n<ol data-start=\"655\" data-end=\"1103\">\n<li class=\"\" data-start=\"655\" data-end=\"776\">\n<p class=\"\" data-start=\"658\" data-end=\"776\"><strong data-start=\"658\" data-end=\"688\">Sonido realista de p\u00e1jaro:<\/strong> Equipado con un chip electr\u00f3nico que emite gorjeos aut\u00e9nticos al contacto o movimiento.<\/p>\n<\/li>\n<li class=\"\" data-start=\"777\" data-end=\"889\">\n<p class=\"\" data-start=\"780\" data-end=\"889\"><strong data-start=\"780\" data-end=\"819\">Ideal para gatos y perros peque\u00f1os:<\/strong> Estimula el instinto natural de caza y juego en mascotas con energ\u00eda.<\/p>\n<\/li>\n<li class=\"\" data-start=\"989\" data-end=\"1103\">\n<p class=\"\" data-start=\"992\" data-end=\"1103\"><strong data-start=\"992\" data-end=\"1013\">F\u00e1cil de limpiar:<\/strong> Se recomienda limpiar con un pa\u00f1o h\u00famedo.<\/p>\n<\/li>\n<\/ol>\n<p class=\"\" data-start=\"1105\" data-end=\"1272\">Proporciona horas de diversi\u00f3n, ejercicio y estimulaci\u00f3n sensorial con este juguete que combina sonido, textura y movimiento para mantener a tu mascota feliz y activa.<\/p>\n","protected":false},"excerpt":{"rendered":"<p>Juguete Interactivo para Gatos con Sonido de P\u00e1jaro \u2013 Estimula el Instinto de Caza Este adorable y mejorado juguete en forma de p\u00e1jaro simula el canto real para despertar el instinto de caza natural de tu gato. Es uno de los favoritos entre los felinos de interior, brind\u00e1ndoles la emoci\u00f3n de atrapar una presa sin [&hellip;]<\/p>\n","protected":false},"featured_media":12717,"template":"","meta":{"site-sidebar-layout":"default","site-content-layout":"","ast-site-content-layout":"default","site-content-style":"default","site-sidebar-style":"default","ast-global-header-display":"","ast-banner-title-visibility":"","ast-main-header-display":"","ast-hfb-above-header-display":"","ast-hfb-below-header-display":"","ast-hfb-mobile-header-display":"","site-post-title":"","ast-breadcrumbs-content":"","ast-featured-img":"","footer-sml-layout":"","ast-disable-related-posts":"","theme-transparent-header-meta":"default","adv-header-id-meta":"","stick-header-meta":"","header-above-stick-meta":"","header-main-stick-meta":"","header-below-stick-meta":"","astra-migrate-meta-layouts":"set","ast-page-background-enabled":"default","ast-page-background-meta":{"desktop":{"background-color":"var(--ast-global-color-4)","background-image":"","background-repeat":"repeat","background-position":"center center","background-size":"auto","background-attachment":"scroll","background-type":"","background-media":"","overlay-type":"","overlay-color":"","overlay-opacity":"","overlay-gradient":""},"tablet":{"background-color":"","background-image":"","background-repeat":"repeat","background-position":"center center","background-size":"auto","background-attachment":"scroll","background-type":"","background-media":"","overlay-type":"","overlay-color":"","overlay-opacity":"","overlay-gradient":""},"mobile":{"background-color":"","background-image":"","background-repeat":"repeat","background-position":"center center","background-size":"auto","background-attachment":"scroll","background-type":"","background-media":"","overlay-type":"","overlay-color":"","overlay-opacity":"","overlay-gradient":""}},"ast-content-background-meta":{"desktop":{"background-color":"var(--ast-global-color-5)","background-image":"","background-repeat":"repeat","background-position":"center center","background-size":"auto","background-attachment":"scroll","background-type":"","background-media":"","overlay-type":"","overlay-color":"","overlay-opacity":"","overlay-gradient":""},"tablet":{"background-color":"var(--ast-global-color-5)","background-image":"","background-repeat":"repeat","background-position":"center center","background-size":"auto","background-attachment":"scroll","background-type":"","background-media":"","overlay-type":"","overlay-color":"","overlay-opacity":"","overlay-gradient":""},"mobile":{"background-color":"var(--ast-global-color-5)","background-image":"","background-repeat":"repeat","background-position":"center center","background-size":"auto","background-attachment":"scroll","background-type":"","background-media":"","overlay-type":"","overlay-color":"","overlay-opacity":"","overlay-gradient":""}}},"product_brand":[],"product_cat":[439],"product_tag":[],"class_list":{"0":"post-12712","1":"product","2":"type-product","3":"status-publish","4":"has-post-thumbnail","6":"product_cat-mascotas","7":"desktop-align-left","8":"tablet-align-left","9":"mobile-align-left","11":"first","12":"instock","13":"shipping-taxable","14":"purchasable","15":"product-type-simple"},"yoast_head":"<!-- This site is optimized with the Yoast SEO plugin v27.3 - https:\/\/yoast.com\/product\/yoast-seo-wordpress\/ -->\n<title>Juguete de P\u00e1jaro para Gatos - ROSE MVD<\/title>\n<meta name=\"description\" content=\"Adorable y mejorado juguete en forma de p\u00e1jaro simula el canto real para despertar el instinto de caza natural de tu gato.\" \/>\n<meta name=\"robots\" content=\"index, follow, max-snippet:-1, max-image-preview:large, max-video-preview:-1\" \/>\n<link rel=\"canonical\" href=\"https:\/\/rosemvd.com\/index.php\/producto\/juguete-de-pajaro-para-gatos\/\" \/>\n<meta property=\"og:locale\" content=\"es_ES\" \/>\n<meta property=\"og:type\" content=\"article\" \/>\n<meta property=\"og:title\" content=\"Juguete de P\u00e1jaro para Gatos - ROSE MVD\" \/>\n<meta property=\"og:description\" content=\"Adorable y mejorado juguete en forma de p\u00e1jaro simula el canto real para despertar el instinto de caza natural de tu gato.\" \/>\n<meta property=\"og:url\" content=\"https:\/\/rosemvd.com\/index.php\/producto\/juguete-de-pajaro-para-gatos\/\" \/>\n<meta property=\"og:site_name\" content=\"ROSE MVD\" \/>\n<meta property=\"article:publisher\" content=\"https:\/\/www.facebook.com\/TiendaRoseMvd\" \/>\n<meta property=\"article:modified_time\" content=\"2025-12-19T22:31:23+00:00\" \/>\n<meta property=\"og:image\" content=\"https:\/\/rosemvd.com\/wp-content\/uploads\/2025\/04\/D_NQ_NP_906227-MLU83593688433_042025-O.webp\" \/>\n\t<meta property=\"og:image:width\" content=\"461\" \/>\n\t<meta property=\"og:image:height\" content=\"500\" \/>\n\t<meta property=\"og:image:type\" content=\"image\/webp\" \/>\n<meta name=\"twitter:card\" content=\"summary_large_image\" \/>\n<meta name=\"twitter:label1\" content=\"Tiempo de lectura\" \/>\n\t<meta name=\"twitter:data1\" content=\"1 minuto\" \/>\n<script type=\"application\/ld+json\" class=\"yoast-schema-graph\">{\"@context\":\"https:\\\/\\\/schema.org\",\"@graph\":[{\"@type\":\"WebPage\",\"@id\":\"https:\\\/\\\/rosemvd.com\\\/index.php\\\/producto\\\/juguete-de-pajaro-para-gatos\\\/\",\"url\":\"https:\\\/\\\/rosemvd.com\\\/index.php\\\/producto\\\/juguete-de-pajaro-para-gatos\\\/\",\"name\":\"Juguete de P\u00e1jaro para Gatos - ROSE MVD\",\"isPartOf\":{\"@id\":\"https:\\\/\\\/rosemvd.com\\\/#website\"},\"primaryImageOfPage\":{\"@id\":\"https:\\\/\\\/rosemvd.com\\\/index.php\\\/producto\\\/juguete-de-pajaro-para-gatos\\\/#primaryimage\"},\"image\":{\"@id\":\"https:\\\/\\\/rosemvd.com\\\/index.php\\\/producto\\\/juguete-de-pajaro-para-gatos\\\/#primaryimage\"},\"thumbnailUrl\":\"https:\\\/\\\/rosemvd.com\\\/wp-content\\\/uploads\\\/2025\\\/04\\\/D_NQ_NP_906227-MLU83593688433_042025-O.webp\",\"datePublished\":\"2025-04-25T14:33:28+00:00\",\"dateModified\":\"2025-12-19T22:31:23+00:00\",\"description\":\"Adorable y mejorado juguete en forma de p\u00e1jaro simula el canto real para despertar el instinto de caza natural de tu gato.\",\"breadcrumb\":{\"@id\":\"https:\\\/\\\/rosemvd.com\\\/index.php\\\/producto\\\/juguete-de-pajaro-para-gatos\\\/#breadcrumb\"},\"inLanguage\":\"es\",\"potentialAction\":[{\"@type\":\"ReadAction\",\"target\":[\"https:\\\/\\\/rosemvd.com\\\/index.php\\\/producto\\\/juguete-de-pajaro-para-gatos\\\/\"]}]},{\"@type\":\"ImageObject\",\"inLanguage\":\"es\",\"@id\":\"https:\\\/\\\/rosemvd.com\\\/index.php\\\/producto\\\/juguete-de-pajaro-para-gatos\\\/#primaryimage\",\"url\":\"https:\\\/\\\/rosemvd.com\\\/wp-content\\\/uploads\\\/2025\\\/04\\\/D_NQ_NP_906227-MLU83593688433_042025-O.webp\",\"contentUrl\":\"https:\\\/\\\/rosemvd.com\\\/wp-content\\\/uploads\\\/2025\\\/04\\\/D_NQ_NP_906227-MLU83593688433_042025-O.webp\",\"width\":461,\"height\":500},{\"@type\":\"BreadcrumbList\",\"@id\":\"https:\\\/\\\/rosemvd.com\\\/index.php\\\/producto\\\/juguete-de-pajaro-para-gatos\\\/#breadcrumb\",\"itemListElement\":[{\"@type\":\"ListItem\",\"position\":1,\"name\":\"Portada\",\"item\":\"https:\\\/\\\/rosemvd.com\\\/\"},{\"@type\":\"ListItem\",\"position\":2,\"name\":\"Tienda\",\"item\":\"https:\\\/\\\/rosemvd.com\\\/index.php\\\/tienda\\\/\"},{\"@type\":\"ListItem\",\"position\":3,\"name\":\"Juguete de P\u00e1jaro para Gatos\"}]},{\"@type\":\"WebSite\",\"@id\":\"https:\\\/\\\/rosemvd.com\\\/#website\",\"url\":\"https:\\\/\\\/rosemvd.com\\\/\",\"name\":\"ROSE MVD\",\"description\":\"Todo lo que no sab\u00edas que necesitabas, lo \u00faltimo en tendencia, utilidad e innovaci\u00f3n\",\"publisher\":{\"@id\":\"https:\\\/\\\/rosemvd.com\\\/#organization\"},\"potentialAction\":[{\"@type\":\"SearchAction\",\"target\":{\"@type\":\"EntryPoint\",\"urlTemplate\":\"https:\\\/\\\/rosemvd.com\\\/?s={search_term_string}\"},\"query-input\":{\"@type\":\"PropertyValueSpecification\",\"valueRequired\":true,\"valueName\":\"search_term_string\"}}],\"inLanguage\":\"es\"},{\"@type\":\"Organization\",\"@id\":\"https:\\\/\\\/rosemvd.com\\\/#organization\",\"name\":\"ROSE MVD\",\"alternateName\":\"ROSE MVD\",\"url\":\"https:\\\/\\\/rosemvd.com\\\/\",\"logo\":{\"@type\":\"ImageObject\",\"inLanguage\":\"es\",\"@id\":\"https:\\\/\\\/rosemvd.com\\\/#\\\/schema\\\/logo\\\/image\\\/\",\"url\":\"https:\\\/\\\/rosemvd.com\\\/wp-content\\\/uploads\\\/2023\\\/03\\\/Sin-titulo-2_Mesa-de-trabajo-1.png\",\"contentUrl\":\"https:\\\/\\\/rosemvd.com\\\/wp-content\\\/uploads\\\/2023\\\/03\\\/Sin-titulo-2_Mesa-de-trabajo-1.png\",\"width\":2084,\"height\":2084,\"caption\":\"ROSE MVD\"},\"image\":{\"@id\":\"https:\\\/\\\/rosemvd.com\\\/#\\\/schema\\\/logo\\\/image\\\/\"},\"sameAs\":[\"https:\\\/\\\/www.facebook.com\\\/TiendaRoseMvd\",\"https:\\\/\\\/www.instagram.com\\\/rose.mvd\"]}]}<\/script>\n<!-- \/ Yoast SEO plugin. -->","yoast_head_json":{"title":"Juguete de P\u00e1jaro para Gatos - ROSE MVD","description":"Adorable y mejorado juguete en forma de p\u00e1jaro simula el canto real para despertar el instinto de caza natural de tu gato.","robots":{"index":"index","follow":"follow","max-snippet":"max-snippet:-1","max-image-preview":"max-image-preview:large","max-video-preview":"max-video-preview:-1"},"canonical":"https:\/\/rosemvd.com\/index.php\/producto\/juguete-de-pajaro-para-gatos\/","og_locale":"es_ES","og_type":"article","og_title":"Juguete de P\u00e1jaro para Gatos - ROSE MVD","og_description":"Adorable y mejorado juguete en forma de p\u00e1jaro simula el canto real para despertar el instinto de caza natural de tu gato.","og_url":"https:\/\/rosemvd.com\/index.php\/producto\/juguete-de-pajaro-para-gatos\/","og_site_name":"ROSE MVD","article_publisher":"https:\/\/www.facebook.com\/TiendaRoseMvd","article_modified_time":"2025-12-19T22:31:23+00:00","og_image":[{"width":461,"height":500,"url":"https:\/\/rosemvd.com\/wp-content\/uploads\/2025\/04\/D_NQ_NP_906227-MLU83593688433_042025-O.webp","type":"image\/webp"}],"twitter_card":"summary_large_image","twitter_misc":{"Tiempo de lectura":"1 minuto"},"schema":{"@context":"https:\/\/schema.org","@graph":[{"@type":"WebPage","@id":"https:\/\/rosemvd.com\/index.php\/producto\/juguete-de-pajaro-para-gatos\/","url":"https:\/\/rosemvd.com\/index.php\/producto\/juguete-de-pajaro-para-gatos\/","name":"Juguete de P\u00e1jaro para Gatos - ROSE MVD","isPartOf":{"@id":"https:\/\/rosemvd.com\/#website"},"primaryImageOfPage":{"@id":"https:\/\/rosemvd.com\/index.php\/producto\/juguete-de-pajaro-para-gatos\/#primaryimage"},"image":{"@id":"https:\/\/rosemvd.com\/index.php\/producto\/juguete-de-pajaro-para-gatos\/#primaryimage"},"thumbnailUrl":"https:\/\/rosemvd.com\/wp-content\/uploads\/2025\/04\/D_NQ_NP_906227-MLU83593688433_042025-O.webp","datePublished":"2025-04-25T14:33:28+00:00","dateModified":"2025-12-19T22:31:23+00:00","description":"Adorable y mejorado juguete en forma de p\u00e1jaro simula el canto real para despertar el instinto de caza natural de tu gato.","breadcrumb":{"@id":"https:\/\/rosemvd.com\/index.php\/producto\/juguete-de-pajaro-para-gatos\/#breadcrumb"},"inLanguage":"es","potentialAction":[{"@type":"ReadAction","target":["https:\/\/rosemvd.com\/index.php\/producto\/juguete-de-pajaro-para-gatos\/"]}]},{"@type":"ImageObject","inLanguage":"es","@id":"https:\/\/rosemvd.com\/index.php\/producto\/juguete-de-pajaro-para-gatos\/#primaryimage","url":"https:\/\/rosemvd.com\/wp-content\/uploads\/2025\/04\/D_NQ_NP_906227-MLU83593688433_042025-O.webp","contentUrl":"https:\/\/rosemvd.com\/wp-content\/uploads\/2025\/04\/D_NQ_NP_906227-MLU83593688433_042025-O.webp","width":461,"height":500},{"@type":"BreadcrumbList","@id":"https:\/\/rosemvd.com\/index.php\/producto\/juguete-de-pajaro-para-gatos\/#breadcrumb","itemListElement":[{"@type":"ListItem","position":1,"name":"Portada","item":"https:\/\/rosemvd.com\/"},{"@type":"ListItem","position":2,"name":"Tienda","item":"https:\/\/rosemvd.com\/index.php\/tienda\/"},{"@type":"ListItem","position":3,"name":"Juguete de P\u00e1jaro para Gatos"}]},{"@type":"WebSite","@id":"https:\/\/rosemvd.com\/#website","url":"https:\/\/rosemvd.com\/","name":"ROSE MVD","description":"Todo lo que no sab\u00edas que necesitabas, lo \u00faltimo en tendencia, utilidad e innovaci\u00f3n","publisher":{"@id":"https:\/\/rosemvd.com\/#organization"},"potentialAction":[{"@type":"SearchAction","target":{"@type":"EntryPoint","urlTemplate":"https:\/\/rosemvd.com\/?s={search_term_string}"},"query-input":{"@type":"PropertyValueSpecification","valueRequired":true,"valueName":"search_term_string"}}],"inLanguage":"es"},{"@type":"Organization","@id":"https:\/\/rosemvd.com\/#organization","name":"ROSE MVD","alternateName":"ROSE MVD","url":"https:\/\/rosemvd.com\/","logo":{"@type":"ImageObject","inLanguage":"es","@id":"https:\/\/rosemvd.com\/#\/schema\/logo\/image\/","url":"https:\/\/rosemvd.com\/wp-content\/uploads\/2023\/03\/Sin-titulo-2_Mesa-de-trabajo-1.png","contentUrl":"https:\/\/rosemvd.com\/wp-content\/uploads\/2023\/03\/Sin-titulo-2_Mesa-de-trabajo-1.png","width":2084,"height":2084,"caption":"ROSE MVD"},"image":{"@id":"https:\/\/rosemvd.com\/#\/schema\/logo\/image\/"},"sameAs":["https:\/\/www.facebook.com\/TiendaRoseMvd","https:\/\/www.instagram.com\/rose.mvd"]}]}},"_links":{"self":[{"href":"https:\/\/rosemvd.com\/index.php\/wp-json\/wp\/v2\/product\/12712","targetHints":{"allow":["GET"]}}],"collection":[{"href":"https:\/\/rosemvd.com\/index.php\/wp-json\/wp\/v2\/product"}],"about":[{"href":"https:\/\/rosemvd.com\/index.php\/wp-json\/wp\/v2\/types\/product"}],"wp:featuredmedia":[{"embeddable":true,"href":"https:\/\/rosemvd.com\/index.php\/wp-json\/wp\/v2\/media\/12717"}],"wp:attachment":[{"href":"https:\/\/rosemvd.com\/index.php\/wp-json\/wp\/v2\/media?parent=12712"}],"wp:term":[{"taxonomy":"product_brand","embeddable":true,"href":"https:\/\/rosemvd.com\/index.php\/wp-json\/wp\/v2\/product_brand?post=12712"},{"taxonomy":"product_cat","embeddable":true,"href":"https:\/\/rosemvd.com\/index.php\/wp-json\/wp\/v2\/product_cat?post=12712"},{"taxonomy":"product_tag","embeddable":true,"href":"https:\/\/rosemvd.com\/index.php\/wp-json\/wp\/v2\/product_tag?post=12712"}],"curies":[{"name":"wp","href":"https:\/\/api.w.org\/{rel}","templated":true}]}}