{"id":12587,"date":"2025-03-28T11:03:52","date_gmt":"2025-03-28T14:03:52","guid":{"rendered":"https:\/\/rosemvd.com\/?post_type=product&#038;p=12587"},"modified":"2026-04-21T16:20:06","modified_gmt":"2026-04-21T19:20:06","slug":"lapiz-electrico-removedor-de-callos","status":"publish","type":"product","link":"https:\/\/rosemvd.com\/index.php\/producto\/lapiz-electrico-removedor-de-callos\/","title":{"rendered":"L\u00e1piz El\u00e9ctrico Removedor de Callos"},"content":{"rendered":"<article class=\"w-full text-token-text-primary\" dir=\"auto\" data-testid=\"conversation-turn-126\" data-scroll-anchor=\"true\">\n<div class=\"text-base my-auto mx-auto py-5 px-6\">\n<div class=\"mx-auto flex flex-1 text-base gap-4 md:gap-5 lg:gap-6 md:max-w-3xl lg:max-w-[40rem] xl:max-w-[48rem] group\/turn-messages focus-visible:outline-none\" tabindex=\"-1\">\n<div class=\"group\/conversation-turn relative flex w-full min-w-0 flex-col agent-turn @xs\/thread:px-0 @sm\/thread:px-1.5 @md\/thread:px-4\">\n<div class=\"relative flex-col gap-1 md:gap-3\">\n<div class=\"flex max-w-full flex-col flex-grow\">\n<div class=\"min-h-8 text-message relative flex w-full flex-col items-end gap-2 whitespace-normal break-words text-start [.text-message+&amp;]:mt-5\" dir=\"auto\" data-message-author-role=\"assistant\" data-message-id=\"7b72fd3f-f405-450c-8ec3-3bb210d22f85\" data-message-model-slug=\"gpt-4o\">\n<div class=\"flex w-full flex-col gap-1 empty:hidden first:pt-[3px]\">\n<div class=\"markdown prose w-full break-words dark:prose-invert light\">\n<p class=\"\" data-start=\"0\" data-end=\"70\"><strong data-start=\"0\" data-end=\"70\"><span>L\u00e1piz El\u00e9ctrico Removedor de Callos \u2013 Pedicura Profesional en Casa<\/span><\/strong><\/p>\n<p class=\"\" data-start=\"72\" data-end=\"374\"><span>Obt\u00e9n resultados dignos de un sal\u00f3n desde la comodidad de tu hogar con el <\/span><strong data-start=\"146\" data-end=\"185\"><span>L\u00e1piz El\u00e9ctrico Removedor de Callos<\/span><\/strong><span>. Este innovador dispositivo, con un dise\u00f1o ergon\u00f3mico tipo varita, facilita el acceso a todos los \u00e1ngulos de tus pies para eliminar la piel \u00e1spera, seca o callos de manera sencilla y eficaz.<\/span><\/p>\n<p class=\"\" data-start=\"376\" data-end=\"408\"><strong data-start=\"376\" data-end=\"408\"><span>Caracter\u00edsticas principales:<\/span><\/strong><\/p>\n<ol data-start=\"410\" data-end=\"1222\">\n<li class=\"\" data-start=\"410\" data-end=\"575\">\n<p class=\"\" data-start=\"413\" data-end=\"575\"><strong data-start=\"413\" data-end=\"435\"><span>Dise\u00f1o ergon\u00f3mico:<\/span><\/strong> <span>Su forma de l\u00e1piz permite un movimiento natural hacia adelante y hacia atr\u00e1s, cubriendo f\u00e1cilmente talones, dedos y laterales de los pies.<\/span><\/p>\n<\/li>\n<li class=\"\" data-start=\"576\" data-end=\"737\">\n<p class=\"\" data-start=\"579\" data-end=\"737\"><strong data-start=\"579\" data-end=\"617\"><span>Resultados inmediatos y sin dolor:<\/span><\/strong><span><span class=\"_fadeIn_4f9by_7\"> Alisa <\/span><\/span><span>y suaviza la piel en cuesti\u00f3n de minutos, eliminando callos, \u00e1reas \u00e1speras y piel agrietada sin causar molestias.<\/span><\/p>\n<\/li>\n<li class=\"\" data-start=\"738\" data-end=\"925\">\n<p class=\"\" data-start=\"741\" data-end=\"775\"><strong data-start=\"741\" data-end=\"775\"><span>Dos cabezales intercambiables:<\/span><\/strong><\/p>\n<ul data-start=\"779\" data-end=\"925\">\n<li class=\"\" data-start=\"779\" data-end=\"851\">\n<p class=\"\" data-start=\"781\" data-end=\"851\"><strong data-start=\"781\" data-end=\"800\"><span>Rodillo grueso: <\/span><\/strong><span>Ideal para eliminar callos rebeldes y piel muerta.<\/span><\/p>\n<\/li>\n<li class=\"\" data-start=\"855\" data-end=\"925\">\n<p class=\"\" data-start=\"857\" data-end=\"925\"><strong data-start=\"857\" data-end=\"874\"><span>Rodillo fino:<\/span><\/strong> <span>Perfecto para el pulido diario y el mantenimiento.<\/span><\/p>\n<\/li>\n<\/ul>\n<\/li>\n<li class=\"\" data-start=\"926\" data-end=\"1102\">\n<p class=\"\" data-start=\"929\" data-end=\"1102\"><strong data-start=\"929\" data-end=\"956\"><span>Velocidades ajustables:<\/span><\/strong> <span>Dos niveles de velocidad (baja y alta) para adaptarse a tus necesidades de cuidado, desde el mantenimiento diario hasta la eliminaci\u00f3n intensiva.<\/span><\/p>\n<\/li>\n<li class=\"\" data-start=\"1103\" data-end=\"1222\">\n<p class=\"\" data-start=\"1106\" data-end=\"1222\"><strong data-start=\"1106\" data-end=\"1121\"><span>Recargable:<\/span><\/strong><span> Sin necesidad de bater\u00edas desechables, solo rec\u00e1rgalo y estar\u00e1 listo para usar en cualquier momento.<\/span><\/p>\n<\/li>\n<\/ol>\n<p class=\"\" data-start=\"1224\" data-end=\"1383\"><span>Disfruta de pies m\u00e1s suaves, j\u00f3venes y saludables con este dispositivo f\u00e1cil de usar, perfecto para obtener una pedicura de calidad de sal\u00f3n sin salir de casa.<\/span><\/p>\n<\/div>\n<\/div>\n<\/div>\n<\/div>\n<\/div>\n<\/div>\n<\/div>\n<\/div>\n<\/article>\n","protected":false},"excerpt":{"rendered":"<p>L\u00e1piz El\u00e9ctrico Removedor de Callos \u2013 Pedicura Profesional en Casa Obt\u00e9n resultados dignos de un sal\u00f3n desde la comodidad de tu hogar con el L\u00e1piz El\u00e9ctrico Removedor de Callos. Este innovador dispositivo, con un dise\u00f1o ergon\u00f3mico tipo varita, facilita el acceso a todos los \u00e1ngulos de tus pies para eliminar la piel \u00e1spera, seca o [&hellip;]<\/p>\n","protected":false},"featured_media":12590,"template":"","meta":{"site-sidebar-layout":"default","site-content-layout":"","ast-site-content-layout":"default","site-content-style":"default","site-sidebar-style":"default","ast-global-header-display":"","ast-banner-title-visibility":"","ast-main-header-display":"","ast-hfb-above-header-display":"","ast-hfb-below-header-display":"","ast-hfb-mobile-header-display":"","site-post-title":"","ast-breadcrumbs-content":"","ast-featured-img":"","footer-sml-layout":"","ast-disable-related-posts":"","theme-transparent-header-meta":"default","adv-header-id-meta":"","stick-header-meta":"","header-above-stick-meta":"","header-main-stick-meta":"","header-below-stick-meta":"","astra-migrate-meta-layouts":"set","ast-page-background-enabled":"default","ast-page-background-meta":{"desktop":{"background-color":"var(--ast-global-color-4)","background-image":"","background-repeat":"repeat","background-position":"center center","background-size":"auto","background-attachment":"scroll","background-type":"","background-media":"","overlay-type":"","overlay-color":"","overlay-opacity":"","overlay-gradient":""},"tablet":{"background-color":"","background-image":"","background-repeat":"repeat","background-position":"center center","background-size":"auto","background-attachment":"scroll","background-type":"","background-media":"","overlay-type":"","overlay-color":"","overlay-opacity":"","overlay-gradient":""},"mobile":{"background-color":"","background-image":"","background-repeat":"repeat","background-position":"center center","background-size":"auto","background-attachment":"scroll","background-type":"","background-media":"","overlay-type":"","overlay-color":"","overlay-opacity":"","overlay-gradient":""}},"ast-content-background-meta":{"desktop":{"background-color":"var(--ast-global-color-5)","background-image":"","background-repeat":"repeat","background-position":"center center","background-size":"auto","background-attachment":"scroll","background-type":"","background-media":"","overlay-type":"","overlay-color":"","overlay-opacity":"","overlay-gradient":""},"tablet":{"background-color":"var(--ast-global-color-5)","background-image":"","background-repeat":"repeat","background-position":"center center","background-size":"auto","background-attachment":"scroll","background-type":"","background-media":"","overlay-type":"","overlay-color":"","overlay-opacity":"","overlay-gradient":""},"mobile":{"background-color":"var(--ast-global-color-5)","background-image":"","background-repeat":"repeat","background-position":"center center","background-size":"auto","background-attachment":"scroll","background-type":"","background-media":"","overlay-type":"","overlay-color":"","overlay-opacity":"","overlay-gradient":""}}},"product_brand":[],"product_cat":[17,466],"product_tag":[],"class_list":{"0":"post-12587","1":"product","2":"type-product","3":"status-publish","4":"has-post-thumbnail","6":"product_cat-belleza","7":"product_cat-unas-belleza","8":"desktop-align-left","9":"tablet-align-left","10":"mobile-align-left","12":"first","13":"instock","14":"shipping-taxable","15":"purchasable","16":"product-type-simple"},"yoast_head":"<!-- This site is optimized with the Yoast SEO plugin v27.3 - https:\/\/yoast.com\/product\/yoast-seo-wordpress\/ -->\n<title>L\u00e1piz El\u00e9ctrico Removedor de Callos - ROSE MVD<\/title>\n<meta name=\"description\" content=\"Obt\u00e9n resultados dignos de un sal\u00f3n desde la comodidad de tu hogar con el L\u00e1piz El\u00e9ctrico Removedor de Callos, de manera sencilla y eficaz.\" \/>\n<meta name=\"robots\" content=\"index, follow, max-snippet:-1, max-image-preview:large, max-video-preview:-1\" \/>\n<link rel=\"canonical\" href=\"https:\/\/rosemvd.com\/index.php\/producto\/lapiz-electrico-removedor-de-callos\/\" \/>\n<meta property=\"og:locale\" content=\"es_ES\" \/>\n<meta property=\"og:type\" content=\"article\" \/>\n<meta property=\"og:title\" content=\"L\u00e1piz El\u00e9ctrico Removedor de Callos - ROSE MVD\" \/>\n<meta property=\"og:description\" content=\"Obt\u00e9n resultados dignos de un sal\u00f3n desde la comodidad de tu hogar con el L\u00e1piz El\u00e9ctrico Removedor de Callos, de manera sencilla y eficaz.\" \/>\n<meta property=\"og:url\" content=\"https:\/\/rosemvd.com\/index.php\/producto\/lapiz-electrico-removedor-de-callos\/\" \/>\n<meta property=\"og:site_name\" content=\"ROSE MVD\" \/>\n<meta property=\"article:publisher\" content=\"https:\/\/www.facebook.com\/TiendaRoseMvd\" \/>\n<meta property=\"article:modified_time\" content=\"2026-04-21T19:20:06+00:00\" \/>\n<meta property=\"og:image\" content=\"https:\/\/rosemvd.com\/wp-content\/uploads\/2025\/03\/D_NQ_NP_2X_659391-MLC68883680944_042023-F-exfoliante-de-callos-electrico-pedicure-facil.webp\" \/>\n\t<meta property=\"og:image:width\" content=\"443\" \/>\n\t<meta property=\"og:image:height\" content=\"500\" \/>\n\t<meta property=\"og:image:type\" content=\"image\/webp\" \/>\n<meta name=\"twitter:card\" content=\"summary_large_image\" \/>\n<meta name=\"twitter:label1\" content=\"Tiempo de lectura\" \/>\n\t<meta name=\"twitter:data1\" content=\"2 minutos\" \/>\n<script type=\"application\/ld+json\" class=\"yoast-schema-graph\">{\"@context\":\"https:\\\/\\\/schema.org\",\"@graph\":[{\"@type\":\"WebPage\",\"@id\":\"https:\\\/\\\/rosemvd.com\\\/index.php\\\/producto\\\/lapiz-electrico-removedor-de-callos\\\/\",\"url\":\"https:\\\/\\\/rosemvd.com\\\/index.php\\\/producto\\\/lapiz-electrico-removedor-de-callos\\\/\",\"name\":\"L\u00e1piz El\u00e9ctrico Removedor de Callos - ROSE MVD\",\"isPartOf\":{\"@id\":\"https:\\\/\\\/rosemvd.com\\\/#website\"},\"primaryImageOfPage\":{\"@id\":\"https:\\\/\\\/rosemvd.com\\\/index.php\\\/producto\\\/lapiz-electrico-removedor-de-callos\\\/#primaryimage\"},\"image\":{\"@id\":\"https:\\\/\\\/rosemvd.com\\\/index.php\\\/producto\\\/lapiz-electrico-removedor-de-callos\\\/#primaryimage\"},\"thumbnailUrl\":\"https:\\\/\\\/rosemvd.com\\\/wp-content\\\/uploads\\\/2025\\\/03\\\/D_NQ_NP_2X_659391-MLC68883680944_042023-F-exfoliante-de-callos-electrico-pedicure-facil.webp\",\"datePublished\":\"2025-03-28T14:03:52+00:00\",\"dateModified\":\"2026-04-21T19:20:06+00:00\",\"description\":\"Obt\u00e9n resultados dignos de un sal\u00f3n desde la comodidad de tu hogar con el L\u00e1piz El\u00e9ctrico Removedor de Callos, de manera sencilla y eficaz.\",\"breadcrumb\":{\"@id\":\"https:\\\/\\\/rosemvd.com\\\/index.php\\\/producto\\\/lapiz-electrico-removedor-de-callos\\\/#breadcrumb\"},\"inLanguage\":\"es\",\"potentialAction\":[{\"@type\":\"ReadAction\",\"target\":[\"https:\\\/\\\/rosemvd.com\\\/index.php\\\/producto\\\/lapiz-electrico-removedor-de-callos\\\/\"]}]},{\"@type\":\"ImageObject\",\"inLanguage\":\"es\",\"@id\":\"https:\\\/\\\/rosemvd.com\\\/index.php\\\/producto\\\/lapiz-electrico-removedor-de-callos\\\/#primaryimage\",\"url\":\"https:\\\/\\\/rosemvd.com\\\/wp-content\\\/uploads\\\/2025\\\/03\\\/D_NQ_NP_2X_659391-MLC68883680944_042023-F-exfoliante-de-callos-electrico-pedicure-facil.webp\",\"contentUrl\":\"https:\\\/\\\/rosemvd.com\\\/wp-content\\\/uploads\\\/2025\\\/03\\\/D_NQ_NP_2X_659391-MLC68883680944_042023-F-exfoliante-de-callos-electrico-pedicure-facil.webp\",\"width\":443,\"height\":500},{\"@type\":\"BreadcrumbList\",\"@id\":\"https:\\\/\\\/rosemvd.com\\\/index.php\\\/producto\\\/lapiz-electrico-removedor-de-callos\\\/#breadcrumb\",\"itemListElement\":[{\"@type\":\"ListItem\",\"position\":1,\"name\":\"Portada\",\"item\":\"https:\\\/\\\/rosemvd.com\\\/\"},{\"@type\":\"ListItem\",\"position\":2,\"name\":\"Tienda\",\"item\":\"https:\\\/\\\/rosemvd.com\\\/index.php\\\/tienda\\\/\"},{\"@type\":\"ListItem\",\"position\":3,\"name\":\"L\u00e1piz El\u00e9ctrico Removedor de Callos\"}]},{\"@type\":\"WebSite\",\"@id\":\"https:\\\/\\\/rosemvd.com\\\/#website\",\"url\":\"https:\\\/\\\/rosemvd.com\\\/\",\"name\":\"ROSE MVD\",\"description\":\"Todo lo que no sab\u00edas que necesitabas, lo \u00faltimo en tendencia, utilidad e innovaci\u00f3n\",\"publisher\":{\"@id\":\"https:\\\/\\\/rosemvd.com\\\/#organization\"},\"potentialAction\":[{\"@type\":\"SearchAction\",\"target\":{\"@type\":\"EntryPoint\",\"urlTemplate\":\"https:\\\/\\\/rosemvd.com\\\/?s={search_term_string}\"},\"query-input\":{\"@type\":\"PropertyValueSpecification\",\"valueRequired\":true,\"valueName\":\"search_term_string\"}}],\"inLanguage\":\"es\"},{\"@type\":\"Organization\",\"@id\":\"https:\\\/\\\/rosemvd.com\\\/#organization\",\"name\":\"ROSE MVD\",\"alternateName\":\"ROSE MVD\",\"url\":\"https:\\\/\\\/rosemvd.com\\\/\",\"logo\":{\"@type\":\"ImageObject\",\"inLanguage\":\"es\",\"@id\":\"https:\\\/\\\/rosemvd.com\\\/#\\\/schema\\\/logo\\\/image\\\/\",\"url\":\"https:\\\/\\\/rosemvd.com\\\/wp-content\\\/uploads\\\/2023\\\/03\\\/Sin-titulo-2_Mesa-de-trabajo-1.png\",\"contentUrl\":\"https:\\\/\\\/rosemvd.com\\\/wp-content\\\/uploads\\\/2023\\\/03\\\/Sin-titulo-2_Mesa-de-trabajo-1.png\",\"width\":2084,\"height\":2084,\"caption\":\"ROSE MVD\"},\"image\":{\"@id\":\"https:\\\/\\\/rosemvd.com\\\/#\\\/schema\\\/logo\\\/image\\\/\"},\"sameAs\":[\"https:\\\/\\\/www.facebook.com\\\/TiendaRoseMvd\",\"https:\\\/\\\/www.instagram.com\\\/rose.mvd\"]}]}<\/script>\n<!-- \/ Yoast SEO plugin. -->","yoast_head_json":{"title":"L\u00e1piz El\u00e9ctrico Removedor de Callos - ROSE MVD","description":"Obt\u00e9n resultados dignos de un sal\u00f3n desde la comodidad de tu hogar con el L\u00e1piz El\u00e9ctrico Removedor de Callos, de manera sencilla y eficaz.","robots":{"index":"index","follow":"follow","max-snippet":"max-snippet:-1","max-image-preview":"max-image-preview:large","max-video-preview":"max-video-preview:-1"},"canonical":"https:\/\/rosemvd.com\/index.php\/producto\/lapiz-electrico-removedor-de-callos\/","og_locale":"es_ES","og_type":"article","og_title":"L\u00e1piz El\u00e9ctrico Removedor de Callos - ROSE MVD","og_description":"Obt\u00e9n resultados dignos de un sal\u00f3n desde la comodidad de tu hogar con el L\u00e1piz El\u00e9ctrico Removedor de Callos, de manera sencilla y eficaz.","og_url":"https:\/\/rosemvd.com\/index.php\/producto\/lapiz-electrico-removedor-de-callos\/","og_site_name":"ROSE MVD","article_publisher":"https:\/\/www.facebook.com\/TiendaRoseMvd","article_modified_time":"2026-04-21T19:20:06+00:00","og_image":[{"width":443,"height":500,"url":"https:\/\/rosemvd.com\/wp-content\/uploads\/2025\/03\/D_NQ_NP_2X_659391-MLC68883680944_042023-F-exfoliante-de-callos-electrico-pedicure-facil.webp","type":"image\/webp"}],"twitter_card":"summary_large_image","twitter_misc":{"Tiempo de lectura":"2 minutos"},"schema":{"@context":"https:\/\/schema.org","@graph":[{"@type":"WebPage","@id":"https:\/\/rosemvd.com\/index.php\/producto\/lapiz-electrico-removedor-de-callos\/","url":"https:\/\/rosemvd.com\/index.php\/producto\/lapiz-electrico-removedor-de-callos\/","name":"L\u00e1piz El\u00e9ctrico Removedor de Callos - ROSE MVD","isPartOf":{"@id":"https:\/\/rosemvd.com\/#website"},"primaryImageOfPage":{"@id":"https:\/\/rosemvd.com\/index.php\/producto\/lapiz-electrico-removedor-de-callos\/#primaryimage"},"image":{"@id":"https:\/\/rosemvd.com\/index.php\/producto\/lapiz-electrico-removedor-de-callos\/#primaryimage"},"thumbnailUrl":"https:\/\/rosemvd.com\/wp-content\/uploads\/2025\/03\/D_NQ_NP_2X_659391-MLC68883680944_042023-F-exfoliante-de-callos-electrico-pedicure-facil.webp","datePublished":"2025-03-28T14:03:52+00:00","dateModified":"2026-04-21T19:20:06+00:00","description":"Obt\u00e9n resultados dignos de un sal\u00f3n desde la comodidad de tu hogar con el L\u00e1piz El\u00e9ctrico Removedor de Callos, de manera sencilla y eficaz.","breadcrumb":{"@id":"https:\/\/rosemvd.com\/index.php\/producto\/lapiz-electrico-removedor-de-callos\/#breadcrumb"},"inLanguage":"es","potentialAction":[{"@type":"ReadAction","target":["https:\/\/rosemvd.com\/index.php\/producto\/lapiz-electrico-removedor-de-callos\/"]}]},{"@type":"ImageObject","inLanguage":"es","@id":"https:\/\/rosemvd.com\/index.php\/producto\/lapiz-electrico-removedor-de-callos\/#primaryimage","url":"https:\/\/rosemvd.com\/wp-content\/uploads\/2025\/03\/D_NQ_NP_2X_659391-MLC68883680944_042023-F-exfoliante-de-callos-electrico-pedicure-facil.webp","contentUrl":"https:\/\/rosemvd.com\/wp-content\/uploads\/2025\/03\/D_NQ_NP_2X_659391-MLC68883680944_042023-F-exfoliante-de-callos-electrico-pedicure-facil.webp","width":443,"height":500},{"@type":"BreadcrumbList","@id":"https:\/\/rosemvd.com\/index.php\/producto\/lapiz-electrico-removedor-de-callos\/#breadcrumb","itemListElement":[{"@type":"ListItem","position":1,"name":"Portada","item":"https:\/\/rosemvd.com\/"},{"@type":"ListItem","position":2,"name":"Tienda","item":"https:\/\/rosemvd.com\/index.php\/tienda\/"},{"@type":"ListItem","position":3,"name":"L\u00e1piz El\u00e9ctrico Removedor de Callos"}]},{"@type":"WebSite","@id":"https:\/\/rosemvd.com\/#website","url":"https:\/\/rosemvd.com\/","name":"ROSE MVD","description":"Todo lo que no sab\u00edas que necesitabas, lo \u00faltimo en tendencia, utilidad e innovaci\u00f3n","publisher":{"@id":"https:\/\/rosemvd.com\/#organization"},"potentialAction":[{"@type":"SearchAction","target":{"@type":"EntryPoint","urlTemplate":"https:\/\/rosemvd.com\/?s={search_term_string}"},"query-input":{"@type":"PropertyValueSpecification","valueRequired":true,"valueName":"search_term_string"}}],"inLanguage":"es"},{"@type":"Organization","@id":"https:\/\/rosemvd.com\/#organization","name":"ROSE MVD","alternateName":"ROSE MVD","url":"https:\/\/rosemvd.com\/","logo":{"@type":"ImageObject","inLanguage":"es","@id":"https:\/\/rosemvd.com\/#\/schema\/logo\/image\/","url":"https:\/\/rosemvd.com\/wp-content\/uploads\/2023\/03\/Sin-titulo-2_Mesa-de-trabajo-1.png","contentUrl":"https:\/\/rosemvd.com\/wp-content\/uploads\/2023\/03\/Sin-titulo-2_Mesa-de-trabajo-1.png","width":2084,"height":2084,"caption":"ROSE MVD"},"image":{"@id":"https:\/\/rosemvd.com\/#\/schema\/logo\/image\/"},"sameAs":["https:\/\/www.facebook.com\/TiendaRoseMvd","https:\/\/www.instagram.com\/rose.mvd"]}]}},"_links":{"self":[{"href":"https:\/\/rosemvd.com\/index.php\/wp-json\/wp\/v2\/product\/12587","targetHints":{"allow":["GET"]}}],"collection":[{"href":"https:\/\/rosemvd.com\/index.php\/wp-json\/wp\/v2\/product"}],"about":[{"href":"https:\/\/rosemvd.com\/index.php\/wp-json\/wp\/v2\/types\/product"}],"wp:featuredmedia":[{"embeddable":true,"href":"https:\/\/rosemvd.com\/index.php\/wp-json\/wp\/v2\/media\/12590"}],"wp:attachment":[{"href":"https:\/\/rosemvd.com\/index.php\/wp-json\/wp\/v2\/media?parent=12587"}],"wp:term":[{"taxonomy":"product_brand","embeddable":true,"href":"https:\/\/rosemvd.com\/index.php\/wp-json\/wp\/v2\/product_brand?post=12587"},{"taxonomy":"product_cat","embeddable":true,"href":"https:\/\/rosemvd.com\/index.php\/wp-json\/wp\/v2\/product_cat?post=12587"},{"taxonomy":"product_tag","embeddable":true,"href":"https:\/\/rosemvd.com\/index.php\/wp-json\/wp\/v2\/product_tag?post=12587"}],"curies":[{"name":"wp","href":"https:\/\/api.w.org\/{rel}","templated":true}]}}