{"id":12568,"date":"2025-03-28T13:35:23","date_gmt":"2025-03-28T16:35:23","guid":{"rendered":"https:\/\/rosemvd.com\/?post_type=product&#038;p=12568"},"modified":"2025-09-23T12:38:16","modified_gmt":"2025-09-23T15:38:16","slug":"juguete-laser-interactivo-recargable-para-gatos","status":"publish","type":"product","link":"https:\/\/rosemvd.com\/index.php\/producto\/juguete-laser-interactivo-recargable-para-gatos\/","title":{"rendered":"Juguete L\u00e1ser Interactivo Recargable para Gatos"},"content":{"rendered":"<p class=\"\" data-start=\"53\" data-end=\"498\"><strong data-start=\"53\" data-end=\"89\">Modos de Iluminaci\u00f3n Vers\u00e1tiles:<\/strong> Este innovador juguete l\u00e1ser para gatos ofrece tres opciones de iluminaci\u00f3n para un entretenimiento sin l\u00edmites. Disfruta de cinco patrones de l\u00e1ser ajustables que mantendr\u00e1n a tu gato entretenido, una luz LED blanca brillante que puede usarse como linterna, y una luz ultravioleta dise\u00f1ada para detectar la ti\u00f1a en gatos. Esto lo convierte en uno de los mejores juguetes interactivos para gatos de interior.<\/p>\n<p class=\"\" data-start=\"500\" data-end=\"760\"><strong data-start=\"500\" data-end=\"547\">Bater\u00eda Recargable USB y de Larga Duraci\u00f3n:<\/strong> Olv\u00eddate de reemplazar bater\u00edas constantemente. Este juguete est\u00e1 equipado con una bater\u00eda recargable por USB que garantiza horas de juego continuo, asegurando que siempre est\u00e9 listo para la diversi\u00f3n de tu gato.<\/p>\n<p class=\"\" data-start=\"762\" data-end=\"1065\"><strong data-start=\"762\" data-end=\"811\">Beneficios para la Salud y Dise\u00f1o Ergon\u00f3mico:<\/strong> Dise\u00f1ado para promover la actividad f\u00edsica y la estimulaci\u00f3n mental de tu felino, este juguete mantiene a tu gato sano y entretenido. Adem\u00e1s, su dise\u00f1o ligero y ergon\u00f3mico proporciona un agarre c\u00f3modo, perfecto para largas sesiones de juego interactivo.<\/p>\n<p class=\"\" data-start=\"1067\" data-end=\"1295\"><strong data-start=\"1067\" data-end=\"1098\">Tama\u00f1o Compacto y Port\u00e1til:<\/strong> Su dise\u00f1o peque\u00f1o y port\u00e1til permite un f\u00e1cil almacenamiento y transporte. Con un pr\u00e1ctico gancho para llevarlo donde quieras, es ideal para mantener a tu gato entretenido incluso mientras viajas.<\/p>\n<p class=\"\" data-start=\"1297\" data-end=\"1395\">Este juguete l\u00e1ser multifuncional es el compa\u00f1ero perfecto para mantener a tu gato activo y feliz.<\/p>\n","protected":false},"excerpt":{"rendered":"<p>Modos de Iluminaci\u00f3n Vers\u00e1tiles: Este innovador juguete l\u00e1ser para gatos ofrece tres opciones de iluminaci\u00f3n para un entretenimiento sin l\u00edmites. Disfruta de cinco patrones de l\u00e1ser ajustables que mantendr\u00e1n a tu gato entretenido, una luz LED blanca brillante que puede usarse como linterna, y una luz ultravioleta dise\u00f1ada para detectar la ti\u00f1a en gatos. Esto [&hellip;]<\/p>\n","protected":false},"featured_media":12579,"template":"","meta":{"site-sidebar-layout":"default","site-content-layout":"","ast-site-content-layout":"default","site-content-style":"default","site-sidebar-style":"default","ast-global-header-display":"","ast-banner-title-visibility":"","ast-main-header-display":"","ast-hfb-above-header-display":"","ast-hfb-below-header-display":"","ast-hfb-mobile-header-display":"","site-post-title":"","ast-breadcrumbs-content":"","ast-featured-img":"","footer-sml-layout":"","ast-disable-related-posts":"","theme-transparent-header-meta":"default","adv-header-id-meta":"","stick-header-meta":"","header-above-stick-meta":"","header-main-stick-meta":"","header-below-stick-meta":"","astra-migrate-meta-layouts":"set","ast-page-background-enabled":"default","ast-page-background-meta":{"desktop":{"background-color":"var(--ast-global-color-4)","background-image":"","background-repeat":"repeat","background-position":"center center","background-size":"auto","background-attachment":"scroll","background-type":"","background-media":"","overlay-type":"","overlay-color":"","overlay-opacity":"","overlay-gradient":""},"tablet":{"background-color":"","background-image":"","background-repeat":"repeat","background-position":"center center","background-size":"auto","background-attachment":"scroll","background-type":"","background-media":"","overlay-type":"","overlay-color":"","overlay-opacity":"","overlay-gradient":""},"mobile":{"background-color":"","background-image":"","background-repeat":"repeat","background-position":"center center","background-size":"auto","background-attachment":"scroll","background-type":"","background-media":"","overlay-type":"","overlay-color":"","overlay-opacity":"","overlay-gradient":""}},"ast-content-background-meta":{"desktop":{"background-color":"var(--ast-global-color-5)","background-image":"","background-repeat":"repeat","background-position":"center center","background-size":"auto","background-attachment":"scroll","background-type":"","background-media":"","overlay-type":"","overlay-color":"","overlay-opacity":"","overlay-gradient":""},"tablet":{"background-color":"var(--ast-global-color-5)","background-image":"","background-repeat":"repeat","background-position":"center center","background-size":"auto","background-attachment":"scroll","background-type":"","background-media":"","overlay-type":"","overlay-color":"","overlay-opacity":"","overlay-gradient":""},"mobile":{"background-color":"var(--ast-global-color-5)","background-image":"","background-repeat":"repeat","background-position":"center center","background-size":"auto","background-attachment":"scroll","background-type":"","background-media":"","overlay-type":"","overlay-color":"","overlay-opacity":"","overlay-gradient":""}}},"product_brand":[],"product_cat":[439],"product_tag":[],"class_list":{"0":"post-12568","1":"product","2":"type-product","3":"status-publish","4":"has-post-thumbnail","6":"product_cat-mascotas","7":"desktop-align-left","8":"tablet-align-left","9":"mobile-align-left","11":"first","12":"instock","13":"shipping-taxable","14":"purchasable","15":"product-type-variable"},"yoast_head":"<!-- This site is optimized with the Yoast SEO plugin v27.3 - https:\/\/yoast.com\/product\/yoast-seo-wordpress\/ -->\n<title>Juguete L\u00e1ser Interactivo Recargable para Gatos - ROSE MVD<\/title>\n<meta name=\"description\" content=\"L\u00e1ser 3 en 1 para gatos: juguete interactivo con luz LED, l\u00e1ser ajustable y UV, recargable por USB. \u00a1Mant\u00e9n a tu gato activo y entretenido!\" \/>\n<meta name=\"robots\" content=\"index, follow, max-snippet:-1, max-image-preview:large, max-video-preview:-1\" \/>\n<link rel=\"canonical\" href=\"https:\/\/rosemvd.com\/index.php\/producto\/juguete-laser-interactivo-recargable-para-gatos\/\" \/>\n<meta property=\"og:locale\" content=\"es_ES\" \/>\n<meta property=\"og:type\" content=\"article\" \/>\n<meta property=\"og:title\" content=\"Juguete L\u00e1ser Interactivo Recargable para Gatos - ROSE MVD\" \/>\n<meta property=\"og:description\" content=\"L\u00e1ser 3 en 1 para gatos: juguete interactivo con luz LED, l\u00e1ser ajustable y UV, recargable por USB. \u00a1Mant\u00e9n a tu gato activo y entretenido!\" \/>\n<meta property=\"og:url\" content=\"https:\/\/rosemvd.com\/index.php\/producto\/juguete-laser-interactivo-recargable-para-gatos\/\" \/>\n<meta property=\"og:site_name\" content=\"ROSE MVD\" \/>\n<meta property=\"article:publisher\" content=\"https:\/\/www.facebook.com\/TiendaRoseMvd\" \/>\n<meta property=\"article:modified_time\" content=\"2025-09-23T15:38:16+00:00\" \/>\n<meta property=\"og:image\" content=\"https:\/\/rosemvd.com\/wp-content\/uploads\/2025\/03\/61Pcamnm4rL._SL1500_.jpg\" \/>\n\t<meta property=\"og:image:width\" content=\"1500\" \/>\n\t<meta property=\"og:image:height\" content=\"1500\" \/>\n\t<meta property=\"og:image:type\" content=\"image\/jpeg\" \/>\n<meta name=\"twitter:card\" content=\"summary_large_image\" \/>\n<meta name=\"twitter:label1\" content=\"Tiempo de lectura\" \/>\n\t<meta name=\"twitter:data1\" content=\"2 minutos\" \/>\n<script type=\"application\/ld+json\" class=\"yoast-schema-graph\">{\"@context\":\"https:\\\/\\\/schema.org\",\"@graph\":[{\"@type\":\"WebPage\",\"@id\":\"https:\\\/\\\/rosemvd.com\\\/index.php\\\/producto\\\/juguete-laser-interactivo-recargable-para-gatos\\\/\",\"url\":\"https:\\\/\\\/rosemvd.com\\\/index.php\\\/producto\\\/juguete-laser-interactivo-recargable-para-gatos\\\/\",\"name\":\"Juguete L\u00e1ser Interactivo Recargable para Gatos - ROSE MVD\",\"isPartOf\":{\"@id\":\"https:\\\/\\\/rosemvd.com\\\/#website\"},\"primaryImageOfPage\":{\"@id\":\"https:\\\/\\\/rosemvd.com\\\/index.php\\\/producto\\\/juguete-laser-interactivo-recargable-para-gatos\\\/#primaryimage\"},\"image\":{\"@id\":\"https:\\\/\\\/rosemvd.com\\\/index.php\\\/producto\\\/juguete-laser-interactivo-recargable-para-gatos\\\/#primaryimage\"},\"thumbnailUrl\":\"https:\\\/\\\/rosemvd.com\\\/wp-content\\\/uploads\\\/2025\\\/03\\\/61Pcamnm4rL._SL1500_.jpg\",\"datePublished\":\"2025-03-28T16:35:23+00:00\",\"dateModified\":\"2025-09-23T15:38:16+00:00\",\"description\":\"L\u00e1ser 3 en 1 para gatos: juguete interactivo con luz LED, l\u00e1ser ajustable y UV, recargable por USB. \u00a1Mant\u00e9n a tu gato activo y entretenido!\",\"breadcrumb\":{\"@id\":\"https:\\\/\\\/rosemvd.com\\\/index.php\\\/producto\\\/juguete-laser-interactivo-recargable-para-gatos\\\/#breadcrumb\"},\"inLanguage\":\"es\",\"potentialAction\":[{\"@type\":\"ReadAction\",\"target\":[\"https:\\\/\\\/rosemvd.com\\\/index.php\\\/producto\\\/juguete-laser-interactivo-recargable-para-gatos\\\/\"]}]},{\"@type\":\"ImageObject\",\"inLanguage\":\"es\",\"@id\":\"https:\\\/\\\/rosemvd.com\\\/index.php\\\/producto\\\/juguete-laser-interactivo-recargable-para-gatos\\\/#primaryimage\",\"url\":\"https:\\\/\\\/rosemvd.com\\\/wp-content\\\/uploads\\\/2025\\\/03\\\/61Pcamnm4rL._SL1500_.jpg\",\"contentUrl\":\"https:\\\/\\\/rosemvd.com\\\/wp-content\\\/uploads\\\/2025\\\/03\\\/61Pcamnm4rL._SL1500_.jpg\",\"width\":1500,\"height\":1500,\"caption\":\"Version 1.0.0\"},{\"@type\":\"BreadcrumbList\",\"@id\":\"https:\\\/\\\/rosemvd.com\\\/index.php\\\/producto\\\/juguete-laser-interactivo-recargable-para-gatos\\\/#breadcrumb\",\"itemListElement\":[{\"@type\":\"ListItem\",\"position\":1,\"name\":\"Portada\",\"item\":\"https:\\\/\\\/rosemvd.com\\\/\"},{\"@type\":\"ListItem\",\"position\":2,\"name\":\"Tienda\",\"item\":\"https:\\\/\\\/rosemvd.com\\\/index.php\\\/tienda\\\/\"},{\"@type\":\"ListItem\",\"position\":3,\"name\":\"Juguete L\u00e1ser Interactivo Recargable para Gatos\"}]},{\"@type\":\"WebSite\",\"@id\":\"https:\\\/\\\/rosemvd.com\\\/#website\",\"url\":\"https:\\\/\\\/rosemvd.com\\\/\",\"name\":\"ROSE MVD\",\"description\":\"Todo lo que no sab\u00edas que necesitabas, lo \u00faltimo en tendencia, utilidad e innovaci\u00f3n\",\"publisher\":{\"@id\":\"https:\\\/\\\/rosemvd.com\\\/#organization\"},\"potentialAction\":[{\"@type\":\"SearchAction\",\"target\":{\"@type\":\"EntryPoint\",\"urlTemplate\":\"https:\\\/\\\/rosemvd.com\\\/?s={search_term_string}\"},\"query-input\":{\"@type\":\"PropertyValueSpecification\",\"valueRequired\":true,\"valueName\":\"search_term_string\"}}],\"inLanguage\":\"es\"},{\"@type\":\"Organization\",\"@id\":\"https:\\\/\\\/rosemvd.com\\\/#organization\",\"name\":\"ROSE MVD\",\"alternateName\":\"ROSE MVD\",\"url\":\"https:\\\/\\\/rosemvd.com\\\/\",\"logo\":{\"@type\":\"ImageObject\",\"inLanguage\":\"es\",\"@id\":\"https:\\\/\\\/rosemvd.com\\\/#\\\/schema\\\/logo\\\/image\\\/\",\"url\":\"https:\\\/\\\/rosemvd.com\\\/wp-content\\\/uploads\\\/2023\\\/03\\\/Sin-titulo-2_Mesa-de-trabajo-1.png\",\"contentUrl\":\"https:\\\/\\\/rosemvd.com\\\/wp-content\\\/uploads\\\/2023\\\/03\\\/Sin-titulo-2_Mesa-de-trabajo-1.png\",\"width\":2084,\"height\":2084,\"caption\":\"ROSE MVD\"},\"image\":{\"@id\":\"https:\\\/\\\/rosemvd.com\\\/#\\\/schema\\\/logo\\\/image\\\/\"},\"sameAs\":[\"https:\\\/\\\/www.facebook.com\\\/TiendaRoseMvd\",\"https:\\\/\\\/www.instagram.com\\\/rose.mvd\"]}]}<\/script>\n<!-- \/ Yoast SEO plugin. -->","yoast_head_json":{"title":"Juguete L\u00e1ser Interactivo Recargable para Gatos - ROSE MVD","description":"L\u00e1ser 3 en 1 para gatos: juguete interactivo con luz LED, l\u00e1ser ajustable y UV, recargable por USB. \u00a1Mant\u00e9n a tu gato activo y entretenido!","robots":{"index":"index","follow":"follow","max-snippet":"max-snippet:-1","max-image-preview":"max-image-preview:large","max-video-preview":"max-video-preview:-1"},"canonical":"https:\/\/rosemvd.com\/index.php\/producto\/juguete-laser-interactivo-recargable-para-gatos\/","og_locale":"es_ES","og_type":"article","og_title":"Juguete L\u00e1ser Interactivo Recargable para Gatos - ROSE MVD","og_description":"L\u00e1ser 3 en 1 para gatos: juguete interactivo con luz LED, l\u00e1ser ajustable y UV, recargable por USB. \u00a1Mant\u00e9n a tu gato activo y entretenido!","og_url":"https:\/\/rosemvd.com\/index.php\/producto\/juguete-laser-interactivo-recargable-para-gatos\/","og_site_name":"ROSE MVD","article_publisher":"https:\/\/www.facebook.com\/TiendaRoseMvd","article_modified_time":"2025-09-23T15:38:16+00:00","og_image":[{"width":1500,"height":1500,"url":"https:\/\/rosemvd.com\/wp-content\/uploads\/2025\/03\/61Pcamnm4rL._SL1500_.jpg","type":"image\/jpeg"}],"twitter_card":"summary_large_image","twitter_misc":{"Tiempo de lectura":"2 minutos"},"schema":{"@context":"https:\/\/schema.org","@graph":[{"@type":"WebPage","@id":"https:\/\/rosemvd.com\/index.php\/producto\/juguete-laser-interactivo-recargable-para-gatos\/","url":"https:\/\/rosemvd.com\/index.php\/producto\/juguete-laser-interactivo-recargable-para-gatos\/","name":"Juguete L\u00e1ser Interactivo Recargable para Gatos - ROSE MVD","isPartOf":{"@id":"https:\/\/rosemvd.com\/#website"},"primaryImageOfPage":{"@id":"https:\/\/rosemvd.com\/index.php\/producto\/juguete-laser-interactivo-recargable-para-gatos\/#primaryimage"},"image":{"@id":"https:\/\/rosemvd.com\/index.php\/producto\/juguete-laser-interactivo-recargable-para-gatos\/#primaryimage"},"thumbnailUrl":"https:\/\/rosemvd.com\/wp-content\/uploads\/2025\/03\/61Pcamnm4rL._SL1500_.jpg","datePublished":"2025-03-28T16:35:23+00:00","dateModified":"2025-09-23T15:38:16+00:00","description":"L\u00e1ser 3 en 1 para gatos: juguete interactivo con luz LED, l\u00e1ser ajustable y UV, recargable por USB. \u00a1Mant\u00e9n a tu gato activo y entretenido!","breadcrumb":{"@id":"https:\/\/rosemvd.com\/index.php\/producto\/juguete-laser-interactivo-recargable-para-gatos\/#breadcrumb"},"inLanguage":"es","potentialAction":[{"@type":"ReadAction","target":["https:\/\/rosemvd.com\/index.php\/producto\/juguete-laser-interactivo-recargable-para-gatos\/"]}]},{"@type":"ImageObject","inLanguage":"es","@id":"https:\/\/rosemvd.com\/index.php\/producto\/juguete-laser-interactivo-recargable-para-gatos\/#primaryimage","url":"https:\/\/rosemvd.com\/wp-content\/uploads\/2025\/03\/61Pcamnm4rL._SL1500_.jpg","contentUrl":"https:\/\/rosemvd.com\/wp-content\/uploads\/2025\/03\/61Pcamnm4rL._SL1500_.jpg","width":1500,"height":1500,"caption":"Version 1.0.0"},{"@type":"BreadcrumbList","@id":"https:\/\/rosemvd.com\/index.php\/producto\/juguete-laser-interactivo-recargable-para-gatos\/#breadcrumb","itemListElement":[{"@type":"ListItem","position":1,"name":"Portada","item":"https:\/\/rosemvd.com\/"},{"@type":"ListItem","position":2,"name":"Tienda","item":"https:\/\/rosemvd.com\/index.php\/tienda\/"},{"@type":"ListItem","position":3,"name":"Juguete L\u00e1ser Interactivo Recargable para Gatos"}]},{"@type":"WebSite","@id":"https:\/\/rosemvd.com\/#website","url":"https:\/\/rosemvd.com\/","name":"ROSE MVD","description":"Todo lo que no sab\u00edas que necesitabas, lo \u00faltimo en tendencia, utilidad e innovaci\u00f3n","publisher":{"@id":"https:\/\/rosemvd.com\/#organization"},"potentialAction":[{"@type":"SearchAction","target":{"@type":"EntryPoint","urlTemplate":"https:\/\/rosemvd.com\/?s={search_term_string}"},"query-input":{"@type":"PropertyValueSpecification","valueRequired":true,"valueName":"search_term_string"}}],"inLanguage":"es"},{"@type":"Organization","@id":"https:\/\/rosemvd.com\/#organization","name":"ROSE MVD","alternateName":"ROSE MVD","url":"https:\/\/rosemvd.com\/","logo":{"@type":"ImageObject","inLanguage":"es","@id":"https:\/\/rosemvd.com\/#\/schema\/logo\/image\/","url":"https:\/\/rosemvd.com\/wp-content\/uploads\/2023\/03\/Sin-titulo-2_Mesa-de-trabajo-1.png","contentUrl":"https:\/\/rosemvd.com\/wp-content\/uploads\/2023\/03\/Sin-titulo-2_Mesa-de-trabajo-1.png","width":2084,"height":2084,"caption":"ROSE MVD"},"image":{"@id":"https:\/\/rosemvd.com\/#\/schema\/logo\/image\/"},"sameAs":["https:\/\/www.facebook.com\/TiendaRoseMvd","https:\/\/www.instagram.com\/rose.mvd"]}]}},"_links":{"self":[{"href":"https:\/\/rosemvd.com\/index.php\/wp-json\/wp\/v2\/product\/12568","targetHints":{"allow":["GET"]}}],"collection":[{"href":"https:\/\/rosemvd.com\/index.php\/wp-json\/wp\/v2\/product"}],"about":[{"href":"https:\/\/rosemvd.com\/index.php\/wp-json\/wp\/v2\/types\/product"}],"wp:featuredmedia":[{"embeddable":true,"href":"https:\/\/rosemvd.com\/index.php\/wp-json\/wp\/v2\/media\/12579"}],"wp:attachment":[{"href":"https:\/\/rosemvd.com\/index.php\/wp-json\/wp\/v2\/media?parent=12568"}],"wp:term":[{"taxonomy":"product_brand","embeddable":true,"href":"https:\/\/rosemvd.com\/index.php\/wp-json\/wp\/v2\/product_brand?post=12568"},{"taxonomy":"product_cat","embeddable":true,"href":"https:\/\/rosemvd.com\/index.php\/wp-json\/wp\/v2\/product_cat?post=12568"},{"taxonomy":"product_tag","embeddable":true,"href":"https:\/\/rosemvd.com\/index.php\/wp-json\/wp\/v2\/product_tag?post=12568"}],"curies":[{"name":"wp","href":"https:\/\/api.w.org\/{rel}","templated":true}]}}