{"id":12536,"date":"2025-03-28T16:42:45","date_gmt":"2025-03-28T19:42:45","guid":{"rendered":"https:\/\/rosemvd.com\/?post_type=product&#038;p=12536"},"modified":"2026-04-21T22:34:50","modified_gmt":"2026-04-22T01:34:50","slug":"lampara-medusa","status":"publish","type":"product","link":"https:\/\/rosemvd.com\/index.php\/producto\/lampara-medusa\/","title":{"rendered":"L\u00e1mpara Medusa"},"content":{"rendered":"<article class=\"w-full text-token-text-primary\" dir=\"auto\" data-testid=\"conversation-turn-37\" data-scroll-anchor=\"true\">\n<div class=\"text-base my-auto mx-auto py-5 px-6\">\n<div class=\"mx-auto flex flex-1 text-base gap-4 md:gap-5 lg:gap-6 md:max-w-3xl lg:max-w-[40rem] xl:max-w-[48rem] group\/turn-messages focus-visible:outline-none\" tabindex=\"-1\">\n<div class=\"group\/conversation-turn relative flex w-full min-w-0 flex-col agent-turn @xs\/thread:px-0 @sm\/thread:px-1.5 @md\/thread:px-4\">\n<div class=\"relative flex-col gap-1 md:gap-3\">\n<div class=\"flex max-w-full flex-col flex-grow\">\n<div class=\"min-h-8 text-message relative flex w-full flex-col items-end gap-2 whitespace-normal break-words text-start [.text-message+&amp;]:mt-5\" dir=\"auto\" data-message-author-role=\"assistant\" data-message-id=\"ac313960-8393-48ea-8c72-c98a443de944\" data-message-model-slug=\"gpt-4o\">\n<div class=\"flex w-full flex-col gap-1 empty:hidden first:pt-[3px]\">\n<div class=\"markdown prose w-full break-words dark:prose-invert light\">\n<p class=\"\" data-start=\"53\" data-end=\"97\"><strong data-start=\"53\" data-end=\"97\">L\u00e1mpara de Ambiente con Dise\u00f1o de Medusa<\/strong><\/p>\n<p class=\"\" data-start=\"99\" data-end=\"430\">Transforma tu espacio con una l\u00e1mpara inspirada en la belleza y serenidad de las medusas. Perfecta para crear un ambiente relajante y encantador, esta l\u00e1mpara combina estilo, funcionalidad y un toque art\u00edstico, ideal para decorar, leer, disfrutar de una bebida o acompa\u00f1ar momentos de meditaci\u00f3n y m\u00fasica.<\/p>\n<p class=\"\" data-start=\"432\" data-end=\"464\"><strong data-start=\"432\" data-end=\"464\">Caracter\u00edsticas Principales:<\/strong><\/p>\n<ul data-start=\"466\" data-end=\"1700\">\n<li class=\"\" data-start=\"466\" data-end=\"685\">\n<p class=\"\" data-start=\"468\" data-end=\"685\"><strong data-start=\"468\" data-end=\"495\">Dise\u00f1o \u00danico de Medusa:<\/strong> Su estructura org\u00e1nica y tent\u00e1culos din\u00e1micos evocan la tranquilidad del oc\u00e9ano, a\u00f1adiendo un toque m\u00e1gico y original a cualquier ambiente, reduciendo el estr\u00e9s y promoviendo la relajaci\u00f3n.<\/p>\n<\/li>\n<li class=\"\" data-start=\"686\" data-end=\"840\">\n<p class=\"\" data-start=\"688\" data-end=\"840\"><strong data-start=\"688\" data-end=\"726\">Iluminaci\u00f3n Suave y Sin Parpadeos:<\/strong> Emite una luz c\u00e1lida y suave que cuida tu vista, sin parpadeos molestos, creando un entorno acogedor y armonioso.<\/p>\n<\/li>\n<li class=\"\" data-start=\"841\" data-end=\"1056\">\n<p class=\"\" data-start=\"843\" data-end=\"1056\"><strong data-start=\"843\" data-end=\"872\">Modo Activado por Sonido:<\/strong> \u00a1Interact\u00faa con tu espacio! La l\u00e1mpara responde a sonidos de 42 dB, cambiando la iluminaci\u00f3n al ritmo de la m\u00fasica o las voces, ideal para fiestas o momentos de relajaci\u00f3n con m\u00fasica.<\/p>\n<\/li>\n<li class=\"\" data-start=\"1057\" data-end=\"1212\">\n<p class=\"\" data-start=\"1059\" data-end=\"1212\"><strong data-start=\"1059\" data-end=\"1082\">Efecto Iridiscente:<\/strong> Disfruta de transiciones suaves de colores que recuerdan el fondo marino, creando una experiencia visual fascinante y envolvente.<\/p>\n<\/li>\n<li class=\"\" data-start=\"1213\" data-end=\"1367\">\n<p class=\"\" data-start=\"1215\" data-end=\"1367\"><strong data-start=\"1215\" data-end=\"1238\">Bater\u00eda Recargable:<\/strong> Equipado con una bater\u00eda de 1000 mAh y puerto USB-C, ofrece hasta 2.5 horas de iluminaci\u00f3n continua con solo 1.5 horas de carga.<\/p>\n<\/li>\n<li class=\"\" data-start=\"1368\" data-end=\"1527\">\n<p class=\"\" data-start=\"1370\" data-end=\"1527\"><strong data-start=\"1370\" data-end=\"1398\">Tent\u00e1culos Desmontables:<\/strong> No solo son decorativos, sino que tambi\u00e9n pueden convertirse en un divertido juguete DIY para ni\u00f1os, estimulando su creatividad.<\/p>\n<\/li>\n<li class=\"\" data-start=\"1528\" data-end=\"1700\">\n<p class=\"\" data-start=\"1530\" data-end=\"1700\"><strong data-start=\"1530\" data-end=\"1555\">Instalaci\u00f3n Vers\u00e1til:<\/strong> Puede colgarse o colocarse sobre su base opcional, haci\u00e9ndola ideal para escritorios, mesitas de noche o cualquier espacio que desees ambientar.<\/p>\n<\/li>\n<\/ul>\n<p class=\"\" data-start=\"1702\" data-end=\"1732\"><strong data-start=\"1702\" data-end=\"1732\">Especificaciones T\u00e9cnicas:<\/strong><\/p>\n<ul data-start=\"1734\" data-end=\"1957\">\n<li class=\"\" data-start=\"1734\" data-end=\"1777\">\n<p class=\"\" data-start=\"1736\" data-end=\"1777\"><strong data-start=\"1736\" data-end=\"1750\">Luces LED:<\/strong> 12 piezas RGB, 28 l\u00famenes.<\/p>\n<\/li>\n<li class=\"\" data-start=\"1778\" data-end=\"1814\">\n<p class=\"\" data-start=\"1780\" data-end=\"1814\"><strong data-start=\"1780\" data-end=\"1803\">Consumo de energ\u00eda:<\/strong> M\u00e1ximo 2W.<\/p>\n<\/li>\n<li class=\"\" data-start=\"1815\" data-end=\"1861\">\n<p class=\"\" data-start=\"1817\" data-end=\"1861\"><strong data-start=\"1817\" data-end=\"1844\">Duraci\u00f3n de la bater\u00eda:<\/strong> Hasta 2.5 horas.<\/p>\n<\/li>\n<li class=\"\" data-start=\"1862\" data-end=\"1911\">\n<p class=\"\" data-start=\"1864\" data-end=\"1911\"><strong data-start=\"1864\" data-end=\"1884\">Tiempo de carga:<\/strong> Aproximadamente 1.5 horas.<\/p>\n<\/li>\n<li class=\"\" data-start=\"1912\" data-end=\"1938\">\n<p class=\"\" data-start=\"1914\" data-end=\"1938\"><strong data-start=\"1914\" data-end=\"1925\">Tama\u00f1o:<\/strong> 85 x 166 mm.<\/p>\n<\/li>\n<li class=\"\" data-start=\"1939\" data-end=\"1957\">\n<p class=\"\" data-start=\"1941\" data-end=\"1957\"><strong data-start=\"1941\" data-end=\"1950\">Peso:<\/strong> 100 g.<\/p>\n<\/li>\n<\/ul>\n<p class=\"\" data-start=\"1959\" data-end=\"2152\"><strong data-start=\"1959\" data-end=\"1985\">Dale vida a tu espacio<\/strong>, la combinaci\u00f3n perfecta de elegancia, funcionalidad y arte. \u00a1Ideal para cualquier ocasi\u00f3n o para simplemente disfrutar de un momento de paz!<\/p>\n<\/div>\n<\/div>\n<\/div>\n<\/div>\n<div class=\"mt-3 w-full empty:hidden\">\n<div class=\"text-center\"><\/div>\n<\/div>\n<\/div>\n<\/div>\n<\/div>\n<\/div>\n<\/article>\n<div class=\"pointer-events-none h-px w-px\" aria-hidden=\"true\" data-edge=\"true\"><\/div>\n","protected":false},"excerpt":{"rendered":"<p>L\u00e1mpara de Ambiente con Dise\u00f1o de Medusa Transforma tu espacio con una l\u00e1mpara inspirada en la belleza y serenidad de las medusas. Perfecta para crear un ambiente relajante y encantador, esta l\u00e1mpara combina estilo, funcionalidad y un toque art\u00edstico, ideal para decorar, leer, disfrutar de una bebida o acompa\u00f1ar momentos de meditaci\u00f3n y m\u00fasica. Caracter\u00edsticas [&hellip;]<\/p>\n","protected":false},"featured_media":12538,"template":"","meta":{"site-sidebar-layout":"default","site-content-layout":"","ast-site-content-layout":"default","site-content-style":"default","site-sidebar-style":"default","ast-global-header-display":"","ast-banner-title-visibility":"","ast-main-header-display":"","ast-hfb-above-header-display":"","ast-hfb-below-header-display":"","ast-hfb-mobile-header-display":"","site-post-title":"","ast-breadcrumbs-content":"","ast-featured-img":"","footer-sml-layout":"","ast-disable-related-posts":"","theme-transparent-header-meta":"default","adv-header-id-meta":"","stick-header-meta":"","header-above-stick-meta":"","header-main-stick-meta":"","header-below-stick-meta":"","astra-migrate-meta-layouts":"set","ast-page-background-enabled":"default","ast-page-background-meta":{"desktop":{"background-color":"var(--ast-global-color-4)","background-image":"","background-repeat":"repeat","background-position":"center center","background-size":"auto","background-attachment":"scroll","background-type":"","background-media":"","overlay-type":"","overlay-color":"","overlay-opacity":"","overlay-gradient":""},"tablet":{"background-color":"","background-image":"","background-repeat":"repeat","background-position":"center center","background-size":"auto","background-attachment":"scroll","background-type":"","background-media":"","overlay-type":"","overlay-color":"","overlay-opacity":"","overlay-gradient":""},"mobile":{"background-color":"","background-image":"","background-repeat":"repeat","background-position":"center center","background-size":"auto","background-attachment":"scroll","background-type":"","background-media":"","overlay-type":"","overlay-color":"","overlay-opacity":"","overlay-gradient":""}},"ast-content-background-meta":{"desktop":{"background-color":"var(--ast-global-color-5)","background-image":"","background-repeat":"repeat","background-position":"center center","background-size":"auto","background-attachment":"scroll","background-type":"","background-media":"","overlay-type":"","overlay-color":"","overlay-opacity":"","overlay-gradient":""},"tablet":{"background-color":"var(--ast-global-color-5)","background-image":"","background-repeat":"repeat","background-position":"center center","background-size":"auto","background-attachment":"scroll","background-type":"","background-media":"","overlay-type":"","overlay-color":"","overlay-opacity":"","overlay-gradient":""},"mobile":{"background-color":"var(--ast-global-color-5)","background-image":"","background-repeat":"repeat","background-position":"center center","background-size":"auto","background-attachment":"scroll","background-type":"","background-media":"","overlay-type":"","overlay-color":"","overlay-opacity":"","overlay-gradient":""}}},"product_brand":[],"product_cat":[459,368,448,389],"product_tag":[],"class_list":{"0":"post-12536","1":"product","2":"type-product","3":"status-publish","4":"has-post-thumbnail","6":"product_cat-hogar-y-limpieza","7":"product_cat-otros","8":"product_cat-tecnologia-y-hogar","9":"product_cat-varios","10":"desktop-align-left","11":"tablet-align-left","12":"mobile-align-left","14":"first","15":"instock","16":"shipping-taxable","17":"purchasable","18":"product-type-simple"},"yoast_head":"<!-- This site is optimized with the Yoast SEO plugin v27.3 - https:\/\/yoast.com\/product\/yoast-seo-wordpress\/ -->\n<title>L\u00e1mpara Medusa - ROSE MVD<\/title>\n<meta name=\"description\" content=\"Transforma tu espacio con una l\u00e1mpara inspirada en la belleza y serenidad de las medusas. Perfecta para crear un ambiente relajante y encantador\" \/>\n<meta name=\"robots\" content=\"index, follow, max-snippet:-1, max-image-preview:large, max-video-preview:-1\" \/>\n<link rel=\"canonical\" href=\"https:\/\/rosemvd.com\/index.php\/producto\/lampara-medusa\/\" \/>\n<meta property=\"og:locale\" content=\"es_ES\" \/>\n<meta property=\"og:type\" content=\"article\" \/>\n<meta property=\"og:title\" content=\"L\u00e1mpara Medusa - ROSE MVD\" \/>\n<meta property=\"og:description\" content=\"Transforma tu espacio con una l\u00e1mpara inspirada en la belleza y serenidad de las medusas. Perfecta para crear un ambiente relajante y encantador\" \/>\n<meta property=\"og:url\" content=\"https:\/\/rosemvd.com\/index.php\/producto\/lampara-medusa\/\" \/>\n<meta property=\"og:site_name\" content=\"ROSE MVD\" \/>\n<meta property=\"article:publisher\" content=\"https:\/\/www.facebook.com\/TiendaRoseMvd\" \/>\n<meta property=\"article:modified_time\" content=\"2026-04-22T01:34:50+00:00\" \/>\n<meta property=\"og:image\" content=\"https:\/\/rosemvd.com\/wp-content\/uploads\/2025\/03\/D_NQ_NP_2X_609745-CBT82946620851_032025-F.webp\" \/>\n\t<meta property=\"og:image:width\" content=\"1200\" \/>\n\t<meta property=\"og:image:height\" content=\"1200\" \/>\n\t<meta property=\"og:image:type\" content=\"image\/webp\" \/>\n<meta name=\"twitter:card\" content=\"summary_large_image\" \/>\n<meta name=\"twitter:label1\" content=\"Tiempo de lectura\" \/>\n\t<meta name=\"twitter:data1\" content=\"2 minutos\" \/>\n<script type=\"application\/ld+json\" class=\"yoast-schema-graph\">{\"@context\":\"https:\\\/\\\/schema.org\",\"@graph\":[{\"@type\":\"WebPage\",\"@id\":\"https:\\\/\\\/rosemvd.com\\\/index.php\\\/producto\\\/lampara-medusa\\\/\",\"url\":\"https:\\\/\\\/rosemvd.com\\\/index.php\\\/producto\\\/lampara-medusa\\\/\",\"name\":\"L\u00e1mpara Medusa - ROSE MVD\",\"isPartOf\":{\"@id\":\"https:\\\/\\\/rosemvd.com\\\/#website\"},\"primaryImageOfPage\":{\"@id\":\"https:\\\/\\\/rosemvd.com\\\/index.php\\\/producto\\\/lampara-medusa\\\/#primaryimage\"},\"image\":{\"@id\":\"https:\\\/\\\/rosemvd.com\\\/index.php\\\/producto\\\/lampara-medusa\\\/#primaryimage\"},\"thumbnailUrl\":\"https:\\\/\\\/rosemvd.com\\\/wp-content\\\/uploads\\\/2025\\\/03\\\/D_NQ_NP_2X_609745-CBT82946620851_032025-F.webp\",\"datePublished\":\"2025-03-28T19:42:45+00:00\",\"dateModified\":\"2026-04-22T01:34:50+00:00\",\"description\":\"Transforma tu espacio con una l\u00e1mpara inspirada en la belleza y serenidad de las medusas. Perfecta para crear un ambiente relajante y encantador\",\"breadcrumb\":{\"@id\":\"https:\\\/\\\/rosemvd.com\\\/index.php\\\/producto\\\/lampara-medusa\\\/#breadcrumb\"},\"inLanguage\":\"es\",\"potentialAction\":[{\"@type\":\"ReadAction\",\"target\":[\"https:\\\/\\\/rosemvd.com\\\/index.php\\\/producto\\\/lampara-medusa\\\/\"]}]},{\"@type\":\"ImageObject\",\"inLanguage\":\"es\",\"@id\":\"https:\\\/\\\/rosemvd.com\\\/index.php\\\/producto\\\/lampara-medusa\\\/#primaryimage\",\"url\":\"https:\\\/\\\/rosemvd.com\\\/wp-content\\\/uploads\\\/2025\\\/03\\\/D_NQ_NP_2X_609745-CBT82946620851_032025-F.webp\",\"contentUrl\":\"https:\\\/\\\/rosemvd.com\\\/wp-content\\\/uploads\\\/2025\\\/03\\\/D_NQ_NP_2X_609745-CBT82946620851_032025-F.webp\",\"width\":1200,\"height\":1200},{\"@type\":\"BreadcrumbList\",\"@id\":\"https:\\\/\\\/rosemvd.com\\\/index.php\\\/producto\\\/lampara-medusa\\\/#breadcrumb\",\"itemListElement\":[{\"@type\":\"ListItem\",\"position\":1,\"name\":\"Portada\",\"item\":\"https:\\\/\\\/rosemvd.com\\\/\"},{\"@type\":\"ListItem\",\"position\":2,\"name\":\"Tienda\",\"item\":\"https:\\\/\\\/rosemvd.com\\\/index.php\\\/tienda\\\/\"},{\"@type\":\"ListItem\",\"position\":3,\"name\":\"L\u00e1mpara Medusa\"}]},{\"@type\":\"WebSite\",\"@id\":\"https:\\\/\\\/rosemvd.com\\\/#website\",\"url\":\"https:\\\/\\\/rosemvd.com\\\/\",\"name\":\"ROSE MVD\",\"description\":\"Todo lo que buscas lo pod\u00e9s encontrar en rose mvd, especializados en traer todas las cosas nuevas en tendencia y accesorios diferentes y \u00fanicos.\",\"publisher\":{\"@id\":\"https:\\\/\\\/rosemvd.com\\\/#organization\"},\"potentialAction\":[{\"@type\":\"SearchAction\",\"target\":{\"@type\":\"EntryPoint\",\"urlTemplate\":\"https:\\\/\\\/rosemvd.com\\\/?s={search_term_string}\"},\"query-input\":{\"@type\":\"PropertyValueSpecification\",\"valueRequired\":true,\"valueName\":\"search_term_string\"}}],\"inLanguage\":\"es\"},{\"@type\":\"Organization\",\"@id\":\"https:\\\/\\\/rosemvd.com\\\/#organization\",\"name\":\"ROSE MVD\",\"alternateName\":\"ROSE MVD\",\"url\":\"https:\\\/\\\/rosemvd.com\\\/\",\"logo\":{\"@type\":\"ImageObject\",\"inLanguage\":\"es\",\"@id\":\"https:\\\/\\\/rosemvd.com\\\/#\\\/schema\\\/logo\\\/image\\\/\",\"url\":\"https:\\\/\\\/rosemvd.com\\\/wp-content\\\/uploads\\\/2023\\\/03\\\/Sin-titulo-2_Mesa-de-trabajo-1.png\",\"contentUrl\":\"https:\\\/\\\/rosemvd.com\\\/wp-content\\\/uploads\\\/2023\\\/03\\\/Sin-titulo-2_Mesa-de-trabajo-1.png\",\"width\":2084,\"height\":2084,\"caption\":\"ROSE MVD\"},\"image\":{\"@id\":\"https:\\\/\\\/rosemvd.com\\\/#\\\/schema\\\/logo\\\/image\\\/\"},\"sameAs\":[\"https:\\\/\\\/www.facebook.com\\\/TiendaRoseMvd\",\"https:\\\/\\\/www.instagram.com\\\/rose.mvd\"]}]}<\/script>\n<!-- \/ Yoast SEO plugin. -->","yoast_head_json":{"title":"L\u00e1mpara Medusa - ROSE MVD","description":"Transforma tu espacio con una l\u00e1mpara inspirada en la belleza y serenidad de las medusas. Perfecta para crear un ambiente relajante y encantador","robots":{"index":"index","follow":"follow","max-snippet":"max-snippet:-1","max-image-preview":"max-image-preview:large","max-video-preview":"max-video-preview:-1"},"canonical":"https:\/\/rosemvd.com\/index.php\/producto\/lampara-medusa\/","og_locale":"es_ES","og_type":"article","og_title":"L\u00e1mpara Medusa - ROSE MVD","og_description":"Transforma tu espacio con una l\u00e1mpara inspirada en la belleza y serenidad de las medusas. Perfecta para crear un ambiente relajante y encantador","og_url":"https:\/\/rosemvd.com\/index.php\/producto\/lampara-medusa\/","og_site_name":"ROSE MVD","article_publisher":"https:\/\/www.facebook.com\/TiendaRoseMvd","article_modified_time":"2026-04-22T01:34:50+00:00","og_image":[{"width":1200,"height":1200,"url":"https:\/\/rosemvd.com\/wp-content\/uploads\/2025\/03\/D_NQ_NP_2X_609745-CBT82946620851_032025-F.webp","type":"image\/webp"}],"twitter_card":"summary_large_image","twitter_misc":{"Tiempo de lectura":"2 minutos"},"schema":{"@context":"https:\/\/schema.org","@graph":[{"@type":"WebPage","@id":"https:\/\/rosemvd.com\/index.php\/producto\/lampara-medusa\/","url":"https:\/\/rosemvd.com\/index.php\/producto\/lampara-medusa\/","name":"L\u00e1mpara Medusa - ROSE MVD","isPartOf":{"@id":"https:\/\/rosemvd.com\/#website"},"primaryImageOfPage":{"@id":"https:\/\/rosemvd.com\/index.php\/producto\/lampara-medusa\/#primaryimage"},"image":{"@id":"https:\/\/rosemvd.com\/index.php\/producto\/lampara-medusa\/#primaryimage"},"thumbnailUrl":"https:\/\/rosemvd.com\/wp-content\/uploads\/2025\/03\/D_NQ_NP_2X_609745-CBT82946620851_032025-F.webp","datePublished":"2025-03-28T19:42:45+00:00","dateModified":"2026-04-22T01:34:50+00:00","description":"Transforma tu espacio con una l\u00e1mpara inspirada en la belleza y serenidad de las medusas. Perfecta para crear un ambiente relajante y encantador","breadcrumb":{"@id":"https:\/\/rosemvd.com\/index.php\/producto\/lampara-medusa\/#breadcrumb"},"inLanguage":"es","potentialAction":[{"@type":"ReadAction","target":["https:\/\/rosemvd.com\/index.php\/producto\/lampara-medusa\/"]}]},{"@type":"ImageObject","inLanguage":"es","@id":"https:\/\/rosemvd.com\/index.php\/producto\/lampara-medusa\/#primaryimage","url":"https:\/\/rosemvd.com\/wp-content\/uploads\/2025\/03\/D_NQ_NP_2X_609745-CBT82946620851_032025-F.webp","contentUrl":"https:\/\/rosemvd.com\/wp-content\/uploads\/2025\/03\/D_NQ_NP_2X_609745-CBT82946620851_032025-F.webp","width":1200,"height":1200},{"@type":"BreadcrumbList","@id":"https:\/\/rosemvd.com\/index.php\/producto\/lampara-medusa\/#breadcrumb","itemListElement":[{"@type":"ListItem","position":1,"name":"Portada","item":"https:\/\/rosemvd.com\/"},{"@type":"ListItem","position":2,"name":"Tienda","item":"https:\/\/rosemvd.com\/index.php\/tienda\/"},{"@type":"ListItem","position":3,"name":"L\u00e1mpara Medusa"}]},{"@type":"WebSite","@id":"https:\/\/rosemvd.com\/#website","url":"https:\/\/rosemvd.com\/","name":"ROSE MVD","description":"Todo lo que buscas lo pod\u00e9s encontrar en rose mvd, especializados en traer todas las cosas nuevas en tendencia y accesorios diferentes y \u00fanicos.","publisher":{"@id":"https:\/\/rosemvd.com\/#organization"},"potentialAction":[{"@type":"SearchAction","target":{"@type":"EntryPoint","urlTemplate":"https:\/\/rosemvd.com\/?s={search_term_string}"},"query-input":{"@type":"PropertyValueSpecification","valueRequired":true,"valueName":"search_term_string"}}],"inLanguage":"es"},{"@type":"Organization","@id":"https:\/\/rosemvd.com\/#organization","name":"ROSE MVD","alternateName":"ROSE MVD","url":"https:\/\/rosemvd.com\/","logo":{"@type":"ImageObject","inLanguage":"es","@id":"https:\/\/rosemvd.com\/#\/schema\/logo\/image\/","url":"https:\/\/rosemvd.com\/wp-content\/uploads\/2023\/03\/Sin-titulo-2_Mesa-de-trabajo-1.png","contentUrl":"https:\/\/rosemvd.com\/wp-content\/uploads\/2023\/03\/Sin-titulo-2_Mesa-de-trabajo-1.png","width":2084,"height":2084,"caption":"ROSE MVD"},"image":{"@id":"https:\/\/rosemvd.com\/#\/schema\/logo\/image\/"},"sameAs":["https:\/\/www.facebook.com\/TiendaRoseMvd","https:\/\/www.instagram.com\/rose.mvd"]}]}},"_links":{"self":[{"href":"https:\/\/rosemvd.com\/index.php\/wp-json\/wp\/v2\/product\/12536","targetHints":{"allow":["GET"]}}],"collection":[{"href":"https:\/\/rosemvd.com\/index.php\/wp-json\/wp\/v2\/product"}],"about":[{"href":"https:\/\/rosemvd.com\/index.php\/wp-json\/wp\/v2\/types\/product"}],"wp:featuredmedia":[{"embeddable":true,"href":"https:\/\/rosemvd.com\/index.php\/wp-json\/wp\/v2\/media\/12538"}],"wp:attachment":[{"href":"https:\/\/rosemvd.com\/index.php\/wp-json\/wp\/v2\/media?parent=12536"}],"wp:term":[{"taxonomy":"product_brand","embeddable":true,"href":"https:\/\/rosemvd.com\/index.php\/wp-json\/wp\/v2\/product_brand?post=12536"},{"taxonomy":"product_cat","embeddable":true,"href":"https:\/\/rosemvd.com\/index.php\/wp-json\/wp\/v2\/product_cat?post=12536"},{"taxonomy":"product_tag","embeddable":true,"href":"https:\/\/rosemvd.com\/index.php\/wp-json\/wp\/v2\/product_tag?post=12536"}],"curies":[{"name":"wp","href":"https:\/\/api.w.org\/{rel}","templated":true}]}}