{"id":12496,"date":"2025-03-25T13:37:35","date_gmt":"2025-03-25T16:37:35","guid":{"rendered":"https:\/\/rosemvd.com\/?post_type=product&#038;p=12496"},"modified":"2026-04-21T09:26:24","modified_gmt":"2026-04-21T12:26:24","slug":"toalla-entrenamiento-gimnasio","status":"publish","type":"product","link":"https:\/\/rosemvd.com\/index.php\/producto\/toalla-entrenamiento-gimnasio\/","title":{"rendered":"Toalla Entrenamiento Gimnasio"},"content":{"rendered":"<article class=\"group\/turn w-full text-token-text-primary focus-visible:outline-none\" dir=\"auto\" tabindex=\"-1\" data-testid=\"conversation-turn-118\" data-scroll-anchor=\"true\">\n<div class=\"text-base my-auto mx-auto py-5 px-6\">\n<div class=\"mx-auto flex flex-1 text-base gap-4 md:gap-5 lg:gap-6 md:max-w-3xl lg:max-w-[40rem] xl:max-w-[48rem]\">\n<div class=\"group\/conversation-turn relative flex w-full min-w-0 flex-col agent-turn @xs\/thread:px-0 @sm\/thread:px-1.5 @md\/thread:px-4\">\n<div class=\"relative flex-col gap-1 md:gap-3\">\n<div class=\"flex max-w-full flex-col flex-grow\">\n<div class=\"min-h-8 text-message relative flex w-full flex-col items-end gap-2 whitespace-normal break-words text-start [.text-message+&amp;]:mt-5\" dir=\"auto\" data-message-author-role=\"assistant\" data-message-id=\"9fbf69c6-853b-47c2-91e6-ceaabaa70592\" data-message-model-slug=\"gpt-4o\">\n<div class=\"flex w-full flex-col gap-1 empty:hidden first:pt-[3px]\">\n<div class=\"markdown prose w-full break-words dark:prose-invert light\">\n<h6 data-start=\"0\" data-end=\"82\"><strong data-start=\"0\" data-end=\"80\">Toalla Deportiva Refrescante \u2013 Frescura Instant\u00e1nea para Cualquier Actividad<\/strong><\/h6>\n<p class=\"\" data-start=\"84\" data-end=\"422\">Mantente fresco y seco en todo momento con nuestra toalla deportiva refrescante, dise\u00f1ada para absorber el calor y reducir la sensaci\u00f3n de fatiga durante el ejercicio. Su tecnolog\u00eda de enfriamiento se activa con agua y proporciona una sensaci\u00f3n refrescante ideal para entrenamientos intensos, d\u00edas calurosos o actividades al aire libre.<\/p>\n<h6 data-start=\"424\" data-end=\"458\"><strong data-start=\"424\" data-end=\"456\">Caracter\u00edsticas principales:<\/strong><\/h6>\n<ol data-start=\"460\" data-end=\"992\">\n<li class=\"\" data-start=\"460\" data-end=\"543\">\n<p class=\"\" data-start=\"463\" data-end=\"543\"><strong data-start=\"463\" data-end=\"492\">Refrigeraci\u00f3n instant\u00e1nea<\/strong> con solo humedecer, escurrir y agitar la toalla.<\/p>\n<\/li>\n<li class=\"\" data-start=\"544\" data-end=\"632\">\n<p class=\"\" data-start=\"547\" data-end=\"632\"><strong data-start=\"547\" data-end=\"586\">Material de microfibra transpirable<\/strong> sin qu\u00edmicos a\u00f1adidos, seguro para la piel.<\/p>\n<\/li>\n<li class=\"\" data-start=\"633\" data-end=\"720\">\n<p class=\"\" data-start=\"636\" data-end=\"720\"><strong data-start=\"636\" data-end=\"662\">Textura suave y ligera<\/strong>, c\u00f3moda al contacto con la piel y f\u00e1cil de transportar.<\/p>\n<\/li>\n<li class=\"\" data-start=\"721\" data-end=\"813\">\n<p class=\"\" data-start=\"724\" data-end=\"813\"><strong data-start=\"724\" data-end=\"764\">Absorbe el sudor y protege del calor<\/strong>, ayudando a prevenir golpes de calor y fatiga.<\/p>\n<\/li>\n<li class=\"\" data-start=\"814\" data-end=\"906\">\n<p class=\"\" data-start=\"817\" data-end=\"906\"><strong data-start=\"817\" data-end=\"833\">Uso vers\u00e1til<\/strong>, ideal para running, ciclismo, gimnasio, yoga, senderismo, golf y m\u00e1s.<\/p>\n<\/li>\n<li class=\"\" data-start=\"907\" data-end=\"992\">\n<p class=\"\" data-start=\"910\" data-end=\"992\"><strong data-start=\"910\" data-end=\"937\">Protecci\u00f3n solar UPF 50<\/strong>, bloquea los rayos UV mientras mantiene la frescura.<\/p>\n<\/li>\n<\/ol>\n<h6 data-start=\"994\" data-end=\"1012\"><strong data-start=\"994\" data-end=\"1010\">Dimensiones:<\/strong><\/h6>\n<ul data-start=\"1013\" data-end=\"1030\">\n<li class=\"\" data-start=\"1013\" data-end=\"1030\">\n<p class=\"\" data-start=\"1015\" data-end=\"1030\">30 cm x 80 cm<\/p>\n<\/li>\n<\/ul>\n<h6 data-start=\"1032\" data-end=\"1058\"><strong data-start=\"1032\" data-end=\"1056\">Colores disponibles:<\/strong><\/h6>\n<ul data-start=\"1059\" data-end=\"1110\">\n<li class=\"\" data-start=\"1059\" data-end=\"1073\">\n<p class=\"\" data-start=\"1061\" data-end=\"1073\">Azul claro<\/p>\n<\/li>\n<li class=\"\" data-start=\"1074\" data-end=\"1089\">\n<p class=\"\" data-start=\"1076\" data-end=\"1089\">Azul oscuro<\/p>\n<\/li>\n<li class=\"\" data-start=\"1090\" data-end=\"1098\">\n<p class=\"\" data-start=\"1092\" data-end=\"1098\">Rojo<\/p>\n<\/li>\n<li class=\"\" data-start=\"1099\" data-end=\"1110\">\n<p class=\"\" data-start=\"1101\" data-end=\"1110\">Violeta<\/p>\n<\/li>\n<\/ul>\n<h6 data-start=\"1112\" data-end=\"1132\"><strong data-start=\"1112\" data-end=\"1130\">Mantenimiento:<\/strong><\/h6>\n<ul data-start=\"1133\" data-end=\"1298\">\n<li class=\"\" data-start=\"1133\" data-end=\"1227\">\n<p class=\"\" data-start=\"1135\" data-end=\"1227\">Lavado a mano o a m\u00e1quina (se recomienda usar bolsa de lavander\u00eda para mayor durabilidad).<\/p>\n<\/li>\n<li class=\"\" data-start=\"1228\" data-end=\"1298\">\n<p class=\"\" data-start=\"1230\" data-end=\"1298\">No mezclar con colores claros para evitar transferencias de color.<\/p>\n<\/li>\n<\/ul>\n<p class=\"\" data-start=\"1300\" data-end=\"1396\">Disfruta de un entrenamiento m\u00e1s c\u00f3modo con la frescura de nuestra toalla deportiva refrescante.<\/p>\n<\/div>\n<\/div>\n<\/div>\n<\/div>\n<div class=\"mt-3 w-full empty:hidden\">\n<div class=\"text-center\"><\/div>\n<\/div>\n<\/div>\n<div class=\"absolute\">\n<div class=\"flex items-center justify-center\"><\/div>\n<\/div>\n<\/div>\n<\/div>\n<\/div>\n<\/article>\n<div class=\"pointer-events-none h-px w-px\" aria-hidden=\"true\" data-edge=\"true\"><\/div>\n","protected":false},"excerpt":{"rendered":"<p>Toalla Deportiva Refrescante \u2013 Frescura Instant\u00e1nea para Cualquier Actividad Mantente fresco y seco en todo momento con nuestra toalla deportiva refrescante, dise\u00f1ada para absorber el calor y reducir la sensaci\u00f3n de fatiga durante el ejercicio. Su tecnolog\u00eda de enfriamiento se activa con agua y proporciona una sensaci\u00f3n refrescante ideal para entrenamientos intensos, d\u00edas calurosos o [&hellip;]<\/p>\n","protected":false},"featured_media":12500,"template":"","meta":{"site-sidebar-layout":"default","site-content-layout":"","ast-site-content-layout":"default","site-content-style":"default","site-sidebar-style":"default","ast-global-header-display":"","ast-banner-title-visibility":"","ast-main-header-display":"","ast-hfb-above-header-display":"","ast-hfb-below-header-display":"","ast-hfb-mobile-header-display":"","site-post-title":"","ast-breadcrumbs-content":"","ast-featured-img":"","footer-sml-layout":"","ast-disable-related-posts":"","theme-transparent-header-meta":"default","adv-header-id-meta":"","stick-header-meta":"","header-above-stick-meta":"","header-main-stick-meta":"","header-below-stick-meta":"","astra-migrate-meta-layouts":"set","ast-page-background-enabled":"default","ast-page-background-meta":{"desktop":{"background-color":"var(--ast-global-color-4)","background-image":"","background-repeat":"repeat","background-position":"center center","background-size":"auto","background-attachment":"scroll","background-type":"","background-media":"","overlay-type":"","overlay-color":"","overlay-opacity":"","overlay-gradient":""},"tablet":{"background-color":"","background-image":"","background-repeat":"repeat","background-position":"center center","background-size":"auto","background-attachment":"scroll","background-type":"","background-media":"","overlay-type":"","overlay-color":"","overlay-opacity":"","overlay-gradient":""},"mobile":{"background-color":"","background-image":"","background-repeat":"repeat","background-position":"center center","background-size":"auto","background-attachment":"scroll","background-type":"","background-media":"","overlay-type":"","overlay-color":"","overlay-opacity":"","overlay-gradient":""}},"ast-content-background-meta":{"desktop":{"background-color":"var(--ast-global-color-5)","background-image":"","background-repeat":"repeat","background-position":"center center","background-size":"auto","background-attachment":"scroll","background-type":"","background-media":"","overlay-type":"","overlay-color":"","overlay-opacity":"","overlay-gradient":""},"tablet":{"background-color":"var(--ast-global-color-5)","background-image":"","background-repeat":"repeat","background-position":"center center","background-size":"auto","background-attachment":"scroll","background-type":"","background-media":"","overlay-type":"","overlay-color":"","overlay-opacity":"","overlay-gradient":""},"mobile":{"background-color":"var(--ast-global-color-5)","background-image":"","background-repeat":"repeat","background-position":"center center","background-size":"auto","background-attachment":"scroll","background-type":"","background-media":"","overlay-type":"","overlay-color":"","overlay-opacity":"","overlay-gradient":""}}},"product_brand":[],"product_cat":[452,451,446],"product_tag":[],"class_list":{"0":"post-12496","1":"product","2":"type-product","3":"status-publish","4":"has-post-thumbnail","6":"product_cat-accesorios-de-gimnasio","7":"product_cat-ropa-deportiva","8":"product_cat-ropa-deporte-y-accesorios","9":"desktop-align-left","10":"tablet-align-left","11":"mobile-align-left","13":"first","14":"instock","15":"sale","16":"shipping-taxable","17":"purchasable","18":"product-type-variable"},"yoast_head":"<!-- This site is optimized with the Yoast SEO plugin v27.3 - https:\/\/yoast.com\/product\/yoast-seo-wordpress\/ -->\n<title>Toalla Entrenamiento Gimnasio - ROSE MVD<\/title>\n<meta name=\"description\" content=\"Toalla deportiva refrescante, dise\u00f1ada para absorber el calor y reducir la sensaci\u00f3n de fatiga durante el ejercicio.\" \/>\n<meta name=\"robots\" content=\"index, follow, max-snippet:-1, max-image-preview:large, max-video-preview:-1\" \/>\n<link rel=\"canonical\" href=\"https:\/\/rosemvd.com\/index.php\/producto\/toalla-entrenamiento-gimnasio\/\" \/>\n<meta property=\"og:locale\" content=\"es_ES\" \/>\n<meta property=\"og:type\" content=\"article\" \/>\n<meta property=\"og:title\" content=\"Toalla Entrenamiento Gimnasio - ROSE MVD\" \/>\n<meta property=\"og:description\" content=\"Toalla deportiva refrescante, dise\u00f1ada para absorber el calor y reducir la sensaci\u00f3n de fatiga durante el ejercicio.\" \/>\n<meta property=\"og:url\" content=\"https:\/\/rosemvd.com\/index.php\/producto\/toalla-entrenamiento-gimnasio\/\" \/>\n<meta property=\"og:site_name\" content=\"ROSE MVD\" \/>\n<meta property=\"article:publisher\" content=\"https:\/\/www.facebook.com\/TiendaRoseMvd\" \/>\n<meta property=\"article:modified_time\" content=\"2026-04-21T12:26:24+00:00\" \/>\n<meta property=\"og:image\" content=\"https:\/\/rosemvd.com\/wp-content\/uploads\/2025\/03\/D_NQ_NP_851553-MLU82993727714_032025-O.webp\" \/>\n\t<meta property=\"og:image:width\" content=\"500\" \/>\n\t<meta property=\"og:image:height\" content=\"497\" \/>\n\t<meta property=\"og:image:type\" content=\"image\/webp\" \/>\n<meta name=\"twitter:card\" content=\"summary_large_image\" \/>\n<meta name=\"twitter:label1\" content=\"Tiempo de lectura\" \/>\n\t<meta name=\"twitter:data1\" content=\"2 minutos\" \/>\n<script type=\"application\/ld+json\" class=\"yoast-schema-graph\">{\"@context\":\"https:\\\/\\\/schema.org\",\"@graph\":[{\"@type\":\"WebPage\",\"@id\":\"https:\\\/\\\/rosemvd.com\\\/index.php\\\/producto\\\/toalla-entrenamiento-gimnasio\\\/\",\"url\":\"https:\\\/\\\/rosemvd.com\\\/index.php\\\/producto\\\/toalla-entrenamiento-gimnasio\\\/\",\"name\":\"Toalla Entrenamiento Gimnasio - ROSE MVD\",\"isPartOf\":{\"@id\":\"https:\\\/\\\/rosemvd.com\\\/#website\"},\"primaryImageOfPage\":{\"@id\":\"https:\\\/\\\/rosemvd.com\\\/index.php\\\/producto\\\/toalla-entrenamiento-gimnasio\\\/#primaryimage\"},\"image\":{\"@id\":\"https:\\\/\\\/rosemvd.com\\\/index.php\\\/producto\\\/toalla-entrenamiento-gimnasio\\\/#primaryimage\"},\"thumbnailUrl\":\"https:\\\/\\\/rosemvd.com\\\/wp-content\\\/uploads\\\/2025\\\/03\\\/D_NQ_NP_851553-MLU82993727714_032025-O.webp\",\"datePublished\":\"2025-03-25T16:37:35+00:00\",\"dateModified\":\"2026-04-21T12:26:24+00:00\",\"description\":\"Toalla deportiva refrescante, dise\u00f1ada para absorber el calor y reducir la sensaci\u00f3n de fatiga durante el ejercicio.\",\"breadcrumb\":{\"@id\":\"https:\\\/\\\/rosemvd.com\\\/index.php\\\/producto\\\/toalla-entrenamiento-gimnasio\\\/#breadcrumb\"},\"inLanguage\":\"es\",\"potentialAction\":[{\"@type\":\"ReadAction\",\"target\":[\"https:\\\/\\\/rosemvd.com\\\/index.php\\\/producto\\\/toalla-entrenamiento-gimnasio\\\/\"]}]},{\"@type\":\"ImageObject\",\"inLanguage\":\"es\",\"@id\":\"https:\\\/\\\/rosemvd.com\\\/index.php\\\/producto\\\/toalla-entrenamiento-gimnasio\\\/#primaryimage\",\"url\":\"https:\\\/\\\/rosemvd.com\\\/wp-content\\\/uploads\\\/2025\\\/03\\\/D_NQ_NP_851553-MLU82993727714_032025-O.webp\",\"contentUrl\":\"https:\\\/\\\/rosemvd.com\\\/wp-content\\\/uploads\\\/2025\\\/03\\\/D_NQ_NP_851553-MLU82993727714_032025-O.webp\",\"width\":500,\"height\":497},{\"@type\":\"BreadcrumbList\",\"@id\":\"https:\\\/\\\/rosemvd.com\\\/index.php\\\/producto\\\/toalla-entrenamiento-gimnasio\\\/#breadcrumb\",\"itemListElement\":[{\"@type\":\"ListItem\",\"position\":1,\"name\":\"Portada\",\"item\":\"https:\\\/\\\/rosemvd.com\\\/\"},{\"@type\":\"ListItem\",\"position\":2,\"name\":\"Tienda\",\"item\":\"https:\\\/\\\/rosemvd.com\\\/index.php\\\/tienda\\\/\"},{\"@type\":\"ListItem\",\"position\":3,\"name\":\"Toalla Entrenamiento Gimnasio\"}]},{\"@type\":\"WebSite\",\"@id\":\"https:\\\/\\\/rosemvd.com\\\/#website\",\"url\":\"https:\\\/\\\/rosemvd.com\\\/\",\"name\":\"ROSE MVD\",\"description\":\"Todo lo que no sab\u00edas que necesitabas, lo \u00faltimo en tendencia, utilidad e innovaci\u00f3n\",\"publisher\":{\"@id\":\"https:\\\/\\\/rosemvd.com\\\/#organization\"},\"potentialAction\":[{\"@type\":\"SearchAction\",\"target\":{\"@type\":\"EntryPoint\",\"urlTemplate\":\"https:\\\/\\\/rosemvd.com\\\/?s={search_term_string}\"},\"query-input\":{\"@type\":\"PropertyValueSpecification\",\"valueRequired\":true,\"valueName\":\"search_term_string\"}}],\"inLanguage\":\"es\"},{\"@type\":\"Organization\",\"@id\":\"https:\\\/\\\/rosemvd.com\\\/#organization\",\"name\":\"ROSE MVD\",\"alternateName\":\"ROSE MVD\",\"url\":\"https:\\\/\\\/rosemvd.com\\\/\",\"logo\":{\"@type\":\"ImageObject\",\"inLanguage\":\"es\",\"@id\":\"https:\\\/\\\/rosemvd.com\\\/#\\\/schema\\\/logo\\\/image\\\/\",\"url\":\"https:\\\/\\\/rosemvd.com\\\/wp-content\\\/uploads\\\/2023\\\/03\\\/Sin-titulo-2_Mesa-de-trabajo-1.png\",\"contentUrl\":\"https:\\\/\\\/rosemvd.com\\\/wp-content\\\/uploads\\\/2023\\\/03\\\/Sin-titulo-2_Mesa-de-trabajo-1.png\",\"width\":2084,\"height\":2084,\"caption\":\"ROSE MVD\"},\"image\":{\"@id\":\"https:\\\/\\\/rosemvd.com\\\/#\\\/schema\\\/logo\\\/image\\\/\"},\"sameAs\":[\"https:\\\/\\\/www.facebook.com\\\/TiendaRoseMvd\",\"https:\\\/\\\/www.instagram.com\\\/rose.mvd\"]}]}<\/script>\n<!-- \/ Yoast SEO plugin. -->","yoast_head_json":{"title":"Toalla Entrenamiento Gimnasio - ROSE MVD","description":"Toalla deportiva refrescante, dise\u00f1ada para absorber el calor y reducir la sensaci\u00f3n de fatiga durante el ejercicio.","robots":{"index":"index","follow":"follow","max-snippet":"max-snippet:-1","max-image-preview":"max-image-preview:large","max-video-preview":"max-video-preview:-1"},"canonical":"https:\/\/rosemvd.com\/index.php\/producto\/toalla-entrenamiento-gimnasio\/","og_locale":"es_ES","og_type":"article","og_title":"Toalla Entrenamiento Gimnasio - ROSE MVD","og_description":"Toalla deportiva refrescante, dise\u00f1ada para absorber el calor y reducir la sensaci\u00f3n de fatiga durante el ejercicio.","og_url":"https:\/\/rosemvd.com\/index.php\/producto\/toalla-entrenamiento-gimnasio\/","og_site_name":"ROSE MVD","article_publisher":"https:\/\/www.facebook.com\/TiendaRoseMvd","article_modified_time":"2026-04-21T12:26:24+00:00","og_image":[{"width":500,"height":497,"url":"https:\/\/rosemvd.com\/wp-content\/uploads\/2025\/03\/D_NQ_NP_851553-MLU82993727714_032025-O.webp","type":"image\/webp"}],"twitter_card":"summary_large_image","twitter_misc":{"Tiempo de lectura":"2 minutos"},"schema":{"@context":"https:\/\/schema.org","@graph":[{"@type":"WebPage","@id":"https:\/\/rosemvd.com\/index.php\/producto\/toalla-entrenamiento-gimnasio\/","url":"https:\/\/rosemvd.com\/index.php\/producto\/toalla-entrenamiento-gimnasio\/","name":"Toalla Entrenamiento Gimnasio - ROSE MVD","isPartOf":{"@id":"https:\/\/rosemvd.com\/#website"},"primaryImageOfPage":{"@id":"https:\/\/rosemvd.com\/index.php\/producto\/toalla-entrenamiento-gimnasio\/#primaryimage"},"image":{"@id":"https:\/\/rosemvd.com\/index.php\/producto\/toalla-entrenamiento-gimnasio\/#primaryimage"},"thumbnailUrl":"https:\/\/rosemvd.com\/wp-content\/uploads\/2025\/03\/D_NQ_NP_851553-MLU82993727714_032025-O.webp","datePublished":"2025-03-25T16:37:35+00:00","dateModified":"2026-04-21T12:26:24+00:00","description":"Toalla deportiva refrescante, dise\u00f1ada para absorber el calor y reducir la sensaci\u00f3n de fatiga durante el ejercicio.","breadcrumb":{"@id":"https:\/\/rosemvd.com\/index.php\/producto\/toalla-entrenamiento-gimnasio\/#breadcrumb"},"inLanguage":"es","potentialAction":[{"@type":"ReadAction","target":["https:\/\/rosemvd.com\/index.php\/producto\/toalla-entrenamiento-gimnasio\/"]}]},{"@type":"ImageObject","inLanguage":"es","@id":"https:\/\/rosemvd.com\/index.php\/producto\/toalla-entrenamiento-gimnasio\/#primaryimage","url":"https:\/\/rosemvd.com\/wp-content\/uploads\/2025\/03\/D_NQ_NP_851553-MLU82993727714_032025-O.webp","contentUrl":"https:\/\/rosemvd.com\/wp-content\/uploads\/2025\/03\/D_NQ_NP_851553-MLU82993727714_032025-O.webp","width":500,"height":497},{"@type":"BreadcrumbList","@id":"https:\/\/rosemvd.com\/index.php\/producto\/toalla-entrenamiento-gimnasio\/#breadcrumb","itemListElement":[{"@type":"ListItem","position":1,"name":"Portada","item":"https:\/\/rosemvd.com\/"},{"@type":"ListItem","position":2,"name":"Tienda","item":"https:\/\/rosemvd.com\/index.php\/tienda\/"},{"@type":"ListItem","position":3,"name":"Toalla Entrenamiento Gimnasio"}]},{"@type":"WebSite","@id":"https:\/\/rosemvd.com\/#website","url":"https:\/\/rosemvd.com\/","name":"ROSE MVD","description":"Todo lo que no sab\u00edas que necesitabas, lo \u00faltimo en tendencia, utilidad e innovaci\u00f3n","publisher":{"@id":"https:\/\/rosemvd.com\/#organization"},"potentialAction":[{"@type":"SearchAction","target":{"@type":"EntryPoint","urlTemplate":"https:\/\/rosemvd.com\/?s={search_term_string}"},"query-input":{"@type":"PropertyValueSpecification","valueRequired":true,"valueName":"search_term_string"}}],"inLanguage":"es"},{"@type":"Organization","@id":"https:\/\/rosemvd.com\/#organization","name":"ROSE MVD","alternateName":"ROSE MVD","url":"https:\/\/rosemvd.com\/","logo":{"@type":"ImageObject","inLanguage":"es","@id":"https:\/\/rosemvd.com\/#\/schema\/logo\/image\/","url":"https:\/\/rosemvd.com\/wp-content\/uploads\/2023\/03\/Sin-titulo-2_Mesa-de-trabajo-1.png","contentUrl":"https:\/\/rosemvd.com\/wp-content\/uploads\/2023\/03\/Sin-titulo-2_Mesa-de-trabajo-1.png","width":2084,"height":2084,"caption":"ROSE MVD"},"image":{"@id":"https:\/\/rosemvd.com\/#\/schema\/logo\/image\/"},"sameAs":["https:\/\/www.facebook.com\/TiendaRoseMvd","https:\/\/www.instagram.com\/rose.mvd"]}]}},"_links":{"self":[{"href":"https:\/\/rosemvd.com\/index.php\/wp-json\/wp\/v2\/product\/12496","targetHints":{"allow":["GET"]}}],"collection":[{"href":"https:\/\/rosemvd.com\/index.php\/wp-json\/wp\/v2\/product"}],"about":[{"href":"https:\/\/rosemvd.com\/index.php\/wp-json\/wp\/v2\/types\/product"}],"wp:featuredmedia":[{"embeddable":true,"href":"https:\/\/rosemvd.com\/index.php\/wp-json\/wp\/v2\/media\/12500"}],"wp:attachment":[{"href":"https:\/\/rosemvd.com\/index.php\/wp-json\/wp\/v2\/media?parent=12496"}],"wp:term":[{"taxonomy":"product_brand","embeddable":true,"href":"https:\/\/rosemvd.com\/index.php\/wp-json\/wp\/v2\/product_brand?post=12496"},{"taxonomy":"product_cat","embeddable":true,"href":"https:\/\/rosemvd.com\/index.php\/wp-json\/wp\/v2\/product_cat?post=12496"},{"taxonomy":"product_tag","embeddable":true,"href":"https:\/\/rosemvd.com\/index.php\/wp-json\/wp\/v2\/product_tag?post=12496"}],"curies":[{"name":"wp","href":"https:\/\/api.w.org\/{rel}","templated":true}]}}