{"id":12401,"date":"2025-03-22T12:02:46","date_gmt":"2025-03-22T15:02:46","guid":{"rendered":"https:\/\/rosemvd.com\/?post_type=product&#038;p=12401"},"modified":"2026-04-22T21:55:18","modified_gmt":"2026-04-23T00:55:18","slug":"limpiador-bucal-para-bebes-30pcs","status":"publish","type":"product","link":"https:\/\/rosemvd.com\/index.php\/producto\/limpiador-bucal-para-bebes-30pcs\/","title":{"rendered":"Limpiador Bucal para Bebes 30pcs"},"content":{"rendered":"<div class=\"flex max-w-full flex-col flex-grow\">\n<div class=\"min-h-8 text-message relative flex w-full flex-col items-end gap-2 whitespace-normal break-words text-start [.text-message+&amp;]:mt-5\" dir=\"auto\" data-message-author-role=\"assistant\" data-message-id=\"aa2d5d13-a70c-4bb4-b779-c2250f1ae513\" data-message-model-slug=\"gpt-4o\">\n<div class=\"flex w-full flex-col gap-1 empty:hidden first:pt-[3px]\">\n<div class=\"markdown prose w-full break-words dark:prose-invert light\">\n<p data-start=\"0\" data-end=\"66\"><strong data-start=\"0\" data-end=\"66\">Kit de Limpiadores Bucales para Beb\u00e9s \u2013 30 Piezas<\/strong><\/p>\n<p data-start=\"68\" data-end=\"422\">Este <strong data-start=\"73\" data-end=\"127\">Kit de Limpiadores Bucales para Beb\u00e9s <\/strong>incluye <strong data-start=\"136\" data-end=\"149\">30 piezas<\/strong> especialmente dise\u00f1adas para la higiene bucal de beb\u00e9s de <strong data-start=\"208\" data-end=\"222\">0 a 2 a\u00f1os<\/strong>. Los limpiadores presentan un dise\u00f1o de <strong data-start=\"263\" data-end=\"289\">espiral tridimensional<\/strong>, lo que permite una limpieza suave, eficaz y completa, asegurando el cuidado de las delicadas enc\u00edas y cavidad oral de los peque\u00f1os.<\/p>\n<h6 data-start=\"424\" data-end=\"444\">Caracter\u00edsticas:<\/h6>\n<ul data-start=\"445\" data-end=\"872\">\n<li data-start=\"445\" data-end=\"533\"><strong data-start=\"447\" data-end=\"465\">Suave y seguro<\/strong>: Material delicado para proteger las enc\u00edas sensibles de los beb\u00e9s.<\/li>\n<li data-start=\"534\" data-end=\"612\"><strong data-start=\"536\" data-end=\"553\">Limpieza 360\u00b0<\/strong>: Dise\u00f1ados para una limpieza completa de la boca del beb\u00e9.<\/li>\n<li data-start=\"613\" data-end=\"693\"><strong data-start=\"615\" data-end=\"632\">F\u00e1cil de usar<\/strong>: Mango ergon\u00f3mico para mayor comodidad y control al limpiar.<\/li>\n<li data-start=\"694\" data-end=\"803\"><strong data-start=\"696\" data-end=\"721\">Ideal para uso diario<\/strong>, ayudando a prevenir problemas de higiene bucal desde los primeros meses de vida.<\/li>\n<li data-start=\"804\" data-end=\"872\"><strong data-start=\"806\" data-end=\"827\">Pack de 30 piezas<\/strong>: Pr\u00e1ctico y duradero para un uso prolongado.<\/li>\n<\/ul>\n<p data-start=\"874\" data-end=\"998\" data-is-last-node=\"\" data-is-only-node=\"\">Salud bucal de los m\u00e1s peque\u00f1os, ofreciendo productos de calidad para su cuidado diario.<\/p>\n<\/div>\n<\/div>\n<\/div>\n<\/div>\n<div class=\"mb-2 flex gap-3 -ml-2\">\n<div class=\"flex items-center justify-start rounded-xl p-1\">\n<div>\n<div class=\"flex items-center\"><\/div>\n<\/div>\n<\/div>\n<\/div>\n","protected":false},"excerpt":{"rendered":"<p>Kit de Limpiadores Bucales para Beb\u00e9s \u2013 30 Piezas Este Kit de Limpiadores Bucales para Beb\u00e9s incluye 30 piezas especialmente dise\u00f1adas para la higiene bucal de beb\u00e9s de 0 a 2 a\u00f1os. Los limpiadores presentan un dise\u00f1o de espiral tridimensional, lo que permite una limpieza suave, eficaz y completa, asegurando el cuidado de las delicadas [&hellip;]<\/p>\n","protected":false},"featured_media":12405,"template":"","meta":{"site-sidebar-layout":"default","site-content-layout":"","ast-site-content-layout":"default","site-content-style":"default","site-sidebar-style":"default","ast-global-header-display":"","ast-banner-title-visibility":"","ast-main-header-display":"","ast-hfb-above-header-display":"","ast-hfb-below-header-display":"","ast-hfb-mobile-header-display":"","site-post-title":"","ast-breadcrumbs-content":"","ast-featured-img":"","footer-sml-layout":"","ast-disable-related-posts":"","theme-transparent-header-meta":"default","adv-header-id-meta":"","stick-header-meta":"","header-above-stick-meta":"","header-main-stick-meta":"","header-below-stick-meta":"","astra-migrate-meta-layouts":"set","ast-page-background-enabled":"default","ast-page-background-meta":{"desktop":{"background-color":"var(--ast-global-color-4)","background-image":"","background-repeat":"repeat","background-position":"center center","background-size":"auto","background-attachment":"scroll","background-type":"","background-media":"","overlay-type":"","overlay-color":"","overlay-opacity":"","overlay-gradient":""},"tablet":{"background-color":"","background-image":"","background-repeat":"repeat","background-position":"center center","background-size":"auto","background-attachment":"scroll","background-type":"","background-media":"","overlay-type":"","overlay-color":"","overlay-opacity":"","overlay-gradient":""},"mobile":{"background-color":"","background-image":"","background-repeat":"repeat","background-position":"center center","background-size":"auto","background-attachment":"scroll","background-type":"","background-media":"","overlay-type":"","overlay-color":"","overlay-opacity":"","overlay-gradient":""}},"ast-content-background-meta":{"desktop":{"background-color":"var(--ast-global-color-5)","background-image":"","background-repeat":"repeat","background-position":"center center","background-size":"auto","background-attachment":"scroll","background-type":"","background-media":"","overlay-type":"","overlay-color":"","overlay-opacity":"","overlay-gradient":""},"tablet":{"background-color":"var(--ast-global-color-5)","background-image":"","background-repeat":"repeat","background-position":"center center","background-size":"auto","background-attachment":"scroll","background-type":"","background-media":"","overlay-type":"","overlay-color":"","overlay-opacity":"","overlay-gradient":""},"mobile":{"background-color":"var(--ast-global-color-5)","background-image":"","background-repeat":"repeat","background-position":"center center","background-size":"auto","background-attachment":"scroll","background-type":"","background-media":"","overlay-type":"","overlay-color":"","overlay-opacity":"","overlay-gradient":""}}},"product_brand":[],"product_cat":[469,440],"product_tag":[],"class_list":{"0":"post-12401","1":"product","2":"type-product","3":"status-publish","4":"has-post-thumbnail","6":"product_cat-bebe","7":"product_cat-bebes-ninos","8":"desktop-align-left","9":"tablet-align-left","10":"mobile-align-left","12":"first","13":"instock","14":"shipping-taxable","15":"purchasable","16":"product-type-simple"},"yoast_head":"<!-- This site is optimized with the Yoast SEO plugin v27.3 - https:\/\/yoast.com\/product\/yoast-seo-wordpress\/ -->\n<title>Limpiador Bucal para Bebes 30pcs - ROSE MVD<\/title>\n<meta name=\"description\" content=\"Kit de Limpiadores Bucales para Beb\u00e9s incluye 30 piezas especialmente dise\u00f1adas para la higiene bucal de beb\u00e9s de 0 a 2 a\u00f1os\" \/>\n<meta name=\"robots\" content=\"index, follow, max-snippet:-1, max-image-preview:large, max-video-preview:-1\" \/>\n<link rel=\"canonical\" href=\"https:\/\/rosemvd.com\/index.php\/producto\/limpiador-bucal-para-bebes-30pcs\/\" \/>\n<meta property=\"og:locale\" content=\"es_ES\" \/>\n<meta property=\"og:type\" content=\"article\" \/>\n<meta property=\"og:title\" content=\"Limpiador Bucal para Bebes 30pcs - ROSE MVD\" \/>\n<meta property=\"og:description\" content=\"Kit de Limpiadores Bucales para Beb\u00e9s incluye 30 piezas especialmente dise\u00f1adas para la higiene bucal de beb\u00e9s de 0 a 2 a\u00f1os\" \/>\n<meta property=\"og:url\" content=\"https:\/\/rosemvd.com\/index.php\/producto\/limpiador-bucal-para-bebes-30pcs\/\" \/>\n<meta property=\"og:site_name\" content=\"ROSE MVD\" \/>\n<meta property=\"article:publisher\" content=\"https:\/\/www.facebook.com\/TiendaRoseMvd\" \/>\n<meta property=\"article:modified_time\" content=\"2026-04-23T00:55:18+00:00\" \/>\n<meta property=\"og:image\" content=\"https:\/\/rosemvd.com\/wp-content\/uploads\/2025\/03\/D_NQ_NP_877374-MLU82886499458_032025-O.webp\" \/>\n\t<meta property=\"og:image:width\" content=\"444\" \/>\n\t<meta property=\"og:image:height\" content=\"500\" \/>\n\t<meta property=\"og:image:type\" content=\"image\/webp\" \/>\n<meta name=\"twitter:card\" content=\"summary_large_image\" \/>\n<meta name=\"twitter:label1\" content=\"Tiempo de lectura\" \/>\n\t<meta name=\"twitter:data1\" content=\"1 minuto\" \/>\n<script type=\"application\/ld+json\" class=\"yoast-schema-graph\">{\"@context\":\"https:\\\/\\\/schema.org\",\"@graph\":[{\"@type\":\"WebPage\",\"@id\":\"https:\\\/\\\/rosemvd.com\\\/index.php\\\/producto\\\/limpiador-bucal-para-bebes-30pcs\\\/\",\"url\":\"https:\\\/\\\/rosemvd.com\\\/index.php\\\/producto\\\/limpiador-bucal-para-bebes-30pcs\\\/\",\"name\":\"Limpiador Bucal para Bebes 30pcs - ROSE MVD\",\"isPartOf\":{\"@id\":\"https:\\\/\\\/rosemvd.com\\\/#website\"},\"primaryImageOfPage\":{\"@id\":\"https:\\\/\\\/rosemvd.com\\\/index.php\\\/producto\\\/limpiador-bucal-para-bebes-30pcs\\\/#primaryimage\"},\"image\":{\"@id\":\"https:\\\/\\\/rosemvd.com\\\/index.php\\\/producto\\\/limpiador-bucal-para-bebes-30pcs\\\/#primaryimage\"},\"thumbnailUrl\":\"https:\\\/\\\/rosemvd.com\\\/wp-content\\\/uploads\\\/2025\\\/03\\\/D_NQ_NP_877374-MLU82886499458_032025-O.webp\",\"datePublished\":\"2025-03-22T15:02:46+00:00\",\"dateModified\":\"2026-04-23T00:55:18+00:00\",\"description\":\"Kit de Limpiadores Bucales para Beb\u00e9s incluye 30 piezas especialmente dise\u00f1adas para la higiene bucal de beb\u00e9s de 0 a 2 a\u00f1os\",\"breadcrumb\":{\"@id\":\"https:\\\/\\\/rosemvd.com\\\/index.php\\\/producto\\\/limpiador-bucal-para-bebes-30pcs\\\/#breadcrumb\"},\"inLanguage\":\"es\",\"potentialAction\":[{\"@type\":\"ReadAction\",\"target\":[\"https:\\\/\\\/rosemvd.com\\\/index.php\\\/producto\\\/limpiador-bucal-para-bebes-30pcs\\\/\"]}]},{\"@type\":\"ImageObject\",\"inLanguage\":\"es\",\"@id\":\"https:\\\/\\\/rosemvd.com\\\/index.php\\\/producto\\\/limpiador-bucal-para-bebes-30pcs\\\/#primaryimage\",\"url\":\"https:\\\/\\\/rosemvd.com\\\/wp-content\\\/uploads\\\/2025\\\/03\\\/D_NQ_NP_877374-MLU82886499458_032025-O.webp\",\"contentUrl\":\"https:\\\/\\\/rosemvd.com\\\/wp-content\\\/uploads\\\/2025\\\/03\\\/D_NQ_NP_877374-MLU82886499458_032025-O.webp\",\"width\":444,\"height\":500},{\"@type\":\"BreadcrumbList\",\"@id\":\"https:\\\/\\\/rosemvd.com\\\/index.php\\\/producto\\\/limpiador-bucal-para-bebes-30pcs\\\/#breadcrumb\",\"itemListElement\":[{\"@type\":\"ListItem\",\"position\":1,\"name\":\"Portada\",\"item\":\"https:\\\/\\\/rosemvd.com\\\/\"},{\"@type\":\"ListItem\",\"position\":2,\"name\":\"Tienda\",\"item\":\"https:\\\/\\\/rosemvd.com\\\/index.php\\\/tienda\\\/\"},{\"@type\":\"ListItem\",\"position\":3,\"name\":\"Limpiador Bucal para Bebes 30pcs\"}]},{\"@type\":\"WebSite\",\"@id\":\"https:\\\/\\\/rosemvd.com\\\/#website\",\"url\":\"https:\\\/\\\/rosemvd.com\\\/\",\"name\":\"ROSE MVD\",\"description\":\"Todo lo que no sab\u00edas que necesitabas, lo \u00faltimo en tendencia, utilidad e innovaci\u00f3n\",\"publisher\":{\"@id\":\"https:\\\/\\\/rosemvd.com\\\/#organization\"},\"potentialAction\":[{\"@type\":\"SearchAction\",\"target\":{\"@type\":\"EntryPoint\",\"urlTemplate\":\"https:\\\/\\\/rosemvd.com\\\/?s={search_term_string}\"},\"query-input\":{\"@type\":\"PropertyValueSpecification\",\"valueRequired\":true,\"valueName\":\"search_term_string\"}}],\"inLanguage\":\"es\"},{\"@type\":\"Organization\",\"@id\":\"https:\\\/\\\/rosemvd.com\\\/#organization\",\"name\":\"ROSE MVD\",\"alternateName\":\"ROSE MVD\",\"url\":\"https:\\\/\\\/rosemvd.com\\\/\",\"logo\":{\"@type\":\"ImageObject\",\"inLanguage\":\"es\",\"@id\":\"https:\\\/\\\/rosemvd.com\\\/#\\\/schema\\\/logo\\\/image\\\/\",\"url\":\"https:\\\/\\\/rosemvd.com\\\/wp-content\\\/uploads\\\/2023\\\/03\\\/Sin-titulo-2_Mesa-de-trabajo-1.png\",\"contentUrl\":\"https:\\\/\\\/rosemvd.com\\\/wp-content\\\/uploads\\\/2023\\\/03\\\/Sin-titulo-2_Mesa-de-trabajo-1.png\",\"width\":2084,\"height\":2084,\"caption\":\"ROSE MVD\"},\"image\":{\"@id\":\"https:\\\/\\\/rosemvd.com\\\/#\\\/schema\\\/logo\\\/image\\\/\"},\"sameAs\":[\"https:\\\/\\\/www.facebook.com\\\/TiendaRoseMvd\",\"https:\\\/\\\/www.instagram.com\\\/rose.mvd\"]}]}<\/script>\n<!-- \/ Yoast SEO plugin. -->","yoast_head_json":{"title":"Limpiador Bucal para Bebes 30pcs - ROSE MVD","description":"Kit de Limpiadores Bucales para Beb\u00e9s incluye 30 piezas especialmente dise\u00f1adas para la higiene bucal de beb\u00e9s de 0 a 2 a\u00f1os","robots":{"index":"index","follow":"follow","max-snippet":"max-snippet:-1","max-image-preview":"max-image-preview:large","max-video-preview":"max-video-preview:-1"},"canonical":"https:\/\/rosemvd.com\/index.php\/producto\/limpiador-bucal-para-bebes-30pcs\/","og_locale":"es_ES","og_type":"article","og_title":"Limpiador Bucal para Bebes 30pcs - ROSE MVD","og_description":"Kit de Limpiadores Bucales para Beb\u00e9s incluye 30 piezas especialmente dise\u00f1adas para la higiene bucal de beb\u00e9s de 0 a 2 a\u00f1os","og_url":"https:\/\/rosemvd.com\/index.php\/producto\/limpiador-bucal-para-bebes-30pcs\/","og_site_name":"ROSE MVD","article_publisher":"https:\/\/www.facebook.com\/TiendaRoseMvd","article_modified_time":"2026-04-23T00:55:18+00:00","og_image":[{"width":444,"height":500,"url":"https:\/\/rosemvd.com\/wp-content\/uploads\/2025\/03\/D_NQ_NP_877374-MLU82886499458_032025-O.webp","type":"image\/webp"}],"twitter_card":"summary_large_image","twitter_misc":{"Tiempo de lectura":"1 minuto"},"schema":{"@context":"https:\/\/schema.org","@graph":[{"@type":"WebPage","@id":"https:\/\/rosemvd.com\/index.php\/producto\/limpiador-bucal-para-bebes-30pcs\/","url":"https:\/\/rosemvd.com\/index.php\/producto\/limpiador-bucal-para-bebes-30pcs\/","name":"Limpiador Bucal para Bebes 30pcs - ROSE MVD","isPartOf":{"@id":"https:\/\/rosemvd.com\/#website"},"primaryImageOfPage":{"@id":"https:\/\/rosemvd.com\/index.php\/producto\/limpiador-bucal-para-bebes-30pcs\/#primaryimage"},"image":{"@id":"https:\/\/rosemvd.com\/index.php\/producto\/limpiador-bucal-para-bebes-30pcs\/#primaryimage"},"thumbnailUrl":"https:\/\/rosemvd.com\/wp-content\/uploads\/2025\/03\/D_NQ_NP_877374-MLU82886499458_032025-O.webp","datePublished":"2025-03-22T15:02:46+00:00","dateModified":"2026-04-23T00:55:18+00:00","description":"Kit de Limpiadores Bucales para Beb\u00e9s incluye 30 piezas especialmente dise\u00f1adas para la higiene bucal de beb\u00e9s de 0 a 2 a\u00f1os","breadcrumb":{"@id":"https:\/\/rosemvd.com\/index.php\/producto\/limpiador-bucal-para-bebes-30pcs\/#breadcrumb"},"inLanguage":"es","potentialAction":[{"@type":"ReadAction","target":["https:\/\/rosemvd.com\/index.php\/producto\/limpiador-bucal-para-bebes-30pcs\/"]}]},{"@type":"ImageObject","inLanguage":"es","@id":"https:\/\/rosemvd.com\/index.php\/producto\/limpiador-bucal-para-bebes-30pcs\/#primaryimage","url":"https:\/\/rosemvd.com\/wp-content\/uploads\/2025\/03\/D_NQ_NP_877374-MLU82886499458_032025-O.webp","contentUrl":"https:\/\/rosemvd.com\/wp-content\/uploads\/2025\/03\/D_NQ_NP_877374-MLU82886499458_032025-O.webp","width":444,"height":500},{"@type":"BreadcrumbList","@id":"https:\/\/rosemvd.com\/index.php\/producto\/limpiador-bucal-para-bebes-30pcs\/#breadcrumb","itemListElement":[{"@type":"ListItem","position":1,"name":"Portada","item":"https:\/\/rosemvd.com\/"},{"@type":"ListItem","position":2,"name":"Tienda","item":"https:\/\/rosemvd.com\/index.php\/tienda\/"},{"@type":"ListItem","position":3,"name":"Limpiador Bucal para Bebes 30pcs"}]},{"@type":"WebSite","@id":"https:\/\/rosemvd.com\/#website","url":"https:\/\/rosemvd.com\/","name":"ROSE MVD","description":"Todo lo que no sab\u00edas que necesitabas, lo \u00faltimo en tendencia, utilidad e innovaci\u00f3n","publisher":{"@id":"https:\/\/rosemvd.com\/#organization"},"potentialAction":[{"@type":"SearchAction","target":{"@type":"EntryPoint","urlTemplate":"https:\/\/rosemvd.com\/?s={search_term_string}"},"query-input":{"@type":"PropertyValueSpecification","valueRequired":true,"valueName":"search_term_string"}}],"inLanguage":"es"},{"@type":"Organization","@id":"https:\/\/rosemvd.com\/#organization","name":"ROSE MVD","alternateName":"ROSE MVD","url":"https:\/\/rosemvd.com\/","logo":{"@type":"ImageObject","inLanguage":"es","@id":"https:\/\/rosemvd.com\/#\/schema\/logo\/image\/","url":"https:\/\/rosemvd.com\/wp-content\/uploads\/2023\/03\/Sin-titulo-2_Mesa-de-trabajo-1.png","contentUrl":"https:\/\/rosemvd.com\/wp-content\/uploads\/2023\/03\/Sin-titulo-2_Mesa-de-trabajo-1.png","width":2084,"height":2084,"caption":"ROSE MVD"},"image":{"@id":"https:\/\/rosemvd.com\/#\/schema\/logo\/image\/"},"sameAs":["https:\/\/www.facebook.com\/TiendaRoseMvd","https:\/\/www.instagram.com\/rose.mvd"]}]}},"_links":{"self":[{"href":"https:\/\/rosemvd.com\/index.php\/wp-json\/wp\/v2\/product\/12401","targetHints":{"allow":["GET"]}}],"collection":[{"href":"https:\/\/rosemvd.com\/index.php\/wp-json\/wp\/v2\/product"}],"about":[{"href":"https:\/\/rosemvd.com\/index.php\/wp-json\/wp\/v2\/types\/product"}],"wp:featuredmedia":[{"embeddable":true,"href":"https:\/\/rosemvd.com\/index.php\/wp-json\/wp\/v2\/media\/12405"}],"wp:attachment":[{"href":"https:\/\/rosemvd.com\/index.php\/wp-json\/wp\/v2\/media?parent=12401"}],"wp:term":[{"taxonomy":"product_brand","embeddable":true,"href":"https:\/\/rosemvd.com\/index.php\/wp-json\/wp\/v2\/product_brand?post=12401"},{"taxonomy":"product_cat","embeddable":true,"href":"https:\/\/rosemvd.com\/index.php\/wp-json\/wp\/v2\/product_cat?post=12401"},{"taxonomy":"product_tag","embeddable":true,"href":"https:\/\/rosemvd.com\/index.php\/wp-json\/wp\/v2\/product_tag?post=12401"}],"curies":[{"name":"wp","href":"https:\/\/api.w.org\/{rel}","templated":true}]}}