{"id":12308,"date":"2025-03-12T17:00:47","date_gmt":"2025-03-12T20:00:47","guid":{"rendered":"https:\/\/rosemvd.com\/?post_type=product&#038;p=12308"},"modified":"2026-04-21T16:25:14","modified_gmt":"2026-04-21T19:25:14","slug":"parches-para-granos-y-acne","status":"publish","type":"product","link":"https:\/\/rosemvd.com\/index.php\/producto\/parches-para-granos-y-acne\/","title":{"rendered":"Parches para Granos y Acn\u00e9"},"content":{"rendered":"<p data-start=\"0\" data-end=\"284\">Estos <strong data-start=\"6\" data-end=\"48\">Parches Invisibles de \u00c1cido Salic\u00edlico<\/strong> son la soluci\u00f3n ideal para tratar el acn\u00e9 y los granos de manera r\u00e1pida y discreta. Su f\u00f3rmula con <strong data-start=\"148\" data-end=\"168\">\u00e1cido salic\u00edlico<\/strong> ayuda a reducir la inflamaci\u00f3n, combatir bacterias, y acelerar la cicatrizaci\u00f3n de los brotes sin irritar la piel.<\/p>\n<p data-start=\"286\" data-end=\"306\"><strong data-start=\"286\" data-end=\"305\">Caracter\u00edsticas<\/strong>:<\/p>\n<ul data-start=\"307\" data-end=\"737\">\n<li data-start=\"307\" data-end=\"356\"><strong data-start=\"309\" data-end=\"321\">Cantidad<\/strong>: El pack contiene <strong data-start=\"340\" data-end=\"355\">360 parches<\/strong>.<\/li>\n<li data-start=\"357\" data-end=\"447\"><strong data-start=\"359\" data-end=\"370\">F\u00f3rmula<\/strong>: \u00c1cido salic\u00edlico, reconocido por su efectividad en el tratamiento del acn\u00e9.<\/li>\n<li data-start=\"448\" data-end=\"550\"><strong data-start=\"450\" data-end=\"463\">Invisible<\/strong>: Los parches son transparentes, permitiendo su uso discreto durante el d\u00eda o la noche.<\/li>\n<li data-start=\"551\" data-end=\"642\"><strong data-start=\"553\" data-end=\"569\">Uso sencillo<\/strong>: Se adhieren f\u00e1cilmente sobre la zona afectada y permanecen en su lugar.<\/li>\n<li data-start=\"643\" data-end=\"737\"><strong data-start=\"645\" data-end=\"657\">Efectivo<\/strong>: Ayuda a reducir granos y espinillas, absorbiendo impurezas y calmando la piel.<\/li>\n<\/ul>\n<p data-start=\"650\" data-end=\"666\"><strong data-start=\"650\" data-end=\"666\">Modo de uso:<\/strong><\/p>\n<ol data-start=\"667\" data-end=\"983\">\n<li data-start=\"667\" data-end=\"797\">Coloque el parche sobre el \u00e1rea afectada y presione suavemente durante 3-5 segundos para asegurar que se adhiera correctamente.<\/li>\n<li data-start=\"798\" data-end=\"896\">Deje el parche durante varias horas (idealmente toda la noche) para obtener mejores resultados.<\/li>\n<li data-start=\"897\" data-end=\"983\">Si es necesario, use otro parche para ayudar a extraer impurezas del \u00e1rea afectada.<\/li>\n<\/ol>\n<p data-start=\"739\" data-end=\"887\" data-is-last-node=\"\" data-is-only-node=\"\">Estos parches son perfectos para todo tipo de pieles, brindando una opci\u00f3n segura y efectiva para mantener tu piel limpia y libre de imperfecciones.<\/p>\n","protected":false},"excerpt":{"rendered":"<p>Estos Parches Invisibles de \u00c1cido Salic\u00edlico son la soluci\u00f3n ideal para tratar el acn\u00e9 y los granos de manera r\u00e1pida y discreta. Su f\u00f3rmula con \u00e1cido salic\u00edlico ayuda a reducir la inflamaci\u00f3n, combatir bacterias, y acelerar la cicatrizaci\u00f3n de los brotes sin irritar la piel. Caracter\u00edsticas: Cantidad: El pack contiene 360 parches. F\u00f3rmula: \u00c1cido salic\u00edlico, [&hellip;]<\/p>\n","protected":false},"featured_media":12311,"template":"","meta":{"site-sidebar-layout":"default","site-content-layout":"","ast-site-content-layout":"default","site-content-style":"default","site-sidebar-style":"default","ast-global-header-display":"","ast-banner-title-visibility":"","ast-main-header-display":"","ast-hfb-above-header-display":"","ast-hfb-below-header-display":"","ast-hfb-mobile-header-display":"","site-post-title":"","ast-breadcrumbs-content":"","ast-featured-img":"","footer-sml-layout":"","ast-disable-related-posts":"","theme-transparent-header-meta":"default","adv-header-id-meta":"","stick-header-meta":"","header-above-stick-meta":"","header-main-stick-meta":"","header-below-stick-meta":"","astra-migrate-meta-layouts":"set","ast-page-background-enabled":"default","ast-page-background-meta":{"desktop":{"background-color":"var(--ast-global-color-4)","background-image":"","background-repeat":"repeat","background-position":"center center","background-size":"auto","background-attachment":"scroll","background-type":"","background-media":"","overlay-type":"","overlay-color":"","overlay-opacity":"","overlay-gradient":""},"tablet":{"background-color":"","background-image":"","background-repeat":"repeat","background-position":"center center","background-size":"auto","background-attachment":"scroll","background-type":"","background-media":"","overlay-type":"","overlay-color":"","overlay-opacity":"","overlay-gradient":""},"mobile":{"background-color":"","background-image":"","background-repeat":"repeat","background-position":"center center","background-size":"auto","background-attachment":"scroll","background-type":"","background-media":"","overlay-type":"","overlay-color":"","overlay-opacity":"","overlay-gradient":""}},"ast-content-background-meta":{"desktop":{"background-color":"var(--ast-global-color-5)","background-image":"","background-repeat":"repeat","background-position":"center center","background-size":"auto","background-attachment":"scroll","background-type":"","background-media":"","overlay-type":"","overlay-color":"","overlay-opacity":"","overlay-gradient":""},"tablet":{"background-color":"var(--ast-global-color-5)","background-image":"","background-repeat":"repeat","background-position":"center center","background-size":"auto","background-attachment":"scroll","background-type":"","background-media":"","overlay-type":"","overlay-color":"","overlay-opacity":"","overlay-gradient":""},"mobile":{"background-color":"var(--ast-global-color-5)","background-image":"","background-repeat":"repeat","background-position":"center center","background-size":"auto","background-attachment":"scroll","background-type":"","background-media":"","overlay-type":"","overlay-color":"","overlay-opacity":"","overlay-gradient":""}}},"product_brand":[],"product_cat":[17,464,368],"product_tag":[],"class_list":{"0":"post-12308","1":"product","2":"type-product","3":"status-publish","4":"has-post-thumbnail","6":"product_cat-belleza","7":"product_cat-cuidado-rostro","8":"product_cat-otros","9":"desktop-align-left","10":"tablet-align-left","11":"mobile-align-left","13":"first","14":"instock","15":"shipping-taxable","16":"purchasable","17":"product-type-simple"},"yoast_head":"<!-- This site is optimized with the Yoast SEO plugin v27.3 - https:\/\/yoast.com\/product\/yoast-seo-wordpress\/ -->\n<title>Parches para Granos y Acn\u00e9 - ROSE MVD<\/title>\n<meta name=\"description\" content=\"Parches Invisibles de \u00c1cido Salic\u00edlico son la soluci\u00f3n ideal para tratar el acn\u00e9 y los granos de manera r\u00e1pida y discreta. 360 parches\" \/>\n<meta name=\"robots\" content=\"index, follow, max-snippet:-1, max-image-preview:large, max-video-preview:-1\" \/>\n<link rel=\"canonical\" href=\"https:\/\/rosemvd.com\/index.php\/producto\/parches-para-granos-y-acne\/\" \/>\n<meta property=\"og:locale\" content=\"es_ES\" \/>\n<meta property=\"og:type\" content=\"article\" \/>\n<meta property=\"og:title\" content=\"Parches para Granos y Acn\u00e9 - ROSE MVD\" \/>\n<meta property=\"og:description\" content=\"Parches Invisibles de \u00c1cido Salic\u00edlico son la soluci\u00f3n ideal para tratar el acn\u00e9 y los granos de manera r\u00e1pida y discreta. 360 parches\" \/>\n<meta property=\"og:url\" content=\"https:\/\/rosemvd.com\/index.php\/producto\/parches-para-granos-y-acne\/\" \/>\n<meta property=\"og:site_name\" content=\"ROSE MVD\" \/>\n<meta property=\"article:publisher\" content=\"https:\/\/www.facebook.com\/TiendaRoseMvd\" \/>\n<meta property=\"article:modified_time\" content=\"2026-04-21T19:25:14+00:00\" \/>\n<meta property=\"og:image\" content=\"https:\/\/rosemvd.com\/wp-content\/uploads\/2025\/03\/D_NQ_NP_2X_899840-CBT81184098719_122024-F.webp\" \/>\n\t<meta property=\"og:image:width\" content=\"974\" \/>\n\t<meta property=\"og:image:height\" content=\"801\" \/>\n\t<meta property=\"og:image:type\" content=\"image\/webp\" \/>\n<meta name=\"twitter:card\" content=\"summary_large_image\" \/>\n<meta name=\"twitter:label1\" content=\"Tiempo de lectura\" \/>\n\t<meta name=\"twitter:data1\" content=\"2 minutos\" \/>\n<script type=\"application\/ld+json\" class=\"yoast-schema-graph\">{\"@context\":\"https:\\\/\\\/schema.org\",\"@graph\":[{\"@type\":\"WebPage\",\"@id\":\"https:\\\/\\\/rosemvd.com\\\/index.php\\\/producto\\\/parches-para-granos-y-acne\\\/\",\"url\":\"https:\\\/\\\/rosemvd.com\\\/index.php\\\/producto\\\/parches-para-granos-y-acne\\\/\",\"name\":\"Parches para Granos y Acn\u00e9 - ROSE MVD\",\"isPartOf\":{\"@id\":\"https:\\\/\\\/rosemvd.com\\\/#website\"},\"primaryImageOfPage\":{\"@id\":\"https:\\\/\\\/rosemvd.com\\\/index.php\\\/producto\\\/parches-para-granos-y-acne\\\/#primaryimage\"},\"image\":{\"@id\":\"https:\\\/\\\/rosemvd.com\\\/index.php\\\/producto\\\/parches-para-granos-y-acne\\\/#primaryimage\"},\"thumbnailUrl\":\"https:\\\/\\\/rosemvd.com\\\/wp-content\\\/uploads\\\/2025\\\/03\\\/D_NQ_NP_2X_899840-CBT81184098719_122024-F.webp\",\"datePublished\":\"2025-03-12T20:00:47+00:00\",\"dateModified\":\"2026-04-21T19:25:14+00:00\",\"description\":\"Parches Invisibles de \u00c1cido Salic\u00edlico son la soluci\u00f3n ideal para tratar el acn\u00e9 y los granos de manera r\u00e1pida y discreta. 360 parches\",\"breadcrumb\":{\"@id\":\"https:\\\/\\\/rosemvd.com\\\/index.php\\\/producto\\\/parches-para-granos-y-acne\\\/#breadcrumb\"},\"inLanguage\":\"es\",\"potentialAction\":[{\"@type\":\"ReadAction\",\"target\":[\"https:\\\/\\\/rosemvd.com\\\/index.php\\\/producto\\\/parches-para-granos-y-acne\\\/\"]}]},{\"@type\":\"ImageObject\",\"inLanguage\":\"es\",\"@id\":\"https:\\\/\\\/rosemvd.com\\\/index.php\\\/producto\\\/parches-para-granos-y-acne\\\/#primaryimage\",\"url\":\"https:\\\/\\\/rosemvd.com\\\/wp-content\\\/uploads\\\/2025\\\/03\\\/D_NQ_NP_2X_899840-CBT81184098719_122024-F.webp\",\"contentUrl\":\"https:\\\/\\\/rosemvd.com\\\/wp-content\\\/uploads\\\/2025\\\/03\\\/D_NQ_NP_2X_899840-CBT81184098719_122024-F.webp\",\"width\":974,\"height\":801},{\"@type\":\"BreadcrumbList\",\"@id\":\"https:\\\/\\\/rosemvd.com\\\/index.php\\\/producto\\\/parches-para-granos-y-acne\\\/#breadcrumb\",\"itemListElement\":[{\"@type\":\"ListItem\",\"position\":1,\"name\":\"Portada\",\"item\":\"https:\\\/\\\/rosemvd.com\\\/\"},{\"@type\":\"ListItem\",\"position\":2,\"name\":\"Tienda\",\"item\":\"https:\\\/\\\/rosemvd.com\\\/index.php\\\/tienda\\\/\"},{\"@type\":\"ListItem\",\"position\":3,\"name\":\"Parches para Granos y Acn\u00e9\"}]},{\"@type\":\"WebSite\",\"@id\":\"https:\\\/\\\/rosemvd.com\\\/#website\",\"url\":\"https:\\\/\\\/rosemvd.com\\\/\",\"name\":\"ROSE MVD\",\"description\":\"Todo lo que buscas lo pod\u00e9s encontrar en rose mvd, especializados en traer todas las cosas nuevas en tendencia y accesorios diferentes y \u00fanicos.\",\"publisher\":{\"@id\":\"https:\\\/\\\/rosemvd.com\\\/#organization\"},\"potentialAction\":[{\"@type\":\"SearchAction\",\"target\":{\"@type\":\"EntryPoint\",\"urlTemplate\":\"https:\\\/\\\/rosemvd.com\\\/?s={search_term_string}\"},\"query-input\":{\"@type\":\"PropertyValueSpecification\",\"valueRequired\":true,\"valueName\":\"search_term_string\"}}],\"inLanguage\":\"es\"},{\"@type\":\"Organization\",\"@id\":\"https:\\\/\\\/rosemvd.com\\\/#organization\",\"name\":\"ROSE MVD\",\"alternateName\":\"ROSE MVD\",\"url\":\"https:\\\/\\\/rosemvd.com\\\/\",\"logo\":{\"@type\":\"ImageObject\",\"inLanguage\":\"es\",\"@id\":\"https:\\\/\\\/rosemvd.com\\\/#\\\/schema\\\/logo\\\/image\\\/\",\"url\":\"https:\\\/\\\/rosemvd.com\\\/wp-content\\\/uploads\\\/2023\\\/03\\\/Sin-titulo-2_Mesa-de-trabajo-1.png\",\"contentUrl\":\"https:\\\/\\\/rosemvd.com\\\/wp-content\\\/uploads\\\/2023\\\/03\\\/Sin-titulo-2_Mesa-de-trabajo-1.png\",\"width\":2084,\"height\":2084,\"caption\":\"ROSE MVD\"},\"image\":{\"@id\":\"https:\\\/\\\/rosemvd.com\\\/#\\\/schema\\\/logo\\\/image\\\/\"},\"sameAs\":[\"https:\\\/\\\/www.facebook.com\\\/TiendaRoseMvd\",\"https:\\\/\\\/www.instagram.com\\\/rose.mvd\"]}]}<\/script>\n<!-- \/ Yoast SEO plugin. -->","yoast_head_json":{"title":"Parches para Granos y Acn\u00e9 - ROSE MVD","description":"Parches Invisibles de \u00c1cido Salic\u00edlico son la soluci\u00f3n ideal para tratar el acn\u00e9 y los granos de manera r\u00e1pida y discreta. 360 parches","robots":{"index":"index","follow":"follow","max-snippet":"max-snippet:-1","max-image-preview":"max-image-preview:large","max-video-preview":"max-video-preview:-1"},"canonical":"https:\/\/rosemvd.com\/index.php\/producto\/parches-para-granos-y-acne\/","og_locale":"es_ES","og_type":"article","og_title":"Parches para Granos y Acn\u00e9 - ROSE MVD","og_description":"Parches Invisibles de \u00c1cido Salic\u00edlico son la soluci\u00f3n ideal para tratar el acn\u00e9 y los granos de manera r\u00e1pida y discreta. 360 parches","og_url":"https:\/\/rosemvd.com\/index.php\/producto\/parches-para-granos-y-acne\/","og_site_name":"ROSE MVD","article_publisher":"https:\/\/www.facebook.com\/TiendaRoseMvd","article_modified_time":"2026-04-21T19:25:14+00:00","og_image":[{"width":974,"height":801,"url":"https:\/\/rosemvd.com\/wp-content\/uploads\/2025\/03\/D_NQ_NP_2X_899840-CBT81184098719_122024-F.webp","type":"image\/webp"}],"twitter_card":"summary_large_image","twitter_misc":{"Tiempo de lectura":"2 minutos"},"schema":{"@context":"https:\/\/schema.org","@graph":[{"@type":"WebPage","@id":"https:\/\/rosemvd.com\/index.php\/producto\/parches-para-granos-y-acne\/","url":"https:\/\/rosemvd.com\/index.php\/producto\/parches-para-granos-y-acne\/","name":"Parches para Granos y Acn\u00e9 - ROSE MVD","isPartOf":{"@id":"https:\/\/rosemvd.com\/#website"},"primaryImageOfPage":{"@id":"https:\/\/rosemvd.com\/index.php\/producto\/parches-para-granos-y-acne\/#primaryimage"},"image":{"@id":"https:\/\/rosemvd.com\/index.php\/producto\/parches-para-granos-y-acne\/#primaryimage"},"thumbnailUrl":"https:\/\/rosemvd.com\/wp-content\/uploads\/2025\/03\/D_NQ_NP_2X_899840-CBT81184098719_122024-F.webp","datePublished":"2025-03-12T20:00:47+00:00","dateModified":"2026-04-21T19:25:14+00:00","description":"Parches Invisibles de \u00c1cido Salic\u00edlico son la soluci\u00f3n ideal para tratar el acn\u00e9 y los granos de manera r\u00e1pida y discreta. 360 parches","breadcrumb":{"@id":"https:\/\/rosemvd.com\/index.php\/producto\/parches-para-granos-y-acne\/#breadcrumb"},"inLanguage":"es","potentialAction":[{"@type":"ReadAction","target":["https:\/\/rosemvd.com\/index.php\/producto\/parches-para-granos-y-acne\/"]}]},{"@type":"ImageObject","inLanguage":"es","@id":"https:\/\/rosemvd.com\/index.php\/producto\/parches-para-granos-y-acne\/#primaryimage","url":"https:\/\/rosemvd.com\/wp-content\/uploads\/2025\/03\/D_NQ_NP_2X_899840-CBT81184098719_122024-F.webp","contentUrl":"https:\/\/rosemvd.com\/wp-content\/uploads\/2025\/03\/D_NQ_NP_2X_899840-CBT81184098719_122024-F.webp","width":974,"height":801},{"@type":"BreadcrumbList","@id":"https:\/\/rosemvd.com\/index.php\/producto\/parches-para-granos-y-acne\/#breadcrumb","itemListElement":[{"@type":"ListItem","position":1,"name":"Portada","item":"https:\/\/rosemvd.com\/"},{"@type":"ListItem","position":2,"name":"Tienda","item":"https:\/\/rosemvd.com\/index.php\/tienda\/"},{"@type":"ListItem","position":3,"name":"Parches para Granos y Acn\u00e9"}]},{"@type":"WebSite","@id":"https:\/\/rosemvd.com\/#website","url":"https:\/\/rosemvd.com\/","name":"ROSE MVD","description":"Todo lo que buscas lo pod\u00e9s encontrar en rose mvd, especializados en traer todas las cosas nuevas en tendencia y accesorios diferentes y \u00fanicos.","publisher":{"@id":"https:\/\/rosemvd.com\/#organization"},"potentialAction":[{"@type":"SearchAction","target":{"@type":"EntryPoint","urlTemplate":"https:\/\/rosemvd.com\/?s={search_term_string}"},"query-input":{"@type":"PropertyValueSpecification","valueRequired":true,"valueName":"search_term_string"}}],"inLanguage":"es"},{"@type":"Organization","@id":"https:\/\/rosemvd.com\/#organization","name":"ROSE MVD","alternateName":"ROSE MVD","url":"https:\/\/rosemvd.com\/","logo":{"@type":"ImageObject","inLanguage":"es","@id":"https:\/\/rosemvd.com\/#\/schema\/logo\/image\/","url":"https:\/\/rosemvd.com\/wp-content\/uploads\/2023\/03\/Sin-titulo-2_Mesa-de-trabajo-1.png","contentUrl":"https:\/\/rosemvd.com\/wp-content\/uploads\/2023\/03\/Sin-titulo-2_Mesa-de-trabajo-1.png","width":2084,"height":2084,"caption":"ROSE MVD"},"image":{"@id":"https:\/\/rosemvd.com\/#\/schema\/logo\/image\/"},"sameAs":["https:\/\/www.facebook.com\/TiendaRoseMvd","https:\/\/www.instagram.com\/rose.mvd"]}]}},"_links":{"self":[{"href":"https:\/\/rosemvd.com\/index.php\/wp-json\/wp\/v2\/product\/12308","targetHints":{"allow":["GET"]}}],"collection":[{"href":"https:\/\/rosemvd.com\/index.php\/wp-json\/wp\/v2\/product"}],"about":[{"href":"https:\/\/rosemvd.com\/index.php\/wp-json\/wp\/v2\/types\/product"}],"wp:featuredmedia":[{"embeddable":true,"href":"https:\/\/rosemvd.com\/index.php\/wp-json\/wp\/v2\/media\/12311"}],"wp:attachment":[{"href":"https:\/\/rosemvd.com\/index.php\/wp-json\/wp\/v2\/media?parent=12308"}],"wp:term":[{"taxonomy":"product_brand","embeddable":true,"href":"https:\/\/rosemvd.com\/index.php\/wp-json\/wp\/v2\/product_brand?post=12308"},{"taxonomy":"product_cat","embeddable":true,"href":"https:\/\/rosemvd.com\/index.php\/wp-json\/wp\/v2\/product_cat?post=12308"},{"taxonomy":"product_tag","embeddable":true,"href":"https:\/\/rosemvd.com\/index.php\/wp-json\/wp\/v2\/product_tag?post=12308"}],"curies":[{"name":"wp","href":"https:\/\/api.w.org\/{rel}","templated":true}]}}