{"id":12279,"date":"2025-03-11T12:11:04","date_gmt":"2025-03-11T15:11:04","guid":{"rendered":"https:\/\/rosemvd.com\/?post_type=product&#038;p=12279"},"modified":"2026-04-20T10:43:45","modified_gmt":"2026-04-20T13:43:45","slug":"collar-difusor-de-aromas","status":"publish","type":"product","link":"https:\/\/rosemvd.com\/index.php\/producto\/collar-difusor-de-aromas\/","title":{"rendered":"Collar Difusor de Aromas"},"content":{"rendered":"<div class=\"flex max-w-full flex-col flex-grow\">\n<div class=\"min-h-8 text-message relative flex w-full flex-col items-end gap-2 whitespace-normal break-words text-start [.text-message+&amp;]:mt-5\" dir=\"auto\" data-message-author-role=\"assistant\" data-message-id=\"c5b3aed5-3a17-4e49-a4eb-add6a6e8b760\" data-message-model-slug=\"gpt-4o\">\n<div class=\"flex w-full flex-col gap-1 empty:hidden first:pt-[3px]\">\n<div class=\"markdown prose w-full break-words dark:prose-invert light\">\n<p data-start=\"62\" data-end=\"746\">Este hermoso collar en acero no solo es un accesorio elegante, sino que tambi\u00e9n es un pr\u00e1ctico difusor de aromas. El dije es una medalla circular adornada en su borde con peque\u00f1as zirconias, que a\u00f1aden un toque de brillo y sofisticaci\u00f3n. En el interior, el collar cuenta con una almohadilla especial para agregar tus aceites esenciales favoritos y disfrutar de una fragancia suave durante todo el d\u00eda. Est\u00e1 disponible en dos modelos: uno con la forma de un \u00e1rbol de la vida y una almohadilla verde, y otro con la forma de una flor de loto y una almohadilla rosada. El dije mide 2,2 cm de di\u00e1metro y la cadena tiene un largo aproximado de 45 cm, ofreciendo un ajuste c\u00f3modo y vers\u00e1til.<\/p>\n<p data-start=\"748\" data-end=\"768\"><strong data-start=\"748\" data-end=\"768\">Caracter\u00edsticas:<\/strong><\/p>\n<ul data-start=\"770\" data-end=\"1144\">\n<li data-start=\"770\" data-end=\"808\"><strong data-start=\"772\" data-end=\"785\">Material:<\/strong> Acero de alta calidad.<\/li>\n<li data-start=\"809\" data-end=\"873\"><strong data-start=\"811\" data-end=\"820\">Dije:<\/strong> Medalla circular decorada con zirconias en el borde.<\/li>\n<li data-start=\"874\" data-end=\"954\"><strong data-start=\"876\" data-end=\"888\">Funci\u00f3n:<\/strong> Collar difusor de aromas con almohadilla para aceites esenciales.<\/li>\n<li data-start=\"955\" data-end=\"1055\"><strong data-start=\"957\" data-end=\"969\">Modelos:<\/strong>\n<ul data-start=\"973\" data-end=\"1055\">\n<li data-start=\"973\" data-end=\"1014\">\u00c1rbol de la vida con almohadilla verde.<\/li>\n<li data-start=\"1017\" data-end=\"1055\">Flor de loto con almohadilla amarilla.<\/li>\n<\/ul>\n<\/li>\n<li data-start=\"1056\" data-end=\"1098\"><strong data-start=\"1058\" data-end=\"1078\">Tama\u00f1o del dije:<\/strong> 2,2 cm de di\u00e1metro.<\/li>\n<li data-start=\"1099\" data-end=\"1144\"><strong data-start=\"1101\" data-end=\"1112\">Cadena:<\/strong> 70cm +4cm de largo aproximadamente.<\/li>\n<\/ul>\n<p data-start=\"1146\" data-end=\"1372\" data-is-last-node=\"\" data-is-only-node=\"\">Este collar es perfecto para quienes desean combinar estilo y bienestar, llevando consigo sus fragancias preferidas de una manera elegante y sutil. Ideal para el uso diario o como un regalo significativo para alguien especial.<\/p>\n<\/div>\n<\/div>\n<\/div>\n<\/div>\n","protected":false},"excerpt":{"rendered":"<p>Este hermoso collar en acero no solo es un accesorio elegante, sino que tambi\u00e9n es un pr\u00e1ctico difusor de aromas. El dije es una medalla circular adornada en su borde con peque\u00f1as zirconias, que a\u00f1aden un toque de brillo y sofisticaci\u00f3n. En el interior, el collar cuenta con una almohadilla especial para agregar tus aceites [&hellip;]<\/p>\n","protected":false},"featured_media":12281,"template":"","meta":{"site-sidebar-layout":"default","site-content-layout":"","ast-site-content-layout":"default","site-content-style":"default","site-sidebar-style":"default","ast-global-header-display":"","ast-banner-title-visibility":"","ast-main-header-display":"","ast-hfb-above-header-display":"","ast-hfb-below-header-display":"","ast-hfb-mobile-header-display":"","site-post-title":"","ast-breadcrumbs-content":"","ast-featured-img":"","footer-sml-layout":"","ast-disable-related-posts":"","theme-transparent-header-meta":"default","adv-header-id-meta":"","stick-header-meta":"","header-above-stick-meta":"","header-main-stick-meta":"","header-below-stick-meta":"","astra-migrate-meta-layouts":"set","ast-page-background-enabled":"default","ast-page-background-meta":{"desktop":{"background-color":"var(--ast-global-color-4)","background-image":"","background-repeat":"repeat","background-position":"center center","background-size":"auto","background-attachment":"scroll","background-type":"","background-media":"","overlay-type":"","overlay-color":"","overlay-opacity":"","overlay-gradient":""},"tablet":{"background-color":"","background-image":"","background-repeat":"repeat","background-position":"center center","background-size":"auto","background-attachment":"scroll","background-type":"","background-media":"","overlay-type":"","overlay-color":"","overlay-opacity":"","overlay-gradient":""},"mobile":{"background-color":"","background-image":"","background-repeat":"repeat","background-position":"center center","background-size":"auto","background-attachment":"scroll","background-type":"","background-media":"","overlay-type":"","overlay-color":"","overlay-opacity":"","overlay-gradient":""}},"ast-content-background-meta":{"desktop":{"background-color":"var(--ast-global-color-5)","background-image":"","background-repeat":"repeat","background-position":"center center","background-size":"auto","background-attachment":"scroll","background-type":"","background-media":"","overlay-type":"","overlay-color":"","overlay-opacity":"","overlay-gradient":""},"tablet":{"background-color":"var(--ast-global-color-5)","background-image":"","background-repeat":"repeat","background-position":"center center","background-size":"auto","background-attachment":"scroll","background-type":"","background-media":"","overlay-type":"","overlay-color":"","overlay-opacity":"","overlay-gradient":""},"mobile":{"background-color":"var(--ast-global-color-5)","background-image":"","background-repeat":"repeat","background-position":"center center","background-size":"auto","background-attachment":"scroll","background-type":"","background-media":"","overlay-type":"","overlay-color":"","overlay-opacity":"","overlay-gradient":""}}},"product_brand":[],"product_cat":[184,188,445],"product_tag":[],"class_list":{"0":"post-12279","1":"product","2":"type-product","3":"status-publish","4":"has-post-thumbnail","6":"product_cat-collares","7":"product_cat-collares-acero","8":"product_cat-joyeria","9":"desktop-align-left","10":"tablet-align-left","11":"mobile-align-left","13":"first","14":"instock","15":"shipping-taxable","16":"purchasable","17":"product-type-variable"},"yoast_head":"<!-- This site is optimized with the Yoast SEO plugin v27.3 - https:\/\/yoast.com\/product\/yoast-seo-wordpress\/ -->\n<title>Collar Difusor de Aromas - ROSE MVD<\/title>\n<meta name=\"description\" content=\"Collar en acero no solo es un accesorio elegante, sino que tambi\u00e9n es un pr\u00e1ctico difusor de aromas, dos modelos: \u00e1rbol de la vida y flor de loto\" \/>\n<meta name=\"robots\" content=\"index, follow, max-snippet:-1, max-image-preview:large, max-video-preview:-1\" \/>\n<link rel=\"canonical\" href=\"https:\/\/rosemvd.com\/index.php\/producto\/collar-difusor-de-aromas\/\" \/>\n<meta property=\"og:locale\" content=\"es_ES\" \/>\n<meta property=\"og:type\" content=\"article\" \/>\n<meta property=\"og:title\" content=\"Collar Difusor de Aromas - ROSE MVD\" \/>\n<meta property=\"og:description\" content=\"Collar en acero no solo es un accesorio elegante, sino que tambi\u00e9n es un pr\u00e1ctico difusor de aromas, dos modelos: \u00e1rbol de la vida y flor de loto\" \/>\n<meta property=\"og:url\" content=\"https:\/\/rosemvd.com\/index.php\/producto\/collar-difusor-de-aromas\/\" \/>\n<meta property=\"og:site_name\" content=\"ROSE MVD\" \/>\n<meta property=\"article:publisher\" content=\"https:\/\/www.facebook.com\/TiendaRoseMvd\" \/>\n<meta property=\"article:modified_time\" content=\"2026-04-20T13:43:45+00:00\" \/>\n<meta property=\"og:image\" content=\"https:\/\/rosemvd.com\/wp-content\/uploads\/2025\/03\/8fbc24b7-c671-434a-8f47-0beeeb60f7ac.jpg\" \/>\n\t<meta property=\"og:image:width\" content=\"750\" \/>\n\t<meta property=\"og:image:height\" content=\"667\" \/>\n\t<meta property=\"og:image:type\" content=\"image\/jpeg\" \/>\n<meta name=\"twitter:card\" content=\"summary_large_image\" \/>\n<meta name=\"twitter:label1\" content=\"Tiempo de lectura\" \/>\n\t<meta name=\"twitter:data1\" content=\"2 minutos\" \/>\n<script type=\"application\/ld+json\" class=\"yoast-schema-graph\">{\"@context\":\"https:\\\/\\\/schema.org\",\"@graph\":[{\"@type\":\"WebPage\",\"@id\":\"https:\\\/\\\/rosemvd.com\\\/index.php\\\/producto\\\/collar-difusor-de-aromas\\\/\",\"url\":\"https:\\\/\\\/rosemvd.com\\\/index.php\\\/producto\\\/collar-difusor-de-aromas\\\/\",\"name\":\"Collar Difusor de Aromas - ROSE MVD\",\"isPartOf\":{\"@id\":\"https:\\\/\\\/rosemvd.com\\\/#website\"},\"primaryImageOfPage\":{\"@id\":\"https:\\\/\\\/rosemvd.com\\\/index.php\\\/producto\\\/collar-difusor-de-aromas\\\/#primaryimage\"},\"image\":{\"@id\":\"https:\\\/\\\/rosemvd.com\\\/index.php\\\/producto\\\/collar-difusor-de-aromas\\\/#primaryimage\"},\"thumbnailUrl\":\"https:\\\/\\\/rosemvd.com\\\/wp-content\\\/uploads\\\/2025\\\/03\\\/8fbc24b7-c671-434a-8f47-0beeeb60f7ac.jpg\",\"datePublished\":\"2025-03-11T15:11:04+00:00\",\"dateModified\":\"2026-04-20T13:43:45+00:00\",\"description\":\"Collar en acero no solo es un accesorio elegante, sino que tambi\u00e9n es un pr\u00e1ctico difusor de aromas, dos modelos: \u00e1rbol de la vida y flor de loto\",\"breadcrumb\":{\"@id\":\"https:\\\/\\\/rosemvd.com\\\/index.php\\\/producto\\\/collar-difusor-de-aromas\\\/#breadcrumb\"},\"inLanguage\":\"es\",\"potentialAction\":[{\"@type\":\"ReadAction\",\"target\":[\"https:\\\/\\\/rosemvd.com\\\/index.php\\\/producto\\\/collar-difusor-de-aromas\\\/\"]}]},{\"@type\":\"ImageObject\",\"inLanguage\":\"es\",\"@id\":\"https:\\\/\\\/rosemvd.com\\\/index.php\\\/producto\\\/collar-difusor-de-aromas\\\/#primaryimage\",\"url\":\"https:\\\/\\\/rosemvd.com\\\/wp-content\\\/uploads\\\/2025\\\/03\\\/8fbc24b7-c671-434a-8f47-0beeeb60f7ac.jpg\",\"contentUrl\":\"https:\\\/\\\/rosemvd.com\\\/wp-content\\\/uploads\\\/2025\\\/03\\\/8fbc24b7-c671-434a-8f47-0beeeb60f7ac.jpg\",\"width\":750,\"height\":667},{\"@type\":\"BreadcrumbList\",\"@id\":\"https:\\\/\\\/rosemvd.com\\\/index.php\\\/producto\\\/collar-difusor-de-aromas\\\/#breadcrumb\",\"itemListElement\":[{\"@type\":\"ListItem\",\"position\":1,\"name\":\"Portada\",\"item\":\"https:\\\/\\\/rosemvd.com\\\/\"},{\"@type\":\"ListItem\",\"position\":2,\"name\":\"Tienda\",\"item\":\"https:\\\/\\\/rosemvd.com\\\/index.php\\\/tienda\\\/\"},{\"@type\":\"ListItem\",\"position\":3,\"name\":\"Collar Difusor de Aromas\"}]},{\"@type\":\"WebSite\",\"@id\":\"https:\\\/\\\/rosemvd.com\\\/#website\",\"url\":\"https:\\\/\\\/rosemvd.com\\\/\",\"name\":\"ROSE MVD\",\"description\":\"Todo lo que no sab\u00edas que necesitabas, lo \u00faltimo en tendencia, utilidad e innovaci\u00f3n\",\"publisher\":{\"@id\":\"https:\\\/\\\/rosemvd.com\\\/#organization\"},\"potentialAction\":[{\"@type\":\"SearchAction\",\"target\":{\"@type\":\"EntryPoint\",\"urlTemplate\":\"https:\\\/\\\/rosemvd.com\\\/?s={search_term_string}\"},\"query-input\":{\"@type\":\"PropertyValueSpecification\",\"valueRequired\":true,\"valueName\":\"search_term_string\"}}],\"inLanguage\":\"es\"},{\"@type\":\"Organization\",\"@id\":\"https:\\\/\\\/rosemvd.com\\\/#organization\",\"name\":\"ROSE MVD\",\"alternateName\":\"ROSE MVD\",\"url\":\"https:\\\/\\\/rosemvd.com\\\/\",\"logo\":{\"@type\":\"ImageObject\",\"inLanguage\":\"es\",\"@id\":\"https:\\\/\\\/rosemvd.com\\\/#\\\/schema\\\/logo\\\/image\\\/\",\"url\":\"https:\\\/\\\/rosemvd.com\\\/wp-content\\\/uploads\\\/2023\\\/03\\\/Sin-titulo-2_Mesa-de-trabajo-1.png\",\"contentUrl\":\"https:\\\/\\\/rosemvd.com\\\/wp-content\\\/uploads\\\/2023\\\/03\\\/Sin-titulo-2_Mesa-de-trabajo-1.png\",\"width\":2084,\"height\":2084,\"caption\":\"ROSE MVD\"},\"image\":{\"@id\":\"https:\\\/\\\/rosemvd.com\\\/#\\\/schema\\\/logo\\\/image\\\/\"},\"sameAs\":[\"https:\\\/\\\/www.facebook.com\\\/TiendaRoseMvd\",\"https:\\\/\\\/www.instagram.com\\\/rose.mvd\"]}]}<\/script>\n<!-- \/ Yoast SEO plugin. -->","yoast_head_json":{"title":"Collar Difusor de Aromas - ROSE MVD","description":"Collar en acero no solo es un accesorio elegante, sino que tambi\u00e9n es un pr\u00e1ctico difusor de aromas, dos modelos: \u00e1rbol de la vida y flor de loto","robots":{"index":"index","follow":"follow","max-snippet":"max-snippet:-1","max-image-preview":"max-image-preview:large","max-video-preview":"max-video-preview:-1"},"canonical":"https:\/\/rosemvd.com\/index.php\/producto\/collar-difusor-de-aromas\/","og_locale":"es_ES","og_type":"article","og_title":"Collar Difusor de Aromas - ROSE MVD","og_description":"Collar en acero no solo es un accesorio elegante, sino que tambi\u00e9n es un pr\u00e1ctico difusor de aromas, dos modelos: \u00e1rbol de la vida y flor de loto","og_url":"https:\/\/rosemvd.com\/index.php\/producto\/collar-difusor-de-aromas\/","og_site_name":"ROSE MVD","article_publisher":"https:\/\/www.facebook.com\/TiendaRoseMvd","article_modified_time":"2026-04-20T13:43:45+00:00","og_image":[{"width":750,"height":667,"url":"https:\/\/rosemvd.com\/wp-content\/uploads\/2025\/03\/8fbc24b7-c671-434a-8f47-0beeeb60f7ac.jpg","type":"image\/jpeg"}],"twitter_card":"summary_large_image","twitter_misc":{"Tiempo de lectura":"2 minutos"},"schema":{"@context":"https:\/\/schema.org","@graph":[{"@type":"WebPage","@id":"https:\/\/rosemvd.com\/index.php\/producto\/collar-difusor-de-aromas\/","url":"https:\/\/rosemvd.com\/index.php\/producto\/collar-difusor-de-aromas\/","name":"Collar Difusor de Aromas - ROSE MVD","isPartOf":{"@id":"https:\/\/rosemvd.com\/#website"},"primaryImageOfPage":{"@id":"https:\/\/rosemvd.com\/index.php\/producto\/collar-difusor-de-aromas\/#primaryimage"},"image":{"@id":"https:\/\/rosemvd.com\/index.php\/producto\/collar-difusor-de-aromas\/#primaryimage"},"thumbnailUrl":"https:\/\/rosemvd.com\/wp-content\/uploads\/2025\/03\/8fbc24b7-c671-434a-8f47-0beeeb60f7ac.jpg","datePublished":"2025-03-11T15:11:04+00:00","dateModified":"2026-04-20T13:43:45+00:00","description":"Collar en acero no solo es un accesorio elegante, sino que tambi\u00e9n es un pr\u00e1ctico difusor de aromas, dos modelos: \u00e1rbol de la vida y flor de loto","breadcrumb":{"@id":"https:\/\/rosemvd.com\/index.php\/producto\/collar-difusor-de-aromas\/#breadcrumb"},"inLanguage":"es","potentialAction":[{"@type":"ReadAction","target":["https:\/\/rosemvd.com\/index.php\/producto\/collar-difusor-de-aromas\/"]}]},{"@type":"ImageObject","inLanguage":"es","@id":"https:\/\/rosemvd.com\/index.php\/producto\/collar-difusor-de-aromas\/#primaryimage","url":"https:\/\/rosemvd.com\/wp-content\/uploads\/2025\/03\/8fbc24b7-c671-434a-8f47-0beeeb60f7ac.jpg","contentUrl":"https:\/\/rosemvd.com\/wp-content\/uploads\/2025\/03\/8fbc24b7-c671-434a-8f47-0beeeb60f7ac.jpg","width":750,"height":667},{"@type":"BreadcrumbList","@id":"https:\/\/rosemvd.com\/index.php\/producto\/collar-difusor-de-aromas\/#breadcrumb","itemListElement":[{"@type":"ListItem","position":1,"name":"Portada","item":"https:\/\/rosemvd.com\/"},{"@type":"ListItem","position":2,"name":"Tienda","item":"https:\/\/rosemvd.com\/index.php\/tienda\/"},{"@type":"ListItem","position":3,"name":"Collar Difusor de Aromas"}]},{"@type":"WebSite","@id":"https:\/\/rosemvd.com\/#website","url":"https:\/\/rosemvd.com\/","name":"ROSE MVD","description":"Todo lo que no sab\u00edas que necesitabas, lo \u00faltimo en tendencia, utilidad e innovaci\u00f3n","publisher":{"@id":"https:\/\/rosemvd.com\/#organization"},"potentialAction":[{"@type":"SearchAction","target":{"@type":"EntryPoint","urlTemplate":"https:\/\/rosemvd.com\/?s={search_term_string}"},"query-input":{"@type":"PropertyValueSpecification","valueRequired":true,"valueName":"search_term_string"}}],"inLanguage":"es"},{"@type":"Organization","@id":"https:\/\/rosemvd.com\/#organization","name":"ROSE MVD","alternateName":"ROSE MVD","url":"https:\/\/rosemvd.com\/","logo":{"@type":"ImageObject","inLanguage":"es","@id":"https:\/\/rosemvd.com\/#\/schema\/logo\/image\/","url":"https:\/\/rosemvd.com\/wp-content\/uploads\/2023\/03\/Sin-titulo-2_Mesa-de-trabajo-1.png","contentUrl":"https:\/\/rosemvd.com\/wp-content\/uploads\/2023\/03\/Sin-titulo-2_Mesa-de-trabajo-1.png","width":2084,"height":2084,"caption":"ROSE MVD"},"image":{"@id":"https:\/\/rosemvd.com\/#\/schema\/logo\/image\/"},"sameAs":["https:\/\/www.facebook.com\/TiendaRoseMvd","https:\/\/www.instagram.com\/rose.mvd"]}]}},"_links":{"self":[{"href":"https:\/\/rosemvd.com\/index.php\/wp-json\/wp\/v2\/product\/12279","targetHints":{"allow":["GET"]}}],"collection":[{"href":"https:\/\/rosemvd.com\/index.php\/wp-json\/wp\/v2\/product"}],"about":[{"href":"https:\/\/rosemvd.com\/index.php\/wp-json\/wp\/v2\/types\/product"}],"wp:featuredmedia":[{"embeddable":true,"href":"https:\/\/rosemvd.com\/index.php\/wp-json\/wp\/v2\/media\/12281"}],"wp:attachment":[{"href":"https:\/\/rosemvd.com\/index.php\/wp-json\/wp\/v2\/media?parent=12279"}],"wp:term":[{"taxonomy":"product_brand","embeddable":true,"href":"https:\/\/rosemvd.com\/index.php\/wp-json\/wp\/v2\/product_brand?post=12279"},{"taxonomy":"product_cat","embeddable":true,"href":"https:\/\/rosemvd.com\/index.php\/wp-json\/wp\/v2\/product_cat?post=12279"},{"taxonomy":"product_tag","embeddable":true,"href":"https:\/\/rosemvd.com\/index.php\/wp-json\/wp\/v2\/product_tag?post=12279"}],"curies":[{"name":"wp","href":"https:\/\/api.w.org\/{rel}","templated":true}]}}