{"id":12201,"date":"2025-03-11T16:35:14","date_gmt":"2025-03-11T19:35:14","guid":{"rendered":"https:\/\/rosemvd.com\/?post_type=product&#038;p=12201"},"modified":"2026-04-20T10:41:52","modified_gmt":"2026-04-20T13:41:52","slug":"caravana-gema-verde","status":"publish","type":"product","link":"https:\/\/rosemvd.com\/index.php\/producto\/caravana-gema-verde\/","title":{"rendered":"Caravana Gema Verde"},"content":{"rendered":"<p data-start=\"47\" data-end=\"433\">Estas elegantes caravanas est\u00e1n elaboradas en Plata 925 de alta calidad, ofreciendo un dise\u00f1o sofisticado y lleno de estilo. Cada una tiene la forma de una flor, con una piedra gema central de un hermoso tono verde, que resalta con su brillantez y profundidad. Alrededor de la piedra central, peque\u00f1as zirconias adornan la joya, agregando un toque de brillo sutil que realza su belleza.<\/p>\n<p data-start=\"435\" data-end=\"451\"><strong>Caracter\u00edsticas:<\/strong><\/p>\n<ul data-start=\"453\" data-end=\"685\">\n<li data-start=\"453\" data-end=\"491\"><strong>Material:<\/strong> Plata 925 de alta calidad.<\/li>\n<li data-start=\"453\" data-end=\"491\"><strong>Medidas: <\/strong>1cm<\/li>\n<li data-start=\"492\" data-end=\"567\"><strong>Dise\u00f1o:<\/strong> Flor con piedra gema central en tono verde y zirconias alrededor.<\/li>\n<li data-start=\"568\" data-end=\"628\"><strong>Brillo:<\/strong> Las zirconias a\u00f1aden un toque delicado y elegante.<\/li>\n<li data-start=\"629\" data-end=\"685\"><strong>Estilo:<\/strong> Perfectas para un look sofisticado y femenino.<\/li>\n<\/ul>\n<p data-start=\"687\" data-end=\"972\" data-is-last-node=\"\" data-is-only-node=\"\">Estas caravanas son el accesorio ideal para quienes buscan una joya \u00fanica que combine la elegancia de la plata con el brillo sutil de las zirconias y la intensidad del verde de la gema central. Perfectas para ocasiones especiales o para darle un toque fresco y refinado a tu d\u00eda a d\u00eda.<\/p>\n","protected":false},"excerpt":{"rendered":"<p>Estas elegantes caravanas est\u00e1n elaboradas en Plata 925 de alta calidad, ofreciendo un dise\u00f1o sofisticado y lleno de estilo. Cada una tiene la forma de una flor, con una piedra gema central de un hermoso tono verde, que resalta con su brillantez y profundidad. Alrededor de la piedra central, peque\u00f1as zirconias adornan la joya, agregando [&hellip;]<\/p>\n","protected":false},"featured_media":12205,"template":"","meta":{"site-sidebar-layout":"default","site-content-layout":"","ast-site-content-layout":"default","site-content-style":"default","site-sidebar-style":"default","ast-global-header-display":"","ast-banner-title-visibility":"","ast-main-header-display":"","ast-hfb-above-header-display":"","ast-hfb-below-header-display":"","ast-hfb-mobile-header-display":"","site-post-title":"","ast-breadcrumbs-content":"","ast-featured-img":"","footer-sml-layout":"","ast-disable-related-posts":"","theme-transparent-header-meta":"default","adv-header-id-meta":"","stick-header-meta":"","header-above-stick-meta":"","header-main-stick-meta":"","header-below-stick-meta":"","astra-migrate-meta-layouts":"set","ast-page-background-enabled":"default","ast-page-background-meta":{"desktop":{"background-color":"var(--ast-global-color-4)","background-image":"","background-repeat":"repeat","background-position":"center center","background-size":"auto","background-attachment":"scroll","background-type":"","background-media":"","overlay-type":"","overlay-color":"","overlay-opacity":"","overlay-gradient":""},"tablet":{"background-color":"","background-image":"","background-repeat":"repeat","background-position":"center center","background-size":"auto","background-attachment":"scroll","background-type":"","background-media":"","overlay-type":"","overlay-color":"","overlay-opacity":"","overlay-gradient":""},"mobile":{"background-color":"","background-image":"","background-repeat":"repeat","background-position":"center center","background-size":"auto","background-attachment":"scroll","background-type":"","background-media":"","overlay-type":"","overlay-color":"","overlay-opacity":"","overlay-gradient":""}},"ast-content-background-meta":{"desktop":{"background-color":"var(--ast-global-color-5)","background-image":"","background-repeat":"repeat","background-position":"center center","background-size":"auto","background-attachment":"scroll","background-type":"","background-media":"","overlay-type":"","overlay-color":"","overlay-opacity":"","overlay-gradient":""},"tablet":{"background-color":"var(--ast-global-color-5)","background-image":"","background-repeat":"repeat","background-position":"center center","background-size":"auto","background-attachment":"scroll","background-type":"","background-media":"","overlay-type":"","overlay-color":"","overlay-opacity":"","overlay-gradient":""},"mobile":{"background-color":"var(--ast-global-color-5)","background-image":"","background-repeat":"repeat","background-position":"center center","background-size":"auto","background-attachment":"scroll","background-type":"","background-media":"","overlay-type":"","overlay-color":"","overlay-opacity":"","overlay-gradient":""}}},"product_brand":[],"product_cat":[180,407,445],"product_tag":[],"class_list":{"0":"post-12201","1":"product","2":"type-product","3":"status-publish","4":"has-post-thumbnail","6":"product_cat-caravanas","7":"product_cat-caravanas-plata-925","8":"product_cat-joyeria","9":"desktop-align-left","10":"tablet-align-left","11":"mobile-align-left","13":"first","14":"instock","15":"shipping-taxable","16":"purchasable","17":"product-type-simple"},"yoast_head":"<!-- This site is optimized with the Yoast SEO plugin v27.3 - https:\/\/yoast.com\/product\/yoast-seo-wordpress\/ -->\n<title>Caravana Gema Verde - ROSE MVD<\/title>\n<meta name=\"description\" content=\"Elegantes caravanas en Plata 925, Dise\u00f1o sofisticado tiene la forma de una flor, con una piedra central verde y peque\u00f1as zirconias, toque de brillo sutil\" \/>\n<meta name=\"robots\" content=\"index, follow, max-snippet:-1, max-image-preview:large, max-video-preview:-1\" \/>\n<link rel=\"canonical\" href=\"https:\/\/rosemvd.com\/index.php\/producto\/caravana-gema-verde\/\" \/>\n<meta property=\"og:locale\" content=\"es_ES\" \/>\n<meta property=\"og:type\" content=\"article\" \/>\n<meta property=\"og:title\" content=\"Caravana Gema Verde - ROSE MVD\" \/>\n<meta property=\"og:description\" content=\"Elegantes caravanas en Plata 925, Dise\u00f1o sofisticado tiene la forma de una flor, con una piedra central verde y peque\u00f1as zirconias, toque de brillo sutil\" \/>\n<meta property=\"og:url\" content=\"https:\/\/rosemvd.com\/index.php\/producto\/caravana-gema-verde\/\" \/>\n<meta property=\"og:site_name\" content=\"ROSE MVD\" \/>\n<meta property=\"article:publisher\" content=\"https:\/\/www.facebook.com\/TiendaRoseMvd\" \/>\n<meta property=\"article:modified_time\" content=\"2026-04-20T13:41:52+00:00\" \/>\n<meta property=\"og:image\" content=\"https:\/\/rosemvd.com\/wp-content\/uploads\/2025\/03\/f307bbb8-8311-4c3f-8732-0b0f06154444.jpg\" \/>\n\t<meta property=\"og:image:width\" content=\"1000\" \/>\n\t<meta property=\"og:image:height\" content=\"1000\" \/>\n\t<meta property=\"og:image:type\" content=\"image\/jpeg\" \/>\n<meta name=\"twitter:card\" content=\"summary_large_image\" \/>\n<meta name=\"twitter:label1\" content=\"Tiempo de lectura\" \/>\n\t<meta name=\"twitter:data1\" content=\"1 minuto\" \/>\n<script type=\"application\/ld+json\" class=\"yoast-schema-graph\">{\"@context\":\"https:\\\/\\\/schema.org\",\"@graph\":[{\"@type\":\"WebPage\",\"@id\":\"https:\\\/\\\/rosemvd.com\\\/index.php\\\/producto\\\/caravana-gema-verde\\\/\",\"url\":\"https:\\\/\\\/rosemvd.com\\\/index.php\\\/producto\\\/caravana-gema-verde\\\/\",\"name\":\"Caravana Gema Verde - ROSE MVD\",\"isPartOf\":{\"@id\":\"https:\\\/\\\/rosemvd.com\\\/#website\"},\"primaryImageOfPage\":{\"@id\":\"https:\\\/\\\/rosemvd.com\\\/index.php\\\/producto\\\/caravana-gema-verde\\\/#primaryimage\"},\"image\":{\"@id\":\"https:\\\/\\\/rosemvd.com\\\/index.php\\\/producto\\\/caravana-gema-verde\\\/#primaryimage\"},\"thumbnailUrl\":\"https:\\\/\\\/rosemvd.com\\\/wp-content\\\/uploads\\\/2025\\\/03\\\/f307bbb8-8311-4c3f-8732-0b0f06154444.jpg\",\"datePublished\":\"2025-03-11T19:35:14+00:00\",\"dateModified\":\"2026-04-20T13:41:52+00:00\",\"description\":\"Elegantes caravanas en Plata 925, Dise\u00f1o sofisticado tiene la forma de una flor, con una piedra central verde y peque\u00f1as zirconias, toque de brillo sutil\",\"breadcrumb\":{\"@id\":\"https:\\\/\\\/rosemvd.com\\\/index.php\\\/producto\\\/caravana-gema-verde\\\/#breadcrumb\"},\"inLanguage\":\"es\",\"potentialAction\":[{\"@type\":\"ReadAction\",\"target\":[\"https:\\\/\\\/rosemvd.com\\\/index.php\\\/producto\\\/caravana-gema-verde\\\/\"]}]},{\"@type\":\"ImageObject\",\"inLanguage\":\"es\",\"@id\":\"https:\\\/\\\/rosemvd.com\\\/index.php\\\/producto\\\/caravana-gema-verde\\\/#primaryimage\",\"url\":\"https:\\\/\\\/rosemvd.com\\\/wp-content\\\/uploads\\\/2025\\\/03\\\/f307bbb8-8311-4c3f-8732-0b0f06154444.jpg\",\"contentUrl\":\"https:\\\/\\\/rosemvd.com\\\/wp-content\\\/uploads\\\/2025\\\/03\\\/f307bbb8-8311-4c3f-8732-0b0f06154444.jpg\",\"width\":1000,\"height\":1000},{\"@type\":\"BreadcrumbList\",\"@id\":\"https:\\\/\\\/rosemvd.com\\\/index.php\\\/producto\\\/caravana-gema-verde\\\/#breadcrumb\",\"itemListElement\":[{\"@type\":\"ListItem\",\"position\":1,\"name\":\"Portada\",\"item\":\"https:\\\/\\\/rosemvd.com\\\/\"},{\"@type\":\"ListItem\",\"position\":2,\"name\":\"Tienda\",\"item\":\"https:\\\/\\\/rosemvd.com\\\/index.php\\\/tienda\\\/\"},{\"@type\":\"ListItem\",\"position\":3,\"name\":\"Caravana Gema Verde\"}]},{\"@type\":\"WebSite\",\"@id\":\"https:\\\/\\\/rosemvd.com\\\/#website\",\"url\":\"https:\\\/\\\/rosemvd.com\\\/\",\"name\":\"ROSE MVD\",\"description\":\"Todo lo que no sab\u00edas que necesitabas, lo \u00faltimo en tendencia, utilidad e innovaci\u00f3n\",\"publisher\":{\"@id\":\"https:\\\/\\\/rosemvd.com\\\/#organization\"},\"potentialAction\":[{\"@type\":\"SearchAction\",\"target\":{\"@type\":\"EntryPoint\",\"urlTemplate\":\"https:\\\/\\\/rosemvd.com\\\/?s={search_term_string}\"},\"query-input\":{\"@type\":\"PropertyValueSpecification\",\"valueRequired\":true,\"valueName\":\"search_term_string\"}}],\"inLanguage\":\"es\"},{\"@type\":\"Organization\",\"@id\":\"https:\\\/\\\/rosemvd.com\\\/#organization\",\"name\":\"ROSE MVD\",\"alternateName\":\"ROSE MVD\",\"url\":\"https:\\\/\\\/rosemvd.com\\\/\",\"logo\":{\"@type\":\"ImageObject\",\"inLanguage\":\"es\",\"@id\":\"https:\\\/\\\/rosemvd.com\\\/#\\\/schema\\\/logo\\\/image\\\/\",\"url\":\"https:\\\/\\\/rosemvd.com\\\/wp-content\\\/uploads\\\/2023\\\/03\\\/Sin-titulo-2_Mesa-de-trabajo-1.png\",\"contentUrl\":\"https:\\\/\\\/rosemvd.com\\\/wp-content\\\/uploads\\\/2023\\\/03\\\/Sin-titulo-2_Mesa-de-trabajo-1.png\",\"width\":2084,\"height\":2084,\"caption\":\"ROSE MVD\"},\"image\":{\"@id\":\"https:\\\/\\\/rosemvd.com\\\/#\\\/schema\\\/logo\\\/image\\\/\"},\"sameAs\":[\"https:\\\/\\\/www.facebook.com\\\/TiendaRoseMvd\",\"https:\\\/\\\/www.instagram.com\\\/rose.mvd\"]}]}<\/script>\n<!-- \/ Yoast SEO plugin. -->","yoast_head_json":{"title":"Caravana Gema Verde - ROSE MVD","description":"Elegantes caravanas en Plata 925, Dise\u00f1o sofisticado tiene la forma de una flor, con una piedra central verde y peque\u00f1as zirconias, toque de brillo sutil","robots":{"index":"index","follow":"follow","max-snippet":"max-snippet:-1","max-image-preview":"max-image-preview:large","max-video-preview":"max-video-preview:-1"},"canonical":"https:\/\/rosemvd.com\/index.php\/producto\/caravana-gema-verde\/","og_locale":"es_ES","og_type":"article","og_title":"Caravana Gema Verde - ROSE MVD","og_description":"Elegantes caravanas en Plata 925, Dise\u00f1o sofisticado tiene la forma de una flor, con una piedra central verde y peque\u00f1as zirconias, toque de brillo sutil","og_url":"https:\/\/rosemvd.com\/index.php\/producto\/caravana-gema-verde\/","og_site_name":"ROSE MVD","article_publisher":"https:\/\/www.facebook.com\/TiendaRoseMvd","article_modified_time":"2026-04-20T13:41:52+00:00","og_image":[{"width":1000,"height":1000,"url":"https:\/\/rosemvd.com\/wp-content\/uploads\/2025\/03\/f307bbb8-8311-4c3f-8732-0b0f06154444.jpg","type":"image\/jpeg"}],"twitter_card":"summary_large_image","twitter_misc":{"Tiempo de lectura":"1 minuto"},"schema":{"@context":"https:\/\/schema.org","@graph":[{"@type":"WebPage","@id":"https:\/\/rosemvd.com\/index.php\/producto\/caravana-gema-verde\/","url":"https:\/\/rosemvd.com\/index.php\/producto\/caravana-gema-verde\/","name":"Caravana Gema Verde - ROSE MVD","isPartOf":{"@id":"https:\/\/rosemvd.com\/#website"},"primaryImageOfPage":{"@id":"https:\/\/rosemvd.com\/index.php\/producto\/caravana-gema-verde\/#primaryimage"},"image":{"@id":"https:\/\/rosemvd.com\/index.php\/producto\/caravana-gema-verde\/#primaryimage"},"thumbnailUrl":"https:\/\/rosemvd.com\/wp-content\/uploads\/2025\/03\/f307bbb8-8311-4c3f-8732-0b0f06154444.jpg","datePublished":"2025-03-11T19:35:14+00:00","dateModified":"2026-04-20T13:41:52+00:00","description":"Elegantes caravanas en Plata 925, Dise\u00f1o sofisticado tiene la forma de una flor, con una piedra central verde y peque\u00f1as zirconias, toque de brillo sutil","breadcrumb":{"@id":"https:\/\/rosemvd.com\/index.php\/producto\/caravana-gema-verde\/#breadcrumb"},"inLanguage":"es","potentialAction":[{"@type":"ReadAction","target":["https:\/\/rosemvd.com\/index.php\/producto\/caravana-gema-verde\/"]}]},{"@type":"ImageObject","inLanguage":"es","@id":"https:\/\/rosemvd.com\/index.php\/producto\/caravana-gema-verde\/#primaryimage","url":"https:\/\/rosemvd.com\/wp-content\/uploads\/2025\/03\/f307bbb8-8311-4c3f-8732-0b0f06154444.jpg","contentUrl":"https:\/\/rosemvd.com\/wp-content\/uploads\/2025\/03\/f307bbb8-8311-4c3f-8732-0b0f06154444.jpg","width":1000,"height":1000},{"@type":"BreadcrumbList","@id":"https:\/\/rosemvd.com\/index.php\/producto\/caravana-gema-verde\/#breadcrumb","itemListElement":[{"@type":"ListItem","position":1,"name":"Portada","item":"https:\/\/rosemvd.com\/"},{"@type":"ListItem","position":2,"name":"Tienda","item":"https:\/\/rosemvd.com\/index.php\/tienda\/"},{"@type":"ListItem","position":3,"name":"Caravana Gema Verde"}]},{"@type":"WebSite","@id":"https:\/\/rosemvd.com\/#website","url":"https:\/\/rosemvd.com\/","name":"ROSE MVD","description":"Todo lo que no sab\u00edas que necesitabas, lo \u00faltimo en tendencia, utilidad e innovaci\u00f3n","publisher":{"@id":"https:\/\/rosemvd.com\/#organization"},"potentialAction":[{"@type":"SearchAction","target":{"@type":"EntryPoint","urlTemplate":"https:\/\/rosemvd.com\/?s={search_term_string}"},"query-input":{"@type":"PropertyValueSpecification","valueRequired":true,"valueName":"search_term_string"}}],"inLanguage":"es"},{"@type":"Organization","@id":"https:\/\/rosemvd.com\/#organization","name":"ROSE MVD","alternateName":"ROSE MVD","url":"https:\/\/rosemvd.com\/","logo":{"@type":"ImageObject","inLanguage":"es","@id":"https:\/\/rosemvd.com\/#\/schema\/logo\/image\/","url":"https:\/\/rosemvd.com\/wp-content\/uploads\/2023\/03\/Sin-titulo-2_Mesa-de-trabajo-1.png","contentUrl":"https:\/\/rosemvd.com\/wp-content\/uploads\/2023\/03\/Sin-titulo-2_Mesa-de-trabajo-1.png","width":2084,"height":2084,"caption":"ROSE MVD"},"image":{"@id":"https:\/\/rosemvd.com\/#\/schema\/logo\/image\/"},"sameAs":["https:\/\/www.facebook.com\/TiendaRoseMvd","https:\/\/www.instagram.com\/rose.mvd"]}]}},"_links":{"self":[{"href":"https:\/\/rosemvd.com\/index.php\/wp-json\/wp\/v2\/product\/12201","targetHints":{"allow":["GET"]}}],"collection":[{"href":"https:\/\/rosemvd.com\/index.php\/wp-json\/wp\/v2\/product"}],"about":[{"href":"https:\/\/rosemvd.com\/index.php\/wp-json\/wp\/v2\/types\/product"}],"wp:featuredmedia":[{"embeddable":true,"href":"https:\/\/rosemvd.com\/index.php\/wp-json\/wp\/v2\/media\/12205"}],"wp:attachment":[{"href":"https:\/\/rosemvd.com\/index.php\/wp-json\/wp\/v2\/media?parent=12201"}],"wp:term":[{"taxonomy":"product_brand","embeddable":true,"href":"https:\/\/rosemvd.com\/index.php\/wp-json\/wp\/v2\/product_brand?post=12201"},{"taxonomy":"product_cat","embeddable":true,"href":"https:\/\/rosemvd.com\/index.php\/wp-json\/wp\/v2\/product_cat?post=12201"},{"taxonomy":"product_tag","embeddable":true,"href":"https:\/\/rosemvd.com\/index.php\/wp-json\/wp\/v2\/product_tag?post=12201"}],"curies":[{"name":"wp","href":"https:\/\/api.w.org\/{rel}","templated":true}]}}