{"id":12169,"date":"2025-03-10T16:17:47","date_gmt":"2025-03-10T19:17:47","guid":{"rendered":"https:\/\/rosemvd.com\/?post_type=product&#038;p=12169"},"modified":"2026-04-20T10:41:52","modified_gmt":"2026-04-20T13:41:52","slug":"pendientes-torneado","status":"publish","type":"product","link":"https:\/\/rosemvd.com\/index.php\/producto\/pendientes-torneado\/","title":{"rendered":"Pendientes Torneado"},"content":{"rendered":"<p data-start=\"0\" data-end=\"359\">Estos elegantes <strong data-start=\"16\" data-end=\"48\">aros enchapados en Plata 925<\/strong> cuentan con un dise\u00f1o de cadena, lo que les otorga un toque moderno y sofisticado. Con un di\u00e1metro de 16 mm, son ideales para quienes buscan un accesorio peque\u00f1o pero llamativo. Disponibles en dos colores, <strong data-start=\"255\" data-end=\"267\">plateado<\/strong> y <strong data-start=\"270\" data-end=\"280\">dorado<\/strong>, estos aros ofrecen versatilidad para complementar cualquier estilo o atuendo.<\/p>\n<p data-start=\"361\" data-end=\"381\"><strong data-start=\"361\" data-end=\"380\">Caracter\u00edsticas<\/strong>:<\/p>\n<ul data-start=\"382\" data-end=\"558\">\n<li data-start=\"382\" data-end=\"417\">Material: Enchapado en Plata 925.<\/li>\n<li data-start=\"418\" data-end=\"436\">Di\u00e1metro: 16 mm.<\/li>\n<li data-start=\"437\" data-end=\"478\">Colores disponibles: Plateado y Dorado.<\/li>\n<li data-start=\"479\" data-end=\"506\">Dise\u00f1o moderno de cadena.<\/li>\n<li data-start=\"507\" data-end=\"558\">Perfectos para uso diario o ocasiones especiales.<\/li>\n<\/ul>\n<p data-start=\"560\" data-end=\"702\" data-is-last-node=\"\" data-is-only-node=\"\">Este par de aros es una excelente opci\u00f3n para quienes desean un accesorio que combine elegancia y modernidad, resaltando su look con sutileza.<\/p>\n","protected":false},"excerpt":{"rendered":"<p>Estos elegantes aros enchapados en Plata 925 cuentan con un dise\u00f1o de cadena, lo que les otorga un toque moderno y sofisticado. Con un di\u00e1metro de 16 mm, son ideales para quienes buscan un accesorio peque\u00f1o pero llamativo. Disponibles en dos colores, plateado y dorado, estos aros ofrecen versatilidad para complementar cualquier estilo o atuendo. [&hellip;]<\/p>\n","protected":false},"featured_media":12172,"template":"","meta":{"site-sidebar-layout":"default","site-content-layout":"","ast-site-content-layout":"default","site-content-style":"default","site-sidebar-style":"default","ast-global-header-display":"","ast-banner-title-visibility":"","ast-main-header-display":"","ast-hfb-above-header-display":"","ast-hfb-below-header-display":"","ast-hfb-mobile-header-display":"","site-post-title":"","ast-breadcrumbs-content":"","ast-featured-img":"","footer-sml-layout":"","ast-disable-related-posts":"","theme-transparent-header-meta":"default","adv-header-id-meta":"","stick-header-meta":"","header-above-stick-meta":"","header-main-stick-meta":"","header-below-stick-meta":"","astra-migrate-meta-layouts":"set","ast-page-background-enabled":"default","ast-page-background-meta":{"desktop":{"background-color":"var(--ast-global-color-4)","background-image":"","background-repeat":"repeat","background-position":"center center","background-size":"auto","background-attachment":"scroll","background-type":"","background-media":"","overlay-type":"","overlay-color":"","overlay-opacity":"","overlay-gradient":""},"tablet":{"background-color":"","background-image":"","background-repeat":"repeat","background-position":"center center","background-size":"auto","background-attachment":"scroll","background-type":"","background-media":"","overlay-type":"","overlay-color":"","overlay-opacity":"","overlay-gradient":""},"mobile":{"background-color":"","background-image":"","background-repeat":"repeat","background-position":"center center","background-size":"auto","background-attachment":"scroll","background-type":"","background-media":"","overlay-type":"","overlay-color":"","overlay-opacity":"","overlay-gradient":""}},"ast-content-background-meta":{"desktop":{"background-color":"var(--ast-global-color-5)","background-image":"","background-repeat":"repeat","background-position":"center center","background-size":"auto","background-attachment":"scroll","background-type":"","background-media":"","overlay-type":"","overlay-color":"","overlay-opacity":"","overlay-gradient":""},"tablet":{"background-color":"var(--ast-global-color-5)","background-image":"","background-repeat":"repeat","background-position":"center center","background-size":"auto","background-attachment":"scroll","background-type":"","background-media":"","overlay-type":"","overlay-color":"","overlay-opacity":"","overlay-gradient":""},"mobile":{"background-color":"var(--ast-global-color-5)","background-image":"","background-repeat":"repeat","background-position":"center center","background-size":"auto","background-attachment":"scroll","background-type":"","background-media":"","overlay-type":"","overlay-color":"","overlay-opacity":"","overlay-gradient":""}}},"product_brand":[],"product_cat":[180,445,182],"product_tag":[],"class_list":{"0":"post-12169","1":"product","2":"type-product","3":"status-publish","4":"has-post-thumbnail","6":"product_cat-caravanas","7":"product_cat-joyeria","8":"product_cat-pendientes-ench-plata-925","9":"desktop-align-left","10":"tablet-align-left","11":"mobile-align-left","13":"first","14":"instock","15":"shipping-taxable","16":"purchasable","17":"product-type-variable"},"yoast_head":"<!-- This site is optimized with the Yoast SEO plugin v27.3 - https:\/\/yoast.com\/product\/yoast-seo-wordpress\/ -->\n<title>Pendientes Torneado - ROSE MVD<\/title>\n<meta name=\"description\" content=\"Estos elegantes aros enchapados en Plata 925 cuentan con un dise\u00f1o de cadena, lo que les otorga un toque moderno y sofisticado. Con un di\u00e1metro de 16 mm\" \/>\n<meta name=\"robots\" content=\"index, follow, max-snippet:-1, max-image-preview:large, max-video-preview:-1\" \/>\n<link rel=\"canonical\" href=\"https:\/\/rosemvd.com\/index.php\/producto\/pendientes-torneado\/\" \/>\n<meta property=\"og:locale\" content=\"es_ES\" \/>\n<meta property=\"og:type\" content=\"article\" \/>\n<meta property=\"og:title\" content=\"Pendientes Torneado - ROSE MVD\" \/>\n<meta property=\"og:description\" content=\"Estos elegantes aros enchapados en Plata 925 cuentan con un dise\u00f1o de cadena, lo que les otorga un toque moderno y sofisticado. Con un di\u00e1metro de 16 mm\" \/>\n<meta property=\"og:url\" content=\"https:\/\/rosemvd.com\/index.php\/producto\/pendientes-torneado\/\" \/>\n<meta property=\"og:site_name\" content=\"ROSE MVD\" \/>\n<meta property=\"article:publisher\" content=\"https:\/\/www.facebook.com\/TiendaRoseMvd\" \/>\n<meta property=\"article:modified_time\" content=\"2026-04-20T13:41:52+00:00\" \/>\n<meta property=\"og:image\" content=\"https:\/\/rosemvd.com\/wp-content\/uploads\/2025\/03\/33e26684-cca5-4ce2-99c7-b476471c10a8.jpg\" \/>\n\t<meta property=\"og:image:width\" content=\"800\" \/>\n\t<meta property=\"og:image:height\" content=\"800\" \/>\n\t<meta property=\"og:image:type\" content=\"image\/jpeg\" \/>\n<meta name=\"twitter:card\" content=\"summary_large_image\" \/>\n<meta name=\"twitter:label1\" content=\"Tiempo de lectura\" \/>\n\t<meta name=\"twitter:data1\" content=\"1 minuto\" \/>\n<script type=\"application\/ld+json\" class=\"yoast-schema-graph\">{\"@context\":\"https:\\\/\\\/schema.org\",\"@graph\":[{\"@type\":\"WebPage\",\"@id\":\"https:\\\/\\\/rosemvd.com\\\/index.php\\\/producto\\\/pendientes-torneado\\\/\",\"url\":\"https:\\\/\\\/rosemvd.com\\\/index.php\\\/producto\\\/pendientes-torneado\\\/\",\"name\":\"Pendientes Torneado - ROSE MVD\",\"isPartOf\":{\"@id\":\"https:\\\/\\\/rosemvd.com\\\/#website\"},\"primaryImageOfPage\":{\"@id\":\"https:\\\/\\\/rosemvd.com\\\/index.php\\\/producto\\\/pendientes-torneado\\\/#primaryimage\"},\"image\":{\"@id\":\"https:\\\/\\\/rosemvd.com\\\/index.php\\\/producto\\\/pendientes-torneado\\\/#primaryimage\"},\"thumbnailUrl\":\"https:\\\/\\\/rosemvd.com\\\/wp-content\\\/uploads\\\/2025\\\/03\\\/33e26684-cca5-4ce2-99c7-b476471c10a8.jpg\",\"datePublished\":\"2025-03-10T19:17:47+00:00\",\"dateModified\":\"2026-04-20T13:41:52+00:00\",\"description\":\"Estos elegantes aros enchapados en Plata 925 cuentan con un dise\u00f1o de cadena, lo que les otorga un toque moderno y sofisticado. Con un di\u00e1metro de 16 mm\",\"breadcrumb\":{\"@id\":\"https:\\\/\\\/rosemvd.com\\\/index.php\\\/producto\\\/pendientes-torneado\\\/#breadcrumb\"},\"inLanguage\":\"es\",\"potentialAction\":[{\"@type\":\"ReadAction\",\"target\":[\"https:\\\/\\\/rosemvd.com\\\/index.php\\\/producto\\\/pendientes-torneado\\\/\"]}]},{\"@type\":\"ImageObject\",\"inLanguage\":\"es\",\"@id\":\"https:\\\/\\\/rosemvd.com\\\/index.php\\\/producto\\\/pendientes-torneado\\\/#primaryimage\",\"url\":\"https:\\\/\\\/rosemvd.com\\\/wp-content\\\/uploads\\\/2025\\\/03\\\/33e26684-cca5-4ce2-99c7-b476471c10a8.jpg\",\"contentUrl\":\"https:\\\/\\\/rosemvd.com\\\/wp-content\\\/uploads\\\/2025\\\/03\\\/33e26684-cca5-4ce2-99c7-b476471c10a8.jpg\",\"width\":800,\"height\":800},{\"@type\":\"BreadcrumbList\",\"@id\":\"https:\\\/\\\/rosemvd.com\\\/index.php\\\/producto\\\/pendientes-torneado\\\/#breadcrumb\",\"itemListElement\":[{\"@type\":\"ListItem\",\"position\":1,\"name\":\"Portada\",\"item\":\"https:\\\/\\\/rosemvd.com\\\/\"},{\"@type\":\"ListItem\",\"position\":2,\"name\":\"Tienda\",\"item\":\"https:\\\/\\\/rosemvd.com\\\/index.php\\\/tienda\\\/\"},{\"@type\":\"ListItem\",\"position\":3,\"name\":\"Pendientes Torneado\"}]},{\"@type\":\"WebSite\",\"@id\":\"https:\\\/\\\/rosemvd.com\\\/#website\",\"url\":\"https:\\\/\\\/rosemvd.com\\\/\",\"name\":\"ROSE MVD\",\"description\":\"Todo lo que no sab\u00edas que necesitabas, lo \u00faltimo en tendencia, utilidad e innovaci\u00f3n\",\"publisher\":{\"@id\":\"https:\\\/\\\/rosemvd.com\\\/#organization\"},\"potentialAction\":[{\"@type\":\"SearchAction\",\"target\":{\"@type\":\"EntryPoint\",\"urlTemplate\":\"https:\\\/\\\/rosemvd.com\\\/?s={search_term_string}\"},\"query-input\":{\"@type\":\"PropertyValueSpecification\",\"valueRequired\":true,\"valueName\":\"search_term_string\"}}],\"inLanguage\":\"es\"},{\"@type\":\"Organization\",\"@id\":\"https:\\\/\\\/rosemvd.com\\\/#organization\",\"name\":\"ROSE MVD\",\"alternateName\":\"ROSE MVD\",\"url\":\"https:\\\/\\\/rosemvd.com\\\/\",\"logo\":{\"@type\":\"ImageObject\",\"inLanguage\":\"es\",\"@id\":\"https:\\\/\\\/rosemvd.com\\\/#\\\/schema\\\/logo\\\/image\\\/\",\"url\":\"https:\\\/\\\/rosemvd.com\\\/wp-content\\\/uploads\\\/2023\\\/03\\\/Sin-titulo-2_Mesa-de-trabajo-1.png\",\"contentUrl\":\"https:\\\/\\\/rosemvd.com\\\/wp-content\\\/uploads\\\/2023\\\/03\\\/Sin-titulo-2_Mesa-de-trabajo-1.png\",\"width\":2084,\"height\":2084,\"caption\":\"ROSE MVD\"},\"image\":{\"@id\":\"https:\\\/\\\/rosemvd.com\\\/#\\\/schema\\\/logo\\\/image\\\/\"},\"sameAs\":[\"https:\\\/\\\/www.facebook.com\\\/TiendaRoseMvd\",\"https:\\\/\\\/www.instagram.com\\\/rose.mvd\"]}]}<\/script>\n<!-- \/ Yoast SEO plugin. -->","yoast_head_json":{"title":"Pendientes Torneado - ROSE MVD","description":"Estos elegantes aros enchapados en Plata 925 cuentan con un dise\u00f1o de cadena, lo que les otorga un toque moderno y sofisticado. Con un di\u00e1metro de 16 mm","robots":{"index":"index","follow":"follow","max-snippet":"max-snippet:-1","max-image-preview":"max-image-preview:large","max-video-preview":"max-video-preview:-1"},"canonical":"https:\/\/rosemvd.com\/index.php\/producto\/pendientes-torneado\/","og_locale":"es_ES","og_type":"article","og_title":"Pendientes Torneado - ROSE MVD","og_description":"Estos elegantes aros enchapados en Plata 925 cuentan con un dise\u00f1o de cadena, lo que les otorga un toque moderno y sofisticado. Con un di\u00e1metro de 16 mm","og_url":"https:\/\/rosemvd.com\/index.php\/producto\/pendientes-torneado\/","og_site_name":"ROSE MVD","article_publisher":"https:\/\/www.facebook.com\/TiendaRoseMvd","article_modified_time":"2026-04-20T13:41:52+00:00","og_image":[{"width":800,"height":800,"url":"https:\/\/rosemvd.com\/wp-content\/uploads\/2025\/03\/33e26684-cca5-4ce2-99c7-b476471c10a8.jpg","type":"image\/jpeg"}],"twitter_card":"summary_large_image","twitter_misc":{"Tiempo de lectura":"1 minuto"},"schema":{"@context":"https:\/\/schema.org","@graph":[{"@type":"WebPage","@id":"https:\/\/rosemvd.com\/index.php\/producto\/pendientes-torneado\/","url":"https:\/\/rosemvd.com\/index.php\/producto\/pendientes-torneado\/","name":"Pendientes Torneado - ROSE MVD","isPartOf":{"@id":"https:\/\/rosemvd.com\/#website"},"primaryImageOfPage":{"@id":"https:\/\/rosemvd.com\/index.php\/producto\/pendientes-torneado\/#primaryimage"},"image":{"@id":"https:\/\/rosemvd.com\/index.php\/producto\/pendientes-torneado\/#primaryimage"},"thumbnailUrl":"https:\/\/rosemvd.com\/wp-content\/uploads\/2025\/03\/33e26684-cca5-4ce2-99c7-b476471c10a8.jpg","datePublished":"2025-03-10T19:17:47+00:00","dateModified":"2026-04-20T13:41:52+00:00","description":"Estos elegantes aros enchapados en Plata 925 cuentan con un dise\u00f1o de cadena, lo que les otorga un toque moderno y sofisticado. Con un di\u00e1metro de 16 mm","breadcrumb":{"@id":"https:\/\/rosemvd.com\/index.php\/producto\/pendientes-torneado\/#breadcrumb"},"inLanguage":"es","potentialAction":[{"@type":"ReadAction","target":["https:\/\/rosemvd.com\/index.php\/producto\/pendientes-torneado\/"]}]},{"@type":"ImageObject","inLanguage":"es","@id":"https:\/\/rosemvd.com\/index.php\/producto\/pendientes-torneado\/#primaryimage","url":"https:\/\/rosemvd.com\/wp-content\/uploads\/2025\/03\/33e26684-cca5-4ce2-99c7-b476471c10a8.jpg","contentUrl":"https:\/\/rosemvd.com\/wp-content\/uploads\/2025\/03\/33e26684-cca5-4ce2-99c7-b476471c10a8.jpg","width":800,"height":800},{"@type":"BreadcrumbList","@id":"https:\/\/rosemvd.com\/index.php\/producto\/pendientes-torneado\/#breadcrumb","itemListElement":[{"@type":"ListItem","position":1,"name":"Portada","item":"https:\/\/rosemvd.com\/"},{"@type":"ListItem","position":2,"name":"Tienda","item":"https:\/\/rosemvd.com\/index.php\/tienda\/"},{"@type":"ListItem","position":3,"name":"Pendientes Torneado"}]},{"@type":"WebSite","@id":"https:\/\/rosemvd.com\/#website","url":"https:\/\/rosemvd.com\/","name":"ROSE MVD","description":"Todo lo que no sab\u00edas que necesitabas, lo \u00faltimo en tendencia, utilidad e innovaci\u00f3n","publisher":{"@id":"https:\/\/rosemvd.com\/#organization"},"potentialAction":[{"@type":"SearchAction","target":{"@type":"EntryPoint","urlTemplate":"https:\/\/rosemvd.com\/?s={search_term_string}"},"query-input":{"@type":"PropertyValueSpecification","valueRequired":true,"valueName":"search_term_string"}}],"inLanguage":"es"},{"@type":"Organization","@id":"https:\/\/rosemvd.com\/#organization","name":"ROSE MVD","alternateName":"ROSE MVD","url":"https:\/\/rosemvd.com\/","logo":{"@type":"ImageObject","inLanguage":"es","@id":"https:\/\/rosemvd.com\/#\/schema\/logo\/image\/","url":"https:\/\/rosemvd.com\/wp-content\/uploads\/2023\/03\/Sin-titulo-2_Mesa-de-trabajo-1.png","contentUrl":"https:\/\/rosemvd.com\/wp-content\/uploads\/2023\/03\/Sin-titulo-2_Mesa-de-trabajo-1.png","width":2084,"height":2084,"caption":"ROSE MVD"},"image":{"@id":"https:\/\/rosemvd.com\/#\/schema\/logo\/image\/"},"sameAs":["https:\/\/www.facebook.com\/TiendaRoseMvd","https:\/\/www.instagram.com\/rose.mvd"]}]}},"_links":{"self":[{"href":"https:\/\/rosemvd.com\/index.php\/wp-json\/wp\/v2\/product\/12169","targetHints":{"allow":["GET"]}}],"collection":[{"href":"https:\/\/rosemvd.com\/index.php\/wp-json\/wp\/v2\/product"}],"about":[{"href":"https:\/\/rosemvd.com\/index.php\/wp-json\/wp\/v2\/types\/product"}],"wp:featuredmedia":[{"embeddable":true,"href":"https:\/\/rosemvd.com\/index.php\/wp-json\/wp\/v2\/media\/12172"}],"wp:attachment":[{"href":"https:\/\/rosemvd.com\/index.php\/wp-json\/wp\/v2\/media?parent=12169"}],"wp:term":[{"taxonomy":"product_brand","embeddable":true,"href":"https:\/\/rosemvd.com\/index.php\/wp-json\/wp\/v2\/product_brand?post=12169"},{"taxonomy":"product_cat","embeddable":true,"href":"https:\/\/rosemvd.com\/index.php\/wp-json\/wp\/v2\/product_cat?post=12169"},{"taxonomy":"product_tag","embeddable":true,"href":"https:\/\/rosemvd.com\/index.php\/wp-json\/wp\/v2\/product_tag?post=12169"}],"curies":[{"name":"wp","href":"https:\/\/api.w.org\/{rel}","templated":true}]}}