{"id":12159,"date":"2025-03-10T15:59:28","date_gmt":"2025-03-10T18:59:28","guid":{"rendered":"https:\/\/rosemvd.com\/?post_type=product&#038;p=12159"},"modified":"2026-04-20T10:41:52","modified_gmt":"2026-04-20T13:41:52","slug":"pendientes-turmalina-negra","status":"publish","type":"product","link":"https:\/\/rosemvd.com\/index.php\/producto\/pendientes-turmalina-negra\/","title":{"rendered":"Pendientes Turmalina Negra"},"content":{"rendered":"<p data-start=\"0\" data-end=\"284\">Estos elegantes <strong data-start=\"16\" data-end=\"54\">pendientes enchapados en Plata 925<\/strong> presentan un dise\u00f1o moderno y sofisticado. Con un aro de aproximadamente <strong data-start=\"128\" data-end=\"149\">10 mm de di\u00e1metro<\/strong>, destacan por un atractivo <strong data-start=\"177\" data-end=\"197\">dije rectangular<\/strong> que alberga una <strong data-start=\"214\" data-end=\"240\">piedra turmalina negra<\/strong>, conocida por su estilo sobrio y elegante.<\/p>\n<p data-start=\"286\" data-end=\"306\"><strong data-start=\"286\" data-end=\"305\">Caracter\u00edsticas<\/strong>:<\/p>\n<ul data-start=\"307\" data-end=\"492\">\n<li data-start=\"307\" data-end=\"346\"><strong data-start=\"309\" data-end=\"321\">Material<\/strong>: Enchapado en Plata 925.<\/li>\n<li data-start=\"347\" data-end=\"393\"><strong data-start=\"349\" data-end=\"369\">Di\u00e1metro del aro<\/strong>: Aproximadamente 10 mm.<\/li>\n<li data-start=\"394\" data-end=\"489\"><strong data-start=\"396\" data-end=\"404\">Dije<\/strong>: Rectangular con una piedra de <strong data-start=\"436\" data-end=\"455\">turmalina negra<\/strong> que a\u00f1ade un toque de distinci\u00f3n.<\/li>\n<\/ul>\n<p data-start=\"493\" data-end=\"744\" data-is-last-node=\"\" data-is-only-node=\"\">Ideales para complementar cualquier look, estos pendientes fusionan un dise\u00f1o contempor\u00e1neo con la sobriedad de la piedra turmalina, haci\u00e9ndolos perfectos tanto para ocasiones formales como para el uso diario, aportando un aire sofisticado y refinado.<\/p>\n","protected":false},"excerpt":{"rendered":"<p>Estos elegantes pendientes enchapados en Plata 925 presentan un dise\u00f1o moderno y sofisticado. Con un aro de aproximadamente 10 mm de di\u00e1metro, destacan por un atractivo dije rectangular que alberga una piedra turmalina negra, conocida por su estilo sobrio y elegante. Caracter\u00edsticas: Material: Enchapado en Plata 925. Di\u00e1metro del aro: Aproximadamente 10 mm. Dije: Rectangular [&hellip;]<\/p>\n","protected":false},"featured_media":12162,"template":"","meta":{"site-sidebar-layout":"default","site-content-layout":"","ast-site-content-layout":"default","site-content-style":"default","site-sidebar-style":"default","ast-global-header-display":"","ast-banner-title-visibility":"","ast-main-header-display":"","ast-hfb-above-header-display":"","ast-hfb-below-header-display":"","ast-hfb-mobile-header-display":"","site-post-title":"","ast-breadcrumbs-content":"","ast-featured-img":"","footer-sml-layout":"","ast-disable-related-posts":"","theme-transparent-header-meta":"default","adv-header-id-meta":"","stick-header-meta":"","header-above-stick-meta":"","header-main-stick-meta":"","header-below-stick-meta":"","astra-migrate-meta-layouts":"set","ast-page-background-enabled":"default","ast-page-background-meta":{"desktop":{"background-color":"var(--ast-global-color-4)","background-image":"","background-repeat":"repeat","background-position":"center center","background-size":"auto","background-attachment":"scroll","background-type":"","background-media":"","overlay-type":"","overlay-color":"","overlay-opacity":"","overlay-gradient":""},"tablet":{"background-color":"","background-image":"","background-repeat":"repeat","background-position":"center center","background-size":"auto","background-attachment":"scroll","background-type":"","background-media":"","overlay-type":"","overlay-color":"","overlay-opacity":"","overlay-gradient":""},"mobile":{"background-color":"","background-image":"","background-repeat":"repeat","background-position":"center center","background-size":"auto","background-attachment":"scroll","background-type":"","background-media":"","overlay-type":"","overlay-color":"","overlay-opacity":"","overlay-gradient":""}},"ast-content-background-meta":{"desktop":{"background-color":"var(--ast-global-color-5)","background-image":"","background-repeat":"repeat","background-position":"center center","background-size":"auto","background-attachment":"scroll","background-type":"","background-media":"","overlay-type":"","overlay-color":"","overlay-opacity":"","overlay-gradient":""},"tablet":{"background-color":"var(--ast-global-color-5)","background-image":"","background-repeat":"repeat","background-position":"center center","background-size":"auto","background-attachment":"scroll","background-type":"","background-media":"","overlay-type":"","overlay-color":"","overlay-opacity":"","overlay-gradient":""},"mobile":{"background-color":"var(--ast-global-color-5)","background-image":"","background-repeat":"repeat","background-position":"center center","background-size":"auto","background-attachment":"scroll","background-type":"","background-media":"","overlay-type":"","overlay-color":"","overlay-opacity":"","overlay-gradient":""}}},"product_brand":[],"product_cat":[180,445,182],"product_tag":[],"class_list":{"0":"post-12159","1":"product","2":"type-product","3":"status-publish","4":"has-post-thumbnail","6":"product_cat-caravanas","7":"product_cat-joyeria","8":"product_cat-pendientes-ench-plata-925","9":"desktop-align-left","10":"tablet-align-left","11":"mobile-align-left","13":"first","14":"instock","15":"shipping-taxable","16":"purchasable","17":"product-type-simple"},"yoast_head":"<!-- This site is optimized with the Yoast SEO plugin v27.3 - https:\/\/yoast.com\/product\/yoast-seo-wordpress\/ -->\n<title>Pendientes Turmalina Negra - ROSE MVD<\/title>\n<meta name=\"description\" content=\"Enchapados en Plata 925 Destacan por un atractivo dije rectangular con una piedra turmalina negra, conocida por su estilo sobrio, sofisticado y elegante.\" \/>\n<meta name=\"robots\" content=\"index, follow, max-snippet:-1, max-image-preview:large, max-video-preview:-1\" \/>\n<link rel=\"canonical\" href=\"https:\/\/rosemvd.com\/index.php\/producto\/pendientes-turmalina-negra\/\" \/>\n<meta property=\"og:locale\" content=\"es_ES\" \/>\n<meta property=\"og:type\" content=\"article\" \/>\n<meta property=\"og:title\" content=\"Pendientes Turmalina Negra - ROSE MVD\" \/>\n<meta property=\"og:description\" content=\"Enchapados en Plata 925 Destacan por un atractivo dije rectangular con una piedra turmalina negra, conocida por su estilo sobrio, sofisticado y elegante.\" \/>\n<meta property=\"og:url\" content=\"https:\/\/rosemvd.com\/index.php\/producto\/pendientes-turmalina-negra\/\" \/>\n<meta property=\"og:site_name\" content=\"ROSE MVD\" \/>\n<meta property=\"article:publisher\" content=\"https:\/\/www.facebook.com\/TiendaRoseMvd\" \/>\n<meta property=\"article:modified_time\" content=\"2026-04-20T13:41:52+00:00\" \/>\n<meta property=\"og:image\" content=\"https:\/\/rosemvd.com\/wp-content\/uploads\/2025\/03\/116d556d-0874-41ce-8338-cea0bbab8c86.jpg\" \/>\n\t<meta property=\"og:image:width\" content=\"750\" \/>\n\t<meta property=\"og:image:height\" content=\"750\" \/>\n\t<meta property=\"og:image:type\" content=\"image\/jpeg\" \/>\n<meta name=\"twitter:card\" content=\"summary_large_image\" \/>\n<meta name=\"twitter:label1\" content=\"Tiempo de lectura\" \/>\n\t<meta name=\"twitter:data1\" content=\"1 minuto\" \/>\n<script type=\"application\/ld+json\" class=\"yoast-schema-graph\">{\"@context\":\"https:\\\/\\\/schema.org\",\"@graph\":[{\"@type\":\"WebPage\",\"@id\":\"https:\\\/\\\/rosemvd.com\\\/index.php\\\/producto\\\/pendientes-turmalina-negra\\\/\",\"url\":\"https:\\\/\\\/rosemvd.com\\\/index.php\\\/producto\\\/pendientes-turmalina-negra\\\/\",\"name\":\"Pendientes Turmalina Negra - ROSE MVD\",\"isPartOf\":{\"@id\":\"https:\\\/\\\/rosemvd.com\\\/#website\"},\"primaryImageOfPage\":{\"@id\":\"https:\\\/\\\/rosemvd.com\\\/index.php\\\/producto\\\/pendientes-turmalina-negra\\\/#primaryimage\"},\"image\":{\"@id\":\"https:\\\/\\\/rosemvd.com\\\/index.php\\\/producto\\\/pendientes-turmalina-negra\\\/#primaryimage\"},\"thumbnailUrl\":\"https:\\\/\\\/rosemvd.com\\\/wp-content\\\/uploads\\\/2025\\\/03\\\/116d556d-0874-41ce-8338-cea0bbab8c86.jpg\",\"datePublished\":\"2025-03-10T18:59:28+00:00\",\"dateModified\":\"2026-04-20T13:41:52+00:00\",\"description\":\"Enchapados en Plata 925 Destacan por un atractivo dije rectangular con una piedra turmalina negra, conocida por su estilo sobrio, sofisticado y elegante.\",\"breadcrumb\":{\"@id\":\"https:\\\/\\\/rosemvd.com\\\/index.php\\\/producto\\\/pendientes-turmalina-negra\\\/#breadcrumb\"},\"inLanguage\":\"es\",\"potentialAction\":[{\"@type\":\"ReadAction\",\"target\":[\"https:\\\/\\\/rosemvd.com\\\/index.php\\\/producto\\\/pendientes-turmalina-negra\\\/\"]}]},{\"@type\":\"ImageObject\",\"inLanguage\":\"es\",\"@id\":\"https:\\\/\\\/rosemvd.com\\\/index.php\\\/producto\\\/pendientes-turmalina-negra\\\/#primaryimage\",\"url\":\"https:\\\/\\\/rosemvd.com\\\/wp-content\\\/uploads\\\/2025\\\/03\\\/116d556d-0874-41ce-8338-cea0bbab8c86.jpg\",\"contentUrl\":\"https:\\\/\\\/rosemvd.com\\\/wp-content\\\/uploads\\\/2025\\\/03\\\/116d556d-0874-41ce-8338-cea0bbab8c86.jpg\",\"width\":750,\"height\":750},{\"@type\":\"BreadcrumbList\",\"@id\":\"https:\\\/\\\/rosemvd.com\\\/index.php\\\/producto\\\/pendientes-turmalina-negra\\\/#breadcrumb\",\"itemListElement\":[{\"@type\":\"ListItem\",\"position\":1,\"name\":\"Portada\",\"item\":\"https:\\\/\\\/rosemvd.com\\\/\"},{\"@type\":\"ListItem\",\"position\":2,\"name\":\"Tienda\",\"item\":\"https:\\\/\\\/rosemvd.com\\\/index.php\\\/tienda\\\/\"},{\"@type\":\"ListItem\",\"position\":3,\"name\":\"Pendientes Turmalina Negra\"}]},{\"@type\":\"WebSite\",\"@id\":\"https:\\\/\\\/rosemvd.com\\\/#website\",\"url\":\"https:\\\/\\\/rosemvd.com\\\/\",\"name\":\"ROSE MVD\",\"description\":\"Todo lo que no sab\u00edas que necesitabas, lo \u00faltimo en tendencia, utilidad e innovaci\u00f3n\",\"publisher\":{\"@id\":\"https:\\\/\\\/rosemvd.com\\\/#organization\"},\"potentialAction\":[{\"@type\":\"SearchAction\",\"target\":{\"@type\":\"EntryPoint\",\"urlTemplate\":\"https:\\\/\\\/rosemvd.com\\\/?s={search_term_string}\"},\"query-input\":{\"@type\":\"PropertyValueSpecification\",\"valueRequired\":true,\"valueName\":\"search_term_string\"}}],\"inLanguage\":\"es\"},{\"@type\":\"Organization\",\"@id\":\"https:\\\/\\\/rosemvd.com\\\/#organization\",\"name\":\"ROSE MVD\",\"alternateName\":\"ROSE MVD\",\"url\":\"https:\\\/\\\/rosemvd.com\\\/\",\"logo\":{\"@type\":\"ImageObject\",\"inLanguage\":\"es\",\"@id\":\"https:\\\/\\\/rosemvd.com\\\/#\\\/schema\\\/logo\\\/image\\\/\",\"url\":\"https:\\\/\\\/rosemvd.com\\\/wp-content\\\/uploads\\\/2023\\\/03\\\/Sin-titulo-2_Mesa-de-trabajo-1.png\",\"contentUrl\":\"https:\\\/\\\/rosemvd.com\\\/wp-content\\\/uploads\\\/2023\\\/03\\\/Sin-titulo-2_Mesa-de-trabajo-1.png\",\"width\":2084,\"height\":2084,\"caption\":\"ROSE MVD\"},\"image\":{\"@id\":\"https:\\\/\\\/rosemvd.com\\\/#\\\/schema\\\/logo\\\/image\\\/\"},\"sameAs\":[\"https:\\\/\\\/www.facebook.com\\\/TiendaRoseMvd\",\"https:\\\/\\\/www.instagram.com\\\/rose.mvd\"]}]}<\/script>\n<!-- \/ Yoast SEO plugin. -->","yoast_head_json":{"title":"Pendientes Turmalina Negra - ROSE MVD","description":"Enchapados en Plata 925 Destacan por un atractivo dije rectangular con una piedra turmalina negra, conocida por su estilo sobrio, sofisticado y elegante.","robots":{"index":"index","follow":"follow","max-snippet":"max-snippet:-1","max-image-preview":"max-image-preview:large","max-video-preview":"max-video-preview:-1"},"canonical":"https:\/\/rosemvd.com\/index.php\/producto\/pendientes-turmalina-negra\/","og_locale":"es_ES","og_type":"article","og_title":"Pendientes Turmalina Negra - ROSE MVD","og_description":"Enchapados en Plata 925 Destacan por un atractivo dije rectangular con una piedra turmalina negra, conocida por su estilo sobrio, sofisticado y elegante.","og_url":"https:\/\/rosemvd.com\/index.php\/producto\/pendientes-turmalina-negra\/","og_site_name":"ROSE MVD","article_publisher":"https:\/\/www.facebook.com\/TiendaRoseMvd","article_modified_time":"2026-04-20T13:41:52+00:00","og_image":[{"width":750,"height":750,"url":"https:\/\/rosemvd.com\/wp-content\/uploads\/2025\/03\/116d556d-0874-41ce-8338-cea0bbab8c86.jpg","type":"image\/jpeg"}],"twitter_card":"summary_large_image","twitter_misc":{"Tiempo de lectura":"1 minuto"},"schema":{"@context":"https:\/\/schema.org","@graph":[{"@type":"WebPage","@id":"https:\/\/rosemvd.com\/index.php\/producto\/pendientes-turmalina-negra\/","url":"https:\/\/rosemvd.com\/index.php\/producto\/pendientes-turmalina-negra\/","name":"Pendientes Turmalina Negra - ROSE MVD","isPartOf":{"@id":"https:\/\/rosemvd.com\/#website"},"primaryImageOfPage":{"@id":"https:\/\/rosemvd.com\/index.php\/producto\/pendientes-turmalina-negra\/#primaryimage"},"image":{"@id":"https:\/\/rosemvd.com\/index.php\/producto\/pendientes-turmalina-negra\/#primaryimage"},"thumbnailUrl":"https:\/\/rosemvd.com\/wp-content\/uploads\/2025\/03\/116d556d-0874-41ce-8338-cea0bbab8c86.jpg","datePublished":"2025-03-10T18:59:28+00:00","dateModified":"2026-04-20T13:41:52+00:00","description":"Enchapados en Plata 925 Destacan por un atractivo dije rectangular con una piedra turmalina negra, conocida por su estilo sobrio, sofisticado y elegante.","breadcrumb":{"@id":"https:\/\/rosemvd.com\/index.php\/producto\/pendientes-turmalina-negra\/#breadcrumb"},"inLanguage":"es","potentialAction":[{"@type":"ReadAction","target":["https:\/\/rosemvd.com\/index.php\/producto\/pendientes-turmalina-negra\/"]}]},{"@type":"ImageObject","inLanguage":"es","@id":"https:\/\/rosemvd.com\/index.php\/producto\/pendientes-turmalina-negra\/#primaryimage","url":"https:\/\/rosemvd.com\/wp-content\/uploads\/2025\/03\/116d556d-0874-41ce-8338-cea0bbab8c86.jpg","contentUrl":"https:\/\/rosemvd.com\/wp-content\/uploads\/2025\/03\/116d556d-0874-41ce-8338-cea0bbab8c86.jpg","width":750,"height":750},{"@type":"BreadcrumbList","@id":"https:\/\/rosemvd.com\/index.php\/producto\/pendientes-turmalina-negra\/#breadcrumb","itemListElement":[{"@type":"ListItem","position":1,"name":"Portada","item":"https:\/\/rosemvd.com\/"},{"@type":"ListItem","position":2,"name":"Tienda","item":"https:\/\/rosemvd.com\/index.php\/tienda\/"},{"@type":"ListItem","position":3,"name":"Pendientes Turmalina Negra"}]},{"@type":"WebSite","@id":"https:\/\/rosemvd.com\/#website","url":"https:\/\/rosemvd.com\/","name":"ROSE MVD","description":"Todo lo que no sab\u00edas que necesitabas, lo \u00faltimo en tendencia, utilidad e innovaci\u00f3n","publisher":{"@id":"https:\/\/rosemvd.com\/#organization"},"potentialAction":[{"@type":"SearchAction","target":{"@type":"EntryPoint","urlTemplate":"https:\/\/rosemvd.com\/?s={search_term_string}"},"query-input":{"@type":"PropertyValueSpecification","valueRequired":true,"valueName":"search_term_string"}}],"inLanguage":"es"},{"@type":"Organization","@id":"https:\/\/rosemvd.com\/#organization","name":"ROSE MVD","alternateName":"ROSE MVD","url":"https:\/\/rosemvd.com\/","logo":{"@type":"ImageObject","inLanguage":"es","@id":"https:\/\/rosemvd.com\/#\/schema\/logo\/image\/","url":"https:\/\/rosemvd.com\/wp-content\/uploads\/2023\/03\/Sin-titulo-2_Mesa-de-trabajo-1.png","contentUrl":"https:\/\/rosemvd.com\/wp-content\/uploads\/2023\/03\/Sin-titulo-2_Mesa-de-trabajo-1.png","width":2084,"height":2084,"caption":"ROSE MVD"},"image":{"@id":"https:\/\/rosemvd.com\/#\/schema\/logo\/image\/"},"sameAs":["https:\/\/www.facebook.com\/TiendaRoseMvd","https:\/\/www.instagram.com\/rose.mvd"]}]}},"_links":{"self":[{"href":"https:\/\/rosemvd.com\/index.php\/wp-json\/wp\/v2\/product\/12159","targetHints":{"allow":["GET"]}}],"collection":[{"href":"https:\/\/rosemvd.com\/index.php\/wp-json\/wp\/v2\/product"}],"about":[{"href":"https:\/\/rosemvd.com\/index.php\/wp-json\/wp\/v2\/types\/product"}],"wp:featuredmedia":[{"embeddable":true,"href":"https:\/\/rosemvd.com\/index.php\/wp-json\/wp\/v2\/media\/12162"}],"wp:attachment":[{"href":"https:\/\/rosemvd.com\/index.php\/wp-json\/wp\/v2\/media?parent=12159"}],"wp:term":[{"taxonomy":"product_brand","embeddable":true,"href":"https:\/\/rosemvd.com\/index.php\/wp-json\/wp\/v2\/product_brand?post=12159"},{"taxonomy":"product_cat","embeddable":true,"href":"https:\/\/rosemvd.com\/index.php\/wp-json\/wp\/v2\/product_cat?post=12159"},{"taxonomy":"product_tag","embeddable":true,"href":"https:\/\/rosemvd.com\/index.php\/wp-json\/wp\/v2\/product_tag?post=12159"}],"curies":[{"name":"wp","href":"https:\/\/api.w.org\/{rel}","templated":true}]}}