{"id":12152,"date":"2025-03-10T15:50:58","date_gmt":"2025-03-10T18:50:58","guid":{"rendered":"https:\/\/rosemvd.com\/?post_type=product&#038;p=12152"},"modified":"2026-04-20T10:41:52","modified_gmt":"2026-04-20T13:41:52","slug":"pendientes-mini-flor","status":"publish","type":"product","link":"https:\/\/rosemvd.com\/index.php\/producto\/pendientes-mini-flor\/","title":{"rendered":"Pendientes Mini Flor"},"content":{"rendered":"<p data-start=\"0\" data-end=\"419\">Estos elegantes <strong data-start=\"16\" data-end=\"54\">pendientes enchapados en Plata 925<\/strong> destacan por su dise\u00f1o delicado y sofisticado. Con un di\u00e1metro de 10 mm, cuentan con un encantador dije en forma de flor compuesto por <strong data-start=\"190\" data-end=\"219\">cuatro peque\u00f1as zirconias<\/strong> que aportan un brillo sutil y elegante. Disponibles en <strong data-start=\"275\" data-end=\"293\">color plateado<\/strong> y <strong data-start=\"296\" data-end=\"306\">dorado<\/strong>, estos pendientes son vers\u00e1tiles y perfectos para cualquier ocasi\u00f3n, desde eventos formales hasta el uso diario.<\/p>\n<p data-start=\"421\" data-end=\"441\"><strong data-start=\"421\" data-end=\"440\">Caracter\u00edsticas<\/strong>:<\/p>\n<ul data-start=\"442\" data-end=\"610\">\n<li data-start=\"442\" data-end=\"481\"><strong data-start=\"444\" data-end=\"456\">Material<\/strong>: Enchapado en Plata 925.<\/li>\n<li data-start=\"482\" data-end=\"504\"><strong data-start=\"484\" data-end=\"496\">Di\u00e1metro<\/strong>: 10 mm.<\/li>\n<li data-start=\"505\" data-end=\"573\"><strong data-start=\"507\" data-end=\"515\">Dije<\/strong>: Flor formada por cuatro zirconias que realzan su dise\u00f1o.<\/li>\n<li data-start=\"574\" data-end=\"607\"><strong data-start=\"576\" data-end=\"587\">Colores<\/strong>: Plateado y dorado.<\/li>\n<\/ul>\n<p data-start=\"611\" data-end=\"767\" data-is-last-node=\"\" data-is-only-node=\"\">Su estilo delicado y su versatilidad los convierten en una opci\u00f3n perfecta para complementar cualquier look, a\u00f1adiendo un toque de elegancia y brillo sutil.<\/p>\n","protected":false},"excerpt":{"rendered":"<p>Estos elegantes pendientes enchapados en Plata 925 destacan por su dise\u00f1o delicado y sofisticado. Con un di\u00e1metro de 10 mm, cuentan con un encantador dije en forma de flor compuesto por cuatro peque\u00f1as zirconias que aportan un brillo sutil y elegante. Disponibles en color plateado y dorado, estos pendientes son vers\u00e1tiles y perfectos para cualquier [&hellip;]<\/p>\n","protected":false},"featured_media":12155,"template":"","meta":{"site-sidebar-layout":"default","site-content-layout":"","ast-site-content-layout":"default","site-content-style":"default","site-sidebar-style":"default","ast-global-header-display":"","ast-banner-title-visibility":"","ast-main-header-display":"","ast-hfb-above-header-display":"","ast-hfb-below-header-display":"","ast-hfb-mobile-header-display":"","site-post-title":"","ast-breadcrumbs-content":"","ast-featured-img":"","footer-sml-layout":"","ast-disable-related-posts":"","theme-transparent-header-meta":"default","adv-header-id-meta":"","stick-header-meta":"","header-above-stick-meta":"","header-main-stick-meta":"","header-below-stick-meta":"","astra-migrate-meta-layouts":"set","ast-page-background-enabled":"default","ast-page-background-meta":{"desktop":{"background-color":"var(--ast-global-color-4)","background-image":"","background-repeat":"repeat","background-position":"center center","background-size":"auto","background-attachment":"scroll","background-type":"","background-media":"","overlay-type":"","overlay-color":"","overlay-opacity":"","overlay-gradient":""},"tablet":{"background-color":"","background-image":"","background-repeat":"repeat","background-position":"center center","background-size":"auto","background-attachment":"scroll","background-type":"","background-media":"","overlay-type":"","overlay-color":"","overlay-opacity":"","overlay-gradient":""},"mobile":{"background-color":"","background-image":"","background-repeat":"repeat","background-position":"center center","background-size":"auto","background-attachment":"scroll","background-type":"","background-media":"","overlay-type":"","overlay-color":"","overlay-opacity":"","overlay-gradient":""}},"ast-content-background-meta":{"desktop":{"background-color":"var(--ast-global-color-5)","background-image":"","background-repeat":"repeat","background-position":"center center","background-size":"auto","background-attachment":"scroll","background-type":"","background-media":"","overlay-type":"","overlay-color":"","overlay-opacity":"","overlay-gradient":""},"tablet":{"background-color":"var(--ast-global-color-5)","background-image":"","background-repeat":"repeat","background-position":"center center","background-size":"auto","background-attachment":"scroll","background-type":"","background-media":"","overlay-type":"","overlay-color":"","overlay-opacity":"","overlay-gradient":""},"mobile":{"background-color":"var(--ast-global-color-5)","background-image":"","background-repeat":"repeat","background-position":"center center","background-size":"auto","background-attachment":"scroll","background-type":"","background-media":"","overlay-type":"","overlay-color":"","overlay-opacity":"","overlay-gradient":""}}},"product_brand":[],"product_cat":[180,445,182],"product_tag":[],"class_list":{"0":"post-12152","1":"product","2":"type-product","3":"status-publish","4":"has-post-thumbnail","6":"product_cat-caravanas","7":"product_cat-joyeria","8":"product_cat-pendientes-ench-plata-925","9":"desktop-align-left","10":"tablet-align-left","11":"mobile-align-left","13":"first","14":"instock","15":"shipping-taxable","16":"purchasable","17":"product-type-variable"},"yoast_head":"<!-- This site is optimized with the Yoast SEO plugin v27.3 - https:\/\/yoast.com\/product\/yoast-seo-wordpress\/ -->\n<title>Pendientes Mini Flor - ROSE MVD<\/title>\n<meta name=\"description\" content=\"Enchapados en Plata 925 dise\u00f1o delicado y sofisticado. Dije en forma de flor compuesto por cuatro peque\u00f1as zirconias Disponibles en color plateado y dorado\" \/>\n<meta name=\"robots\" content=\"index, follow, max-snippet:-1, max-image-preview:large, max-video-preview:-1\" \/>\n<link rel=\"canonical\" href=\"https:\/\/rosemvd.com\/index.php\/producto\/pendientes-mini-flor\/\" \/>\n<meta property=\"og:locale\" content=\"es_ES\" \/>\n<meta property=\"og:type\" content=\"article\" \/>\n<meta property=\"og:title\" content=\"Pendientes Mini Flor - ROSE MVD\" \/>\n<meta property=\"og:description\" content=\"Enchapados en Plata 925 dise\u00f1o delicado y sofisticado. Dije en forma de flor compuesto por cuatro peque\u00f1as zirconias Disponibles en color plateado y dorado\" \/>\n<meta property=\"og:url\" content=\"https:\/\/rosemvd.com\/index.php\/producto\/pendientes-mini-flor\/\" \/>\n<meta property=\"og:site_name\" content=\"ROSE MVD\" \/>\n<meta property=\"article:publisher\" content=\"https:\/\/www.facebook.com\/TiendaRoseMvd\" \/>\n<meta property=\"article:modified_time\" content=\"2026-04-20T13:41:52+00:00\" \/>\n<meta property=\"og:image\" content=\"https:\/\/rosemvd.com\/wp-content\/uploads\/2025\/03\/64d586a7-88d0-42a1-aacf-971f740746f4-e1741632962473.jpg\" \/>\n\t<meta property=\"og:image:width\" content=\"712\" \/>\n\t<meta property=\"og:image:height\" content=\"681\" \/>\n\t<meta property=\"og:image:type\" content=\"image\/jpeg\" \/>\n<meta name=\"twitter:card\" content=\"summary_large_image\" \/>\n<meta name=\"twitter:label1\" content=\"Tiempo de lectura\" \/>\n\t<meta name=\"twitter:data1\" content=\"1 minuto\" \/>\n<script type=\"application\/ld+json\" class=\"yoast-schema-graph\">{\"@context\":\"https:\\\/\\\/schema.org\",\"@graph\":[{\"@type\":\"WebPage\",\"@id\":\"https:\\\/\\\/rosemvd.com\\\/index.php\\\/producto\\\/pendientes-mini-flor\\\/\",\"url\":\"https:\\\/\\\/rosemvd.com\\\/index.php\\\/producto\\\/pendientes-mini-flor\\\/\",\"name\":\"Pendientes Mini Flor - ROSE MVD\",\"isPartOf\":{\"@id\":\"https:\\\/\\\/rosemvd.com\\\/#website\"},\"primaryImageOfPage\":{\"@id\":\"https:\\\/\\\/rosemvd.com\\\/index.php\\\/producto\\\/pendientes-mini-flor\\\/#primaryimage\"},\"image\":{\"@id\":\"https:\\\/\\\/rosemvd.com\\\/index.php\\\/producto\\\/pendientes-mini-flor\\\/#primaryimage\"},\"thumbnailUrl\":\"https:\\\/\\\/rosemvd.com\\\/wp-content\\\/uploads\\\/2025\\\/03\\\/64d586a7-88d0-42a1-aacf-971f740746f4-e1741632962473.jpg\",\"datePublished\":\"2025-03-10T18:50:58+00:00\",\"dateModified\":\"2026-04-20T13:41:52+00:00\",\"description\":\"Enchapados en Plata 925 dise\u00f1o delicado y sofisticado. Dije en forma de flor compuesto por cuatro peque\u00f1as zirconias Disponibles en color plateado y dorado\",\"breadcrumb\":{\"@id\":\"https:\\\/\\\/rosemvd.com\\\/index.php\\\/producto\\\/pendientes-mini-flor\\\/#breadcrumb\"},\"inLanguage\":\"es\",\"potentialAction\":[{\"@type\":\"ReadAction\",\"target\":[\"https:\\\/\\\/rosemvd.com\\\/index.php\\\/producto\\\/pendientes-mini-flor\\\/\"]}]},{\"@type\":\"ImageObject\",\"inLanguage\":\"es\",\"@id\":\"https:\\\/\\\/rosemvd.com\\\/index.php\\\/producto\\\/pendientes-mini-flor\\\/#primaryimage\",\"url\":\"https:\\\/\\\/rosemvd.com\\\/wp-content\\\/uploads\\\/2025\\\/03\\\/64d586a7-88d0-42a1-aacf-971f740746f4-e1741632962473.jpg\",\"contentUrl\":\"https:\\\/\\\/rosemvd.com\\\/wp-content\\\/uploads\\\/2025\\\/03\\\/64d586a7-88d0-42a1-aacf-971f740746f4-e1741632962473.jpg\",\"width\":712,\"height\":681},{\"@type\":\"BreadcrumbList\",\"@id\":\"https:\\\/\\\/rosemvd.com\\\/index.php\\\/producto\\\/pendientes-mini-flor\\\/#breadcrumb\",\"itemListElement\":[{\"@type\":\"ListItem\",\"position\":1,\"name\":\"Portada\",\"item\":\"https:\\\/\\\/rosemvd.com\\\/\"},{\"@type\":\"ListItem\",\"position\":2,\"name\":\"Tienda\",\"item\":\"https:\\\/\\\/rosemvd.com\\\/index.php\\\/tienda\\\/\"},{\"@type\":\"ListItem\",\"position\":3,\"name\":\"Pendientes Mini Flor\"}]},{\"@type\":\"WebSite\",\"@id\":\"https:\\\/\\\/rosemvd.com\\\/#website\",\"url\":\"https:\\\/\\\/rosemvd.com\\\/\",\"name\":\"ROSE MVD\",\"description\":\"Todo lo que no sab\u00edas que necesitabas, lo \u00faltimo en tendencia, utilidad e innovaci\u00f3n\",\"publisher\":{\"@id\":\"https:\\\/\\\/rosemvd.com\\\/#organization\"},\"potentialAction\":[{\"@type\":\"SearchAction\",\"target\":{\"@type\":\"EntryPoint\",\"urlTemplate\":\"https:\\\/\\\/rosemvd.com\\\/?s={search_term_string}\"},\"query-input\":{\"@type\":\"PropertyValueSpecification\",\"valueRequired\":true,\"valueName\":\"search_term_string\"}}],\"inLanguage\":\"es\"},{\"@type\":\"Organization\",\"@id\":\"https:\\\/\\\/rosemvd.com\\\/#organization\",\"name\":\"ROSE MVD\",\"alternateName\":\"ROSE MVD\",\"url\":\"https:\\\/\\\/rosemvd.com\\\/\",\"logo\":{\"@type\":\"ImageObject\",\"inLanguage\":\"es\",\"@id\":\"https:\\\/\\\/rosemvd.com\\\/#\\\/schema\\\/logo\\\/image\\\/\",\"url\":\"https:\\\/\\\/rosemvd.com\\\/wp-content\\\/uploads\\\/2023\\\/03\\\/Sin-titulo-2_Mesa-de-trabajo-1.png\",\"contentUrl\":\"https:\\\/\\\/rosemvd.com\\\/wp-content\\\/uploads\\\/2023\\\/03\\\/Sin-titulo-2_Mesa-de-trabajo-1.png\",\"width\":2084,\"height\":2084,\"caption\":\"ROSE MVD\"},\"image\":{\"@id\":\"https:\\\/\\\/rosemvd.com\\\/#\\\/schema\\\/logo\\\/image\\\/\"},\"sameAs\":[\"https:\\\/\\\/www.facebook.com\\\/TiendaRoseMvd\",\"https:\\\/\\\/www.instagram.com\\\/rose.mvd\"]}]}<\/script>\n<!-- \/ Yoast SEO plugin. -->","yoast_head_json":{"title":"Pendientes Mini Flor - ROSE MVD","description":"Enchapados en Plata 925 dise\u00f1o delicado y sofisticado. Dije en forma de flor compuesto por cuatro peque\u00f1as zirconias Disponibles en color plateado y dorado","robots":{"index":"index","follow":"follow","max-snippet":"max-snippet:-1","max-image-preview":"max-image-preview:large","max-video-preview":"max-video-preview:-1"},"canonical":"https:\/\/rosemvd.com\/index.php\/producto\/pendientes-mini-flor\/","og_locale":"es_ES","og_type":"article","og_title":"Pendientes Mini Flor - ROSE MVD","og_description":"Enchapados en Plata 925 dise\u00f1o delicado y sofisticado. Dije en forma de flor compuesto por cuatro peque\u00f1as zirconias Disponibles en color plateado y dorado","og_url":"https:\/\/rosemvd.com\/index.php\/producto\/pendientes-mini-flor\/","og_site_name":"ROSE MVD","article_publisher":"https:\/\/www.facebook.com\/TiendaRoseMvd","article_modified_time":"2026-04-20T13:41:52+00:00","og_image":[{"width":712,"height":681,"url":"https:\/\/rosemvd.com\/wp-content\/uploads\/2025\/03\/64d586a7-88d0-42a1-aacf-971f740746f4-e1741632962473.jpg","type":"image\/jpeg"}],"twitter_card":"summary_large_image","twitter_misc":{"Tiempo de lectura":"1 minuto"},"schema":{"@context":"https:\/\/schema.org","@graph":[{"@type":"WebPage","@id":"https:\/\/rosemvd.com\/index.php\/producto\/pendientes-mini-flor\/","url":"https:\/\/rosemvd.com\/index.php\/producto\/pendientes-mini-flor\/","name":"Pendientes Mini Flor - ROSE MVD","isPartOf":{"@id":"https:\/\/rosemvd.com\/#website"},"primaryImageOfPage":{"@id":"https:\/\/rosemvd.com\/index.php\/producto\/pendientes-mini-flor\/#primaryimage"},"image":{"@id":"https:\/\/rosemvd.com\/index.php\/producto\/pendientes-mini-flor\/#primaryimage"},"thumbnailUrl":"https:\/\/rosemvd.com\/wp-content\/uploads\/2025\/03\/64d586a7-88d0-42a1-aacf-971f740746f4-e1741632962473.jpg","datePublished":"2025-03-10T18:50:58+00:00","dateModified":"2026-04-20T13:41:52+00:00","description":"Enchapados en Plata 925 dise\u00f1o delicado y sofisticado. Dije en forma de flor compuesto por cuatro peque\u00f1as zirconias Disponibles en color plateado y dorado","breadcrumb":{"@id":"https:\/\/rosemvd.com\/index.php\/producto\/pendientes-mini-flor\/#breadcrumb"},"inLanguage":"es","potentialAction":[{"@type":"ReadAction","target":["https:\/\/rosemvd.com\/index.php\/producto\/pendientes-mini-flor\/"]}]},{"@type":"ImageObject","inLanguage":"es","@id":"https:\/\/rosemvd.com\/index.php\/producto\/pendientes-mini-flor\/#primaryimage","url":"https:\/\/rosemvd.com\/wp-content\/uploads\/2025\/03\/64d586a7-88d0-42a1-aacf-971f740746f4-e1741632962473.jpg","contentUrl":"https:\/\/rosemvd.com\/wp-content\/uploads\/2025\/03\/64d586a7-88d0-42a1-aacf-971f740746f4-e1741632962473.jpg","width":712,"height":681},{"@type":"BreadcrumbList","@id":"https:\/\/rosemvd.com\/index.php\/producto\/pendientes-mini-flor\/#breadcrumb","itemListElement":[{"@type":"ListItem","position":1,"name":"Portada","item":"https:\/\/rosemvd.com\/"},{"@type":"ListItem","position":2,"name":"Tienda","item":"https:\/\/rosemvd.com\/index.php\/tienda\/"},{"@type":"ListItem","position":3,"name":"Pendientes Mini Flor"}]},{"@type":"WebSite","@id":"https:\/\/rosemvd.com\/#website","url":"https:\/\/rosemvd.com\/","name":"ROSE MVD","description":"Todo lo que no sab\u00edas que necesitabas, lo \u00faltimo en tendencia, utilidad e innovaci\u00f3n","publisher":{"@id":"https:\/\/rosemvd.com\/#organization"},"potentialAction":[{"@type":"SearchAction","target":{"@type":"EntryPoint","urlTemplate":"https:\/\/rosemvd.com\/?s={search_term_string}"},"query-input":{"@type":"PropertyValueSpecification","valueRequired":true,"valueName":"search_term_string"}}],"inLanguage":"es"},{"@type":"Organization","@id":"https:\/\/rosemvd.com\/#organization","name":"ROSE MVD","alternateName":"ROSE MVD","url":"https:\/\/rosemvd.com\/","logo":{"@type":"ImageObject","inLanguage":"es","@id":"https:\/\/rosemvd.com\/#\/schema\/logo\/image\/","url":"https:\/\/rosemvd.com\/wp-content\/uploads\/2023\/03\/Sin-titulo-2_Mesa-de-trabajo-1.png","contentUrl":"https:\/\/rosemvd.com\/wp-content\/uploads\/2023\/03\/Sin-titulo-2_Mesa-de-trabajo-1.png","width":2084,"height":2084,"caption":"ROSE MVD"},"image":{"@id":"https:\/\/rosemvd.com\/#\/schema\/logo\/image\/"},"sameAs":["https:\/\/www.facebook.com\/TiendaRoseMvd","https:\/\/www.instagram.com\/rose.mvd"]}]}},"_links":{"self":[{"href":"https:\/\/rosemvd.com\/index.php\/wp-json\/wp\/v2\/product\/12152","targetHints":{"allow":["GET"]}}],"collection":[{"href":"https:\/\/rosemvd.com\/index.php\/wp-json\/wp\/v2\/product"}],"about":[{"href":"https:\/\/rosemvd.com\/index.php\/wp-json\/wp\/v2\/types\/product"}],"wp:featuredmedia":[{"embeddable":true,"href":"https:\/\/rosemvd.com\/index.php\/wp-json\/wp\/v2\/media\/12155"}],"wp:attachment":[{"href":"https:\/\/rosemvd.com\/index.php\/wp-json\/wp\/v2\/media?parent=12152"}],"wp:term":[{"taxonomy":"product_brand","embeddable":true,"href":"https:\/\/rosemvd.com\/index.php\/wp-json\/wp\/v2\/product_brand?post=12152"},{"taxonomy":"product_cat","embeddable":true,"href":"https:\/\/rosemvd.com\/index.php\/wp-json\/wp\/v2\/product_cat?post=12152"},{"taxonomy":"product_tag","embeddable":true,"href":"https:\/\/rosemvd.com\/index.php\/wp-json\/wp\/v2\/product_tag?post=12152"}],"curies":[{"name":"wp","href":"https:\/\/api.w.org\/{rel}","templated":true}]}}