{"id":12137,"date":"2025-03-10T15:19:10","date_gmt":"2025-03-10T18:19:10","guid":{"rendered":"https:\/\/rosemvd.com\/?post_type=product&#038;p=12137"},"modified":"2026-03-29T07:52:40","modified_gmt":"2026-03-29T10:52:40","slug":"collar-corona","status":"publish","type":"product","link":"https:\/\/rosemvd.com\/index.php\/producto\/collar-corona\/","title":{"rendered":"Collar Corona"},"content":{"rendered":"<div class=\"flex max-w-full flex-col flex-grow\">\n<div class=\"min-h-8 text-message relative flex w-full flex-col items-end gap-2 whitespace-normal break-words text-start [.text-message+&amp;]:mt-5\" dir=\"auto\" data-message-author-role=\"assistant\" data-message-id=\"5b2ec441-7294-4624-97e3-dad144d37e41\" data-message-model-slug=\"gpt-4o\">\n<div class=\"flex w-full flex-col gap-1 empty:hidden first:pt-[3px]\">\n<div class=\"markdown prose w-full break-words dark:prose-invert light\">\n<p data-start=\"0\" data-end=\"392\">Este delicado <strong data-start=\"14\" data-end=\"37\">collar de Plata 925<\/strong> combina sofisticaci\u00f3n y estilo en cada detalle. Cuenta con una <strong data-start=\"101\" data-end=\"126\">cadena tipo veneciana<\/strong> muy delgada, perfecta para resaltar la belleza de su exquisito dije. El centro del collar es una <strong data-start=\"224\" data-end=\"242\">peque\u00f1a corona<\/strong> adornada con una deslumbrante <strong data-start=\"273\" data-end=\"305\">zirconia en forma de coraz\u00f3n<\/strong> en su parte central, rodeada por peque\u00f1as zirconias que realzan su brillo y elegancia.<\/p>\n<p data-start=\"394\" data-end=\"414\"><strong data-start=\"394\" data-end=\"413\">Caracter\u00edsticas<\/strong>:<\/p>\n<ul data-start=\"415\" data-end=\"696\">\n<li data-start=\"415\" data-end=\"457\"><strong data-start=\"417\" data-end=\"429\">Material<\/strong>: Plata 925 de alta calidad.<\/li>\n<li data-start=\"415\" data-end=\"457\"><strong>Medidas:\u00a0<\/strong>1.4cm x 1.5cm<\/li>\n<li data-start=\"458\" data-end=\"553\"><strong data-start=\"460\" data-end=\"468\">Dije<\/strong>: Corona con una zirconia central en forma de coraz\u00f3n y peque\u00f1as zirconias alrededor.<\/li>\n<li data-start=\"554\" data-end=\"600\"><strong data-start=\"556\" data-end=\"566\">Cadena<\/strong>: Tipo veneciana, fina y delicada.<\/li>\n<li data-start=\"601\" data-end=\"696\"><strong data-start=\"603\" data-end=\"613\">Dise\u00f1o<\/strong>: Refinado y elegante, perfecto para resaltar la delicadeza y el brillo del collar.<\/li>\n<\/ul>\n<p data-start=\"698\" data-end=\"873\" data-is-last-node=\"\" data-is-only-node=\"\">Este collar es ideal para quienes buscan un accesorio que simbolice elegancia y realeza, siendo el complemento perfecto tanto para ocasiones especiales como para el d\u00eda a d\u00eda.<\/p>\n<\/div>\n<\/div>\n<\/div>\n<\/div>\n","protected":false},"excerpt":{"rendered":"<p>Este delicado collar de Plata 925 combina sofisticaci\u00f3n y estilo en cada detalle. Cuenta con una cadena tipo veneciana muy delgada, perfecta para resaltar la belleza de su exquisito dije. El centro del collar es una peque\u00f1a corona adornada con una deslumbrante zirconia en forma de coraz\u00f3n en su parte central, rodeada por peque\u00f1as zirconias [&hellip;]<\/p>\n","protected":false},"featured_media":12138,"template":"","meta":{"site-sidebar-layout":"default","site-content-layout":"","ast-site-content-layout":"default","site-content-style":"default","site-sidebar-style":"default","ast-global-header-display":"","ast-banner-title-visibility":"","ast-main-header-display":"","ast-hfb-above-header-display":"","ast-hfb-below-header-display":"","ast-hfb-mobile-header-display":"","site-post-title":"","ast-breadcrumbs-content":"","ast-featured-img":"","footer-sml-layout":"","ast-disable-related-posts":"","theme-transparent-header-meta":"default","adv-header-id-meta":"","stick-header-meta":"","header-above-stick-meta":"","header-main-stick-meta":"","header-below-stick-meta":"","astra-migrate-meta-layouts":"set","ast-page-background-enabled":"default","ast-page-background-meta":{"desktop":{"background-color":"var(--ast-global-color-4)","background-image":"","background-repeat":"repeat","background-position":"center center","background-size":"auto","background-attachment":"scroll","background-type":"","background-media":"","overlay-type":"","overlay-color":"","overlay-opacity":"","overlay-gradient":""},"tablet":{"background-color":"","background-image":"","background-repeat":"repeat","background-position":"center center","background-size":"auto","background-attachment":"scroll","background-type":"","background-media":"","overlay-type":"","overlay-color":"","overlay-opacity":"","overlay-gradient":""},"mobile":{"background-color":"","background-image":"","background-repeat":"repeat","background-position":"center center","background-size":"auto","background-attachment":"scroll","background-type":"","background-media":"","overlay-type":"","overlay-color":"","overlay-opacity":"","overlay-gradient":""}},"ast-content-background-meta":{"desktop":{"background-color":"var(--ast-global-color-5)","background-image":"","background-repeat":"repeat","background-position":"center center","background-size":"auto","background-attachment":"scroll","background-type":"","background-media":"","overlay-type":"","overlay-color":"","overlay-opacity":"","overlay-gradient":""},"tablet":{"background-color":"var(--ast-global-color-5)","background-image":"","background-repeat":"repeat","background-position":"center center","background-size":"auto","background-attachment":"scroll","background-type":"","background-media":"","overlay-type":"","overlay-color":"","overlay-opacity":"","overlay-gradient":""},"mobile":{"background-color":"var(--ast-global-color-5)","background-image":"","background-repeat":"repeat","background-position":"center center","background-size":"auto","background-attachment":"scroll","background-type":"","background-media":"","overlay-type":"","overlay-color":"","overlay-opacity":"","overlay-gradient":""}}},"product_brand":[],"product_cat":[184,187],"product_tag":[],"class_list":{"0":"post-12137","1":"product","2":"type-product","3":"status-publish","4":"has-post-thumbnail","6":"product_cat-collares","7":"product_cat-collares-plata-925","8":"desktop-align-left","9":"tablet-align-left","10":"mobile-align-left","12":"first","13":"instock","14":"shipping-taxable","15":"purchasable","16":"product-type-simple"},"yoast_head":"<!-- This site is optimized with the Yoast SEO plugin v27.3 - https:\/\/yoast.com\/product\/yoast-seo-wordpress\/ -->\n<title>Collar Corona - ROSE MVD<\/title>\n<meta name=\"description\" content=\"Collar de Plata 925 cadena tipo veneciana muy delgada. El centro del collar es una peque\u00f1a corona adornada con deslumbrantes zirconias. Elegancia\" \/>\n<meta name=\"robots\" content=\"index, follow, max-snippet:-1, max-image-preview:large, max-video-preview:-1\" \/>\n<link rel=\"canonical\" href=\"https:\/\/rosemvd.com\/index.php\/producto\/collar-corona\/\" \/>\n<meta property=\"og:locale\" content=\"es_ES\" \/>\n<meta property=\"og:type\" content=\"article\" \/>\n<meta property=\"og:title\" content=\"Collar Corona - ROSE MVD\" \/>\n<meta property=\"og:description\" content=\"Collar de Plata 925 cadena tipo veneciana muy delgada. El centro del collar es una peque\u00f1a corona adornada con deslumbrantes zirconias. Elegancia\" \/>\n<meta property=\"og:url\" content=\"https:\/\/rosemvd.com\/index.php\/producto\/collar-corona\/\" \/>\n<meta property=\"og:site_name\" content=\"ROSE MVD\" \/>\n<meta property=\"article:publisher\" content=\"https:\/\/www.facebook.com\/TiendaRoseMvd\" \/>\n<meta property=\"article:modified_time\" content=\"2026-03-29T10:52:40+00:00\" \/>\n<meta property=\"og:image\" content=\"https:\/\/rosemvd.com\/wp-content\/uploads\/2025\/03\/a44ace0c-cca0-403c-917e-e1fef8a308b6.jpg\" \/>\n\t<meta property=\"og:image:width\" content=\"750\" \/>\n\t<meta property=\"og:image:height\" content=\"750\" \/>\n\t<meta property=\"og:image:type\" content=\"image\/jpeg\" \/>\n<meta name=\"twitter:card\" content=\"summary_large_image\" \/>\n<meta name=\"twitter:label1\" content=\"Tiempo de lectura\" \/>\n\t<meta name=\"twitter:data1\" content=\"1 minuto\" \/>\n<script type=\"application\/ld+json\" class=\"yoast-schema-graph\">{\"@context\":\"https:\\\/\\\/schema.org\",\"@graph\":[{\"@type\":\"WebPage\",\"@id\":\"https:\\\/\\\/rosemvd.com\\\/index.php\\\/producto\\\/collar-corona\\\/\",\"url\":\"https:\\\/\\\/rosemvd.com\\\/index.php\\\/producto\\\/collar-corona\\\/\",\"name\":\"Collar Corona - ROSE MVD\",\"isPartOf\":{\"@id\":\"https:\\\/\\\/rosemvd.com\\\/#website\"},\"primaryImageOfPage\":{\"@id\":\"https:\\\/\\\/rosemvd.com\\\/index.php\\\/producto\\\/collar-corona\\\/#primaryimage\"},\"image\":{\"@id\":\"https:\\\/\\\/rosemvd.com\\\/index.php\\\/producto\\\/collar-corona\\\/#primaryimage\"},\"thumbnailUrl\":\"https:\\\/\\\/rosemvd.com\\\/wp-content\\\/uploads\\\/2025\\\/03\\\/a44ace0c-cca0-403c-917e-e1fef8a308b6.jpg\",\"datePublished\":\"2025-03-10T18:19:10+00:00\",\"dateModified\":\"2026-03-29T10:52:40+00:00\",\"description\":\"Collar de Plata 925 cadena tipo veneciana muy delgada. El centro del collar es una peque\u00f1a corona adornada con deslumbrantes zirconias. Elegancia\",\"breadcrumb\":{\"@id\":\"https:\\\/\\\/rosemvd.com\\\/index.php\\\/producto\\\/collar-corona\\\/#breadcrumb\"},\"inLanguage\":\"es\",\"potentialAction\":[{\"@type\":\"ReadAction\",\"target\":[\"https:\\\/\\\/rosemvd.com\\\/index.php\\\/producto\\\/collar-corona\\\/\"]}]},{\"@type\":\"ImageObject\",\"inLanguage\":\"es\",\"@id\":\"https:\\\/\\\/rosemvd.com\\\/index.php\\\/producto\\\/collar-corona\\\/#primaryimage\",\"url\":\"https:\\\/\\\/rosemvd.com\\\/wp-content\\\/uploads\\\/2025\\\/03\\\/a44ace0c-cca0-403c-917e-e1fef8a308b6.jpg\",\"contentUrl\":\"https:\\\/\\\/rosemvd.com\\\/wp-content\\\/uploads\\\/2025\\\/03\\\/a44ace0c-cca0-403c-917e-e1fef8a308b6.jpg\",\"width\":750,\"height\":750},{\"@type\":\"BreadcrumbList\",\"@id\":\"https:\\\/\\\/rosemvd.com\\\/index.php\\\/producto\\\/collar-corona\\\/#breadcrumb\",\"itemListElement\":[{\"@type\":\"ListItem\",\"position\":1,\"name\":\"Portada\",\"item\":\"https:\\\/\\\/rosemvd.com\\\/\"},{\"@type\":\"ListItem\",\"position\":2,\"name\":\"Tienda\",\"item\":\"https:\\\/\\\/rosemvd.com\\\/index.php\\\/tienda\\\/\"},{\"@type\":\"ListItem\",\"position\":3,\"name\":\"Collar Corona\"}]},{\"@type\":\"WebSite\",\"@id\":\"https:\\\/\\\/rosemvd.com\\\/#website\",\"url\":\"https:\\\/\\\/rosemvd.com\\\/\",\"name\":\"ROSE MVD\",\"description\":\"Todo lo que buscas lo pod\u00e9s encontrar en rose mvd, especializados en traer todas las cosas nuevas en tendencia y accesorios diferentes y \u00fanicos.\",\"publisher\":{\"@id\":\"https:\\\/\\\/rosemvd.com\\\/#organization\"},\"potentialAction\":[{\"@type\":\"SearchAction\",\"target\":{\"@type\":\"EntryPoint\",\"urlTemplate\":\"https:\\\/\\\/rosemvd.com\\\/?s={search_term_string}\"},\"query-input\":{\"@type\":\"PropertyValueSpecification\",\"valueRequired\":true,\"valueName\":\"search_term_string\"}}],\"inLanguage\":\"es\"},{\"@type\":\"Organization\",\"@id\":\"https:\\\/\\\/rosemvd.com\\\/#organization\",\"name\":\"ROSE MVD\",\"alternateName\":\"ROSE MVD\",\"url\":\"https:\\\/\\\/rosemvd.com\\\/\",\"logo\":{\"@type\":\"ImageObject\",\"inLanguage\":\"es\",\"@id\":\"https:\\\/\\\/rosemvd.com\\\/#\\\/schema\\\/logo\\\/image\\\/\",\"url\":\"https:\\\/\\\/rosemvd.com\\\/wp-content\\\/uploads\\\/2023\\\/03\\\/Sin-titulo-2_Mesa-de-trabajo-1.png\",\"contentUrl\":\"https:\\\/\\\/rosemvd.com\\\/wp-content\\\/uploads\\\/2023\\\/03\\\/Sin-titulo-2_Mesa-de-trabajo-1.png\",\"width\":2084,\"height\":2084,\"caption\":\"ROSE MVD\"},\"image\":{\"@id\":\"https:\\\/\\\/rosemvd.com\\\/#\\\/schema\\\/logo\\\/image\\\/\"},\"sameAs\":[\"https:\\\/\\\/www.facebook.com\\\/TiendaRoseMvd\",\"https:\\\/\\\/www.instagram.com\\\/rose.mvd\"]}]}<\/script>\n<!-- \/ Yoast SEO plugin. -->","yoast_head_json":{"title":"Collar Corona - ROSE MVD","description":"Collar de Plata 925 cadena tipo veneciana muy delgada. El centro del collar es una peque\u00f1a corona adornada con deslumbrantes zirconias. Elegancia","robots":{"index":"index","follow":"follow","max-snippet":"max-snippet:-1","max-image-preview":"max-image-preview:large","max-video-preview":"max-video-preview:-1"},"canonical":"https:\/\/rosemvd.com\/index.php\/producto\/collar-corona\/","og_locale":"es_ES","og_type":"article","og_title":"Collar Corona - ROSE MVD","og_description":"Collar de Plata 925 cadena tipo veneciana muy delgada. El centro del collar es una peque\u00f1a corona adornada con deslumbrantes zirconias. Elegancia","og_url":"https:\/\/rosemvd.com\/index.php\/producto\/collar-corona\/","og_site_name":"ROSE MVD","article_publisher":"https:\/\/www.facebook.com\/TiendaRoseMvd","article_modified_time":"2026-03-29T10:52:40+00:00","og_image":[{"width":750,"height":750,"url":"https:\/\/rosemvd.com\/wp-content\/uploads\/2025\/03\/a44ace0c-cca0-403c-917e-e1fef8a308b6.jpg","type":"image\/jpeg"}],"twitter_card":"summary_large_image","twitter_misc":{"Tiempo de lectura":"1 minuto"},"schema":{"@context":"https:\/\/schema.org","@graph":[{"@type":"WebPage","@id":"https:\/\/rosemvd.com\/index.php\/producto\/collar-corona\/","url":"https:\/\/rosemvd.com\/index.php\/producto\/collar-corona\/","name":"Collar Corona - ROSE MVD","isPartOf":{"@id":"https:\/\/rosemvd.com\/#website"},"primaryImageOfPage":{"@id":"https:\/\/rosemvd.com\/index.php\/producto\/collar-corona\/#primaryimage"},"image":{"@id":"https:\/\/rosemvd.com\/index.php\/producto\/collar-corona\/#primaryimage"},"thumbnailUrl":"https:\/\/rosemvd.com\/wp-content\/uploads\/2025\/03\/a44ace0c-cca0-403c-917e-e1fef8a308b6.jpg","datePublished":"2025-03-10T18:19:10+00:00","dateModified":"2026-03-29T10:52:40+00:00","description":"Collar de Plata 925 cadena tipo veneciana muy delgada. El centro del collar es una peque\u00f1a corona adornada con deslumbrantes zirconias. Elegancia","breadcrumb":{"@id":"https:\/\/rosemvd.com\/index.php\/producto\/collar-corona\/#breadcrumb"},"inLanguage":"es","potentialAction":[{"@type":"ReadAction","target":["https:\/\/rosemvd.com\/index.php\/producto\/collar-corona\/"]}]},{"@type":"ImageObject","inLanguage":"es","@id":"https:\/\/rosemvd.com\/index.php\/producto\/collar-corona\/#primaryimage","url":"https:\/\/rosemvd.com\/wp-content\/uploads\/2025\/03\/a44ace0c-cca0-403c-917e-e1fef8a308b6.jpg","contentUrl":"https:\/\/rosemvd.com\/wp-content\/uploads\/2025\/03\/a44ace0c-cca0-403c-917e-e1fef8a308b6.jpg","width":750,"height":750},{"@type":"BreadcrumbList","@id":"https:\/\/rosemvd.com\/index.php\/producto\/collar-corona\/#breadcrumb","itemListElement":[{"@type":"ListItem","position":1,"name":"Portada","item":"https:\/\/rosemvd.com\/"},{"@type":"ListItem","position":2,"name":"Tienda","item":"https:\/\/rosemvd.com\/index.php\/tienda\/"},{"@type":"ListItem","position":3,"name":"Collar Corona"}]},{"@type":"WebSite","@id":"https:\/\/rosemvd.com\/#website","url":"https:\/\/rosemvd.com\/","name":"ROSE MVD","description":"Todo lo que buscas lo pod\u00e9s encontrar en rose mvd, especializados en traer todas las cosas nuevas en tendencia y accesorios diferentes y \u00fanicos.","publisher":{"@id":"https:\/\/rosemvd.com\/#organization"},"potentialAction":[{"@type":"SearchAction","target":{"@type":"EntryPoint","urlTemplate":"https:\/\/rosemvd.com\/?s={search_term_string}"},"query-input":{"@type":"PropertyValueSpecification","valueRequired":true,"valueName":"search_term_string"}}],"inLanguage":"es"},{"@type":"Organization","@id":"https:\/\/rosemvd.com\/#organization","name":"ROSE MVD","alternateName":"ROSE MVD","url":"https:\/\/rosemvd.com\/","logo":{"@type":"ImageObject","inLanguage":"es","@id":"https:\/\/rosemvd.com\/#\/schema\/logo\/image\/","url":"https:\/\/rosemvd.com\/wp-content\/uploads\/2023\/03\/Sin-titulo-2_Mesa-de-trabajo-1.png","contentUrl":"https:\/\/rosemvd.com\/wp-content\/uploads\/2023\/03\/Sin-titulo-2_Mesa-de-trabajo-1.png","width":2084,"height":2084,"caption":"ROSE MVD"},"image":{"@id":"https:\/\/rosemvd.com\/#\/schema\/logo\/image\/"},"sameAs":["https:\/\/www.facebook.com\/TiendaRoseMvd","https:\/\/www.instagram.com\/rose.mvd"]}]}},"_links":{"self":[{"href":"https:\/\/rosemvd.com\/index.php\/wp-json\/wp\/v2\/product\/12137","targetHints":{"allow":["GET"]}}],"collection":[{"href":"https:\/\/rosemvd.com\/index.php\/wp-json\/wp\/v2\/product"}],"about":[{"href":"https:\/\/rosemvd.com\/index.php\/wp-json\/wp\/v2\/types\/product"}],"wp:featuredmedia":[{"embeddable":true,"href":"https:\/\/rosemvd.com\/index.php\/wp-json\/wp\/v2\/media\/12138"}],"wp:attachment":[{"href":"https:\/\/rosemvd.com\/index.php\/wp-json\/wp\/v2\/media?parent=12137"}],"wp:term":[{"taxonomy":"product_brand","embeddable":true,"href":"https:\/\/rosemvd.com\/index.php\/wp-json\/wp\/v2\/product_brand?post=12137"},{"taxonomy":"product_cat","embeddable":true,"href":"https:\/\/rosemvd.com\/index.php\/wp-json\/wp\/v2\/product_cat?post=12137"},{"taxonomy":"product_tag","embeddable":true,"href":"https:\/\/rosemvd.com\/index.php\/wp-json\/wp\/v2\/product_tag?post=12137"}],"curies":[{"name":"wp","href":"https:\/\/api.w.org\/{rel}","templated":true}]}}