{"id":12129,"date":"2025-03-10T15:06:35","date_gmt":"2025-03-10T18:06:35","guid":{"rendered":"https:\/\/rosemvd.com\/?post_type=product&#038;p=12129"},"modified":"2026-04-20T10:43:45","modified_gmt":"2026-04-20T13:43:45","slug":"collar-mariposa-rosa","status":"publish","type":"product","link":"https:\/\/rosemvd.com\/index.php\/producto\/collar-mariposa-rosa\/","title":{"rendered":"Collar Mariposa Rosa"},"content":{"rendered":"<p data-start=\"0\" data-end=\"380\">Este encantador <strong data-start=\"16\" data-end=\"39\">collar de Plata 925<\/strong> destaca por su elegancia y sutileza. Presenta una delicada <strong data-start=\"99\" data-end=\"122\">cadena tipo forcet<\/strong>\u00a0que acent\u00faa el brillo y la ligereza de la joya. El centro del collar est\u00e1 adornado por un hermoso dije compuesto por <strong data-start=\"240\" data-end=\"266\">dos peque\u00f1as mariposas<\/strong>, cada una formada con <strong data-start=\"289\" data-end=\"302\">zirconias<\/strong> en diferentes tonalidades de rosa, que le aportan un toque femenino y alegre.<\/p>\n<p data-start=\"382\" data-end=\"402\"><strong data-start=\"382\" data-end=\"401\">Caracter\u00edsticas<\/strong>:<\/p>\n<ul data-start=\"403\" data-end=\"617\">\n<li data-start=\"403\" data-end=\"445\"><strong data-start=\"405\" data-end=\"417\">Material<\/strong>: Plata 925 de alta calidad.<\/li>\n<li><strong data-start=\"552\" data-end=\"574\">Medidas<\/strong>: 1.5cm x 0.9<\/li>\n<li data-start=\"446\" data-end=\"510\"><strong data-start=\"448\" data-end=\"456\">Dije<\/strong>: Dos mariposas formadas con zirconias en tonos rosas.<\/li>\n<li data-start=\"511\" data-end=\"549\"><strong data-start=\"513\" data-end=\"523\">Cadena<\/strong>: Tipo forcet muy delgada.<\/li>\n<\/ul>\n<p data-start=\"619\" data-end=\"770\" data-is-last-node=\"\" data-is-only-node=\"\">Este collar es perfecto para quienes buscan una pieza delicada y simb\u00f3lica, ideal para complementar cualquier estilo con un toque de color y elegancia.<\/p>\n","protected":false},"excerpt":{"rendered":"<p>Este encantador collar de Plata 925 destaca por su elegancia y sutileza. Presenta una delicada cadena tipo forcet\u00a0que acent\u00faa el brillo y la ligereza de la joya. El centro del collar est\u00e1 adornado por un hermoso dije compuesto por dos peque\u00f1as mariposas, cada una formada con zirconias en diferentes tonalidades de rosa, que le aportan [&hellip;]<\/p>\n","protected":false},"featured_media":12132,"template":"","meta":{"site-sidebar-layout":"default","site-content-layout":"","ast-site-content-layout":"default","site-content-style":"default","site-sidebar-style":"default","ast-global-header-display":"","ast-banner-title-visibility":"","ast-main-header-display":"","ast-hfb-above-header-display":"","ast-hfb-below-header-display":"","ast-hfb-mobile-header-display":"","site-post-title":"","ast-breadcrumbs-content":"","ast-featured-img":"","footer-sml-layout":"","ast-disable-related-posts":"","theme-transparent-header-meta":"default","adv-header-id-meta":"","stick-header-meta":"","header-above-stick-meta":"","header-main-stick-meta":"","header-below-stick-meta":"","astra-migrate-meta-layouts":"set","ast-page-background-enabled":"default","ast-page-background-meta":{"desktop":{"background-color":"var(--ast-global-color-4)","background-image":"","background-repeat":"repeat","background-position":"center center","background-size":"auto","background-attachment":"scroll","background-type":"","background-media":"","overlay-type":"","overlay-color":"","overlay-opacity":"","overlay-gradient":""},"tablet":{"background-color":"","background-image":"","background-repeat":"repeat","background-position":"center center","background-size":"auto","background-attachment":"scroll","background-type":"","background-media":"","overlay-type":"","overlay-color":"","overlay-opacity":"","overlay-gradient":""},"mobile":{"background-color":"","background-image":"","background-repeat":"repeat","background-position":"center center","background-size":"auto","background-attachment":"scroll","background-type":"","background-media":"","overlay-type":"","overlay-color":"","overlay-opacity":"","overlay-gradient":""}},"ast-content-background-meta":{"desktop":{"background-color":"var(--ast-global-color-5)","background-image":"","background-repeat":"repeat","background-position":"center center","background-size":"auto","background-attachment":"scroll","background-type":"","background-media":"","overlay-type":"","overlay-color":"","overlay-opacity":"","overlay-gradient":""},"tablet":{"background-color":"var(--ast-global-color-5)","background-image":"","background-repeat":"repeat","background-position":"center center","background-size":"auto","background-attachment":"scroll","background-type":"","background-media":"","overlay-type":"","overlay-color":"","overlay-opacity":"","overlay-gradient":""},"mobile":{"background-color":"var(--ast-global-color-5)","background-image":"","background-repeat":"repeat","background-position":"center center","background-size":"auto","background-attachment":"scroll","background-type":"","background-media":"","overlay-type":"","overlay-color":"","overlay-opacity":"","overlay-gradient":""}}},"product_brand":[],"product_cat":[184,187,445],"product_tag":[],"class_list":{"0":"post-12129","1":"product","2":"type-product","3":"status-publish","4":"has-post-thumbnail","6":"product_cat-collares","7":"product_cat-collares-plata-925","8":"product_cat-joyeria","9":"desktop-align-left","10":"tablet-align-left","11":"mobile-align-left","13":"first","14":"instock","15":"shipping-taxable","16":"purchasable","17":"product-type-simple"},"yoast_head":"<!-- This site is optimized with the Yoast SEO plugin v27.3 - https:\/\/yoast.com\/product\/yoast-seo-wordpress\/ -->\n<title>Collar Mariposa Rosa - ROSE MVD<\/title>\n<meta name=\"description\" content=\"Collar de Plata 925 elegancia y sutileza Delicada cadena tipo forcet. El centro del collar dije compuesto por dos peque\u00f1as mariposas, formadas con zirconias\" \/>\n<meta name=\"robots\" content=\"index, follow, max-snippet:-1, max-image-preview:large, max-video-preview:-1\" \/>\n<link rel=\"canonical\" href=\"https:\/\/rosemvd.com\/index.php\/producto\/collar-mariposa-rosa\/\" \/>\n<meta property=\"og:locale\" content=\"es_ES\" \/>\n<meta property=\"og:type\" content=\"article\" \/>\n<meta property=\"og:title\" content=\"Collar Mariposa Rosa - ROSE MVD\" \/>\n<meta property=\"og:description\" content=\"Collar de Plata 925 elegancia y sutileza Delicada cadena tipo forcet. El centro del collar dije compuesto por dos peque\u00f1as mariposas, formadas con zirconias\" \/>\n<meta property=\"og:url\" content=\"https:\/\/rosemvd.com\/index.php\/producto\/collar-mariposa-rosa\/\" \/>\n<meta property=\"og:site_name\" content=\"ROSE MVD\" \/>\n<meta property=\"article:publisher\" content=\"https:\/\/www.facebook.com\/TiendaRoseMvd\" \/>\n<meta property=\"article:modified_time\" content=\"2026-04-20T13:43:45+00:00\" \/>\n<meta property=\"og:image\" content=\"https:\/\/rosemvd.com\/wp-content\/uploads\/2025\/03\/847a4a2a-3fa6-43c5-afea-e76e2b0f47db.jpg\" \/>\n\t<meta property=\"og:image:width\" content=\"750\" \/>\n\t<meta property=\"og:image:height\" content=\"750\" \/>\n\t<meta property=\"og:image:type\" content=\"image\/jpeg\" \/>\n<meta name=\"twitter:card\" content=\"summary_large_image\" \/>\n<meta name=\"twitter:label1\" content=\"Tiempo de lectura\" \/>\n\t<meta name=\"twitter:data1\" content=\"1 minuto\" \/>\n<script type=\"application\/ld+json\" class=\"yoast-schema-graph\">{\"@context\":\"https:\\\/\\\/schema.org\",\"@graph\":[{\"@type\":\"WebPage\",\"@id\":\"https:\\\/\\\/rosemvd.com\\\/index.php\\\/producto\\\/collar-mariposa-rosa\\\/\",\"url\":\"https:\\\/\\\/rosemvd.com\\\/index.php\\\/producto\\\/collar-mariposa-rosa\\\/\",\"name\":\"Collar Mariposa Rosa - ROSE MVD\",\"isPartOf\":{\"@id\":\"https:\\\/\\\/rosemvd.com\\\/#website\"},\"primaryImageOfPage\":{\"@id\":\"https:\\\/\\\/rosemvd.com\\\/index.php\\\/producto\\\/collar-mariposa-rosa\\\/#primaryimage\"},\"image\":{\"@id\":\"https:\\\/\\\/rosemvd.com\\\/index.php\\\/producto\\\/collar-mariposa-rosa\\\/#primaryimage\"},\"thumbnailUrl\":\"https:\\\/\\\/rosemvd.com\\\/wp-content\\\/uploads\\\/2025\\\/03\\\/847a4a2a-3fa6-43c5-afea-e76e2b0f47db.jpg\",\"datePublished\":\"2025-03-10T18:06:35+00:00\",\"dateModified\":\"2026-04-20T13:43:45+00:00\",\"description\":\"Collar de Plata 925 elegancia y sutileza Delicada cadena tipo forcet. El centro del collar dije compuesto por dos peque\u00f1as mariposas, formadas con zirconias\",\"breadcrumb\":{\"@id\":\"https:\\\/\\\/rosemvd.com\\\/index.php\\\/producto\\\/collar-mariposa-rosa\\\/#breadcrumb\"},\"inLanguage\":\"es\",\"potentialAction\":[{\"@type\":\"ReadAction\",\"target\":[\"https:\\\/\\\/rosemvd.com\\\/index.php\\\/producto\\\/collar-mariposa-rosa\\\/\"]}]},{\"@type\":\"ImageObject\",\"inLanguage\":\"es\",\"@id\":\"https:\\\/\\\/rosemvd.com\\\/index.php\\\/producto\\\/collar-mariposa-rosa\\\/#primaryimage\",\"url\":\"https:\\\/\\\/rosemvd.com\\\/wp-content\\\/uploads\\\/2025\\\/03\\\/847a4a2a-3fa6-43c5-afea-e76e2b0f47db.jpg\",\"contentUrl\":\"https:\\\/\\\/rosemvd.com\\\/wp-content\\\/uploads\\\/2025\\\/03\\\/847a4a2a-3fa6-43c5-afea-e76e2b0f47db.jpg\",\"width\":750,\"height\":750},{\"@type\":\"BreadcrumbList\",\"@id\":\"https:\\\/\\\/rosemvd.com\\\/index.php\\\/producto\\\/collar-mariposa-rosa\\\/#breadcrumb\",\"itemListElement\":[{\"@type\":\"ListItem\",\"position\":1,\"name\":\"Portada\",\"item\":\"https:\\\/\\\/rosemvd.com\\\/\"},{\"@type\":\"ListItem\",\"position\":2,\"name\":\"Tienda\",\"item\":\"https:\\\/\\\/rosemvd.com\\\/index.php\\\/tienda\\\/\"},{\"@type\":\"ListItem\",\"position\":3,\"name\":\"Collar Mariposa Rosa\"}]},{\"@type\":\"WebSite\",\"@id\":\"https:\\\/\\\/rosemvd.com\\\/#website\",\"url\":\"https:\\\/\\\/rosemvd.com\\\/\",\"name\":\"ROSE MVD\",\"description\":\"Todo lo que no sab\u00edas que necesitabas, lo \u00faltimo en tendencia, utilidad e innovaci\u00f3n\",\"publisher\":{\"@id\":\"https:\\\/\\\/rosemvd.com\\\/#organization\"},\"potentialAction\":[{\"@type\":\"SearchAction\",\"target\":{\"@type\":\"EntryPoint\",\"urlTemplate\":\"https:\\\/\\\/rosemvd.com\\\/?s={search_term_string}\"},\"query-input\":{\"@type\":\"PropertyValueSpecification\",\"valueRequired\":true,\"valueName\":\"search_term_string\"}}],\"inLanguage\":\"es\"},{\"@type\":\"Organization\",\"@id\":\"https:\\\/\\\/rosemvd.com\\\/#organization\",\"name\":\"ROSE MVD\",\"alternateName\":\"ROSE MVD\",\"url\":\"https:\\\/\\\/rosemvd.com\\\/\",\"logo\":{\"@type\":\"ImageObject\",\"inLanguage\":\"es\",\"@id\":\"https:\\\/\\\/rosemvd.com\\\/#\\\/schema\\\/logo\\\/image\\\/\",\"url\":\"https:\\\/\\\/rosemvd.com\\\/wp-content\\\/uploads\\\/2023\\\/03\\\/Sin-titulo-2_Mesa-de-trabajo-1.png\",\"contentUrl\":\"https:\\\/\\\/rosemvd.com\\\/wp-content\\\/uploads\\\/2023\\\/03\\\/Sin-titulo-2_Mesa-de-trabajo-1.png\",\"width\":2084,\"height\":2084,\"caption\":\"ROSE MVD\"},\"image\":{\"@id\":\"https:\\\/\\\/rosemvd.com\\\/#\\\/schema\\\/logo\\\/image\\\/\"},\"sameAs\":[\"https:\\\/\\\/www.facebook.com\\\/TiendaRoseMvd\",\"https:\\\/\\\/www.instagram.com\\\/rose.mvd\"]}]}<\/script>\n<!-- \/ Yoast SEO plugin. -->","yoast_head_json":{"title":"Collar Mariposa Rosa - ROSE MVD","description":"Collar de Plata 925 elegancia y sutileza Delicada cadena tipo forcet. El centro del collar dije compuesto por dos peque\u00f1as mariposas, formadas con zirconias","robots":{"index":"index","follow":"follow","max-snippet":"max-snippet:-1","max-image-preview":"max-image-preview:large","max-video-preview":"max-video-preview:-1"},"canonical":"https:\/\/rosemvd.com\/index.php\/producto\/collar-mariposa-rosa\/","og_locale":"es_ES","og_type":"article","og_title":"Collar Mariposa Rosa - ROSE MVD","og_description":"Collar de Plata 925 elegancia y sutileza Delicada cadena tipo forcet. El centro del collar dije compuesto por dos peque\u00f1as mariposas, formadas con zirconias","og_url":"https:\/\/rosemvd.com\/index.php\/producto\/collar-mariposa-rosa\/","og_site_name":"ROSE MVD","article_publisher":"https:\/\/www.facebook.com\/TiendaRoseMvd","article_modified_time":"2026-04-20T13:43:45+00:00","og_image":[{"width":750,"height":750,"url":"https:\/\/rosemvd.com\/wp-content\/uploads\/2025\/03\/847a4a2a-3fa6-43c5-afea-e76e2b0f47db.jpg","type":"image\/jpeg"}],"twitter_card":"summary_large_image","twitter_misc":{"Tiempo de lectura":"1 minuto"},"schema":{"@context":"https:\/\/schema.org","@graph":[{"@type":"WebPage","@id":"https:\/\/rosemvd.com\/index.php\/producto\/collar-mariposa-rosa\/","url":"https:\/\/rosemvd.com\/index.php\/producto\/collar-mariposa-rosa\/","name":"Collar Mariposa Rosa - ROSE MVD","isPartOf":{"@id":"https:\/\/rosemvd.com\/#website"},"primaryImageOfPage":{"@id":"https:\/\/rosemvd.com\/index.php\/producto\/collar-mariposa-rosa\/#primaryimage"},"image":{"@id":"https:\/\/rosemvd.com\/index.php\/producto\/collar-mariposa-rosa\/#primaryimage"},"thumbnailUrl":"https:\/\/rosemvd.com\/wp-content\/uploads\/2025\/03\/847a4a2a-3fa6-43c5-afea-e76e2b0f47db.jpg","datePublished":"2025-03-10T18:06:35+00:00","dateModified":"2026-04-20T13:43:45+00:00","description":"Collar de Plata 925 elegancia y sutileza Delicada cadena tipo forcet. El centro del collar dije compuesto por dos peque\u00f1as mariposas, formadas con zirconias","breadcrumb":{"@id":"https:\/\/rosemvd.com\/index.php\/producto\/collar-mariposa-rosa\/#breadcrumb"},"inLanguage":"es","potentialAction":[{"@type":"ReadAction","target":["https:\/\/rosemvd.com\/index.php\/producto\/collar-mariposa-rosa\/"]}]},{"@type":"ImageObject","inLanguage":"es","@id":"https:\/\/rosemvd.com\/index.php\/producto\/collar-mariposa-rosa\/#primaryimage","url":"https:\/\/rosemvd.com\/wp-content\/uploads\/2025\/03\/847a4a2a-3fa6-43c5-afea-e76e2b0f47db.jpg","contentUrl":"https:\/\/rosemvd.com\/wp-content\/uploads\/2025\/03\/847a4a2a-3fa6-43c5-afea-e76e2b0f47db.jpg","width":750,"height":750},{"@type":"BreadcrumbList","@id":"https:\/\/rosemvd.com\/index.php\/producto\/collar-mariposa-rosa\/#breadcrumb","itemListElement":[{"@type":"ListItem","position":1,"name":"Portada","item":"https:\/\/rosemvd.com\/"},{"@type":"ListItem","position":2,"name":"Tienda","item":"https:\/\/rosemvd.com\/index.php\/tienda\/"},{"@type":"ListItem","position":3,"name":"Collar Mariposa Rosa"}]},{"@type":"WebSite","@id":"https:\/\/rosemvd.com\/#website","url":"https:\/\/rosemvd.com\/","name":"ROSE MVD","description":"Todo lo que no sab\u00edas que necesitabas, lo \u00faltimo en tendencia, utilidad e innovaci\u00f3n","publisher":{"@id":"https:\/\/rosemvd.com\/#organization"},"potentialAction":[{"@type":"SearchAction","target":{"@type":"EntryPoint","urlTemplate":"https:\/\/rosemvd.com\/?s={search_term_string}"},"query-input":{"@type":"PropertyValueSpecification","valueRequired":true,"valueName":"search_term_string"}}],"inLanguage":"es"},{"@type":"Organization","@id":"https:\/\/rosemvd.com\/#organization","name":"ROSE MVD","alternateName":"ROSE MVD","url":"https:\/\/rosemvd.com\/","logo":{"@type":"ImageObject","inLanguage":"es","@id":"https:\/\/rosemvd.com\/#\/schema\/logo\/image\/","url":"https:\/\/rosemvd.com\/wp-content\/uploads\/2023\/03\/Sin-titulo-2_Mesa-de-trabajo-1.png","contentUrl":"https:\/\/rosemvd.com\/wp-content\/uploads\/2023\/03\/Sin-titulo-2_Mesa-de-trabajo-1.png","width":2084,"height":2084,"caption":"ROSE MVD"},"image":{"@id":"https:\/\/rosemvd.com\/#\/schema\/logo\/image\/"},"sameAs":["https:\/\/www.facebook.com\/TiendaRoseMvd","https:\/\/www.instagram.com\/rose.mvd"]}]}},"_links":{"self":[{"href":"https:\/\/rosemvd.com\/index.php\/wp-json\/wp\/v2\/product\/12129","targetHints":{"allow":["GET"]}}],"collection":[{"href":"https:\/\/rosemvd.com\/index.php\/wp-json\/wp\/v2\/product"}],"about":[{"href":"https:\/\/rosemvd.com\/index.php\/wp-json\/wp\/v2\/types\/product"}],"wp:featuredmedia":[{"embeddable":true,"href":"https:\/\/rosemvd.com\/index.php\/wp-json\/wp\/v2\/media\/12132"}],"wp:attachment":[{"href":"https:\/\/rosemvd.com\/index.php\/wp-json\/wp\/v2\/media?parent=12129"}],"wp:term":[{"taxonomy":"product_brand","embeddable":true,"href":"https:\/\/rosemvd.com\/index.php\/wp-json\/wp\/v2\/product_brand?post=12129"},{"taxonomy":"product_cat","embeddable":true,"href":"https:\/\/rosemvd.com\/index.php\/wp-json\/wp\/v2\/product_cat?post=12129"},{"taxonomy":"product_tag","embeddable":true,"href":"https:\/\/rosemvd.com\/index.php\/wp-json\/wp\/v2\/product_tag?post=12129"}],"curies":[{"name":"wp","href":"https:\/\/api.w.org\/{rel}","templated":true}]}}