{"id":12121,"date":"2025-03-10T14:57:06","date_gmt":"2025-03-10T17:57:06","guid":{"rendered":"https:\/\/rosemvd.com\/?post_type=product&#038;p=12121"},"modified":"2026-04-20T10:39:47","modified_gmt":"2026-04-20T13:39:47","slug":"anillo-romantico","status":"publish","type":"product","link":"https:\/\/rosemvd.com\/index.php\/producto\/anillo-romantico\/","title":{"rendered":"Anillo Rom\u00e1ntico"},"content":{"rendered":"<div class=\"flex max-w-full flex-col flex-grow\">\n<div class=\"min-h-8 text-message relative flex w-full flex-col items-end gap-2 whitespace-normal break-words text-start [.text-message+&amp;]:mt-5\" dir=\"auto\" data-message-author-role=\"assistant\" data-message-id=\"19360af5-5ba7-4a88-acec-21746f934e9d\" data-message-model-slug=\"gpt-4o\">\n<div class=\"flex w-full flex-col gap-1 empty:hidden first:pt-[3px]\">\n<div class=\"markdown prose w-full break-words dark:prose-invert light\">\n<p data-start=\"0\" data-end=\"350\">Este delicado <strong data-start=\"14\" data-end=\"37\">anillo de Plata 925<\/strong> combina elegancia y romanticismo en un solo dise\u00f1o. Presenta un hermoso <strong data-start=\"110\" data-end=\"138\">dije en forma de coraz\u00f3n<\/strong> en el centro, hecho de <strong data-start=\"162\" data-end=\"187\">zirconia transparente<\/strong>, que resalta por su brillo y corte impecable. A lo largo del cintillo, peque\u00f1os detalles en forma de coraz\u00f3n a\u00f1aden un toque adicional de dulzura y sofisticaci\u00f3n.<\/p>\n<p data-start=\"352\" data-end=\"372\"><strong data-start=\"352\" data-end=\"371\">Caracter\u00edsticas<\/strong>:<\/p>\n<ul data-start=\"373\" data-end=\"571\">\n<li data-start=\"373\" data-end=\"415\"><strong data-start=\"375\" data-end=\"387\">Material<\/strong>: Plata 925 de alta calidad.<\/li>\n<li data-start=\"416\" data-end=\"467\"><strong data-start=\"418\" data-end=\"436\">Piedra central<\/strong>: Zirconia en forma de coraz\u00f3n.<\/li>\n<li data-start=\"468\" data-end=\"535\"><strong data-start=\"470\" data-end=\"484\">Decoraci\u00f3n<\/strong>: Detalles adicionales de corazones en el cintillo.<\/li>\n<li data-start=\"536\" data-end=\"571\"><strong data-start=\"538\" data-end=\"560\">Tallas disponibles<\/strong>: 6, 7 y 8.<\/li>\n<li data-start=\"536\" data-end=\"571\">Incluye caja<\/li>\n<\/ul>\n<p data-start=\"573\" data-end=\"713\" data-is-last-node=\"\" data-is-only-node=\"\">Este anillo es ideal para quienes buscan una joya con un toque rom\u00e1ntico y atemporal, perfecto para el uso diario o como un regalo especial.<\/p>\n<\/div>\n<\/div>\n<\/div>\n<\/div>\n","protected":false},"excerpt":{"rendered":"<p>Este delicado anillo de Plata 925 combina elegancia y romanticismo en un solo dise\u00f1o. Presenta un hermoso dije en forma de coraz\u00f3n en el centro, hecho de zirconia transparente, que resalta por su brillo y corte impecable. A lo largo del cintillo, peque\u00f1os detalles en forma de coraz\u00f3n a\u00f1aden un toque adicional de dulzura y [&hellip;]<\/p>\n","protected":false},"featured_media":12127,"template":"","meta":{"site-sidebar-layout":"default","site-content-layout":"","ast-site-content-layout":"default","site-content-style":"default","site-sidebar-style":"default","ast-global-header-display":"","ast-banner-title-visibility":"","ast-main-header-display":"","ast-hfb-above-header-display":"","ast-hfb-below-header-display":"","ast-hfb-mobile-header-display":"","site-post-title":"","ast-breadcrumbs-content":"","ast-featured-img":"","footer-sml-layout":"","ast-disable-related-posts":"","theme-transparent-header-meta":"default","adv-header-id-meta":"","stick-header-meta":"","header-above-stick-meta":"","header-main-stick-meta":"","header-below-stick-meta":"","astra-migrate-meta-layouts":"set","ast-page-background-enabled":"default","ast-page-background-meta":{"desktop":{"background-color":"var(--ast-global-color-4)","background-image":"","background-repeat":"repeat","background-position":"center center","background-size":"auto","background-attachment":"scroll","background-type":"","background-media":"","overlay-type":"","overlay-color":"","overlay-opacity":"","overlay-gradient":""},"tablet":{"background-color":"","background-image":"","background-repeat":"repeat","background-position":"center center","background-size":"auto","background-attachment":"scroll","background-type":"","background-media":"","overlay-type":"","overlay-color":"","overlay-opacity":"","overlay-gradient":""},"mobile":{"background-color":"","background-image":"","background-repeat":"repeat","background-position":"center center","background-size":"auto","background-attachment":"scroll","background-type":"","background-media":"","overlay-type":"","overlay-color":"","overlay-opacity":"","overlay-gradient":""}},"ast-content-background-meta":{"desktop":{"background-color":"var(--ast-global-color-5)","background-image":"","background-repeat":"repeat","background-position":"center center","background-size":"auto","background-attachment":"scroll","background-type":"","background-media":"","overlay-type":"","overlay-color":"","overlay-opacity":"","overlay-gradient":""},"tablet":{"background-color":"var(--ast-global-color-5)","background-image":"","background-repeat":"repeat","background-position":"center center","background-size":"auto","background-attachment":"scroll","background-type":"","background-media":"","overlay-type":"","overlay-color":"","overlay-opacity":"","overlay-gradient":""},"mobile":{"background-color":"var(--ast-global-color-5)","background-image":"","background-repeat":"repeat","background-position":"center center","background-size":"auto","background-attachment":"scroll","background-type":"","background-media":"","overlay-type":"","overlay-color":"","overlay-opacity":"","overlay-gradient":""}}},"product_brand":[],"product_cat":[100,102,445],"product_tag":[],"class_list":{"0":"post-12121","1":"product","2":"type-product","3":"status-publish","4":"has-post-thumbnail","6":"product_cat-anillos","7":"product_cat-anillos-plata-925","8":"product_cat-joyeria","9":"desktop-align-left","10":"tablet-align-left","11":"mobile-align-left","13":"first","14":"instock","15":"shipping-taxable","16":"purchasable","17":"product-type-variable"},"yoast_head":"<!-- This site is optimized with the Yoast SEO plugin v27.3 - https:\/\/yoast.com\/product\/yoast-seo-wordpress\/ -->\n<title>Anillo Rom\u00e1ntico - ROSE MVD<\/title>\n<meta name=\"description\" content=\"Anillo de Plata 925 combina elegancia y romanticismo. Forma de coraz\u00f3n en el centro, hecho de zirconia. Cintillo con peque\u00f1os detalles en forma de coraz\u00f3n\" \/>\n<meta name=\"robots\" content=\"index, follow, max-snippet:-1, max-image-preview:large, max-video-preview:-1\" \/>\n<link rel=\"canonical\" href=\"https:\/\/rosemvd.com\/index.php\/producto\/anillo-romantico\/\" \/>\n<meta property=\"og:locale\" content=\"es_ES\" \/>\n<meta property=\"og:type\" content=\"article\" \/>\n<meta property=\"og:title\" content=\"Anillo Rom\u00e1ntico - ROSE MVD\" \/>\n<meta property=\"og:description\" content=\"Anillo de Plata 925 combina elegancia y romanticismo. Forma de coraz\u00f3n en el centro, hecho de zirconia. Cintillo con peque\u00f1os detalles en forma de coraz\u00f3n\" \/>\n<meta property=\"og:url\" content=\"https:\/\/rosemvd.com\/index.php\/producto\/anillo-romantico\/\" \/>\n<meta property=\"og:site_name\" content=\"ROSE MVD\" \/>\n<meta property=\"article:publisher\" content=\"https:\/\/www.facebook.com\/TiendaRoseMvd\" \/>\n<meta property=\"article:modified_time\" content=\"2026-04-20T13:39:47+00:00\" \/>\n<meta property=\"og:image\" content=\"https:\/\/rosemvd.com\/wp-content\/uploads\/2025\/03\/39769f75-b9ad-4e1e-b873-e8b59105532b.jpg\" \/>\n\t<meta property=\"og:image:width\" content=\"750\" \/>\n\t<meta property=\"og:image:height\" content=\"750\" \/>\n\t<meta property=\"og:image:type\" content=\"image\/jpeg\" \/>\n<meta name=\"twitter:card\" content=\"summary_large_image\" \/>\n<meta name=\"twitter:label1\" content=\"Tiempo de lectura\" \/>\n\t<meta name=\"twitter:data1\" content=\"1 minuto\" \/>\n<script type=\"application\/ld+json\" class=\"yoast-schema-graph\">{\"@context\":\"https:\\\/\\\/schema.org\",\"@graph\":[{\"@type\":\"WebPage\",\"@id\":\"https:\\\/\\\/rosemvd.com\\\/index.php\\\/producto\\\/anillo-romantico\\\/\",\"url\":\"https:\\\/\\\/rosemvd.com\\\/index.php\\\/producto\\\/anillo-romantico\\\/\",\"name\":\"Anillo Rom\u00e1ntico - ROSE MVD\",\"isPartOf\":{\"@id\":\"https:\\\/\\\/rosemvd.com\\\/#website\"},\"primaryImageOfPage\":{\"@id\":\"https:\\\/\\\/rosemvd.com\\\/index.php\\\/producto\\\/anillo-romantico\\\/#primaryimage\"},\"image\":{\"@id\":\"https:\\\/\\\/rosemvd.com\\\/index.php\\\/producto\\\/anillo-romantico\\\/#primaryimage\"},\"thumbnailUrl\":\"https:\\\/\\\/rosemvd.com\\\/wp-content\\\/uploads\\\/2025\\\/03\\\/39769f75-b9ad-4e1e-b873-e8b59105532b.jpg\",\"datePublished\":\"2025-03-10T17:57:06+00:00\",\"dateModified\":\"2026-04-20T13:39:47+00:00\",\"description\":\"Anillo de Plata 925 combina elegancia y romanticismo. Forma de coraz\u00f3n en el centro, hecho de zirconia. Cintillo con peque\u00f1os detalles en forma de coraz\u00f3n\",\"breadcrumb\":{\"@id\":\"https:\\\/\\\/rosemvd.com\\\/index.php\\\/producto\\\/anillo-romantico\\\/#breadcrumb\"},\"inLanguage\":\"es\",\"potentialAction\":[{\"@type\":\"ReadAction\",\"target\":[\"https:\\\/\\\/rosemvd.com\\\/index.php\\\/producto\\\/anillo-romantico\\\/\"]}]},{\"@type\":\"ImageObject\",\"inLanguage\":\"es\",\"@id\":\"https:\\\/\\\/rosemvd.com\\\/index.php\\\/producto\\\/anillo-romantico\\\/#primaryimage\",\"url\":\"https:\\\/\\\/rosemvd.com\\\/wp-content\\\/uploads\\\/2025\\\/03\\\/39769f75-b9ad-4e1e-b873-e8b59105532b.jpg\",\"contentUrl\":\"https:\\\/\\\/rosemvd.com\\\/wp-content\\\/uploads\\\/2025\\\/03\\\/39769f75-b9ad-4e1e-b873-e8b59105532b.jpg\",\"width\":750,\"height\":750},{\"@type\":\"BreadcrumbList\",\"@id\":\"https:\\\/\\\/rosemvd.com\\\/index.php\\\/producto\\\/anillo-romantico\\\/#breadcrumb\",\"itemListElement\":[{\"@type\":\"ListItem\",\"position\":1,\"name\":\"Portada\",\"item\":\"https:\\\/\\\/rosemvd.com\\\/\"},{\"@type\":\"ListItem\",\"position\":2,\"name\":\"Tienda\",\"item\":\"https:\\\/\\\/rosemvd.com\\\/index.php\\\/tienda\\\/\"},{\"@type\":\"ListItem\",\"position\":3,\"name\":\"Anillo Rom\u00e1ntico\"}]},{\"@type\":\"WebSite\",\"@id\":\"https:\\\/\\\/rosemvd.com\\\/#website\",\"url\":\"https:\\\/\\\/rosemvd.com\\\/\",\"name\":\"ROSE MVD\",\"description\":\"Todo lo que no sab\u00edas que necesitabas, lo \u00faltimo en tendencia, utilidad e innovaci\u00f3n\",\"publisher\":{\"@id\":\"https:\\\/\\\/rosemvd.com\\\/#organization\"},\"potentialAction\":[{\"@type\":\"SearchAction\",\"target\":{\"@type\":\"EntryPoint\",\"urlTemplate\":\"https:\\\/\\\/rosemvd.com\\\/?s={search_term_string}\"},\"query-input\":{\"@type\":\"PropertyValueSpecification\",\"valueRequired\":true,\"valueName\":\"search_term_string\"}}],\"inLanguage\":\"es\"},{\"@type\":\"Organization\",\"@id\":\"https:\\\/\\\/rosemvd.com\\\/#organization\",\"name\":\"ROSE MVD\",\"alternateName\":\"ROSE MVD\",\"url\":\"https:\\\/\\\/rosemvd.com\\\/\",\"logo\":{\"@type\":\"ImageObject\",\"inLanguage\":\"es\",\"@id\":\"https:\\\/\\\/rosemvd.com\\\/#\\\/schema\\\/logo\\\/image\\\/\",\"url\":\"https:\\\/\\\/rosemvd.com\\\/wp-content\\\/uploads\\\/2023\\\/03\\\/Sin-titulo-2_Mesa-de-trabajo-1.png\",\"contentUrl\":\"https:\\\/\\\/rosemvd.com\\\/wp-content\\\/uploads\\\/2023\\\/03\\\/Sin-titulo-2_Mesa-de-trabajo-1.png\",\"width\":2084,\"height\":2084,\"caption\":\"ROSE MVD\"},\"image\":{\"@id\":\"https:\\\/\\\/rosemvd.com\\\/#\\\/schema\\\/logo\\\/image\\\/\"},\"sameAs\":[\"https:\\\/\\\/www.facebook.com\\\/TiendaRoseMvd\",\"https:\\\/\\\/www.instagram.com\\\/rose.mvd\"]}]}<\/script>\n<!-- \/ Yoast SEO plugin. -->","yoast_head_json":{"title":"Anillo Rom\u00e1ntico - ROSE MVD","description":"Anillo de Plata 925 combina elegancia y romanticismo. Forma de coraz\u00f3n en el centro, hecho de zirconia. Cintillo con peque\u00f1os detalles en forma de coraz\u00f3n","robots":{"index":"index","follow":"follow","max-snippet":"max-snippet:-1","max-image-preview":"max-image-preview:large","max-video-preview":"max-video-preview:-1"},"canonical":"https:\/\/rosemvd.com\/index.php\/producto\/anillo-romantico\/","og_locale":"es_ES","og_type":"article","og_title":"Anillo Rom\u00e1ntico - ROSE MVD","og_description":"Anillo de Plata 925 combina elegancia y romanticismo. Forma de coraz\u00f3n en el centro, hecho de zirconia. Cintillo con peque\u00f1os detalles en forma de coraz\u00f3n","og_url":"https:\/\/rosemvd.com\/index.php\/producto\/anillo-romantico\/","og_site_name":"ROSE MVD","article_publisher":"https:\/\/www.facebook.com\/TiendaRoseMvd","article_modified_time":"2026-04-20T13:39:47+00:00","og_image":[{"width":750,"height":750,"url":"https:\/\/rosemvd.com\/wp-content\/uploads\/2025\/03\/39769f75-b9ad-4e1e-b873-e8b59105532b.jpg","type":"image\/jpeg"}],"twitter_card":"summary_large_image","twitter_misc":{"Tiempo de lectura":"1 minuto"},"schema":{"@context":"https:\/\/schema.org","@graph":[{"@type":"WebPage","@id":"https:\/\/rosemvd.com\/index.php\/producto\/anillo-romantico\/","url":"https:\/\/rosemvd.com\/index.php\/producto\/anillo-romantico\/","name":"Anillo Rom\u00e1ntico - ROSE MVD","isPartOf":{"@id":"https:\/\/rosemvd.com\/#website"},"primaryImageOfPage":{"@id":"https:\/\/rosemvd.com\/index.php\/producto\/anillo-romantico\/#primaryimage"},"image":{"@id":"https:\/\/rosemvd.com\/index.php\/producto\/anillo-romantico\/#primaryimage"},"thumbnailUrl":"https:\/\/rosemvd.com\/wp-content\/uploads\/2025\/03\/39769f75-b9ad-4e1e-b873-e8b59105532b.jpg","datePublished":"2025-03-10T17:57:06+00:00","dateModified":"2026-04-20T13:39:47+00:00","description":"Anillo de Plata 925 combina elegancia y romanticismo. Forma de coraz\u00f3n en el centro, hecho de zirconia. Cintillo con peque\u00f1os detalles en forma de coraz\u00f3n","breadcrumb":{"@id":"https:\/\/rosemvd.com\/index.php\/producto\/anillo-romantico\/#breadcrumb"},"inLanguage":"es","potentialAction":[{"@type":"ReadAction","target":["https:\/\/rosemvd.com\/index.php\/producto\/anillo-romantico\/"]}]},{"@type":"ImageObject","inLanguage":"es","@id":"https:\/\/rosemvd.com\/index.php\/producto\/anillo-romantico\/#primaryimage","url":"https:\/\/rosemvd.com\/wp-content\/uploads\/2025\/03\/39769f75-b9ad-4e1e-b873-e8b59105532b.jpg","contentUrl":"https:\/\/rosemvd.com\/wp-content\/uploads\/2025\/03\/39769f75-b9ad-4e1e-b873-e8b59105532b.jpg","width":750,"height":750},{"@type":"BreadcrumbList","@id":"https:\/\/rosemvd.com\/index.php\/producto\/anillo-romantico\/#breadcrumb","itemListElement":[{"@type":"ListItem","position":1,"name":"Portada","item":"https:\/\/rosemvd.com\/"},{"@type":"ListItem","position":2,"name":"Tienda","item":"https:\/\/rosemvd.com\/index.php\/tienda\/"},{"@type":"ListItem","position":3,"name":"Anillo Rom\u00e1ntico"}]},{"@type":"WebSite","@id":"https:\/\/rosemvd.com\/#website","url":"https:\/\/rosemvd.com\/","name":"ROSE MVD","description":"Todo lo que no sab\u00edas que necesitabas, lo \u00faltimo en tendencia, utilidad e innovaci\u00f3n","publisher":{"@id":"https:\/\/rosemvd.com\/#organization"},"potentialAction":[{"@type":"SearchAction","target":{"@type":"EntryPoint","urlTemplate":"https:\/\/rosemvd.com\/?s={search_term_string}"},"query-input":{"@type":"PropertyValueSpecification","valueRequired":true,"valueName":"search_term_string"}}],"inLanguage":"es"},{"@type":"Organization","@id":"https:\/\/rosemvd.com\/#organization","name":"ROSE MVD","alternateName":"ROSE MVD","url":"https:\/\/rosemvd.com\/","logo":{"@type":"ImageObject","inLanguage":"es","@id":"https:\/\/rosemvd.com\/#\/schema\/logo\/image\/","url":"https:\/\/rosemvd.com\/wp-content\/uploads\/2023\/03\/Sin-titulo-2_Mesa-de-trabajo-1.png","contentUrl":"https:\/\/rosemvd.com\/wp-content\/uploads\/2023\/03\/Sin-titulo-2_Mesa-de-trabajo-1.png","width":2084,"height":2084,"caption":"ROSE MVD"},"image":{"@id":"https:\/\/rosemvd.com\/#\/schema\/logo\/image\/"},"sameAs":["https:\/\/www.facebook.com\/TiendaRoseMvd","https:\/\/www.instagram.com\/rose.mvd"]}]}},"_links":{"self":[{"href":"https:\/\/rosemvd.com\/index.php\/wp-json\/wp\/v2\/product\/12121","targetHints":{"allow":["GET"]}}],"collection":[{"href":"https:\/\/rosemvd.com\/index.php\/wp-json\/wp\/v2\/product"}],"about":[{"href":"https:\/\/rosemvd.com\/index.php\/wp-json\/wp\/v2\/types\/product"}],"wp:featuredmedia":[{"embeddable":true,"href":"https:\/\/rosemvd.com\/index.php\/wp-json\/wp\/v2\/media\/12127"}],"wp:attachment":[{"href":"https:\/\/rosemvd.com\/index.php\/wp-json\/wp\/v2\/media?parent=12121"}],"wp:term":[{"taxonomy":"product_brand","embeddable":true,"href":"https:\/\/rosemvd.com\/index.php\/wp-json\/wp\/v2\/product_brand?post=12121"},{"taxonomy":"product_cat","embeddable":true,"href":"https:\/\/rosemvd.com\/index.php\/wp-json\/wp\/v2\/product_cat?post=12121"},{"taxonomy":"product_tag","embeddable":true,"href":"https:\/\/rosemvd.com\/index.php\/wp-json\/wp\/v2\/product_tag?post=12121"}],"curies":[{"name":"wp","href":"https:\/\/api.w.org\/{rel}","templated":true}]}}