{"id":12068,"date":"2025-03-06T14:27:09","date_gmt":"2025-03-06T17:27:09","guid":{"rendered":"https:\/\/rosemvd.com\/?post_type=product&#038;p=12068"},"modified":"2025-07-09T17:47:46","modified_gmt":"2025-07-09T20:47:46","slug":"test-de-embarazo-1pc","status":"publish","type":"product","link":"https:\/\/rosemvd.com\/index.php\/producto\/test-de-embarazo-1pc\/","title":{"rendered":"Test de Embarazo 1pc"},"content":{"rendered":"<p data-start=\"0\" data-end=\"460\">Test de embarazo,\u00a0 f\u00e1cil y r\u00e1pido de usar, est\u00e1 dise\u00f1ado para detectar la hormona hCG en la orina, brindando un resultado claro y confiable en pocos minutos. Ofrece un 99% de efectividad al indicar el embarazo mediante dos l\u00edneas bien definidas. Las instrucciones indican que debe usarse 5 d\u00edas despu\u00e9s de un retraso en la menstruaci\u00f3n. Es recomendable utilizar la primera orina de la ma\u00f1ana para obtener resultados m\u00e1s precisos, ya que contiene los niveles m\u00e1s altos de hCG.<\/p>\n<p data-start=\"462\" data-end=\"493\"><strong>Para usarlo, sigue estos pasos:<\/strong><\/p>\n<ol data-start=\"494\" data-end=\"835\">\n<li data-start=\"494\" data-end=\"543\">Retira el test del envoltorio y quita la tapa.<\/li>\n<li data-start=\"544\" data-end=\"699\">Sost\u00e9n el test por el mango y coloca la punta absorbente en el flujo de orina durante al menos 5 segundos, o bien, sum\u00e9rgelo en un recipiente con orina.<\/li>\n<li data-start=\"700\" data-end=\"835\">Coloca el test en una superficie plana con la ventana de resultados hacia arriba y espera entre 3 a 5 minutos para ver el resultado.<\/li>\n<li data-start=\"700\" data-end=\"835\">Resultados:\n<ul data-start=\"494\" data-end=\"835\">\n<li data-start=\"700\" data-end=\"835\">Dos l\u00edneas &#8211; Positivo<\/li>\n<li data-start=\"700\" data-end=\"835\">Una l\u00ednea &#8211; Negativo<\/li>\n<li data-start=\"700\" data-end=\"835\">Ninguna l\u00ednea &#8211; Nulo\/Error<\/li>\n<\/ul>\n<\/li>\n<\/ol>\n","protected":false},"excerpt":{"rendered":"<p>Test de embarazo,\u00a0 f\u00e1cil y r\u00e1pido de usar, est\u00e1 dise\u00f1ado para detectar la hormona hCG en la orina, brindando un resultado claro y confiable en pocos minutos. Ofrece un 99% de efectividad al indicar el embarazo mediante dos l\u00edneas bien definidas. Las instrucciones indican que debe usarse 5 d\u00edas despu\u00e9s de un retraso en la [&hellip;]<\/p>\n","protected":false},"featured_media":12065,"template":"","meta":{"site-sidebar-layout":"default","site-content-layout":"","ast-site-content-layout":"default","site-content-style":"default","site-sidebar-style":"default","ast-global-header-display":"","ast-banner-title-visibility":"","ast-main-header-display":"","ast-hfb-above-header-display":"","ast-hfb-below-header-display":"","ast-hfb-mobile-header-display":"","site-post-title":"","ast-breadcrumbs-content":"","ast-featured-img":"","footer-sml-layout":"","ast-disable-related-posts":"","theme-transparent-header-meta":"default","adv-header-id-meta":"","stick-header-meta":"","header-above-stick-meta":"","header-main-stick-meta":"","header-below-stick-meta":"","astra-migrate-meta-layouts":"set","ast-page-background-enabled":"default","ast-page-background-meta":{"desktop":{"background-color":"var(--ast-global-color-4)","background-image":"","background-repeat":"repeat","background-position":"center center","background-size":"auto","background-attachment":"scroll","background-type":"","background-media":"","overlay-type":"","overlay-color":"","overlay-opacity":"","overlay-gradient":""},"tablet":{"background-color":"","background-image":"","background-repeat":"repeat","background-position":"center center","background-size":"auto","background-attachment":"scroll","background-type":"","background-media":"","overlay-type":"","overlay-color":"","overlay-opacity":"","overlay-gradient":""},"mobile":{"background-color":"","background-image":"","background-repeat":"repeat","background-position":"center center","background-size":"auto","background-attachment":"scroll","background-type":"","background-media":"","overlay-type":"","overlay-color":"","overlay-opacity":"","overlay-gradient":""}},"ast-content-background-meta":{"desktop":{"background-color":"var(--ast-global-color-5)","background-image":"","background-repeat":"repeat","background-position":"center center","background-size":"auto","background-attachment":"scroll","background-type":"","background-media":"","overlay-type":"","overlay-color":"","overlay-opacity":"","overlay-gradient":""},"tablet":{"background-color":"var(--ast-global-color-5)","background-image":"","background-repeat":"repeat","background-position":"center center","background-size":"auto","background-attachment":"scroll","background-type":"","background-media":"","overlay-type":"","overlay-color":"","overlay-opacity":"","overlay-gradient":""},"mobile":{"background-color":"var(--ast-global-color-5)","background-image":"","background-repeat":"repeat","background-position":"center center","background-size":"auto","background-attachment":"scroll","background-type":"","background-media":"","overlay-type":"","overlay-color":"","overlay-opacity":"","overlay-gradient":""}}},"product_brand":[],"product_cat":[368,428],"product_tag":[],"class_list":{"0":"post-12068","1":"product","2":"type-product","3":"status-publish","4":"has-post-thumbnail","6":"product_cat-otros","7":"product_cat-salud","8":"desktop-align-left","9":"tablet-align-left","10":"mobile-align-left","12":"first","13":"instock","14":"sale","15":"shipping-taxable","16":"purchasable","17":"product-type-simple"},"yoast_head":"<!-- This site is optimized with the Yoast SEO plugin v27.3 - https:\/\/yoast.com\/product\/yoast-seo-wordpress\/ -->\n<title>Test de Embarazo 1pc - ROSE MVD<\/title>\n<meta name=\"description\" content=\"F\u00e1cil y r\u00e1pido de usar, est\u00e1 dise\u00f1ado para detectar la hormona hCG en la orina, brindando un resultado claro y confiable en pocos minutos\" \/>\n<meta name=\"robots\" content=\"index, follow, max-snippet:-1, max-image-preview:large, max-video-preview:-1\" \/>\n<link rel=\"canonical\" href=\"https:\/\/rosemvd.com\/index.php\/producto\/test-de-embarazo-1pc\/\" \/>\n<meta property=\"og:locale\" content=\"es_ES\" \/>\n<meta property=\"og:type\" content=\"article\" \/>\n<meta property=\"og:title\" content=\"Test de Embarazo 1pc - ROSE MVD\" \/>\n<meta property=\"og:description\" content=\"F\u00e1cil y r\u00e1pido de usar, est\u00e1 dise\u00f1ado para detectar la hormona hCG en la orina, brindando un resultado claro y confiable en pocos minutos\" \/>\n<meta property=\"og:url\" content=\"https:\/\/rosemvd.com\/index.php\/producto\/test-de-embarazo-1pc\/\" \/>\n<meta property=\"og:site_name\" content=\"ROSE MVD\" \/>\n<meta property=\"article:publisher\" content=\"https:\/\/www.facebook.com\/TiendaRoseMvd\" \/>\n<meta property=\"article:modified_time\" content=\"2025-07-09T20:47:46+00:00\" \/>\n<meta property=\"og:image\" content=\"https:\/\/rosemvd.com\/wp-content\/uploads\/2025\/03\/799a570b-0357-4f51-8cd7-5c4b4153b9ba.jpg\" \/>\n\t<meta property=\"og:image:width\" content=\"750\" \/>\n\t<meta property=\"og:image:height\" content=\"610\" \/>\n\t<meta property=\"og:image:type\" content=\"image\/jpeg\" \/>\n<meta name=\"twitter:card\" content=\"summary_large_image\" \/>\n<meta name=\"twitter:label1\" content=\"Tiempo de lectura\" \/>\n\t<meta name=\"twitter:data1\" content=\"1 minuto\" \/>\n<script type=\"application\/ld+json\" class=\"yoast-schema-graph\">{\"@context\":\"https:\\\/\\\/schema.org\",\"@graph\":[{\"@type\":\"WebPage\",\"@id\":\"https:\\\/\\\/rosemvd.com\\\/index.php\\\/producto\\\/test-de-embarazo-1pc\\\/\",\"url\":\"https:\\\/\\\/rosemvd.com\\\/index.php\\\/producto\\\/test-de-embarazo-1pc\\\/\",\"name\":\"Test de Embarazo 1pc - ROSE MVD\",\"isPartOf\":{\"@id\":\"https:\\\/\\\/rosemvd.com\\\/#website\"},\"primaryImageOfPage\":{\"@id\":\"https:\\\/\\\/rosemvd.com\\\/index.php\\\/producto\\\/test-de-embarazo-1pc\\\/#primaryimage\"},\"image\":{\"@id\":\"https:\\\/\\\/rosemvd.com\\\/index.php\\\/producto\\\/test-de-embarazo-1pc\\\/#primaryimage\"},\"thumbnailUrl\":\"https:\\\/\\\/rosemvd.com\\\/wp-content\\\/uploads\\\/2025\\\/03\\\/799a570b-0357-4f51-8cd7-5c4b4153b9ba.jpg\",\"datePublished\":\"2025-03-06T17:27:09+00:00\",\"dateModified\":\"2025-07-09T20:47:46+00:00\",\"description\":\"F\u00e1cil y r\u00e1pido de usar, est\u00e1 dise\u00f1ado para detectar la hormona hCG en la orina, brindando un resultado claro y confiable en pocos minutos\",\"breadcrumb\":{\"@id\":\"https:\\\/\\\/rosemvd.com\\\/index.php\\\/producto\\\/test-de-embarazo-1pc\\\/#breadcrumb\"},\"inLanguage\":\"es\",\"potentialAction\":[{\"@type\":\"ReadAction\",\"target\":[\"https:\\\/\\\/rosemvd.com\\\/index.php\\\/producto\\\/test-de-embarazo-1pc\\\/\"]}]},{\"@type\":\"ImageObject\",\"inLanguage\":\"es\",\"@id\":\"https:\\\/\\\/rosemvd.com\\\/index.php\\\/producto\\\/test-de-embarazo-1pc\\\/#primaryimage\",\"url\":\"https:\\\/\\\/rosemvd.com\\\/wp-content\\\/uploads\\\/2025\\\/03\\\/799a570b-0357-4f51-8cd7-5c4b4153b9ba.jpg\",\"contentUrl\":\"https:\\\/\\\/rosemvd.com\\\/wp-content\\\/uploads\\\/2025\\\/03\\\/799a570b-0357-4f51-8cd7-5c4b4153b9ba.jpg\",\"width\":750,\"height\":610},{\"@type\":\"BreadcrumbList\",\"@id\":\"https:\\\/\\\/rosemvd.com\\\/index.php\\\/producto\\\/test-de-embarazo-1pc\\\/#breadcrumb\",\"itemListElement\":[{\"@type\":\"ListItem\",\"position\":1,\"name\":\"Portada\",\"item\":\"https:\\\/\\\/rosemvd.com\\\/\"},{\"@type\":\"ListItem\",\"position\":2,\"name\":\"Tienda\",\"item\":\"https:\\\/\\\/rosemvd.com\\\/index.php\\\/tienda\\\/\"},{\"@type\":\"ListItem\",\"position\":3,\"name\":\"Test de Embarazo 1pc\"}]},{\"@type\":\"WebSite\",\"@id\":\"https:\\\/\\\/rosemvd.com\\\/#website\",\"url\":\"https:\\\/\\\/rosemvd.com\\\/\",\"name\":\"ROSE MVD\",\"description\":\"Todo lo que buscas lo pod\u00e9s encontrar en rose mvd, especializados en traer todas las cosas nuevas en tendencia y accesorios diferentes y \u00fanicos.\",\"publisher\":{\"@id\":\"https:\\\/\\\/rosemvd.com\\\/#organization\"},\"potentialAction\":[{\"@type\":\"SearchAction\",\"target\":{\"@type\":\"EntryPoint\",\"urlTemplate\":\"https:\\\/\\\/rosemvd.com\\\/?s={search_term_string}\"},\"query-input\":{\"@type\":\"PropertyValueSpecification\",\"valueRequired\":true,\"valueName\":\"search_term_string\"}}],\"inLanguage\":\"es\"},{\"@type\":\"Organization\",\"@id\":\"https:\\\/\\\/rosemvd.com\\\/#organization\",\"name\":\"ROSE MVD\",\"alternateName\":\"ROSE MVD\",\"url\":\"https:\\\/\\\/rosemvd.com\\\/\",\"logo\":{\"@type\":\"ImageObject\",\"inLanguage\":\"es\",\"@id\":\"https:\\\/\\\/rosemvd.com\\\/#\\\/schema\\\/logo\\\/image\\\/\",\"url\":\"https:\\\/\\\/rosemvd.com\\\/wp-content\\\/uploads\\\/2023\\\/03\\\/Sin-titulo-2_Mesa-de-trabajo-1.png\",\"contentUrl\":\"https:\\\/\\\/rosemvd.com\\\/wp-content\\\/uploads\\\/2023\\\/03\\\/Sin-titulo-2_Mesa-de-trabajo-1.png\",\"width\":2084,\"height\":2084,\"caption\":\"ROSE MVD\"},\"image\":{\"@id\":\"https:\\\/\\\/rosemvd.com\\\/#\\\/schema\\\/logo\\\/image\\\/\"},\"sameAs\":[\"https:\\\/\\\/www.facebook.com\\\/TiendaRoseMvd\",\"https:\\\/\\\/www.instagram.com\\\/rose.mvd\"]}]}<\/script>\n<!-- \/ Yoast SEO plugin. -->","yoast_head_json":{"title":"Test de Embarazo 1pc - ROSE MVD","description":"F\u00e1cil y r\u00e1pido de usar, est\u00e1 dise\u00f1ado para detectar la hormona hCG en la orina, brindando un resultado claro y confiable en pocos minutos","robots":{"index":"index","follow":"follow","max-snippet":"max-snippet:-1","max-image-preview":"max-image-preview:large","max-video-preview":"max-video-preview:-1"},"canonical":"https:\/\/rosemvd.com\/index.php\/producto\/test-de-embarazo-1pc\/","og_locale":"es_ES","og_type":"article","og_title":"Test de Embarazo 1pc - ROSE MVD","og_description":"F\u00e1cil y r\u00e1pido de usar, est\u00e1 dise\u00f1ado para detectar la hormona hCG en la orina, brindando un resultado claro y confiable en pocos minutos","og_url":"https:\/\/rosemvd.com\/index.php\/producto\/test-de-embarazo-1pc\/","og_site_name":"ROSE MVD","article_publisher":"https:\/\/www.facebook.com\/TiendaRoseMvd","article_modified_time":"2025-07-09T20:47:46+00:00","og_image":[{"width":750,"height":610,"url":"https:\/\/rosemvd.com\/wp-content\/uploads\/2025\/03\/799a570b-0357-4f51-8cd7-5c4b4153b9ba.jpg","type":"image\/jpeg"}],"twitter_card":"summary_large_image","twitter_misc":{"Tiempo de lectura":"1 minuto"},"schema":{"@context":"https:\/\/schema.org","@graph":[{"@type":"WebPage","@id":"https:\/\/rosemvd.com\/index.php\/producto\/test-de-embarazo-1pc\/","url":"https:\/\/rosemvd.com\/index.php\/producto\/test-de-embarazo-1pc\/","name":"Test de Embarazo 1pc - ROSE MVD","isPartOf":{"@id":"https:\/\/rosemvd.com\/#website"},"primaryImageOfPage":{"@id":"https:\/\/rosemvd.com\/index.php\/producto\/test-de-embarazo-1pc\/#primaryimage"},"image":{"@id":"https:\/\/rosemvd.com\/index.php\/producto\/test-de-embarazo-1pc\/#primaryimage"},"thumbnailUrl":"https:\/\/rosemvd.com\/wp-content\/uploads\/2025\/03\/799a570b-0357-4f51-8cd7-5c4b4153b9ba.jpg","datePublished":"2025-03-06T17:27:09+00:00","dateModified":"2025-07-09T20:47:46+00:00","description":"F\u00e1cil y r\u00e1pido de usar, est\u00e1 dise\u00f1ado para detectar la hormona hCG en la orina, brindando un resultado claro y confiable en pocos minutos","breadcrumb":{"@id":"https:\/\/rosemvd.com\/index.php\/producto\/test-de-embarazo-1pc\/#breadcrumb"},"inLanguage":"es","potentialAction":[{"@type":"ReadAction","target":["https:\/\/rosemvd.com\/index.php\/producto\/test-de-embarazo-1pc\/"]}]},{"@type":"ImageObject","inLanguage":"es","@id":"https:\/\/rosemvd.com\/index.php\/producto\/test-de-embarazo-1pc\/#primaryimage","url":"https:\/\/rosemvd.com\/wp-content\/uploads\/2025\/03\/799a570b-0357-4f51-8cd7-5c4b4153b9ba.jpg","contentUrl":"https:\/\/rosemvd.com\/wp-content\/uploads\/2025\/03\/799a570b-0357-4f51-8cd7-5c4b4153b9ba.jpg","width":750,"height":610},{"@type":"BreadcrumbList","@id":"https:\/\/rosemvd.com\/index.php\/producto\/test-de-embarazo-1pc\/#breadcrumb","itemListElement":[{"@type":"ListItem","position":1,"name":"Portada","item":"https:\/\/rosemvd.com\/"},{"@type":"ListItem","position":2,"name":"Tienda","item":"https:\/\/rosemvd.com\/index.php\/tienda\/"},{"@type":"ListItem","position":3,"name":"Test de Embarazo 1pc"}]},{"@type":"WebSite","@id":"https:\/\/rosemvd.com\/#website","url":"https:\/\/rosemvd.com\/","name":"ROSE MVD","description":"Todo lo que buscas lo pod\u00e9s encontrar en rose mvd, especializados en traer todas las cosas nuevas en tendencia y accesorios diferentes y \u00fanicos.","publisher":{"@id":"https:\/\/rosemvd.com\/#organization"},"potentialAction":[{"@type":"SearchAction","target":{"@type":"EntryPoint","urlTemplate":"https:\/\/rosemvd.com\/?s={search_term_string}"},"query-input":{"@type":"PropertyValueSpecification","valueRequired":true,"valueName":"search_term_string"}}],"inLanguage":"es"},{"@type":"Organization","@id":"https:\/\/rosemvd.com\/#organization","name":"ROSE MVD","alternateName":"ROSE MVD","url":"https:\/\/rosemvd.com\/","logo":{"@type":"ImageObject","inLanguage":"es","@id":"https:\/\/rosemvd.com\/#\/schema\/logo\/image\/","url":"https:\/\/rosemvd.com\/wp-content\/uploads\/2023\/03\/Sin-titulo-2_Mesa-de-trabajo-1.png","contentUrl":"https:\/\/rosemvd.com\/wp-content\/uploads\/2023\/03\/Sin-titulo-2_Mesa-de-trabajo-1.png","width":2084,"height":2084,"caption":"ROSE MVD"},"image":{"@id":"https:\/\/rosemvd.com\/#\/schema\/logo\/image\/"},"sameAs":["https:\/\/www.facebook.com\/TiendaRoseMvd","https:\/\/www.instagram.com\/rose.mvd"]}]}},"_links":{"self":[{"href":"https:\/\/rosemvd.com\/index.php\/wp-json\/wp\/v2\/product\/12068","targetHints":{"allow":["GET"]}}],"collection":[{"href":"https:\/\/rosemvd.com\/index.php\/wp-json\/wp\/v2\/product"}],"about":[{"href":"https:\/\/rosemvd.com\/index.php\/wp-json\/wp\/v2\/types\/product"}],"wp:featuredmedia":[{"embeddable":true,"href":"https:\/\/rosemvd.com\/index.php\/wp-json\/wp\/v2\/media\/12065"}],"wp:attachment":[{"href":"https:\/\/rosemvd.com\/index.php\/wp-json\/wp\/v2\/media?parent=12068"}],"wp:term":[{"taxonomy":"product_brand","embeddable":true,"href":"https:\/\/rosemvd.com\/index.php\/wp-json\/wp\/v2\/product_brand?post=12068"},{"taxonomy":"product_cat","embeddable":true,"href":"https:\/\/rosemvd.com\/index.php\/wp-json\/wp\/v2\/product_cat?post=12068"},{"taxonomy":"product_tag","embeddable":true,"href":"https:\/\/rosemvd.com\/index.php\/wp-json\/wp\/v2\/product_tag?post=12068"}],"curies":[{"name":"wp","href":"https:\/\/api.w.org\/{rel}","templated":true}]}}