{"id":11858,"date":"2025-02-15T19:20:54","date_gmt":"2025-02-15T22:20:54","guid":{"rendered":"https:\/\/rosemvd.com\/?post_type=product&#038;p=11858"},"modified":"2026-04-21T21:43:07","modified_gmt":"2026-04-22T00:43:07","slug":"protectores-de-pie-talon-x5","status":"publish","type":"product","link":"https:\/\/rosemvd.com\/index.php\/producto\/protectores-de-pie-talon-x5\/","title":{"rendered":"Protectores De Pie\/Tal\u00f3n x5"},"content":{"rendered":"<p data-start=\"93\" data-end=\"298\">Protege tus pies con estos c\u00f3modos <strong data-start=\"128\" data-end=\"152\">protectores de tal\u00f3n<\/strong>. Dise\u00f1ados para proporcionar un acolchado suave que evita las rozaduras y ampollas, especialmente cuando usas zapatos ajustados o de tac\u00f3n alto.<\/p>\n<p data-start=\"300\" data-end=\"332\"><strong data-start=\"300\" data-end=\"332\">Caracter\u00edsticas principales:<\/strong><\/p>\n<ul data-start=\"333\" data-end=\"749\">\n<li data-start=\"333\" data-end=\"370\"><b>Pack de 5 unidades<\/b><\/li>\n<li><strong data-start=\"335\" data-end=\"346\">Tama\u00f1o:<\/strong> 5&#215;7 cm aproximadamente.<\/li>\n<li data-start=\"371\" data-end=\"510\"><strong data-start=\"373\" data-end=\"403\">Material suave y flexible:<\/strong> Acolchados de silicona o gel que se adaptan perfectamente al pie, brindando comodidad durante todo el d\u00eda.<\/li>\n<li data-start=\"511\" data-end=\"624\"><strong data-start=\"513\" data-end=\"540\">Prevenci\u00f3n de lesiones:<\/strong> Ayudan a reducir la fricci\u00f3n, protegiendo el tal\u00f3n y otras \u00e1reas sensibles del pie.<\/li>\n<li data-start=\"625\" data-end=\"749\"><strong data-start=\"627\" data-end=\"645\">F\u00e1cil de usar:<\/strong> Col\u00f3calos directamente en el \u00e1rea donde m\u00e1s los necesites y disfruta de una mayor comodidad al caminar.<\/li>\n<\/ul>\n<p data-start=\"751\" data-end=\"875\">Ideales para usar en zapatos ajustados o para aquellas personas que necesitan un alivio adicional durante el uso de tacones.<\/p>\n","protected":false},"excerpt":{"rendered":"<p>Protege tus pies con estos c\u00f3modos protectores de tal\u00f3n. Dise\u00f1ados para proporcionar un acolchado suave que evita las rozaduras y ampollas, especialmente cuando usas zapatos ajustados o de tac\u00f3n alto. Caracter\u00edsticas principales: Pack de 5 unidades Tama\u00f1o: 5&#215;7 cm aproximadamente. Material suave y flexible: Acolchados de silicona o gel que se adaptan perfectamente al pie, [&hellip;]<\/p>\n","protected":false},"featured_media":11862,"template":"","meta":{"site-sidebar-layout":"default","site-content-layout":"","ast-site-content-layout":"default","site-content-style":"default","site-sidebar-style":"default","ast-global-header-display":"","ast-banner-title-visibility":"","ast-main-header-display":"","ast-hfb-above-header-display":"","ast-hfb-below-header-display":"","ast-hfb-mobile-header-display":"","site-post-title":"","ast-breadcrumbs-content":"","ast-featured-img":"","footer-sml-layout":"","ast-disable-related-posts":"","theme-transparent-header-meta":"default","adv-header-id-meta":"","stick-header-meta":"","header-above-stick-meta":"","header-main-stick-meta":"","header-below-stick-meta":"","astra-migrate-meta-layouts":"set","ast-page-background-enabled":"default","ast-page-background-meta":{"desktop":{"background-color":"var(--ast-global-color-4)","background-image":"","background-repeat":"repeat","background-position":"center center","background-size":"auto","background-attachment":"scroll","background-type":"","background-media":"","overlay-type":"","overlay-color":"","overlay-opacity":"","overlay-gradient":""},"tablet":{"background-color":"","background-image":"","background-repeat":"repeat","background-position":"center center","background-size":"auto","background-attachment":"scroll","background-type":"","background-media":"","overlay-type":"","overlay-color":"","overlay-opacity":"","overlay-gradient":""},"mobile":{"background-color":"","background-image":"","background-repeat":"repeat","background-position":"center center","background-size":"auto","background-attachment":"scroll","background-type":"","background-media":"","overlay-type":"","overlay-color":"","overlay-opacity":"","overlay-gradient":""}},"ast-content-background-meta":{"desktop":{"background-color":"var(--ast-global-color-5)","background-image":"","background-repeat":"repeat","background-position":"center center","background-size":"auto","background-attachment":"scroll","background-type":"","background-media":"","overlay-type":"","overlay-color":"","overlay-opacity":"","overlay-gradient":""},"tablet":{"background-color":"var(--ast-global-color-5)","background-image":"","background-repeat":"repeat","background-position":"center center","background-size":"auto","background-attachment":"scroll","background-type":"","background-media":"","overlay-type":"","overlay-color":"","overlay-opacity":"","overlay-gradient":""},"mobile":{"background-color":"var(--ast-global-color-5)","background-image":"","background-repeat":"repeat","background-position":"center center","background-size":"auto","background-attachment":"scroll","background-type":"","background-media":"","overlay-type":"","overlay-color":"","overlay-opacity":"","overlay-gradient":""}}},"product_brand":[],"product_cat":[447,454,368],"product_tag":[],"class_list":{"0":"post-11858","1":"product","2":"type-product","3":"status-publish","4":"has-post-thumbnail","6":"product_cat-bienestar","7":"product_cat-cuerpo-y-bienestar","8":"product_cat-otros","9":"desktop-align-left","10":"tablet-align-left","11":"mobile-align-left","13":"first","14":"instock","15":"shipping-taxable","16":"purchasable","17":"product-type-simple"},"yoast_head":"<!-- This site is optimized with the Yoast SEO plugin v27.3 - https:\/\/yoast.com\/product\/yoast-seo-wordpress\/ -->\n<title>Protectores De Pie\/Tal\u00f3n x5 - ROSE MVD<\/title>\n<meta name=\"description\" content=\"Dise\u00f1ados para proporcionar un acolchado suave que evita las rozaduras y ampollas, especialmente cuando usas zapatos ajustados o de tac\u00f3n alto\" \/>\n<meta name=\"robots\" content=\"index, follow, max-snippet:-1, max-image-preview:large, max-video-preview:-1\" \/>\n<link rel=\"canonical\" href=\"https:\/\/rosemvd.com\/index.php\/producto\/protectores-de-pie-talon-x5\/\" \/>\n<meta property=\"og:locale\" content=\"es_ES\" \/>\n<meta property=\"og:type\" content=\"article\" \/>\n<meta property=\"og:title\" content=\"Protectores De Pie\/Tal\u00f3n x5 - ROSE MVD\" \/>\n<meta property=\"og:description\" content=\"Dise\u00f1ados para proporcionar un acolchado suave que evita las rozaduras y ampollas, especialmente cuando usas zapatos ajustados o de tac\u00f3n alto\" \/>\n<meta property=\"og:url\" content=\"https:\/\/rosemvd.com\/index.php\/producto\/protectores-de-pie-talon-x5\/\" \/>\n<meta property=\"og:site_name\" content=\"ROSE MVD\" \/>\n<meta property=\"article:publisher\" content=\"https:\/\/www.facebook.com\/TiendaRoseMvd\" \/>\n<meta property=\"article:modified_time\" content=\"2026-04-22T00:43:07+00:00\" \/>\n<meta property=\"og:image\" content=\"https:\/\/rosemvd.com\/wp-content\/uploads\/2025\/02\/D_NQ_NP_741137-MLU81775738546_012025-O.webp\" \/>\n\t<meta property=\"og:image:width\" content=\"500\" \/>\n\t<meta property=\"og:image:height\" content=\"499\" \/>\n\t<meta property=\"og:image:type\" content=\"image\/webp\" \/>\n<meta name=\"twitter:card\" content=\"summary_large_image\" \/>\n<meta name=\"twitter:label1\" content=\"Tiempo de lectura\" \/>\n\t<meta name=\"twitter:data1\" content=\"1 minuto\" \/>\n<script type=\"application\/ld+json\" class=\"yoast-schema-graph\">{\"@context\":\"https:\\\/\\\/schema.org\",\"@graph\":[{\"@type\":\"WebPage\",\"@id\":\"https:\\\/\\\/rosemvd.com\\\/index.php\\\/producto\\\/protectores-de-pie-talon-x5\\\/\",\"url\":\"https:\\\/\\\/rosemvd.com\\\/index.php\\\/producto\\\/protectores-de-pie-talon-x5\\\/\",\"name\":\"Protectores De Pie\\\/Tal\u00f3n x5 - ROSE MVD\",\"isPartOf\":{\"@id\":\"https:\\\/\\\/rosemvd.com\\\/#website\"},\"primaryImageOfPage\":{\"@id\":\"https:\\\/\\\/rosemvd.com\\\/index.php\\\/producto\\\/protectores-de-pie-talon-x5\\\/#primaryimage\"},\"image\":{\"@id\":\"https:\\\/\\\/rosemvd.com\\\/index.php\\\/producto\\\/protectores-de-pie-talon-x5\\\/#primaryimage\"},\"thumbnailUrl\":\"https:\\\/\\\/rosemvd.com\\\/wp-content\\\/uploads\\\/2025\\\/02\\\/D_NQ_NP_741137-MLU81775738546_012025-O.webp\",\"datePublished\":\"2025-02-15T22:20:54+00:00\",\"dateModified\":\"2026-04-22T00:43:07+00:00\",\"description\":\"Dise\u00f1ados para proporcionar un acolchado suave que evita las rozaduras y ampollas, especialmente cuando usas zapatos ajustados o de tac\u00f3n alto\",\"breadcrumb\":{\"@id\":\"https:\\\/\\\/rosemvd.com\\\/index.php\\\/producto\\\/protectores-de-pie-talon-x5\\\/#breadcrumb\"},\"inLanguage\":\"es\",\"potentialAction\":[{\"@type\":\"ReadAction\",\"target\":[\"https:\\\/\\\/rosemvd.com\\\/index.php\\\/producto\\\/protectores-de-pie-talon-x5\\\/\"]}]},{\"@type\":\"ImageObject\",\"inLanguage\":\"es\",\"@id\":\"https:\\\/\\\/rosemvd.com\\\/index.php\\\/producto\\\/protectores-de-pie-talon-x5\\\/#primaryimage\",\"url\":\"https:\\\/\\\/rosemvd.com\\\/wp-content\\\/uploads\\\/2025\\\/02\\\/D_NQ_NP_741137-MLU81775738546_012025-O.webp\",\"contentUrl\":\"https:\\\/\\\/rosemvd.com\\\/wp-content\\\/uploads\\\/2025\\\/02\\\/D_NQ_NP_741137-MLU81775738546_012025-O.webp\",\"width\":500,\"height\":499},{\"@type\":\"BreadcrumbList\",\"@id\":\"https:\\\/\\\/rosemvd.com\\\/index.php\\\/producto\\\/protectores-de-pie-talon-x5\\\/#breadcrumb\",\"itemListElement\":[{\"@type\":\"ListItem\",\"position\":1,\"name\":\"Portada\",\"item\":\"https:\\\/\\\/rosemvd.com\\\/\"},{\"@type\":\"ListItem\",\"position\":2,\"name\":\"Tienda\",\"item\":\"https:\\\/\\\/rosemvd.com\\\/index.php\\\/tienda\\\/\"},{\"@type\":\"ListItem\",\"position\":3,\"name\":\"Protectores De Pie\\\/Tal\u00f3n x5\"}]},{\"@type\":\"WebSite\",\"@id\":\"https:\\\/\\\/rosemvd.com\\\/#website\",\"url\":\"https:\\\/\\\/rosemvd.com\\\/\",\"name\":\"ROSE MVD\",\"description\":\"Todo lo que buscas lo pod\u00e9s encontrar en rose mvd, especializados en traer todas las cosas nuevas en tendencia y accesorios diferentes y \u00fanicos.\",\"publisher\":{\"@id\":\"https:\\\/\\\/rosemvd.com\\\/#organization\"},\"potentialAction\":[{\"@type\":\"SearchAction\",\"target\":{\"@type\":\"EntryPoint\",\"urlTemplate\":\"https:\\\/\\\/rosemvd.com\\\/?s={search_term_string}\"},\"query-input\":{\"@type\":\"PropertyValueSpecification\",\"valueRequired\":true,\"valueName\":\"search_term_string\"}}],\"inLanguage\":\"es\"},{\"@type\":\"Organization\",\"@id\":\"https:\\\/\\\/rosemvd.com\\\/#organization\",\"name\":\"ROSE MVD\",\"alternateName\":\"ROSE MVD\",\"url\":\"https:\\\/\\\/rosemvd.com\\\/\",\"logo\":{\"@type\":\"ImageObject\",\"inLanguage\":\"es\",\"@id\":\"https:\\\/\\\/rosemvd.com\\\/#\\\/schema\\\/logo\\\/image\\\/\",\"url\":\"https:\\\/\\\/rosemvd.com\\\/wp-content\\\/uploads\\\/2023\\\/03\\\/Sin-titulo-2_Mesa-de-trabajo-1.png\",\"contentUrl\":\"https:\\\/\\\/rosemvd.com\\\/wp-content\\\/uploads\\\/2023\\\/03\\\/Sin-titulo-2_Mesa-de-trabajo-1.png\",\"width\":2084,\"height\":2084,\"caption\":\"ROSE MVD\"},\"image\":{\"@id\":\"https:\\\/\\\/rosemvd.com\\\/#\\\/schema\\\/logo\\\/image\\\/\"},\"sameAs\":[\"https:\\\/\\\/www.facebook.com\\\/TiendaRoseMvd\",\"https:\\\/\\\/www.instagram.com\\\/rose.mvd\"]}]}<\/script>\n<!-- \/ Yoast SEO plugin. -->","yoast_head_json":{"title":"Protectores De Pie\/Tal\u00f3n x5 - ROSE MVD","description":"Dise\u00f1ados para proporcionar un acolchado suave que evita las rozaduras y ampollas, especialmente cuando usas zapatos ajustados o de tac\u00f3n alto","robots":{"index":"index","follow":"follow","max-snippet":"max-snippet:-1","max-image-preview":"max-image-preview:large","max-video-preview":"max-video-preview:-1"},"canonical":"https:\/\/rosemvd.com\/index.php\/producto\/protectores-de-pie-talon-x5\/","og_locale":"es_ES","og_type":"article","og_title":"Protectores De Pie\/Tal\u00f3n x5 - ROSE MVD","og_description":"Dise\u00f1ados para proporcionar un acolchado suave que evita las rozaduras y ampollas, especialmente cuando usas zapatos ajustados o de tac\u00f3n alto","og_url":"https:\/\/rosemvd.com\/index.php\/producto\/protectores-de-pie-talon-x5\/","og_site_name":"ROSE MVD","article_publisher":"https:\/\/www.facebook.com\/TiendaRoseMvd","article_modified_time":"2026-04-22T00:43:07+00:00","og_image":[{"width":500,"height":499,"url":"https:\/\/rosemvd.com\/wp-content\/uploads\/2025\/02\/D_NQ_NP_741137-MLU81775738546_012025-O.webp","type":"image\/webp"}],"twitter_card":"summary_large_image","twitter_misc":{"Tiempo de lectura":"1 minuto"},"schema":{"@context":"https:\/\/schema.org","@graph":[{"@type":"WebPage","@id":"https:\/\/rosemvd.com\/index.php\/producto\/protectores-de-pie-talon-x5\/","url":"https:\/\/rosemvd.com\/index.php\/producto\/protectores-de-pie-talon-x5\/","name":"Protectores De Pie\/Tal\u00f3n x5 - ROSE MVD","isPartOf":{"@id":"https:\/\/rosemvd.com\/#website"},"primaryImageOfPage":{"@id":"https:\/\/rosemvd.com\/index.php\/producto\/protectores-de-pie-talon-x5\/#primaryimage"},"image":{"@id":"https:\/\/rosemvd.com\/index.php\/producto\/protectores-de-pie-talon-x5\/#primaryimage"},"thumbnailUrl":"https:\/\/rosemvd.com\/wp-content\/uploads\/2025\/02\/D_NQ_NP_741137-MLU81775738546_012025-O.webp","datePublished":"2025-02-15T22:20:54+00:00","dateModified":"2026-04-22T00:43:07+00:00","description":"Dise\u00f1ados para proporcionar un acolchado suave que evita las rozaduras y ampollas, especialmente cuando usas zapatos ajustados o de tac\u00f3n alto","breadcrumb":{"@id":"https:\/\/rosemvd.com\/index.php\/producto\/protectores-de-pie-talon-x5\/#breadcrumb"},"inLanguage":"es","potentialAction":[{"@type":"ReadAction","target":["https:\/\/rosemvd.com\/index.php\/producto\/protectores-de-pie-talon-x5\/"]}]},{"@type":"ImageObject","inLanguage":"es","@id":"https:\/\/rosemvd.com\/index.php\/producto\/protectores-de-pie-talon-x5\/#primaryimage","url":"https:\/\/rosemvd.com\/wp-content\/uploads\/2025\/02\/D_NQ_NP_741137-MLU81775738546_012025-O.webp","contentUrl":"https:\/\/rosemvd.com\/wp-content\/uploads\/2025\/02\/D_NQ_NP_741137-MLU81775738546_012025-O.webp","width":500,"height":499},{"@type":"BreadcrumbList","@id":"https:\/\/rosemvd.com\/index.php\/producto\/protectores-de-pie-talon-x5\/#breadcrumb","itemListElement":[{"@type":"ListItem","position":1,"name":"Portada","item":"https:\/\/rosemvd.com\/"},{"@type":"ListItem","position":2,"name":"Tienda","item":"https:\/\/rosemvd.com\/index.php\/tienda\/"},{"@type":"ListItem","position":3,"name":"Protectores De Pie\/Tal\u00f3n x5"}]},{"@type":"WebSite","@id":"https:\/\/rosemvd.com\/#website","url":"https:\/\/rosemvd.com\/","name":"ROSE MVD","description":"Todo lo que buscas lo pod\u00e9s encontrar en rose mvd, especializados en traer todas las cosas nuevas en tendencia y accesorios diferentes y \u00fanicos.","publisher":{"@id":"https:\/\/rosemvd.com\/#organization"},"potentialAction":[{"@type":"SearchAction","target":{"@type":"EntryPoint","urlTemplate":"https:\/\/rosemvd.com\/?s={search_term_string}"},"query-input":{"@type":"PropertyValueSpecification","valueRequired":true,"valueName":"search_term_string"}}],"inLanguage":"es"},{"@type":"Organization","@id":"https:\/\/rosemvd.com\/#organization","name":"ROSE MVD","alternateName":"ROSE MVD","url":"https:\/\/rosemvd.com\/","logo":{"@type":"ImageObject","inLanguage":"es","@id":"https:\/\/rosemvd.com\/#\/schema\/logo\/image\/","url":"https:\/\/rosemvd.com\/wp-content\/uploads\/2023\/03\/Sin-titulo-2_Mesa-de-trabajo-1.png","contentUrl":"https:\/\/rosemvd.com\/wp-content\/uploads\/2023\/03\/Sin-titulo-2_Mesa-de-trabajo-1.png","width":2084,"height":2084,"caption":"ROSE MVD"},"image":{"@id":"https:\/\/rosemvd.com\/#\/schema\/logo\/image\/"},"sameAs":["https:\/\/www.facebook.com\/TiendaRoseMvd","https:\/\/www.instagram.com\/rose.mvd"]}]}},"_links":{"self":[{"href":"https:\/\/rosemvd.com\/index.php\/wp-json\/wp\/v2\/product\/11858","targetHints":{"allow":["GET"]}}],"collection":[{"href":"https:\/\/rosemvd.com\/index.php\/wp-json\/wp\/v2\/product"}],"about":[{"href":"https:\/\/rosemvd.com\/index.php\/wp-json\/wp\/v2\/types\/product"}],"wp:featuredmedia":[{"embeddable":true,"href":"https:\/\/rosemvd.com\/index.php\/wp-json\/wp\/v2\/media\/11862"}],"wp:attachment":[{"href":"https:\/\/rosemvd.com\/index.php\/wp-json\/wp\/v2\/media?parent=11858"}],"wp:term":[{"taxonomy":"product_brand","embeddable":true,"href":"https:\/\/rosemvd.com\/index.php\/wp-json\/wp\/v2\/product_brand?post=11858"},{"taxonomy":"product_cat","embeddable":true,"href":"https:\/\/rosemvd.com\/index.php\/wp-json\/wp\/v2\/product_cat?post=11858"},{"taxonomy":"product_tag","embeddable":true,"href":"https:\/\/rosemvd.com\/index.php\/wp-json\/wp\/v2\/product_tag?post=11858"}],"curies":[{"name":"wp","href":"https:\/\/api.w.org\/{rel}","templated":true}]}}