{"id":11687,"date":"2025-01-28T16:21:50","date_gmt":"2025-01-28T19:21:50","guid":{"rendered":"https:\/\/rosemvd.com\/?post_type=product&#038;p=11687"},"modified":"2025-09-29T16:47:26","modified_gmt":"2025-09-29T19:47:26","slug":"collar-perla-de-los-deseos","status":"publish","type":"product","link":"https:\/\/rosemvd.com\/index.php\/producto\/collar-perla-de-los-deseos\/","title":{"rendered":"Collar Perla de los Deseos"},"content":{"rendered":"<p>Descubre la emoci\u00f3n de abrir uno de los tesoros m\u00e1s fascinantes de la naturaleza.<\/p>\n<p><strong>Kit de Perla Cultivada en su Ostra<\/strong><br \/>\nUn regalo \u00fanico y sorprendente que te permite crear una joya m\u00e1gica y elegante.<\/p>\n<p><strong>Caracter\u00edsticas del kit:<\/strong><\/p>\n<ul>\n<li>Ostra dentro de una lata al vac\u00edo con f\u00e1cil apertura.<\/li>\n<li>Cadena de 50 cm de longitud.<\/li>\n<li>Dimensiones del kit: 18 cm de largo, 10 cm de ancho y 3 cm de altura.<\/li>\n<\/ul>\n<p><strong>Perlas \u00fanicas y naturales:<\/strong><br \/>\nCada perla es cultivada en agua dulce y su tama\u00f1o var\u00eda entre 5.0 mm y 9.0 mm, dependiendo de su madurez. Ninguna perla es igual, por lo que el color, la forma y el tama\u00f1o que recibas ser\u00e1n completamente \u00fanicos.<\/p>\n<p><strong>Cinco colores de perlas, cada uno con su propio significado:<\/strong><\/p>\n<ul>\n<li><strong>Blanco:<\/strong> Salud.<\/li>\n<li><strong>Crema:<\/strong> Felicidad.<\/li>\n<li><strong>Durazno:<\/strong> Amor.<\/li>\n<li><strong>Lavanda:<\/strong> Sabidur\u00eda.<\/li>\n<li><strong>Dorado:<\/strong> Riqueza.<\/li>\n<\/ul>\n<p><strong>Instrucciones:<\/strong><\/p>\n<ol>\n<li>Abre la lata que contiene la ostra.<\/li>\n<li>Pide un deseo y abre la ostra para descubrir tu perla de la suerte.<\/li>\n<li>Coloca cuidadosamente la perla en el collar y deslumbra con tu nueva joya.<\/li>\n<\/ol>\n<p><strong>Contenido del kit:<\/strong><\/p>\n<ul>\n<li>Lata con sistema de apertura f\u00e1cil para retirar la ostra.<\/li>\n<li>1 perla cultivada en ostra de agua dulce, 100% real y \u00fanica.<\/li>\n<li>Cadena de acero con forma de jaula para sostener la perla.<\/li>\n<\/ul>\n<p>Sorprende con un detalle diferente y especial, creando una joya que combina naturaleza, elegancia y magia en un solo accesorio.<\/p>\n","protected":false},"excerpt":{"rendered":"<p>Descubre la emoci\u00f3n de abrir uno de los tesoros m\u00e1s fascinantes de la naturaleza. Kit de Perla Cultivada en su Ostra Un regalo \u00fanico y sorprendente que te permite crear una joya m\u00e1gica y elegante. Caracter\u00edsticas del kit: Ostra dentro de una lata al vac\u00edo con f\u00e1cil apertura. Cadena de 50 cm de longitud. Dimensiones [&hellip;]<\/p>\n","protected":false},"featured_media":11717,"template":"","meta":{"site-sidebar-layout":"default","site-content-layout":"","ast-site-content-layout":"default","site-content-style":"default","site-sidebar-style":"default","ast-global-header-display":"","ast-banner-title-visibility":"","ast-main-header-display":"","ast-hfb-above-header-display":"","ast-hfb-below-header-display":"","ast-hfb-mobile-header-display":"","site-post-title":"","ast-breadcrumbs-content":"","ast-featured-img":"","footer-sml-layout":"","ast-disable-related-posts":"","theme-transparent-header-meta":"default","adv-header-id-meta":"","stick-header-meta":"","header-above-stick-meta":"","header-main-stick-meta":"","header-below-stick-meta":"","astra-migrate-meta-layouts":"set","ast-page-background-enabled":"default","ast-page-background-meta":{"desktop":{"background-color":"var(--ast-global-color-4)","background-image":"","background-repeat":"repeat","background-position":"center center","background-size":"auto","background-attachment":"scroll","background-type":"","background-media":"","overlay-type":"","overlay-color":"","overlay-opacity":"","overlay-gradient":""},"tablet":{"background-color":"","background-image":"","background-repeat":"repeat","background-position":"center center","background-size":"auto","background-attachment":"scroll","background-type":"","background-media":"","overlay-type":"","overlay-color":"","overlay-opacity":"","overlay-gradient":""},"mobile":{"background-color":"","background-image":"","background-repeat":"repeat","background-position":"center center","background-size":"auto","background-attachment":"scroll","background-type":"","background-media":"","overlay-type":"","overlay-color":"","overlay-opacity":"","overlay-gradient":""}},"ast-content-background-meta":{"desktop":{"background-color":"var(--ast-global-color-5)","background-image":"","background-repeat":"repeat","background-position":"center center","background-size":"auto","background-attachment":"scroll","background-type":"","background-media":"","overlay-type":"","overlay-color":"","overlay-opacity":"","overlay-gradient":""},"tablet":{"background-color":"var(--ast-global-color-5)","background-image":"","background-repeat":"repeat","background-position":"center center","background-size":"auto","background-attachment":"scroll","background-type":"","background-media":"","overlay-type":"","overlay-color":"","overlay-opacity":"","overlay-gradient":""},"mobile":{"background-color":"var(--ast-global-color-5)","background-image":"","background-repeat":"repeat","background-position":"center center","background-size":"auto","background-attachment":"scroll","background-type":"","background-media":"","overlay-type":"","overlay-color":"","overlay-opacity":"","overlay-gradient":""}}},"product_brand":[],"product_cat":[184,188],"product_tag":[],"class_list":{"0":"post-11687","1":"product","2":"type-product","3":"status-publish","4":"has-post-thumbnail","6":"product_cat-collares","7":"product_cat-collares-acero","8":"desktop-align-left","9":"tablet-align-left","10":"mobile-align-left","12":"first","13":"instock","14":"sale","15":"shipping-taxable","16":"purchasable","17":"product-type-simple"},"yoast_head":"<!-- This site is optimized with the Yoast SEO plugin v27.3 - https:\/\/yoast.com\/product\/yoast-seo-wordpress\/ -->\n<title>Collar Perla de los Deseos - ROSE MVD<\/title>\n<meta name=\"description\" content=\"Descubre la emoci\u00f3n de abrir uno de los tesoros m\u00e1s fascinantes de la naturaleza. regalo \u00fanico y sorprendente que te permite crear una joya m\u00e1gica\" \/>\n<meta name=\"robots\" content=\"index, follow, max-snippet:-1, max-image-preview:large, max-video-preview:-1\" \/>\n<link rel=\"canonical\" href=\"https:\/\/rosemvd.com\/index.php\/producto\/collar-perla-de-los-deseos\/\" \/>\n<meta property=\"og:locale\" content=\"es_ES\" \/>\n<meta property=\"og:type\" content=\"article\" \/>\n<meta property=\"og:title\" content=\"Collar Perla de los Deseos - ROSE MVD\" \/>\n<meta property=\"og:description\" content=\"Descubre la emoci\u00f3n de abrir uno de los tesoros m\u00e1s fascinantes de la naturaleza. regalo \u00fanico y sorprendente que te permite crear una joya m\u00e1gica\" \/>\n<meta property=\"og:url\" content=\"https:\/\/rosemvd.com\/index.php\/producto\/collar-perla-de-los-deseos\/\" \/>\n<meta property=\"og:site_name\" content=\"ROSE MVD\" \/>\n<meta property=\"article:publisher\" content=\"https:\/\/www.facebook.com\/TiendaRoseMvd\" \/>\n<meta property=\"article:modified_time\" content=\"2025-09-29T19:47:26+00:00\" \/>\n<meta property=\"og:image\" content=\"https:\/\/rosemvd.com\/wp-content\/uploads\/2025\/01\/WhatsApp-Image-2025-01-30-at-10.44.51-AM-scaled.jpeg\" \/>\n\t<meta property=\"og:image:width\" content=\"2048\" \/>\n\t<meta property=\"og:image:height\" content=\"2560\" \/>\n\t<meta property=\"og:image:type\" content=\"image\/jpeg\" \/>\n<meta name=\"twitter:card\" content=\"summary_large_image\" \/>\n<meta name=\"twitter:label1\" content=\"Tiempo de lectura\" \/>\n\t<meta name=\"twitter:data1\" content=\"2 minutos\" \/>\n<script type=\"application\/ld+json\" class=\"yoast-schema-graph\">{\"@context\":\"https:\\\/\\\/schema.org\",\"@graph\":[{\"@type\":\"WebPage\",\"@id\":\"https:\\\/\\\/rosemvd.com\\\/index.php\\\/producto\\\/collar-perla-de-los-deseos\\\/\",\"url\":\"https:\\\/\\\/rosemvd.com\\\/index.php\\\/producto\\\/collar-perla-de-los-deseos\\\/\",\"name\":\"Collar Perla de los Deseos - ROSE MVD\",\"isPartOf\":{\"@id\":\"https:\\\/\\\/rosemvd.com\\\/#website\"},\"primaryImageOfPage\":{\"@id\":\"https:\\\/\\\/rosemvd.com\\\/index.php\\\/producto\\\/collar-perla-de-los-deseos\\\/#primaryimage\"},\"image\":{\"@id\":\"https:\\\/\\\/rosemvd.com\\\/index.php\\\/producto\\\/collar-perla-de-los-deseos\\\/#primaryimage\"},\"thumbnailUrl\":\"https:\\\/\\\/rosemvd.com\\\/wp-content\\\/uploads\\\/2025\\\/01\\\/WhatsApp-Image-2025-01-30-at-10.44.51-AM-scaled.jpeg\",\"datePublished\":\"2025-01-28T19:21:50+00:00\",\"dateModified\":\"2025-09-29T19:47:26+00:00\",\"description\":\"Descubre la emoci\u00f3n de abrir uno de los tesoros m\u00e1s fascinantes de la naturaleza. regalo \u00fanico y sorprendente que te permite crear una joya m\u00e1gica\",\"breadcrumb\":{\"@id\":\"https:\\\/\\\/rosemvd.com\\\/index.php\\\/producto\\\/collar-perla-de-los-deseos\\\/#breadcrumb\"},\"inLanguage\":\"es\",\"potentialAction\":[{\"@type\":\"ReadAction\",\"target\":[\"https:\\\/\\\/rosemvd.com\\\/index.php\\\/producto\\\/collar-perla-de-los-deseos\\\/\"]}]},{\"@type\":\"ImageObject\",\"inLanguage\":\"es\",\"@id\":\"https:\\\/\\\/rosemvd.com\\\/index.php\\\/producto\\\/collar-perla-de-los-deseos\\\/#primaryimage\",\"url\":\"https:\\\/\\\/rosemvd.com\\\/wp-content\\\/uploads\\\/2025\\\/01\\\/WhatsApp-Image-2025-01-30-at-10.44.51-AM-scaled.jpeg\",\"contentUrl\":\"https:\\\/\\\/rosemvd.com\\\/wp-content\\\/uploads\\\/2025\\\/01\\\/WhatsApp-Image-2025-01-30-at-10.44.51-AM-scaled.jpeg\",\"width\":2048,\"height\":2560},{\"@type\":\"BreadcrumbList\",\"@id\":\"https:\\\/\\\/rosemvd.com\\\/index.php\\\/producto\\\/collar-perla-de-los-deseos\\\/#breadcrumb\",\"itemListElement\":[{\"@type\":\"ListItem\",\"position\":1,\"name\":\"Portada\",\"item\":\"https:\\\/\\\/rosemvd.com\\\/\"},{\"@type\":\"ListItem\",\"position\":2,\"name\":\"Tienda\",\"item\":\"https:\\\/\\\/rosemvd.com\\\/index.php\\\/tienda\\\/\"},{\"@type\":\"ListItem\",\"position\":3,\"name\":\"Collar Perla de los Deseos\"}]},{\"@type\":\"WebSite\",\"@id\":\"https:\\\/\\\/rosemvd.com\\\/#website\",\"url\":\"https:\\\/\\\/rosemvd.com\\\/\",\"name\":\"ROSE MVD\",\"description\":\"Todo lo que buscas lo pod\u00e9s encontrar en rose mvd, especializados en traer todas las cosas nuevas en tendencia y accesorios diferentes y \u00fanicos.\",\"publisher\":{\"@id\":\"https:\\\/\\\/rosemvd.com\\\/#organization\"},\"potentialAction\":[{\"@type\":\"SearchAction\",\"target\":{\"@type\":\"EntryPoint\",\"urlTemplate\":\"https:\\\/\\\/rosemvd.com\\\/?s={search_term_string}\"},\"query-input\":{\"@type\":\"PropertyValueSpecification\",\"valueRequired\":true,\"valueName\":\"search_term_string\"}}],\"inLanguage\":\"es\"},{\"@type\":\"Organization\",\"@id\":\"https:\\\/\\\/rosemvd.com\\\/#organization\",\"name\":\"ROSE MVD\",\"alternateName\":\"ROSE MVD\",\"url\":\"https:\\\/\\\/rosemvd.com\\\/\",\"logo\":{\"@type\":\"ImageObject\",\"inLanguage\":\"es\",\"@id\":\"https:\\\/\\\/rosemvd.com\\\/#\\\/schema\\\/logo\\\/image\\\/\",\"url\":\"https:\\\/\\\/rosemvd.com\\\/wp-content\\\/uploads\\\/2023\\\/03\\\/Sin-titulo-2_Mesa-de-trabajo-1.png\",\"contentUrl\":\"https:\\\/\\\/rosemvd.com\\\/wp-content\\\/uploads\\\/2023\\\/03\\\/Sin-titulo-2_Mesa-de-trabajo-1.png\",\"width\":2084,\"height\":2084,\"caption\":\"ROSE MVD\"},\"image\":{\"@id\":\"https:\\\/\\\/rosemvd.com\\\/#\\\/schema\\\/logo\\\/image\\\/\"},\"sameAs\":[\"https:\\\/\\\/www.facebook.com\\\/TiendaRoseMvd\",\"https:\\\/\\\/www.instagram.com\\\/rose.mvd\"]}]}<\/script>\n<!-- \/ Yoast SEO plugin. -->","yoast_head_json":{"title":"Collar Perla de los Deseos - ROSE MVD","description":"Descubre la emoci\u00f3n de abrir uno de los tesoros m\u00e1s fascinantes de la naturaleza. regalo \u00fanico y sorprendente que te permite crear una joya m\u00e1gica","robots":{"index":"index","follow":"follow","max-snippet":"max-snippet:-1","max-image-preview":"max-image-preview:large","max-video-preview":"max-video-preview:-1"},"canonical":"https:\/\/rosemvd.com\/index.php\/producto\/collar-perla-de-los-deseos\/","og_locale":"es_ES","og_type":"article","og_title":"Collar Perla de los Deseos - ROSE MVD","og_description":"Descubre la emoci\u00f3n de abrir uno de los tesoros m\u00e1s fascinantes de la naturaleza. regalo \u00fanico y sorprendente que te permite crear una joya m\u00e1gica","og_url":"https:\/\/rosemvd.com\/index.php\/producto\/collar-perla-de-los-deseos\/","og_site_name":"ROSE MVD","article_publisher":"https:\/\/www.facebook.com\/TiendaRoseMvd","article_modified_time":"2025-09-29T19:47:26+00:00","og_image":[{"width":2048,"height":2560,"url":"https:\/\/rosemvd.com\/wp-content\/uploads\/2025\/01\/WhatsApp-Image-2025-01-30-at-10.44.51-AM-scaled.jpeg","type":"image\/jpeg"}],"twitter_card":"summary_large_image","twitter_misc":{"Tiempo de lectura":"2 minutos"},"schema":{"@context":"https:\/\/schema.org","@graph":[{"@type":"WebPage","@id":"https:\/\/rosemvd.com\/index.php\/producto\/collar-perla-de-los-deseos\/","url":"https:\/\/rosemvd.com\/index.php\/producto\/collar-perla-de-los-deseos\/","name":"Collar Perla de los Deseos - ROSE MVD","isPartOf":{"@id":"https:\/\/rosemvd.com\/#website"},"primaryImageOfPage":{"@id":"https:\/\/rosemvd.com\/index.php\/producto\/collar-perla-de-los-deseos\/#primaryimage"},"image":{"@id":"https:\/\/rosemvd.com\/index.php\/producto\/collar-perla-de-los-deseos\/#primaryimage"},"thumbnailUrl":"https:\/\/rosemvd.com\/wp-content\/uploads\/2025\/01\/WhatsApp-Image-2025-01-30-at-10.44.51-AM-scaled.jpeg","datePublished":"2025-01-28T19:21:50+00:00","dateModified":"2025-09-29T19:47:26+00:00","description":"Descubre la emoci\u00f3n de abrir uno de los tesoros m\u00e1s fascinantes de la naturaleza. regalo \u00fanico y sorprendente que te permite crear una joya m\u00e1gica","breadcrumb":{"@id":"https:\/\/rosemvd.com\/index.php\/producto\/collar-perla-de-los-deseos\/#breadcrumb"},"inLanguage":"es","potentialAction":[{"@type":"ReadAction","target":["https:\/\/rosemvd.com\/index.php\/producto\/collar-perla-de-los-deseos\/"]}]},{"@type":"ImageObject","inLanguage":"es","@id":"https:\/\/rosemvd.com\/index.php\/producto\/collar-perla-de-los-deseos\/#primaryimage","url":"https:\/\/rosemvd.com\/wp-content\/uploads\/2025\/01\/WhatsApp-Image-2025-01-30-at-10.44.51-AM-scaled.jpeg","contentUrl":"https:\/\/rosemvd.com\/wp-content\/uploads\/2025\/01\/WhatsApp-Image-2025-01-30-at-10.44.51-AM-scaled.jpeg","width":2048,"height":2560},{"@type":"BreadcrumbList","@id":"https:\/\/rosemvd.com\/index.php\/producto\/collar-perla-de-los-deseos\/#breadcrumb","itemListElement":[{"@type":"ListItem","position":1,"name":"Portada","item":"https:\/\/rosemvd.com\/"},{"@type":"ListItem","position":2,"name":"Tienda","item":"https:\/\/rosemvd.com\/index.php\/tienda\/"},{"@type":"ListItem","position":3,"name":"Collar Perla de los Deseos"}]},{"@type":"WebSite","@id":"https:\/\/rosemvd.com\/#website","url":"https:\/\/rosemvd.com\/","name":"ROSE MVD","description":"Todo lo que buscas lo pod\u00e9s encontrar en rose mvd, especializados en traer todas las cosas nuevas en tendencia y accesorios diferentes y \u00fanicos.","publisher":{"@id":"https:\/\/rosemvd.com\/#organization"},"potentialAction":[{"@type":"SearchAction","target":{"@type":"EntryPoint","urlTemplate":"https:\/\/rosemvd.com\/?s={search_term_string}"},"query-input":{"@type":"PropertyValueSpecification","valueRequired":true,"valueName":"search_term_string"}}],"inLanguage":"es"},{"@type":"Organization","@id":"https:\/\/rosemvd.com\/#organization","name":"ROSE MVD","alternateName":"ROSE MVD","url":"https:\/\/rosemvd.com\/","logo":{"@type":"ImageObject","inLanguage":"es","@id":"https:\/\/rosemvd.com\/#\/schema\/logo\/image\/","url":"https:\/\/rosemvd.com\/wp-content\/uploads\/2023\/03\/Sin-titulo-2_Mesa-de-trabajo-1.png","contentUrl":"https:\/\/rosemvd.com\/wp-content\/uploads\/2023\/03\/Sin-titulo-2_Mesa-de-trabajo-1.png","width":2084,"height":2084,"caption":"ROSE MVD"},"image":{"@id":"https:\/\/rosemvd.com\/#\/schema\/logo\/image\/"},"sameAs":["https:\/\/www.facebook.com\/TiendaRoseMvd","https:\/\/www.instagram.com\/rose.mvd"]}]}},"_links":{"self":[{"href":"https:\/\/rosemvd.com\/index.php\/wp-json\/wp\/v2\/product\/11687","targetHints":{"allow":["GET"]}}],"collection":[{"href":"https:\/\/rosemvd.com\/index.php\/wp-json\/wp\/v2\/product"}],"about":[{"href":"https:\/\/rosemvd.com\/index.php\/wp-json\/wp\/v2\/types\/product"}],"wp:featuredmedia":[{"embeddable":true,"href":"https:\/\/rosemvd.com\/index.php\/wp-json\/wp\/v2\/media\/11717"}],"wp:attachment":[{"href":"https:\/\/rosemvd.com\/index.php\/wp-json\/wp\/v2\/media?parent=11687"}],"wp:term":[{"taxonomy":"product_brand","embeddable":true,"href":"https:\/\/rosemvd.com\/index.php\/wp-json\/wp\/v2\/product_brand?post=11687"},{"taxonomy":"product_cat","embeddable":true,"href":"https:\/\/rosemvd.com\/index.php\/wp-json\/wp\/v2\/product_cat?post=11687"},{"taxonomy":"product_tag","embeddable":true,"href":"https:\/\/rosemvd.com\/index.php\/wp-json\/wp\/v2\/product_tag?post=11687"}],"curies":[{"name":"wp","href":"https:\/\/api.w.org\/{rel}","templated":true}]}}