{"id":11674,"date":"2025-01-28T16:46:01","date_gmt":"2025-01-28T19:46:01","guid":{"rendered":"https:\/\/rosemvd.com\/?post_type=product&#038;p=11674"},"modified":"2025-01-28T16:46:01","modified_gmt":"2025-01-28T19:46:01","slug":"piercing-aro-doble-borla","status":"publish","type":"product","link":"https:\/\/rosemvd.com\/index.php\/producto\/piercing-aro-doble-borla\/","title":{"rendered":"Piercing Aro doble borla"},"content":{"rendered":"<p><strong>PRECIO POR UNIDAD<\/strong><\/p>\n<p>Piercings circulares, dise\u00f1ados tanto para la nariz como para la oreja, disponibles en tres tama\u00f1os diferentes: 8 mm, 10 mm y 12 mm de di\u00e1metro. Estos piercings se destacan por su dise\u00f1o sencillo y elegante, ideal para quienes buscan una opci\u00f3n vers\u00e1til y discreta.<\/p>\n<p><strong>Caracter\u00edsticas clave:<\/strong><\/p>\n<ul>\n<li><strong>Tama\u00f1os:<\/strong> Vienen en tres tama\u00f1os distintos: 8 mm, 10 mm y 12 mm, lo que permite elegir el que mejor se adapte a las preferencias o la zona del cuerpo donde se desea usar.<\/li>\n<li><strong>Material:<\/strong> Fabricados en acero quir\u00fargico o acero inoxidable, lo que los hace resistentes a la corrosi\u00f3n, hipoalerg\u00e9nicos y seguros para el uso en perforaciones.<\/li>\n<li><strong>Dise\u00f1o:<\/strong> El dise\u00f1o es de herradura, con dos esferas en cada extremo que mantienen el piercing en su lugar. Es un estilo simple pero moderno que se adapta bien tanto a la nariz como a las orejas.<\/li>\n<\/ul>\n<p>Estos piercings son ideales para quienes buscan un accesorio vers\u00e1til, resistente y con un dise\u00f1o cl\u00e1sico que se adapte a distintas zonas de perforaci\u00f3n.<\/p>\n","protected":false},"excerpt":{"rendered":"<p>PRECIO POR UNIDAD Piercings circulares, dise\u00f1ados tanto para la nariz como para la oreja, disponibles en tres tama\u00f1os diferentes: 8 mm, 10 mm y 12 mm de di\u00e1metro. Estos piercings se destacan por su dise\u00f1o sencillo y elegante, ideal para quienes buscan una opci\u00f3n vers\u00e1til y discreta. Caracter\u00edsticas clave: Tama\u00f1os: Vienen en tres tama\u00f1os distintos: [&hellip;]<\/p>\n","protected":false},"featured_media":11676,"template":"","meta":{"site-sidebar-layout":"default","site-content-layout":"","ast-site-content-layout":"default","site-content-style":"default","site-sidebar-style":"default","ast-global-header-display":"","ast-banner-title-visibility":"","ast-main-header-display":"","ast-hfb-above-header-display":"","ast-hfb-below-header-display":"","ast-hfb-mobile-header-display":"","site-post-title":"","ast-breadcrumbs-content":"","ast-featured-img":"","footer-sml-layout":"","ast-disable-related-posts":"","theme-transparent-header-meta":"default","adv-header-id-meta":"","stick-header-meta":"","header-above-stick-meta":"","header-main-stick-meta":"","header-below-stick-meta":"","astra-migrate-meta-layouts":"set","ast-page-background-enabled":"default","ast-page-background-meta":{"desktop":{"background-color":"var(--ast-global-color-4)","background-image":"","background-repeat":"repeat","background-position":"center center","background-size":"auto","background-attachment":"scroll","background-type":"","background-media":"","overlay-type":"","overlay-color":"","overlay-opacity":"","overlay-gradient":""},"tablet":{"background-color":"","background-image":"","background-repeat":"repeat","background-position":"center center","background-size":"auto","background-attachment":"scroll","background-type":"","background-media":"","overlay-type":"","overlay-color":"","overlay-opacity":"","overlay-gradient":""},"mobile":{"background-color":"","background-image":"","background-repeat":"repeat","background-position":"center center","background-size":"auto","background-attachment":"scroll","background-type":"","background-media":"","overlay-type":"","overlay-color":"","overlay-opacity":"","overlay-gradient":""}},"ast-content-background-meta":{"desktop":{"background-color":"var(--ast-global-color-5)","background-image":"","background-repeat":"repeat","background-position":"center center","background-size":"auto","background-attachment":"scroll","background-type":"","background-media":"","overlay-type":"","overlay-color":"","overlay-opacity":"","overlay-gradient":""},"tablet":{"background-color":"var(--ast-global-color-5)","background-image":"","background-repeat":"repeat","background-position":"center center","background-size":"auto","background-attachment":"scroll","background-type":"","background-media":"","overlay-type":"","overlay-color":"","overlay-opacity":"","overlay-gradient":""},"mobile":{"background-color":"var(--ast-global-color-5)","background-image":"","background-repeat":"repeat","background-position":"center center","background-size":"auto","background-attachment":"scroll","background-type":"","background-media":"","overlay-type":"","overlay-color":"","overlay-opacity":"","overlay-gradient":""}}},"product_brand":[],"product_cat":[426,413],"product_tag":[],"class_list":{"0":"post-11674","1":"product","2":"type-product","3":"status-publish","4":"has-post-thumbnail","6":"product_cat-nariz","7":"product_cat-piercing-reales","8":"desktop-align-left","9":"tablet-align-left","10":"mobile-align-left","12":"first","13":"instock","14":"shipping-taxable","15":"purchasable","16":"product-type-variable"},"yoast_head":"<!-- This site is optimized with the Yoast SEO plugin v27.3 - https:\/\/yoast.com\/product\/yoast-seo-wordpress\/ -->\n<title>Piercing Aro doble borla - ROSE MVD<\/title>\n<meta name=\"description\" content=\"Piercings circulares, dise\u00f1ados tanto para la nariz como para la oreja, disponibles en tres tama\u00f1os diferentes: 8 mm, 10 mm y 12 mm de di\u00e1metro.\" \/>\n<meta name=\"robots\" content=\"index, follow, max-snippet:-1, max-image-preview:large, max-video-preview:-1\" \/>\n<link rel=\"canonical\" href=\"https:\/\/rosemvd.com\/index.php\/producto\/piercing-aro-doble-borla\/\" \/>\n<meta property=\"og:locale\" content=\"es_ES\" \/>\n<meta property=\"og:type\" content=\"article\" \/>\n<meta property=\"og:title\" content=\"Piercing Aro doble borla - ROSE MVD\" \/>\n<meta property=\"og:description\" content=\"Piercings circulares, dise\u00f1ados tanto para la nariz como para la oreja, disponibles en tres tama\u00f1os diferentes: 8 mm, 10 mm y 12 mm de di\u00e1metro.\" \/>\n<meta property=\"og:url\" content=\"https:\/\/rosemvd.com\/index.php\/producto\/piercing-aro-doble-borla\/\" \/>\n<meta property=\"og:site_name\" content=\"ROSE MVD\" \/>\n<meta property=\"article:publisher\" content=\"https:\/\/www.facebook.com\/TiendaRoseMvd\" \/>\n<meta property=\"og:image\" content=\"https:\/\/rosemvd.com\/wp-content\/uploads\/2025\/01\/61GQyoDlq6L._AC_SX522_-1.jpg\" \/>\n\t<meta property=\"og:image:width\" content=\"522\" \/>\n\t<meta property=\"og:image:height\" content=\"522\" \/>\n\t<meta property=\"og:image:type\" content=\"image\/jpeg\" \/>\n<meta name=\"twitter:card\" content=\"summary_large_image\" \/>\n<meta name=\"twitter:label1\" content=\"Tiempo de lectura\" \/>\n\t<meta name=\"twitter:data1\" content=\"1 minuto\" \/>\n<script type=\"application\/ld+json\" class=\"yoast-schema-graph\">{\"@context\":\"https:\\\/\\\/schema.org\",\"@graph\":[{\"@type\":\"WebPage\",\"@id\":\"https:\\\/\\\/rosemvd.com\\\/index.php\\\/producto\\\/piercing-aro-doble-borla\\\/\",\"url\":\"https:\\\/\\\/rosemvd.com\\\/index.php\\\/producto\\\/piercing-aro-doble-borla\\\/\",\"name\":\"Piercing Aro doble borla - ROSE MVD\",\"isPartOf\":{\"@id\":\"https:\\\/\\\/rosemvd.com\\\/#website\"},\"primaryImageOfPage\":{\"@id\":\"https:\\\/\\\/rosemvd.com\\\/index.php\\\/producto\\\/piercing-aro-doble-borla\\\/#primaryimage\"},\"image\":{\"@id\":\"https:\\\/\\\/rosemvd.com\\\/index.php\\\/producto\\\/piercing-aro-doble-borla\\\/#primaryimage\"},\"thumbnailUrl\":\"https:\\\/\\\/rosemvd.com\\\/wp-content\\\/uploads\\\/2025\\\/01\\\/61GQyoDlq6L._AC_SX522_-1.jpg\",\"datePublished\":\"2025-01-28T19:46:01+00:00\",\"description\":\"Piercings circulares, dise\u00f1ados tanto para la nariz como para la oreja, disponibles en tres tama\u00f1os diferentes: 8 mm, 10 mm y 12 mm de di\u00e1metro.\",\"breadcrumb\":{\"@id\":\"https:\\\/\\\/rosemvd.com\\\/index.php\\\/producto\\\/piercing-aro-doble-borla\\\/#breadcrumb\"},\"inLanguage\":\"es\",\"potentialAction\":[{\"@type\":\"ReadAction\",\"target\":[\"https:\\\/\\\/rosemvd.com\\\/index.php\\\/producto\\\/piercing-aro-doble-borla\\\/\"]}]},{\"@type\":\"ImageObject\",\"inLanguage\":\"es\",\"@id\":\"https:\\\/\\\/rosemvd.com\\\/index.php\\\/producto\\\/piercing-aro-doble-borla\\\/#primaryimage\",\"url\":\"https:\\\/\\\/rosemvd.com\\\/wp-content\\\/uploads\\\/2025\\\/01\\\/61GQyoDlq6L._AC_SX522_-1.jpg\",\"contentUrl\":\"https:\\\/\\\/rosemvd.com\\\/wp-content\\\/uploads\\\/2025\\\/01\\\/61GQyoDlq6L._AC_SX522_-1.jpg\",\"width\":522,\"height\":522},{\"@type\":\"BreadcrumbList\",\"@id\":\"https:\\\/\\\/rosemvd.com\\\/index.php\\\/producto\\\/piercing-aro-doble-borla\\\/#breadcrumb\",\"itemListElement\":[{\"@type\":\"ListItem\",\"position\":1,\"name\":\"Portada\",\"item\":\"https:\\\/\\\/rosemvd.com\\\/\"},{\"@type\":\"ListItem\",\"position\":2,\"name\":\"Tienda\",\"item\":\"https:\\\/\\\/rosemvd.com\\\/index.php\\\/tienda\\\/\"},{\"@type\":\"ListItem\",\"position\":3,\"name\":\"Piercing Aro doble borla\"}]},{\"@type\":\"WebSite\",\"@id\":\"https:\\\/\\\/rosemvd.com\\\/#website\",\"url\":\"https:\\\/\\\/rosemvd.com\\\/\",\"name\":\"ROSE MVD\",\"description\":\"Todo lo que buscas lo pod\u00e9s encontrar en rose mvd, especializados en traer todas las cosas nuevas en tendencia y accesorios diferentes y \u00fanicos.\",\"publisher\":{\"@id\":\"https:\\\/\\\/rosemvd.com\\\/#organization\"},\"potentialAction\":[{\"@type\":\"SearchAction\",\"target\":{\"@type\":\"EntryPoint\",\"urlTemplate\":\"https:\\\/\\\/rosemvd.com\\\/?s={search_term_string}\"},\"query-input\":{\"@type\":\"PropertyValueSpecification\",\"valueRequired\":true,\"valueName\":\"search_term_string\"}}],\"inLanguage\":\"es\"},{\"@type\":\"Organization\",\"@id\":\"https:\\\/\\\/rosemvd.com\\\/#organization\",\"name\":\"ROSE MVD\",\"alternateName\":\"ROSE MVD\",\"url\":\"https:\\\/\\\/rosemvd.com\\\/\",\"logo\":{\"@type\":\"ImageObject\",\"inLanguage\":\"es\",\"@id\":\"https:\\\/\\\/rosemvd.com\\\/#\\\/schema\\\/logo\\\/image\\\/\",\"url\":\"https:\\\/\\\/rosemvd.com\\\/wp-content\\\/uploads\\\/2023\\\/03\\\/Sin-titulo-2_Mesa-de-trabajo-1.png\",\"contentUrl\":\"https:\\\/\\\/rosemvd.com\\\/wp-content\\\/uploads\\\/2023\\\/03\\\/Sin-titulo-2_Mesa-de-trabajo-1.png\",\"width\":2084,\"height\":2084,\"caption\":\"ROSE MVD\"},\"image\":{\"@id\":\"https:\\\/\\\/rosemvd.com\\\/#\\\/schema\\\/logo\\\/image\\\/\"},\"sameAs\":[\"https:\\\/\\\/www.facebook.com\\\/TiendaRoseMvd\",\"https:\\\/\\\/www.instagram.com\\\/rose.mvd\"]}]}<\/script>\n<!-- \/ Yoast SEO plugin. -->","yoast_head_json":{"title":"Piercing Aro doble borla - ROSE MVD","description":"Piercings circulares, dise\u00f1ados tanto para la nariz como para la oreja, disponibles en tres tama\u00f1os diferentes: 8 mm, 10 mm y 12 mm de di\u00e1metro.","robots":{"index":"index","follow":"follow","max-snippet":"max-snippet:-1","max-image-preview":"max-image-preview:large","max-video-preview":"max-video-preview:-1"},"canonical":"https:\/\/rosemvd.com\/index.php\/producto\/piercing-aro-doble-borla\/","og_locale":"es_ES","og_type":"article","og_title":"Piercing Aro doble borla - ROSE MVD","og_description":"Piercings circulares, dise\u00f1ados tanto para la nariz como para la oreja, disponibles en tres tama\u00f1os diferentes: 8 mm, 10 mm y 12 mm de di\u00e1metro.","og_url":"https:\/\/rosemvd.com\/index.php\/producto\/piercing-aro-doble-borla\/","og_site_name":"ROSE MVD","article_publisher":"https:\/\/www.facebook.com\/TiendaRoseMvd","og_image":[{"width":522,"height":522,"url":"https:\/\/rosemvd.com\/wp-content\/uploads\/2025\/01\/61GQyoDlq6L._AC_SX522_-1.jpg","type":"image\/jpeg"}],"twitter_card":"summary_large_image","twitter_misc":{"Tiempo de lectura":"1 minuto"},"schema":{"@context":"https:\/\/schema.org","@graph":[{"@type":"WebPage","@id":"https:\/\/rosemvd.com\/index.php\/producto\/piercing-aro-doble-borla\/","url":"https:\/\/rosemvd.com\/index.php\/producto\/piercing-aro-doble-borla\/","name":"Piercing Aro doble borla - ROSE MVD","isPartOf":{"@id":"https:\/\/rosemvd.com\/#website"},"primaryImageOfPage":{"@id":"https:\/\/rosemvd.com\/index.php\/producto\/piercing-aro-doble-borla\/#primaryimage"},"image":{"@id":"https:\/\/rosemvd.com\/index.php\/producto\/piercing-aro-doble-borla\/#primaryimage"},"thumbnailUrl":"https:\/\/rosemvd.com\/wp-content\/uploads\/2025\/01\/61GQyoDlq6L._AC_SX522_-1.jpg","datePublished":"2025-01-28T19:46:01+00:00","description":"Piercings circulares, dise\u00f1ados tanto para la nariz como para la oreja, disponibles en tres tama\u00f1os diferentes: 8 mm, 10 mm y 12 mm de di\u00e1metro.","breadcrumb":{"@id":"https:\/\/rosemvd.com\/index.php\/producto\/piercing-aro-doble-borla\/#breadcrumb"},"inLanguage":"es","potentialAction":[{"@type":"ReadAction","target":["https:\/\/rosemvd.com\/index.php\/producto\/piercing-aro-doble-borla\/"]}]},{"@type":"ImageObject","inLanguage":"es","@id":"https:\/\/rosemvd.com\/index.php\/producto\/piercing-aro-doble-borla\/#primaryimage","url":"https:\/\/rosemvd.com\/wp-content\/uploads\/2025\/01\/61GQyoDlq6L._AC_SX522_-1.jpg","contentUrl":"https:\/\/rosemvd.com\/wp-content\/uploads\/2025\/01\/61GQyoDlq6L._AC_SX522_-1.jpg","width":522,"height":522},{"@type":"BreadcrumbList","@id":"https:\/\/rosemvd.com\/index.php\/producto\/piercing-aro-doble-borla\/#breadcrumb","itemListElement":[{"@type":"ListItem","position":1,"name":"Portada","item":"https:\/\/rosemvd.com\/"},{"@type":"ListItem","position":2,"name":"Tienda","item":"https:\/\/rosemvd.com\/index.php\/tienda\/"},{"@type":"ListItem","position":3,"name":"Piercing Aro doble borla"}]},{"@type":"WebSite","@id":"https:\/\/rosemvd.com\/#website","url":"https:\/\/rosemvd.com\/","name":"ROSE MVD","description":"Todo lo que buscas lo pod\u00e9s encontrar en rose mvd, especializados en traer todas las cosas nuevas en tendencia y accesorios diferentes y \u00fanicos.","publisher":{"@id":"https:\/\/rosemvd.com\/#organization"},"potentialAction":[{"@type":"SearchAction","target":{"@type":"EntryPoint","urlTemplate":"https:\/\/rosemvd.com\/?s={search_term_string}"},"query-input":{"@type":"PropertyValueSpecification","valueRequired":true,"valueName":"search_term_string"}}],"inLanguage":"es"},{"@type":"Organization","@id":"https:\/\/rosemvd.com\/#organization","name":"ROSE MVD","alternateName":"ROSE MVD","url":"https:\/\/rosemvd.com\/","logo":{"@type":"ImageObject","inLanguage":"es","@id":"https:\/\/rosemvd.com\/#\/schema\/logo\/image\/","url":"https:\/\/rosemvd.com\/wp-content\/uploads\/2023\/03\/Sin-titulo-2_Mesa-de-trabajo-1.png","contentUrl":"https:\/\/rosemvd.com\/wp-content\/uploads\/2023\/03\/Sin-titulo-2_Mesa-de-trabajo-1.png","width":2084,"height":2084,"caption":"ROSE MVD"},"image":{"@id":"https:\/\/rosemvd.com\/#\/schema\/logo\/image\/"},"sameAs":["https:\/\/www.facebook.com\/TiendaRoseMvd","https:\/\/www.instagram.com\/rose.mvd"]}]}},"_links":{"self":[{"href":"https:\/\/rosemvd.com\/index.php\/wp-json\/wp\/v2\/product\/11674","targetHints":{"allow":["GET"]}}],"collection":[{"href":"https:\/\/rosemvd.com\/index.php\/wp-json\/wp\/v2\/product"}],"about":[{"href":"https:\/\/rosemvd.com\/index.php\/wp-json\/wp\/v2\/types\/product"}],"wp:featuredmedia":[{"embeddable":true,"href":"https:\/\/rosemvd.com\/index.php\/wp-json\/wp\/v2\/media\/11676"}],"wp:attachment":[{"href":"https:\/\/rosemvd.com\/index.php\/wp-json\/wp\/v2\/media?parent=11674"}],"wp:term":[{"taxonomy":"product_brand","embeddable":true,"href":"https:\/\/rosemvd.com\/index.php\/wp-json\/wp\/v2\/product_brand?post=11674"},{"taxonomy":"product_cat","embeddable":true,"href":"https:\/\/rosemvd.com\/index.php\/wp-json\/wp\/v2\/product_cat?post=11674"},{"taxonomy":"product_tag","embeddable":true,"href":"https:\/\/rosemvd.com\/index.php\/wp-json\/wp\/v2\/product_tag?post=11674"}],"curies":[{"name":"wp","href":"https:\/\/api.w.org\/{rel}","templated":true}]}}