{"id":11597,"date":"2025-01-28T12:57:52","date_gmt":"2025-01-28T15:57:52","guid":{"rendered":"https:\/\/rosemvd.com\/?post_type=product&#038;p=11597"},"modified":"2026-04-21T15:45:12","modified_gmt":"2026-04-21T18:45:12","slug":"imanes-auriculoterapia-acupuntura-x120","status":"publish","type":"product","link":"https:\/\/rosemvd.com\/index.php\/producto\/imanes-auriculoterapia-acupuntura-x120\/","title":{"rendered":"Imanes Auriculoterapia Acupuntura x120"},"content":{"rendered":"<p><strong>120 imanes magn\u00e9ticos para auriculoterapia y acupuntura<\/strong><br \/>\nMejora tu bienestar de forma natural con los <strong>imanes magn\u00e9ticos para auriculoterapia y acupuntura<\/strong>. Estos parches magn\u00e9ticos, de solo <strong>1 mm de di\u00e1metro<\/strong>, est\u00e1n dise\u00f1ados para estimular puntos espec\u00edficos en el o\u00eddo, aprovechando los beneficios de la acupuntura sin necesidad de agujas. Son perfectos para aliviar dolores, reducir el estr\u00e9s y promover el equilibrio corporal desde la comodidad de tu hogar.<\/p>\n<p>Cada kit incluye <strong>120 imanes<\/strong> que garantizan un tratamiento prolongado y eficaz. Ya sea que busques una alternativa hol\u00edstica para mejorar tu salud o complementar tu rutina de bienestar, estos imanes magn\u00e9ticos son la soluci\u00f3n ideal. \u00a1Experimenta los beneficios de la <strong>acupuntura sin agujas<\/strong> y comienza a sentirte mejor con cada aplicaci\u00f3n!<\/p>\n<p><strong>Modo de uso<\/strong>:<\/p>\n<ul>\n<li>Limpia y seca bien el \u00e1rea del o\u00eddo donde aplicar\u00e1s el im\u00e1n.<\/li>\n<li>Coloca el im\u00e1n en el punto auricular correspondiente, siguiendo las indicaciones del mapa de auriculoterapia.<\/li>\n<li>Presiona suavemente para asegurarte de que el im\u00e1n quede bien adherido.<\/li>\n<li>Puedes llevarlos durante varias horas o incluso mientras duermes para obtener mejores resultados.<\/li>\n<\/ul>\n<p>Experimenta los beneficios de la <strong>acupuntura sin agujas<\/strong> y comienza a sentirte mejor cada d\u00eda.<\/p>\n","protected":false},"excerpt":{"rendered":"<p>120 imanes magn\u00e9ticos para auriculoterapia y acupuntura Mejora tu bienestar de forma natural con los imanes magn\u00e9ticos para auriculoterapia y acupuntura. Estos parches magn\u00e9ticos, de solo 1 mm de di\u00e1metro, est\u00e1n dise\u00f1ados para estimular puntos espec\u00edficos en el o\u00eddo, aprovechando los beneficios de la acupuntura sin necesidad de agujas. Son perfectos para aliviar dolores, reducir [&hellip;]<\/p>\n","protected":false},"featured_media":11600,"template":"","meta":{"site-sidebar-layout":"default","site-content-layout":"","ast-site-content-layout":"default","site-content-style":"default","site-sidebar-style":"default","ast-global-header-display":"","ast-banner-title-visibility":"","ast-main-header-display":"","ast-hfb-above-header-display":"","ast-hfb-below-header-display":"","ast-hfb-mobile-header-display":"","site-post-title":"","ast-breadcrumbs-content":"","ast-featured-img":"","footer-sml-layout":"","ast-disable-related-posts":"","theme-transparent-header-meta":"default","adv-header-id-meta":"","stick-header-meta":"","header-above-stick-meta":"","header-main-stick-meta":"","header-below-stick-meta":"","astra-migrate-meta-layouts":"set","ast-page-background-enabled":"default","ast-page-background-meta":{"desktop":{"background-color":"var(--ast-global-color-4)","background-image":"","background-repeat":"repeat","background-position":"center center","background-size":"auto","background-attachment":"scroll","background-type":"","background-media":"","overlay-type":"","overlay-color":"","overlay-opacity":"","overlay-gradient":""},"tablet":{"background-color":"","background-image":"","background-repeat":"repeat","background-position":"center center","background-size":"auto","background-attachment":"scroll","background-type":"","background-media":"","overlay-type":"","overlay-color":"","overlay-opacity":"","overlay-gradient":""},"mobile":{"background-color":"","background-image":"","background-repeat":"repeat","background-position":"center center","background-size":"auto","background-attachment":"scroll","background-type":"","background-media":"","overlay-type":"","overlay-color":"","overlay-opacity":"","overlay-gradient":""}},"ast-content-background-meta":{"desktop":{"background-color":"var(--ast-global-color-5)","background-image":"","background-repeat":"repeat","background-position":"center center","background-size":"auto","background-attachment":"scroll","background-type":"","background-media":"","overlay-type":"","overlay-color":"","overlay-opacity":"","overlay-gradient":""},"tablet":{"background-color":"var(--ast-global-color-5)","background-image":"","background-repeat":"repeat","background-position":"center center","background-size":"auto","background-attachment":"scroll","background-type":"","background-media":"","overlay-type":"","overlay-color":"","overlay-opacity":"","overlay-gradient":""},"mobile":{"background-color":"var(--ast-global-color-5)","background-image":"","background-repeat":"repeat","background-position":"center center","background-size":"auto","background-attachment":"scroll","background-type":"","background-media":"","overlay-type":"","overlay-color":"","overlay-opacity":"","overlay-gradient":""}}},"product_brand":[],"product_cat":[447,454],"product_tag":[],"class_list":{"0":"post-11597","1":"product","2":"type-product","3":"status-publish","4":"has-post-thumbnail","6":"product_cat-bienestar","7":"product_cat-cuerpo-y-bienestar","8":"desktop-align-left","9":"tablet-align-left","10":"mobile-align-left","12":"first","13":"instock","14":"shipping-taxable","15":"purchasable","16":"product-type-simple"},"yoast_head":"<!-- This site is optimized with the Yoast SEO plugin v27.3 - https:\/\/yoast.com\/product\/yoast-seo-wordpress\/ -->\n<title>Imanes Auriculoterapia Acupuntura x120 - ROSE MVD<\/title>\n<meta name=\"description\" content=\"Dise\u00f1ados para estimular puntos espec\u00edficos en el o\u00eddo, aprovechando los beneficios de la acupuntura sin necesidad de agujas.\" \/>\n<meta name=\"robots\" content=\"index, follow, max-snippet:-1, max-image-preview:large, max-video-preview:-1\" \/>\n<link rel=\"canonical\" href=\"https:\/\/rosemvd.com\/index.php\/producto\/imanes-auriculoterapia-acupuntura-x120\/\" \/>\n<meta property=\"og:locale\" content=\"es_ES\" \/>\n<meta property=\"og:type\" content=\"article\" \/>\n<meta property=\"og:title\" content=\"Imanes Auriculoterapia Acupuntura x120 - ROSE MVD\" \/>\n<meta property=\"og:description\" content=\"Dise\u00f1ados para estimular puntos espec\u00edficos en el o\u00eddo, aprovechando los beneficios de la acupuntura sin necesidad de agujas.\" \/>\n<meta property=\"og:url\" content=\"https:\/\/rosemvd.com\/index.php\/producto\/imanes-auriculoterapia-acupuntura-x120\/\" \/>\n<meta property=\"og:site_name\" content=\"ROSE MVD\" \/>\n<meta property=\"article:publisher\" content=\"https:\/\/www.facebook.com\/TiendaRoseMvd\" \/>\n<meta property=\"article:modified_time\" content=\"2026-04-21T18:45:12+00:00\" \/>\n<meta property=\"og:image\" content=\"https:\/\/rosemvd.com\/wp-content\/uploads\/2025\/01\/D_NQ_NP_867780-MLU72604041497_102023-O.webp\" \/>\n\t<meta property=\"og:image:width\" content=\"500\" \/>\n\t<meta property=\"og:image:height\" content=\"454\" \/>\n\t<meta property=\"og:image:type\" content=\"image\/webp\" \/>\n<meta name=\"twitter:card\" content=\"summary_large_image\" \/>\n<meta name=\"twitter:label1\" content=\"Tiempo de lectura\" \/>\n\t<meta name=\"twitter:data1\" content=\"2 minutos\" \/>\n<script type=\"application\/ld+json\" class=\"yoast-schema-graph\">{\"@context\":\"https:\\\/\\\/schema.org\",\"@graph\":[{\"@type\":\"WebPage\",\"@id\":\"https:\\\/\\\/rosemvd.com\\\/index.php\\\/producto\\\/imanes-auriculoterapia-acupuntura-x120\\\/\",\"url\":\"https:\\\/\\\/rosemvd.com\\\/index.php\\\/producto\\\/imanes-auriculoterapia-acupuntura-x120\\\/\",\"name\":\"Imanes Auriculoterapia Acupuntura x120 - ROSE MVD\",\"isPartOf\":{\"@id\":\"https:\\\/\\\/rosemvd.com\\\/#website\"},\"primaryImageOfPage\":{\"@id\":\"https:\\\/\\\/rosemvd.com\\\/index.php\\\/producto\\\/imanes-auriculoterapia-acupuntura-x120\\\/#primaryimage\"},\"image\":{\"@id\":\"https:\\\/\\\/rosemvd.com\\\/index.php\\\/producto\\\/imanes-auriculoterapia-acupuntura-x120\\\/#primaryimage\"},\"thumbnailUrl\":\"https:\\\/\\\/rosemvd.com\\\/wp-content\\\/uploads\\\/2025\\\/01\\\/D_NQ_NP_867780-MLU72604041497_102023-O.webp\",\"datePublished\":\"2025-01-28T15:57:52+00:00\",\"dateModified\":\"2026-04-21T18:45:12+00:00\",\"description\":\"Dise\u00f1ados para estimular puntos espec\u00edficos en el o\u00eddo, aprovechando los beneficios de la acupuntura sin necesidad de agujas.\",\"breadcrumb\":{\"@id\":\"https:\\\/\\\/rosemvd.com\\\/index.php\\\/producto\\\/imanes-auriculoterapia-acupuntura-x120\\\/#breadcrumb\"},\"inLanguage\":\"es\",\"potentialAction\":[{\"@type\":\"ReadAction\",\"target\":[\"https:\\\/\\\/rosemvd.com\\\/index.php\\\/producto\\\/imanes-auriculoterapia-acupuntura-x120\\\/\"]}]},{\"@type\":\"ImageObject\",\"inLanguage\":\"es\",\"@id\":\"https:\\\/\\\/rosemvd.com\\\/index.php\\\/producto\\\/imanes-auriculoterapia-acupuntura-x120\\\/#primaryimage\",\"url\":\"https:\\\/\\\/rosemvd.com\\\/wp-content\\\/uploads\\\/2025\\\/01\\\/D_NQ_NP_867780-MLU72604041497_102023-O.webp\",\"contentUrl\":\"https:\\\/\\\/rosemvd.com\\\/wp-content\\\/uploads\\\/2025\\\/01\\\/D_NQ_NP_867780-MLU72604041497_102023-O.webp\",\"width\":500,\"height\":454},{\"@type\":\"BreadcrumbList\",\"@id\":\"https:\\\/\\\/rosemvd.com\\\/index.php\\\/producto\\\/imanes-auriculoterapia-acupuntura-x120\\\/#breadcrumb\",\"itemListElement\":[{\"@type\":\"ListItem\",\"position\":1,\"name\":\"Portada\",\"item\":\"https:\\\/\\\/rosemvd.com\\\/\"},{\"@type\":\"ListItem\",\"position\":2,\"name\":\"Tienda\",\"item\":\"https:\\\/\\\/rosemvd.com\\\/index.php\\\/tienda\\\/\"},{\"@type\":\"ListItem\",\"position\":3,\"name\":\"Imanes Auriculoterapia Acupuntura x120\"}]},{\"@type\":\"WebSite\",\"@id\":\"https:\\\/\\\/rosemvd.com\\\/#website\",\"url\":\"https:\\\/\\\/rosemvd.com\\\/\",\"name\":\"ROSE MVD\",\"description\":\"Todo lo que buscas lo pod\u00e9s encontrar en rose mvd, especializados en traer todas las cosas nuevas en tendencia y accesorios diferentes y \u00fanicos.\",\"publisher\":{\"@id\":\"https:\\\/\\\/rosemvd.com\\\/#organization\"},\"potentialAction\":[{\"@type\":\"SearchAction\",\"target\":{\"@type\":\"EntryPoint\",\"urlTemplate\":\"https:\\\/\\\/rosemvd.com\\\/?s={search_term_string}\"},\"query-input\":{\"@type\":\"PropertyValueSpecification\",\"valueRequired\":true,\"valueName\":\"search_term_string\"}}],\"inLanguage\":\"es\"},{\"@type\":\"Organization\",\"@id\":\"https:\\\/\\\/rosemvd.com\\\/#organization\",\"name\":\"ROSE MVD\",\"alternateName\":\"ROSE MVD\",\"url\":\"https:\\\/\\\/rosemvd.com\\\/\",\"logo\":{\"@type\":\"ImageObject\",\"inLanguage\":\"es\",\"@id\":\"https:\\\/\\\/rosemvd.com\\\/#\\\/schema\\\/logo\\\/image\\\/\",\"url\":\"https:\\\/\\\/rosemvd.com\\\/wp-content\\\/uploads\\\/2023\\\/03\\\/Sin-titulo-2_Mesa-de-trabajo-1.png\",\"contentUrl\":\"https:\\\/\\\/rosemvd.com\\\/wp-content\\\/uploads\\\/2023\\\/03\\\/Sin-titulo-2_Mesa-de-trabajo-1.png\",\"width\":2084,\"height\":2084,\"caption\":\"ROSE MVD\"},\"image\":{\"@id\":\"https:\\\/\\\/rosemvd.com\\\/#\\\/schema\\\/logo\\\/image\\\/\"},\"sameAs\":[\"https:\\\/\\\/www.facebook.com\\\/TiendaRoseMvd\",\"https:\\\/\\\/www.instagram.com\\\/rose.mvd\"]}]}<\/script>\n<!-- \/ Yoast SEO plugin. -->","yoast_head_json":{"title":"Imanes Auriculoterapia Acupuntura x120 - ROSE MVD","description":"Dise\u00f1ados para estimular puntos espec\u00edficos en el o\u00eddo, aprovechando los beneficios de la acupuntura sin necesidad de agujas.","robots":{"index":"index","follow":"follow","max-snippet":"max-snippet:-1","max-image-preview":"max-image-preview:large","max-video-preview":"max-video-preview:-1"},"canonical":"https:\/\/rosemvd.com\/index.php\/producto\/imanes-auriculoterapia-acupuntura-x120\/","og_locale":"es_ES","og_type":"article","og_title":"Imanes Auriculoterapia Acupuntura x120 - ROSE MVD","og_description":"Dise\u00f1ados para estimular puntos espec\u00edficos en el o\u00eddo, aprovechando los beneficios de la acupuntura sin necesidad de agujas.","og_url":"https:\/\/rosemvd.com\/index.php\/producto\/imanes-auriculoterapia-acupuntura-x120\/","og_site_name":"ROSE MVD","article_publisher":"https:\/\/www.facebook.com\/TiendaRoseMvd","article_modified_time":"2026-04-21T18:45:12+00:00","og_image":[{"width":500,"height":454,"url":"https:\/\/rosemvd.com\/wp-content\/uploads\/2025\/01\/D_NQ_NP_867780-MLU72604041497_102023-O.webp","type":"image\/webp"}],"twitter_card":"summary_large_image","twitter_misc":{"Tiempo de lectura":"2 minutos"},"schema":{"@context":"https:\/\/schema.org","@graph":[{"@type":"WebPage","@id":"https:\/\/rosemvd.com\/index.php\/producto\/imanes-auriculoterapia-acupuntura-x120\/","url":"https:\/\/rosemvd.com\/index.php\/producto\/imanes-auriculoterapia-acupuntura-x120\/","name":"Imanes Auriculoterapia Acupuntura x120 - ROSE MVD","isPartOf":{"@id":"https:\/\/rosemvd.com\/#website"},"primaryImageOfPage":{"@id":"https:\/\/rosemvd.com\/index.php\/producto\/imanes-auriculoterapia-acupuntura-x120\/#primaryimage"},"image":{"@id":"https:\/\/rosemvd.com\/index.php\/producto\/imanes-auriculoterapia-acupuntura-x120\/#primaryimage"},"thumbnailUrl":"https:\/\/rosemvd.com\/wp-content\/uploads\/2025\/01\/D_NQ_NP_867780-MLU72604041497_102023-O.webp","datePublished":"2025-01-28T15:57:52+00:00","dateModified":"2026-04-21T18:45:12+00:00","description":"Dise\u00f1ados para estimular puntos espec\u00edficos en el o\u00eddo, aprovechando los beneficios de la acupuntura sin necesidad de agujas.","breadcrumb":{"@id":"https:\/\/rosemvd.com\/index.php\/producto\/imanes-auriculoterapia-acupuntura-x120\/#breadcrumb"},"inLanguage":"es","potentialAction":[{"@type":"ReadAction","target":["https:\/\/rosemvd.com\/index.php\/producto\/imanes-auriculoterapia-acupuntura-x120\/"]}]},{"@type":"ImageObject","inLanguage":"es","@id":"https:\/\/rosemvd.com\/index.php\/producto\/imanes-auriculoterapia-acupuntura-x120\/#primaryimage","url":"https:\/\/rosemvd.com\/wp-content\/uploads\/2025\/01\/D_NQ_NP_867780-MLU72604041497_102023-O.webp","contentUrl":"https:\/\/rosemvd.com\/wp-content\/uploads\/2025\/01\/D_NQ_NP_867780-MLU72604041497_102023-O.webp","width":500,"height":454},{"@type":"BreadcrumbList","@id":"https:\/\/rosemvd.com\/index.php\/producto\/imanes-auriculoterapia-acupuntura-x120\/#breadcrumb","itemListElement":[{"@type":"ListItem","position":1,"name":"Portada","item":"https:\/\/rosemvd.com\/"},{"@type":"ListItem","position":2,"name":"Tienda","item":"https:\/\/rosemvd.com\/index.php\/tienda\/"},{"@type":"ListItem","position":3,"name":"Imanes Auriculoterapia Acupuntura x120"}]},{"@type":"WebSite","@id":"https:\/\/rosemvd.com\/#website","url":"https:\/\/rosemvd.com\/","name":"ROSE MVD","description":"Todo lo que buscas lo pod\u00e9s encontrar en rose mvd, especializados en traer todas las cosas nuevas en tendencia y accesorios diferentes y \u00fanicos.","publisher":{"@id":"https:\/\/rosemvd.com\/#organization"},"potentialAction":[{"@type":"SearchAction","target":{"@type":"EntryPoint","urlTemplate":"https:\/\/rosemvd.com\/?s={search_term_string}"},"query-input":{"@type":"PropertyValueSpecification","valueRequired":true,"valueName":"search_term_string"}}],"inLanguage":"es"},{"@type":"Organization","@id":"https:\/\/rosemvd.com\/#organization","name":"ROSE MVD","alternateName":"ROSE MVD","url":"https:\/\/rosemvd.com\/","logo":{"@type":"ImageObject","inLanguage":"es","@id":"https:\/\/rosemvd.com\/#\/schema\/logo\/image\/","url":"https:\/\/rosemvd.com\/wp-content\/uploads\/2023\/03\/Sin-titulo-2_Mesa-de-trabajo-1.png","contentUrl":"https:\/\/rosemvd.com\/wp-content\/uploads\/2023\/03\/Sin-titulo-2_Mesa-de-trabajo-1.png","width":2084,"height":2084,"caption":"ROSE MVD"},"image":{"@id":"https:\/\/rosemvd.com\/#\/schema\/logo\/image\/"},"sameAs":["https:\/\/www.facebook.com\/TiendaRoseMvd","https:\/\/www.instagram.com\/rose.mvd"]}]}},"_links":{"self":[{"href":"https:\/\/rosemvd.com\/index.php\/wp-json\/wp\/v2\/product\/11597","targetHints":{"allow":["GET"]}}],"collection":[{"href":"https:\/\/rosemvd.com\/index.php\/wp-json\/wp\/v2\/product"}],"about":[{"href":"https:\/\/rosemvd.com\/index.php\/wp-json\/wp\/v2\/types\/product"}],"wp:featuredmedia":[{"embeddable":true,"href":"https:\/\/rosemvd.com\/index.php\/wp-json\/wp\/v2\/media\/11600"}],"wp:attachment":[{"href":"https:\/\/rosemvd.com\/index.php\/wp-json\/wp\/v2\/media?parent=11597"}],"wp:term":[{"taxonomy":"product_brand","embeddable":true,"href":"https:\/\/rosemvd.com\/index.php\/wp-json\/wp\/v2\/product_brand?post=11597"},{"taxonomy":"product_cat","embeddable":true,"href":"https:\/\/rosemvd.com\/index.php\/wp-json\/wp\/v2\/product_cat?post=11597"},{"taxonomy":"product_tag","embeddable":true,"href":"https:\/\/rosemvd.com\/index.php\/wp-json\/wp\/v2\/product_tag?post=11597"}],"curies":[{"name":"wp","href":"https:\/\/api.w.org\/{rel}","templated":true}]}}