{"id":11592,"date":"2025-01-28T12:54:59","date_gmt":"2025-01-28T15:54:59","guid":{"rendered":"https:\/\/rosemvd.com\/?post_type=product&#038;p=11592"},"modified":"2026-04-28T10:54:51","modified_gmt":"2026-04-28T13:54:51","slug":"tiras-para-los-puntos-negros-nariz-x10","status":"publish","type":"product","link":"https:\/\/rosemvd.com\/index.php\/producto\/tiras-para-los-puntos-negros-nariz-x10\/","title":{"rendered":"Tiras Para Los Puntos Negros Nariz x10"},"content":{"rendered":"<p><strong>Tiras para eliminar puntos negros<\/strong>. Estas tiras limpiadoras se adhieren suavemente a la piel de tu nariz, eliminando eficazmente puntos negros, impurezas y exceso de grasa. Dise\u00f1adas para facilitar una limpieza profunda en solo unos minutos, dejando tu piel m\u00e1s suave y libre de obstrucciones. Son ideales para incluir en tu rutina de cuidado facial semanal. El paquete incluye <strong>10 unidades<\/strong>, asegurando un tratamiento continuo para mantener tu piel fresca y sin impurezas. F\u00e1ciles de aplicar y retirar, son una soluci\u00f3n pr\u00e1ctica y r\u00e1pida para lograr una piel m\u00e1s limpia y luminosa<\/p>\n<p><strong>F\u00c1CIL DE USAR<\/strong><\/p>\n<ol>\n<li><strong>Limpia tu rostro:<\/strong> Aseg\u00farate de que la piel de la nariz est\u00e9 limpia y seca antes de aplicar el parche.<\/li>\n<li><strong>Prepara el parche:<\/strong> Retira con cuidado la pel\u00edcula protectora del parche nasal, asegur\u00e1ndote de no tocar el lado adhesivo.<\/li>\n<li><strong>Aplica el parche:<\/strong> Coloca el parche sobre el puente de la nariz, presionando suavemente para que se elimine cualquier burbuja de aire.<\/li>\n<li><strong>Humedecer:\u00a0<\/strong>Aplica un poco de agua sobre el parche hasta que quede totalmente adherido a la nariz.<\/li>\n<li><strong>Retira el parche:<\/strong> Despu\u00e9s de 10-15 minutos, cuando el parche se haya secado, ret\u00edralo con suavidad desde los bordes hacia el centro.<\/li>\n<\/ol>\n","protected":false},"excerpt":{"rendered":"<p>Tiras para eliminar puntos negros. Estas tiras limpiadoras se adhieren suavemente a la piel de tu nariz, eliminando eficazmente puntos negros, impurezas y exceso de grasa. Dise\u00f1adas para facilitar una limpieza profunda en solo unos minutos, dejando tu piel m\u00e1s suave y libre de obstrucciones. Son ideales para incluir en tu rutina de cuidado facial [&hellip;]<\/p>\n","protected":false},"featured_media":11596,"template":"","meta":{"site-sidebar-layout":"default","site-content-layout":"","ast-site-content-layout":"default","site-content-style":"default","site-sidebar-style":"default","ast-global-header-display":"","ast-banner-title-visibility":"","ast-main-header-display":"","ast-hfb-above-header-display":"","ast-hfb-below-header-display":"","ast-hfb-mobile-header-display":"","site-post-title":"","ast-breadcrumbs-content":"","ast-featured-img":"","footer-sml-layout":"","ast-disable-related-posts":"","theme-transparent-header-meta":"default","adv-header-id-meta":"","stick-header-meta":"","header-above-stick-meta":"","header-main-stick-meta":"","header-below-stick-meta":"","astra-migrate-meta-layouts":"set","ast-page-background-enabled":"default","ast-page-background-meta":{"desktop":{"background-color":"var(--ast-global-color-4)","background-image":"","background-repeat":"repeat","background-position":"center center","background-size":"auto","background-attachment":"scroll","background-type":"","background-media":"","overlay-type":"","overlay-color":"","overlay-opacity":"","overlay-gradient":""},"tablet":{"background-color":"","background-image":"","background-repeat":"repeat","background-position":"center center","background-size":"auto","background-attachment":"scroll","background-type":"","background-media":"","overlay-type":"","overlay-color":"","overlay-opacity":"","overlay-gradient":""},"mobile":{"background-color":"","background-image":"","background-repeat":"repeat","background-position":"center center","background-size":"auto","background-attachment":"scroll","background-type":"","background-media":"","overlay-type":"","overlay-color":"","overlay-opacity":"","overlay-gradient":""}},"ast-content-background-meta":{"desktop":{"background-color":"var(--ast-global-color-5)","background-image":"","background-repeat":"repeat","background-position":"center center","background-size":"auto","background-attachment":"scroll","background-type":"","background-media":"","overlay-type":"","overlay-color":"","overlay-opacity":"","overlay-gradient":""},"tablet":{"background-color":"var(--ast-global-color-5)","background-image":"","background-repeat":"repeat","background-position":"center center","background-size":"auto","background-attachment":"scroll","background-type":"","background-media":"","overlay-type":"","overlay-color":"","overlay-opacity":"","overlay-gradient":""},"mobile":{"background-color":"var(--ast-global-color-5)","background-image":"","background-repeat":"repeat","background-position":"center center","background-size":"auto","background-attachment":"scroll","background-type":"","background-media":"","overlay-type":"","overlay-color":"","overlay-opacity":"","overlay-gradient":""}}},"product_brand":[],"product_cat":[17,464],"product_tag":[],"class_list":{"0":"post-11592","1":"product","2":"type-product","3":"status-publish","4":"has-post-thumbnail","6":"product_cat-belleza","7":"product_cat-cuidado-rostro","8":"desktop-align-left","9":"tablet-align-left","10":"mobile-align-left","12":"first","13":"instock","14":"shipping-taxable","15":"purchasable","16":"product-type-simple"},"yoast_head":"<!-- This site is optimized with the Yoast SEO plugin v27.3 - https:\/\/yoast.com\/product\/yoast-seo-wordpress\/ -->\n<title>Tiras Para Los Puntos Negros Nariz x10 - ROSE MVD<\/title>\n<meta name=\"description\" content=\"Tiras para eliminar puntos negros. Estas tiras limpiadoras se adhieren suavemente a la piel de tu nariz, eliminando eficazmente puntos negros, impurezas y exceso de grasa.\" \/>\n<meta name=\"robots\" content=\"index, follow, max-snippet:-1, max-image-preview:large, max-video-preview:-1\" \/>\n<link rel=\"canonical\" href=\"https:\/\/rosemvd.com\/index.php\/producto\/tiras-para-los-puntos-negros-nariz-x10\/\" \/>\n<meta property=\"og:locale\" content=\"es_ES\" \/>\n<meta property=\"og:type\" content=\"article\" \/>\n<meta property=\"og:title\" content=\"Tiras Para Los Puntos Negros Nariz x10 - ROSE MVD\" \/>\n<meta property=\"og:description\" content=\"Tiras para eliminar puntos negros. Estas tiras limpiadoras se adhieren suavemente a la piel de tu nariz, eliminando eficazmente puntos negros, impurezas y exceso de grasa.\" \/>\n<meta property=\"og:url\" content=\"https:\/\/rosemvd.com\/index.php\/producto\/tiras-para-los-puntos-negros-nariz-x10\/\" \/>\n<meta property=\"og:site_name\" content=\"ROSE MVD\" \/>\n<meta property=\"article:publisher\" content=\"https:\/\/www.facebook.com\/TiendaRoseMvd\" \/>\n<meta property=\"article:modified_time\" content=\"2026-04-28T13:54:51+00:00\" \/>\n<meta property=\"og:image\" content=\"https:\/\/rosemvd.com\/wp-content\/uploads\/2025\/01\/D_NQ_NP_895925-MLU82113444515_012025-O.webp\" \/>\n\t<meta property=\"og:image:width\" content=\"500\" \/>\n\t<meta property=\"og:image:height\" content=\"486\" \/>\n\t<meta property=\"og:image:type\" content=\"image\/webp\" \/>\n<meta name=\"twitter:card\" content=\"summary_large_image\" \/>\n<meta name=\"twitter:label1\" content=\"Tiempo de lectura\" \/>\n\t<meta name=\"twitter:data1\" content=\"2 minutos\" \/>\n<script type=\"application\/ld+json\" class=\"yoast-schema-graph\">{\"@context\":\"https:\\\/\\\/schema.org\",\"@graph\":[{\"@type\":\"WebPage\",\"@id\":\"https:\\\/\\\/rosemvd.com\\\/index.php\\\/producto\\\/tiras-para-los-puntos-negros-nariz-x10\\\/\",\"url\":\"https:\\\/\\\/rosemvd.com\\\/index.php\\\/producto\\\/tiras-para-los-puntos-negros-nariz-x10\\\/\",\"name\":\"Tiras Para Los Puntos Negros Nariz x10 - ROSE MVD\",\"isPartOf\":{\"@id\":\"https:\\\/\\\/rosemvd.com\\\/#website\"},\"primaryImageOfPage\":{\"@id\":\"https:\\\/\\\/rosemvd.com\\\/index.php\\\/producto\\\/tiras-para-los-puntos-negros-nariz-x10\\\/#primaryimage\"},\"image\":{\"@id\":\"https:\\\/\\\/rosemvd.com\\\/index.php\\\/producto\\\/tiras-para-los-puntos-negros-nariz-x10\\\/#primaryimage\"},\"thumbnailUrl\":\"https:\\\/\\\/rosemvd.com\\\/wp-content\\\/uploads\\\/2025\\\/01\\\/D_NQ_NP_895925-MLU82113444515_012025-O.webp\",\"datePublished\":\"2025-01-28T15:54:59+00:00\",\"dateModified\":\"2026-04-28T13:54:51+00:00\",\"description\":\"Tiras para eliminar puntos negros. Estas tiras limpiadoras se adhieren suavemente a la piel de tu nariz, eliminando eficazmente puntos negros, impurezas y exceso de grasa.\",\"breadcrumb\":{\"@id\":\"https:\\\/\\\/rosemvd.com\\\/index.php\\\/producto\\\/tiras-para-los-puntos-negros-nariz-x10\\\/#breadcrumb\"},\"inLanguage\":\"es\",\"potentialAction\":[{\"@type\":\"ReadAction\",\"target\":[\"https:\\\/\\\/rosemvd.com\\\/index.php\\\/producto\\\/tiras-para-los-puntos-negros-nariz-x10\\\/\"]}]},{\"@type\":\"ImageObject\",\"inLanguage\":\"es\",\"@id\":\"https:\\\/\\\/rosemvd.com\\\/index.php\\\/producto\\\/tiras-para-los-puntos-negros-nariz-x10\\\/#primaryimage\",\"url\":\"https:\\\/\\\/rosemvd.com\\\/wp-content\\\/uploads\\\/2025\\\/01\\\/D_NQ_NP_895925-MLU82113444515_012025-O.webp\",\"contentUrl\":\"https:\\\/\\\/rosemvd.com\\\/wp-content\\\/uploads\\\/2025\\\/01\\\/D_NQ_NP_895925-MLU82113444515_012025-O.webp\",\"width\":500,\"height\":486},{\"@type\":\"BreadcrumbList\",\"@id\":\"https:\\\/\\\/rosemvd.com\\\/index.php\\\/producto\\\/tiras-para-los-puntos-negros-nariz-x10\\\/#breadcrumb\",\"itemListElement\":[{\"@type\":\"ListItem\",\"position\":1,\"name\":\"Portada\",\"item\":\"https:\\\/\\\/rosemvd.com\\\/\"},{\"@type\":\"ListItem\",\"position\":2,\"name\":\"Tienda\",\"item\":\"https:\\\/\\\/rosemvd.com\\\/index.php\\\/tienda\\\/\"},{\"@type\":\"ListItem\",\"position\":3,\"name\":\"Tiras Para Los Puntos Negros Nariz x10\"}]},{\"@type\":\"WebSite\",\"@id\":\"https:\\\/\\\/rosemvd.com\\\/#website\",\"url\":\"https:\\\/\\\/rosemvd.com\\\/\",\"name\":\"ROSE MVD\",\"description\":\"Todo lo que no sab\u00edas que necesitabas, lo \u00faltimo en tendencia, utilidad e innovaci\u00f3n\",\"publisher\":{\"@id\":\"https:\\\/\\\/rosemvd.com\\\/#organization\"},\"potentialAction\":[{\"@type\":\"SearchAction\",\"target\":{\"@type\":\"EntryPoint\",\"urlTemplate\":\"https:\\\/\\\/rosemvd.com\\\/?s={search_term_string}\"},\"query-input\":{\"@type\":\"PropertyValueSpecification\",\"valueRequired\":true,\"valueName\":\"search_term_string\"}}],\"inLanguage\":\"es\"},{\"@type\":\"Organization\",\"@id\":\"https:\\\/\\\/rosemvd.com\\\/#organization\",\"name\":\"ROSE MVD\",\"alternateName\":\"ROSE MVD\",\"url\":\"https:\\\/\\\/rosemvd.com\\\/\",\"logo\":{\"@type\":\"ImageObject\",\"inLanguage\":\"es\",\"@id\":\"https:\\\/\\\/rosemvd.com\\\/#\\\/schema\\\/logo\\\/image\\\/\",\"url\":\"https:\\\/\\\/rosemvd.com\\\/wp-content\\\/uploads\\\/2023\\\/03\\\/Sin-titulo-2_Mesa-de-trabajo-1.png\",\"contentUrl\":\"https:\\\/\\\/rosemvd.com\\\/wp-content\\\/uploads\\\/2023\\\/03\\\/Sin-titulo-2_Mesa-de-trabajo-1.png\",\"width\":2084,\"height\":2084,\"caption\":\"ROSE MVD\"},\"image\":{\"@id\":\"https:\\\/\\\/rosemvd.com\\\/#\\\/schema\\\/logo\\\/image\\\/\"},\"sameAs\":[\"https:\\\/\\\/www.facebook.com\\\/TiendaRoseMvd\",\"https:\\\/\\\/www.instagram.com\\\/rose.mvd\"]}]}<\/script>\n<!-- \/ Yoast SEO plugin. -->","yoast_head_json":{"title":"Tiras Para Los Puntos Negros Nariz x10 - ROSE MVD","description":"Tiras para eliminar puntos negros. Estas tiras limpiadoras se adhieren suavemente a la piel de tu nariz, eliminando eficazmente puntos negros, impurezas y exceso de grasa.","robots":{"index":"index","follow":"follow","max-snippet":"max-snippet:-1","max-image-preview":"max-image-preview:large","max-video-preview":"max-video-preview:-1"},"canonical":"https:\/\/rosemvd.com\/index.php\/producto\/tiras-para-los-puntos-negros-nariz-x10\/","og_locale":"es_ES","og_type":"article","og_title":"Tiras Para Los Puntos Negros Nariz x10 - ROSE MVD","og_description":"Tiras para eliminar puntos negros. Estas tiras limpiadoras se adhieren suavemente a la piel de tu nariz, eliminando eficazmente puntos negros, impurezas y exceso de grasa.","og_url":"https:\/\/rosemvd.com\/index.php\/producto\/tiras-para-los-puntos-negros-nariz-x10\/","og_site_name":"ROSE MVD","article_publisher":"https:\/\/www.facebook.com\/TiendaRoseMvd","article_modified_time":"2026-04-28T13:54:51+00:00","og_image":[{"width":500,"height":486,"url":"https:\/\/rosemvd.com\/wp-content\/uploads\/2025\/01\/D_NQ_NP_895925-MLU82113444515_012025-O.webp","type":"image\/webp"}],"twitter_card":"summary_large_image","twitter_misc":{"Tiempo de lectura":"2 minutos"},"schema":{"@context":"https:\/\/schema.org","@graph":[{"@type":"WebPage","@id":"https:\/\/rosemvd.com\/index.php\/producto\/tiras-para-los-puntos-negros-nariz-x10\/","url":"https:\/\/rosemvd.com\/index.php\/producto\/tiras-para-los-puntos-negros-nariz-x10\/","name":"Tiras Para Los Puntos Negros Nariz x10 - ROSE MVD","isPartOf":{"@id":"https:\/\/rosemvd.com\/#website"},"primaryImageOfPage":{"@id":"https:\/\/rosemvd.com\/index.php\/producto\/tiras-para-los-puntos-negros-nariz-x10\/#primaryimage"},"image":{"@id":"https:\/\/rosemvd.com\/index.php\/producto\/tiras-para-los-puntos-negros-nariz-x10\/#primaryimage"},"thumbnailUrl":"https:\/\/rosemvd.com\/wp-content\/uploads\/2025\/01\/D_NQ_NP_895925-MLU82113444515_012025-O.webp","datePublished":"2025-01-28T15:54:59+00:00","dateModified":"2026-04-28T13:54:51+00:00","description":"Tiras para eliminar puntos negros. Estas tiras limpiadoras se adhieren suavemente a la piel de tu nariz, eliminando eficazmente puntos negros, impurezas y exceso de grasa.","breadcrumb":{"@id":"https:\/\/rosemvd.com\/index.php\/producto\/tiras-para-los-puntos-negros-nariz-x10\/#breadcrumb"},"inLanguage":"es","potentialAction":[{"@type":"ReadAction","target":["https:\/\/rosemvd.com\/index.php\/producto\/tiras-para-los-puntos-negros-nariz-x10\/"]}]},{"@type":"ImageObject","inLanguage":"es","@id":"https:\/\/rosemvd.com\/index.php\/producto\/tiras-para-los-puntos-negros-nariz-x10\/#primaryimage","url":"https:\/\/rosemvd.com\/wp-content\/uploads\/2025\/01\/D_NQ_NP_895925-MLU82113444515_012025-O.webp","contentUrl":"https:\/\/rosemvd.com\/wp-content\/uploads\/2025\/01\/D_NQ_NP_895925-MLU82113444515_012025-O.webp","width":500,"height":486},{"@type":"BreadcrumbList","@id":"https:\/\/rosemvd.com\/index.php\/producto\/tiras-para-los-puntos-negros-nariz-x10\/#breadcrumb","itemListElement":[{"@type":"ListItem","position":1,"name":"Portada","item":"https:\/\/rosemvd.com\/"},{"@type":"ListItem","position":2,"name":"Tienda","item":"https:\/\/rosemvd.com\/index.php\/tienda\/"},{"@type":"ListItem","position":3,"name":"Tiras Para Los Puntos Negros Nariz x10"}]},{"@type":"WebSite","@id":"https:\/\/rosemvd.com\/#website","url":"https:\/\/rosemvd.com\/","name":"ROSE MVD","description":"Todo lo que no sab\u00edas que necesitabas, lo \u00faltimo en tendencia, utilidad e innovaci\u00f3n","publisher":{"@id":"https:\/\/rosemvd.com\/#organization"},"potentialAction":[{"@type":"SearchAction","target":{"@type":"EntryPoint","urlTemplate":"https:\/\/rosemvd.com\/?s={search_term_string}"},"query-input":{"@type":"PropertyValueSpecification","valueRequired":true,"valueName":"search_term_string"}}],"inLanguage":"es"},{"@type":"Organization","@id":"https:\/\/rosemvd.com\/#organization","name":"ROSE MVD","alternateName":"ROSE MVD","url":"https:\/\/rosemvd.com\/","logo":{"@type":"ImageObject","inLanguage":"es","@id":"https:\/\/rosemvd.com\/#\/schema\/logo\/image\/","url":"https:\/\/rosemvd.com\/wp-content\/uploads\/2023\/03\/Sin-titulo-2_Mesa-de-trabajo-1.png","contentUrl":"https:\/\/rosemvd.com\/wp-content\/uploads\/2023\/03\/Sin-titulo-2_Mesa-de-trabajo-1.png","width":2084,"height":2084,"caption":"ROSE MVD"},"image":{"@id":"https:\/\/rosemvd.com\/#\/schema\/logo\/image\/"},"sameAs":["https:\/\/www.facebook.com\/TiendaRoseMvd","https:\/\/www.instagram.com\/rose.mvd"]}]}},"_links":{"self":[{"href":"https:\/\/rosemvd.com\/index.php\/wp-json\/wp\/v2\/product\/11592","targetHints":{"allow":["GET"]}}],"collection":[{"href":"https:\/\/rosemvd.com\/index.php\/wp-json\/wp\/v2\/product"}],"about":[{"href":"https:\/\/rosemvd.com\/index.php\/wp-json\/wp\/v2\/types\/product"}],"wp:featuredmedia":[{"embeddable":true,"href":"https:\/\/rosemvd.com\/index.php\/wp-json\/wp\/v2\/media\/11596"}],"wp:attachment":[{"href":"https:\/\/rosemvd.com\/index.php\/wp-json\/wp\/v2\/media?parent=11592"}],"wp:term":[{"taxonomy":"product_brand","embeddable":true,"href":"https:\/\/rosemvd.com\/index.php\/wp-json\/wp\/v2\/product_brand?post=11592"},{"taxonomy":"product_cat","embeddable":true,"href":"https:\/\/rosemvd.com\/index.php\/wp-json\/wp\/v2\/product_cat?post=11592"},{"taxonomy":"product_tag","embeddable":true,"href":"https:\/\/rosemvd.com\/index.php\/wp-json\/wp\/v2\/product_tag?post=11592"}],"curies":[{"name":"wp","href":"https:\/\/api.w.org\/{rel}","templated":true}]}}