{"id":11521,"date":"2025-01-22T12:46:42","date_gmt":"2025-01-22T15:46:42","guid":{"rendered":"https:\/\/rosemvd.com\/?post_type=product&#038;p=11521"},"modified":"2026-04-20T10:43:45","modified_gmt":"2026-04-20T13:43:45","slug":"collar-de-las-reliquias-de-la-muerte","status":"publish","type":"product","link":"https:\/\/rosemvd.com\/index.php\/producto\/collar-de-las-reliquias-de-la-muerte\/","title":{"rendered":"Collar de Las Reliquias de la Muerte"},"content":{"rendered":"<p>Este impresionante <strong>collar de las Reliquias de la Muerte<\/strong>, inspirado en el legendario s\u00edmbolo de <strong>Harry Potter<\/strong>, es el accesorio perfecto para cualquier verdadero fan\u00e1tico del mundo m\u00e1gico. El colgante, que representa la varita de sa\u00faco, la piedra de la resurrecci\u00f3n y la capa de invisibilidad, est\u00e1 disponible en <strong>color dorado o plateado<\/strong>, al igual que la cadena. Lleva contigo el poder y el misterio de las tres reliquias m\u00e1s poderosas y deja que la magia te acompa\u00f1e todos los d\u00edas.<\/p>\n","protected":false},"excerpt":{"rendered":"<p>Este impresionante collar de las Reliquias de la Muerte, inspirado en el legendario s\u00edmbolo de Harry Potter, es el accesorio perfecto para cualquier verdadero fan\u00e1tico del mundo m\u00e1gico. El colgante, que representa la varita de sa\u00faco, la piedra de la resurrecci\u00f3n y la capa de invisibilidad, est\u00e1 disponible en color dorado o plateado, al igual [&hellip;]<\/p>\n","protected":false},"featured_media":11524,"template":"","meta":{"site-sidebar-layout":"default","site-content-layout":"","ast-site-content-layout":"default","site-content-style":"default","site-sidebar-style":"default","ast-global-header-display":"","ast-banner-title-visibility":"","ast-main-header-display":"","ast-hfb-above-header-display":"","ast-hfb-below-header-display":"","ast-hfb-mobile-header-display":"","site-post-title":"","ast-breadcrumbs-content":"","ast-featured-img":"","footer-sml-layout":"","ast-disable-related-posts":"","theme-transparent-header-meta":"default","adv-header-id-meta":"","stick-header-meta":"","header-above-stick-meta":"","header-main-stick-meta":"","header-below-stick-meta":"","astra-migrate-meta-layouts":"set","ast-page-background-enabled":"default","ast-page-background-meta":{"desktop":{"background-color":"var(--ast-global-color-4)","background-image":"","background-repeat":"repeat","background-position":"center center","background-size":"auto","background-attachment":"scroll","background-type":"","background-media":"","overlay-type":"","overlay-color":"","overlay-opacity":"","overlay-gradient":""},"tablet":{"background-color":"","background-image":"","background-repeat":"repeat","background-position":"center center","background-size":"auto","background-attachment":"scroll","background-type":"","background-media":"","overlay-type":"","overlay-color":"","overlay-opacity":"","overlay-gradient":""},"mobile":{"background-color":"","background-image":"","background-repeat":"repeat","background-position":"center center","background-size":"auto","background-attachment":"scroll","background-type":"","background-media":"","overlay-type":"","overlay-color":"","overlay-opacity":"","overlay-gradient":""}},"ast-content-background-meta":{"desktop":{"background-color":"var(--ast-global-color-5)","background-image":"","background-repeat":"repeat","background-position":"center center","background-size":"auto","background-attachment":"scroll","background-type":"","background-media":"","overlay-type":"","overlay-color":"","overlay-opacity":"","overlay-gradient":""},"tablet":{"background-color":"var(--ast-global-color-5)","background-image":"","background-repeat":"repeat","background-position":"center center","background-size":"auto","background-attachment":"scroll","background-type":"","background-media":"","overlay-type":"","overlay-color":"","overlay-opacity":"","overlay-gradient":""},"mobile":{"background-color":"var(--ast-global-color-5)","background-image":"","background-repeat":"repeat","background-position":"center center","background-size":"auto","background-attachment":"scroll","background-type":"","background-media":"","overlay-type":"","overlay-color":"","overlay-opacity":"","overlay-gradient":""}}},"product_brand":[],"product_cat":[184,185,445],"product_tag":[],"class_list":{"0":"post-11521","1":"product","2":"type-product","3":"status-publish","4":"has-post-thumbnail","6":"product_cat-collares","7":"product_cat-collares-collares-varios","8":"product_cat-joyeria","9":"desktop-align-left","10":"tablet-align-left","11":"mobile-align-left","13":"first","14":"instock","15":"shipping-taxable","16":"purchasable","17":"product-type-variable"},"yoast_head":"<!-- This site is optimized with the Yoast SEO plugin v27.3 - https:\/\/yoast.com\/product\/yoast-seo-wordpress\/ -->\n<title>Collar de Las Reliquias de la Muerte - ROSE MVD<\/title>\n<meta name=\"description\" content=\"Legendario s\u00edmbolo de Harry Potter, representa la varita de sa\u00faco, la piedra de la resurrecci\u00f3n y la capa de invisibilidad\" \/>\n<meta name=\"robots\" content=\"index, follow, max-snippet:-1, max-image-preview:large, max-video-preview:-1\" \/>\n<link rel=\"canonical\" href=\"https:\/\/rosemvd.com\/index.php\/producto\/collar-de-las-reliquias-de-la-muerte\/\" \/>\n<meta property=\"og:locale\" content=\"es_ES\" \/>\n<meta property=\"og:type\" content=\"article\" \/>\n<meta property=\"og:title\" content=\"Collar de Las Reliquias de la Muerte - ROSE MVD\" \/>\n<meta property=\"og:description\" content=\"Legendario s\u00edmbolo de Harry Potter, representa la varita de sa\u00faco, la piedra de la resurrecci\u00f3n y la capa de invisibilidad\" \/>\n<meta property=\"og:url\" content=\"https:\/\/rosemvd.com\/index.php\/producto\/collar-de-las-reliquias-de-la-muerte\/\" \/>\n<meta property=\"og:site_name\" content=\"ROSE MVD\" \/>\n<meta property=\"article:publisher\" content=\"https:\/\/www.facebook.com\/TiendaRoseMvd\" \/>\n<meta property=\"article:modified_time\" content=\"2026-04-20T13:43:45+00:00\" \/>\n<meta property=\"og:image\" content=\"https:\/\/rosemvd.com\/wp-content\/uploads\/2025\/01\/D_NQ_NP_844740-MLU82038231407_012025-O.webp\" \/>\n\t<meta property=\"og:image:width\" content=\"500\" \/>\n\t<meta property=\"og:image:height\" content=\"420\" \/>\n\t<meta property=\"og:image:type\" content=\"image\/webp\" \/>\n<meta name=\"twitter:card\" content=\"summary_large_image\" \/>\n<meta name=\"twitter:label1\" content=\"Tiempo de lectura\" \/>\n\t<meta name=\"twitter:data1\" content=\"1 minuto\" \/>\n<script type=\"application\/ld+json\" class=\"yoast-schema-graph\">{\"@context\":\"https:\\\/\\\/schema.org\",\"@graph\":[{\"@type\":\"WebPage\",\"@id\":\"https:\\\/\\\/rosemvd.com\\\/index.php\\\/producto\\\/collar-de-las-reliquias-de-la-muerte\\\/\",\"url\":\"https:\\\/\\\/rosemvd.com\\\/index.php\\\/producto\\\/collar-de-las-reliquias-de-la-muerte\\\/\",\"name\":\"Collar de Las Reliquias de la Muerte - ROSE MVD\",\"isPartOf\":{\"@id\":\"https:\\\/\\\/rosemvd.com\\\/#website\"},\"primaryImageOfPage\":{\"@id\":\"https:\\\/\\\/rosemvd.com\\\/index.php\\\/producto\\\/collar-de-las-reliquias-de-la-muerte\\\/#primaryimage\"},\"image\":{\"@id\":\"https:\\\/\\\/rosemvd.com\\\/index.php\\\/producto\\\/collar-de-las-reliquias-de-la-muerte\\\/#primaryimage\"},\"thumbnailUrl\":\"https:\\\/\\\/rosemvd.com\\\/wp-content\\\/uploads\\\/2025\\\/01\\\/D_NQ_NP_844740-MLU82038231407_012025-O.webp\",\"datePublished\":\"2025-01-22T15:46:42+00:00\",\"dateModified\":\"2026-04-20T13:43:45+00:00\",\"description\":\"Legendario s\u00edmbolo de Harry Potter, representa la varita de sa\u00faco, la piedra de la resurrecci\u00f3n y la capa de invisibilidad\",\"breadcrumb\":{\"@id\":\"https:\\\/\\\/rosemvd.com\\\/index.php\\\/producto\\\/collar-de-las-reliquias-de-la-muerte\\\/#breadcrumb\"},\"inLanguage\":\"es\",\"potentialAction\":[{\"@type\":\"ReadAction\",\"target\":[\"https:\\\/\\\/rosemvd.com\\\/index.php\\\/producto\\\/collar-de-las-reliquias-de-la-muerte\\\/\"]}]},{\"@type\":\"ImageObject\",\"inLanguage\":\"es\",\"@id\":\"https:\\\/\\\/rosemvd.com\\\/index.php\\\/producto\\\/collar-de-las-reliquias-de-la-muerte\\\/#primaryimage\",\"url\":\"https:\\\/\\\/rosemvd.com\\\/wp-content\\\/uploads\\\/2025\\\/01\\\/D_NQ_NP_844740-MLU82038231407_012025-O.webp\",\"contentUrl\":\"https:\\\/\\\/rosemvd.com\\\/wp-content\\\/uploads\\\/2025\\\/01\\\/D_NQ_NP_844740-MLU82038231407_012025-O.webp\",\"width\":500,\"height\":420},{\"@type\":\"BreadcrumbList\",\"@id\":\"https:\\\/\\\/rosemvd.com\\\/index.php\\\/producto\\\/collar-de-las-reliquias-de-la-muerte\\\/#breadcrumb\",\"itemListElement\":[{\"@type\":\"ListItem\",\"position\":1,\"name\":\"Portada\",\"item\":\"https:\\\/\\\/rosemvd.com\\\/\"},{\"@type\":\"ListItem\",\"position\":2,\"name\":\"Tienda\",\"item\":\"https:\\\/\\\/rosemvd.com\\\/index.php\\\/tienda\\\/\"},{\"@type\":\"ListItem\",\"position\":3,\"name\":\"Collar de Las Reliquias de la Muerte\"}]},{\"@type\":\"WebSite\",\"@id\":\"https:\\\/\\\/rosemvd.com\\\/#website\",\"url\":\"https:\\\/\\\/rosemvd.com\\\/\",\"name\":\"ROSE MVD\",\"description\":\"Todo lo que no sab\u00edas que necesitabas, lo \u00faltimo en tendencia, utilidad e innovaci\u00f3n\",\"publisher\":{\"@id\":\"https:\\\/\\\/rosemvd.com\\\/#organization\"},\"potentialAction\":[{\"@type\":\"SearchAction\",\"target\":{\"@type\":\"EntryPoint\",\"urlTemplate\":\"https:\\\/\\\/rosemvd.com\\\/?s={search_term_string}\"},\"query-input\":{\"@type\":\"PropertyValueSpecification\",\"valueRequired\":true,\"valueName\":\"search_term_string\"}}],\"inLanguage\":\"es\"},{\"@type\":\"Organization\",\"@id\":\"https:\\\/\\\/rosemvd.com\\\/#organization\",\"name\":\"ROSE MVD\",\"alternateName\":\"ROSE MVD\",\"url\":\"https:\\\/\\\/rosemvd.com\\\/\",\"logo\":{\"@type\":\"ImageObject\",\"inLanguage\":\"es\",\"@id\":\"https:\\\/\\\/rosemvd.com\\\/#\\\/schema\\\/logo\\\/image\\\/\",\"url\":\"https:\\\/\\\/rosemvd.com\\\/wp-content\\\/uploads\\\/2023\\\/03\\\/Sin-titulo-2_Mesa-de-trabajo-1.png\",\"contentUrl\":\"https:\\\/\\\/rosemvd.com\\\/wp-content\\\/uploads\\\/2023\\\/03\\\/Sin-titulo-2_Mesa-de-trabajo-1.png\",\"width\":2084,\"height\":2084,\"caption\":\"ROSE MVD\"},\"image\":{\"@id\":\"https:\\\/\\\/rosemvd.com\\\/#\\\/schema\\\/logo\\\/image\\\/\"},\"sameAs\":[\"https:\\\/\\\/www.facebook.com\\\/TiendaRoseMvd\",\"https:\\\/\\\/www.instagram.com\\\/rose.mvd\"]}]}<\/script>\n<!-- \/ Yoast SEO plugin. -->","yoast_head_json":{"title":"Collar de Las Reliquias de la Muerte - ROSE MVD","description":"Legendario s\u00edmbolo de Harry Potter, representa la varita de sa\u00faco, la piedra de la resurrecci\u00f3n y la capa de invisibilidad","robots":{"index":"index","follow":"follow","max-snippet":"max-snippet:-1","max-image-preview":"max-image-preview:large","max-video-preview":"max-video-preview:-1"},"canonical":"https:\/\/rosemvd.com\/index.php\/producto\/collar-de-las-reliquias-de-la-muerte\/","og_locale":"es_ES","og_type":"article","og_title":"Collar de Las Reliquias de la Muerte - ROSE MVD","og_description":"Legendario s\u00edmbolo de Harry Potter, representa la varita de sa\u00faco, la piedra de la resurrecci\u00f3n y la capa de invisibilidad","og_url":"https:\/\/rosemvd.com\/index.php\/producto\/collar-de-las-reliquias-de-la-muerte\/","og_site_name":"ROSE MVD","article_publisher":"https:\/\/www.facebook.com\/TiendaRoseMvd","article_modified_time":"2026-04-20T13:43:45+00:00","og_image":[{"width":500,"height":420,"url":"https:\/\/rosemvd.com\/wp-content\/uploads\/2025\/01\/D_NQ_NP_844740-MLU82038231407_012025-O.webp","type":"image\/webp"}],"twitter_card":"summary_large_image","twitter_misc":{"Tiempo de lectura":"1 minuto"},"schema":{"@context":"https:\/\/schema.org","@graph":[{"@type":"WebPage","@id":"https:\/\/rosemvd.com\/index.php\/producto\/collar-de-las-reliquias-de-la-muerte\/","url":"https:\/\/rosemvd.com\/index.php\/producto\/collar-de-las-reliquias-de-la-muerte\/","name":"Collar de Las Reliquias de la Muerte - ROSE MVD","isPartOf":{"@id":"https:\/\/rosemvd.com\/#website"},"primaryImageOfPage":{"@id":"https:\/\/rosemvd.com\/index.php\/producto\/collar-de-las-reliquias-de-la-muerte\/#primaryimage"},"image":{"@id":"https:\/\/rosemvd.com\/index.php\/producto\/collar-de-las-reliquias-de-la-muerte\/#primaryimage"},"thumbnailUrl":"https:\/\/rosemvd.com\/wp-content\/uploads\/2025\/01\/D_NQ_NP_844740-MLU82038231407_012025-O.webp","datePublished":"2025-01-22T15:46:42+00:00","dateModified":"2026-04-20T13:43:45+00:00","description":"Legendario s\u00edmbolo de Harry Potter, representa la varita de sa\u00faco, la piedra de la resurrecci\u00f3n y la capa de invisibilidad","breadcrumb":{"@id":"https:\/\/rosemvd.com\/index.php\/producto\/collar-de-las-reliquias-de-la-muerte\/#breadcrumb"},"inLanguage":"es","potentialAction":[{"@type":"ReadAction","target":["https:\/\/rosemvd.com\/index.php\/producto\/collar-de-las-reliquias-de-la-muerte\/"]}]},{"@type":"ImageObject","inLanguage":"es","@id":"https:\/\/rosemvd.com\/index.php\/producto\/collar-de-las-reliquias-de-la-muerte\/#primaryimage","url":"https:\/\/rosemvd.com\/wp-content\/uploads\/2025\/01\/D_NQ_NP_844740-MLU82038231407_012025-O.webp","contentUrl":"https:\/\/rosemvd.com\/wp-content\/uploads\/2025\/01\/D_NQ_NP_844740-MLU82038231407_012025-O.webp","width":500,"height":420},{"@type":"BreadcrumbList","@id":"https:\/\/rosemvd.com\/index.php\/producto\/collar-de-las-reliquias-de-la-muerte\/#breadcrumb","itemListElement":[{"@type":"ListItem","position":1,"name":"Portada","item":"https:\/\/rosemvd.com\/"},{"@type":"ListItem","position":2,"name":"Tienda","item":"https:\/\/rosemvd.com\/index.php\/tienda\/"},{"@type":"ListItem","position":3,"name":"Collar de Las Reliquias de la Muerte"}]},{"@type":"WebSite","@id":"https:\/\/rosemvd.com\/#website","url":"https:\/\/rosemvd.com\/","name":"ROSE MVD","description":"Todo lo que no sab\u00edas que necesitabas, lo \u00faltimo en tendencia, utilidad e innovaci\u00f3n","publisher":{"@id":"https:\/\/rosemvd.com\/#organization"},"potentialAction":[{"@type":"SearchAction","target":{"@type":"EntryPoint","urlTemplate":"https:\/\/rosemvd.com\/?s={search_term_string}"},"query-input":{"@type":"PropertyValueSpecification","valueRequired":true,"valueName":"search_term_string"}}],"inLanguage":"es"},{"@type":"Organization","@id":"https:\/\/rosemvd.com\/#organization","name":"ROSE MVD","alternateName":"ROSE MVD","url":"https:\/\/rosemvd.com\/","logo":{"@type":"ImageObject","inLanguage":"es","@id":"https:\/\/rosemvd.com\/#\/schema\/logo\/image\/","url":"https:\/\/rosemvd.com\/wp-content\/uploads\/2023\/03\/Sin-titulo-2_Mesa-de-trabajo-1.png","contentUrl":"https:\/\/rosemvd.com\/wp-content\/uploads\/2023\/03\/Sin-titulo-2_Mesa-de-trabajo-1.png","width":2084,"height":2084,"caption":"ROSE MVD"},"image":{"@id":"https:\/\/rosemvd.com\/#\/schema\/logo\/image\/"},"sameAs":["https:\/\/www.facebook.com\/TiendaRoseMvd","https:\/\/www.instagram.com\/rose.mvd"]}]}},"_links":{"self":[{"href":"https:\/\/rosemvd.com\/index.php\/wp-json\/wp\/v2\/product\/11521","targetHints":{"allow":["GET"]}}],"collection":[{"href":"https:\/\/rosemvd.com\/index.php\/wp-json\/wp\/v2\/product"}],"about":[{"href":"https:\/\/rosemvd.com\/index.php\/wp-json\/wp\/v2\/types\/product"}],"wp:featuredmedia":[{"embeddable":true,"href":"https:\/\/rosemvd.com\/index.php\/wp-json\/wp\/v2\/media\/11524"}],"wp:attachment":[{"href":"https:\/\/rosemvd.com\/index.php\/wp-json\/wp\/v2\/media?parent=11521"}],"wp:term":[{"taxonomy":"product_brand","embeddable":true,"href":"https:\/\/rosemvd.com\/index.php\/wp-json\/wp\/v2\/product_brand?post=11521"},{"taxonomy":"product_cat","embeddable":true,"href":"https:\/\/rosemvd.com\/index.php\/wp-json\/wp\/v2\/product_cat?post=11521"},{"taxonomy":"product_tag","embeddable":true,"href":"https:\/\/rosemvd.com\/index.php\/wp-json\/wp\/v2\/product_tag?post=11521"}],"curies":[{"name":"wp","href":"https:\/\/api.w.org\/{rel}","templated":true}]}}