{"id":11503,"date":"2025-01-21T16:31:47","date_gmt":"2025-01-21T19:31:47","guid":{"rendered":"https:\/\/rosemvd.com\/?post_type=product&#038;p=11503"},"modified":"2026-04-21T21:53:32","modified_gmt":"2026-04-22T00:53:32","slug":"tapones-reductores-de-ruido","status":"publish","type":"product","link":"https:\/\/rosemvd.com\/index.php\/producto\/tapones-reductores-de-ruido\/","title":{"rendered":"Tapones Reductores de Ruido"},"content":{"rendered":"<h6 data-start=\"126\" data-end=\"225\"><strong data-start=\"130\" data-end=\"225\"><span class=\"_fadeIn_m1hgl_8\">Tapones <\/span><span class=\"_fadeIn_m1hgl_8\">para <\/span><span class=\"_fadeIn_m1hgl_8\">O\u00eddos <\/span><span class=\"_fadeIn_m1hgl_8\">con <\/span><span class=\"_fadeIn_m1hgl_8\">Estuche \u2013 <\/span><span class=\"_fadeIn_m1hgl_8\">Set <\/span><span class=\"_fadeIn_m1hgl_8\">de <\/span><span class=\"_fadeIn_m1hgl_8\">2 <\/span><span class=\"_fadeIn_m1hgl_8\">Piezas | <\/span><span class=\"_fadeIn_m1hgl_8\">Protecci\u00f3n <\/span><span class=\"_fadeIn_m1hgl_8\">Auditiva <\/span><span class=\"_fadeIn_m1hgl_8\">y <\/span><span class=\"_fadeIn_m1hgl_8\">Reducci\u00f3n <\/span><span class=\"_fadeIn_m1hgl_8\">de <\/span><span class=\"_fadeIn_m1hgl_8\">Ruido<\/span><\/strong><\/h6>\n<p data-start=\"227\" data-end=\"487\"><span class=\"_fadeIn_m1hgl_8\">Disfruta <\/span><span class=\"_fadeIn_m1hgl_8\">de <\/span><span class=\"_fadeIn_m1hgl_8\">mayor <\/span><span class=\"_fadeIn_m1hgl_8\">tranquilidad <\/span><span class=\"_fadeIn_m1hgl_8\">y <\/span><span class=\"_fadeIn_m1hgl_8\">concentraci\u00f3n <\/span><span class=\"_fadeIn_m1hgl_8\">con <\/span><span class=\"_fadeIn_m1hgl_8\">este <\/span><span class=\"_fadeIn_m1hgl_8\">set <\/span><span class=\"_fadeIn_m1hgl_8\">de <\/span><span class=\"_fadeIn_m1hgl_8\">tapones <\/span><span class=\"_fadeIn_m1hgl_8\">para <\/span><span class=\"_fadeIn_m1hgl_8\">o\u00eddos, <\/span><span class=\"_fadeIn_m1hgl_8\">dise\u00f1ado <\/span><span class=\"_fadeIn_m1hgl_8\">para <\/span><span class=\"_fadeIn_m1hgl_8\">reducir <\/span><span class=\"_fadeIn_m1hgl_8\">eficazmente <\/span><span class=\"_fadeIn_m1hgl_8\">el <\/span><span class=\"_fadeIn_m1hgl_8\">ruido <\/span><span class=\"_fadeIn_m1hgl_8\">en <\/span><span class=\"_fadeIn_m1hgl_8\">diversos <\/span><span class=\"_fadeIn_m1hgl_8\">entornos. <\/span><span class=\"_fadeIn_m1hgl_8\">Incluye <\/span><span class=\"_fadeIn_m1hgl_8\">2 <\/span><span class=\"_fadeIn_m1hgl_8\">tapones <\/span><span class=\"_fadeIn_m1hgl_8\">reutilizables <\/span><span class=\"_fadeIn_m1hgl_8\">y <\/span><span class=\"_fadeIn_m1hgl_8\">una <\/span><span class=\"_fadeIn_m1hgl_8\">pr\u00e1ctica <\/span><span class=\"_fadeIn_m1hgl_8\">caja <\/span><span class=\"_fadeIn_m1hgl_8\">de <\/span><span class=\"_fadeIn_m1hgl_8\">almacenamiento <\/span><span class=\"_fadeIn_m1hgl_8\">que <\/span><span class=\"_fadeIn_m1hgl_8\">facilita <\/span><span class=\"_fadeIn_m1hgl_8\">su <\/span><span class=\"_fadeIn_m1hgl_8\">transporte <\/span><span class=\"_fadeIn_m1hgl_8\">y <\/span><span class=\"_fadeIn_m1hgl_8\">conservaci\u00f3n.<\/span><\/p>\n<hr data-start=\"489\" data-end=\"492\" \/>\n<h6 data-start=\"494\" data-end=\"520\"><strong data-start=\"498\" data-end=\"520\"><span class=\"_fadeIn_m1hgl_8\">Usos <\/span><span class=\"_fadeIn_m1hgl_8\">recomendados:<\/span><\/strong><\/h6>\n<ul data-start=\"521\" data-end=\"697\">\n<li data-start=\"521\" data-end=\"548\">\n<p data-start=\"523\" data-end=\"548\"><span class=\"_fadeIn_m1hgl_8\">Dormir <\/span><span class=\"_fadeIn_m1hgl_8\">sin <\/span><span class=\"_fadeIn_m1hgl_8\">interrupciones<\/span><\/p>\n<\/li>\n<li data-start=\"549\" data-end=\"583\">\n<p data-start=\"551\" data-end=\"583\"><span class=\"_fadeIn_m1hgl_8\">Estudiar <\/span><span class=\"_fadeIn_m1hgl_8\">con <\/span><span class=\"_fadeIn_m1hgl_8\">mayor <\/span><span class=\"_fadeIn_m1hgl_8\">concentraci\u00f3n<\/span><\/p>\n<\/li>\n<li data-start=\"584\" data-end=\"613\">\n<p data-start=\"586\" data-end=\"613\"><span class=\"_fadeIn_m1hgl_8\">Bloquear <\/span><span class=\"_fadeIn_m1hgl_8\">ronquidos <\/span><span class=\"_fadeIn_m1hgl_8\">molestos<\/span><\/p>\n<\/li>\n<li data-start=\"614\" data-end=\"646\">\n<p data-start=\"616\" data-end=\"646\"><span class=\"_fadeIn_m1hgl_8\">Trabajar <\/span><span class=\"_fadeIn_m1hgl_8\">en <\/span><span class=\"_fadeIn_m1hgl_8\">ambientes <\/span><span class=\"_fadeIn_m1hgl_8\">ruidosos<\/span><\/p>\n<\/li>\n<li data-start=\"647\" data-end=\"675\">\n<p data-start=\"649\" data-end=\"675\"><span class=\"_fadeIn_m1hgl_8\">Viajar <\/span><span class=\"_fadeIn_m1hgl_8\">con <\/span><span class=\"_fadeIn_m1hgl_8\">mayor <\/span><span class=\"_fadeIn_m1hgl_8\">comodidad<\/span><\/p>\n<\/li>\n<li data-start=\"676\" data-end=\"697\">\n<p data-start=\"678\" data-end=\"697\"><span class=\"_fadeIn_m1hgl_8\">Nadar <\/span><span class=\"_fadeIn_m1hgl_8\">sin <\/span><span class=\"_fadeIn_m1hgl_8\">molestias<\/span><\/p>\n<\/li>\n<\/ul>\n<hr data-start=\"699\" data-end=\"702\" \/>\n<h6 data-start=\"704\" data-end=\"739\"><strong data-start=\"708\" data-end=\"739\"><span class=\"_fadeIn_m1hgl_8\">Caracter\u00edsticas <\/span><span class=\"_fadeIn_m1hgl_8\">destacadas:<\/span><\/strong><\/h6>\n<ul data-start=\"740\" data-end=\"1140\">\n<li data-start=\"740\" data-end=\"860\">\n<p data-start=\"742\" data-end=\"860\"><strong data-start=\"742\" data-end=\"774\"><span class=\"_fadeIn_m1hgl_8\">Reducci\u00f3n <\/span><span class=\"_fadeIn_m1hgl_8\">efectiva <\/span><span class=\"_fadeIn_m1hgl_8\">de <\/span><span class=\"_fadeIn_m1hgl_8\">ruido:<\/span><\/strong> <span class=\"_fadeIn_m1hgl_8\">Ideal <\/span><span class=\"_fadeIn_m1hgl_8\">para <\/span><span class=\"_fadeIn_m1hgl_8\">proteger <\/span><span class=\"_fadeIn_m1hgl_8\">tus <\/span><span class=\"_fadeIn_m1hgl_8\">o\u00eddos <\/span><span class=\"_fadeIn_m1hgl_8\">en <\/span><span class=\"_fadeIn_m1hgl_8\">entornos <\/span><span class=\"_fadeIn_m1hgl_8\">ruidosos <\/span><span class=\"_fadeIn_m1hgl_8\">o <\/span><span class=\"_fadeIn_m1hgl_8\">lograr <\/span><span class=\"_fadeIn_m1hgl_8\">un <\/span><span class=\"_fadeIn_m1hgl_8\">descanso <\/span><span class=\"_fadeIn_m1hgl_8\">m\u00e1s <\/span><span class=\"_fadeIn_m1hgl_8\">profundo.<\/span><\/p>\n<\/li>\n<li data-start=\"861\" data-end=\"949\">\n<p data-start=\"863\" data-end=\"949\"><strong data-start=\"863\" data-end=\"885\"><span class=\"_fadeIn_m1hgl_8\">Dise\u00f1o <\/span><span class=\"_fadeIn_m1hgl_8\">ergon\u00f3mico:<\/span><\/strong> <span class=\"_fadeIn_m1hgl_8\">Ajuste <\/span><span class=\"_fadeIn_m1hgl_8\">c\u00f3modo <\/span><span class=\"_fadeIn_m1hgl_8\">y <\/span><span class=\"_fadeIn_m1hgl_8\">seguro, <\/span><span class=\"_fadeIn_m1hgl_8\">adaptable <\/span><span class=\"_fadeIn_m1hgl_8\">a <\/span><span class=\"_fadeIn_m1hgl_8\">diferentes <\/span><span class=\"_fadeIn_m1hgl_8\">tama\u00f1os <\/span><span class=\"_fadeIn_m1hgl_8\">de <\/span><span class=\"_fadeIn_m1hgl_8\">o\u00eddo.<\/span><\/p>\n<\/li>\n<li data-start=\"950\" data-end=\"1038\">\n<p data-start=\"952\" data-end=\"1038\"><strong data-start=\"952\" data-end=\"979\"><span class=\"_fadeIn_m1hgl_8\">Compactos <\/span><span class=\"_fadeIn_m1hgl_8\">y <\/span><span class=\"_fadeIn_m1hgl_8\">port\u00e1tiles:<\/span><\/strong> <span class=\"_fadeIn_m1hgl_8\">F\u00e1ciles <\/span><span class=\"_fadeIn_m1hgl_8\">de <\/span><span class=\"_fadeIn_m1hgl_8\">llevar <\/span><span class=\"_fadeIn_m1hgl_8\">en <\/span><span class=\"_fadeIn_m1hgl_8\">bolsos, <\/span><span class=\"_fadeIn_m1hgl_8\">mochilas <\/span><span class=\"_fadeIn_m1hgl_8\">o <\/span><span class=\"_fadeIn_m1hgl_8\">estuches <\/span><span class=\"_fadeIn_m1hgl_8\">de <\/span><span class=\"_fadeIn_m1hgl_8\">viaje.<\/span><\/p>\n<\/li>\n<li data-start=\"1039\" data-end=\"1140\">\n<p data-start=\"1041\" data-end=\"1140\"><strong data-start=\"1041\" data-end=\"1071\"><span class=\"_fadeIn_m1hgl_8\">Reutilizables <\/span><span class=\"_fadeIn_m1hgl_8\">y <\/span><span class=\"_fadeIn_m1hgl_8\">duraderos:<\/span><\/strong> <span class=\"_fadeIn_m1hgl_8\">Fabricados <\/span><span class=\"_fadeIn_m1hgl_8\">con <\/span><span class=\"_fadeIn_m1hgl_8\">materiales <\/span><span class=\"_fadeIn_m1hgl_8\">de <\/span><span class=\"_fadeIn_m1hgl_8\">calidad <\/span><span class=\"_fadeIn_m1hgl_8\">que <\/span><span class=\"_fadeIn_m1hgl_8\">permiten <\/span><span class=\"_fadeIn_m1hgl_8\">un <\/span><span class=\"_fadeIn_m1hgl_8\">uso <\/span><span class=\"_fadeIn_m1hgl_8\">prolongado.<\/span><\/p>\n<\/li>\n<\/ul>\n<hr data-start=\"1142\" data-end=\"1145\" \/>\n<p data-start=\"1147\" data-end=\"1257\"><strong data-start=\"1147\" data-end=\"1171\"><span class=\"_fadeIn_m1hgl_8\">Colores <\/span><span class=\"_fadeIn_m1hgl_8\">disponibles:<\/span><\/strong> <span class=\"_fadeIn_m1hgl_8\">Negro, <\/span><span class=\"_fadeIn_m1hgl_8\">verde <\/span><span class=\"_fadeIn_m1hgl_8\">y <\/span><span class=\"_fadeIn_m1hgl_8\">gris<\/span><br data-start=\"1191\" data-end=\"1194\" \/><strong data-start=\"1194\" data-end=\"1206\"><span class=\"_fadeIn_m1hgl_8\">Incluye:<\/span><\/strong> <span class=\"_fadeIn_m1hgl_8\">2 <\/span><span class=\"_fadeIn_m1hgl_8\">tapones <\/span><span class=\"_fadeIn_m1hgl_8\">para <\/span><span class=\"_fadeIn_m1hgl_8\">o\u00eddos + <\/span><span class=\"_fadeIn_m1hgl_8\">1 <\/span><span class=\"_fadeIn_m1hgl_8\">estuche <\/span><span class=\"_fadeIn_m1hgl_8\">de <\/span><span class=\"_fadeIn_m1hgl_8\">almacenamiento<\/span><\/p>\n","protected":false},"excerpt":{"rendered":"<p>Tapones para O\u00eddos con Estuche \u2013 Set de 2 Piezas | Protecci\u00f3n Auditiva y Reducci\u00f3n de Ruido Disfruta de mayor tranquilidad y concentraci\u00f3n con este set de tapones para o\u00eddos, dise\u00f1ado para reducir eficazmente el ruido en diversos entornos. Incluye 2 tapones reutilizables y una pr\u00e1ctica caja de almacenamiento que facilita su transporte y conservaci\u00f3n. [&hellip;]<\/p>\n","protected":false},"featured_media":11508,"template":"","meta":{"site-sidebar-layout":"default","site-content-layout":"","ast-site-content-layout":"default","site-content-style":"default","site-sidebar-style":"default","ast-global-header-display":"","ast-banner-title-visibility":"","ast-main-header-display":"","ast-hfb-above-header-display":"","ast-hfb-below-header-display":"","ast-hfb-mobile-header-display":"","site-post-title":"","ast-breadcrumbs-content":"","ast-featured-img":"","footer-sml-layout":"","ast-disable-related-posts":"","theme-transparent-header-meta":"default","adv-header-id-meta":"","stick-header-meta":"","header-above-stick-meta":"","header-main-stick-meta":"","header-below-stick-meta":"","astra-migrate-meta-layouts":"set","ast-page-background-enabled":"default","ast-page-background-meta":{"desktop":{"background-color":"var(--ast-global-color-4)","background-image":"","background-repeat":"repeat","background-position":"center center","background-size":"auto","background-attachment":"scroll","background-type":"","background-media":"","overlay-type":"","overlay-color":"","overlay-opacity":"","overlay-gradient":""},"tablet":{"background-color":"","background-image":"","background-repeat":"repeat","background-position":"center center","background-size":"auto","background-attachment":"scroll","background-type":"","background-media":"","overlay-type":"","overlay-color":"","overlay-opacity":"","overlay-gradient":""},"mobile":{"background-color":"","background-image":"","background-repeat":"repeat","background-position":"center center","background-size":"auto","background-attachment":"scroll","background-type":"","background-media":"","overlay-type":"","overlay-color":"","overlay-opacity":"","overlay-gradient":""}},"ast-content-background-meta":{"desktop":{"background-color":"var(--ast-global-color-5)","background-image":"","background-repeat":"repeat","background-position":"center center","background-size":"auto","background-attachment":"scroll","background-type":"","background-media":"","overlay-type":"","overlay-color":"","overlay-opacity":"","overlay-gradient":""},"tablet":{"background-color":"var(--ast-global-color-5)","background-image":"","background-repeat":"repeat","background-position":"center center","background-size":"auto","background-attachment":"scroll","background-type":"","background-media":"","overlay-type":"","overlay-color":"","overlay-opacity":"","overlay-gradient":""},"mobile":{"background-color":"var(--ast-global-color-5)","background-image":"","background-repeat":"repeat","background-position":"center center","background-size":"auto","background-attachment":"scroll","background-type":"","background-media":"","overlay-type":"","overlay-color":"","overlay-opacity":"","overlay-gradient":""}}},"product_brand":[],"product_cat":[447,457,368],"product_tag":[],"class_list":{"0":"post-11503","1":"product","2":"type-product","3":"status-publish","4":"has-post-thumbnail","6":"product_cat-bienestar","7":"product_cat-dispositivos-de-cuidado","8":"product_cat-otros","9":"desktop-align-left","10":"tablet-align-left","11":"mobile-align-left","13":"first","14":"instock","15":"shipping-taxable","16":"purchasable","17":"product-type-variable"},"yoast_head":"<!-- This site is optimized with the Yoast SEO plugin v27.3 - https:\/\/yoast.com\/product\/yoast-seo-wordpress\/ -->\n<title>Tapones Reductores de Ruido - ROSE MVD<\/title>\n<meta name=\"description\" content=\"Tapones Reductores de Ruido, Dise\u00f1ados para reducir el ruido, son ideales para dormir, estudiar, bloquear ronquidos, trabajar en entornos ruidosos\" \/>\n<meta name=\"robots\" content=\"index, follow, max-snippet:-1, max-image-preview:large, max-video-preview:-1\" \/>\n<link rel=\"canonical\" href=\"https:\/\/rosemvd.com\/index.php\/producto\/tapones-reductores-de-ruido\/\" \/>\n<meta property=\"og:locale\" content=\"es_ES\" \/>\n<meta property=\"og:type\" content=\"article\" \/>\n<meta property=\"og:title\" content=\"Tapones Reductores de Ruido - ROSE MVD\" \/>\n<meta property=\"og:description\" content=\"Tapones Reductores de Ruido, Dise\u00f1ados para reducir el ruido, son ideales para dormir, estudiar, bloquear ronquidos, trabajar en entornos ruidosos\" \/>\n<meta property=\"og:url\" content=\"https:\/\/rosemvd.com\/index.php\/producto\/tapones-reductores-de-ruido\/\" \/>\n<meta property=\"og:site_name\" content=\"ROSE MVD\" \/>\n<meta property=\"article:publisher\" content=\"https:\/\/www.facebook.com\/TiendaRoseMvd\" \/>\n<meta property=\"article:modified_time\" content=\"2026-04-22T00:53:32+00:00\" \/>\n<meta property=\"og:image\" content=\"https:\/\/rosemvd.com\/wp-content\/uploads\/2025\/01\/tapones3.jpg\" \/>\n\t<meta property=\"og:image:width\" content=\"594\" \/>\n\t<meta property=\"og:image:height\" content=\"566\" \/>\n\t<meta property=\"og:image:type\" content=\"image\/jpeg\" \/>\n<meta name=\"twitter:card\" content=\"summary_large_image\" \/>\n<meta name=\"twitter:label1\" content=\"Tiempo de lectura\" \/>\n\t<meta name=\"twitter:data1\" content=\"1 minuto\" \/>\n<script type=\"application\/ld+json\" class=\"yoast-schema-graph\">{\"@context\":\"https:\\\/\\\/schema.org\",\"@graph\":[{\"@type\":\"WebPage\",\"@id\":\"https:\\\/\\\/rosemvd.com\\\/index.php\\\/producto\\\/tapones-reductores-de-ruido\\\/\",\"url\":\"https:\\\/\\\/rosemvd.com\\\/index.php\\\/producto\\\/tapones-reductores-de-ruido\\\/\",\"name\":\"Tapones Reductores de Ruido - ROSE MVD\",\"isPartOf\":{\"@id\":\"https:\\\/\\\/rosemvd.com\\\/#website\"},\"primaryImageOfPage\":{\"@id\":\"https:\\\/\\\/rosemvd.com\\\/index.php\\\/producto\\\/tapones-reductores-de-ruido\\\/#primaryimage\"},\"image\":{\"@id\":\"https:\\\/\\\/rosemvd.com\\\/index.php\\\/producto\\\/tapones-reductores-de-ruido\\\/#primaryimage\"},\"thumbnailUrl\":\"https:\\\/\\\/rosemvd.com\\\/wp-content\\\/uploads\\\/2025\\\/01\\\/tapones3.jpg\",\"datePublished\":\"2025-01-21T19:31:47+00:00\",\"dateModified\":\"2026-04-22T00:53:32+00:00\",\"description\":\"Tapones Reductores de Ruido, Dise\u00f1ados para reducir el ruido, son ideales para dormir, estudiar, bloquear ronquidos, trabajar en entornos ruidosos\",\"breadcrumb\":{\"@id\":\"https:\\\/\\\/rosemvd.com\\\/index.php\\\/producto\\\/tapones-reductores-de-ruido\\\/#breadcrumb\"},\"inLanguage\":\"es\",\"potentialAction\":[{\"@type\":\"ReadAction\",\"target\":[\"https:\\\/\\\/rosemvd.com\\\/index.php\\\/producto\\\/tapones-reductores-de-ruido\\\/\"]}]},{\"@type\":\"ImageObject\",\"inLanguage\":\"es\",\"@id\":\"https:\\\/\\\/rosemvd.com\\\/index.php\\\/producto\\\/tapones-reductores-de-ruido\\\/#primaryimage\",\"url\":\"https:\\\/\\\/rosemvd.com\\\/wp-content\\\/uploads\\\/2025\\\/01\\\/tapones3.jpg\",\"contentUrl\":\"https:\\\/\\\/rosemvd.com\\\/wp-content\\\/uploads\\\/2025\\\/01\\\/tapones3.jpg\",\"width\":594,\"height\":566},{\"@type\":\"BreadcrumbList\",\"@id\":\"https:\\\/\\\/rosemvd.com\\\/index.php\\\/producto\\\/tapones-reductores-de-ruido\\\/#breadcrumb\",\"itemListElement\":[{\"@type\":\"ListItem\",\"position\":1,\"name\":\"Portada\",\"item\":\"https:\\\/\\\/rosemvd.com\\\/\"},{\"@type\":\"ListItem\",\"position\":2,\"name\":\"Tienda\",\"item\":\"https:\\\/\\\/rosemvd.com\\\/index.php\\\/tienda\\\/\"},{\"@type\":\"ListItem\",\"position\":3,\"name\":\"Tapones Reductores de Ruido\"}]},{\"@type\":\"WebSite\",\"@id\":\"https:\\\/\\\/rosemvd.com\\\/#website\",\"url\":\"https:\\\/\\\/rosemvd.com\\\/\",\"name\":\"ROSE MVD\",\"description\":\"Todo lo que buscas lo pod\u00e9s encontrar en rose mvd, especializados en traer todas las cosas nuevas en tendencia y accesorios diferentes y \u00fanicos.\",\"publisher\":{\"@id\":\"https:\\\/\\\/rosemvd.com\\\/#organization\"},\"potentialAction\":[{\"@type\":\"SearchAction\",\"target\":{\"@type\":\"EntryPoint\",\"urlTemplate\":\"https:\\\/\\\/rosemvd.com\\\/?s={search_term_string}\"},\"query-input\":{\"@type\":\"PropertyValueSpecification\",\"valueRequired\":true,\"valueName\":\"search_term_string\"}}],\"inLanguage\":\"es\"},{\"@type\":\"Organization\",\"@id\":\"https:\\\/\\\/rosemvd.com\\\/#organization\",\"name\":\"ROSE MVD\",\"alternateName\":\"ROSE MVD\",\"url\":\"https:\\\/\\\/rosemvd.com\\\/\",\"logo\":{\"@type\":\"ImageObject\",\"inLanguage\":\"es\",\"@id\":\"https:\\\/\\\/rosemvd.com\\\/#\\\/schema\\\/logo\\\/image\\\/\",\"url\":\"https:\\\/\\\/rosemvd.com\\\/wp-content\\\/uploads\\\/2023\\\/03\\\/Sin-titulo-2_Mesa-de-trabajo-1.png\",\"contentUrl\":\"https:\\\/\\\/rosemvd.com\\\/wp-content\\\/uploads\\\/2023\\\/03\\\/Sin-titulo-2_Mesa-de-trabajo-1.png\",\"width\":2084,\"height\":2084,\"caption\":\"ROSE MVD\"},\"image\":{\"@id\":\"https:\\\/\\\/rosemvd.com\\\/#\\\/schema\\\/logo\\\/image\\\/\"},\"sameAs\":[\"https:\\\/\\\/www.facebook.com\\\/TiendaRoseMvd\",\"https:\\\/\\\/www.instagram.com\\\/rose.mvd\"]}]}<\/script>\n<!-- \/ Yoast SEO plugin. -->","yoast_head_json":{"title":"Tapones Reductores de Ruido - ROSE MVD","description":"Tapones Reductores de Ruido, Dise\u00f1ados para reducir el ruido, son ideales para dormir, estudiar, bloquear ronquidos, trabajar en entornos ruidosos","robots":{"index":"index","follow":"follow","max-snippet":"max-snippet:-1","max-image-preview":"max-image-preview:large","max-video-preview":"max-video-preview:-1"},"canonical":"https:\/\/rosemvd.com\/index.php\/producto\/tapones-reductores-de-ruido\/","og_locale":"es_ES","og_type":"article","og_title":"Tapones Reductores de Ruido - ROSE MVD","og_description":"Tapones Reductores de Ruido, Dise\u00f1ados para reducir el ruido, son ideales para dormir, estudiar, bloquear ronquidos, trabajar en entornos ruidosos","og_url":"https:\/\/rosemvd.com\/index.php\/producto\/tapones-reductores-de-ruido\/","og_site_name":"ROSE MVD","article_publisher":"https:\/\/www.facebook.com\/TiendaRoseMvd","article_modified_time":"2026-04-22T00:53:32+00:00","og_image":[{"width":594,"height":566,"url":"https:\/\/rosemvd.com\/wp-content\/uploads\/2025\/01\/tapones3.jpg","type":"image\/jpeg"}],"twitter_card":"summary_large_image","twitter_misc":{"Tiempo de lectura":"1 minuto"},"schema":{"@context":"https:\/\/schema.org","@graph":[{"@type":"WebPage","@id":"https:\/\/rosemvd.com\/index.php\/producto\/tapones-reductores-de-ruido\/","url":"https:\/\/rosemvd.com\/index.php\/producto\/tapones-reductores-de-ruido\/","name":"Tapones Reductores de Ruido - ROSE MVD","isPartOf":{"@id":"https:\/\/rosemvd.com\/#website"},"primaryImageOfPage":{"@id":"https:\/\/rosemvd.com\/index.php\/producto\/tapones-reductores-de-ruido\/#primaryimage"},"image":{"@id":"https:\/\/rosemvd.com\/index.php\/producto\/tapones-reductores-de-ruido\/#primaryimage"},"thumbnailUrl":"https:\/\/rosemvd.com\/wp-content\/uploads\/2025\/01\/tapones3.jpg","datePublished":"2025-01-21T19:31:47+00:00","dateModified":"2026-04-22T00:53:32+00:00","description":"Tapones Reductores de Ruido, Dise\u00f1ados para reducir el ruido, son ideales para dormir, estudiar, bloquear ronquidos, trabajar en entornos ruidosos","breadcrumb":{"@id":"https:\/\/rosemvd.com\/index.php\/producto\/tapones-reductores-de-ruido\/#breadcrumb"},"inLanguage":"es","potentialAction":[{"@type":"ReadAction","target":["https:\/\/rosemvd.com\/index.php\/producto\/tapones-reductores-de-ruido\/"]}]},{"@type":"ImageObject","inLanguage":"es","@id":"https:\/\/rosemvd.com\/index.php\/producto\/tapones-reductores-de-ruido\/#primaryimage","url":"https:\/\/rosemvd.com\/wp-content\/uploads\/2025\/01\/tapones3.jpg","contentUrl":"https:\/\/rosemvd.com\/wp-content\/uploads\/2025\/01\/tapones3.jpg","width":594,"height":566},{"@type":"BreadcrumbList","@id":"https:\/\/rosemvd.com\/index.php\/producto\/tapones-reductores-de-ruido\/#breadcrumb","itemListElement":[{"@type":"ListItem","position":1,"name":"Portada","item":"https:\/\/rosemvd.com\/"},{"@type":"ListItem","position":2,"name":"Tienda","item":"https:\/\/rosemvd.com\/index.php\/tienda\/"},{"@type":"ListItem","position":3,"name":"Tapones Reductores de Ruido"}]},{"@type":"WebSite","@id":"https:\/\/rosemvd.com\/#website","url":"https:\/\/rosemvd.com\/","name":"ROSE MVD","description":"Todo lo que buscas lo pod\u00e9s encontrar en rose mvd, especializados en traer todas las cosas nuevas en tendencia y accesorios diferentes y \u00fanicos.","publisher":{"@id":"https:\/\/rosemvd.com\/#organization"},"potentialAction":[{"@type":"SearchAction","target":{"@type":"EntryPoint","urlTemplate":"https:\/\/rosemvd.com\/?s={search_term_string}"},"query-input":{"@type":"PropertyValueSpecification","valueRequired":true,"valueName":"search_term_string"}}],"inLanguage":"es"},{"@type":"Organization","@id":"https:\/\/rosemvd.com\/#organization","name":"ROSE MVD","alternateName":"ROSE MVD","url":"https:\/\/rosemvd.com\/","logo":{"@type":"ImageObject","inLanguage":"es","@id":"https:\/\/rosemvd.com\/#\/schema\/logo\/image\/","url":"https:\/\/rosemvd.com\/wp-content\/uploads\/2023\/03\/Sin-titulo-2_Mesa-de-trabajo-1.png","contentUrl":"https:\/\/rosemvd.com\/wp-content\/uploads\/2023\/03\/Sin-titulo-2_Mesa-de-trabajo-1.png","width":2084,"height":2084,"caption":"ROSE MVD"},"image":{"@id":"https:\/\/rosemvd.com\/#\/schema\/logo\/image\/"},"sameAs":["https:\/\/www.facebook.com\/TiendaRoseMvd","https:\/\/www.instagram.com\/rose.mvd"]}]}},"_links":{"self":[{"href":"https:\/\/rosemvd.com\/index.php\/wp-json\/wp\/v2\/product\/11503","targetHints":{"allow":["GET"]}}],"collection":[{"href":"https:\/\/rosemvd.com\/index.php\/wp-json\/wp\/v2\/product"}],"about":[{"href":"https:\/\/rosemvd.com\/index.php\/wp-json\/wp\/v2\/types\/product"}],"wp:featuredmedia":[{"embeddable":true,"href":"https:\/\/rosemvd.com\/index.php\/wp-json\/wp\/v2\/media\/11508"}],"wp:attachment":[{"href":"https:\/\/rosemvd.com\/index.php\/wp-json\/wp\/v2\/media?parent=11503"}],"wp:term":[{"taxonomy":"product_brand","embeddable":true,"href":"https:\/\/rosemvd.com\/index.php\/wp-json\/wp\/v2\/product_brand?post=11503"},{"taxonomy":"product_cat","embeddable":true,"href":"https:\/\/rosemvd.com\/index.php\/wp-json\/wp\/v2\/product_cat?post=11503"},{"taxonomy":"product_tag","embeddable":true,"href":"https:\/\/rosemvd.com\/index.php\/wp-json\/wp\/v2\/product_tag?post=11503"}],"curies":[{"name":"wp","href":"https:\/\/api.w.org\/{rel}","templated":true}]}}