{"id":10754,"date":"2024-10-09T11:39:44","date_gmt":"2024-10-09T14:39:44","guid":{"rendered":"https:\/\/rosemvd.com\/?post_type=product&#038;p=10754"},"modified":"2026-04-21T21:59:35","modified_gmt":"2026-04-22T00:59:35","slug":"limpiador-oido-inalambrico-camara","status":"publish","type":"product","link":"https:\/\/rosemvd.com\/index.php\/producto\/limpiador-oido-inalambrico-camara\/","title":{"rendered":"Limpiador O\u00eddo Inal\u00e1mbrico C\u00e1mara"},"content":{"rendered":"<p>Kit de eliminaci\u00f3n de cera de o\u00eddo con 8 piezas Juego de oreja Limpiador de cera de o\u00eddo inal\u00e1mbrico Otoscopio con c\u00e1mara HD Visual Ear Stick para iPhone y Android<\/p>\n<p>Otoscopio inal\u00e1mbrico HND NE3 Natfire nE6 actualizado sobre la base de la generaci\u00f3n anterior. El producto es totalmente compatible con FCC, RoHS, CE. Actualizamos accesorios inofensivos. Adecuado para el o\u00eddo graso, que puede ser seguro para conocer a diferentes personas en diferentes ocasiones.<\/p>\n<p>Gran angular de 360 \u00b0 e imagen HD de 1296P El limpiador de o\u00eddos profesional tiene una lente de gran angular de 360 \u00b0 que le permite ver im\u00e1genes en tiempo real de peque\u00f1os detalles dentro de su canal auditivo 360 \u00b0. El endoscopio mejora la claridad al tiempo que elimina los residuos de cera. \u00a1Tambi\u00e9n mejora la precisi\u00f3n de la eliminaci\u00f3n de cada acumulaci\u00f3n para que sus o\u00eddos est\u00e9n libres de cera!<\/p>\n<p>F\u00e1cil de usar y amplia compatibilidad Escanee el c\u00f3digo QR en el manual, descargue e instale la aplicaci\u00f3n en su dispositivo, mantenga presionado el bot\u00f3n de encendido en la parte superior del dispositivo para encender la varilla de limpieza de o\u00eddos y luego conecte el WiFi (nombre: HNDEC-xxxx) con su dispositivo. La aplicaci\u00f3n funciona con todos los tel\u00e9fonos inteligentes\/tabletas Android e IOS iPhone \/ iPad.<\/p>\n<p>El producto le permite no solo comprobar el canal auditivo y limpiar el cerumen, sino tambi\u00e9n ayudar a su familiar a realizar un examen de o\u00eddo, sino tambi\u00e9n comprobar la oreja de su perro gato. Tambi\u00e9n es adecuado para el examen de la piel, la nariz, los dientes y m\u00e1s. Es su buen ayudante en el hogar.<\/p>\n","protected":false},"excerpt":{"rendered":"<p>Kit de eliminaci\u00f3n de cera de o\u00eddo con 8 piezas Juego de oreja Limpiador de cera de o\u00eddo inal\u00e1mbrico Otoscopio con c\u00e1mara HD Visual Ear Stick para iPhone y Android Otoscopio inal\u00e1mbrico HND NE3 Natfire nE6 actualizado sobre la base de la generaci\u00f3n anterior. El producto es totalmente compatible con FCC, RoHS, CE. Actualizamos accesorios [&hellip;]<\/p>\n","protected":false},"featured_media":10749,"template":"","meta":{"site-sidebar-layout":"default","site-content-layout":"","ast-site-content-layout":"default","site-content-style":"default","site-sidebar-style":"default","ast-global-header-display":"","ast-banner-title-visibility":"","ast-main-header-display":"","ast-hfb-above-header-display":"","ast-hfb-below-header-display":"","ast-hfb-mobile-header-display":"","site-post-title":"","ast-breadcrumbs-content":"","ast-featured-img":"","footer-sml-layout":"","ast-disable-related-posts":"","theme-transparent-header-meta":"default","adv-header-id-meta":"","stick-header-meta":"","header-above-stick-meta":"","header-main-stick-meta":"","header-below-stick-meta":"","astra-migrate-meta-layouts":"set","ast-page-background-enabled":"default","ast-page-background-meta":{"desktop":{"background-color":"var(--ast-global-color-4)","background-image":"","background-repeat":"repeat","background-position":"center center","background-size":"auto","background-attachment":"scroll","background-type":"","background-media":"","overlay-type":"","overlay-color":"","overlay-opacity":"","overlay-gradient":""},"tablet":{"background-color":"","background-image":"","background-repeat":"repeat","background-position":"center center","background-size":"auto","background-attachment":"scroll","background-type":"","background-media":"","overlay-type":"","overlay-color":"","overlay-opacity":"","overlay-gradient":""},"mobile":{"background-color":"","background-image":"","background-repeat":"repeat","background-position":"center center","background-size":"auto","background-attachment":"scroll","background-type":"","background-media":"","overlay-type":"","overlay-color":"","overlay-opacity":"","overlay-gradient":""}},"ast-content-background-meta":{"desktop":{"background-color":"var(--ast-global-color-5)","background-image":"","background-repeat":"repeat","background-position":"center center","background-size":"auto","background-attachment":"scroll","background-type":"","background-media":"","overlay-type":"","overlay-color":"","overlay-opacity":"","overlay-gradient":""},"tablet":{"background-color":"var(--ast-global-color-5)","background-image":"","background-repeat":"repeat","background-position":"center center","background-size":"auto","background-attachment":"scroll","background-type":"","background-media":"","overlay-type":"","overlay-color":"","overlay-opacity":"","overlay-gradient":""},"mobile":{"background-color":"var(--ast-global-color-5)","background-image":"","background-repeat":"repeat","background-position":"center center","background-size":"auto","background-attachment":"scroll","background-type":"","background-media":"","overlay-type":"","overlay-color":"","overlay-opacity":"","overlay-gradient":""}}},"product_brand":[],"product_cat":[447,457,455,368],"product_tag":[],"class_list":{"0":"post-10754","1":"product","2":"type-product","3":"status-publish","4":"has-post-thumbnail","6":"product_cat-bienestar","7":"product_cat-dispositivos-de-cuidado","8":"product_cat-higiene","9":"product_cat-otros","10":"desktop-align-left","11":"tablet-align-left","12":"mobile-align-left","14":"first","15":"instock","16":"shipping-taxable","17":"purchasable","18":"product-type-simple"},"yoast_head":"<!-- This site is optimized with the Yoast SEO plugin v27.3 - https:\/\/yoast.com\/product\/yoast-seo-wordpress\/ -->\n<title>Limpiador O\u00eddo Inal\u00e1mbrico C\u00e1mara - ROSE MVD<\/title>\n<meta name=\"description\" content=\"Limpiador O\u00eddo Inal\u00e1mbrico C\u00e1mara con linterna para mejor visualizaci\u00f3n, eliminaci\u00f3n de cera de o\u00eddo con 8 piezas\" \/>\n<meta name=\"robots\" content=\"index, follow, max-snippet:-1, max-image-preview:large, max-video-preview:-1\" \/>\n<link rel=\"canonical\" href=\"https:\/\/rosemvd.com\/index.php\/producto\/limpiador-oido-inalambrico-camara\/\" \/>\n<meta property=\"og:locale\" content=\"es_ES\" \/>\n<meta property=\"og:type\" content=\"article\" \/>\n<meta property=\"og:title\" content=\"Limpiador O\u00eddo Inal\u00e1mbrico C\u00e1mara - ROSE MVD\" \/>\n<meta property=\"og:description\" content=\"Limpiador O\u00eddo Inal\u00e1mbrico C\u00e1mara con linterna para mejor visualizaci\u00f3n, eliminaci\u00f3n de cera de o\u00eddo con 8 piezas\" \/>\n<meta property=\"og:url\" content=\"https:\/\/rosemvd.com\/index.php\/producto\/limpiador-oido-inalambrico-camara\/\" \/>\n<meta property=\"og:site_name\" content=\"ROSE MVD\" \/>\n<meta property=\"article:publisher\" content=\"https:\/\/www.facebook.com\/TiendaRoseMvd\" \/>\n<meta property=\"article:modified_time\" content=\"2026-04-22T00:59:35+00:00\" \/>\n<meta property=\"og:image\" content=\"https:\/\/rosemvd.com\/wp-content\/uploads\/2024\/10\/D_NQ_NP_765674-MLU79706507437_102024-O.webp\" \/>\n\t<meta property=\"og:image:width\" content=\"500\" \/>\n\t<meta property=\"og:image:height\" content=\"468\" \/>\n\t<meta property=\"og:image:type\" content=\"image\/webp\" \/>\n<meta name=\"twitter:card\" content=\"summary_large_image\" \/>\n<meta name=\"twitter:label1\" content=\"Tiempo de lectura\" \/>\n\t<meta name=\"twitter:data1\" content=\"2 minutos\" \/>\n<script type=\"application\/ld+json\" class=\"yoast-schema-graph\">{\"@context\":\"https:\\\/\\\/schema.org\",\"@graph\":[{\"@type\":\"WebPage\",\"@id\":\"https:\\\/\\\/rosemvd.com\\\/index.php\\\/producto\\\/limpiador-oido-inalambrico-camara\\\/\",\"url\":\"https:\\\/\\\/rosemvd.com\\\/index.php\\\/producto\\\/limpiador-oido-inalambrico-camara\\\/\",\"name\":\"Limpiador O\u00eddo Inal\u00e1mbrico C\u00e1mara - ROSE MVD\",\"isPartOf\":{\"@id\":\"https:\\\/\\\/rosemvd.com\\\/#website\"},\"primaryImageOfPage\":{\"@id\":\"https:\\\/\\\/rosemvd.com\\\/index.php\\\/producto\\\/limpiador-oido-inalambrico-camara\\\/#primaryimage\"},\"image\":{\"@id\":\"https:\\\/\\\/rosemvd.com\\\/index.php\\\/producto\\\/limpiador-oido-inalambrico-camara\\\/#primaryimage\"},\"thumbnailUrl\":\"https:\\\/\\\/rosemvd.com\\\/wp-content\\\/uploads\\\/2024\\\/10\\\/D_NQ_NP_765674-MLU79706507437_102024-O.webp\",\"datePublished\":\"2024-10-09T14:39:44+00:00\",\"dateModified\":\"2026-04-22T00:59:35+00:00\",\"description\":\"Limpiador O\u00eddo Inal\u00e1mbrico C\u00e1mara con linterna para mejor visualizaci\u00f3n, eliminaci\u00f3n de cera de o\u00eddo con 8 piezas\",\"breadcrumb\":{\"@id\":\"https:\\\/\\\/rosemvd.com\\\/index.php\\\/producto\\\/limpiador-oido-inalambrico-camara\\\/#breadcrumb\"},\"inLanguage\":\"es\",\"potentialAction\":[{\"@type\":\"ReadAction\",\"target\":[\"https:\\\/\\\/rosemvd.com\\\/index.php\\\/producto\\\/limpiador-oido-inalambrico-camara\\\/\"]}]},{\"@type\":\"ImageObject\",\"inLanguage\":\"es\",\"@id\":\"https:\\\/\\\/rosemvd.com\\\/index.php\\\/producto\\\/limpiador-oido-inalambrico-camara\\\/#primaryimage\",\"url\":\"https:\\\/\\\/rosemvd.com\\\/wp-content\\\/uploads\\\/2024\\\/10\\\/D_NQ_NP_765674-MLU79706507437_102024-O.webp\",\"contentUrl\":\"https:\\\/\\\/rosemvd.com\\\/wp-content\\\/uploads\\\/2024\\\/10\\\/D_NQ_NP_765674-MLU79706507437_102024-O.webp\",\"width\":500,\"height\":468},{\"@type\":\"BreadcrumbList\",\"@id\":\"https:\\\/\\\/rosemvd.com\\\/index.php\\\/producto\\\/limpiador-oido-inalambrico-camara\\\/#breadcrumb\",\"itemListElement\":[{\"@type\":\"ListItem\",\"position\":1,\"name\":\"Portada\",\"item\":\"https:\\\/\\\/rosemvd.com\\\/\"},{\"@type\":\"ListItem\",\"position\":2,\"name\":\"Tienda\",\"item\":\"https:\\\/\\\/rosemvd.com\\\/index.php\\\/tienda\\\/\"},{\"@type\":\"ListItem\",\"position\":3,\"name\":\"Limpiador O\u00eddo Inal\u00e1mbrico C\u00e1mara\"}]},{\"@type\":\"WebSite\",\"@id\":\"https:\\\/\\\/rosemvd.com\\\/#website\",\"url\":\"https:\\\/\\\/rosemvd.com\\\/\",\"name\":\"ROSE MVD\",\"description\":\"Todo lo que buscas lo pod\u00e9s encontrar en rose mvd, especializados en traer todas las cosas nuevas en tendencia y accesorios diferentes y \u00fanicos.\",\"publisher\":{\"@id\":\"https:\\\/\\\/rosemvd.com\\\/#organization\"},\"potentialAction\":[{\"@type\":\"SearchAction\",\"target\":{\"@type\":\"EntryPoint\",\"urlTemplate\":\"https:\\\/\\\/rosemvd.com\\\/?s={search_term_string}\"},\"query-input\":{\"@type\":\"PropertyValueSpecification\",\"valueRequired\":true,\"valueName\":\"search_term_string\"}}],\"inLanguage\":\"es\"},{\"@type\":\"Organization\",\"@id\":\"https:\\\/\\\/rosemvd.com\\\/#organization\",\"name\":\"ROSE MVD\",\"alternateName\":\"ROSE MVD\",\"url\":\"https:\\\/\\\/rosemvd.com\\\/\",\"logo\":{\"@type\":\"ImageObject\",\"inLanguage\":\"es\",\"@id\":\"https:\\\/\\\/rosemvd.com\\\/#\\\/schema\\\/logo\\\/image\\\/\",\"url\":\"https:\\\/\\\/rosemvd.com\\\/wp-content\\\/uploads\\\/2023\\\/03\\\/Sin-titulo-2_Mesa-de-trabajo-1.png\",\"contentUrl\":\"https:\\\/\\\/rosemvd.com\\\/wp-content\\\/uploads\\\/2023\\\/03\\\/Sin-titulo-2_Mesa-de-trabajo-1.png\",\"width\":2084,\"height\":2084,\"caption\":\"ROSE MVD\"},\"image\":{\"@id\":\"https:\\\/\\\/rosemvd.com\\\/#\\\/schema\\\/logo\\\/image\\\/\"},\"sameAs\":[\"https:\\\/\\\/www.facebook.com\\\/TiendaRoseMvd\",\"https:\\\/\\\/www.instagram.com\\\/rose.mvd\"]}]}<\/script>\n<!-- \/ Yoast SEO plugin. -->","yoast_head_json":{"title":"Limpiador O\u00eddo Inal\u00e1mbrico C\u00e1mara - ROSE MVD","description":"Limpiador O\u00eddo Inal\u00e1mbrico C\u00e1mara con linterna para mejor visualizaci\u00f3n, eliminaci\u00f3n de cera de o\u00eddo con 8 piezas","robots":{"index":"index","follow":"follow","max-snippet":"max-snippet:-1","max-image-preview":"max-image-preview:large","max-video-preview":"max-video-preview:-1"},"canonical":"https:\/\/rosemvd.com\/index.php\/producto\/limpiador-oido-inalambrico-camara\/","og_locale":"es_ES","og_type":"article","og_title":"Limpiador O\u00eddo Inal\u00e1mbrico C\u00e1mara - ROSE MVD","og_description":"Limpiador O\u00eddo Inal\u00e1mbrico C\u00e1mara con linterna para mejor visualizaci\u00f3n, eliminaci\u00f3n de cera de o\u00eddo con 8 piezas","og_url":"https:\/\/rosemvd.com\/index.php\/producto\/limpiador-oido-inalambrico-camara\/","og_site_name":"ROSE MVD","article_publisher":"https:\/\/www.facebook.com\/TiendaRoseMvd","article_modified_time":"2026-04-22T00:59:35+00:00","og_image":[{"width":500,"height":468,"url":"https:\/\/rosemvd.com\/wp-content\/uploads\/2024\/10\/D_NQ_NP_765674-MLU79706507437_102024-O.webp","type":"image\/webp"}],"twitter_card":"summary_large_image","twitter_misc":{"Tiempo de lectura":"2 minutos"},"schema":{"@context":"https:\/\/schema.org","@graph":[{"@type":"WebPage","@id":"https:\/\/rosemvd.com\/index.php\/producto\/limpiador-oido-inalambrico-camara\/","url":"https:\/\/rosemvd.com\/index.php\/producto\/limpiador-oido-inalambrico-camara\/","name":"Limpiador O\u00eddo Inal\u00e1mbrico C\u00e1mara - ROSE MVD","isPartOf":{"@id":"https:\/\/rosemvd.com\/#website"},"primaryImageOfPage":{"@id":"https:\/\/rosemvd.com\/index.php\/producto\/limpiador-oido-inalambrico-camara\/#primaryimage"},"image":{"@id":"https:\/\/rosemvd.com\/index.php\/producto\/limpiador-oido-inalambrico-camara\/#primaryimage"},"thumbnailUrl":"https:\/\/rosemvd.com\/wp-content\/uploads\/2024\/10\/D_NQ_NP_765674-MLU79706507437_102024-O.webp","datePublished":"2024-10-09T14:39:44+00:00","dateModified":"2026-04-22T00:59:35+00:00","description":"Limpiador O\u00eddo Inal\u00e1mbrico C\u00e1mara con linterna para mejor visualizaci\u00f3n, eliminaci\u00f3n de cera de o\u00eddo con 8 piezas","breadcrumb":{"@id":"https:\/\/rosemvd.com\/index.php\/producto\/limpiador-oido-inalambrico-camara\/#breadcrumb"},"inLanguage":"es","potentialAction":[{"@type":"ReadAction","target":["https:\/\/rosemvd.com\/index.php\/producto\/limpiador-oido-inalambrico-camara\/"]}]},{"@type":"ImageObject","inLanguage":"es","@id":"https:\/\/rosemvd.com\/index.php\/producto\/limpiador-oido-inalambrico-camara\/#primaryimage","url":"https:\/\/rosemvd.com\/wp-content\/uploads\/2024\/10\/D_NQ_NP_765674-MLU79706507437_102024-O.webp","contentUrl":"https:\/\/rosemvd.com\/wp-content\/uploads\/2024\/10\/D_NQ_NP_765674-MLU79706507437_102024-O.webp","width":500,"height":468},{"@type":"BreadcrumbList","@id":"https:\/\/rosemvd.com\/index.php\/producto\/limpiador-oido-inalambrico-camara\/#breadcrumb","itemListElement":[{"@type":"ListItem","position":1,"name":"Portada","item":"https:\/\/rosemvd.com\/"},{"@type":"ListItem","position":2,"name":"Tienda","item":"https:\/\/rosemvd.com\/index.php\/tienda\/"},{"@type":"ListItem","position":3,"name":"Limpiador O\u00eddo Inal\u00e1mbrico C\u00e1mara"}]},{"@type":"WebSite","@id":"https:\/\/rosemvd.com\/#website","url":"https:\/\/rosemvd.com\/","name":"ROSE MVD","description":"Todo lo que buscas lo pod\u00e9s encontrar en rose mvd, especializados en traer todas las cosas nuevas en tendencia y accesorios diferentes y \u00fanicos.","publisher":{"@id":"https:\/\/rosemvd.com\/#organization"},"potentialAction":[{"@type":"SearchAction","target":{"@type":"EntryPoint","urlTemplate":"https:\/\/rosemvd.com\/?s={search_term_string}"},"query-input":{"@type":"PropertyValueSpecification","valueRequired":true,"valueName":"search_term_string"}}],"inLanguage":"es"},{"@type":"Organization","@id":"https:\/\/rosemvd.com\/#organization","name":"ROSE MVD","alternateName":"ROSE MVD","url":"https:\/\/rosemvd.com\/","logo":{"@type":"ImageObject","inLanguage":"es","@id":"https:\/\/rosemvd.com\/#\/schema\/logo\/image\/","url":"https:\/\/rosemvd.com\/wp-content\/uploads\/2023\/03\/Sin-titulo-2_Mesa-de-trabajo-1.png","contentUrl":"https:\/\/rosemvd.com\/wp-content\/uploads\/2023\/03\/Sin-titulo-2_Mesa-de-trabajo-1.png","width":2084,"height":2084,"caption":"ROSE MVD"},"image":{"@id":"https:\/\/rosemvd.com\/#\/schema\/logo\/image\/"},"sameAs":["https:\/\/www.facebook.com\/TiendaRoseMvd","https:\/\/www.instagram.com\/rose.mvd"]}]}},"_links":{"self":[{"href":"https:\/\/rosemvd.com\/index.php\/wp-json\/wp\/v2\/product\/10754","targetHints":{"allow":["GET"]}}],"collection":[{"href":"https:\/\/rosemvd.com\/index.php\/wp-json\/wp\/v2\/product"}],"about":[{"href":"https:\/\/rosemvd.com\/index.php\/wp-json\/wp\/v2\/types\/product"}],"wp:featuredmedia":[{"embeddable":true,"href":"https:\/\/rosemvd.com\/index.php\/wp-json\/wp\/v2\/media\/10749"}],"wp:attachment":[{"href":"https:\/\/rosemvd.com\/index.php\/wp-json\/wp\/v2\/media?parent=10754"}],"wp:term":[{"taxonomy":"product_brand","embeddable":true,"href":"https:\/\/rosemvd.com\/index.php\/wp-json\/wp\/v2\/product_brand?post=10754"},{"taxonomy":"product_cat","embeddable":true,"href":"https:\/\/rosemvd.com\/index.php\/wp-json\/wp\/v2\/product_cat?post=10754"},{"taxonomy":"product_tag","embeddable":true,"href":"https:\/\/rosemvd.com\/index.php\/wp-json\/wp\/v2\/product_tag?post=10754"}],"curies":[{"name":"wp","href":"https:\/\/api.w.org\/{rel}","templated":true}]}}