{"id":10745,"date":"2024-10-09T11:20:18","date_gmt":"2024-10-09T14:20:18","guid":{"rendered":"https:\/\/rosemvd.com\/?post_type=product&#038;p=10745"},"modified":"2024-10-09T11:22:57","modified_gmt":"2024-10-09T14:22:57","slug":"mini-regla-calibradora-perfilador-de-ceja","status":"publish","type":"product","link":"https:\/\/rosemvd.com\/index.php\/producto\/mini-regla-calibradora-perfilador-de-ceja\/","title":{"rendered":"Mini Regla Calibradora Perfilador De Ceja"},"content":{"rendered":"<p>Esta regla para cejas met\u00e1lica es una herramienta de precisi\u00f3n dise\u00f1ada para crear cejas sim\u00e9tricas y perfectamente delineadas. ofrece medidas tanto en cent\u00edmetros como en pulgadas, lo que la hace vers\u00e1til y adecuada para diferentes necesidades de medici\u00f3n. Fabricada con pl\u00e1stico de alta calidad, es duradera y resistente, asegurando que mantenga su forma y precisi\u00f3n con el tiempo.<\/p>\n<p>Las marcas de medici\u00f3n son claras y f\u00e1ciles de leer, lo que permite un trazado exacto y una personalizaci\u00f3n detallada seg\u00fan las preferencias de cada persona. Su dise\u00f1o delgado y ligero la hace f\u00e1cil de manejar, facilitando el proceso de dise\u00f1o y mapeo de cejas con gran precisi\u00f3n. Ideal tanto para profesionales del maquillaje como para uso personal, esta regla es una herramienta esencial para lograr cejas equilibradas y proporcionadas.<\/p>\n","protected":false},"excerpt":{"rendered":"<p>Esta regla para cejas met\u00e1lica es una herramienta de precisi\u00f3n dise\u00f1ada para crear cejas sim\u00e9tricas y perfectamente delineadas. ofrece medidas tanto en cent\u00edmetros como en pulgadas, lo que la hace vers\u00e1til y adecuada para diferentes necesidades de medici\u00f3n. Fabricada con pl\u00e1stico de alta calidad, es duradera y resistente, asegurando que mantenga su forma y precisi\u00f3n [&hellip;]<\/p>\n","protected":false},"featured_media":10753,"template":"","meta":{"site-sidebar-layout":"default","site-content-layout":"","ast-site-content-layout":"default","site-content-style":"default","site-sidebar-style":"default","ast-global-header-display":"","ast-banner-title-visibility":"","ast-main-header-display":"","ast-hfb-above-header-display":"","ast-hfb-below-header-display":"","ast-hfb-mobile-header-display":"","site-post-title":"","ast-breadcrumbs-content":"","ast-featured-img":"","footer-sml-layout":"","ast-disable-related-posts":"","theme-transparent-header-meta":"default","adv-header-id-meta":"","stick-header-meta":"","header-above-stick-meta":"","header-main-stick-meta":"","header-below-stick-meta":"","astra-migrate-meta-layouts":"set","ast-page-background-enabled":"default","ast-page-background-meta":{"desktop":{"background-color":"var(--ast-global-color-4)","background-image":"","background-repeat":"repeat","background-position":"center center","background-size":"auto","background-attachment":"scroll","background-type":"","background-media":"","overlay-type":"","overlay-color":"","overlay-opacity":"","overlay-gradient":""},"tablet":{"background-color":"","background-image":"","background-repeat":"repeat","background-position":"center center","background-size":"auto","background-attachment":"scroll","background-type":"","background-media":"","overlay-type":"","overlay-color":"","overlay-opacity":"","overlay-gradient":""},"mobile":{"background-color":"","background-image":"","background-repeat":"repeat","background-position":"center center","background-size":"auto","background-attachment":"scroll","background-type":"","background-media":"","overlay-type":"","overlay-color":"","overlay-opacity":"","overlay-gradient":""}},"ast-content-background-meta":{"desktop":{"background-color":"var(--ast-global-color-5)","background-image":"","background-repeat":"repeat","background-position":"center center","background-size":"auto","background-attachment":"scroll","background-type":"","background-media":"","overlay-type":"","overlay-color":"","overlay-opacity":"","overlay-gradient":""},"tablet":{"background-color":"var(--ast-global-color-5)","background-image":"","background-repeat":"repeat","background-position":"center center","background-size":"auto","background-attachment":"scroll","background-type":"","background-media":"","overlay-type":"","overlay-color":"","overlay-opacity":"","overlay-gradient":""},"mobile":{"background-color":"var(--ast-global-color-5)","background-image":"","background-repeat":"repeat","background-position":"center center","background-size":"auto","background-attachment":"scroll","background-type":"","background-media":"","overlay-type":"","overlay-color":"","overlay-opacity":"","overlay-gradient":""}}},"product_brand":[],"product_cat":[17,390],"product_tag":[],"class_list":{"0":"post-10745","1":"product","2":"type-product","3":"status-publish","4":"has-post-thumbnail","6":"product_cat-belleza","7":"product_cat-varios-belleza","8":"desktop-align-left","9":"tablet-align-left","10":"mobile-align-left","12":"first","13":"instock","14":"shipping-taxable","15":"purchasable","16":"product-type-simple"},"yoast_head":"<!-- This site is optimized with the Yoast SEO plugin v27.3 - https:\/\/yoast.com\/product\/yoast-seo-wordpress\/ -->\n<title>Mini Regla Calibradora Perfilador De Ceja - ROSE MVD<\/title>\n<meta name=\"description\" content=\"Mini Regla Calibradora Perfilador De Ceja, es una herramienta de precisi\u00f3n dise\u00f1ada para crear cejas sim\u00e9tricas y perfectamente delineadas\" \/>\n<meta name=\"robots\" content=\"index, follow, max-snippet:-1, max-image-preview:large, max-video-preview:-1\" \/>\n<link rel=\"canonical\" href=\"https:\/\/rosemvd.com\/index.php\/producto\/mini-regla-calibradora-perfilador-de-ceja\/\" \/>\n<meta property=\"og:locale\" content=\"es_ES\" \/>\n<meta property=\"og:type\" content=\"article\" \/>\n<meta property=\"og:title\" content=\"Mini Regla Calibradora Perfilador De Ceja - ROSE MVD\" \/>\n<meta property=\"og:description\" content=\"Mini Regla Calibradora Perfilador De Ceja, es una herramienta de precisi\u00f3n dise\u00f1ada para crear cejas sim\u00e9tricas y perfectamente delineadas\" \/>\n<meta property=\"og:url\" content=\"https:\/\/rosemvd.com\/index.php\/producto\/mini-regla-calibradora-perfilador-de-ceja\/\" \/>\n<meta property=\"og:site_name\" content=\"ROSE MVD\" \/>\n<meta property=\"article:publisher\" content=\"https:\/\/www.facebook.com\/TiendaRoseMvd\" \/>\n<meta property=\"article:modified_time\" content=\"2024-10-09T14:22:57+00:00\" \/>\n<meta property=\"og:image\" content=\"https:\/\/rosemvd.com\/wp-content\/uploads\/2024\/10\/D_NQ_NP_671851-MLA48450125525_122021-O.webp\" \/>\n\t<meta property=\"og:image:width\" content=\"466\" \/>\n\t<meta property=\"og:image:height\" content=\"500\" \/>\n\t<meta property=\"og:image:type\" content=\"image\/webp\" \/>\n<meta name=\"twitter:card\" content=\"summary_large_image\" \/>\n<meta name=\"twitter:label1\" content=\"Tiempo de lectura\" \/>\n\t<meta name=\"twitter:data1\" content=\"1 minuto\" \/>\n<script type=\"application\/ld+json\" class=\"yoast-schema-graph\">{\"@context\":\"https:\\\/\\\/schema.org\",\"@graph\":[{\"@type\":\"WebPage\",\"@id\":\"https:\\\/\\\/rosemvd.com\\\/index.php\\\/producto\\\/mini-regla-calibradora-perfilador-de-ceja\\\/\",\"url\":\"https:\\\/\\\/rosemvd.com\\\/index.php\\\/producto\\\/mini-regla-calibradora-perfilador-de-ceja\\\/\",\"name\":\"Mini Regla Calibradora Perfilador De Ceja - ROSE MVD\",\"isPartOf\":{\"@id\":\"https:\\\/\\\/rosemvd.com\\\/#website\"},\"primaryImageOfPage\":{\"@id\":\"https:\\\/\\\/rosemvd.com\\\/index.php\\\/producto\\\/mini-regla-calibradora-perfilador-de-ceja\\\/#primaryimage\"},\"image\":{\"@id\":\"https:\\\/\\\/rosemvd.com\\\/index.php\\\/producto\\\/mini-regla-calibradora-perfilador-de-ceja\\\/#primaryimage\"},\"thumbnailUrl\":\"https:\\\/\\\/rosemvd.com\\\/wp-content\\\/uploads\\\/2024\\\/10\\\/D_NQ_NP_671851-MLA48450125525_122021-O.webp\",\"datePublished\":\"2024-10-09T14:20:18+00:00\",\"dateModified\":\"2024-10-09T14:22:57+00:00\",\"description\":\"Mini Regla Calibradora Perfilador De Ceja, es una herramienta de precisi\u00f3n dise\u00f1ada para crear cejas sim\u00e9tricas y perfectamente delineadas\",\"breadcrumb\":{\"@id\":\"https:\\\/\\\/rosemvd.com\\\/index.php\\\/producto\\\/mini-regla-calibradora-perfilador-de-ceja\\\/#breadcrumb\"},\"inLanguage\":\"es\",\"potentialAction\":[{\"@type\":\"ReadAction\",\"target\":[\"https:\\\/\\\/rosemvd.com\\\/index.php\\\/producto\\\/mini-regla-calibradora-perfilador-de-ceja\\\/\"]}]},{\"@type\":\"ImageObject\",\"inLanguage\":\"es\",\"@id\":\"https:\\\/\\\/rosemvd.com\\\/index.php\\\/producto\\\/mini-regla-calibradora-perfilador-de-ceja\\\/#primaryimage\",\"url\":\"https:\\\/\\\/rosemvd.com\\\/wp-content\\\/uploads\\\/2024\\\/10\\\/D_NQ_NP_671851-MLA48450125525_122021-O.webp\",\"contentUrl\":\"https:\\\/\\\/rosemvd.com\\\/wp-content\\\/uploads\\\/2024\\\/10\\\/D_NQ_NP_671851-MLA48450125525_122021-O.webp\",\"width\":466,\"height\":500},{\"@type\":\"BreadcrumbList\",\"@id\":\"https:\\\/\\\/rosemvd.com\\\/index.php\\\/producto\\\/mini-regla-calibradora-perfilador-de-ceja\\\/#breadcrumb\",\"itemListElement\":[{\"@type\":\"ListItem\",\"position\":1,\"name\":\"Portada\",\"item\":\"https:\\\/\\\/rosemvd.com\\\/\"},{\"@type\":\"ListItem\",\"position\":2,\"name\":\"Tienda\",\"item\":\"https:\\\/\\\/rosemvd.com\\\/index.php\\\/tienda\\\/\"},{\"@type\":\"ListItem\",\"position\":3,\"name\":\"Mini Regla Calibradora Perfilador De Ceja\"}]},{\"@type\":\"WebSite\",\"@id\":\"https:\\\/\\\/rosemvd.com\\\/#website\",\"url\":\"https:\\\/\\\/rosemvd.com\\\/\",\"name\":\"ROSE MVD\",\"description\":\"Todo lo que buscas lo pod\u00e9s encontrar en rose mvd, especializados en traer todas las cosas nuevas en tendencia y accesorios diferentes y \u00fanicos.\",\"publisher\":{\"@id\":\"https:\\\/\\\/rosemvd.com\\\/#organization\"},\"potentialAction\":[{\"@type\":\"SearchAction\",\"target\":{\"@type\":\"EntryPoint\",\"urlTemplate\":\"https:\\\/\\\/rosemvd.com\\\/?s={search_term_string}\"},\"query-input\":{\"@type\":\"PropertyValueSpecification\",\"valueRequired\":true,\"valueName\":\"search_term_string\"}}],\"inLanguage\":\"es\"},{\"@type\":\"Organization\",\"@id\":\"https:\\\/\\\/rosemvd.com\\\/#organization\",\"name\":\"ROSE MVD\",\"alternateName\":\"ROSE MVD\",\"url\":\"https:\\\/\\\/rosemvd.com\\\/\",\"logo\":{\"@type\":\"ImageObject\",\"inLanguage\":\"es\",\"@id\":\"https:\\\/\\\/rosemvd.com\\\/#\\\/schema\\\/logo\\\/image\\\/\",\"url\":\"https:\\\/\\\/rosemvd.com\\\/wp-content\\\/uploads\\\/2023\\\/03\\\/Sin-titulo-2_Mesa-de-trabajo-1.png\",\"contentUrl\":\"https:\\\/\\\/rosemvd.com\\\/wp-content\\\/uploads\\\/2023\\\/03\\\/Sin-titulo-2_Mesa-de-trabajo-1.png\",\"width\":2084,\"height\":2084,\"caption\":\"ROSE MVD\"},\"image\":{\"@id\":\"https:\\\/\\\/rosemvd.com\\\/#\\\/schema\\\/logo\\\/image\\\/\"},\"sameAs\":[\"https:\\\/\\\/www.facebook.com\\\/TiendaRoseMvd\",\"https:\\\/\\\/www.instagram.com\\\/rose.mvd\"]}]}<\/script>\n<!-- \/ Yoast SEO plugin. -->","yoast_head_json":{"title":"Mini Regla Calibradora Perfilador De Ceja - ROSE MVD","description":"Mini Regla Calibradora Perfilador De Ceja, es una herramienta de precisi\u00f3n dise\u00f1ada para crear cejas sim\u00e9tricas y perfectamente delineadas","robots":{"index":"index","follow":"follow","max-snippet":"max-snippet:-1","max-image-preview":"max-image-preview:large","max-video-preview":"max-video-preview:-1"},"canonical":"https:\/\/rosemvd.com\/index.php\/producto\/mini-regla-calibradora-perfilador-de-ceja\/","og_locale":"es_ES","og_type":"article","og_title":"Mini Regla Calibradora Perfilador De Ceja - ROSE MVD","og_description":"Mini Regla Calibradora Perfilador De Ceja, es una herramienta de precisi\u00f3n dise\u00f1ada para crear cejas sim\u00e9tricas y perfectamente delineadas","og_url":"https:\/\/rosemvd.com\/index.php\/producto\/mini-regla-calibradora-perfilador-de-ceja\/","og_site_name":"ROSE MVD","article_publisher":"https:\/\/www.facebook.com\/TiendaRoseMvd","article_modified_time":"2024-10-09T14:22:57+00:00","og_image":[{"width":466,"height":500,"url":"https:\/\/rosemvd.com\/wp-content\/uploads\/2024\/10\/D_NQ_NP_671851-MLA48450125525_122021-O.webp","type":"image\/webp"}],"twitter_card":"summary_large_image","twitter_misc":{"Tiempo de lectura":"1 minuto"},"schema":{"@context":"https:\/\/schema.org","@graph":[{"@type":"WebPage","@id":"https:\/\/rosemvd.com\/index.php\/producto\/mini-regla-calibradora-perfilador-de-ceja\/","url":"https:\/\/rosemvd.com\/index.php\/producto\/mini-regla-calibradora-perfilador-de-ceja\/","name":"Mini Regla Calibradora Perfilador De Ceja - ROSE MVD","isPartOf":{"@id":"https:\/\/rosemvd.com\/#website"},"primaryImageOfPage":{"@id":"https:\/\/rosemvd.com\/index.php\/producto\/mini-regla-calibradora-perfilador-de-ceja\/#primaryimage"},"image":{"@id":"https:\/\/rosemvd.com\/index.php\/producto\/mini-regla-calibradora-perfilador-de-ceja\/#primaryimage"},"thumbnailUrl":"https:\/\/rosemvd.com\/wp-content\/uploads\/2024\/10\/D_NQ_NP_671851-MLA48450125525_122021-O.webp","datePublished":"2024-10-09T14:20:18+00:00","dateModified":"2024-10-09T14:22:57+00:00","description":"Mini Regla Calibradora Perfilador De Ceja, es una herramienta de precisi\u00f3n dise\u00f1ada para crear cejas sim\u00e9tricas y perfectamente delineadas","breadcrumb":{"@id":"https:\/\/rosemvd.com\/index.php\/producto\/mini-regla-calibradora-perfilador-de-ceja\/#breadcrumb"},"inLanguage":"es","potentialAction":[{"@type":"ReadAction","target":["https:\/\/rosemvd.com\/index.php\/producto\/mini-regla-calibradora-perfilador-de-ceja\/"]}]},{"@type":"ImageObject","inLanguage":"es","@id":"https:\/\/rosemvd.com\/index.php\/producto\/mini-regla-calibradora-perfilador-de-ceja\/#primaryimage","url":"https:\/\/rosemvd.com\/wp-content\/uploads\/2024\/10\/D_NQ_NP_671851-MLA48450125525_122021-O.webp","contentUrl":"https:\/\/rosemvd.com\/wp-content\/uploads\/2024\/10\/D_NQ_NP_671851-MLA48450125525_122021-O.webp","width":466,"height":500},{"@type":"BreadcrumbList","@id":"https:\/\/rosemvd.com\/index.php\/producto\/mini-regla-calibradora-perfilador-de-ceja\/#breadcrumb","itemListElement":[{"@type":"ListItem","position":1,"name":"Portada","item":"https:\/\/rosemvd.com\/"},{"@type":"ListItem","position":2,"name":"Tienda","item":"https:\/\/rosemvd.com\/index.php\/tienda\/"},{"@type":"ListItem","position":3,"name":"Mini Regla Calibradora Perfilador De Ceja"}]},{"@type":"WebSite","@id":"https:\/\/rosemvd.com\/#website","url":"https:\/\/rosemvd.com\/","name":"ROSE MVD","description":"Todo lo que buscas lo pod\u00e9s encontrar en rose mvd, especializados en traer todas las cosas nuevas en tendencia y accesorios diferentes y \u00fanicos.","publisher":{"@id":"https:\/\/rosemvd.com\/#organization"},"potentialAction":[{"@type":"SearchAction","target":{"@type":"EntryPoint","urlTemplate":"https:\/\/rosemvd.com\/?s={search_term_string}"},"query-input":{"@type":"PropertyValueSpecification","valueRequired":true,"valueName":"search_term_string"}}],"inLanguage":"es"},{"@type":"Organization","@id":"https:\/\/rosemvd.com\/#organization","name":"ROSE MVD","alternateName":"ROSE MVD","url":"https:\/\/rosemvd.com\/","logo":{"@type":"ImageObject","inLanguage":"es","@id":"https:\/\/rosemvd.com\/#\/schema\/logo\/image\/","url":"https:\/\/rosemvd.com\/wp-content\/uploads\/2023\/03\/Sin-titulo-2_Mesa-de-trabajo-1.png","contentUrl":"https:\/\/rosemvd.com\/wp-content\/uploads\/2023\/03\/Sin-titulo-2_Mesa-de-trabajo-1.png","width":2084,"height":2084,"caption":"ROSE MVD"},"image":{"@id":"https:\/\/rosemvd.com\/#\/schema\/logo\/image\/"},"sameAs":["https:\/\/www.facebook.com\/TiendaRoseMvd","https:\/\/www.instagram.com\/rose.mvd"]}]}},"_links":{"self":[{"href":"https:\/\/rosemvd.com\/index.php\/wp-json\/wp\/v2\/product\/10745","targetHints":{"allow":["GET"]}}],"collection":[{"href":"https:\/\/rosemvd.com\/index.php\/wp-json\/wp\/v2\/product"}],"about":[{"href":"https:\/\/rosemvd.com\/index.php\/wp-json\/wp\/v2\/types\/product"}],"wp:featuredmedia":[{"embeddable":true,"href":"https:\/\/rosemvd.com\/index.php\/wp-json\/wp\/v2\/media\/10753"}],"wp:attachment":[{"href":"https:\/\/rosemvd.com\/index.php\/wp-json\/wp\/v2\/media?parent=10745"}],"wp:term":[{"taxonomy":"product_brand","embeddable":true,"href":"https:\/\/rosemvd.com\/index.php\/wp-json\/wp\/v2\/product_brand?post=10745"},{"taxonomy":"product_cat","embeddable":true,"href":"https:\/\/rosemvd.com\/index.php\/wp-json\/wp\/v2\/product_cat?post=10745"},{"taxonomy":"product_tag","embeddable":true,"href":"https:\/\/rosemvd.com\/index.php\/wp-json\/wp\/v2\/product_tag?post=10745"}],"curies":[{"name":"wp","href":"https:\/\/api.w.org\/{rel}","templated":true}]}}