{"id":10705,"date":"2024-10-03T14:35:42","date_gmt":"2024-10-03T17:35:42","guid":{"rendered":"https:\/\/rosemvd.com\/?post_type=product&#038;p=10705"},"modified":"2026-04-21T21:53:32","modified_gmt":"2026-04-22T00:53:32","slug":"oximetro-saturometro","status":"publish","type":"product","link":"https:\/\/rosemvd.com\/index.php\/producto\/oximetro-saturometro\/","title":{"rendered":"Oximetro Saturometro"},"content":{"rendered":"<p>Con Contec CMS50D podr\u00e1s medir el nivel del ox\u00edgeno en sangre y la frecuencia card\u00edaca. En solo cuesti\u00f3n de segundos tendr\u00e1s los resultados en la pantalla que te permitir\u00e1n monitorear tu estado de salud de manera precisa y segura.<\/p>\n<p>Con pantalla de alta resoluci\u00f3n<br \/>\nSu pantalla OLED es de f\u00e1cil lectura y te permitir\u00e1 ahorrar bater\u00eda, prolongando la duraci\u00f3n del aparato. Adem\u00e1s, gracias a su tecnolog\u00eda es apto para utilizarse bajo cualquier condici\u00f3n de luz.<\/p>\n<p>Funci\u00f3n auto-apagado<br \/>\nCuenta con la funci\u00f3n de apagado autom\u00e1tico en caso de detectar inactividad durante unos segundos. Esto te permitir\u00e1 extender la vida \u00fatil del aparato y un ahorro importante de bater\u00eda.<\/p>\n<p>Indicador de bater\u00eda baja<br \/>\nIncluye un indicador que te avisar\u00e1 cuando est\u00e1 por agotarse la bater\u00eda para que puedas prever el apagado inesperado del aparato.<\/p>\n<p>Liviano y pr\u00e1ctico<br \/>\nDebido a su peque\u00f1o tama\u00f1o y bajo peso, podr\u00e1s usarlo sin complicaciones y trasladarlo a donde quieras. Colocalo en tu bolsillo o en tu cartera y llevalo a todos lados.<\/p>\n<p>Consult\u00e1 con tu m\u00e9dico de cabecera<br \/>\nEste aparato es ideal para uso en casos de atenci\u00f3n m\u00e9dica en el hogar, cuidados de enfermer\u00eda o caseros, consultas m\u00e9dicas ambulatorias o amantes de los deportes ya que permite el monitoreo continuo. Ante cualquier inquietud con respecto a tu salud, se recomienda consultar con tu m\u00e9dico habitual.<\/p>\n","protected":false},"excerpt":{"rendered":"<p>Con Contec CMS50D podr\u00e1s medir el nivel del ox\u00edgeno en sangre y la frecuencia card\u00edaca. En solo cuesti\u00f3n de segundos tendr\u00e1s los resultados en la pantalla que te permitir\u00e1n monitorear tu estado de salud de manera precisa y segura. Con pantalla de alta resoluci\u00f3n Su pantalla OLED es de f\u00e1cil lectura y te permitir\u00e1 ahorrar [&hellip;]<\/p>\n","protected":false},"featured_media":10710,"template":"","meta":{"site-sidebar-layout":"default","site-content-layout":"","ast-site-content-layout":"default","site-content-style":"default","site-sidebar-style":"default","ast-global-header-display":"","ast-banner-title-visibility":"","ast-main-header-display":"","ast-hfb-above-header-display":"","ast-hfb-below-header-display":"","ast-hfb-mobile-header-display":"","site-post-title":"","ast-breadcrumbs-content":"","ast-featured-img":"","footer-sml-layout":"","ast-disable-related-posts":"","theme-transparent-header-meta":"default","adv-header-id-meta":"","stick-header-meta":"","header-above-stick-meta":"","header-main-stick-meta":"","header-below-stick-meta":"","astra-migrate-meta-layouts":"set","ast-page-background-enabled":"default","ast-page-background-meta":{"desktop":{"background-color":"var(--ast-global-color-4)","background-image":"","background-repeat":"repeat","background-position":"center center","background-size":"auto","background-attachment":"scroll","background-type":"","background-media":"","overlay-type":"","overlay-color":"","overlay-opacity":"","overlay-gradient":""},"tablet":{"background-color":"","background-image":"","background-repeat":"repeat","background-position":"center center","background-size":"auto","background-attachment":"scroll","background-type":"","background-media":"","overlay-type":"","overlay-color":"","overlay-opacity":"","overlay-gradient":""},"mobile":{"background-color":"","background-image":"","background-repeat":"repeat","background-position":"center center","background-size":"auto","background-attachment":"scroll","background-type":"","background-media":"","overlay-type":"","overlay-color":"","overlay-opacity":"","overlay-gradient":""}},"ast-content-background-meta":{"desktop":{"background-color":"var(--ast-global-color-5)","background-image":"","background-repeat":"repeat","background-position":"center center","background-size":"auto","background-attachment":"scroll","background-type":"","background-media":"","overlay-type":"","overlay-color":"","overlay-opacity":"","overlay-gradient":""},"tablet":{"background-color":"var(--ast-global-color-5)","background-image":"","background-repeat":"repeat","background-position":"center center","background-size":"auto","background-attachment":"scroll","background-type":"","background-media":"","overlay-type":"","overlay-color":"","overlay-opacity":"","overlay-gradient":""},"mobile":{"background-color":"var(--ast-global-color-5)","background-image":"","background-repeat":"repeat","background-position":"center center","background-size":"auto","background-attachment":"scroll","background-type":"","background-media":"","overlay-type":"","overlay-color":"","overlay-opacity":"","overlay-gradient":""}}},"product_brand":[],"product_cat":[447,457,368],"product_tag":[],"class_list":{"0":"post-10705","1":"product","2":"type-product","3":"status-publish","4":"has-post-thumbnail","6":"product_cat-bienestar","7":"product_cat-dispositivos-de-cuidado","8":"product_cat-otros","9":"desktop-align-left","10":"tablet-align-left","11":"mobile-align-left","13":"first","14":"instock","15":"sale","16":"shipping-taxable","17":"purchasable","18":"product-type-simple"},"yoast_head":"<!-- This site is optimized with the Yoast SEO plugin v27.3 - https:\/\/yoast.com\/product\/yoast-seo-wordpress\/ -->\n<title>Oximetro Saturometro - ROSE MVD<\/title>\n<meta name=\"description\" content=\"Oximetro Saturometro, podr\u00e1s medir el nivel del ox\u00edgeno en sangre y la frecuencia card\u00edaca. En solo cuesti\u00f3n de segundos tendr\u00e1s los resultados en la pantalla\" \/>\n<meta name=\"robots\" content=\"index, follow, max-snippet:-1, max-image-preview:large, max-video-preview:-1\" \/>\n<link rel=\"canonical\" href=\"https:\/\/rosemvd.com\/index.php\/producto\/oximetro-saturometro\/\" \/>\n<meta property=\"og:locale\" content=\"es_ES\" \/>\n<meta property=\"og:type\" content=\"article\" \/>\n<meta property=\"og:title\" content=\"Oximetro Saturometro - ROSE MVD\" \/>\n<meta property=\"og:description\" content=\"Oximetro Saturometro, podr\u00e1s medir el nivel del ox\u00edgeno en sangre y la frecuencia card\u00edaca. En solo cuesti\u00f3n de segundos tendr\u00e1s los resultados en la pantalla\" \/>\n<meta property=\"og:url\" content=\"https:\/\/rosemvd.com\/index.php\/producto\/oximetro-saturometro\/\" \/>\n<meta property=\"og:site_name\" content=\"ROSE MVD\" \/>\n<meta property=\"article:publisher\" content=\"https:\/\/www.facebook.com\/TiendaRoseMvd\" \/>\n<meta property=\"article:modified_time\" content=\"2026-04-22T00:53:32+00:00\" \/>\n<meta property=\"og:image\" content=\"https:\/\/rosemvd.com\/wp-content\/uploads\/2024\/10\/D_NQ_NP_619041-MLU70081334622_062023-O.webp\" \/>\n\t<meta property=\"og:image:width\" content=\"500\" \/>\n\t<meta property=\"og:image:height\" content=\"492\" \/>\n\t<meta property=\"og:image:type\" content=\"image\/webp\" \/>\n<meta name=\"twitter:card\" content=\"summary_large_image\" \/>\n<meta name=\"twitter:label1\" content=\"Tiempo de lectura\" \/>\n\t<meta name=\"twitter:data1\" content=\"2 minutos\" \/>\n<script type=\"application\/ld+json\" class=\"yoast-schema-graph\">{\"@context\":\"https:\\\/\\\/schema.org\",\"@graph\":[{\"@type\":\"WebPage\",\"@id\":\"https:\\\/\\\/rosemvd.com\\\/index.php\\\/producto\\\/oximetro-saturometro\\\/\",\"url\":\"https:\\\/\\\/rosemvd.com\\\/index.php\\\/producto\\\/oximetro-saturometro\\\/\",\"name\":\"Oximetro Saturometro - ROSE MVD\",\"isPartOf\":{\"@id\":\"https:\\\/\\\/rosemvd.com\\\/#website\"},\"primaryImageOfPage\":{\"@id\":\"https:\\\/\\\/rosemvd.com\\\/index.php\\\/producto\\\/oximetro-saturometro\\\/#primaryimage\"},\"image\":{\"@id\":\"https:\\\/\\\/rosemvd.com\\\/index.php\\\/producto\\\/oximetro-saturometro\\\/#primaryimage\"},\"thumbnailUrl\":\"https:\\\/\\\/rosemvd.com\\\/wp-content\\\/uploads\\\/2024\\\/10\\\/D_NQ_NP_619041-MLU70081334622_062023-O.webp\",\"datePublished\":\"2024-10-03T17:35:42+00:00\",\"dateModified\":\"2026-04-22T00:53:32+00:00\",\"description\":\"Oximetro Saturometro, podr\u00e1s medir el nivel del ox\u00edgeno en sangre y la frecuencia card\u00edaca. En solo cuesti\u00f3n de segundos tendr\u00e1s los resultados en la pantalla\",\"breadcrumb\":{\"@id\":\"https:\\\/\\\/rosemvd.com\\\/index.php\\\/producto\\\/oximetro-saturometro\\\/#breadcrumb\"},\"inLanguage\":\"es\",\"potentialAction\":[{\"@type\":\"ReadAction\",\"target\":[\"https:\\\/\\\/rosemvd.com\\\/index.php\\\/producto\\\/oximetro-saturometro\\\/\"]}]},{\"@type\":\"ImageObject\",\"inLanguage\":\"es\",\"@id\":\"https:\\\/\\\/rosemvd.com\\\/index.php\\\/producto\\\/oximetro-saturometro\\\/#primaryimage\",\"url\":\"https:\\\/\\\/rosemvd.com\\\/wp-content\\\/uploads\\\/2024\\\/10\\\/D_NQ_NP_619041-MLU70081334622_062023-O.webp\",\"contentUrl\":\"https:\\\/\\\/rosemvd.com\\\/wp-content\\\/uploads\\\/2024\\\/10\\\/D_NQ_NP_619041-MLU70081334622_062023-O.webp\",\"width\":500,\"height\":492},{\"@type\":\"BreadcrumbList\",\"@id\":\"https:\\\/\\\/rosemvd.com\\\/index.php\\\/producto\\\/oximetro-saturometro\\\/#breadcrumb\",\"itemListElement\":[{\"@type\":\"ListItem\",\"position\":1,\"name\":\"Portada\",\"item\":\"https:\\\/\\\/rosemvd.com\\\/\"},{\"@type\":\"ListItem\",\"position\":2,\"name\":\"Tienda\",\"item\":\"https:\\\/\\\/rosemvd.com\\\/index.php\\\/tienda\\\/\"},{\"@type\":\"ListItem\",\"position\":3,\"name\":\"Oximetro Saturometro\"}]},{\"@type\":\"WebSite\",\"@id\":\"https:\\\/\\\/rosemvd.com\\\/#website\",\"url\":\"https:\\\/\\\/rosemvd.com\\\/\",\"name\":\"ROSE MVD\",\"description\":\"Todo lo que buscas lo pod\u00e9s encontrar en rose mvd, especializados en traer todas las cosas nuevas en tendencia y accesorios diferentes y \u00fanicos.\",\"publisher\":{\"@id\":\"https:\\\/\\\/rosemvd.com\\\/#organization\"},\"potentialAction\":[{\"@type\":\"SearchAction\",\"target\":{\"@type\":\"EntryPoint\",\"urlTemplate\":\"https:\\\/\\\/rosemvd.com\\\/?s={search_term_string}\"},\"query-input\":{\"@type\":\"PropertyValueSpecification\",\"valueRequired\":true,\"valueName\":\"search_term_string\"}}],\"inLanguage\":\"es\"},{\"@type\":\"Organization\",\"@id\":\"https:\\\/\\\/rosemvd.com\\\/#organization\",\"name\":\"ROSE MVD\",\"alternateName\":\"ROSE MVD\",\"url\":\"https:\\\/\\\/rosemvd.com\\\/\",\"logo\":{\"@type\":\"ImageObject\",\"inLanguage\":\"es\",\"@id\":\"https:\\\/\\\/rosemvd.com\\\/#\\\/schema\\\/logo\\\/image\\\/\",\"url\":\"https:\\\/\\\/rosemvd.com\\\/wp-content\\\/uploads\\\/2023\\\/03\\\/Sin-titulo-2_Mesa-de-trabajo-1.png\",\"contentUrl\":\"https:\\\/\\\/rosemvd.com\\\/wp-content\\\/uploads\\\/2023\\\/03\\\/Sin-titulo-2_Mesa-de-trabajo-1.png\",\"width\":2084,\"height\":2084,\"caption\":\"ROSE MVD\"},\"image\":{\"@id\":\"https:\\\/\\\/rosemvd.com\\\/#\\\/schema\\\/logo\\\/image\\\/\"},\"sameAs\":[\"https:\\\/\\\/www.facebook.com\\\/TiendaRoseMvd\",\"https:\\\/\\\/www.instagram.com\\\/rose.mvd\"]}]}<\/script>\n<!-- \/ Yoast SEO plugin. -->","yoast_head_json":{"title":"Oximetro Saturometro - ROSE MVD","description":"Oximetro Saturometro, podr\u00e1s medir el nivel del ox\u00edgeno en sangre y la frecuencia card\u00edaca. En solo cuesti\u00f3n de segundos tendr\u00e1s los resultados en la pantalla","robots":{"index":"index","follow":"follow","max-snippet":"max-snippet:-1","max-image-preview":"max-image-preview:large","max-video-preview":"max-video-preview:-1"},"canonical":"https:\/\/rosemvd.com\/index.php\/producto\/oximetro-saturometro\/","og_locale":"es_ES","og_type":"article","og_title":"Oximetro Saturometro - ROSE MVD","og_description":"Oximetro Saturometro, podr\u00e1s medir el nivel del ox\u00edgeno en sangre y la frecuencia card\u00edaca. En solo cuesti\u00f3n de segundos tendr\u00e1s los resultados en la pantalla","og_url":"https:\/\/rosemvd.com\/index.php\/producto\/oximetro-saturometro\/","og_site_name":"ROSE MVD","article_publisher":"https:\/\/www.facebook.com\/TiendaRoseMvd","article_modified_time":"2026-04-22T00:53:32+00:00","og_image":[{"width":500,"height":492,"url":"https:\/\/rosemvd.com\/wp-content\/uploads\/2024\/10\/D_NQ_NP_619041-MLU70081334622_062023-O.webp","type":"image\/webp"}],"twitter_card":"summary_large_image","twitter_misc":{"Tiempo de lectura":"2 minutos"},"schema":{"@context":"https:\/\/schema.org","@graph":[{"@type":"WebPage","@id":"https:\/\/rosemvd.com\/index.php\/producto\/oximetro-saturometro\/","url":"https:\/\/rosemvd.com\/index.php\/producto\/oximetro-saturometro\/","name":"Oximetro Saturometro - ROSE MVD","isPartOf":{"@id":"https:\/\/rosemvd.com\/#website"},"primaryImageOfPage":{"@id":"https:\/\/rosemvd.com\/index.php\/producto\/oximetro-saturometro\/#primaryimage"},"image":{"@id":"https:\/\/rosemvd.com\/index.php\/producto\/oximetro-saturometro\/#primaryimage"},"thumbnailUrl":"https:\/\/rosemvd.com\/wp-content\/uploads\/2024\/10\/D_NQ_NP_619041-MLU70081334622_062023-O.webp","datePublished":"2024-10-03T17:35:42+00:00","dateModified":"2026-04-22T00:53:32+00:00","description":"Oximetro Saturometro, podr\u00e1s medir el nivel del ox\u00edgeno en sangre y la frecuencia card\u00edaca. En solo cuesti\u00f3n de segundos tendr\u00e1s los resultados en la pantalla","breadcrumb":{"@id":"https:\/\/rosemvd.com\/index.php\/producto\/oximetro-saturometro\/#breadcrumb"},"inLanguage":"es","potentialAction":[{"@type":"ReadAction","target":["https:\/\/rosemvd.com\/index.php\/producto\/oximetro-saturometro\/"]}]},{"@type":"ImageObject","inLanguage":"es","@id":"https:\/\/rosemvd.com\/index.php\/producto\/oximetro-saturometro\/#primaryimage","url":"https:\/\/rosemvd.com\/wp-content\/uploads\/2024\/10\/D_NQ_NP_619041-MLU70081334622_062023-O.webp","contentUrl":"https:\/\/rosemvd.com\/wp-content\/uploads\/2024\/10\/D_NQ_NP_619041-MLU70081334622_062023-O.webp","width":500,"height":492},{"@type":"BreadcrumbList","@id":"https:\/\/rosemvd.com\/index.php\/producto\/oximetro-saturometro\/#breadcrumb","itemListElement":[{"@type":"ListItem","position":1,"name":"Portada","item":"https:\/\/rosemvd.com\/"},{"@type":"ListItem","position":2,"name":"Tienda","item":"https:\/\/rosemvd.com\/index.php\/tienda\/"},{"@type":"ListItem","position":3,"name":"Oximetro Saturometro"}]},{"@type":"WebSite","@id":"https:\/\/rosemvd.com\/#website","url":"https:\/\/rosemvd.com\/","name":"ROSE MVD","description":"Todo lo que buscas lo pod\u00e9s encontrar en rose mvd, especializados en traer todas las cosas nuevas en tendencia y accesorios diferentes y \u00fanicos.","publisher":{"@id":"https:\/\/rosemvd.com\/#organization"},"potentialAction":[{"@type":"SearchAction","target":{"@type":"EntryPoint","urlTemplate":"https:\/\/rosemvd.com\/?s={search_term_string}"},"query-input":{"@type":"PropertyValueSpecification","valueRequired":true,"valueName":"search_term_string"}}],"inLanguage":"es"},{"@type":"Organization","@id":"https:\/\/rosemvd.com\/#organization","name":"ROSE MVD","alternateName":"ROSE MVD","url":"https:\/\/rosemvd.com\/","logo":{"@type":"ImageObject","inLanguage":"es","@id":"https:\/\/rosemvd.com\/#\/schema\/logo\/image\/","url":"https:\/\/rosemvd.com\/wp-content\/uploads\/2023\/03\/Sin-titulo-2_Mesa-de-trabajo-1.png","contentUrl":"https:\/\/rosemvd.com\/wp-content\/uploads\/2023\/03\/Sin-titulo-2_Mesa-de-trabajo-1.png","width":2084,"height":2084,"caption":"ROSE MVD"},"image":{"@id":"https:\/\/rosemvd.com\/#\/schema\/logo\/image\/"},"sameAs":["https:\/\/www.facebook.com\/TiendaRoseMvd","https:\/\/www.instagram.com\/rose.mvd"]}]}},"_links":{"self":[{"href":"https:\/\/rosemvd.com\/index.php\/wp-json\/wp\/v2\/product\/10705","targetHints":{"allow":["GET"]}}],"collection":[{"href":"https:\/\/rosemvd.com\/index.php\/wp-json\/wp\/v2\/product"}],"about":[{"href":"https:\/\/rosemvd.com\/index.php\/wp-json\/wp\/v2\/types\/product"}],"wp:featuredmedia":[{"embeddable":true,"href":"https:\/\/rosemvd.com\/index.php\/wp-json\/wp\/v2\/media\/10710"}],"wp:attachment":[{"href":"https:\/\/rosemvd.com\/index.php\/wp-json\/wp\/v2\/media?parent=10705"}],"wp:term":[{"taxonomy":"product_brand","embeddable":true,"href":"https:\/\/rosemvd.com\/index.php\/wp-json\/wp\/v2\/product_brand?post=10705"},{"taxonomy":"product_cat","embeddable":true,"href":"https:\/\/rosemvd.com\/index.php\/wp-json\/wp\/v2\/product_cat?post=10705"},{"taxonomy":"product_tag","embeddable":true,"href":"https:\/\/rosemvd.com\/index.php\/wp-json\/wp\/v2\/product_tag?post=10705"}],"curies":[{"name":"wp","href":"https:\/\/api.w.org\/{rel}","templated":true}]}}