{"id":10696,"date":"2024-10-03T14:32:55","date_gmt":"2024-10-03T17:32:55","guid":{"rendered":"https:\/\/rosemvd.com\/?post_type=product&#038;p=10696"},"modified":"2026-04-21T22:26:54","modified_gmt":"2026-04-22T01:26:54","slug":"hesiming-adaptadores-de-cable-de-carga","status":"publish","type":"product","link":"https:\/\/rosemvd.com\/index.php\/producto\/hesiming-adaptadores-de-cable-de-carga\/","title":{"rendered":"Hesiming Adaptadores De Cable De Carga"},"content":{"rendered":"<p>Todos los adaptadores son una aleaci\u00f3n de aluminio resistente a los ara\u00f1azos. El cable de cobre interno es m\u00e1s grande y grueso que el cable normal, lo que ayuda a aumentar la velocidad de carga y transferir datos para tel\u00e9fonos celulares, tabletas, computadoras port\u00e1tiles y otros dispositivos.<\/p>\n<p>Este juego de cables es peque\u00f1o y ligero, f\u00e1cil de llevar en el bolsillo o bolso.<br \/>\nEl mini gadget digital tiene cuatro puertos diferentes para la conversi\u00f3n, carga, transmisi\u00f3n y m\u00e1s. Contiene cable tipo C con 3 adaptadores USB que tienes todo lo que necesitas y transfiere datos para diferentes dispositivos.<\/p>\n<p>Sin buscar el conector correcto a trav\u00e9s de un desorden. Esta caja de almacenamiento port\u00e1til tiene todo lo que necesitas y sincroniza tu dispositivo. La funda de almacenamiento protege los extremos del cable y evita que entren en tu bolsa.<\/p>\n<p>El juego de viaje digital est\u00e1 equipado con aguja para recoger tarjetas y ranura para tarjeta de memoria\/ranura para tarjeta SIM, r\u00e1pidamente tel\u00e9fonos m\u00f3viles\/tabletas\/port\u00e1tiles y otros dispositivos El estuche de transporte- tambi\u00e9n es un soporte para tel\u00e9fono.<\/p>\n","protected":false},"excerpt":{"rendered":"<p>Todos los adaptadores son una aleaci\u00f3n de aluminio resistente a los ara\u00f1azos. El cable de cobre interno es m\u00e1s grande y grueso que el cable normal, lo que ayuda a aumentar la velocidad de carga y transferir datos para tel\u00e9fonos celulares, tabletas, computadoras port\u00e1tiles y otros dispositivos. Este juego de cables es peque\u00f1o y ligero, [&hellip;]<\/p>\n","protected":false},"featured_media":10700,"template":"","meta":{"site-sidebar-layout":"default","site-content-layout":"","ast-site-content-layout":"default","site-content-style":"default","site-sidebar-style":"default","ast-global-header-display":"","ast-banner-title-visibility":"","ast-main-header-display":"","ast-hfb-above-header-display":"","ast-hfb-below-header-display":"","ast-hfb-mobile-header-display":"","site-post-title":"","ast-breadcrumbs-content":"","ast-featured-img":"","footer-sml-layout":"","ast-disable-related-posts":"","theme-transparent-header-meta":"default","adv-header-id-meta":"","stick-header-meta":"","header-above-stick-meta":"","header-main-stick-meta":"","header-below-stick-meta":"","astra-migrate-meta-layouts":"set","ast-page-background-enabled":"default","ast-page-background-meta":{"desktop":{"background-color":"var(--ast-global-color-4)","background-image":"","background-repeat":"repeat","background-position":"center center","background-size":"auto","background-attachment":"scroll","background-type":"","background-media":"","overlay-type":"","overlay-color":"","overlay-opacity":"","overlay-gradient":""},"tablet":{"background-color":"","background-image":"","background-repeat":"repeat","background-position":"center center","background-size":"auto","background-attachment":"scroll","background-type":"","background-media":"","overlay-type":"","overlay-color":"","overlay-opacity":"","overlay-gradient":""},"mobile":{"background-color":"","background-image":"","background-repeat":"repeat","background-position":"center center","background-size":"auto","background-attachment":"scroll","background-type":"","background-media":"","overlay-type":"","overlay-color":"","overlay-opacity":"","overlay-gradient":""}},"ast-content-background-meta":{"desktop":{"background-color":"var(--ast-global-color-5)","background-image":"","background-repeat":"repeat","background-position":"center center","background-size":"auto","background-attachment":"scroll","background-type":"","background-media":"","overlay-type":"","overlay-color":"","overlay-opacity":"","overlay-gradient":""},"tablet":{"background-color":"var(--ast-global-color-5)","background-image":"","background-repeat":"repeat","background-position":"center center","background-size":"auto","background-attachment":"scroll","background-type":"","background-media":"","overlay-type":"","overlay-color":"","overlay-opacity":"","overlay-gradient":""},"mobile":{"background-color":"var(--ast-global-color-5)","background-image":"","background-repeat":"repeat","background-position":"center center","background-size":"auto","background-attachment":"scroll","background-type":"","background-media":"","overlay-type":"","overlay-color":"","overlay-opacity":"","overlay-gradient":""}}},"product_brand":[],"product_cat":[368,458,448],"product_tag":[],"class_list":{"0":"post-10696","1":"product","2":"type-product","3":"status-publish","4":"has-post-thumbnail","6":"product_cat-otros","7":"product_cat-tecnologia-y-gadgets","8":"product_cat-tecnologia-y-hogar","9":"desktop-align-left","10":"tablet-align-left","11":"mobile-align-left","13":"first","14":"instock","15":"shipping-taxable","16":"purchasable","17":"product-type-variable"},"yoast_head":"<!-- This site is optimized with the Yoast SEO plugin v27.3 - https:\/\/yoast.com\/product\/yoast-seo-wordpress\/ -->\n<title>Hesiming Adaptadores De Cable De Carga - ROSE MVD<\/title>\n<meta name=\"description\" content=\"Hesiming Adaptadores De Cable De Carga, tiene cuatro puertos diferentes para la conversi\u00f3n, carga, transmisi\u00f3n y m\u00e1s\" \/>\n<meta name=\"robots\" content=\"index, follow, max-snippet:-1, max-image-preview:large, max-video-preview:-1\" \/>\n<link rel=\"canonical\" href=\"https:\/\/rosemvd.com\/index.php\/producto\/hesiming-adaptadores-de-cable-de-carga\/\" \/>\n<meta property=\"og:locale\" content=\"es_ES\" \/>\n<meta property=\"og:type\" content=\"article\" \/>\n<meta property=\"og:title\" content=\"Hesiming Adaptadores De Cable De Carga - ROSE MVD\" \/>\n<meta property=\"og:description\" content=\"Hesiming Adaptadores De Cable De Carga, tiene cuatro puertos diferentes para la conversi\u00f3n, carga, transmisi\u00f3n y m\u00e1s\" \/>\n<meta property=\"og:url\" content=\"https:\/\/rosemvd.com\/index.php\/producto\/hesiming-adaptadores-de-cable-de-carga\/\" \/>\n<meta property=\"og:site_name\" content=\"ROSE MVD\" \/>\n<meta property=\"article:publisher\" content=\"https:\/\/www.facebook.com\/TiendaRoseMvd\" \/>\n<meta property=\"article:modified_time\" content=\"2026-04-22T01:26:54+00:00\" \/>\n<meta property=\"og:image\" content=\"https:\/\/rosemvd.com\/wp-content\/uploads\/2024\/10\/D_NQ_NP_673107-MLU79439491099_092024-O.webp\" \/>\n\t<meta property=\"og:image:width\" content=\"413\" \/>\n\t<meta property=\"og:image:height\" content=\"500\" \/>\n\t<meta property=\"og:image:type\" content=\"image\/webp\" \/>\n<meta name=\"twitter:card\" content=\"summary_large_image\" \/>\n<meta name=\"twitter:label1\" content=\"Tiempo de lectura\" \/>\n\t<meta name=\"twitter:data1\" content=\"2 minutos\" \/>\n<script type=\"application\/ld+json\" class=\"yoast-schema-graph\">{\"@context\":\"https:\\\/\\\/schema.org\",\"@graph\":[{\"@type\":\"WebPage\",\"@id\":\"https:\\\/\\\/rosemvd.com\\\/index.php\\\/producto\\\/hesiming-adaptadores-de-cable-de-carga\\\/\",\"url\":\"https:\\\/\\\/rosemvd.com\\\/index.php\\\/producto\\\/hesiming-adaptadores-de-cable-de-carga\\\/\",\"name\":\"Hesiming Adaptadores De Cable De Carga - ROSE MVD\",\"isPartOf\":{\"@id\":\"https:\\\/\\\/rosemvd.com\\\/#website\"},\"primaryImageOfPage\":{\"@id\":\"https:\\\/\\\/rosemvd.com\\\/index.php\\\/producto\\\/hesiming-adaptadores-de-cable-de-carga\\\/#primaryimage\"},\"image\":{\"@id\":\"https:\\\/\\\/rosemvd.com\\\/index.php\\\/producto\\\/hesiming-adaptadores-de-cable-de-carga\\\/#primaryimage\"},\"thumbnailUrl\":\"https:\\\/\\\/rosemvd.com\\\/wp-content\\\/uploads\\\/2024\\\/10\\\/D_NQ_NP_673107-MLU79439491099_092024-O.webp\",\"datePublished\":\"2024-10-03T17:32:55+00:00\",\"dateModified\":\"2026-04-22T01:26:54+00:00\",\"description\":\"Hesiming Adaptadores De Cable De Carga, tiene cuatro puertos diferentes para la conversi\u00f3n, carga, transmisi\u00f3n y m\u00e1s\",\"breadcrumb\":{\"@id\":\"https:\\\/\\\/rosemvd.com\\\/index.php\\\/producto\\\/hesiming-adaptadores-de-cable-de-carga\\\/#breadcrumb\"},\"inLanguage\":\"es\",\"potentialAction\":[{\"@type\":\"ReadAction\",\"target\":[\"https:\\\/\\\/rosemvd.com\\\/index.php\\\/producto\\\/hesiming-adaptadores-de-cable-de-carga\\\/\"]}]},{\"@type\":\"ImageObject\",\"inLanguage\":\"es\",\"@id\":\"https:\\\/\\\/rosemvd.com\\\/index.php\\\/producto\\\/hesiming-adaptadores-de-cable-de-carga\\\/#primaryimage\",\"url\":\"https:\\\/\\\/rosemvd.com\\\/wp-content\\\/uploads\\\/2024\\\/10\\\/D_NQ_NP_673107-MLU79439491099_092024-O.webp\",\"contentUrl\":\"https:\\\/\\\/rosemvd.com\\\/wp-content\\\/uploads\\\/2024\\\/10\\\/D_NQ_NP_673107-MLU79439491099_092024-O.webp\",\"width\":413,\"height\":500},{\"@type\":\"BreadcrumbList\",\"@id\":\"https:\\\/\\\/rosemvd.com\\\/index.php\\\/producto\\\/hesiming-adaptadores-de-cable-de-carga\\\/#breadcrumb\",\"itemListElement\":[{\"@type\":\"ListItem\",\"position\":1,\"name\":\"Portada\",\"item\":\"https:\\\/\\\/rosemvd.com\\\/\"},{\"@type\":\"ListItem\",\"position\":2,\"name\":\"Tienda\",\"item\":\"https:\\\/\\\/rosemvd.com\\\/index.php\\\/tienda\\\/\"},{\"@type\":\"ListItem\",\"position\":3,\"name\":\"Hesiming Adaptadores De Cable De Carga\"}]},{\"@type\":\"WebSite\",\"@id\":\"https:\\\/\\\/rosemvd.com\\\/#website\",\"url\":\"https:\\\/\\\/rosemvd.com\\\/\",\"name\":\"ROSE MVD\",\"description\":\"Todo lo que buscas lo pod\u00e9s encontrar en rose mvd, especializados en traer todas las cosas nuevas en tendencia y accesorios diferentes y \u00fanicos.\",\"publisher\":{\"@id\":\"https:\\\/\\\/rosemvd.com\\\/#organization\"},\"potentialAction\":[{\"@type\":\"SearchAction\",\"target\":{\"@type\":\"EntryPoint\",\"urlTemplate\":\"https:\\\/\\\/rosemvd.com\\\/?s={search_term_string}\"},\"query-input\":{\"@type\":\"PropertyValueSpecification\",\"valueRequired\":true,\"valueName\":\"search_term_string\"}}],\"inLanguage\":\"es\"},{\"@type\":\"Organization\",\"@id\":\"https:\\\/\\\/rosemvd.com\\\/#organization\",\"name\":\"ROSE MVD\",\"alternateName\":\"ROSE MVD\",\"url\":\"https:\\\/\\\/rosemvd.com\\\/\",\"logo\":{\"@type\":\"ImageObject\",\"inLanguage\":\"es\",\"@id\":\"https:\\\/\\\/rosemvd.com\\\/#\\\/schema\\\/logo\\\/image\\\/\",\"url\":\"https:\\\/\\\/rosemvd.com\\\/wp-content\\\/uploads\\\/2023\\\/03\\\/Sin-titulo-2_Mesa-de-trabajo-1.png\",\"contentUrl\":\"https:\\\/\\\/rosemvd.com\\\/wp-content\\\/uploads\\\/2023\\\/03\\\/Sin-titulo-2_Mesa-de-trabajo-1.png\",\"width\":2084,\"height\":2084,\"caption\":\"ROSE MVD\"},\"image\":{\"@id\":\"https:\\\/\\\/rosemvd.com\\\/#\\\/schema\\\/logo\\\/image\\\/\"},\"sameAs\":[\"https:\\\/\\\/www.facebook.com\\\/TiendaRoseMvd\",\"https:\\\/\\\/www.instagram.com\\\/rose.mvd\"]}]}<\/script>\n<!-- \/ Yoast SEO plugin. -->","yoast_head_json":{"title":"Hesiming Adaptadores De Cable De Carga - ROSE MVD","description":"Hesiming Adaptadores De Cable De Carga, tiene cuatro puertos diferentes para la conversi\u00f3n, carga, transmisi\u00f3n y m\u00e1s","robots":{"index":"index","follow":"follow","max-snippet":"max-snippet:-1","max-image-preview":"max-image-preview:large","max-video-preview":"max-video-preview:-1"},"canonical":"https:\/\/rosemvd.com\/index.php\/producto\/hesiming-adaptadores-de-cable-de-carga\/","og_locale":"es_ES","og_type":"article","og_title":"Hesiming Adaptadores De Cable De Carga - ROSE MVD","og_description":"Hesiming Adaptadores De Cable De Carga, tiene cuatro puertos diferentes para la conversi\u00f3n, carga, transmisi\u00f3n y m\u00e1s","og_url":"https:\/\/rosemvd.com\/index.php\/producto\/hesiming-adaptadores-de-cable-de-carga\/","og_site_name":"ROSE MVD","article_publisher":"https:\/\/www.facebook.com\/TiendaRoseMvd","article_modified_time":"2026-04-22T01:26:54+00:00","og_image":[{"width":413,"height":500,"url":"https:\/\/rosemvd.com\/wp-content\/uploads\/2024\/10\/D_NQ_NP_673107-MLU79439491099_092024-O.webp","type":"image\/webp"}],"twitter_card":"summary_large_image","twitter_misc":{"Tiempo de lectura":"2 minutos"},"schema":{"@context":"https:\/\/schema.org","@graph":[{"@type":"WebPage","@id":"https:\/\/rosemvd.com\/index.php\/producto\/hesiming-adaptadores-de-cable-de-carga\/","url":"https:\/\/rosemvd.com\/index.php\/producto\/hesiming-adaptadores-de-cable-de-carga\/","name":"Hesiming Adaptadores De Cable De Carga - ROSE MVD","isPartOf":{"@id":"https:\/\/rosemvd.com\/#website"},"primaryImageOfPage":{"@id":"https:\/\/rosemvd.com\/index.php\/producto\/hesiming-adaptadores-de-cable-de-carga\/#primaryimage"},"image":{"@id":"https:\/\/rosemvd.com\/index.php\/producto\/hesiming-adaptadores-de-cable-de-carga\/#primaryimage"},"thumbnailUrl":"https:\/\/rosemvd.com\/wp-content\/uploads\/2024\/10\/D_NQ_NP_673107-MLU79439491099_092024-O.webp","datePublished":"2024-10-03T17:32:55+00:00","dateModified":"2026-04-22T01:26:54+00:00","description":"Hesiming Adaptadores De Cable De Carga, tiene cuatro puertos diferentes para la conversi\u00f3n, carga, transmisi\u00f3n y m\u00e1s","breadcrumb":{"@id":"https:\/\/rosemvd.com\/index.php\/producto\/hesiming-adaptadores-de-cable-de-carga\/#breadcrumb"},"inLanguage":"es","potentialAction":[{"@type":"ReadAction","target":["https:\/\/rosemvd.com\/index.php\/producto\/hesiming-adaptadores-de-cable-de-carga\/"]}]},{"@type":"ImageObject","inLanguage":"es","@id":"https:\/\/rosemvd.com\/index.php\/producto\/hesiming-adaptadores-de-cable-de-carga\/#primaryimage","url":"https:\/\/rosemvd.com\/wp-content\/uploads\/2024\/10\/D_NQ_NP_673107-MLU79439491099_092024-O.webp","contentUrl":"https:\/\/rosemvd.com\/wp-content\/uploads\/2024\/10\/D_NQ_NP_673107-MLU79439491099_092024-O.webp","width":413,"height":500},{"@type":"BreadcrumbList","@id":"https:\/\/rosemvd.com\/index.php\/producto\/hesiming-adaptadores-de-cable-de-carga\/#breadcrumb","itemListElement":[{"@type":"ListItem","position":1,"name":"Portada","item":"https:\/\/rosemvd.com\/"},{"@type":"ListItem","position":2,"name":"Tienda","item":"https:\/\/rosemvd.com\/index.php\/tienda\/"},{"@type":"ListItem","position":3,"name":"Hesiming Adaptadores De Cable De Carga"}]},{"@type":"WebSite","@id":"https:\/\/rosemvd.com\/#website","url":"https:\/\/rosemvd.com\/","name":"ROSE MVD","description":"Todo lo que buscas lo pod\u00e9s encontrar en rose mvd, especializados en traer todas las cosas nuevas en tendencia y accesorios diferentes y \u00fanicos.","publisher":{"@id":"https:\/\/rosemvd.com\/#organization"},"potentialAction":[{"@type":"SearchAction","target":{"@type":"EntryPoint","urlTemplate":"https:\/\/rosemvd.com\/?s={search_term_string}"},"query-input":{"@type":"PropertyValueSpecification","valueRequired":true,"valueName":"search_term_string"}}],"inLanguage":"es"},{"@type":"Organization","@id":"https:\/\/rosemvd.com\/#organization","name":"ROSE MVD","alternateName":"ROSE MVD","url":"https:\/\/rosemvd.com\/","logo":{"@type":"ImageObject","inLanguage":"es","@id":"https:\/\/rosemvd.com\/#\/schema\/logo\/image\/","url":"https:\/\/rosemvd.com\/wp-content\/uploads\/2023\/03\/Sin-titulo-2_Mesa-de-trabajo-1.png","contentUrl":"https:\/\/rosemvd.com\/wp-content\/uploads\/2023\/03\/Sin-titulo-2_Mesa-de-trabajo-1.png","width":2084,"height":2084,"caption":"ROSE MVD"},"image":{"@id":"https:\/\/rosemvd.com\/#\/schema\/logo\/image\/"},"sameAs":["https:\/\/www.facebook.com\/TiendaRoseMvd","https:\/\/www.instagram.com\/rose.mvd"]}]}},"_links":{"self":[{"href":"https:\/\/rosemvd.com\/index.php\/wp-json\/wp\/v2\/product\/10696","targetHints":{"allow":["GET"]}}],"collection":[{"href":"https:\/\/rosemvd.com\/index.php\/wp-json\/wp\/v2\/product"}],"about":[{"href":"https:\/\/rosemvd.com\/index.php\/wp-json\/wp\/v2\/types\/product"}],"wp:featuredmedia":[{"embeddable":true,"href":"https:\/\/rosemvd.com\/index.php\/wp-json\/wp\/v2\/media\/10700"}],"wp:attachment":[{"href":"https:\/\/rosemvd.com\/index.php\/wp-json\/wp\/v2\/media?parent=10696"}],"wp:term":[{"taxonomy":"product_brand","embeddable":true,"href":"https:\/\/rosemvd.com\/index.php\/wp-json\/wp\/v2\/product_brand?post=10696"},{"taxonomy":"product_cat","embeddable":true,"href":"https:\/\/rosemvd.com\/index.php\/wp-json\/wp\/v2\/product_cat?post=10696"},{"taxonomy":"product_tag","embeddable":true,"href":"https:\/\/rosemvd.com\/index.php\/wp-json\/wp\/v2\/product_tag?post=10696"}],"curies":[{"name":"wp","href":"https:\/\/api.w.org\/{rel}","templated":true}]}}