{"id":10580,"date":"2024-09-12T13:35:17","date_gmt":"2024-09-12T16:35:17","guid":{"rendered":"https:\/\/rosemvd.com\/?post_type=product&#038;p=10580"},"modified":"2025-09-23T12:34:51","modified_gmt":"2025-09-23T15:34:51","slug":"chupete-para-alimentar-bebe","status":"publish","type":"product","link":"https:\/\/rosemvd.com\/index.php\/producto\/chupete-para-alimentar-bebe\/","title":{"rendered":"Chupete para alimentar bebe"},"content":{"rendered":"<p>El compromiso con la seguridad del producto garantiza que nuestro chupete alimentador de frutas para beb\u00e9s est\u00e9 hecho de silicona de grado alimenticio m\u00e1s alto que est\u00e1 aprobado y certificado por el l\u00edder en pruebas de Wordl, para ser libre de BPA, sin l\u00e1tex, sin Leas, sin olor, por lo que es seguro para que el beb\u00e9 comience a presentar al beb\u00e9 alimentos s\u00f3lidos.<\/p>\n<p>Dise\u00f1o \u00fanico: este mordedor de chupones de frutas para beb\u00e9s introduce f\u00e1cilmente nuevos alimentos a tu beb\u00e9 sin el riesgo de asfixia debido a que las piezas de comida no se cortan lo suficientemente peque\u00f1as y proporcionan alivio de la dentici\u00f3n del beb\u00e9 aliviando las enc\u00edas doloridas al mismo tiempo. Es una manera segura de comenzar a introducir alimentos s\u00f3lidos a medida que su hijo pasa por la fase de dentici\u00f3n.<\/p>\n<p>Dise\u00f1o multifunci\u00f3n: el alimentador de alimentos frescos para beb\u00e9s es tanto un soporte para frutas para chupete como un juguete de dentici\u00f3n, estos soportes para frutas para chupetes se pueden utilizar para almacenar frutas frescas o congeladas, verduras, chips de hielo, leche materna e incluso medicinas. Alivia el dolor de las enc\u00edas con picaz\u00f3n de tu beb\u00e9 y ayuda a acumular m\u00fasculo bucal al mismo tiempo, estos chupadores de frutas para beb\u00e9s son imprescindible<\/p>\n<p>&#8211; Material libre de BPA<\/p>\n<p>&#8211; Chupete de silicona con orificios para una alimentaci\u00f3n segura e independiente<\/p>\n<p>&#8211; Recomendado para beb\u00e9s + 3 meses<\/p>\n","protected":false},"excerpt":{"rendered":"<p>El compromiso con la seguridad del producto garantiza que nuestro chupete alimentador de frutas para beb\u00e9s est\u00e9 hecho de silicona de grado alimenticio m\u00e1s alto que est\u00e1 aprobado y certificado por el l\u00edder en pruebas de Wordl, para ser libre de BPA, sin l\u00e1tex, sin Leas, sin olor, por lo que es seguro para que [&hellip;]<\/p>\n","protected":false},"featured_media":10581,"template":"","meta":{"site-sidebar-layout":"default","site-content-layout":"","ast-site-content-layout":"default","site-content-style":"default","site-sidebar-style":"default","ast-global-header-display":"","ast-banner-title-visibility":"","ast-main-header-display":"","ast-hfb-above-header-display":"","ast-hfb-below-header-display":"","ast-hfb-mobile-header-display":"","site-post-title":"","ast-breadcrumbs-content":"","ast-featured-img":"","footer-sml-layout":"","ast-disable-related-posts":"","theme-transparent-header-meta":"default","adv-header-id-meta":"","stick-header-meta":"","header-above-stick-meta":"","header-main-stick-meta":"","header-below-stick-meta":"","astra-migrate-meta-layouts":"set","ast-page-background-enabled":"default","ast-page-background-meta":{"desktop":{"background-color":"var(--ast-global-color-4)","background-image":"","background-repeat":"repeat","background-position":"center center","background-size":"auto","background-attachment":"scroll","background-type":"","background-media":"","overlay-type":"","overlay-color":"","overlay-opacity":"","overlay-gradient":""},"tablet":{"background-color":"","background-image":"","background-repeat":"repeat","background-position":"center center","background-size":"auto","background-attachment":"scroll","background-type":"","background-media":"","overlay-type":"","overlay-color":"","overlay-opacity":"","overlay-gradient":""},"mobile":{"background-color":"","background-image":"","background-repeat":"repeat","background-position":"center center","background-size":"auto","background-attachment":"scroll","background-type":"","background-media":"","overlay-type":"","overlay-color":"","overlay-opacity":"","overlay-gradient":""}},"ast-content-background-meta":{"desktop":{"background-color":"var(--ast-global-color-5)","background-image":"","background-repeat":"repeat","background-position":"center center","background-size":"auto","background-attachment":"scroll","background-type":"","background-media":"","overlay-type":"","overlay-color":"","overlay-opacity":"","overlay-gradient":""},"tablet":{"background-color":"var(--ast-global-color-5)","background-image":"","background-repeat":"repeat","background-position":"center center","background-size":"auto","background-attachment":"scroll","background-type":"","background-media":"","overlay-type":"","overlay-color":"","overlay-opacity":"","overlay-gradient":""},"mobile":{"background-color":"var(--ast-global-color-5)","background-image":"","background-repeat":"repeat","background-position":"center center","background-size":"auto","background-attachment":"scroll","background-type":"","background-media":"","overlay-type":"","overlay-color":"","overlay-opacity":"","overlay-gradient":""}}},"product_brand":[],"product_cat":[440,368],"product_tag":[],"class_list":{"0":"post-10580","1":"product","2":"type-product","3":"status-publish","4":"has-post-thumbnail","6":"product_cat-bebes-ninos","7":"product_cat-otros","8":"desktop-align-left","9":"tablet-align-left","10":"mobile-align-left","12":"first","13":"instock","14":"shipping-taxable","15":"purchasable","16":"product-type-variable"},"yoast_head":"<!-- This site is optimized with the Yoast SEO plugin v27.3 - https:\/\/yoast.com\/product\/yoast-seo-wordpress\/ -->\n<title>Chupete para alimentar bebe - ROSE MVD<\/title>\n<meta name=\"description\" content=\"Chupete para alimentar bebe, introduce f\u00e1cilmente nuevos alimentos a tu beb\u00e9 sin el riesgo de asfixia, proporcionan alivio de la dentici\u00f3n del beb\u00e9 aliviando las enc\u00edas\" \/>\n<meta name=\"robots\" content=\"index, follow, max-snippet:-1, max-image-preview:large, max-video-preview:-1\" \/>\n<link rel=\"canonical\" href=\"https:\/\/rosemvd.com\/index.php\/producto\/chupete-para-alimentar-bebe\/\" \/>\n<meta property=\"og:locale\" content=\"es_ES\" \/>\n<meta property=\"og:type\" content=\"article\" \/>\n<meta property=\"og:title\" content=\"Chupete para alimentar bebe - ROSE MVD\" \/>\n<meta property=\"og:description\" content=\"Chupete para alimentar bebe, introduce f\u00e1cilmente nuevos alimentos a tu beb\u00e9 sin el riesgo de asfixia, proporcionan alivio de la dentici\u00f3n del beb\u00e9 aliviando las enc\u00edas\" \/>\n<meta property=\"og:url\" content=\"https:\/\/rosemvd.com\/index.php\/producto\/chupete-para-alimentar-bebe\/\" \/>\n<meta property=\"og:site_name\" content=\"ROSE MVD\" \/>\n<meta property=\"article:publisher\" content=\"https:\/\/www.facebook.com\/TiendaRoseMvd\" \/>\n<meta property=\"article:modified_time\" content=\"2025-09-23T15:34:51+00:00\" \/>\n<meta property=\"og:image\" content=\"https:\/\/rosemvd.com\/wp-content\/uploads\/2024\/09\/D_NQ_NP_854287-MLU79057800377_092024-O.webp\" \/>\n\t<meta property=\"og:image:width\" content=\"480\" \/>\n\t<meta property=\"og:image:height\" content=\"500\" \/>\n\t<meta property=\"og:image:type\" content=\"image\/webp\" \/>\n<meta name=\"twitter:card\" content=\"summary_large_image\" \/>\n<meta name=\"twitter:label1\" content=\"Tiempo de lectura\" \/>\n\t<meta name=\"twitter:data1\" content=\"2 minutos\" \/>\n<script type=\"application\/ld+json\" class=\"yoast-schema-graph\">{\"@context\":\"https:\\\/\\\/schema.org\",\"@graph\":[{\"@type\":\"WebPage\",\"@id\":\"https:\\\/\\\/rosemvd.com\\\/index.php\\\/producto\\\/chupete-para-alimentar-bebe\\\/\",\"url\":\"https:\\\/\\\/rosemvd.com\\\/index.php\\\/producto\\\/chupete-para-alimentar-bebe\\\/\",\"name\":\"Chupete para alimentar bebe - ROSE MVD\",\"isPartOf\":{\"@id\":\"https:\\\/\\\/rosemvd.com\\\/#website\"},\"primaryImageOfPage\":{\"@id\":\"https:\\\/\\\/rosemvd.com\\\/index.php\\\/producto\\\/chupete-para-alimentar-bebe\\\/#primaryimage\"},\"image\":{\"@id\":\"https:\\\/\\\/rosemvd.com\\\/index.php\\\/producto\\\/chupete-para-alimentar-bebe\\\/#primaryimage\"},\"thumbnailUrl\":\"https:\\\/\\\/rosemvd.com\\\/wp-content\\\/uploads\\\/2024\\\/09\\\/D_NQ_NP_854287-MLU79057800377_092024-O.webp\",\"datePublished\":\"2024-09-12T16:35:17+00:00\",\"dateModified\":\"2025-09-23T15:34:51+00:00\",\"description\":\"Chupete para alimentar bebe, introduce f\u00e1cilmente nuevos alimentos a tu beb\u00e9 sin el riesgo de asfixia, proporcionan alivio de la dentici\u00f3n del beb\u00e9 aliviando las enc\u00edas\",\"breadcrumb\":{\"@id\":\"https:\\\/\\\/rosemvd.com\\\/index.php\\\/producto\\\/chupete-para-alimentar-bebe\\\/#breadcrumb\"},\"inLanguage\":\"es\",\"potentialAction\":[{\"@type\":\"ReadAction\",\"target\":[\"https:\\\/\\\/rosemvd.com\\\/index.php\\\/producto\\\/chupete-para-alimentar-bebe\\\/\"]}]},{\"@type\":\"ImageObject\",\"inLanguage\":\"es\",\"@id\":\"https:\\\/\\\/rosemvd.com\\\/index.php\\\/producto\\\/chupete-para-alimentar-bebe\\\/#primaryimage\",\"url\":\"https:\\\/\\\/rosemvd.com\\\/wp-content\\\/uploads\\\/2024\\\/09\\\/D_NQ_NP_854287-MLU79057800377_092024-O.webp\",\"contentUrl\":\"https:\\\/\\\/rosemvd.com\\\/wp-content\\\/uploads\\\/2024\\\/09\\\/D_NQ_NP_854287-MLU79057800377_092024-O.webp\",\"width\":480,\"height\":500},{\"@type\":\"BreadcrumbList\",\"@id\":\"https:\\\/\\\/rosemvd.com\\\/index.php\\\/producto\\\/chupete-para-alimentar-bebe\\\/#breadcrumb\",\"itemListElement\":[{\"@type\":\"ListItem\",\"position\":1,\"name\":\"Portada\",\"item\":\"https:\\\/\\\/rosemvd.com\\\/\"},{\"@type\":\"ListItem\",\"position\":2,\"name\":\"Tienda\",\"item\":\"https:\\\/\\\/rosemvd.com\\\/index.php\\\/tienda\\\/\"},{\"@type\":\"ListItem\",\"position\":3,\"name\":\"Chupete para alimentar bebe\"}]},{\"@type\":\"WebSite\",\"@id\":\"https:\\\/\\\/rosemvd.com\\\/#website\",\"url\":\"https:\\\/\\\/rosemvd.com\\\/\",\"name\":\"ROSE MVD\",\"description\":\"Todo lo que buscas lo pod\u00e9s encontrar en rose mvd, especializados en traer todas las cosas nuevas en tendencia y accesorios diferentes y \u00fanicos.\",\"publisher\":{\"@id\":\"https:\\\/\\\/rosemvd.com\\\/#organization\"},\"potentialAction\":[{\"@type\":\"SearchAction\",\"target\":{\"@type\":\"EntryPoint\",\"urlTemplate\":\"https:\\\/\\\/rosemvd.com\\\/?s={search_term_string}\"},\"query-input\":{\"@type\":\"PropertyValueSpecification\",\"valueRequired\":true,\"valueName\":\"search_term_string\"}}],\"inLanguage\":\"es\"},{\"@type\":\"Organization\",\"@id\":\"https:\\\/\\\/rosemvd.com\\\/#organization\",\"name\":\"ROSE MVD\",\"alternateName\":\"ROSE MVD\",\"url\":\"https:\\\/\\\/rosemvd.com\\\/\",\"logo\":{\"@type\":\"ImageObject\",\"inLanguage\":\"es\",\"@id\":\"https:\\\/\\\/rosemvd.com\\\/#\\\/schema\\\/logo\\\/image\\\/\",\"url\":\"https:\\\/\\\/rosemvd.com\\\/wp-content\\\/uploads\\\/2023\\\/03\\\/Sin-titulo-2_Mesa-de-trabajo-1.png\",\"contentUrl\":\"https:\\\/\\\/rosemvd.com\\\/wp-content\\\/uploads\\\/2023\\\/03\\\/Sin-titulo-2_Mesa-de-trabajo-1.png\",\"width\":2084,\"height\":2084,\"caption\":\"ROSE MVD\"},\"image\":{\"@id\":\"https:\\\/\\\/rosemvd.com\\\/#\\\/schema\\\/logo\\\/image\\\/\"},\"sameAs\":[\"https:\\\/\\\/www.facebook.com\\\/TiendaRoseMvd\",\"https:\\\/\\\/www.instagram.com\\\/rose.mvd\"]}]}<\/script>\n<!-- \/ Yoast SEO plugin. -->","yoast_head_json":{"title":"Chupete para alimentar bebe - ROSE MVD","description":"Chupete para alimentar bebe, introduce f\u00e1cilmente nuevos alimentos a tu beb\u00e9 sin el riesgo de asfixia, proporcionan alivio de la dentici\u00f3n del beb\u00e9 aliviando las enc\u00edas","robots":{"index":"index","follow":"follow","max-snippet":"max-snippet:-1","max-image-preview":"max-image-preview:large","max-video-preview":"max-video-preview:-1"},"canonical":"https:\/\/rosemvd.com\/index.php\/producto\/chupete-para-alimentar-bebe\/","og_locale":"es_ES","og_type":"article","og_title":"Chupete para alimentar bebe - ROSE MVD","og_description":"Chupete para alimentar bebe, introduce f\u00e1cilmente nuevos alimentos a tu beb\u00e9 sin el riesgo de asfixia, proporcionan alivio de la dentici\u00f3n del beb\u00e9 aliviando las enc\u00edas","og_url":"https:\/\/rosemvd.com\/index.php\/producto\/chupete-para-alimentar-bebe\/","og_site_name":"ROSE MVD","article_publisher":"https:\/\/www.facebook.com\/TiendaRoseMvd","article_modified_time":"2025-09-23T15:34:51+00:00","og_image":[{"width":480,"height":500,"url":"https:\/\/rosemvd.com\/wp-content\/uploads\/2024\/09\/D_NQ_NP_854287-MLU79057800377_092024-O.webp","type":"image\/webp"}],"twitter_card":"summary_large_image","twitter_misc":{"Tiempo de lectura":"2 minutos"},"schema":{"@context":"https:\/\/schema.org","@graph":[{"@type":"WebPage","@id":"https:\/\/rosemvd.com\/index.php\/producto\/chupete-para-alimentar-bebe\/","url":"https:\/\/rosemvd.com\/index.php\/producto\/chupete-para-alimentar-bebe\/","name":"Chupete para alimentar bebe - ROSE MVD","isPartOf":{"@id":"https:\/\/rosemvd.com\/#website"},"primaryImageOfPage":{"@id":"https:\/\/rosemvd.com\/index.php\/producto\/chupete-para-alimentar-bebe\/#primaryimage"},"image":{"@id":"https:\/\/rosemvd.com\/index.php\/producto\/chupete-para-alimentar-bebe\/#primaryimage"},"thumbnailUrl":"https:\/\/rosemvd.com\/wp-content\/uploads\/2024\/09\/D_NQ_NP_854287-MLU79057800377_092024-O.webp","datePublished":"2024-09-12T16:35:17+00:00","dateModified":"2025-09-23T15:34:51+00:00","description":"Chupete para alimentar bebe, introduce f\u00e1cilmente nuevos alimentos a tu beb\u00e9 sin el riesgo de asfixia, proporcionan alivio de la dentici\u00f3n del beb\u00e9 aliviando las enc\u00edas","breadcrumb":{"@id":"https:\/\/rosemvd.com\/index.php\/producto\/chupete-para-alimentar-bebe\/#breadcrumb"},"inLanguage":"es","potentialAction":[{"@type":"ReadAction","target":["https:\/\/rosemvd.com\/index.php\/producto\/chupete-para-alimentar-bebe\/"]}]},{"@type":"ImageObject","inLanguage":"es","@id":"https:\/\/rosemvd.com\/index.php\/producto\/chupete-para-alimentar-bebe\/#primaryimage","url":"https:\/\/rosemvd.com\/wp-content\/uploads\/2024\/09\/D_NQ_NP_854287-MLU79057800377_092024-O.webp","contentUrl":"https:\/\/rosemvd.com\/wp-content\/uploads\/2024\/09\/D_NQ_NP_854287-MLU79057800377_092024-O.webp","width":480,"height":500},{"@type":"BreadcrumbList","@id":"https:\/\/rosemvd.com\/index.php\/producto\/chupete-para-alimentar-bebe\/#breadcrumb","itemListElement":[{"@type":"ListItem","position":1,"name":"Portada","item":"https:\/\/rosemvd.com\/"},{"@type":"ListItem","position":2,"name":"Tienda","item":"https:\/\/rosemvd.com\/index.php\/tienda\/"},{"@type":"ListItem","position":3,"name":"Chupete para alimentar bebe"}]},{"@type":"WebSite","@id":"https:\/\/rosemvd.com\/#website","url":"https:\/\/rosemvd.com\/","name":"ROSE MVD","description":"Todo lo que buscas lo pod\u00e9s encontrar en rose mvd, especializados en traer todas las cosas nuevas en tendencia y accesorios diferentes y \u00fanicos.","publisher":{"@id":"https:\/\/rosemvd.com\/#organization"},"potentialAction":[{"@type":"SearchAction","target":{"@type":"EntryPoint","urlTemplate":"https:\/\/rosemvd.com\/?s={search_term_string}"},"query-input":{"@type":"PropertyValueSpecification","valueRequired":true,"valueName":"search_term_string"}}],"inLanguage":"es"},{"@type":"Organization","@id":"https:\/\/rosemvd.com\/#organization","name":"ROSE MVD","alternateName":"ROSE MVD","url":"https:\/\/rosemvd.com\/","logo":{"@type":"ImageObject","inLanguage":"es","@id":"https:\/\/rosemvd.com\/#\/schema\/logo\/image\/","url":"https:\/\/rosemvd.com\/wp-content\/uploads\/2023\/03\/Sin-titulo-2_Mesa-de-trabajo-1.png","contentUrl":"https:\/\/rosemvd.com\/wp-content\/uploads\/2023\/03\/Sin-titulo-2_Mesa-de-trabajo-1.png","width":2084,"height":2084,"caption":"ROSE MVD"},"image":{"@id":"https:\/\/rosemvd.com\/#\/schema\/logo\/image\/"},"sameAs":["https:\/\/www.facebook.com\/TiendaRoseMvd","https:\/\/www.instagram.com\/rose.mvd"]}]}},"_links":{"self":[{"href":"https:\/\/rosemvd.com\/index.php\/wp-json\/wp\/v2\/product\/10580","targetHints":{"allow":["GET"]}}],"collection":[{"href":"https:\/\/rosemvd.com\/index.php\/wp-json\/wp\/v2\/product"}],"about":[{"href":"https:\/\/rosemvd.com\/index.php\/wp-json\/wp\/v2\/types\/product"}],"wp:featuredmedia":[{"embeddable":true,"href":"https:\/\/rosemvd.com\/index.php\/wp-json\/wp\/v2\/media\/10581"}],"wp:attachment":[{"href":"https:\/\/rosemvd.com\/index.php\/wp-json\/wp\/v2\/media?parent=10580"}],"wp:term":[{"taxonomy":"product_brand","embeddable":true,"href":"https:\/\/rosemvd.com\/index.php\/wp-json\/wp\/v2\/product_brand?post=10580"},{"taxonomy":"product_cat","embeddable":true,"href":"https:\/\/rosemvd.com\/index.php\/wp-json\/wp\/v2\/product_cat?post=10580"},{"taxonomy":"product_tag","embeddable":true,"href":"https:\/\/rosemvd.com\/index.php\/wp-json\/wp\/v2\/product_tag?post=10580"}],"curies":[{"name":"wp","href":"https:\/\/api.w.org\/{rel}","templated":true}]}}