{"id":10478,"date":"2024-08-28T16:26:02","date_gmt":"2024-08-28T19:26:02","guid":{"rendered":"https:\/\/rosemvd.com\/?post_type=product&#038;p=10478"},"modified":"2026-04-21T21:53:31","modified_gmt":"2026-04-22T00:53:31","slug":"monitor-de-presion-arterial-electronico","status":"publish","type":"product","link":"https:\/\/rosemvd.com\/index.php\/producto\/monitor-de-presion-arterial-electronico\/","title":{"rendered":"Monitor De Presi\u00f3n Arterial Electr\u00f3nico"},"content":{"rendered":"<p>*No incluye pilas (Funciona con pilas AAA)*<\/p>\n<p>Mant\u00e9n un control preciso de tu salud con el Monitor de Presi\u00f3n Arterial Electr\u00f3nico de Mu\u00f1eca en color negro. Este dispositivo compacto y f\u00e1cil de usar te permite realizar un seguimiento de tu presi\u00f3n arterial en cualquier momento y lugar, proporcion\u00e1ndote lecturas precisas y confiables. Su dise\u00f1o elegante y moderno en color negro se adapta a cualquier estilo y es lo suficientemente peque\u00f1o para llevarlo contigo a donde quieras.<\/p>\n<p>Este monitor de presi\u00f3n arterial es del tipo digital y se coloca en la mu\u00f1eca, lo que facilita su uso y lectura. No requiere de un brazalete adicional, lo que lo hace m\u00e1s c\u00f3modo y menos restrictivo. Su circunferencia m\u00e1xima es de 19.5 cm y la m\u00ednima de 13.5 cm, lo que lo hace adecuado para la mayor\u00eda de las personas.<\/p>\n<p>El monitor de presi\u00f3n arterial electr\u00f3nico de mu\u00f1eca cuenta con una memoria interna que puede almacenar hasta 99 mediciones, lo que te permite llevar un registro de tus lecturas a lo largo del tiempo. Esto puede ser especialmente \u00fatil para aquellos que necesitan monitorear su presi\u00f3n arterial regularmente. Adem\u00e1s, este dispositivo mide la presi\u00f3n sist\u00f3lica, uno de los dos n\u00fameros clave que necesitas conocer para entender tu presi\u00f3n arterial.<\/p>\n","protected":false},"excerpt":{"rendered":"<p>*No incluye pilas (Funciona con pilas AAA)* Mant\u00e9n un control preciso de tu salud con el Monitor de Presi\u00f3n Arterial Electr\u00f3nico de Mu\u00f1eca en color negro. Este dispositivo compacto y f\u00e1cil de usar te permite realizar un seguimiento de tu presi\u00f3n arterial en cualquier momento y lugar, proporcion\u00e1ndote lecturas precisas y confiables. Su dise\u00f1o elegante [&hellip;]<\/p>\n","protected":false},"featured_media":10479,"template":"","meta":{"site-sidebar-layout":"default","site-content-layout":"","ast-site-content-layout":"default","site-content-style":"default","site-sidebar-style":"default","ast-global-header-display":"","ast-banner-title-visibility":"","ast-main-header-display":"","ast-hfb-above-header-display":"","ast-hfb-below-header-display":"","ast-hfb-mobile-header-display":"","site-post-title":"","ast-breadcrumbs-content":"","ast-featured-img":"","footer-sml-layout":"","ast-disable-related-posts":"","theme-transparent-header-meta":"default","adv-header-id-meta":"","stick-header-meta":"","header-above-stick-meta":"","header-main-stick-meta":"","header-below-stick-meta":"","astra-migrate-meta-layouts":"set","ast-page-background-enabled":"default","ast-page-background-meta":{"desktop":{"background-color":"var(--ast-global-color-4)","background-image":"","background-repeat":"repeat","background-position":"center center","background-size":"auto","background-attachment":"scroll","background-type":"","background-media":"","overlay-type":"","overlay-color":"","overlay-opacity":"","overlay-gradient":""},"tablet":{"background-color":"","background-image":"","background-repeat":"repeat","background-position":"center center","background-size":"auto","background-attachment":"scroll","background-type":"","background-media":"","overlay-type":"","overlay-color":"","overlay-opacity":"","overlay-gradient":""},"mobile":{"background-color":"","background-image":"","background-repeat":"repeat","background-position":"center center","background-size":"auto","background-attachment":"scroll","background-type":"","background-media":"","overlay-type":"","overlay-color":"","overlay-opacity":"","overlay-gradient":""}},"ast-content-background-meta":{"desktop":{"background-color":"var(--ast-global-color-5)","background-image":"","background-repeat":"repeat","background-position":"center center","background-size":"auto","background-attachment":"scroll","background-type":"","background-media":"","overlay-type":"","overlay-color":"","overlay-opacity":"","overlay-gradient":""},"tablet":{"background-color":"var(--ast-global-color-5)","background-image":"","background-repeat":"repeat","background-position":"center center","background-size":"auto","background-attachment":"scroll","background-type":"","background-media":"","overlay-type":"","overlay-color":"","overlay-opacity":"","overlay-gradient":""},"mobile":{"background-color":"var(--ast-global-color-5)","background-image":"","background-repeat":"repeat","background-position":"center center","background-size":"auto","background-attachment":"scroll","background-type":"","background-media":"","overlay-type":"","overlay-color":"","overlay-opacity":"","overlay-gradient":""}}},"product_brand":[],"product_cat":[447,457,368],"product_tag":[],"class_list":{"0":"post-10478","1":"product","2":"type-product","3":"status-publish","4":"has-post-thumbnail","6":"product_cat-bienestar","7":"product_cat-dispositivos-de-cuidado","8":"product_cat-otros","9":"desktop-align-left","10":"tablet-align-left","11":"mobile-align-left","13":"first","14":"instock","15":"shipping-taxable","16":"purchasable","17":"product-type-simple"},"yoast_head":"<!-- This site is optimized with the Yoast SEO plugin v27.3 - https:\/\/yoast.com\/product\/yoast-seo-wordpress\/ -->\n<title>Monitor De Presi\u00f3n Arterial Electr\u00f3nico - ROSE MVD<\/title>\n<meta name=\"description\" content=\"Monitor De Presi\u00f3n Arterial Electr\u00f3nico, f\u00e1cil de usar te permite realizar un seguimiento de tu presi\u00f3n arterial, lecturas precisas y confiables.\" \/>\n<meta name=\"robots\" content=\"index, follow, max-snippet:-1, max-image-preview:large, max-video-preview:-1\" \/>\n<link rel=\"canonical\" href=\"https:\/\/rosemvd.com\/index.php\/producto\/monitor-de-presion-arterial-electronico\/\" \/>\n<meta property=\"og:locale\" content=\"es_ES\" \/>\n<meta property=\"og:type\" content=\"article\" \/>\n<meta property=\"og:title\" content=\"Monitor De Presi\u00f3n Arterial Electr\u00f3nico - ROSE MVD\" \/>\n<meta property=\"og:description\" content=\"Monitor De Presi\u00f3n Arterial Electr\u00f3nico, f\u00e1cil de usar te permite realizar un seguimiento de tu presi\u00f3n arterial, lecturas precisas y confiables.\" \/>\n<meta property=\"og:url\" content=\"https:\/\/rosemvd.com\/index.php\/producto\/monitor-de-presion-arterial-electronico\/\" \/>\n<meta property=\"og:site_name\" content=\"ROSE MVD\" \/>\n<meta property=\"article:publisher\" content=\"https:\/\/www.facebook.com\/TiendaRoseMvd\" \/>\n<meta property=\"article:modified_time\" content=\"2026-04-22T00:53:31+00:00\" \/>\n<meta property=\"og:image\" content=\"https:\/\/rosemvd.com\/wp-content\/uploads\/2024\/08\/D_NQ_NP_2X_881477-MLU78302129148_082024-F.webp\" \/>\n\t<meta property=\"og:image:width\" content=\"679\" \/>\n\t<meta property=\"og:image:height\" content=\"800\" \/>\n\t<meta property=\"og:image:type\" content=\"image\/webp\" \/>\n<meta name=\"twitter:card\" content=\"summary_large_image\" \/>\n<meta name=\"twitter:label1\" content=\"Tiempo de lectura\" \/>\n\t<meta name=\"twitter:data1\" content=\"2 minutos\" \/>\n<script type=\"application\/ld+json\" class=\"yoast-schema-graph\">{\"@context\":\"https:\\\/\\\/schema.org\",\"@graph\":[{\"@type\":\"WebPage\",\"@id\":\"https:\\\/\\\/rosemvd.com\\\/index.php\\\/producto\\\/monitor-de-presion-arterial-electronico\\\/\",\"url\":\"https:\\\/\\\/rosemvd.com\\\/index.php\\\/producto\\\/monitor-de-presion-arterial-electronico\\\/\",\"name\":\"Monitor De Presi\u00f3n Arterial Electr\u00f3nico - ROSE MVD\",\"isPartOf\":{\"@id\":\"https:\\\/\\\/rosemvd.com\\\/#website\"},\"primaryImageOfPage\":{\"@id\":\"https:\\\/\\\/rosemvd.com\\\/index.php\\\/producto\\\/monitor-de-presion-arterial-electronico\\\/#primaryimage\"},\"image\":{\"@id\":\"https:\\\/\\\/rosemvd.com\\\/index.php\\\/producto\\\/monitor-de-presion-arterial-electronico\\\/#primaryimage\"},\"thumbnailUrl\":\"https:\\\/\\\/rosemvd.com\\\/wp-content\\\/uploads\\\/2024\\\/08\\\/D_NQ_NP_2X_881477-MLU78302129148_082024-F.webp\",\"datePublished\":\"2024-08-28T19:26:02+00:00\",\"dateModified\":\"2026-04-22T00:53:31+00:00\",\"description\":\"Monitor De Presi\u00f3n Arterial Electr\u00f3nico, f\u00e1cil de usar te permite realizar un seguimiento de tu presi\u00f3n arterial, lecturas precisas y confiables.\",\"breadcrumb\":{\"@id\":\"https:\\\/\\\/rosemvd.com\\\/index.php\\\/producto\\\/monitor-de-presion-arterial-electronico\\\/#breadcrumb\"},\"inLanguage\":\"es\",\"potentialAction\":[{\"@type\":\"ReadAction\",\"target\":[\"https:\\\/\\\/rosemvd.com\\\/index.php\\\/producto\\\/monitor-de-presion-arterial-electronico\\\/\"]}]},{\"@type\":\"ImageObject\",\"inLanguage\":\"es\",\"@id\":\"https:\\\/\\\/rosemvd.com\\\/index.php\\\/producto\\\/monitor-de-presion-arterial-electronico\\\/#primaryimage\",\"url\":\"https:\\\/\\\/rosemvd.com\\\/wp-content\\\/uploads\\\/2024\\\/08\\\/D_NQ_NP_2X_881477-MLU78302129148_082024-F.webp\",\"contentUrl\":\"https:\\\/\\\/rosemvd.com\\\/wp-content\\\/uploads\\\/2024\\\/08\\\/D_NQ_NP_2X_881477-MLU78302129148_082024-F.webp\",\"width\":679,\"height\":800},{\"@type\":\"BreadcrumbList\",\"@id\":\"https:\\\/\\\/rosemvd.com\\\/index.php\\\/producto\\\/monitor-de-presion-arterial-electronico\\\/#breadcrumb\",\"itemListElement\":[{\"@type\":\"ListItem\",\"position\":1,\"name\":\"Portada\",\"item\":\"https:\\\/\\\/rosemvd.com\\\/\"},{\"@type\":\"ListItem\",\"position\":2,\"name\":\"Tienda\",\"item\":\"https:\\\/\\\/rosemvd.com\\\/index.php\\\/tienda\\\/\"},{\"@type\":\"ListItem\",\"position\":3,\"name\":\"Monitor De Presi\u00f3n Arterial Electr\u00f3nico\"}]},{\"@type\":\"WebSite\",\"@id\":\"https:\\\/\\\/rosemvd.com\\\/#website\",\"url\":\"https:\\\/\\\/rosemvd.com\\\/\",\"name\":\"ROSE MVD\",\"description\":\"Todo lo que buscas lo pod\u00e9s encontrar en rose mvd, especializados en traer todas las cosas nuevas en tendencia y accesorios diferentes y \u00fanicos.\",\"publisher\":{\"@id\":\"https:\\\/\\\/rosemvd.com\\\/#organization\"},\"potentialAction\":[{\"@type\":\"SearchAction\",\"target\":{\"@type\":\"EntryPoint\",\"urlTemplate\":\"https:\\\/\\\/rosemvd.com\\\/?s={search_term_string}\"},\"query-input\":{\"@type\":\"PropertyValueSpecification\",\"valueRequired\":true,\"valueName\":\"search_term_string\"}}],\"inLanguage\":\"es\"},{\"@type\":\"Organization\",\"@id\":\"https:\\\/\\\/rosemvd.com\\\/#organization\",\"name\":\"ROSE MVD\",\"alternateName\":\"ROSE MVD\",\"url\":\"https:\\\/\\\/rosemvd.com\\\/\",\"logo\":{\"@type\":\"ImageObject\",\"inLanguage\":\"es\",\"@id\":\"https:\\\/\\\/rosemvd.com\\\/#\\\/schema\\\/logo\\\/image\\\/\",\"url\":\"https:\\\/\\\/rosemvd.com\\\/wp-content\\\/uploads\\\/2023\\\/03\\\/Sin-titulo-2_Mesa-de-trabajo-1.png\",\"contentUrl\":\"https:\\\/\\\/rosemvd.com\\\/wp-content\\\/uploads\\\/2023\\\/03\\\/Sin-titulo-2_Mesa-de-trabajo-1.png\",\"width\":2084,\"height\":2084,\"caption\":\"ROSE MVD\"},\"image\":{\"@id\":\"https:\\\/\\\/rosemvd.com\\\/#\\\/schema\\\/logo\\\/image\\\/\"},\"sameAs\":[\"https:\\\/\\\/www.facebook.com\\\/TiendaRoseMvd\",\"https:\\\/\\\/www.instagram.com\\\/rose.mvd\"]}]}<\/script>\n<!-- \/ Yoast SEO plugin. -->","yoast_head_json":{"title":"Monitor De Presi\u00f3n Arterial Electr\u00f3nico - ROSE MVD","description":"Monitor De Presi\u00f3n Arterial Electr\u00f3nico, f\u00e1cil de usar te permite realizar un seguimiento de tu presi\u00f3n arterial, lecturas precisas y confiables.","robots":{"index":"index","follow":"follow","max-snippet":"max-snippet:-1","max-image-preview":"max-image-preview:large","max-video-preview":"max-video-preview:-1"},"canonical":"https:\/\/rosemvd.com\/index.php\/producto\/monitor-de-presion-arterial-electronico\/","og_locale":"es_ES","og_type":"article","og_title":"Monitor De Presi\u00f3n Arterial Electr\u00f3nico - ROSE MVD","og_description":"Monitor De Presi\u00f3n Arterial Electr\u00f3nico, f\u00e1cil de usar te permite realizar un seguimiento de tu presi\u00f3n arterial, lecturas precisas y confiables.","og_url":"https:\/\/rosemvd.com\/index.php\/producto\/monitor-de-presion-arterial-electronico\/","og_site_name":"ROSE MVD","article_publisher":"https:\/\/www.facebook.com\/TiendaRoseMvd","article_modified_time":"2026-04-22T00:53:31+00:00","og_image":[{"width":679,"height":800,"url":"https:\/\/rosemvd.com\/wp-content\/uploads\/2024\/08\/D_NQ_NP_2X_881477-MLU78302129148_082024-F.webp","type":"image\/webp"}],"twitter_card":"summary_large_image","twitter_misc":{"Tiempo de lectura":"2 minutos"},"schema":{"@context":"https:\/\/schema.org","@graph":[{"@type":"WebPage","@id":"https:\/\/rosemvd.com\/index.php\/producto\/monitor-de-presion-arterial-electronico\/","url":"https:\/\/rosemvd.com\/index.php\/producto\/monitor-de-presion-arterial-electronico\/","name":"Monitor De Presi\u00f3n Arterial Electr\u00f3nico - ROSE MVD","isPartOf":{"@id":"https:\/\/rosemvd.com\/#website"},"primaryImageOfPage":{"@id":"https:\/\/rosemvd.com\/index.php\/producto\/monitor-de-presion-arterial-electronico\/#primaryimage"},"image":{"@id":"https:\/\/rosemvd.com\/index.php\/producto\/monitor-de-presion-arterial-electronico\/#primaryimage"},"thumbnailUrl":"https:\/\/rosemvd.com\/wp-content\/uploads\/2024\/08\/D_NQ_NP_2X_881477-MLU78302129148_082024-F.webp","datePublished":"2024-08-28T19:26:02+00:00","dateModified":"2026-04-22T00:53:31+00:00","description":"Monitor De Presi\u00f3n Arterial Electr\u00f3nico, f\u00e1cil de usar te permite realizar un seguimiento de tu presi\u00f3n arterial, lecturas precisas y confiables.","breadcrumb":{"@id":"https:\/\/rosemvd.com\/index.php\/producto\/monitor-de-presion-arterial-electronico\/#breadcrumb"},"inLanguage":"es","potentialAction":[{"@type":"ReadAction","target":["https:\/\/rosemvd.com\/index.php\/producto\/monitor-de-presion-arterial-electronico\/"]}]},{"@type":"ImageObject","inLanguage":"es","@id":"https:\/\/rosemvd.com\/index.php\/producto\/monitor-de-presion-arterial-electronico\/#primaryimage","url":"https:\/\/rosemvd.com\/wp-content\/uploads\/2024\/08\/D_NQ_NP_2X_881477-MLU78302129148_082024-F.webp","contentUrl":"https:\/\/rosemvd.com\/wp-content\/uploads\/2024\/08\/D_NQ_NP_2X_881477-MLU78302129148_082024-F.webp","width":679,"height":800},{"@type":"BreadcrumbList","@id":"https:\/\/rosemvd.com\/index.php\/producto\/monitor-de-presion-arterial-electronico\/#breadcrumb","itemListElement":[{"@type":"ListItem","position":1,"name":"Portada","item":"https:\/\/rosemvd.com\/"},{"@type":"ListItem","position":2,"name":"Tienda","item":"https:\/\/rosemvd.com\/index.php\/tienda\/"},{"@type":"ListItem","position":3,"name":"Monitor De Presi\u00f3n Arterial Electr\u00f3nico"}]},{"@type":"WebSite","@id":"https:\/\/rosemvd.com\/#website","url":"https:\/\/rosemvd.com\/","name":"ROSE MVD","description":"Todo lo que buscas lo pod\u00e9s encontrar en rose mvd, especializados en traer todas las cosas nuevas en tendencia y accesorios diferentes y \u00fanicos.","publisher":{"@id":"https:\/\/rosemvd.com\/#organization"},"potentialAction":[{"@type":"SearchAction","target":{"@type":"EntryPoint","urlTemplate":"https:\/\/rosemvd.com\/?s={search_term_string}"},"query-input":{"@type":"PropertyValueSpecification","valueRequired":true,"valueName":"search_term_string"}}],"inLanguage":"es"},{"@type":"Organization","@id":"https:\/\/rosemvd.com\/#organization","name":"ROSE MVD","alternateName":"ROSE MVD","url":"https:\/\/rosemvd.com\/","logo":{"@type":"ImageObject","inLanguage":"es","@id":"https:\/\/rosemvd.com\/#\/schema\/logo\/image\/","url":"https:\/\/rosemvd.com\/wp-content\/uploads\/2023\/03\/Sin-titulo-2_Mesa-de-trabajo-1.png","contentUrl":"https:\/\/rosemvd.com\/wp-content\/uploads\/2023\/03\/Sin-titulo-2_Mesa-de-trabajo-1.png","width":2084,"height":2084,"caption":"ROSE MVD"},"image":{"@id":"https:\/\/rosemvd.com\/#\/schema\/logo\/image\/"},"sameAs":["https:\/\/www.facebook.com\/TiendaRoseMvd","https:\/\/www.instagram.com\/rose.mvd"]}]}},"_links":{"self":[{"href":"https:\/\/rosemvd.com\/index.php\/wp-json\/wp\/v2\/product\/10478","targetHints":{"allow":["GET"]}}],"collection":[{"href":"https:\/\/rosemvd.com\/index.php\/wp-json\/wp\/v2\/product"}],"about":[{"href":"https:\/\/rosemvd.com\/index.php\/wp-json\/wp\/v2\/types\/product"}],"wp:featuredmedia":[{"embeddable":true,"href":"https:\/\/rosemvd.com\/index.php\/wp-json\/wp\/v2\/media\/10479"}],"wp:attachment":[{"href":"https:\/\/rosemvd.com\/index.php\/wp-json\/wp\/v2\/media?parent=10478"}],"wp:term":[{"taxonomy":"product_brand","embeddable":true,"href":"https:\/\/rosemvd.com\/index.php\/wp-json\/wp\/v2\/product_brand?post=10478"},{"taxonomy":"product_cat","embeddable":true,"href":"https:\/\/rosemvd.com\/index.php\/wp-json\/wp\/v2\/product_cat?post=10478"},{"taxonomy":"product_tag","embeddable":true,"href":"https:\/\/rosemvd.com\/index.php\/wp-json\/wp\/v2\/product_tag?post=10478"}],"curies":[{"name":"wp","href":"https:\/\/api.w.org\/{rel}","templated":true}]}}