{"id":10232,"date":"2024-07-24T12:15:43","date_gmt":"2024-07-24T15:15:43","guid":{"rendered":"https:\/\/rosemvd.com\/?post_type=product&#038;p=10232"},"modified":"2026-04-21T15:58:27","modified_gmt":"2026-04-21T18:58:27","slug":"limpiador-rostro-espatula","status":"publish","type":"product","link":"https:\/\/rosemvd.com\/index.php\/producto\/limpiador-rostro-espatula\/","title":{"rendered":"Limpiador Rostro Esp\u00e1tula"},"content":{"rendered":"<p><strong>Caracter\u00edsticas del producto:<\/strong><br \/>\nlimpieza de modo profundo para abrir los poros, eliminar la suciedad y las impurezas, y mejorar<br \/>\nla eliminaci\u00f3n de c\u00e9lulas an\u00f3malas y envejecimiento<br \/>\nModo de elevaci\u00f3n &#8211; Masajea la cara con este dispositivo para ayudar a reducir las l\u00edneas finas y arrugas. componentes minerales en la piel. Modo Ion+ ayuda a eliminar la suciedad y las impurezas de la piel, y luego le permite obtener una cara lisa.<br \/>\n<strong>Instrucciones:<\/strong><br \/>\n<strong>Paso 1:<\/strong> Lavar la cara con agua tibia o crema para mantener la piel h\u00fameda<br \/>\n<strong>Paso 2:<\/strong> Pulse el bot\u00f3n durante 3 segundos para encender el dispositivo, seleccione el modo \u00abLimpieza\u00bb para la funci\u00f3n de limpieza profunda, si desea apagar el dispositivo, por favor presione el bot\u00f3n durante<br \/>\n3 segundos. Si necesita reducir las arrugas, seleccione el modo \u00ablifting\u00bb para mejorar su piel<br \/>\n<strong>Paso 3:<\/strong> Si desea que su piel se vuelva suave y brillante, seleccione el modo \u00abIon+ e Ion\u00bb<\/p>\n<p>Para ayudar a su piel a absorber nutrientes.<br \/>\nNo utilice el dispositivo cuando se lave, porque el cuerpo no es impermeable.<br \/>\nAntes de usar la esp\u00e1tula para el cuidado de la piel, es muy importante mantener la cara hidratada con crema o agua tibia.<br \/>\nPresione y mantenga pulsado el bot\u00f3n durante 3 segundos para encender el dispositivo. Apagar el cepillo de limpieza de la piel es el mismo<\/p>\n","protected":false},"excerpt":{"rendered":"<p>Caracter\u00edsticas del producto: limpieza de modo profundo para abrir los poros, eliminar la suciedad y las impurezas, y mejorar la eliminaci\u00f3n de c\u00e9lulas an\u00f3malas y envejecimiento Modo de elevaci\u00f3n &#8211; Masajea la cara con este dispositivo para ayudar a reducir las l\u00edneas finas y arrugas. componentes minerales en la piel. Modo Ion+ ayuda a eliminar [&hellip;]<\/p>\n","protected":false},"featured_media":10238,"template":"","meta":{"site-sidebar-layout":"default","site-content-layout":"","ast-site-content-layout":"default","site-content-style":"default","site-sidebar-style":"default","ast-global-header-display":"","ast-banner-title-visibility":"","ast-main-header-display":"","ast-hfb-above-header-display":"","ast-hfb-below-header-display":"","ast-hfb-mobile-header-display":"","site-post-title":"","ast-breadcrumbs-content":"","ast-featured-img":"","footer-sml-layout":"","ast-disable-related-posts":"","theme-transparent-header-meta":"default","adv-header-id-meta":"","stick-header-meta":"","header-above-stick-meta":"","header-main-stick-meta":"","header-below-stick-meta":"","astra-migrate-meta-layouts":"set","ast-page-background-enabled":"default","ast-page-background-meta":{"desktop":{"background-color":"var(--ast-global-color-4)","background-image":"","background-repeat":"repeat","background-position":"center center","background-size":"auto","background-attachment":"scroll","background-type":"","background-media":"","overlay-type":"","overlay-color":"","overlay-opacity":"","overlay-gradient":""},"tablet":{"background-color":"","background-image":"","background-repeat":"repeat","background-position":"center center","background-size":"auto","background-attachment":"scroll","background-type":"","background-media":"","overlay-type":"","overlay-color":"","overlay-opacity":"","overlay-gradient":""},"mobile":{"background-color":"","background-image":"","background-repeat":"repeat","background-position":"center center","background-size":"auto","background-attachment":"scroll","background-type":"","background-media":"","overlay-type":"","overlay-color":"","overlay-opacity":"","overlay-gradient":""}},"ast-content-background-meta":{"desktop":{"background-color":"var(--ast-global-color-5)","background-image":"","background-repeat":"repeat","background-position":"center center","background-size":"auto","background-attachment":"scroll","background-type":"","background-media":"","overlay-type":"","overlay-color":"","overlay-opacity":"","overlay-gradient":""},"tablet":{"background-color":"var(--ast-global-color-5)","background-image":"","background-repeat":"repeat","background-position":"center center","background-size":"auto","background-attachment":"scroll","background-type":"","background-media":"","overlay-type":"","overlay-color":"","overlay-opacity":"","overlay-gradient":""},"mobile":{"background-color":"var(--ast-global-color-5)","background-image":"","background-repeat":"repeat","background-position":"center center","background-size":"auto","background-attachment":"scroll","background-type":"","background-media":"","overlay-type":"","overlay-color":"","overlay-opacity":"","overlay-gradient":""}}},"product_brand":[],"product_cat":[17,464],"product_tag":[],"class_list":{"0":"post-10232","1":"product","2":"type-product","3":"status-publish","4":"has-post-thumbnail","6":"product_cat-belleza","7":"product_cat-cuidado-rostro","8":"desktop-align-left","9":"tablet-align-left","10":"mobile-align-left","12":"first","13":"outofstock","14":"shipping-taxable","15":"purchasable","16":"product-type-simple"},"yoast_head":"<!-- This site is optimized with the Yoast SEO plugin v27.3 - https:\/\/yoast.com\/product\/yoast-seo-wordpress\/ -->\n<title>Limpiador Rostro Esp\u00e1tula - ROSE MVD<\/title>\n<meta name=\"description\" content=\"Limpiador Rostro Esp\u00e1tula, limpieza de modo profundo para abrir los poros, eliminar la suciedad y las impurezas, y mejorarla eliminaci\u00f3n de c\u00e9lulas an\u00f3malas y envejecimiento\" \/>\n<meta name=\"robots\" content=\"index, follow, max-snippet:-1, max-image-preview:large, max-video-preview:-1\" \/>\n<link rel=\"canonical\" href=\"https:\/\/rosemvd.com\/index.php\/producto\/limpiador-rostro-espatula\/\" \/>\n<meta property=\"og:locale\" content=\"es_ES\" \/>\n<meta property=\"og:type\" content=\"article\" \/>\n<meta property=\"og:title\" content=\"Limpiador Rostro Esp\u00e1tula - ROSE MVD\" \/>\n<meta property=\"og:description\" content=\"Limpiador Rostro Esp\u00e1tula, limpieza de modo profundo para abrir los poros, eliminar la suciedad y las impurezas, y mejorarla eliminaci\u00f3n de c\u00e9lulas an\u00f3malas y envejecimiento\" \/>\n<meta property=\"og:url\" content=\"https:\/\/rosemvd.com\/index.php\/producto\/limpiador-rostro-espatula\/\" \/>\n<meta property=\"og:site_name\" content=\"ROSE MVD\" \/>\n<meta property=\"article:publisher\" content=\"https:\/\/www.facebook.com\/TiendaRoseMvd\" \/>\n<meta property=\"article:modified_time\" content=\"2026-04-21T18:58:27+00:00\" \/>\n<meta property=\"og:image\" content=\"https:\/\/rosemvd.com\/wp-content\/uploads\/2024\/07\/D_NQ_NP_822504-MLU77818890187_072024-O.webp\" \/>\n\t<meta property=\"og:image:width\" content=\"470\" \/>\n\t<meta property=\"og:image:height\" content=\"500\" \/>\n\t<meta property=\"og:image:type\" content=\"image\/webp\" \/>\n<meta name=\"twitter:card\" content=\"summary_large_image\" \/>\n<meta name=\"twitter:label1\" content=\"Tiempo de lectura\" \/>\n\t<meta name=\"twitter:data1\" content=\"2 minutos\" \/>\n<script type=\"application\/ld+json\" class=\"yoast-schema-graph\">{\"@context\":\"https:\\\/\\\/schema.org\",\"@graph\":[{\"@type\":\"WebPage\",\"@id\":\"https:\\\/\\\/rosemvd.com\\\/index.php\\\/producto\\\/limpiador-rostro-espatula\\\/\",\"url\":\"https:\\\/\\\/rosemvd.com\\\/index.php\\\/producto\\\/limpiador-rostro-espatula\\\/\",\"name\":\"Limpiador Rostro Esp\u00e1tula - ROSE MVD\",\"isPartOf\":{\"@id\":\"https:\\\/\\\/rosemvd.com\\\/#website\"},\"primaryImageOfPage\":{\"@id\":\"https:\\\/\\\/rosemvd.com\\\/index.php\\\/producto\\\/limpiador-rostro-espatula\\\/#primaryimage\"},\"image\":{\"@id\":\"https:\\\/\\\/rosemvd.com\\\/index.php\\\/producto\\\/limpiador-rostro-espatula\\\/#primaryimage\"},\"thumbnailUrl\":\"https:\\\/\\\/rosemvd.com\\\/wp-content\\\/uploads\\\/2024\\\/07\\\/D_NQ_NP_822504-MLU77818890187_072024-O.webp\",\"datePublished\":\"2024-07-24T15:15:43+00:00\",\"dateModified\":\"2026-04-21T18:58:27+00:00\",\"description\":\"Limpiador Rostro Esp\u00e1tula, limpieza de modo profundo para abrir los poros, eliminar la suciedad y las impurezas, y mejorarla eliminaci\u00f3n de c\u00e9lulas an\u00f3malas y envejecimiento\",\"breadcrumb\":{\"@id\":\"https:\\\/\\\/rosemvd.com\\\/index.php\\\/producto\\\/limpiador-rostro-espatula\\\/#breadcrumb\"},\"inLanguage\":\"es\",\"potentialAction\":[{\"@type\":\"ReadAction\",\"target\":[\"https:\\\/\\\/rosemvd.com\\\/index.php\\\/producto\\\/limpiador-rostro-espatula\\\/\"]}]},{\"@type\":\"ImageObject\",\"inLanguage\":\"es\",\"@id\":\"https:\\\/\\\/rosemvd.com\\\/index.php\\\/producto\\\/limpiador-rostro-espatula\\\/#primaryimage\",\"url\":\"https:\\\/\\\/rosemvd.com\\\/wp-content\\\/uploads\\\/2024\\\/07\\\/D_NQ_NP_822504-MLU77818890187_072024-O.webp\",\"contentUrl\":\"https:\\\/\\\/rosemvd.com\\\/wp-content\\\/uploads\\\/2024\\\/07\\\/D_NQ_NP_822504-MLU77818890187_072024-O.webp\",\"width\":470,\"height\":500},{\"@type\":\"BreadcrumbList\",\"@id\":\"https:\\\/\\\/rosemvd.com\\\/index.php\\\/producto\\\/limpiador-rostro-espatula\\\/#breadcrumb\",\"itemListElement\":[{\"@type\":\"ListItem\",\"position\":1,\"name\":\"Portada\",\"item\":\"https:\\\/\\\/rosemvd.com\\\/\"},{\"@type\":\"ListItem\",\"position\":2,\"name\":\"Tienda\",\"item\":\"https:\\\/\\\/rosemvd.com\\\/index.php\\\/tienda\\\/\"},{\"@type\":\"ListItem\",\"position\":3,\"name\":\"Limpiador Rostro Esp\u00e1tula\"}]},{\"@type\":\"WebSite\",\"@id\":\"https:\\\/\\\/rosemvd.com\\\/#website\",\"url\":\"https:\\\/\\\/rosemvd.com\\\/\",\"name\":\"ROSE MVD\",\"description\":\"Todo lo que buscas lo pod\u00e9s encontrar en rose mvd, especializados en traer todas las cosas nuevas en tendencia y accesorios diferentes y \u00fanicos.\",\"publisher\":{\"@id\":\"https:\\\/\\\/rosemvd.com\\\/#organization\"},\"potentialAction\":[{\"@type\":\"SearchAction\",\"target\":{\"@type\":\"EntryPoint\",\"urlTemplate\":\"https:\\\/\\\/rosemvd.com\\\/?s={search_term_string}\"},\"query-input\":{\"@type\":\"PropertyValueSpecification\",\"valueRequired\":true,\"valueName\":\"search_term_string\"}}],\"inLanguage\":\"es\"},{\"@type\":\"Organization\",\"@id\":\"https:\\\/\\\/rosemvd.com\\\/#organization\",\"name\":\"ROSE MVD\",\"alternateName\":\"ROSE MVD\",\"url\":\"https:\\\/\\\/rosemvd.com\\\/\",\"logo\":{\"@type\":\"ImageObject\",\"inLanguage\":\"es\",\"@id\":\"https:\\\/\\\/rosemvd.com\\\/#\\\/schema\\\/logo\\\/image\\\/\",\"url\":\"https:\\\/\\\/rosemvd.com\\\/wp-content\\\/uploads\\\/2023\\\/03\\\/Sin-titulo-2_Mesa-de-trabajo-1.png\",\"contentUrl\":\"https:\\\/\\\/rosemvd.com\\\/wp-content\\\/uploads\\\/2023\\\/03\\\/Sin-titulo-2_Mesa-de-trabajo-1.png\",\"width\":2084,\"height\":2084,\"caption\":\"ROSE MVD\"},\"image\":{\"@id\":\"https:\\\/\\\/rosemvd.com\\\/#\\\/schema\\\/logo\\\/image\\\/\"},\"sameAs\":[\"https:\\\/\\\/www.facebook.com\\\/TiendaRoseMvd\",\"https:\\\/\\\/www.instagram.com\\\/rose.mvd\"]}]}<\/script>\n<!-- \/ Yoast SEO plugin. -->","yoast_head_json":{"title":"Limpiador Rostro Esp\u00e1tula - ROSE MVD","description":"Limpiador Rostro Esp\u00e1tula, limpieza de modo profundo para abrir los poros, eliminar la suciedad y las impurezas, y mejorarla eliminaci\u00f3n de c\u00e9lulas an\u00f3malas y envejecimiento","robots":{"index":"index","follow":"follow","max-snippet":"max-snippet:-1","max-image-preview":"max-image-preview:large","max-video-preview":"max-video-preview:-1"},"canonical":"https:\/\/rosemvd.com\/index.php\/producto\/limpiador-rostro-espatula\/","og_locale":"es_ES","og_type":"article","og_title":"Limpiador Rostro Esp\u00e1tula - ROSE MVD","og_description":"Limpiador Rostro Esp\u00e1tula, limpieza de modo profundo para abrir los poros, eliminar la suciedad y las impurezas, y mejorarla eliminaci\u00f3n de c\u00e9lulas an\u00f3malas y envejecimiento","og_url":"https:\/\/rosemvd.com\/index.php\/producto\/limpiador-rostro-espatula\/","og_site_name":"ROSE MVD","article_publisher":"https:\/\/www.facebook.com\/TiendaRoseMvd","article_modified_time":"2026-04-21T18:58:27+00:00","og_image":[{"width":470,"height":500,"url":"https:\/\/rosemvd.com\/wp-content\/uploads\/2024\/07\/D_NQ_NP_822504-MLU77818890187_072024-O.webp","type":"image\/webp"}],"twitter_card":"summary_large_image","twitter_misc":{"Tiempo de lectura":"2 minutos"},"schema":{"@context":"https:\/\/schema.org","@graph":[{"@type":"WebPage","@id":"https:\/\/rosemvd.com\/index.php\/producto\/limpiador-rostro-espatula\/","url":"https:\/\/rosemvd.com\/index.php\/producto\/limpiador-rostro-espatula\/","name":"Limpiador Rostro Esp\u00e1tula - ROSE MVD","isPartOf":{"@id":"https:\/\/rosemvd.com\/#website"},"primaryImageOfPage":{"@id":"https:\/\/rosemvd.com\/index.php\/producto\/limpiador-rostro-espatula\/#primaryimage"},"image":{"@id":"https:\/\/rosemvd.com\/index.php\/producto\/limpiador-rostro-espatula\/#primaryimage"},"thumbnailUrl":"https:\/\/rosemvd.com\/wp-content\/uploads\/2024\/07\/D_NQ_NP_822504-MLU77818890187_072024-O.webp","datePublished":"2024-07-24T15:15:43+00:00","dateModified":"2026-04-21T18:58:27+00:00","description":"Limpiador Rostro Esp\u00e1tula, limpieza de modo profundo para abrir los poros, eliminar la suciedad y las impurezas, y mejorarla eliminaci\u00f3n de c\u00e9lulas an\u00f3malas y envejecimiento","breadcrumb":{"@id":"https:\/\/rosemvd.com\/index.php\/producto\/limpiador-rostro-espatula\/#breadcrumb"},"inLanguage":"es","potentialAction":[{"@type":"ReadAction","target":["https:\/\/rosemvd.com\/index.php\/producto\/limpiador-rostro-espatula\/"]}]},{"@type":"ImageObject","inLanguage":"es","@id":"https:\/\/rosemvd.com\/index.php\/producto\/limpiador-rostro-espatula\/#primaryimage","url":"https:\/\/rosemvd.com\/wp-content\/uploads\/2024\/07\/D_NQ_NP_822504-MLU77818890187_072024-O.webp","contentUrl":"https:\/\/rosemvd.com\/wp-content\/uploads\/2024\/07\/D_NQ_NP_822504-MLU77818890187_072024-O.webp","width":470,"height":500},{"@type":"BreadcrumbList","@id":"https:\/\/rosemvd.com\/index.php\/producto\/limpiador-rostro-espatula\/#breadcrumb","itemListElement":[{"@type":"ListItem","position":1,"name":"Portada","item":"https:\/\/rosemvd.com\/"},{"@type":"ListItem","position":2,"name":"Tienda","item":"https:\/\/rosemvd.com\/index.php\/tienda\/"},{"@type":"ListItem","position":3,"name":"Limpiador Rostro Esp\u00e1tula"}]},{"@type":"WebSite","@id":"https:\/\/rosemvd.com\/#website","url":"https:\/\/rosemvd.com\/","name":"ROSE MVD","description":"Todo lo que buscas lo pod\u00e9s encontrar en rose mvd, especializados en traer todas las cosas nuevas en tendencia y accesorios diferentes y \u00fanicos.","publisher":{"@id":"https:\/\/rosemvd.com\/#organization"},"potentialAction":[{"@type":"SearchAction","target":{"@type":"EntryPoint","urlTemplate":"https:\/\/rosemvd.com\/?s={search_term_string}"},"query-input":{"@type":"PropertyValueSpecification","valueRequired":true,"valueName":"search_term_string"}}],"inLanguage":"es"},{"@type":"Organization","@id":"https:\/\/rosemvd.com\/#organization","name":"ROSE MVD","alternateName":"ROSE MVD","url":"https:\/\/rosemvd.com\/","logo":{"@type":"ImageObject","inLanguage":"es","@id":"https:\/\/rosemvd.com\/#\/schema\/logo\/image\/","url":"https:\/\/rosemvd.com\/wp-content\/uploads\/2023\/03\/Sin-titulo-2_Mesa-de-trabajo-1.png","contentUrl":"https:\/\/rosemvd.com\/wp-content\/uploads\/2023\/03\/Sin-titulo-2_Mesa-de-trabajo-1.png","width":2084,"height":2084,"caption":"ROSE MVD"},"image":{"@id":"https:\/\/rosemvd.com\/#\/schema\/logo\/image\/"},"sameAs":["https:\/\/www.facebook.com\/TiendaRoseMvd","https:\/\/www.instagram.com\/rose.mvd"]}]}},"_links":{"self":[{"href":"https:\/\/rosemvd.com\/index.php\/wp-json\/wp\/v2\/product\/10232","targetHints":{"allow":["GET"]}}],"collection":[{"href":"https:\/\/rosemvd.com\/index.php\/wp-json\/wp\/v2\/product"}],"about":[{"href":"https:\/\/rosemvd.com\/index.php\/wp-json\/wp\/v2\/types\/product"}],"wp:featuredmedia":[{"embeddable":true,"href":"https:\/\/rosemvd.com\/index.php\/wp-json\/wp\/v2\/media\/10238"}],"wp:attachment":[{"href":"https:\/\/rosemvd.com\/index.php\/wp-json\/wp\/v2\/media?parent=10232"}],"wp:term":[{"taxonomy":"product_brand","embeddable":true,"href":"https:\/\/rosemvd.com\/index.php\/wp-json\/wp\/v2\/product_brand?post=10232"},{"taxonomy":"product_cat","embeddable":true,"href":"https:\/\/rosemvd.com\/index.php\/wp-json\/wp\/v2\/product_cat?post=10232"},{"taxonomy":"product_tag","embeddable":true,"href":"https:\/\/rosemvd.com\/index.php\/wp-json\/wp\/v2\/product_tag?post=10232"}],"curies":[{"name":"wp","href":"https:\/\/api.w.org\/{rel}","templated":true}]}}