{"id":10223,"date":"2024-08-28T17:05:51","date_gmt":"2024-08-28T20:05:51","guid":{"rendered":"https:\/\/rosemvd.com\/?post_type=product&#038;p=10223"},"modified":"2026-04-28T10:55:01","modified_gmt":"2026-04-28T13:55:01","slug":"masajeador-reductor-facial","status":"publish","type":"product","link":"https:\/\/rosemvd.com\/index.php\/producto\/masajeador-reductor-facial\/","title":{"rendered":"Masajeador Reductor Facial"},"content":{"rendered":"<p>Dispositivo de belleza para la cara del cuello, terapia de fotones LED de 3 colores, masajeador facial de estiramiento del cuello, ajuste de la piel, elimina las arrugas, herramientas para el cuidado de la piel de doble ment\u00f3n<\/p>\n<p><strong>Caracter\u00edsticas:<\/strong><br \/>\n<strong>1. Iones positivos y negativos: U<\/strong>tilizar el principio de la absorci\u00f3n de iones positivos y negativos para eliminar la suciedad en los poros profundos y limpiarlos a fondo; a trav\u00e9s de la iontoforesis, los ingredientes de belleza penetran en la piel.<\/p>\n<p><strong>2. Vibraci\u00f3n:<\/strong> Use vibraci\u00f3n mec\u00e1nica y estimulaci\u00f3n de voltaje para tensar la piel, aumentar la elasticidad y aumentar el metabolismo.<\/p>\n<p><strong>3. C\u00e1lido:<\/strong> El masaje c\u00e1lido Promueve la absorci\u00f3n, de modo que las arrugas y se pueden estirar la piel se llenar\u00e1.<\/p>\n<p><strong>4. Luz roja:<\/strong> Puede estimular eficazmente la piel, revitalizar el col\u00e1geno, mejorar la piel oscura y reducir las l\u00edneas finas y las arrugas.<\/p>\n<p><strong>5. Luz azul:<\/strong> Puede mejorar eficazmente los problemas de la piel, reducir el acn\u00e9 y las espinillas y ayudar a matar las bacterias. El uso a largo plazo puede rejuvenecer la piel y llevar a una piel saludable.<\/p>\n<p><strong>6. Luz verde:<\/strong> Puede promover la microcirculaci\u00f3n de la superficie del cuerpo, dragar La linfa y drenar la hinchaz\u00f3n.<\/p>\n<p><strong>Funciones:<\/strong><br \/>\nLevantamiento de la piel del cuello; Eliminaci\u00f3n de arrugas faciales y del cuello; Limpieza DE LA PIEL; Hidrataci\u00f3n DE LA PIEL; Brillo DE LA PIEL; Reducci\u00f3n de poros<\/p>\n<p><strong>C\u00f3mo se usa<\/strong><br \/>\n1. Aplicar el producto para el cuidado de la piel en el cuello<br \/>\n2. Seleccione el engranaje de velocidad lenta, mantenga la cabeza de masaje levantando la frente desde abajo<br \/>\n3. Contin\u00fae eligiendo el engranaje de velocidad lenta, mantenga la cabeza de masaje levantando el cuello trasero en la direcci\u00f3n de abajo hacia arriba.<br \/>\n4. De acuerdo con su necesidad personal, elija el modo de engranaje de velocidad media o alta para levantar el cuello en la direcci\u00f3n de abajo hacia arriba.<\/p>\n","protected":false},"excerpt":{"rendered":"<p>Dispositivo de belleza para la cara del cuello, terapia de fotones LED de 3 colores, masajeador facial de estiramiento del cuello, ajuste de la piel, elimina las arrugas, herramientas para el cuidado de la piel de doble ment\u00f3n Caracter\u00edsticas: 1. Iones positivos y negativos: Utilizar el principio de la absorci\u00f3n de iones positivos y negativos [&hellip;]<\/p>\n","protected":false},"featured_media":10231,"template":"","meta":{"site-sidebar-layout":"default","site-content-layout":"","ast-site-content-layout":"default","site-content-style":"default","site-sidebar-style":"default","ast-global-header-display":"","ast-banner-title-visibility":"","ast-main-header-display":"","ast-hfb-above-header-display":"","ast-hfb-below-header-display":"","ast-hfb-mobile-header-display":"","site-post-title":"","ast-breadcrumbs-content":"","ast-featured-img":"","footer-sml-layout":"","ast-disable-related-posts":"","theme-transparent-header-meta":"default","adv-header-id-meta":"","stick-header-meta":"","header-above-stick-meta":"","header-main-stick-meta":"","header-below-stick-meta":"","astra-migrate-meta-layouts":"set","ast-page-background-enabled":"default","ast-page-background-meta":{"desktop":{"background-color":"var(--ast-global-color-4)","background-image":"","background-repeat":"repeat","background-position":"center center","background-size":"auto","background-attachment":"scroll","background-type":"","background-media":"","overlay-type":"","overlay-color":"","overlay-opacity":"","overlay-gradient":""},"tablet":{"background-color":"","background-image":"","background-repeat":"repeat","background-position":"center center","background-size":"auto","background-attachment":"scroll","background-type":"","background-media":"","overlay-type":"","overlay-color":"","overlay-opacity":"","overlay-gradient":""},"mobile":{"background-color":"","background-image":"","background-repeat":"repeat","background-position":"center center","background-size":"auto","background-attachment":"scroll","background-type":"","background-media":"","overlay-type":"","overlay-color":"","overlay-opacity":"","overlay-gradient":""}},"ast-content-background-meta":{"desktop":{"background-color":"var(--ast-global-color-5)","background-image":"","background-repeat":"repeat","background-position":"center center","background-size":"auto","background-attachment":"scroll","background-type":"","background-media":"","overlay-type":"","overlay-color":"","overlay-opacity":"","overlay-gradient":""},"tablet":{"background-color":"var(--ast-global-color-5)","background-image":"","background-repeat":"repeat","background-position":"center center","background-size":"auto","background-attachment":"scroll","background-type":"","background-media":"","overlay-type":"","overlay-color":"","overlay-opacity":"","overlay-gradient":""},"mobile":{"background-color":"var(--ast-global-color-5)","background-image":"","background-repeat":"repeat","background-position":"center center","background-size":"auto","background-attachment":"scroll","background-type":"","background-media":"","overlay-type":"","overlay-color":"","overlay-opacity":"","overlay-gradient":""}}},"product_brand":[],"product_cat":[17,464],"product_tag":[],"class_list":{"0":"post-10223","1":"product","2":"type-product","3":"status-publish","4":"has-post-thumbnail","6":"product_cat-belleza","7":"product_cat-cuidado-rostro","8":"desktop-align-left","9":"tablet-align-left","10":"mobile-align-left","12":"first","13":"instock","14":"shipping-taxable","15":"purchasable","16":"product-type-simple"},"yoast_head":"<!-- This site is optimized with the Yoast SEO plugin v27.3 - https:\/\/yoast.com\/product\/yoast-seo-wordpress\/ -->\n<title>Masajeador Reductor Facial - ROSE MVD<\/title>\n<meta name=\"description\" content=\"Masajeador Reductor Facial, Dispositivo de belleza, terapia de fotones LED de 3 colores, masajeador facial de estiramiento del cuello, ajuste de la piel, elimina las arrugas\" \/>\n<meta name=\"robots\" content=\"index, follow, max-snippet:-1, max-image-preview:large, max-video-preview:-1\" \/>\n<link rel=\"canonical\" href=\"https:\/\/rosemvd.com\/index.php\/producto\/masajeador-reductor-facial\/\" \/>\n<meta property=\"og:locale\" content=\"es_ES\" \/>\n<meta property=\"og:type\" content=\"article\" \/>\n<meta property=\"og:title\" content=\"Masajeador Reductor Facial - ROSE MVD\" \/>\n<meta property=\"og:description\" content=\"Masajeador Reductor Facial, Dispositivo de belleza, terapia de fotones LED de 3 colores, masajeador facial de estiramiento del cuello, ajuste de la piel, elimina las arrugas\" \/>\n<meta property=\"og:url\" content=\"https:\/\/rosemvd.com\/index.php\/producto\/masajeador-reductor-facial\/\" \/>\n<meta property=\"og:site_name\" content=\"ROSE MVD\" \/>\n<meta property=\"article:publisher\" content=\"https:\/\/www.facebook.com\/TiendaRoseMvd\" \/>\n<meta property=\"article:modified_time\" content=\"2026-04-28T13:55:01+00:00\" \/>\n<meta property=\"og:image\" content=\"https:\/\/rosemvd.com\/wp-content\/uploads\/2024\/07\/D_NQ_NP_985787-MLU77519466578_072024-O.webp\" \/>\n\t<meta property=\"og:image:width\" content=\"500\" \/>\n\t<meta property=\"og:image:height\" content=\"482\" \/>\n\t<meta property=\"og:image:type\" content=\"image\/webp\" \/>\n<meta name=\"twitter:card\" content=\"summary_large_image\" \/>\n<meta name=\"twitter:label1\" content=\"Tiempo de lectura\" \/>\n\t<meta name=\"twitter:data1\" content=\"2 minutos\" \/>\n<script type=\"application\/ld+json\" class=\"yoast-schema-graph\">{\"@context\":\"https:\\\/\\\/schema.org\",\"@graph\":[{\"@type\":\"WebPage\",\"@id\":\"https:\\\/\\\/rosemvd.com\\\/index.php\\\/producto\\\/masajeador-reductor-facial\\\/\",\"url\":\"https:\\\/\\\/rosemvd.com\\\/index.php\\\/producto\\\/masajeador-reductor-facial\\\/\",\"name\":\"Masajeador Reductor Facial - ROSE MVD\",\"isPartOf\":{\"@id\":\"https:\\\/\\\/rosemvd.com\\\/#website\"},\"primaryImageOfPage\":{\"@id\":\"https:\\\/\\\/rosemvd.com\\\/index.php\\\/producto\\\/masajeador-reductor-facial\\\/#primaryimage\"},\"image\":{\"@id\":\"https:\\\/\\\/rosemvd.com\\\/index.php\\\/producto\\\/masajeador-reductor-facial\\\/#primaryimage\"},\"thumbnailUrl\":\"https:\\\/\\\/rosemvd.com\\\/wp-content\\\/uploads\\\/2024\\\/07\\\/D_NQ_NP_985787-MLU77519466578_072024-O.webp\",\"datePublished\":\"2024-08-28T20:05:51+00:00\",\"dateModified\":\"2026-04-28T13:55:01+00:00\",\"description\":\"Masajeador Reductor Facial, Dispositivo de belleza, terapia de fotones LED de 3 colores, masajeador facial de estiramiento del cuello, ajuste de la piel, elimina las arrugas\",\"breadcrumb\":{\"@id\":\"https:\\\/\\\/rosemvd.com\\\/index.php\\\/producto\\\/masajeador-reductor-facial\\\/#breadcrumb\"},\"inLanguage\":\"es\",\"potentialAction\":[{\"@type\":\"ReadAction\",\"target\":[\"https:\\\/\\\/rosemvd.com\\\/index.php\\\/producto\\\/masajeador-reductor-facial\\\/\"]}]},{\"@type\":\"ImageObject\",\"inLanguage\":\"es\",\"@id\":\"https:\\\/\\\/rosemvd.com\\\/index.php\\\/producto\\\/masajeador-reductor-facial\\\/#primaryimage\",\"url\":\"https:\\\/\\\/rosemvd.com\\\/wp-content\\\/uploads\\\/2024\\\/07\\\/D_NQ_NP_985787-MLU77519466578_072024-O.webp\",\"contentUrl\":\"https:\\\/\\\/rosemvd.com\\\/wp-content\\\/uploads\\\/2024\\\/07\\\/D_NQ_NP_985787-MLU77519466578_072024-O.webp\",\"width\":500,\"height\":482},{\"@type\":\"BreadcrumbList\",\"@id\":\"https:\\\/\\\/rosemvd.com\\\/index.php\\\/producto\\\/masajeador-reductor-facial\\\/#breadcrumb\",\"itemListElement\":[{\"@type\":\"ListItem\",\"position\":1,\"name\":\"Portada\",\"item\":\"https:\\\/\\\/rosemvd.com\\\/\"},{\"@type\":\"ListItem\",\"position\":2,\"name\":\"Tienda\",\"item\":\"https:\\\/\\\/rosemvd.com\\\/index.php\\\/tienda\\\/\"},{\"@type\":\"ListItem\",\"position\":3,\"name\":\"Masajeador Reductor Facial\"}]},{\"@type\":\"WebSite\",\"@id\":\"https:\\\/\\\/rosemvd.com\\\/#website\",\"url\":\"https:\\\/\\\/rosemvd.com\\\/\",\"name\":\"ROSE MVD\",\"description\":\"Todo lo que no sab\u00edas que necesitabas, lo \u00faltimo en tendencia, utilidad e innovaci\u00f3n\",\"publisher\":{\"@id\":\"https:\\\/\\\/rosemvd.com\\\/#organization\"},\"potentialAction\":[{\"@type\":\"SearchAction\",\"target\":{\"@type\":\"EntryPoint\",\"urlTemplate\":\"https:\\\/\\\/rosemvd.com\\\/?s={search_term_string}\"},\"query-input\":{\"@type\":\"PropertyValueSpecification\",\"valueRequired\":true,\"valueName\":\"search_term_string\"}}],\"inLanguage\":\"es\"},{\"@type\":\"Organization\",\"@id\":\"https:\\\/\\\/rosemvd.com\\\/#organization\",\"name\":\"ROSE MVD\",\"alternateName\":\"ROSE MVD\",\"url\":\"https:\\\/\\\/rosemvd.com\\\/\",\"logo\":{\"@type\":\"ImageObject\",\"inLanguage\":\"es\",\"@id\":\"https:\\\/\\\/rosemvd.com\\\/#\\\/schema\\\/logo\\\/image\\\/\",\"url\":\"https:\\\/\\\/rosemvd.com\\\/wp-content\\\/uploads\\\/2023\\\/03\\\/Sin-titulo-2_Mesa-de-trabajo-1.png\",\"contentUrl\":\"https:\\\/\\\/rosemvd.com\\\/wp-content\\\/uploads\\\/2023\\\/03\\\/Sin-titulo-2_Mesa-de-trabajo-1.png\",\"width\":2084,\"height\":2084,\"caption\":\"ROSE MVD\"},\"image\":{\"@id\":\"https:\\\/\\\/rosemvd.com\\\/#\\\/schema\\\/logo\\\/image\\\/\"},\"sameAs\":[\"https:\\\/\\\/www.facebook.com\\\/TiendaRoseMvd\",\"https:\\\/\\\/www.instagram.com\\\/rose.mvd\"]}]}<\/script>\n<!-- \/ Yoast SEO plugin. -->","yoast_head_json":{"title":"Masajeador Reductor Facial - ROSE MVD","description":"Masajeador Reductor Facial, Dispositivo de belleza, terapia de fotones LED de 3 colores, masajeador facial de estiramiento del cuello, ajuste de la piel, elimina las arrugas","robots":{"index":"index","follow":"follow","max-snippet":"max-snippet:-1","max-image-preview":"max-image-preview:large","max-video-preview":"max-video-preview:-1"},"canonical":"https:\/\/rosemvd.com\/index.php\/producto\/masajeador-reductor-facial\/","og_locale":"es_ES","og_type":"article","og_title":"Masajeador Reductor Facial - ROSE MVD","og_description":"Masajeador Reductor Facial, Dispositivo de belleza, terapia de fotones LED de 3 colores, masajeador facial de estiramiento del cuello, ajuste de la piel, elimina las arrugas","og_url":"https:\/\/rosemvd.com\/index.php\/producto\/masajeador-reductor-facial\/","og_site_name":"ROSE MVD","article_publisher":"https:\/\/www.facebook.com\/TiendaRoseMvd","article_modified_time":"2026-04-28T13:55:01+00:00","og_image":[{"width":500,"height":482,"url":"https:\/\/rosemvd.com\/wp-content\/uploads\/2024\/07\/D_NQ_NP_985787-MLU77519466578_072024-O.webp","type":"image\/webp"}],"twitter_card":"summary_large_image","twitter_misc":{"Tiempo de lectura":"2 minutos"},"schema":{"@context":"https:\/\/schema.org","@graph":[{"@type":"WebPage","@id":"https:\/\/rosemvd.com\/index.php\/producto\/masajeador-reductor-facial\/","url":"https:\/\/rosemvd.com\/index.php\/producto\/masajeador-reductor-facial\/","name":"Masajeador Reductor Facial - ROSE MVD","isPartOf":{"@id":"https:\/\/rosemvd.com\/#website"},"primaryImageOfPage":{"@id":"https:\/\/rosemvd.com\/index.php\/producto\/masajeador-reductor-facial\/#primaryimage"},"image":{"@id":"https:\/\/rosemvd.com\/index.php\/producto\/masajeador-reductor-facial\/#primaryimage"},"thumbnailUrl":"https:\/\/rosemvd.com\/wp-content\/uploads\/2024\/07\/D_NQ_NP_985787-MLU77519466578_072024-O.webp","datePublished":"2024-08-28T20:05:51+00:00","dateModified":"2026-04-28T13:55:01+00:00","description":"Masajeador Reductor Facial, Dispositivo de belleza, terapia de fotones LED de 3 colores, masajeador facial de estiramiento del cuello, ajuste de la piel, elimina las arrugas","breadcrumb":{"@id":"https:\/\/rosemvd.com\/index.php\/producto\/masajeador-reductor-facial\/#breadcrumb"},"inLanguage":"es","potentialAction":[{"@type":"ReadAction","target":["https:\/\/rosemvd.com\/index.php\/producto\/masajeador-reductor-facial\/"]}]},{"@type":"ImageObject","inLanguage":"es","@id":"https:\/\/rosemvd.com\/index.php\/producto\/masajeador-reductor-facial\/#primaryimage","url":"https:\/\/rosemvd.com\/wp-content\/uploads\/2024\/07\/D_NQ_NP_985787-MLU77519466578_072024-O.webp","contentUrl":"https:\/\/rosemvd.com\/wp-content\/uploads\/2024\/07\/D_NQ_NP_985787-MLU77519466578_072024-O.webp","width":500,"height":482},{"@type":"BreadcrumbList","@id":"https:\/\/rosemvd.com\/index.php\/producto\/masajeador-reductor-facial\/#breadcrumb","itemListElement":[{"@type":"ListItem","position":1,"name":"Portada","item":"https:\/\/rosemvd.com\/"},{"@type":"ListItem","position":2,"name":"Tienda","item":"https:\/\/rosemvd.com\/index.php\/tienda\/"},{"@type":"ListItem","position":3,"name":"Masajeador Reductor Facial"}]},{"@type":"WebSite","@id":"https:\/\/rosemvd.com\/#website","url":"https:\/\/rosemvd.com\/","name":"ROSE MVD","description":"Todo lo que no sab\u00edas que necesitabas, lo \u00faltimo en tendencia, utilidad e innovaci\u00f3n","publisher":{"@id":"https:\/\/rosemvd.com\/#organization"},"potentialAction":[{"@type":"SearchAction","target":{"@type":"EntryPoint","urlTemplate":"https:\/\/rosemvd.com\/?s={search_term_string}"},"query-input":{"@type":"PropertyValueSpecification","valueRequired":true,"valueName":"search_term_string"}}],"inLanguage":"es"},{"@type":"Organization","@id":"https:\/\/rosemvd.com\/#organization","name":"ROSE MVD","alternateName":"ROSE MVD","url":"https:\/\/rosemvd.com\/","logo":{"@type":"ImageObject","inLanguage":"es","@id":"https:\/\/rosemvd.com\/#\/schema\/logo\/image\/","url":"https:\/\/rosemvd.com\/wp-content\/uploads\/2023\/03\/Sin-titulo-2_Mesa-de-trabajo-1.png","contentUrl":"https:\/\/rosemvd.com\/wp-content\/uploads\/2023\/03\/Sin-titulo-2_Mesa-de-trabajo-1.png","width":2084,"height":2084,"caption":"ROSE MVD"},"image":{"@id":"https:\/\/rosemvd.com\/#\/schema\/logo\/image\/"},"sameAs":["https:\/\/www.facebook.com\/TiendaRoseMvd","https:\/\/www.instagram.com\/rose.mvd"]}]}},"_links":{"self":[{"href":"https:\/\/rosemvd.com\/index.php\/wp-json\/wp\/v2\/product\/10223","targetHints":{"allow":["GET"]}}],"collection":[{"href":"https:\/\/rosemvd.com\/index.php\/wp-json\/wp\/v2\/product"}],"about":[{"href":"https:\/\/rosemvd.com\/index.php\/wp-json\/wp\/v2\/types\/product"}],"wp:featuredmedia":[{"embeddable":true,"href":"https:\/\/rosemvd.com\/index.php\/wp-json\/wp\/v2\/media\/10231"}],"wp:attachment":[{"href":"https:\/\/rosemvd.com\/index.php\/wp-json\/wp\/v2\/media?parent=10223"}],"wp:term":[{"taxonomy":"product_brand","embeddable":true,"href":"https:\/\/rosemvd.com\/index.php\/wp-json\/wp\/v2\/product_brand?post=10223"},{"taxonomy":"product_cat","embeddable":true,"href":"https:\/\/rosemvd.com\/index.php\/wp-json\/wp\/v2\/product_cat?post=10223"},{"taxonomy":"product_tag","embeddable":true,"href":"https:\/\/rosemvd.com\/index.php\/wp-json\/wp\/v2\/product_tag?post=10223"}],"curies":[{"name":"wp","href":"https:\/\/api.w.org\/{rel}","templated":true}]}}